{"id":20,"date":"2026-03-17T07:51:26","date_gmt":"2026-03-17T05:51:26","guid":{"rendered":"https:\/\/hankkeet.karelia.fi\/akkuvarastojen-mahdollisuudet-pohjois-karjalassa\/akkuvarastojen-mahdollisuudet-pohjois-karjalassa\/"},"modified":"2026-04-02T15:28:17","modified_gmt":"2026-04-02T12:28:17","slug":"akkuvarastojen-mahdollisuudet-pohjois-karjalassa","status":"publish","type":"page","link":"https:\/\/hankkeet.karelia.fi\/akkue\/","title":{"rendered":"Akkuvarastojen mahdollisuudet Pohjois-Karjalassa"},"content":{"rendered":"\n<figure class=\"wp-block-image size-full is-resized\"><img decoding=\"async\" src=\"https:\/\/hankkeet.karelia.fi\/akkuvarastojen-mahdollisuudet-pohjois-karjalassa\/wp-content\/uploads\/sites\/8\/2026\/03\/akkue_palkki.jpg\" alt class=\"wp-image-90639\" style=\"width:825px;height:auto\"><\/figure>\n\n\n\n<p>Akku\u00advaras\u00adto\u00adjen mah\u00addol\u00adlisu\u00adudet Pohjois- Kar\u00adjalas\u00adsa \u2013 AKKUe on kak\u00adsio\u00adsainen<br>han\u00adkekokon\u00adaisu\u00adus, joka koos\u00adt\u00aduu investoin\u00adti\u00adhankkeesta ja kehit\u00adt\u00e4mis\u00adhankkeesta. N\u00e4i\u00adden<br>han\u00adkkei\u00adden tavoit\u00adteena on edis\u00adt\u00e4\u00e4 akku\u00advaras\u00adto\u00adjen hy\u00f6\u00addyn\u00adt\u00e4mist\u00e4 osana uusi\u00adu\u00adtu\u00advan ener\u00adgian<br>tuotan\u00adtoa, ener\u00adgiay\u00adhteis\u00f6j\u00e4 ja s\u00e4hk\u00f6\u00admarkki\u00adnoi\u00adta sek\u00e4 vahvis\u00adtaa alueel\u00adlista s\u00e4hk\u00f6verkon<br>vakaut\u00adta ja huolto\u00advar\u00admuut\u00adta.<\/p>\n\n\n\n<p>Investoin\u00adti\u00adhankkeessa toteutetaan kolme akku\u00advaras\u00adtoa julk\u00adisi\u00adin kohteisi\u00adin julk\u00adisten raken\u00adnusten<br>yhtey\u00adteen sek\u00e4 raken\u00adnetaan tes\u00adtialus\u00adta ja inno\u00advaa\u00adtioym\u00adp\u00e4rist\u00f6, joka mah\u00addol\u00adlis\u00adtaa uusien<br>akku\u00advaras\u00adtote\u00adknolo\u00adgioiden ja liike\u00adtoim\u00adinta\u00admallien kehit\u00adt\u00e4misen. N\u00e4m\u00e4 investoin\u00adnit tar\u00adjoa\u00advat<br>konkreet\u00adtisia kohtei\u00adta, jois\u00adsa voidaan tes\u00adta\u00adta ja arvioi\u00adda akku\u00advaras\u00adto\u00adjen toim\u00adintaa osana<br>ener\u00adgiay\u00adhteis\u00f6j\u00e4 ja s\u00e4hk\u00f6verkkoa. Konkreet\u00adtisi\u00adna pilo\u00adtoin\u00adtiko\u00adhteina akku\u00advaras\u00adtot tar\u00adjoa\u00advat<br>mah\u00addol\u00adlisu\u00adu\u00adden arvioi\u00adda niiden suori\u00adtuskyky\u00e4 ja hy\u00f6\u00addyn\u00adt\u00e4mis\u00adpo\u00adten\u00adti\u00adaalia eri\u00adlai\u00adsis\u00adsa<br>k\u00e4yt\u00adt\u00f6\u00adta\u00adpauk\u00adsis\u00adsa.<\/p>\n\n\n\n<p>Kehit\u00adt\u00e4mis\u00adhankkeessa analysoidaan investoin\u00adtien tuot\u00adta\u00admaa dataa ja kehitet\u00e4\u00e4n<br>opti\u00admoin\u00adti\u00admalle\u00adja, liike\u00adtoim\u00adintakon\u00adsepte\u00adja ja kau\u00adpal\u00adlisia ratkaisu\u00adja, joil\u00adla akku\u00advaras\u00adto\u00adjen<br>k\u00e4yt\u00adt\u00f6\u00e4 voidaan laa\u00adjen\u00adtaa ja tehostaa. Han\u00adkkeessa analysoidaan investoin\u00adtien vaiku\u00adtuk\u00adsia,<br>kehitet\u00e4\u00e4n niiden opti\u00admoin\u00adtia ja mallinnetaan niiden vaiku\u00adtuk\u00adsia s\u00e4hk\u00f6verkon kuor\u00admi\u00adtuk\u00adseen,<br>ener\u00adgiatur\u00adval\u00adlisu\u00adu\u00adteen ja paikalliseen omavaraisu\u00adu\u00adteen.<\/p>\n\n\n\n<p>Han\u00adkekokon\u00adaisu\u00adus tukee Pohjois-Kar\u00adjalan alueel\u00adlisia ja kansal\u00adlisia tavoit\u00adtei\u00adta, kuten vihre\u00e4\u00e4<br>siir\u00adtym\u00e4\u00e4, pk-yri\u00adtys\u00adten kil\u00adpailukyky\u00e4 ja ener\u00adgiay\u00adhteis\u00f6\u00adjen kehit\u00adt\u00e4mist\u00e4. Se tar\u00adjoaa k\u00e4yt\u00e4n\u00adn\u00f6n<br>ratkaisu\u00adja ja mallinnuk\u00adsia, joi\u00adta voidaan hy\u00f6\u00addyn\u00adt\u00e4\u00e4 laa\u00adjasti ener\u00adgiasek\u00adto\u00adril\u00adla, kun\u00adnal\u00adlises\u00adsa<br>p\u00e4\u00e4t\u00f6k\u00adsen\u00adteossa ja yri\u00adtys\u00adten liike\u00adtoimin\u00adnan kehit\u00adt\u00e4misess\u00e4. Tulok\u00adset tar\u00adjoa\u00advat konkreet\u00adtisia<br>suosi\u00adtuk\u00adsia ener\u00adgiasek\u00adto\u00adrille, kun\u00adtap\u00e4\u00e4t\u00adt\u00e4jille ja yri\u00adtyk\u00adsille, mah\u00addol\u00adlis\u00adtaen uusien ratkaisu\u00adjen<br>k\u00e4yt\u00adt\u00f6\u00f6no\u00adton.<\/p>\n\n\n\n<h2 class=\"wp-block-heading\">Projektin kesto<\/h2>\n\n\n\n<p>1.1.2026 \u2014 31.12.2028<\/p>\n\n\n\n<h2 class=\"wp-block-heading\">Projektip\u00e4\u00e4llikk\u00f6<\/h2>\n\n\n\n<p><strong>Kim Blomqvist<\/strong><br>Kim.Blomqvist(a)karelia.fi<\/p>\n\n\n\n<h2 class=\"wp-block-heading\">Rahoitus<\/h2>\n\n\n\n<p>EAKR-ohjel\u00adma<\/p>\n\n\n\n<figure class=\"wp-block-image size-full is-resized\"><img decoding=\"async\" src=\"https:\/\/hankkeet.karelia.fi\/akkuvarastojen-mahdollisuudet-pohjois-karjalassa\/wp-content\/uploads\/sites\/8\/2026\/03\/akkue.png\" alt class=\"wp-image-90640\" style=\"width:743px;height:auto\"><\/figure>\n","protected":false},"excerpt":{"rendered":"<p>Akku\u00advaras\u00adto\u00adjen mah\u00addol\u00adlisu\u00adudet Pohjois- Kar\u00adjalas\u00adsa \u2013 AKKUe on kak\u00adsio\u00adsainenhan\u00adkekokon\u00adaisu\u00adus, joka koos\u00adt\u00aduu investoin\u00adti\u00adhankkeesta ja kehit\u00adt\u00e4mis\u00adhankkeesta. N\u00e4i\u00addenhan\u00adkkei\u00adden tavoit\u00adteena on edis\u00adt\u00e4\u00e4 akku\u00advaras\u00adto\u00adjen hy\u00f6\u00addyn\u00adt\u00e4mist\u00e4 osana uusi\u00adu\u00adtu\u00advan ener\u00adgiantuotan\u00adtoa, ener\u00adgiay\u00adhteis\u00f6j\u00e4 ja s\u00e4hk\u00f6\u00admarkki\u00adnoi\u00adta sek\u00e4 vahvis\u00adtaa alueel\u00adlista s\u00e4hk\u00f6verkonvakaut\u00adta ja huolto\u00advar\u00admuut\u00adta. Investoin\u00adti\u00adhankkeessa toteutetaan kolme akku\u00advaras\u00adtoa julk\u00adisi\u00adin kohteisi\u00adin julk\u00adisten raken\u00adnustenyhtey\u00adteen sek\u00e4 raken\u00adnetaan tes\u00adtialus\u00adta ja inno\u00advaa\u00adtioym\u00adp\u00e4rist\u00f6, joka mah\u00addol\u00adlis\u00adtaa uusienakku\u00advaras\u00adtote\u00adknolo\u00adgioiden ja liike\u00adtoim\u00adinta\u00admallien kehit\u00adt\u00e4misen. N\u00e4m\u00e4 investoin\u00adnit tar\u00adjoa\u00advatkonkreet\u00adtisia kohtei\u00adta, jois\u00adsa [\u2026]<\/p>\n","protected":false},"author":10,"featured_media":17,"parent":0,"menu_order":0,"comment_status":"closed","ping_status":"closed","template":"","meta":{"inline_featured_image":false,"wp_typography_post_enhancements_disabled":false,"footnotes":""},"class_list":["post-20","page","type-page","status-publish","has-post-thumbnail","hentry"],"yoast_head":"<!-- This site is optimized with the Yoast SEO plugin v27.5 - https:\/\/yoast.com\/product\/yoast-seo-wordpress\/ -->\n<title>Akkuvarastojen mahdollisuudet Pohjois-Karjalassa - Akkuvarastojen mahdollisuudet Pohjois-Karjalassa<\/title>\n<meta name=\"robots\" content=\"index, follow, max-snippet:-1, max-image-preview:large, max-video-preview:-1\" \/>\n<link rel=\"canonical\" href=\"https:\/\/hankkeet.karelia.fi\/akkue\/\" \/>\n<meta property=\"og:locale\" content=\"fi_FI\" \/>\n<meta property=\"og:type\" content=\"article\" \/>\n<meta property=\"og:title\" content=\"Akkuvarastojen mahdollisuudet Pohjois-Karjalassa - Akkuvarastojen mahdollisuudet Pohjois-Karjalassa\" \/>\n<meta property=\"og:description\" content=\"Akku\u00advaras\u00adto\u00adjen mah\u00addol\u00adlisu\u00adudet Pohjois- Kar\u00adjalas\u00adsa \u2013 AKKUe on kak\u00adsio\u00adsainenhan\u00adkekokon\u00adaisu\u00adus, joka koos\u00adt\u00aduu investoin\u00adti\u00adhankkeesta ja kehit\u00adt\u00e4mis\u00adhankkeesta. N\u00e4i\u00addenhan\u00adkkei\u00adden tavoit\u00adteena on edis\u00adt\u00e4\u00e4 akku\u00advaras\u00adto\u00adjen hy\u00f6\u00addyn\u00adt\u00e4mist\u00e4 osana uusi\u00adu\u00adtu\u00advan ener\u00adgiantuotan\u00adtoa, ener\u00adgiay\u00adhteis\u00f6j\u00e4 ja s\u00e4hk\u00f6\u00admarkki\u00adnoi\u00adta sek\u00e4 vahvis\u00adtaa alueel\u00adlista s\u00e4hk\u00f6verkonvakaut\u00adta ja huolto\u00advar\u00admuut\u00adta. Investoin\u00adti\u00adhankkeessa toteutetaan kolme akku\u00advaras\u00adtoa julk\u00adisi\u00adin kohteisi\u00adin julk\u00adisten raken\u00adnustenyhtey\u00adteen sek\u00e4 raken\u00adnetaan tes\u00adtialus\u00adta ja inno\u00advaa\u00adtioym\u00adp\u00e4rist\u00f6, joka mah\u00addol\u00adlis\u00adtaa uusienakku\u00advaras\u00adtote\u00adknolo\u00adgioiden ja liike\u00adtoim\u00adinta\u00admallien kehit\u00adt\u00e4misen. N\u00e4m\u00e4 investoin\u00adnit tar\u00adjoa\u00advatkonkreet\u00adtisia kohtei\u00adta, jois\u00adsa [&hellip;]\" \/>\n<meta property=\"og:url\" content=\"https:\/\/hankkeet.karelia.fi\/akkue\/\" \/>\n<meta property=\"og:site_name\" content=\"Akkuvarastojen mahdollisuudet Pohjois-Karjalassa\" \/>\n<meta property=\"article:modified_time\" content=\"2026-04-02T12:28:17+00:00\" \/>\n<meta property=\"og:image\" content=\"https:\/\/hankkeet.karelia.fi\/akkue\/wp-content\/uploads\/sites\/8\/2026\/03\/Akkue_hero-scaled-1.jpeg\" \/>\n\t<meta property=\"og:image:width\" content=\"2560\" \/>\n\t<meta property=\"og:image:height\" content=\"1200\" \/>\n\t<meta property=\"og:image:type\" content=\"image\/jpeg\" \/>\n<meta name=\"twitter:card\" content=\"summary_large_image\" \/>\n<meta name=\"twitter:label1\" content=\"Arvioitu lukuaika\" \/>\n\t<meta name=\"twitter:data1\" content=\"2 minuuttia\" \/>\n<script type=\"application\/ld+json\" class=\"yoast-schema-graph\">{\"@context\":\"https:\\\/\\\/schema.org\",\"@graph\":[{\"@type\":\"WebPage\",\"@id\":\"https:\\\/\\\/hankkeet.karelia.fi\\\/akkue\\\/\",\"url\":\"https:\\\/\\\/hankkeet.karelia.fi\\\/akkue\\\/\",\"name\":\"Akkuvarastojen mahdollisuudet Pohjois-Karjalassa - Akkuvarastojen mahdollisuudet Pohjois-Karjalassa\",\"isPartOf\":{\"@id\":\"https:\\\/\\\/hankkeet.karelia.fi\\\/akkue\\\/#website\"},\"primaryImageOfPage\":{\"@id\":\"https:\\\/\\\/hankkeet.karelia.fi\\\/akkue\\\/#primaryimage\"},\"image\":{\"@id\":\"https:\\\/\\\/hankkeet.karelia.fi\\\/akkue\\\/#primaryimage\"},\"thumbnailUrl\":\"https:\\\/\\\/hankkeet.karelia.fi\\\/akkue\\\/wp-content\\\/uploads\\\/sites\\\/8\\\/2026\\\/03\\\/Akkue_hero-scaled-1.jpeg\",\"datePublished\":\"2026-03-17T05:51:26+00:00\",\"dateModified\":\"2026-04-02T12:28:17+00:00\",\"breadcrumb\":{\"@id\":\"https:\\\/\\\/hankkeet.karelia.fi\\\/akkue\\\/#breadcrumb\"},\"inLanguage\":\"fi\",\"potentialAction\":[{\"@type\":\"ReadAction\",\"target\":[\"https:\\\/\\\/hankkeet.karelia.fi\\\/akkue\\\/\"]}]},{\"@type\":\"ImageObject\",\"inLanguage\":\"fi\",\"@id\":\"https:\\\/\\\/hankkeet.karelia.fi\\\/akkue\\\/#primaryimage\",\"url\":\"https:\\\/\\\/hankkeet.karelia.fi\\\/akkue\\\/wp-content\\\/uploads\\\/sites\\\/8\\\/2026\\\/03\\\/Akkue_hero-scaled-1.jpeg\",\"contentUrl\":\"https:\\\/\\\/hankkeet.karelia.fi\\\/akkue\\\/wp-content\\\/uploads\\\/sites\\\/8\\\/2026\\\/03\\\/Akkue_hero-scaled-1.jpeg\",\"width\":2560,\"height\":1200},{\"@type\":\"BreadcrumbList\",\"@id\":\"https:\\\/\\\/hankkeet.karelia.fi\\\/akkue\\\/#breadcrumb\",\"itemListElement\":[{\"@type\":\"ListItem\",\"position\":1,\"name\":\"Home\",\"item\":\"https:\\\/\\\/hankkeet.karelia.fi\\\/akkue\\\/\"},{\"@type\":\"ListItem\",\"position\":2,\"name\":\"Akkuvarastojen mahdollisuudet Pohjois-Karjalassa\"}]},{\"@type\":\"WebSite\",\"@id\":\"https:\\\/\\\/hankkeet.karelia.fi\\\/akkue\\\/#website\",\"url\":\"https:\\\/\\\/hankkeet.karelia.fi\\\/akkue\\\/\",\"name\":\"Akkuvarastojen mahdollisuudet Pohjois-Karjalassa\",\"description\":\"\",\"publisher\":{\"@id\":\"https:\\\/\\\/hankkeet.karelia.fi\\\/akkue\\\/#organization\"},\"potentialAction\":[{\"@type\":\"SearchAction\",\"target\":{\"@type\":\"EntryPoint\",\"urlTemplate\":\"https:\\\/\\\/hankkeet.karelia.fi\\\/akkue\\\/?s={search_term_string}\"},\"query-input\":{\"@type\":\"PropertyValueSpecification\",\"valueRequired\":true,\"valueName\":\"search_term_string\"}}],\"inLanguage\":\"fi\"},{\"@type\":\"Organization\",\"@id\":\"https:\\\/\\\/hankkeet.karelia.fi\\\/akkue\\\/#organization\",\"name\":\"Akkuvarastojen mahdollisuudet Pohjois-Karjalassa\",\"url\":\"https:\\\/\\\/hankkeet.karelia.fi\\\/akkue\\\/\",\"logo\":{\"@type\":\"ImageObject\",\"inLanguage\":\"fi\",\"@id\":\"https:\\\/\\\/hankkeet.karelia.fi\\\/akkue\\\/#\\\/schema\\\/logo\\\/image\\\/\",\"url\":\"https:\\\/\\\/hankkeet.karelia.fi\\\/akkue\\\/wp-content\\\/uploads\\\/sites\\\/8\\\/2026\\\/03\\\/cropped-cropped-Karelia_AMK_logo_RGB-1.png\",\"contentUrl\":\"https:\\\/\\\/hankkeet.karelia.fi\\\/akkue\\\/wp-content\\\/uploads\\\/sites\\\/8\\\/2026\\\/03\\\/cropped-cropped-Karelia_AMK_logo_RGB-1.png\",\"width\":427,\"height\":116,\"caption\":\"Akkuvarastojen mahdollisuudet Pohjois-Karjalassa\"},\"image\":{\"@id\":\"https:\\\/\\\/hankkeet.karelia.fi\\\/akkue\\\/#\\\/schema\\\/logo\\\/image\\\/\"}}]}<\/script>\n<!-- \/ Yoast SEO plugin. -->","yoast_head_json":{"title":"Akkuvarastojen mahdollisuudet Pohjois-Karjalassa - Akkuvarastojen mahdollisuudet Pohjois-Karjalassa","robots":{"index":"index","follow":"follow","max-snippet":"max-snippet:-1","max-image-preview":"max-image-preview:large","max-video-preview":"max-video-preview:-1"},"canonical":"https:\/\/hankkeet.karelia.fi\/akkue\/","og_locale":"fi_FI","og_type":"article","og_title":"Akkuvarastojen mahdollisuudet Pohjois-Karjalassa - Akkuvarastojen mahdollisuudet Pohjois-Karjalassa","og_description":"Akku\u00advaras\u00adto\u00adjen mah\u00addol\u00adlisu\u00adudet Pohjois- Kar\u00adjalas\u00adsa \u2013 AKKUe on kak\u00adsio\u00adsainenhan\u00adkekokon\u00adaisu\u00adus, joka koos\u00adt\u00aduu investoin\u00adti\u00adhankkeesta ja kehit\u00adt\u00e4mis\u00adhankkeesta. N\u00e4i\u00addenhan\u00adkkei\u00adden tavoit\u00adteena on edis\u00adt\u00e4\u00e4 akku\u00advaras\u00adto\u00adjen hy\u00f6\u00addyn\u00adt\u00e4mist\u00e4 osana uusi\u00adu\u00adtu\u00advan ener\u00adgiantuotan\u00adtoa, ener\u00adgiay\u00adhteis\u00f6j\u00e4 ja s\u00e4hk\u00f6\u00admarkki\u00adnoi\u00adta sek\u00e4 vahvis\u00adtaa alueel\u00adlista s\u00e4hk\u00f6verkonvakaut\u00adta ja huolto\u00advar\u00admuut\u00adta. Investoin\u00adti\u00adhankkeessa toteutetaan kolme akku\u00advaras\u00adtoa julk\u00adisi\u00adin kohteisi\u00adin julk\u00adisten raken\u00adnustenyhtey\u00adteen sek\u00e4 raken\u00adnetaan tes\u00adtialus\u00adta ja inno\u00advaa\u00adtioym\u00adp\u00e4rist\u00f6, joka mah\u00addol\u00adlis\u00adtaa uusienakku\u00advaras\u00adtote\u00adknolo\u00adgioiden ja liike\u00adtoim\u00adinta\u00admallien kehit\u00adt\u00e4misen. N\u00e4m\u00e4 investoin\u00adnit tar\u00adjoa\u00advatkonkreet\u00adtisia kohtei\u00adta, jois\u00adsa [&hellip;]","og_url":"https:\/\/hankkeet.karelia.fi\/akkue\/","og_site_name":"Akkuvarastojen mahdollisuudet Pohjois-Karjalassa","article_modified_time":"2026-04-02T12:28:17+00:00","og_image":[{"width":2560,"height":1200,"url":"https:\/\/hankkeet.karelia.fi\/akkue\/wp-content\/uploads\/sites\/8\/2026\/03\/Akkue_hero-scaled-1.jpeg","type":"image\/jpeg"}],"twitter_card":"summary_large_image","twitter_misc":{"Arvioitu lukuaika":"2 minuuttia"},"schema":{"@context":"https:\/\/schema.org","@graph":[{"@type":"WebPage","@id":"https:\/\/hankkeet.karelia.fi\/akkue\/","url":"https:\/\/hankkeet.karelia.fi\/akkue\/","name":"Akkuvarastojen mahdollisuudet Pohjois-Karjalassa - Akkuvarastojen mahdollisuudet Pohjois-Karjalassa","isPartOf":{"@id":"https:\/\/hankkeet.karelia.fi\/akkue\/#website"},"primaryImageOfPage":{"@id":"https:\/\/hankkeet.karelia.fi\/akkue\/#primaryimage"},"image":{"@id":"https:\/\/hankkeet.karelia.fi\/akkue\/#primaryimage"},"thumbnailUrl":"https:\/\/hankkeet.karelia.fi\/akkue\/wp-content\/uploads\/sites\/8\/2026\/03\/Akkue_hero-scaled-1.jpeg","datePublished":"2026-03-17T05:51:26+00:00","dateModified":"2026-04-02T12:28:17+00:00","breadcrumb":{"@id":"https:\/\/hankkeet.karelia.fi\/akkue\/#breadcrumb"},"inLanguage":"fi","potentialAction":[{"@type":"ReadAction","target":["https:\/\/hankkeet.karelia.fi\/akkue\/"]}]},{"@type":"ImageObject","inLanguage":"fi","@id":"https:\/\/hankkeet.karelia.fi\/akkue\/#primaryimage","url":"https:\/\/hankkeet.karelia.fi\/akkue\/wp-content\/uploads\/sites\/8\/2026\/03\/Akkue_hero-scaled-1.jpeg","contentUrl":"https:\/\/hankkeet.karelia.fi\/akkue\/wp-content\/uploads\/sites\/8\/2026\/03\/Akkue_hero-scaled-1.jpeg","width":2560,"height":1200},{"@type":"BreadcrumbList","@id":"https:\/\/hankkeet.karelia.fi\/akkue\/#breadcrumb","itemListElement":[{"@type":"ListItem","position":1,"name":"Home","item":"https:\/\/hankkeet.karelia.fi\/akkue\/"},{"@type":"ListItem","position":2,"name":"Akkuvarastojen mahdollisuudet Pohjois-Karjalassa"}]},{"@type":"WebSite","@id":"https:\/\/hankkeet.karelia.fi\/akkue\/#website","url":"https:\/\/hankkeet.karelia.fi\/akkue\/","name":"Akkuvarastojen mahdollisuudet Pohjois-Karjalassa","description":"","publisher":{"@id":"https:\/\/hankkeet.karelia.fi\/akkue\/#organization"},"potentialAction":[{"@type":"SearchAction","target":{"@type":"EntryPoint","urlTemplate":"https:\/\/hankkeet.karelia.fi\/akkue\/?s={search_term_string}"},"query-input":{"@type":"PropertyValueSpecification","valueRequired":true,"valueName":"search_term_string"}}],"inLanguage":"fi"},{"@type":"Organization","@id":"https:\/\/hankkeet.karelia.fi\/akkue\/#organization","name":"Akkuvarastojen mahdollisuudet Pohjois-Karjalassa","url":"https:\/\/hankkeet.karelia.fi\/akkue\/","logo":{"@type":"ImageObject","inLanguage":"fi","@id":"https:\/\/hankkeet.karelia.fi\/akkue\/#\/schema\/logo\/image\/","url":"https:\/\/hankkeet.karelia.fi\/akkue\/wp-content\/uploads\/sites\/8\/2026\/03\/cropped-cropped-Karelia_AMK_logo_RGB-1.png","contentUrl":"https:\/\/hankkeet.karelia.fi\/akkue\/wp-content\/uploads\/sites\/8\/2026\/03\/cropped-cropped-Karelia_AMK_logo_RGB-1.png","width":427,"height":116,"caption":"Akkuvarastojen mahdollisuudet Pohjois-Karjalassa"},"image":{"@id":"https:\/\/hankkeet.karelia.fi\/akkue\/#\/schema\/logo\/image\/"}}]}},"_links":{"self":[{"href":"https:\/\/hankkeet.karelia.fi\/akkue\/wp-json\/wp\/v2\/pages\/20","targetHints":{"allow":["GET"]}}],"collection":[{"href":"https:\/\/hankkeet.karelia.fi\/akkue\/wp-json\/wp\/v2\/pages"}],"about":[{"href":"https:\/\/hankkeet.karelia.fi\/akkue\/wp-json\/wp\/v2\/types\/page"}],"author":[{"embeddable":true,"href":"https:\/\/hankkeet.karelia.fi\/akkue\/wp-json\/wp\/v2\/users\/10"}],"replies":[{"embeddable":true,"href":"https:\/\/hankkeet.karelia.fi\/akkue\/wp-json\/wp\/v2\/comments?post=20"}],"version-history":[{"count":1,"href":"https:\/\/hankkeet.karelia.fi\/akkue\/wp-json\/wp\/v2\/pages\/20\/revisions"}],"predecessor-version":[{"id":35,"href":"https:\/\/hankkeet.karelia.fi\/akkue\/wp-json\/wp\/v2\/pages\/20\/revisions\/35"}],"wp:featuredmedia":[{"embeddable":true,"href":"https:\/\/hankkeet.karelia.fi\/akkue\/wp-json\/wp\/v2\/media\/17"}],"wp:attachment":[{"href":"https:\/\/hankkeet.karelia.fi\/akkue\/wp-json\/wp\/v2\/media?parent=20"}],"curies":[{"name":"wp","href":"https:\/\/api.w.org\/{rel}","templated":true}]}}