{"id":20,"date":"2026-03-17T15:30:14","date_gmt":"2026-03-17T13:30:14","guid":{"rendered":"https:\/\/hankkeet.karelia.fi\/alykas-tietoyhteiso\/alykas-tietoyhteiso\/"},"modified":"2026-03-17T15:30:14","modified_gmt":"2026-03-17T13:30:14","slug":"alykas-tietoyhteiso","status":"publish","type":"page","link":"https:\/\/hankkeet.karelia.fi\/alykas-tietoyhteiso\/","title":{"rendered":"\u00c4lyk\u00e4s tietoyhteis\u00f6"},"content":{"rendered":"\n<figure class=\"wp-block-image size-large is-resized\"><img decoding=\"async\" src=\"https:\/\/hankkeet.karelia.fi\/alykas-tietoyhteiso\/wp-content\/uploads\/sites\/68\/2026\/03\/alykas-1-1024x117-1.jpg\" alt class=\"wp-image-75412\" style=\"width:658px;height:auto\"><\/figure>\n\n\n\n<p>Kare\u00adlia valmis\u00adtelee uudelle ohjel\u00admakaudelle vihre\u00e4\u00e4 siir\u00adtym\u00e4\u00e4 tuke\u00advaa vai\u00adheit\u00adtaista investoin\u00adtikokon\u00adaisu\u00adut\u00adta W\u00e4rt\u00adsil\u00e4n kam\u00adpuk\u00adselle. Ensim\u00adm\u00e4isess\u00e4 vai\u00adheessa selvitet\u00e4\u00e4n ICT-insin\u00f6\u00f6rik\u00adoulu\u00adtus\u00adta tuke\u00advan ICT-alan kone\u00adsalin sis\u00e4lt\u00f6\u00adtarpei\u00adta ja teknisi\u00e4 edel\u00adly\u00adtyk\u00adsi\u00e4. \u00c4lykam\u00adpus-ajat\u00adtelumallin mukaises\u00adti ICT-alan kone\u00adsalin tulee palvel\u00adla koulu\u00adtuk\u00adsen lis\u00e4k\u00adsi my\u00f6s alueen yri\u00adtyk\u00adsi\u00e4 ja luo\u00adda soveltavaa tutkimus\u00adta palvel\u00ade\u00adva kehit\u00adt\u00e4misalus\u00adta (test\u00adbed) niin kun\u00adta\u00adtoim\u00adi\u00adjoiden kuin yri\u00adtys\u00adten k\u00e4yt\u00adt\u00f6\u00f6n.<\/p>\n\n\n\n<p>\u00c4lykam\u00adpus \u2011dataan perus\u00adtu\u00adva kehit\u00adt\u00e4misalus\u00adtan tavoit\u00adteena on t\u00e4m\u00e4n selvi\u00adtyshankkeen j\u00e4l\u00adkeen rak\u00aden\u00adtaa uusien tuot\u00adtei\u00adden ja palvelu\u00adjen kehi\u00adtys- ja kokeiluym\u00adp\u00e4rist\u00f6. Dataan perus\u00adtu\u00advia kokeilu\u00adja voidaan tehd\u00e4 tule\u00advaisu\u00adudessa laa\u00adjasti esim. \u00e4lyli\u00adiken\u00adteen, raken\u00adnetun ymp\u00e4rist\u00f6n, kier\u00adto\u00adtalouden sek\u00e4 ter\u00adveys ja hyv\u00adin\u00advoin\u00adnin tarpeisi\u00adin.<\/p>\n\n\n\n<p>\u00c4lyk\u00e4s tietoy\u00adhteis\u00f6 selvit\u00adt\u00e4\u00e4 kol\u00admen pilot\u00adtikokon\u00adaisu\u00adu\u00adden avul\u00adla mil\u00adlainen on vihre\u00e4\u00e4 siir\u00adtym\u00e4\u00e4 tuke\u00adva \u00e4lyk\u00e4m\u00adpus. Han\u00adkkeessa toteutet\u00adtavien pilot\u00adtien avul\u00adla selvitet\u00e4\u00e4n alueen yri\u00adtys\u00adtoim\u00adintaa palvel\u00ade\u00advan, sovelta\u00advan dat\u00ada\u00adpe\u00adrusteisen tutkimuk\u00adsen, rak\u00aden\u00adtu\u00admisen edel\u00adly\u00adtyk\u00adset maakun\u00adtaan. Toteutet\u00adtavis\u00adsa piloteis\u00adsa selvitet\u00e4\u00e4n datan hy\u00f6\u00addyn\u00adt\u00e4mist\u00e4 dig\u00adi\u00adtaal\u00adis\u00adten ratkaisu\u00adjen kehit\u00adt\u00e4misess\u00e4 sek\u00e4 luo\u00addaan kon\u00adsep\u00adti dat\u00ada\u00adpe\u00adrusteiselle yhteiske\u00adhit\u00adt\u00e4miselle ja yhteisk\u00e4yt\u00f6lle Kare\u00adlian, julkisen sek\u00adtorin ja yri\u00adtys\u00adten kesken.<\/p>\n\n\n\n<p>Han\u00adkkeessa on kolme ty\u00f6\u00adpaket\u00adtia, jot\u00adka ovat toisi\u00adaan t\u00e4y\u00adden\u00adt\u00e4vi\u00e4. Pilot\u00adtien rajap\u00adin\u00adnat yhdis\u00adt\u00e4v\u00e4t data-altaan, kone\u00adsalin ja XR-sovel\u00adluk\u00adset laa\u00adjem\u00admak\u00adsi kokon\u00adaisu\u00adudek\u00adsi ja aut\u00adta\u00advat yhteiske\u00adhit\u00adt\u00e4misen kon\u00adsep\u00adtoin\u00adnin hah\u00admot\u00adtamista maakun\u00adnas\u00adsa. Pilotit toteutetaan tiivi\u00adis\u00ads\u00e4 yhteisty\u00f6ss\u00e4 Joen\u00adsu\u00adun kaupun\u00adgin kanssa (kiin\u00adteist\u00f6\u00adda\u00adta).<\/p>\n\n\n\n<ul class=\"wp-block-list\">\n<li>Ty\u00f6\u00adpaket\u00adti 1: \u00c4lykk\u00e4\u00e4n automaa\u00adtion ja dig\u00adi\u00adtaalisen liike\u00adtoimin\u00adnan pilot\u00adti<\/li>\n\n\n\n<li>Ty\u00f6\u00adpaket\u00adti 2: Tieto\u00advaran\u00adnon sovel\u00adlu\u00adso\u00adhjel\u00admoin\u00adti\u00adra\u00adjap\u00adin\u00adta<\/li>\n\n\n\n<li>Ty\u00f6\u00adpaket\u00adti 3: XR-teknolo\u00adgia talotekni\u00adikas\u00adsa<\/li>\n<\/ul>\n\n\n\n<p>Alka\u00admis\u00adp\u00e4iv\u00e4m\u00e4\u00e4r\u00e4&nbsp;1.10.2023<br>P\u00e4\u00e4t\u00adtymis\u00adp\u00e4iv\u00e4m\u00e4\u00e4r\u00e4 31.12.2024<\/p>\n\n\n\n<p>Uud\u00adis\u00adtu\u00adva ja osaa\u00adva Suo\u00admi 2021\u20132027<br>EU:n alue- ja raken\u00adnepoli\u00adti\u00adikan ohjel\u00adma<br>Euroopan alueke\u00adhi\u00adtys\u00adra\u00adhas\u00adto (EAKR)<\/p>\n\n\n\n<h2 class=\"wp-block-heading\">Yhteystiedot<\/h2>\n\n\n\n<p>Timo Rui, Senior Project Man\u00adag\u00ader, Ph.D.<br>timo.rui@karelia.fi, +358 50 311 9474<\/p>\n\n\n\n<figure class=\"wp-block-image size-full\"><img decoding=\"async\" src=\"https:\/\/hankkeet.karelia.fi\/alykas-tietoyhteiso\/wp-content\/uploads\/sites\/68\/2026\/03\/kk-palkki-4ja9.png\" alt class=\"wp-image-81558\"><\/figure>\n","protected":false},"excerpt":{"rendered":"<p>Kare\u00adlia valmis\u00adtelee uudelle ohjel\u00admakaudelle vihre\u00e4\u00e4 siir\u00adtym\u00e4\u00e4 tuke\u00advaa vai\u00adheit\u00adtaista investoin\u00adtikokon\u00adaisu\u00adut\u00adta W\u00e4rt\u00adsil\u00e4n kam\u00adpuk\u00adselle. Ensim\u00adm\u00e4isess\u00e4 vai\u00adheessa selvitet\u00e4\u00e4n ICT-insin\u00f6\u00f6rik\u00adoulu\u00ad\u00adtus\u00ad\u00adta tuke\u00advan ICT-alan kone\u00adsalin sis\u00e4lt\u00f6\u00adtarpei\u00adta ja teknisi\u00e4 edel\u00adly\u00adtyk\u00adsi\u00e4. \u00c4lykam\u00ad\u00adpus-ajat\u00adtelumallin mukaises\u00adti ICT-alan kone\u00adsalin tulee palvel\u00adla koulu\u00adtuk\u00adsen lis\u00e4k\u00adsi my\u00f6s alueen yri\u00adtyk\u00adsi\u00e4 ja luo\u00adda soveltavaa tutkimus\u00adta palvel\u00ade\u00adva kehit\u00adt\u00e4misalus\u00adta (test\u00adbed) niin kun\u00adta\u00adtoim\u00adi\u00adjoiden kuin yri\u00adtys\u00adten k\u00e4yt\u00adt\u00f6\u00f6n. \u00c4lykam\u00adpus \u2011dataan perus\u00adtu\u00adva kehit\u00adt\u00e4misalus\u00adtan tavoit\u00adteena on t\u00e4m\u00e4n selvi\u00adtyshankkeen j\u00e4l\u00adkeen rak\u00aden\u00adtaa [\u2026]<\/p>\n","protected":false},"author":0,"featured_media":17,"parent":0,"menu_order":0,"comment_status":"closed","ping_status":"closed","template":"","meta":{"inline_featured_image":false,"wp_typography_post_enhancements_disabled":false,"footnotes":""},"class_list":["post-20","page","type-page","status-publish","has-post-thumbnail","hentry"],"yoast_head":"<!-- This site is optimized with the Yoast SEO plugin v27.5 - https:\/\/yoast.com\/product\/yoast-seo-wordpress\/ -->\n<title>\u00c4lyk\u00e4s tietoyhteis\u00f6 - \u00c4lyk\u00e4s tietoyhteis\u00f6<\/title>\n<meta name=\"robots\" content=\"index, follow, max-snippet:-1, max-image-preview:large, max-video-preview:-1\" \/>\n<link rel=\"canonical\" href=\"https:\/\/hankkeet.karelia.fi\/alykas-tietoyhteiso\/\" \/>\n<meta property=\"og:locale\" content=\"fi_FI\" \/>\n<meta property=\"og:type\" content=\"article\" \/>\n<meta property=\"og:title\" content=\"\u00c4lyk\u00e4s tietoyhteis\u00f6 - \u00c4lyk\u00e4s tietoyhteis\u00f6\" \/>\n<meta property=\"og:description\" content=\"Kare\u00adlia valmis\u00adtelee uudelle ohjel\u00admakaudelle vihre\u00e4\u00e4 siir\u00adtym\u00e4\u00e4 tuke\u00advaa vai\u00adheit\u00adtaista investoin\u00adtikokon\u00adaisu\u00adut\u00adta W\u00e4rt\u00adsil\u00e4n kam\u00adpuk\u00adselle. Ensim\u00adm\u00e4isess\u00e4 vai\u00adheessa selvitet\u00e4\u00e4n ICT-insin\u00f6\u00f6rik\u00adoulu\u00adtus\u00adta tuke\u00advan ICT-alan kone\u00adsalin sis\u00e4lt\u00f6\u00adtarpei\u00adta ja teknisi\u00e4 edel\u00adly\u00adtyk\u00adsi\u00e4. \u00c4lykam\u00adpus-ajat\u00adtelumallin mukaises\u00adti ICT-alan kone\u00adsalin tulee palvel\u00adla koulu\u00adtuk\u00adsen lis\u00e4k\u00adsi my\u00f6s alueen yri\u00adtyk\u00adsi\u00e4 ja luo\u00adda soveltavaa tutkimus\u00adta palvel\u00ade\u00adva kehit\u00adt\u00e4misalus\u00adta (test\u00adbed) niin kun\u00adta\u00adtoim\u00adi\u00adjoiden kuin yri\u00adtys\u00adten k\u00e4yt\u00adt\u00f6\u00f6n. \u00c4lykam\u00adpus \u2011dataan perus\u00adtu\u00adva kehit\u00adt\u00e4misalus\u00adtan tavoit\u00adteena on t\u00e4m\u00e4n selvi\u00adtyshankkeen j\u00e4l\u00adkeen rak\u00aden\u00adtaa [&hellip;]\" \/>\n<meta property=\"og:url\" content=\"https:\/\/hankkeet.karelia.fi\/alykas-tietoyhteiso\/\" \/>\n<meta property=\"og:site_name\" content=\"\u00c4lyk\u00e4s tietoyhteis\u00f6\" \/>\n<meta name=\"twitter:card\" content=\"summary_large_image\" \/>\n<meta name=\"twitter:label1\" content=\"Arvioitu lukuaika\" \/>\n\t<meta name=\"twitter:data1\" content=\"1 minuutti\" \/>\n<script type=\"application\/ld+json\" class=\"yoast-schema-graph\">{\"@context\":\"https:\\\/\\\/schema.org\",\"@graph\":[{\"@type\":\"WebPage\",\"@id\":\"https:\\\/\\\/hankkeet.karelia.fi\\\/alykas-tietoyhteiso\\\/\",\"url\":\"https:\\\/\\\/hankkeet.karelia.fi\\\/alykas-tietoyhteiso\\\/\",\"name\":\"\u00c4lyk\u00e4s tietoyhteis\u00f6 - \u00c4lyk\u00e4s tietoyhteis\u00f6\",\"isPartOf\":{\"@id\":\"https:\\\/\\\/hankkeet.karelia.fi\\\/alykas-tietoyhteiso\\\/#website\"},\"primaryImageOfPage\":{\"@id\":\"https:\\\/\\\/hankkeet.karelia.fi\\\/alykas-tietoyhteiso\\\/#primaryimage\"},\"image\":{\"@id\":\"https:\\\/\\\/hankkeet.karelia.fi\\\/alykas-tietoyhteiso\\\/#primaryimage\"},\"thumbnailUrl\":\"https:\\\/\\\/hankkeet.karelia.fi\\\/alykas-tietoyhteiso\\\/wp-content\\\/uploads\\\/sites\\\/68\\\/2026\\\/03\\\/tietojenkasittely-kuva.jpg\",\"datePublished\":\"2026-03-17T13:30:14+00:00\",\"breadcrumb\":{\"@id\":\"https:\\\/\\\/hankkeet.karelia.fi\\\/alykas-tietoyhteiso\\\/#breadcrumb\"},\"inLanguage\":\"fi\",\"potentialAction\":[{\"@type\":\"ReadAction\",\"target\":[\"https:\\\/\\\/hankkeet.karelia.fi\\\/alykas-tietoyhteiso\\\/\"]}]},{\"@type\":\"ImageObject\",\"inLanguage\":\"fi\",\"@id\":\"https:\\\/\\\/hankkeet.karelia.fi\\\/alykas-tietoyhteiso\\\/#primaryimage\",\"url\":\"https:\\\/\\\/hankkeet.karelia.fi\\\/alykas-tietoyhteiso\\\/wp-content\\\/uploads\\\/sites\\\/68\\\/2026\\\/03\\\/tietojenkasittely-kuva.jpg\",\"contentUrl\":\"https:\\\/\\\/hankkeet.karelia.fi\\\/alykas-tietoyhteiso\\\/wp-content\\\/uploads\\\/sites\\\/68\\\/2026\\\/03\\\/tietojenkasittely-kuva.jpg\",\"width\":850,\"height\":350},{\"@type\":\"BreadcrumbList\",\"@id\":\"https:\\\/\\\/hankkeet.karelia.fi\\\/alykas-tietoyhteiso\\\/#breadcrumb\",\"itemListElement\":[{\"@type\":\"ListItem\",\"position\":1,\"name\":\"Home\",\"item\":\"https:\\\/\\\/hankkeet.karelia.fi\\\/alykas-tietoyhteiso\\\/alykas-tietoyhteiso\\\/\"},{\"@type\":\"ListItem\",\"position\":2,\"name\":\"\u00c4lyk\u00e4s tietoyhteis\u00f6\"}]},{\"@type\":\"WebSite\",\"@id\":\"https:\\\/\\\/hankkeet.karelia.fi\\\/alykas-tietoyhteiso\\\/#website\",\"url\":\"https:\\\/\\\/hankkeet.karelia.fi\\\/alykas-tietoyhteiso\\\/\",\"name\":\"\u00c4lyk\u00e4s tietoyhteis\u00f6\",\"description\":\"\",\"publisher\":{\"@id\":\"https:\\\/\\\/hankkeet.karelia.fi\\\/alykas-tietoyhteiso\\\/#organization\"},\"potentialAction\":[{\"@type\":\"SearchAction\",\"target\":{\"@type\":\"EntryPoint\",\"urlTemplate\":\"https:\\\/\\\/hankkeet.karelia.fi\\\/alykas-tietoyhteiso\\\/?s={search_term_string}\"},\"query-input\":{\"@type\":\"PropertyValueSpecification\",\"valueRequired\":true,\"valueName\":\"search_term_string\"}}],\"inLanguage\":\"fi\"},{\"@type\":\"Organization\",\"@id\":\"https:\\\/\\\/hankkeet.karelia.fi\\\/alykas-tietoyhteiso\\\/#organization\",\"name\":\"\u00c4lyk\u00e4s tietoyhteis\u00f6\",\"url\":\"https:\\\/\\\/hankkeet.karelia.fi\\\/alykas-tietoyhteiso\\\/\",\"logo\":{\"@type\":\"ImageObject\",\"inLanguage\":\"fi\",\"@id\":\"https:\\\/\\\/hankkeet.karelia.fi\\\/alykas-tietoyhteiso\\\/#\\\/schema\\\/logo\\\/image\\\/\",\"url\":\"https:\\\/\\\/hankkeet.karelia.fi\\\/alykas-tietoyhteiso\\\/wp-content\\\/uploads\\\/sites\\\/68\\\/2026\\\/03\\\/cropped-cropped-Karelia_AMK_logo_RGB-1.png\",\"contentUrl\":\"https:\\\/\\\/hankkeet.karelia.fi\\\/alykas-tietoyhteiso\\\/wp-content\\\/uploads\\\/sites\\\/68\\\/2026\\\/03\\\/cropped-cropped-Karelia_AMK_logo_RGB-1.png\",\"width\":427,\"height\":116,\"caption\":\"\u00c4lyk\u00e4s tietoyhteis\u00f6\"},\"image\":{\"@id\":\"https:\\\/\\\/hankkeet.karelia.fi\\\/alykas-tietoyhteiso\\\/#\\\/schema\\\/logo\\\/image\\\/\"}}]}<\/script>\n<!-- \/ Yoast SEO plugin. -->","yoast_head_json":{"title":"\u00c4lyk\u00e4s tietoyhteis\u00f6 - \u00c4lyk\u00e4s tietoyhteis\u00f6","robots":{"index":"index","follow":"follow","max-snippet":"max-snippet:-1","max-image-preview":"max-image-preview:large","max-video-preview":"max-video-preview:-1"},"canonical":"https:\/\/hankkeet.karelia.fi\/alykas-tietoyhteiso\/","og_locale":"fi_FI","og_type":"article","og_title":"\u00c4lyk\u00e4s tietoyhteis\u00f6 - \u00c4lyk\u00e4s tietoyhteis\u00f6","og_description":"Kare\u00adlia valmis\u00adtelee uudelle ohjel\u00admakaudelle vihre\u00e4\u00e4 siir\u00adtym\u00e4\u00e4 tuke\u00advaa vai\u00adheit\u00adtaista investoin\u00adtikokon\u00adaisu\u00adut\u00adta W\u00e4rt\u00adsil\u00e4n kam\u00adpuk\u00adselle. Ensim\u00adm\u00e4isess\u00e4 vai\u00adheessa selvitet\u00e4\u00e4n ICT-insin\u00f6\u00f6rik\u00adoulu\u00adtus\u00adta tuke\u00advan ICT-alan kone\u00adsalin sis\u00e4lt\u00f6\u00adtarpei\u00adta ja teknisi\u00e4 edel\u00adly\u00adtyk\u00adsi\u00e4. \u00c4lykam\u00adpus-ajat\u00adtelumallin mukaises\u00adti ICT-alan kone\u00adsalin tulee palvel\u00adla koulu\u00adtuk\u00adsen lis\u00e4k\u00adsi my\u00f6s alueen yri\u00adtyk\u00adsi\u00e4 ja luo\u00adda soveltavaa tutkimus\u00adta palvel\u00ade\u00adva kehit\u00adt\u00e4misalus\u00adta (test\u00adbed) niin kun\u00adta\u00adtoim\u00adi\u00adjoiden kuin yri\u00adtys\u00adten k\u00e4yt\u00adt\u00f6\u00f6n. \u00c4lykam\u00adpus \u2011dataan perus\u00adtu\u00adva kehit\u00adt\u00e4misalus\u00adtan tavoit\u00adteena on t\u00e4m\u00e4n selvi\u00adtyshankkeen j\u00e4l\u00adkeen rak\u00aden\u00adtaa [&hellip;]","og_url":"https:\/\/hankkeet.karelia.fi\/alykas-tietoyhteiso\/","og_site_name":"\u00c4lyk\u00e4s tietoyhteis\u00f6","twitter_card":"summary_large_image","twitter_misc":{"Arvioitu lukuaika":"1 minuutti"},"schema":{"@context":"https:\/\/schema.org","@graph":[{"@type":"WebPage","@id":"https:\/\/hankkeet.karelia.fi\/alykas-tietoyhteiso\/","url":"https:\/\/hankkeet.karelia.fi\/alykas-tietoyhteiso\/","name":"\u00c4lyk\u00e4s tietoyhteis\u00f6 - \u00c4lyk\u00e4s tietoyhteis\u00f6","isPartOf":{"@id":"https:\/\/hankkeet.karelia.fi\/alykas-tietoyhteiso\/#website"},"primaryImageOfPage":{"@id":"https:\/\/hankkeet.karelia.fi\/alykas-tietoyhteiso\/#primaryimage"},"image":{"@id":"https:\/\/hankkeet.karelia.fi\/alykas-tietoyhteiso\/#primaryimage"},"thumbnailUrl":"https:\/\/hankkeet.karelia.fi\/alykas-tietoyhteiso\/wp-content\/uploads\/sites\/68\/2026\/03\/tietojenkasittely-kuva.jpg","datePublished":"2026-03-17T13:30:14+00:00","breadcrumb":{"@id":"https:\/\/hankkeet.karelia.fi\/alykas-tietoyhteiso\/#breadcrumb"},"inLanguage":"fi","potentialAction":[{"@type":"ReadAction","target":["https:\/\/hankkeet.karelia.fi\/alykas-tietoyhteiso\/"]}]},{"@type":"ImageObject","inLanguage":"fi","@id":"https:\/\/hankkeet.karelia.fi\/alykas-tietoyhteiso\/#primaryimage","url":"https:\/\/hankkeet.karelia.fi\/alykas-tietoyhteiso\/wp-content\/uploads\/sites\/68\/2026\/03\/tietojenkasittely-kuva.jpg","contentUrl":"https:\/\/hankkeet.karelia.fi\/alykas-tietoyhteiso\/wp-content\/uploads\/sites\/68\/2026\/03\/tietojenkasittely-kuva.jpg","width":850,"height":350},{"@type":"BreadcrumbList","@id":"https:\/\/hankkeet.karelia.fi\/alykas-tietoyhteiso\/#breadcrumb","itemListElement":[{"@type":"ListItem","position":1,"name":"Home","item":"https:\/\/hankkeet.karelia.fi\/alykas-tietoyhteiso\/alykas-tietoyhteiso\/"},{"@type":"ListItem","position":2,"name":"\u00c4lyk\u00e4s tietoyhteis\u00f6"}]},{"@type":"WebSite","@id":"https:\/\/hankkeet.karelia.fi\/alykas-tietoyhteiso\/#website","url":"https:\/\/hankkeet.karelia.fi\/alykas-tietoyhteiso\/","name":"\u00c4lyk\u00e4s tietoyhteis\u00f6","description":"","publisher":{"@id":"https:\/\/hankkeet.karelia.fi\/alykas-tietoyhteiso\/#organization"},"potentialAction":[{"@type":"SearchAction","target":{"@type":"EntryPoint","urlTemplate":"https:\/\/hankkeet.karelia.fi\/alykas-tietoyhteiso\/?s={search_term_string}"},"query-input":{"@type":"PropertyValueSpecification","valueRequired":true,"valueName":"search_term_string"}}],"inLanguage":"fi"},{"@type":"Organization","@id":"https:\/\/hankkeet.karelia.fi\/alykas-tietoyhteiso\/#organization","name":"\u00c4lyk\u00e4s tietoyhteis\u00f6","url":"https:\/\/hankkeet.karelia.fi\/alykas-tietoyhteiso\/","logo":{"@type":"ImageObject","inLanguage":"fi","@id":"https:\/\/hankkeet.karelia.fi\/alykas-tietoyhteiso\/#\/schema\/logo\/image\/","url":"https:\/\/hankkeet.karelia.fi\/alykas-tietoyhteiso\/wp-content\/uploads\/sites\/68\/2026\/03\/cropped-cropped-Karelia_AMK_logo_RGB-1.png","contentUrl":"https:\/\/hankkeet.karelia.fi\/alykas-tietoyhteiso\/wp-content\/uploads\/sites\/68\/2026\/03\/cropped-cropped-Karelia_AMK_logo_RGB-1.png","width":427,"height":116,"caption":"\u00c4lyk\u00e4s tietoyhteis\u00f6"},"image":{"@id":"https:\/\/hankkeet.karelia.fi\/alykas-tietoyhteiso\/#\/schema\/logo\/image\/"}}]}},"_links":{"self":[{"href":"https:\/\/hankkeet.karelia.fi\/alykas-tietoyhteiso\/wp-json\/wp\/v2\/pages\/20","targetHints":{"allow":["GET"]}}],"collection":[{"href":"https:\/\/hankkeet.karelia.fi\/alykas-tietoyhteiso\/wp-json\/wp\/v2\/pages"}],"about":[{"href":"https:\/\/hankkeet.karelia.fi\/alykas-tietoyhteiso\/wp-json\/wp\/v2\/types\/page"}],"replies":[{"embeddable":true,"href":"https:\/\/hankkeet.karelia.fi\/alykas-tietoyhteiso\/wp-json\/wp\/v2\/comments?post=20"}],"version-history":[{"count":0,"href":"https:\/\/hankkeet.karelia.fi\/alykas-tietoyhteiso\/wp-json\/wp\/v2\/pages\/20\/revisions"}],"wp:featuredmedia":[{"embeddable":true,"href":"https:\/\/hankkeet.karelia.fi\/alykas-tietoyhteiso\/wp-json\/wp\/v2\/media\/17"}],"wp:attachment":[{"href":"https:\/\/hankkeet.karelia.fi\/alykas-tietoyhteiso\/wp-json\/wp\/v2\/media?parent=20"}],"curies":[{"name":"wp","href":"https:\/\/api.w.org\/{rel}","templated":true}]}}