{"id":20,"date":"2026-03-17T10:01:44","date_gmt":"2026-03-17T08:01:44","guid":{"rendered":"https:\/\/hankkeet.karelia.fi\/alykkaan-valmistuksen-tutkimusinfrastruktuurin-uudistaminen-ja-kehittaminen\/alykkaan-valmistuksen-tutkimusinfrastruktuurin-uudistaminen-ja-kehittaminen\/"},"modified":"2026-03-17T10:01:44","modified_gmt":"2026-03-17T08:01:44","slug":"alykkaan-valmistuksen-tutkimusinfrastruktuurin-uudistaminen-ja-kehittaminen","status":"publish","type":"page","link":"https:\/\/hankkeet.karelia.fi\/alykkaan-valmistuksen-tutkimusinfrastruktuurin-uudistaminen-ja-kehittaminen\/","title":{"rendered":"\u00c4lykk\u00e4\u00e4n valmistuksen tutkimusinfrastruktuurin uudistaminen ja kehitt\u00e4minen"},"content":{"rendered":"\n<figure class=\"wp-block-image size-full is-resized\"><img decoding=\"async\" src=\"https:\/\/hankkeet.karelia.fi\/alykkaan-valmistuksen-tutkimusinfrastruktuurin-uudistaminen-ja-kehittaminen\/wp-content\/uploads\/sites\/25\/2026\/03\/alykkaan-valmistuksen-1024x172-1.jpg\" alt class=\"wp-image-75059\" style=\"width:604px;height:auto\"><\/figure>\n\n\n\n<p>\u00c4lykk\u00e4\u00e4n valmis\u00adtuk\u00adsen tutkimus\u00adin\u00adfra\u00adstruk\u00adtu\u00adurin \u2013 kehit\u00adt\u00e4mis\u00adhankkeessa ja rin\u00adnakkaise\u00adna toteutet\u00adtavas\u00adsa investoin\u00adti\u00adhankkeessa kas\u00advate\u00adtaan ja paran\u00adnetaan Kare\u00adlian tutkimus\u2011, kehitys\u2011, oppimis- ja inno\u00advaa\u00adtioin\u00adfra\u00adstruk\u00adtu\u00adurin valmiuk\u00adsia hy\u00f6\u00addyn\u00adt\u00e4\u00e4 uusia edis\u00adtyneem\u00adpi\u00e4 valmis\u00adtus- ja mate\u00adri\u00adaalite\u00adknolo\u00adgioi\u00adta TKI-toimin\u00adnas\u00adsa. Lis\u00e4k\u00adsi han\u00adkeparis\u00adsa selvitet\u00e4\u00e4n uusia mah\u00addol\u00adlisuuk\u00adsia Pohjois-Kar\u00adjalan alueen teknolo\u00adgia\u00adte\u00adol\u00adlisu\u00adudelle kytkey\u00adty\u00e4 vihre\u00e4n ener\u00adgian konei\u00adden- ja lait\u00adtei\u00adden kom\u00adpo\u00adnent\u00adti\u00advalmis\u00adtuk\u00adseen. Pohjois-Kar\u00adjalan alueen teknolo\u00adgia\u00adte\u00adol\u00adlisu\u00adu\u00adden yri\u00adtyk\u00adsil\u00adl\u00e4 on jatku\u00adva tarve uusille osaa\u00adjille ja kehit\u00adt\u00e4\u00e4 uusia tuote- ja tuotan\u00adto\u00adpros\u00adesse\u00adja. Pohjois-Kar\u00adjalan met\u00adal\u00adli\u00adte\u00adol\u00adlisu\u00adus on vah\u00adva osaa\u00adja liikku\u00advien ty\u00f6konei\u00adden ja muiden iso\u00adjen konei\u00adden sek\u00e4 lait\u00adtei\u00adden valmis\u00adtuk\u00adses\u00adsa.<br><br>\u00c4lykk\u00e4\u00e4n valmis\u00adtuk\u00adsen kehit\u00adt\u00e4mis\u00adhankkeessa selvitet\u00e4\u00e4n niit\u00e4 reunae\u00adhto\u00adja ja tarvit\u00adtavia kyvykkyyk\u00adsi\u00e4, joi\u00adta vety\u00adtalouden ja muun vihre\u00e4n ener\u00adgiatekni\u00adikan kom\u00adpo\u00adnent\u00adtien tuot\u00adtamises\u00adsa tarvi\u00adtaan. Vety\u00adtalouden koneisi\u00adin, lait\u00adteisi\u00adin ja kom\u00adpo\u00adnent\u00adtei\u00adhin liit\u00adtyvi\u00e4 valmis\u00adtus- ja mate\u00adri\u00adaaliteknisi\u00e4 rajoit\u00adtei\u00adta ei ole selvitet\u00adty Pohjois-Kar\u00adjalas\u00adsa. Tieto on merk\u00adi\u00adtyk\u00adselli\u00adnen, kos\u00adka ener\u00adgiasek\u00adtorin lait\u00adteet edel\u00adlyt\u00adt\u00e4v\u00e4t usein eriko\u00adis\u00adma\u00adte\u00adri\u00adaale\u00adja ja erikois\u00advalmis\u00adtus\u00adpros\u00adessien syv\u00e4l\u00adlist\u00e4 tun\u00adte\u00admus\u00adta. \u00c4lykk\u00e4\u00e4n valmis\u00adtuk\u00adsen han\u00adkkei\u00adden p\u00e4\u00e4\u00adtavoit\u00adteena on uud\u00adis\u00adtaa ja monipuolis\u00adtaa Pohjois-Kar\u00adjalan alue\u00adtalout\u00adta ja elinkei\u00adnoel\u00e4m\u00e4\u00e4 TKI-investoin\u00adtien avul\u00adla, sek\u00e4 edis\u00adt\u00e4\u00e4 siir\u00adtymist\u00e4 ilma\u00ads\u00adtoneu\u00adtraali\u00adin talouteen. T\u00e4m\u00e4 tarkoit\u00adtaa esimerkik\u00adsi uusien teknolo\u00adgioiden k\u00e4yt\u00adt\u00f6\u00f6not\u00adtoa ja ihmis\u00adten tek\u00adnol\u00ado\u00adgisen osaamisen vahvis\u00adtamista.<br><br>Investoin\u00adti\u00adhankkeessa Kare\u00adlia monipuolis\u00adtaa TKIO laite\u00adin\u00adfra\u00adstruk\u00adtu\u00aduri\u00adaan seu\u00adraavin lait\u00adtein: hybrid\u00adi\u00adty\u00f6st\u00f6kone, tark\u00adka laser\u00adleikkaus\u00adlait\u00adteis\u00adto, 3D-kom\u00adposi\u00adit\u00adti\u00adt\u00adu\u00adlostin ja Kare\u00adlian mit\u00adta-avusteisen tuotan\u00adtosol\u00adun sim\u00adu\u00adlaa\u00adtioym\u00adp\u00e4rist\u00f6\u00adjen ohjelmis\u00adtoym\u00adp\u00e4rist\u00f6\u00adjen kehit\u00adt\u00e4mis\u00adin\u00advestoin\u00adti. Investoin\u00adnit ovat uusia ja t\u00e4ysin vas\u00adtaavaa laitekan\u00adtaa Kare\u00adlial\u00adla ei ole. Hybrid\u00adi\u00adty\u00f6st\u00f6kone kor\u00advaa Kare\u00adlian nykyisen vuon\u00adna 2001 han\u00adki\u00adtun suurnopeusty\u00f6st\u00f6koneen, joka on elinkaaren\u00adsa p\u00e4\u00e4ss\u00e4. Uusi hybrid\u00adi\u00adty\u00f6st\u00f6kone kyke\u00adnee ty\u00f6st\u00e4m\u00e4\u00e4n my\u00f6s lasi\u00admaisia ja erit\u00adt\u00e4in kovia mate\u00adri\u00adaale\u00adja hion\u00adtatekni\u00adikalla, t\u00e4t\u00e4 omi\u00adnaisu\u00adut\u00adta ei van\u00adhas\u00adsa suurnopeusty\u00f6st\u00f6koneessa ollut. Kom\u00adposi\u00adit\u00adti\u00adt\u00adu\u00adlostin on t\u00e4ysin uusi laite Kare\u00adlialle ja tarkkaa laser\u00adleikkaus\u00adlaitet\u00adta ei Kare\u00adlial\u00adla ole.<\/p>\n\n\n\n<h2 class=\"wp-block-heading\">Projektin kesto<\/h2>\n\n\n\n<p>1.10.2024 \u2014 31.12.2026<\/p>\n\n\n\n<h2 class=\"wp-block-heading\">Projektip\u00e4\u00e4llikk\u00f6<\/h2>\n\n\n\n<p><strong>Pekka Savan\u00adder<\/strong><br>pekka.savander(a)karelia.fi<\/p>\n\n\n\n<h2 class=\"wp-block-heading\">Rahoitus<\/h2>\n\n\n\n<p>JTF Oikeu\u00adden\u00admukaisen siir\u00adtym\u00e4n rahas\u00adto<\/p>\n\n\n\n<figure class=\"wp-block-image size-full\"><img decoding=\"async\" src=\"https:\/\/hankkeet.karelia.fi\/alykkaan-valmistuksen-tutkimusinfrastruktuurin-uudistaminen-ja-kehittaminen\/wp-content\/uploads\/sites\/25\/2026\/03\/kk9_palkki.jpg\" alt class=\"wp-image-75977\"><\/figure>\n","protected":false},"excerpt":{"rendered":"<p>\u00c4lykk\u00e4\u00e4n valmis\u00adtuk\u00adsen tutkimus\u00adin\u00adfra\u00adstruk\u00adtu\u00adurin \u2013 kehit\u00adt\u00e4mis\u00adhankkeessa ja rin\u00adnakkaise\u00adna toteutet\u00adtavas\u00adsa investoin\u00adti\u00adhankkeessa kas\u00advate\u00adtaan ja paran\u00adnetaan Kare\u00adlian tutkimus\u2011, kehitys\u2011, oppimis- ja inno\u00advaa\u00adtioin\u00adfra\u00adstruk\u00adtu\u00adurin valmiuk\u00adsia hy\u00f6\u00addyn\u00adt\u00e4\u00e4 uusia edis\u00adtyneem\u00adpi\u00e4 valmis\u00ad\u00adtus- ja mate\u00adri\u00adaalite\u00adknolo\u00adgioi\u00adta TKI-toim\u00adin\u00ad\u00adnas\u00adsa. Lis\u00e4k\u00adsi han\u00adkeparis\u00adsa selvitet\u00e4\u00e4n uusia mah\u00addol\u00adlisuuk\u00adsia Pohjois-Kar\u00ad\u00adjalan alueen teknolo\u00adgia\u00adte\u00adol\u00adlisu\u00adudelle kytkey\u00adty\u00e4 vihre\u00e4n ener\u00adgian konei\u00ad\u00adden- ja lait\u00adtei\u00adden kom\u00adpo\u00adnent\u00adti\u00advalmis\u00adtuk\u00adseen. Pohjois-Kar\u00ad\u00adjalan alueen teknolo\u00adgia\u00adte\u00adol\u00adlisu\u00adu\u00adden yri\u00adtyk\u00adsil\u00adl\u00e4 on jatku\u00adva tarve uusille osaa\u00adjille ja kehit\u00adt\u00e4\u00e4 uusia tuote- ja [\u2026]<\/p>\n","protected":false},"author":0,"featured_media":17,"parent":0,"menu_order":0,"comment_status":"closed","ping_status":"closed","template":"","meta":{"inline_featured_image":false,"wp_typography_post_enhancements_disabled":false,"footnotes":""},"class_list":["post-20","page","type-page","status-publish","has-post-thumbnail","hentry"],"yoast_head":"<!-- This site is optimized with the Yoast SEO plugin v27.5 - https:\/\/yoast.com\/product\/yoast-seo-wordpress\/ -->\n<title>\u00c4lykk\u00e4\u00e4n valmistuksen tutkimusinfrastruktuurin uudistaminen ja kehitt\u00e4minen - \u00c4lykk\u00e4\u00e4n valmistuksen tutkimusinfrastruktuurin uudistaminen ja kehitt\u00e4minen<\/title>\n<meta name=\"robots\" content=\"index, follow, max-snippet:-1, max-image-preview:large, max-video-preview:-1\" \/>\n<link rel=\"canonical\" href=\"https:\/\/hankkeet.karelia.fi\/alykkaan-valmistuksen-tutkimusinfrastruktuurin-uudistaminen-ja-kehittaminen\/\" \/>\n<meta property=\"og:locale\" content=\"fi_FI\" \/>\n<meta property=\"og:type\" content=\"article\" \/>\n<meta property=\"og:title\" content=\"\u00c4lykk\u00e4\u00e4n valmistuksen tutkimusinfrastruktuurin uudistaminen ja kehitt\u00e4minen - \u00c4lykk\u00e4\u00e4n valmistuksen tutkimusinfrastruktuurin uudistaminen ja kehitt\u00e4minen\" \/>\n<meta property=\"og:description\" content=\"\u00c4lykk\u00e4\u00e4n valmis\u00adtuk\u00adsen tutkimus\u00adin\u00adfra\u00adstruk\u00adtu\u00adurin \u2013 kehit\u00adt\u00e4mis\u00adhankkeessa ja rin\u00adnakkaise\u00adna toteutet\u00adtavas\u00adsa investoin\u00adti\u00adhankkeessa kas\u00advate\u00adtaan ja paran\u00adnetaan Kare\u00adlian tutkimus\u2011, kehitys\u2011, oppimis- ja inno\u00advaa\u00adtioin\u00adfra\u00adstruk\u00adtu\u00adurin valmiuk\u00adsia hy\u00f6\u00addyn\u00adt\u00e4\u00e4 uusia edis\u00adtyneem\u00adpi\u00e4 valmis\u00adtus- ja mate\u00adri\u00adaalite\u00adknolo\u00adgioi\u00adta TKI-toimin\u00adnas\u00adsa. Lis\u00e4k\u00adsi han\u00adkeparis\u00adsa selvitet\u00e4\u00e4n uusia mah\u00addol\u00adlisuuk\u00adsia Pohjois-Kar\u00adjalan alueen teknolo\u00adgia\u00adte\u00adol\u00adlisu\u00adudelle kytkey\u00adty\u00e4 vihre\u00e4n ener\u00adgian konei\u00adden- ja lait\u00adtei\u00adden kom\u00adpo\u00adnent\u00adti\u00advalmis\u00adtuk\u00adseen. Pohjois-Kar\u00adjalan alueen teknolo\u00adgia\u00adte\u00adol\u00adlisu\u00adu\u00adden yri\u00adtyk\u00adsil\u00adl\u00e4 on jatku\u00adva tarve uusille osaa\u00adjille ja kehit\u00adt\u00e4\u00e4 uusia tuote- ja [&hellip;]\" \/>\n<meta property=\"og:url\" content=\"https:\/\/hankkeet.karelia.fi\/alykkaan-valmistuksen-tutkimusinfrastruktuurin-uudistaminen-ja-kehittaminen\/\" \/>\n<meta property=\"og:site_name\" content=\"\u00c4lykk\u00e4\u00e4n valmistuksen tutkimusinfrastruktuurin uudistaminen ja kehitt\u00e4minen\" \/>\n<meta name=\"twitter:card\" content=\"summary_large_image\" \/>\n<meta name=\"twitter:label1\" content=\"Arvioitu lukuaika\" \/>\n\t<meta name=\"twitter:data1\" content=\"1 minuutti\" \/>\n<script type=\"application\/ld+json\" class=\"yoast-schema-graph\">{\"@context\":\"https:\\\/\\\/schema.org\",\"@graph\":[{\"@type\":\"WebPage\",\"@id\":\"https:\\\/\\\/hankkeet.karelia.fi\\\/alykkaan-valmistuksen-tutkimusinfrastruktuurin-uudistaminen-ja-kehittaminen\\\/\",\"url\":\"https:\\\/\\\/hankkeet.karelia.fi\\\/alykkaan-valmistuksen-tutkimusinfrastruktuurin-uudistaminen-ja-kehittaminen\\\/\",\"name\":\"\u00c4lykk\u00e4\u00e4n valmistuksen tutkimusinfrastruktuurin uudistaminen ja kehitt\u00e4minen - \u00c4lykk\u00e4\u00e4n valmistuksen tutkimusinfrastruktuurin uudistaminen ja kehitt\u00e4minen\",\"isPartOf\":{\"@id\":\"https:\\\/\\\/hankkeet.karelia.fi\\\/alykkaan-valmistuksen-tutkimusinfrastruktuurin-uudistaminen-ja-kehittaminen\\\/#website\"},\"primaryImageOfPage\":{\"@id\":\"https:\\\/\\\/hankkeet.karelia.fi\\\/alykkaan-valmistuksen-tutkimusinfrastruktuurin-uudistaminen-ja-kehittaminen\\\/#primaryimage\"},\"image\":{\"@id\":\"https:\\\/\\\/hankkeet.karelia.fi\\\/alykkaan-valmistuksen-tutkimusinfrastruktuurin-uudistaminen-ja-kehittaminen\\\/#primaryimage\"},\"thumbnailUrl\":\"https:\\\/\\\/hankkeet.karelia.fi\\\/alykkaan-valmistuksen-tutkimusinfrastruktuurin-uudistaminen-ja-kehittaminen\\\/wp-content\\\/uploads\\\/sites\\\/25\\\/2026\\\/03\\\/pr2-1-scaled-1.jpeg\",\"datePublished\":\"2026-03-17T08:01:44+00:00\",\"breadcrumb\":{\"@id\":\"https:\\\/\\\/hankkeet.karelia.fi\\\/alykkaan-valmistuksen-tutkimusinfrastruktuurin-uudistaminen-ja-kehittaminen\\\/#breadcrumb\"},\"inLanguage\":\"fi\",\"potentialAction\":[{\"@type\":\"ReadAction\",\"target\":[\"https:\\\/\\\/hankkeet.karelia.fi\\\/alykkaan-valmistuksen-tutkimusinfrastruktuurin-uudistaminen-ja-kehittaminen\\\/\"]}]},{\"@type\":\"ImageObject\",\"inLanguage\":\"fi\",\"@id\":\"https:\\\/\\\/hankkeet.karelia.fi\\\/alykkaan-valmistuksen-tutkimusinfrastruktuurin-uudistaminen-ja-kehittaminen\\\/#primaryimage\",\"url\":\"https:\\\/\\\/hankkeet.karelia.fi\\\/alykkaan-valmistuksen-tutkimusinfrastruktuurin-uudistaminen-ja-kehittaminen\\\/wp-content\\\/uploads\\\/sites\\\/25\\\/2026\\\/03\\\/pr2-1-scaled-1.jpeg\",\"contentUrl\":\"https:\\\/\\\/hankkeet.karelia.fi\\\/alykkaan-valmistuksen-tutkimusinfrastruktuurin-uudistaminen-ja-kehittaminen\\\/wp-content\\\/uploads\\\/sites\\\/25\\\/2026\\\/03\\\/pr2-1-scaled-1.jpeg\",\"width\":2560,\"height\":1230},{\"@type\":\"BreadcrumbList\",\"@id\":\"https:\\\/\\\/hankkeet.karelia.fi\\\/alykkaan-valmistuksen-tutkimusinfrastruktuurin-uudistaminen-ja-kehittaminen\\\/#breadcrumb\",\"itemListElement\":[{\"@type\":\"ListItem\",\"position\":1,\"name\":\"Home\",\"item\":\"https:\\\/\\\/hankkeet.karelia.fi\\\/alykkaan-valmistuksen-tutkimusinfrastruktuurin-uudistaminen-ja-kehittaminen\\\/alykkaan-valmistuksen-tutkimusinfrastruktuurin-uudistaminen-ja-kehittaminen\\\/\"},{\"@type\":\"ListItem\",\"position\":2,\"name\":\"\u00c4lykk\u00e4\u00e4n valmistuksen tutkimusinfrastruktuurin uudistaminen ja kehitt\u00e4minen\"}]},{\"@type\":\"WebSite\",\"@id\":\"https:\\\/\\\/hankkeet.karelia.fi\\\/alykkaan-valmistuksen-tutkimusinfrastruktuurin-uudistaminen-ja-kehittaminen\\\/#website\",\"url\":\"https:\\\/\\\/hankkeet.karelia.fi\\\/alykkaan-valmistuksen-tutkimusinfrastruktuurin-uudistaminen-ja-kehittaminen\\\/\",\"name\":\"\u00c4lykk\u00e4\u00e4n valmistuksen tutkimusinfrastruktuurin uudistaminen ja kehitt\u00e4minen\",\"description\":\"\",\"publisher\":{\"@id\":\"https:\\\/\\\/hankkeet.karelia.fi\\\/alykkaan-valmistuksen-tutkimusinfrastruktuurin-uudistaminen-ja-kehittaminen\\\/#organization\"},\"potentialAction\":[{\"@type\":\"SearchAction\",\"target\":{\"@type\":\"EntryPoint\",\"urlTemplate\":\"https:\\\/\\\/hankkeet.karelia.fi\\\/alykkaan-valmistuksen-tutkimusinfrastruktuurin-uudistaminen-ja-kehittaminen\\\/?s={search_term_string}\"},\"query-input\":{\"@type\":\"PropertyValueSpecification\",\"valueRequired\":true,\"valueName\":\"search_term_string\"}}],\"inLanguage\":\"fi\"},{\"@type\":\"Organization\",\"@id\":\"https:\\\/\\\/hankkeet.karelia.fi\\\/alykkaan-valmistuksen-tutkimusinfrastruktuurin-uudistaminen-ja-kehittaminen\\\/#organization\",\"name\":\"\u00c4lykk\u00e4\u00e4n valmistuksen tutkimusinfrastruktuurin uudistaminen ja kehitt\u00e4minen\",\"url\":\"https:\\\/\\\/hankkeet.karelia.fi\\\/alykkaan-valmistuksen-tutkimusinfrastruktuurin-uudistaminen-ja-kehittaminen\\\/\",\"logo\":{\"@type\":\"ImageObject\",\"inLanguage\":\"fi\",\"@id\":\"https:\\\/\\\/hankkeet.karelia.fi\\\/alykkaan-valmistuksen-tutkimusinfrastruktuurin-uudistaminen-ja-kehittaminen\\\/#\\\/schema\\\/logo\\\/image\\\/\",\"url\":\"https:\\\/\\\/hankkeet.karelia.fi\\\/alykkaan-valmistuksen-tutkimusinfrastruktuurin-uudistaminen-ja-kehittaminen\\\/wp-content\\\/uploads\\\/sites\\\/25\\\/2026\\\/03\\\/cropped-cropped-Karelia_AMK_logo_RGB-1.png\",\"contentUrl\":\"https:\\\/\\\/hankkeet.karelia.fi\\\/alykkaan-valmistuksen-tutkimusinfrastruktuurin-uudistaminen-ja-kehittaminen\\\/wp-content\\\/uploads\\\/sites\\\/25\\\/2026\\\/03\\\/cropped-cropped-Karelia_AMK_logo_RGB-1.png\",\"width\":427,\"height\":116,\"caption\":\"\u00c4lykk\u00e4\u00e4n valmistuksen tutkimusinfrastruktuurin uudistaminen ja kehitt\u00e4minen\"},\"image\":{\"@id\":\"https:\\\/\\\/hankkeet.karelia.fi\\\/alykkaan-valmistuksen-tutkimusinfrastruktuurin-uudistaminen-ja-kehittaminen\\\/#\\\/schema\\\/logo\\\/image\\\/\"}}]}<\/script>\n<!-- \/ Yoast SEO plugin. -->","yoast_head_json":{"title":"\u00c4lykk\u00e4\u00e4n valmistuksen tutkimusinfrastruktuurin uudistaminen ja kehitt\u00e4minen - \u00c4lykk\u00e4\u00e4n valmistuksen tutkimusinfrastruktuurin uudistaminen ja kehitt\u00e4minen","robots":{"index":"index","follow":"follow","max-snippet":"max-snippet:-1","max-image-preview":"max-image-preview:large","max-video-preview":"max-video-preview:-1"},"canonical":"https:\/\/hankkeet.karelia.fi\/alykkaan-valmistuksen-tutkimusinfrastruktuurin-uudistaminen-ja-kehittaminen\/","og_locale":"fi_FI","og_type":"article","og_title":"\u00c4lykk\u00e4\u00e4n valmistuksen tutkimusinfrastruktuurin uudistaminen ja kehitt\u00e4minen - \u00c4lykk\u00e4\u00e4n valmistuksen tutkimusinfrastruktuurin uudistaminen ja kehitt\u00e4minen","og_description":"\u00c4lykk\u00e4\u00e4n valmis\u00adtuk\u00adsen tutkimus\u00adin\u00adfra\u00adstruk\u00adtu\u00adurin \u2013 kehit\u00adt\u00e4mis\u00adhankkeessa ja rin\u00adnakkaise\u00adna toteutet\u00adtavas\u00adsa investoin\u00adti\u00adhankkeessa kas\u00advate\u00adtaan ja paran\u00adnetaan Kare\u00adlian tutkimus\u2011, kehitys\u2011, oppimis- ja inno\u00advaa\u00adtioin\u00adfra\u00adstruk\u00adtu\u00adurin valmiuk\u00adsia hy\u00f6\u00addyn\u00adt\u00e4\u00e4 uusia edis\u00adtyneem\u00adpi\u00e4 valmis\u00adtus- ja mate\u00adri\u00adaalite\u00adknolo\u00adgioi\u00adta TKI-toimin\u00adnas\u00adsa. Lis\u00e4k\u00adsi han\u00adkeparis\u00adsa selvitet\u00e4\u00e4n uusia mah\u00addol\u00adlisuuk\u00adsia Pohjois-Kar\u00adjalan alueen teknolo\u00adgia\u00adte\u00adol\u00adlisu\u00adudelle kytkey\u00adty\u00e4 vihre\u00e4n ener\u00adgian konei\u00adden- ja lait\u00adtei\u00adden kom\u00adpo\u00adnent\u00adti\u00advalmis\u00adtuk\u00adseen. Pohjois-Kar\u00adjalan alueen teknolo\u00adgia\u00adte\u00adol\u00adlisu\u00adu\u00adden yri\u00adtyk\u00adsil\u00adl\u00e4 on jatku\u00adva tarve uusille osaa\u00adjille ja kehit\u00adt\u00e4\u00e4 uusia tuote- ja [&hellip;]","og_url":"https:\/\/hankkeet.karelia.fi\/alykkaan-valmistuksen-tutkimusinfrastruktuurin-uudistaminen-ja-kehittaminen\/","og_site_name":"\u00c4lykk\u00e4\u00e4n valmistuksen tutkimusinfrastruktuurin uudistaminen ja kehitt\u00e4minen","twitter_card":"summary_large_image","twitter_misc":{"Arvioitu lukuaika":"1 minuutti"},"schema":{"@context":"https:\/\/schema.org","@graph":[{"@type":"WebPage","@id":"https:\/\/hankkeet.karelia.fi\/alykkaan-valmistuksen-tutkimusinfrastruktuurin-uudistaminen-ja-kehittaminen\/","url":"https:\/\/hankkeet.karelia.fi\/alykkaan-valmistuksen-tutkimusinfrastruktuurin-uudistaminen-ja-kehittaminen\/","name":"\u00c4lykk\u00e4\u00e4n valmistuksen tutkimusinfrastruktuurin uudistaminen ja kehitt\u00e4minen - \u00c4lykk\u00e4\u00e4n valmistuksen tutkimusinfrastruktuurin uudistaminen ja kehitt\u00e4minen","isPartOf":{"@id":"https:\/\/hankkeet.karelia.fi\/alykkaan-valmistuksen-tutkimusinfrastruktuurin-uudistaminen-ja-kehittaminen\/#website"},"primaryImageOfPage":{"@id":"https:\/\/hankkeet.karelia.fi\/alykkaan-valmistuksen-tutkimusinfrastruktuurin-uudistaminen-ja-kehittaminen\/#primaryimage"},"image":{"@id":"https:\/\/hankkeet.karelia.fi\/alykkaan-valmistuksen-tutkimusinfrastruktuurin-uudistaminen-ja-kehittaminen\/#primaryimage"},"thumbnailUrl":"https:\/\/hankkeet.karelia.fi\/alykkaan-valmistuksen-tutkimusinfrastruktuurin-uudistaminen-ja-kehittaminen\/wp-content\/uploads\/sites\/25\/2026\/03\/pr2-1-scaled-1.jpeg","datePublished":"2026-03-17T08:01:44+00:00","breadcrumb":{"@id":"https:\/\/hankkeet.karelia.fi\/alykkaan-valmistuksen-tutkimusinfrastruktuurin-uudistaminen-ja-kehittaminen\/#breadcrumb"},"inLanguage":"fi","potentialAction":[{"@type":"ReadAction","target":["https:\/\/hankkeet.karelia.fi\/alykkaan-valmistuksen-tutkimusinfrastruktuurin-uudistaminen-ja-kehittaminen\/"]}]},{"@type":"ImageObject","inLanguage":"fi","@id":"https:\/\/hankkeet.karelia.fi\/alykkaan-valmistuksen-tutkimusinfrastruktuurin-uudistaminen-ja-kehittaminen\/#primaryimage","url":"https:\/\/hankkeet.karelia.fi\/alykkaan-valmistuksen-tutkimusinfrastruktuurin-uudistaminen-ja-kehittaminen\/wp-content\/uploads\/sites\/25\/2026\/03\/pr2-1-scaled-1.jpeg","contentUrl":"https:\/\/hankkeet.karelia.fi\/alykkaan-valmistuksen-tutkimusinfrastruktuurin-uudistaminen-ja-kehittaminen\/wp-content\/uploads\/sites\/25\/2026\/03\/pr2-1-scaled-1.jpeg","width":2560,"height":1230},{"@type":"BreadcrumbList","@id":"https:\/\/hankkeet.karelia.fi\/alykkaan-valmistuksen-tutkimusinfrastruktuurin-uudistaminen-ja-kehittaminen\/#breadcrumb","itemListElement":[{"@type":"ListItem","position":1,"name":"Home","item":"https:\/\/hankkeet.karelia.fi\/alykkaan-valmistuksen-tutkimusinfrastruktuurin-uudistaminen-ja-kehittaminen\/alykkaan-valmistuksen-tutkimusinfrastruktuurin-uudistaminen-ja-kehittaminen\/"},{"@type":"ListItem","position":2,"name":"\u00c4lykk\u00e4\u00e4n valmistuksen tutkimusinfrastruktuurin uudistaminen ja kehitt\u00e4minen"}]},{"@type":"WebSite","@id":"https:\/\/hankkeet.karelia.fi\/alykkaan-valmistuksen-tutkimusinfrastruktuurin-uudistaminen-ja-kehittaminen\/#website","url":"https:\/\/hankkeet.karelia.fi\/alykkaan-valmistuksen-tutkimusinfrastruktuurin-uudistaminen-ja-kehittaminen\/","name":"\u00c4lykk\u00e4\u00e4n valmistuksen tutkimusinfrastruktuurin uudistaminen ja kehitt\u00e4minen","description":"","publisher":{"@id":"https:\/\/hankkeet.karelia.fi\/alykkaan-valmistuksen-tutkimusinfrastruktuurin-uudistaminen-ja-kehittaminen\/#organization"},"potentialAction":[{"@type":"SearchAction","target":{"@type":"EntryPoint","urlTemplate":"https:\/\/hankkeet.karelia.fi\/alykkaan-valmistuksen-tutkimusinfrastruktuurin-uudistaminen-ja-kehittaminen\/?s={search_term_string}"},"query-input":{"@type":"PropertyValueSpecification","valueRequired":true,"valueName":"search_term_string"}}],"inLanguage":"fi"},{"@type":"Organization","@id":"https:\/\/hankkeet.karelia.fi\/alykkaan-valmistuksen-tutkimusinfrastruktuurin-uudistaminen-ja-kehittaminen\/#organization","name":"\u00c4lykk\u00e4\u00e4n valmistuksen tutkimusinfrastruktuurin uudistaminen ja kehitt\u00e4minen","url":"https:\/\/hankkeet.karelia.fi\/alykkaan-valmistuksen-tutkimusinfrastruktuurin-uudistaminen-ja-kehittaminen\/","logo":{"@type":"ImageObject","inLanguage":"fi","@id":"https:\/\/hankkeet.karelia.fi\/alykkaan-valmistuksen-tutkimusinfrastruktuurin-uudistaminen-ja-kehittaminen\/#\/schema\/logo\/image\/","url":"https:\/\/hankkeet.karelia.fi\/alykkaan-valmistuksen-tutkimusinfrastruktuurin-uudistaminen-ja-kehittaminen\/wp-content\/uploads\/sites\/25\/2026\/03\/cropped-cropped-Karelia_AMK_logo_RGB-1.png","contentUrl":"https:\/\/hankkeet.karelia.fi\/alykkaan-valmistuksen-tutkimusinfrastruktuurin-uudistaminen-ja-kehittaminen\/wp-content\/uploads\/sites\/25\/2026\/03\/cropped-cropped-Karelia_AMK_logo_RGB-1.png","width":427,"height":116,"caption":"\u00c4lykk\u00e4\u00e4n valmistuksen tutkimusinfrastruktuurin uudistaminen ja kehitt\u00e4minen"},"image":{"@id":"https:\/\/hankkeet.karelia.fi\/alykkaan-valmistuksen-tutkimusinfrastruktuurin-uudistaminen-ja-kehittaminen\/#\/schema\/logo\/image\/"}}]}},"_links":{"self":[{"href":"https:\/\/hankkeet.karelia.fi\/alykkaan-valmistuksen-tutkimusinfrastruktuurin-uudistaminen-ja-kehittaminen\/wp-json\/wp\/v2\/pages\/20","targetHints":{"allow":["GET"]}}],"collection":[{"href":"https:\/\/hankkeet.karelia.fi\/alykkaan-valmistuksen-tutkimusinfrastruktuurin-uudistaminen-ja-kehittaminen\/wp-json\/wp\/v2\/pages"}],"about":[{"href":"https:\/\/hankkeet.karelia.fi\/alykkaan-valmistuksen-tutkimusinfrastruktuurin-uudistaminen-ja-kehittaminen\/wp-json\/wp\/v2\/types\/page"}],"replies":[{"embeddable":true,"href":"https:\/\/hankkeet.karelia.fi\/alykkaan-valmistuksen-tutkimusinfrastruktuurin-uudistaminen-ja-kehittaminen\/wp-json\/wp\/v2\/comments?post=20"}],"version-history":[{"count":0,"href":"https:\/\/hankkeet.karelia.fi\/alykkaan-valmistuksen-tutkimusinfrastruktuurin-uudistaminen-ja-kehittaminen\/wp-json\/wp\/v2\/pages\/20\/revisions"}],"wp:featuredmedia":[{"embeddable":true,"href":"https:\/\/hankkeet.karelia.fi\/alykkaan-valmistuksen-tutkimusinfrastruktuurin-uudistaminen-ja-kehittaminen\/wp-json\/wp\/v2\/media\/17"}],"wp:attachment":[{"href":"https:\/\/hankkeet.karelia.fi\/alykkaan-valmistuksen-tutkimusinfrastruktuurin-uudistaminen-ja-kehittaminen\/wp-json\/wp\/v2\/media?parent=20"}],"curies":[{"name":"wp","href":"https:\/\/api.w.org\/{rel}","templated":true}]}}