{"id":28,"date":"2026-04-15T11:57:56","date_gmt":"2026-04-15T08:57:56","guid":{"rendered":"https:\/\/hankkeet.karelia.fi\/alykkaat-energiayhteisot\/?page_id=28"},"modified":"2026-04-15T11:57:57","modified_gmt":"2026-04-15T08:57:57","slug":"yhteystiedot","status":"publish","type":"page","link":"https:\/\/hankkeet.karelia.fi\/alykkaat-energiayhteisot\/yhteystiedot\/","title":{"rendered":"Yhteystiedot"},"content":{"rendered":"","protected":false},"excerpt":{"rendered":"","protected":false},"author":8,"featured_media":17,"parent":0,"menu_order":0,"comment_status":"closed","ping_status":"closed","template":"","meta":{"inline_featured_image":false,"wp_typography_post_enhancements_disabled":false,"footnotes":""},"class_list":["post-28","page","type-page","status-publish","has-post-thumbnail","hentry"],"yoast_head":"<!-- This site is optimized with the Yoast SEO plugin v27.5 - https:\/\/yoast.com\/product\/yoast-seo-wordpress\/ -->\n<title>Yhteystiedot - \u00c4lykk\u00e4\u00e4t energiayhteis\u00f6t<\/title>\n<meta name=\"robots\" content=\"index, follow, max-snippet:-1, max-image-preview:large, max-video-preview:-1\" \/>\n<link rel=\"canonical\" href=\"https:\/\/hankkeet.karelia.fi\/alykkaat-energiayhteisot\/yhteystiedot\/\" \/>\n<meta property=\"og:locale\" content=\"fi_FI\" \/>\n<meta property=\"og:type\" content=\"article\" \/>\n<meta property=\"og:title\" content=\"Yhteystiedot - \u00c4lykk\u00e4\u00e4t energiayhteis\u00f6t\" \/>\n<meta property=\"og:url\" content=\"https:\/\/hankkeet.karelia.fi\/alykkaat-energiayhteisot\/yhteystiedot\/\" \/>\n<meta property=\"og:site_name\" content=\"\u00c4lykk\u00e4\u00e4t energiayhteis\u00f6t\" \/>\n<meta property=\"article:modified_time\" content=\"2026-04-15T08:57:57+00:00\" \/>\n<meta property=\"og:image\" content=\"https:\/\/hankkeet.karelia.fi\/alykkaat-energiayhteisot\/wp-content\/uploads\/sites\/64\/2026\/03\/Karelia-AMK-Energiayhteisot-42-scaled-1.jpg\" \/>\n\t<meta property=\"og:image:width\" content=\"2560\" \/>\n\t<meta property=\"og:image:height\" content=\"1707\" \/>\n\t<meta property=\"og:image:type\" content=\"image\/jpeg\" \/>\n<meta name=\"twitter:card\" content=\"summary_large_image\" \/>\n<meta name=\"twitter:label1\" content=\"Arvioitu lukuaika\" \/>\n\t<meta name=\"twitter:data1\" content=\"1 minuutti\" \/>\n<script type=\"application\/ld+json\" class=\"yoast-schema-graph\">{\"@context\":\"https:\\\/\\\/schema.org\",\"@graph\":[{\"@type\":\"WebPage\",\"@id\":\"https:\\\/\\\/hankkeet.karelia.fi\\\/alykkaat-energiayhteisot\\\/yhteystiedot\\\/\",\"url\":\"https:\\\/\\\/hankkeet.karelia.fi\\\/alykkaat-energiayhteisot\\\/yhteystiedot\\\/\",\"name\":\"Yhteystiedot - \u00c4lykk\u00e4\u00e4t energiayhteis\u00f6t\",\"isPartOf\":{\"@id\":\"https:\\\/\\\/hankkeet.karelia.fi\\\/alykkaat-energiayhteisot\\\/#website\"},\"primaryImageOfPage\":{\"@id\":\"https:\\\/\\\/hankkeet.karelia.fi\\\/alykkaat-energiayhteisot\\\/yhteystiedot\\\/#primaryimage\"},\"image\":{\"@id\":\"https:\\\/\\\/hankkeet.karelia.fi\\\/alykkaat-energiayhteisot\\\/yhteystiedot\\\/#primaryimage\"},\"thumbnailUrl\":\"https:\\\/\\\/hankkeet.karelia.fi\\\/alykkaat-energiayhteisot\\\/wp-content\\\/uploads\\\/sites\\\/64\\\/2026\\\/03\\\/Karelia-AMK-Energiayhteisot-42-scaled-1.jpg\",\"datePublished\":\"2026-04-15T08:57:56+00:00\",\"dateModified\":\"2026-04-15T08:57:57+00:00\",\"breadcrumb\":{\"@id\":\"https:\\\/\\\/hankkeet.karelia.fi\\\/alykkaat-energiayhteisot\\\/yhteystiedot\\\/#breadcrumb\"},\"inLanguage\":\"fi\",\"potentialAction\":[{\"@type\":\"ReadAction\",\"target\":[\"https:\\\/\\\/hankkeet.karelia.fi\\\/alykkaat-energiayhteisot\\\/yhteystiedot\\\/\"]}]},{\"@type\":\"ImageObject\",\"inLanguage\":\"fi\",\"@id\":\"https:\\\/\\\/hankkeet.karelia.fi\\\/alykkaat-energiayhteisot\\\/yhteystiedot\\\/#primaryimage\",\"url\":\"https:\\\/\\\/hankkeet.karelia.fi\\\/alykkaat-energiayhteisot\\\/wp-content\\\/uploads\\\/sites\\\/64\\\/2026\\\/03\\\/Karelia-AMK-Energiayhteisot-42-scaled-1.jpg\",\"contentUrl\":\"https:\\\/\\\/hankkeet.karelia.fi\\\/alykkaat-energiayhteisot\\\/wp-content\\\/uploads\\\/sites\\\/64\\\/2026\\\/03\\\/Karelia-AMK-Energiayhteisot-42-scaled-1.jpg\",\"width\":2560,\"height\":1707},{\"@type\":\"BreadcrumbList\",\"@id\":\"https:\\\/\\\/hankkeet.karelia.fi\\\/alykkaat-energiayhteisot\\\/yhteystiedot\\\/#breadcrumb\",\"itemListElement\":[{\"@type\":\"ListItem\",\"position\":1,\"name\":\"Home\",\"item\":\"https:\\\/\\\/hankkeet.karelia.fi\\\/alykkaat-energiayhteisot\\\/alykkaat-energiayhteisot\\\/\"},{\"@type\":\"ListItem\",\"position\":2,\"name\":\"Yhteystiedot\"}]},{\"@type\":\"WebSite\",\"@id\":\"https:\\\/\\\/hankkeet.karelia.fi\\\/alykkaat-energiayhteisot\\\/#website\",\"url\":\"https:\\\/\\\/hankkeet.karelia.fi\\\/alykkaat-energiayhteisot\\\/\",\"name\":\"\u00c4lykk\u00e4\u00e4t energiayhteis\u00f6t\",\"description\":\"\",\"publisher\":{\"@id\":\"https:\\\/\\\/hankkeet.karelia.fi\\\/alykkaat-energiayhteisot\\\/#organization\"},\"potentialAction\":[{\"@type\":\"SearchAction\",\"target\":{\"@type\":\"EntryPoint\",\"urlTemplate\":\"https:\\\/\\\/hankkeet.karelia.fi\\\/alykkaat-energiayhteisot\\\/?s={search_term_string}\"},\"query-input\":{\"@type\":\"PropertyValueSpecification\",\"valueRequired\":true,\"valueName\":\"search_term_string\"}}],\"inLanguage\":\"fi\"},{\"@type\":\"Organization\",\"@id\":\"https:\\\/\\\/hankkeet.karelia.fi\\\/alykkaat-energiayhteisot\\\/#organization\",\"name\":\"\u00c4lykk\u00e4\u00e4t energiayhteis\u00f6t\",\"url\":\"https:\\\/\\\/hankkeet.karelia.fi\\\/alykkaat-energiayhteisot\\\/\",\"logo\":{\"@type\":\"ImageObject\",\"inLanguage\":\"fi\",\"@id\":\"https:\\\/\\\/hankkeet.karelia.fi\\\/alykkaat-energiayhteisot\\\/#\\\/schema\\\/logo\\\/image\\\/\",\"url\":\"https:\\\/\\\/hankkeet.karelia.fi\\\/alykkaat-energiayhteisot\\\/wp-content\\\/uploads\\\/sites\\\/64\\\/2026\\\/03\\\/cropped-cropped-Karelia_AMK_logo_RGB-1.png\",\"contentUrl\":\"https:\\\/\\\/hankkeet.karelia.fi\\\/alykkaat-energiayhteisot\\\/wp-content\\\/uploads\\\/sites\\\/64\\\/2026\\\/03\\\/cropped-cropped-Karelia_AMK_logo_RGB-1.png\",\"width\":427,\"height\":116,\"caption\":\"\u00c4lykk\u00e4\u00e4t energiayhteis\u00f6t\"},\"image\":{\"@id\":\"https:\\\/\\\/hankkeet.karelia.fi\\\/alykkaat-energiayhteisot\\\/#\\\/schema\\\/logo\\\/image\\\/\"}}]}<\/script>\n<!-- \/ Yoast SEO plugin. -->","yoast_head_json":{"title":"Yhteystiedot - \u00c4lykk\u00e4\u00e4t energiayhteis\u00f6t","robots":{"index":"index","follow":"follow","max-snippet":"max-snippet:-1","max-image-preview":"max-image-preview:large","max-video-preview":"max-video-preview:-1"},"canonical":"https:\/\/hankkeet.karelia.fi\/alykkaat-energiayhteisot\/yhteystiedot\/","og_locale":"fi_FI","og_type":"article","og_title":"Yhteystiedot - \u00c4lykk\u00e4\u00e4t energiayhteis\u00f6t","og_url":"https:\/\/hankkeet.karelia.fi\/alykkaat-energiayhteisot\/yhteystiedot\/","og_site_name":"\u00c4lykk\u00e4\u00e4t energiayhteis\u00f6t","article_modified_time":"2026-04-15T08:57:57+00:00","og_image":[{"width":2560,"height":1707,"url":"https:\/\/hankkeet.karelia.fi\/alykkaat-energiayhteisot\/wp-content\/uploads\/sites\/64\/2026\/03\/Karelia-AMK-Energiayhteisot-42-scaled-1.jpg","type":"image\/jpeg"}],"twitter_card":"summary_large_image","twitter_misc":{"Arvioitu lukuaika":"1 minuutti"},"schema":{"@context":"https:\/\/schema.org","@graph":[{"@type":"WebPage","@id":"https:\/\/hankkeet.karelia.fi\/alykkaat-energiayhteisot\/yhteystiedot\/","url":"https:\/\/hankkeet.karelia.fi\/alykkaat-energiayhteisot\/yhteystiedot\/","name":"Yhteystiedot - \u00c4lykk\u00e4\u00e4t energiayhteis\u00f6t","isPartOf":{"@id":"https:\/\/hankkeet.karelia.fi\/alykkaat-energiayhteisot\/#website"},"primaryImageOfPage":{"@id":"https:\/\/hankkeet.karelia.fi\/alykkaat-energiayhteisot\/yhteystiedot\/#primaryimage"},"image":{"@id":"https:\/\/hankkeet.karelia.fi\/alykkaat-energiayhteisot\/yhteystiedot\/#primaryimage"},"thumbnailUrl":"https:\/\/hankkeet.karelia.fi\/alykkaat-energiayhteisot\/wp-content\/uploads\/sites\/64\/2026\/03\/Karelia-AMK-Energiayhteisot-42-scaled-1.jpg","datePublished":"2026-04-15T08:57:56+00:00","dateModified":"2026-04-15T08:57:57+00:00","breadcrumb":{"@id":"https:\/\/hankkeet.karelia.fi\/alykkaat-energiayhteisot\/yhteystiedot\/#breadcrumb"},"inLanguage":"fi","potentialAction":[{"@type":"ReadAction","target":["https:\/\/hankkeet.karelia.fi\/alykkaat-energiayhteisot\/yhteystiedot\/"]}]},{"@type":"ImageObject","inLanguage":"fi","@id":"https:\/\/hankkeet.karelia.fi\/alykkaat-energiayhteisot\/yhteystiedot\/#primaryimage","url":"https:\/\/hankkeet.karelia.fi\/alykkaat-energiayhteisot\/wp-content\/uploads\/sites\/64\/2026\/03\/Karelia-AMK-Energiayhteisot-42-scaled-1.jpg","contentUrl":"https:\/\/hankkeet.karelia.fi\/alykkaat-energiayhteisot\/wp-content\/uploads\/sites\/64\/2026\/03\/Karelia-AMK-Energiayhteisot-42-scaled-1.jpg","width":2560,"height":1707},{"@type":"BreadcrumbList","@id":"https:\/\/hankkeet.karelia.fi\/alykkaat-energiayhteisot\/yhteystiedot\/#breadcrumb","itemListElement":[{"@type":"ListItem","position":1,"name":"Home","item":"https:\/\/hankkeet.karelia.fi\/alykkaat-energiayhteisot\/alykkaat-energiayhteisot\/"},{"@type":"ListItem","position":2,"name":"Yhteystiedot"}]},{"@type":"WebSite","@id":"https:\/\/hankkeet.karelia.fi\/alykkaat-energiayhteisot\/#website","url":"https:\/\/hankkeet.karelia.fi\/alykkaat-energiayhteisot\/","name":"\u00c4lykk\u00e4\u00e4t energiayhteis\u00f6t","description":"","publisher":{"@id":"https:\/\/hankkeet.karelia.fi\/alykkaat-energiayhteisot\/#organization"},"potentialAction":[{"@type":"SearchAction","target":{"@type":"EntryPoint","urlTemplate":"https:\/\/hankkeet.karelia.fi\/alykkaat-energiayhteisot\/?s={search_term_string}"},"query-input":{"@type":"PropertyValueSpecification","valueRequired":true,"valueName":"search_term_string"}}],"inLanguage":"fi"},{"@type":"Organization","@id":"https:\/\/hankkeet.karelia.fi\/alykkaat-energiayhteisot\/#organization","name":"\u00c4lykk\u00e4\u00e4t energiayhteis\u00f6t","url":"https:\/\/hankkeet.karelia.fi\/alykkaat-energiayhteisot\/","logo":{"@type":"ImageObject","inLanguage":"fi","@id":"https:\/\/hankkeet.karelia.fi\/alykkaat-energiayhteisot\/#\/schema\/logo\/image\/","url":"https:\/\/hankkeet.karelia.fi\/alykkaat-energiayhteisot\/wp-content\/uploads\/sites\/64\/2026\/03\/cropped-cropped-Karelia_AMK_logo_RGB-1.png","contentUrl":"https:\/\/hankkeet.karelia.fi\/alykkaat-energiayhteisot\/wp-content\/uploads\/sites\/64\/2026\/03\/cropped-cropped-Karelia_AMK_logo_RGB-1.png","width":427,"height":116,"caption":"\u00c4lykk\u00e4\u00e4t energiayhteis\u00f6t"},"image":{"@id":"https:\/\/hankkeet.karelia.fi\/alykkaat-energiayhteisot\/#\/schema\/logo\/image\/"}}]}},"_links":{"self":[{"href":"https:\/\/hankkeet.karelia.fi\/alykkaat-energiayhteisot\/wp-json\/wp\/v2\/pages\/28","targetHints":{"allow":["GET"]}}],"collection":[{"href":"https:\/\/hankkeet.karelia.fi\/alykkaat-energiayhteisot\/wp-json\/wp\/v2\/pages"}],"about":[{"href":"https:\/\/hankkeet.karelia.fi\/alykkaat-energiayhteisot\/wp-json\/wp\/v2\/types\/page"}],"author":[{"embeddable":true,"href":"https:\/\/hankkeet.karelia.fi\/alykkaat-energiayhteisot\/wp-json\/wp\/v2\/users\/8"}],"replies":[{"embeddable":true,"href":"https:\/\/hankkeet.karelia.fi\/alykkaat-energiayhteisot\/wp-json\/wp\/v2\/comments?post=28"}],"version-history":[{"count":1,"href":"https:\/\/hankkeet.karelia.fi\/alykkaat-energiayhteisot\/wp-json\/wp\/v2\/pages\/28\/revisions"}],"predecessor-version":[{"id":29,"href":"https:\/\/hankkeet.karelia.fi\/alykkaat-energiayhteisot\/wp-json\/wp\/v2\/pages\/28\/revisions\/29"}],"wp:featuredmedia":[{"embeddable":true,"href":"https:\/\/hankkeet.karelia.fi\/alykkaat-energiayhteisot\/wp-json\/wp\/v2\/media\/17"}],"wp:attachment":[{"href":"https:\/\/hankkeet.karelia.fi\/alykkaat-energiayhteisot\/wp-json\/wp\/v2\/media?parent=28"}],"curies":[{"name":"wp","href":"https:\/\/api.w.org\/{rel}","templated":true}]}}