{"id":20,"date":"2026-03-17T08:29:56","date_gmt":"2026-03-17T06:29:56","guid":{"rendered":"https:\/\/hankkeet.karelia.fi\/auri-uudet-epbd-direktiivin-mukaiset-aurinko-ja-energian-joustoratkaisut-julkisiin-kiinteistoihin\/auri2027-uudet-epbd-direktiivin-mukaiset-aurinko-ja-energian-joustoratkaisut-julkisiin-kiinteistoihin\/"},"modified":"2026-04-07T14:09:33","modified_gmt":"2026-04-07T11:09:33","slug":"auri2027-2","status":"publish","type":"page","link":"https:\/\/hankkeet.karelia.fi\/auri2027\/","title":{"rendered":"AURI2027 \u2013 Uudet EPBD-direktiivin mukaiset aurinko- ja energian joustoratkaisut julkisiin kiinteist\u00f6ihin"},"content":{"rendered":"\n<figure class=\"wp-block-image size-full\"><img decoding=\"async\" src=\"https:\/\/hankkeet.karelia.fi\/auri-uudet-epbd-direktiivin-mukaiset-aurinko-ja-energian-joustoratkaisut-julkisiin-kiinteistoihin\/wp-content\/uploads\/sites\/13\/2026\/03\/auri2027.png\" alt class=\"wp-image-83444\"><\/figure>\n\n\n\n<p>AURI2027-han\u00adke (1.3.2025 \u2014 28.2.2027) keskit\u00adtyy edis\u00adt\u00e4m\u00e4\u00e4n aurinkoen\u00ader\u00adgian ja ener\u00adgia\u00adjous\u00adtoratkaisu\u00adjen hy\u00f6\u00addyn\u00adt\u00e4mist\u00e4 julk\u00adi\u00adsis\u00adsa raken\u00adnuk\u00adsis\u00adsa. Han\u00adkkeen p\u00e4\u00e4\u00adtavoit\u00adteena on tukea kun\u00adtia ja mui\u00adta julk\u00adisten kiin\u00adteist\u00f6\u00adjen omis\u00adta\u00adjia saavut\u00adta\u00admaan hiilineu\u00adtraal\u00adisu\u00adus\u00adtavoit\u00adteen\u00adsa sek\u00e4 t\u00e4yt\u00adt\u00e4m\u00e4\u00e4n Euroopan union\u00adin aset\u00adta\u00admat vaa\u00adtimuk\u00adset raken\u00adnusten ener\u00adgiate\u00adhokku\u00adus\u00addi\u00adrek\u00adti\u00adivin (EPBD), ener\u00adgiate\u00adhokku\u00adu\u00adden ja uusi\u00adu\u00adtu\u00advan ener\u00adgian k\u00e4yt\u00f6n osalta. Tavoit\u00adtei\u00adden saavut\u00adtamisek\u00adsi han\u00adkkeessa kehitet\u00e4\u00e4n uusia menetelmi\u00e4 ja ty\u00f6kalu\u00adja, joil\u00adla voidaan arvioi\u00adda julk\u00adisten raken\u00adnusten aurinkoen\u00ader\u00adgiapo\u00adten\u00adti\u00adaalia ja selvit\u00adt\u00e4\u00e4 ener\u00adgiavaras\u00adto\u00adjen ja ener\u00adgia\u00adjous\u00adton kus\u00adtan\u00adnuste\u00adhokku\u00adut\u00adta. N\u00e4i\u00adden tieto\u00adjen poh\u00adjal\u00adta kun\u00adnat voivat suun\u00adna\u00adta investoin\u00adte\u00adja kohti kest\u00e4vi\u00e4 ja pitk\u00e4ik\u00e4isi\u00e4 ener\u00adgia\u00adratkaisu\u00adja, jot\u00adka pienen\u00adt\u00e4v\u00e4t ener\u00adgianku\u00adlu\u00adtus\u00adta ja v\u00e4hen\u00adt\u00e4v\u00e4t kasvi\u00adhuonekaa\u00adsup\u00e4\u00e4st\u00f6j\u00e4.<\/p>\n\n\n\n<p>Han\u00adkkeessa paran\u00adnetaan pk-yri\u00adtys\u00adten valmiuk\u00adsia tar\u00adjo\u00adta inno\u00advati\u00adivisia aurinkoen\u00ader\u00adgia- ja ener\u00adgia\u00adjous\u00adtoratkaisu\u00adja julkiselle sek\u00adto\u00adrille. T\u00e4m\u00e4 toteutetaan j\u00e4r\u00adjest\u00e4m\u00e4l\u00adl\u00e4 ty\u00f6\u00adpa\u00adjo\u00adja ja markki\u00adnavuorop\u00aduhe\u00adlu\u00adta\u00adpah\u00adtu\u00admia, jois\u00adsa pk-yri\u00adtyk\u00adset ja julkiset toim\u00adi\u00adjat p\u00e4\u00e4\u00adsev\u00e4t vai\u00adh\u00adta\u00admaan tietoa, suun\u00adnit\u00adtele\u00admaan yhdess\u00e4 ener\u00adgiate\u00adhokku\u00adut\u00adta tuke\u00advia toim\u00adinta\u00admalle\u00adja sek\u00e4 kehit\u00adt\u00e4m\u00e4\u00e4n palveluin\u00adno\u00advaa\u00adtioi\u00adta. Ty\u00f6\u00adpa\u00adjois\u00adsa yri\u00adtyk\u00adsi\u00e4 tue\u00adtaan kehit\u00adt\u00e4m\u00e4\u00e4n uusia ratkaisu\u00adja, jot\u00adka vas\u00adtaa\u00advat kun\u00adtien ja kaupunkien eri\u00adty\u00adis\u00adtarpeisi\u00adin, kuten ener\u00adgiank\u00e4yt\u00f6n opti\u00admoin\u00adti\u00adin ja uusi\u00adu\u00adtu\u00advan ener\u00adgian laa\u00adjem\u00adpaan hy\u00f6\u00addyn\u00adt\u00e4miseen. Markki\u00adnavuorop\u00aduheluis\u00adsa kun\u00adtien edus\u00adta\u00adjat ja pk-yri\u00adtyk\u00adset voivat yhdess\u00e4 suun\u00adnitel\u00adla teknolo\u00adgioi\u00adta ja palvelumalle\u00adja, jot\u00adka tuke\u00advat julk\u00adisten raken\u00adnusten ener\u00adgiate\u00adhokku\u00adu\u00adden paran\u00adtamista ja kest\u00e4v\u00e4\u00e4 ener\u00adgiank\u00e4yt\u00adt\u00f6\u00e4.<\/p>\n\n\n\n<p>Han\u00adkkeessa syn\u00adtyy konkreet\u00adtisia aurinkoen\u00ader\u00adgian ja ener\u00adgia\u00adjous\u00adtoratkaisu\u00adjen pilot\u00adte\u00adja, joiden avul\u00adla kun\u00adnat ja muut julkiset toim\u00adi\u00adjat voivat tes\u00adta\u00adta ja arvioi\u00adda ratkaisu\u00adjen k\u00e4yt\u00e4n\u00adn\u00f6n toimivu\u00adut\u00adta sek\u00e4 vaiku\u00adtus\u00adta ener\u00adgianku\u00adlu\u00adtuk\u00adseen ja p\u00e4\u00e4st\u00f6\u00adjen v\u00e4hen\u00ade\u00admiseen. Samal\u00adla kehitet\u00e4\u00e4n uusia palvelukon\u00adsepte\u00adja, joi\u00adta pk-yri\u00adtyk\u00adset voivat tar\u00adjo\u00adta julkiselle sek\u00adto\u00adrille ener\u00adgiate\u00adhokku\u00adu\u00adden paran\u00adtamisek\u00adsi. Pilot\u00adtien lis\u00e4k\u00adsi han\u00adkkeessa laa\u00addi\u00adtaan toim\u00adinta\u00admalle\u00adja ja suosi\u00adtuk\u00adsia, jot\u00adka tuke\u00advat kun\u00adtia ja mui\u00adta julk\u00adisia toim\u00adi\u00adjoi\u00adta siir\u00adtym\u00e4\u00e4n kohti kest\u00e4v\u00e4m\u00adp\u00e4\u00e4 ener\u00adgiank\u00e4yt\u00adt\u00f6\u00e4 ja vas\u00adtaa\u00admaan tule\u00advaisu\u00adu\u00adden ener\u00adgiank\u00e4yt\u00f6n haasteisi\u00adin kus\u00adtan\u00adnuste\u00adhokkaasti ja kest\u00e4v\u00e4sti.AURI2027-hankkeessa pain\u00adote\u00adtaan laa\u00adjaa viestin\u00adt\u00e4\u00e4 ja tiedon jakamista, jot\u00adta han\u00adkkeen tulok\u00adset ja opit lev\u00adi\u00e4v\u00e4t val\u00adtakun\u00adnal\u00adlis\u00ades\u00adti eri sidos\u00adryh\u00admille, kun\u00adtien p\u00e4\u00e4t\u00adt\u00e4jille, pk-yri\u00adtyk\u00adsille ja muille julk\u00adisille toim\u00adi\u00adjoille. Viestin\u00adt\u00e4 toteutetaan monikanavais\u00ades\u00adti hy\u00f6\u00addyn\u00adt\u00e4m\u00e4l\u00adl\u00e4 han\u00adkkeen verkko\u00adsivu\u00adja, sosi\u00adaalisen medi\u00adan kanavia sek\u00e4 julka\u00adisu\u00adja. Han\u00adkkeen tulok\u00adsista tuote\u00adtaan artikkelei\u00adta, ja tulok\u00adset kootaan s\u00e4hk\u00f6isek\u00adsi julka\u00adisuk\u00adsi, joka jae\u00adtaan laa\u00adjasti sidos\u00adryh\u00admille. N\u00e4in varmis\u00adte\u00adtaan, ett\u00e4 kehite\u00adtyt menetelm\u00e4t ja ratkaisut ovat saatavil\u00adla ja hy\u00f6\u00addyn\u00adnet\u00adt\u00e4vis\u00ads\u00e4 my\u00f6s han\u00adkkeen p\u00e4\u00e4t\u00adtymisen j\u00e4l\u00adkeen.<\/p>\n\n\n\n<p>Han\u00adke p\u00e4\u00e4t\u00adtyy lop\u00adpusem\u00adi\u00adnaari\u00adin, jos\u00adsa esitel\u00adl\u00e4\u00e4n han\u00adkkeen keskeiset tulok\u00adset ja saavu\u00adtuk\u00adset. Sem\u00adi\u00adnaaris\u00adsa keskustel\u00adlaan han\u00adkkeen kehit\u00adt\u00e4mien menetelmien soveltamis\u00ades\u00adta ja jatko\u00adtoimen\u00adpiteist\u00e4, kuten uusista pilot\u00adti\u00adhankkeista ja toim\u00adinta\u00admalleista, joil\u00adla aurinkoen\u00ader\u00adgian ja ener\u00adgia\u00adjous\u00adtote\u00adknolo\u00adgioiden hy\u00f6\u00addyn\u00adt\u00e4mist\u00e4 voidaan edis\u00adt\u00e4\u00e4 laa\u00adjem\u00admin. AURI2027-han\u00adke luo perus\u00adtan kest\u00e4v\u00e4lle ja hiilineu\u00adtraalille ener\u00adgia\u00adj\u00e4r\u00adjestelm\u00e4lle ja tukee samal\u00adla pk-yri\u00adtys\u00adten kil\u00adpailukyky\u00e4 ener\u00adgiate\u00adhokku\u00adut\u00adta ja aurinkoen\u00ader\u00adgian k\u00e4yt\u00adt\u00f6\u00e4 edis\u00adt\u00e4vil\u00adl\u00e4 markki\u00adnoil\u00adla. Han\u00adkkeen kaut\u00adta syn\u00adtyneet ratkaisut ja menetelm\u00e4t vahvis\u00adta\u00advat kun\u00adtien ja julk\u00adisten toim\u00adi\u00adjoiden kyky\u00e4 vas\u00adta\u00adta EU:n ener\u00adgiate\u00adhokku\u00adus\u00advaa\u00adtimuk\u00adsi\u00adin ja luo\u00advat uusia liike\u00adtoim\u00adintamah\u00addol\u00adlisuuk\u00adsia pk-yri\u00adtyk\u00adsille.<\/p>\n\n\n\n<h2 class=\"wp-block-heading\">Projektin kesto<\/h2>\n\n\n\n<p>1.8.2025 \u2014 31.7.2027<\/p>\n\n\n\n<h2 class=\"wp-block-heading\">Projektip\u00e4\u00e4llikk\u00f6<\/h2>\n\n\n\n<p><strong>Juk\u00adka V\u00e4kev\u00e4i\u00adnen<\/strong><br>jukka.vakevainen(a)karelia.fi<\/p>\n\n\n\n<h2 class=\"wp-block-heading\">Rahoitus<\/h2>\n\n\n\n<p>EAKR-ohjel\u00adma<\/p>\n\n\n\n<h2 class=\"wp-block-heading\">Yhteystiedot<\/h2>\n\n\n\n<ul class=\"wp-block-list\">\n<li><a href=\"https:\/\/www.auri2027.fi\" id=\"https:\/\/www.auri2027.fi\">Ryh\u00adm\u00e4hankkeen verkko\u00adsivut<\/a><\/li>\n\n\n\n<li><a href=\"https:\/\/www.linkedin.com\/showcase\/auri2027-hanke\" id=\"https:\/\/www.linkedin.com\/showcase\/auri2027-hanke\">Han\u00adke Linkedl\u00adnis\u00ads\u00e4 <\/a><\/li>\n\n\n\n<li>Tilaa uutiskir\u00adje<a href=\"https:\/\/forms.gle\/rpQbi4zYS9sdDbpAA\"> t\u00e4st\u00e4<\/a><\/li>\n<\/ul>\n\n\n\n<figure class=\"wp-block-image size-full\"><img decoding=\"async\" src=\"https:\/\/hankkeet.karelia.fi\/auri-uudet-epbd-direktiivin-mukaiset-aurinko-ja-energian-joustoratkaisut-julkisiin-kiinteistoihin\/wp-content\/uploads\/sites\/13\/2026\/03\/kk_auri2027.png\" alt class=\"wp-image-83445\"><\/figure>\n","protected":false},"excerpt":{"rendered":"<p>AURI2027-han\u00adke (1.3.2025 \u2014 28.2.2027) keskit\u00adtyy edis\u00adt\u00e4m\u00e4\u00e4n aurinkoen\u00ader\u00adgian ja ener\u00adgia\u00adjous\u00adtoratkaisu\u00adjen hy\u00f6\u00addyn\u00adt\u00e4mist\u00e4 julk\u00adi\u00adsis\u00adsa raken\u00adnuk\u00adsis\u00adsa. Han\u00adkkeen p\u00e4\u00e4\u00adtavoit\u00adteena on tukea kun\u00adtia ja mui\u00adta julk\u00adisten kiin\u00adteist\u00f6\u00adjen omis\u00adta\u00adjia saavut\u00adta\u00admaan hiilineu\u00adtraal\u00adisu\u00adus\u00adtavoit\u00adteen\u00adsa sek\u00e4 t\u00e4yt\u00adt\u00e4m\u00e4\u00e4n Euroopan union\u00adin aset\u00adta\u00admat vaa\u00adtimuk\u00adset raken\u00adnusten ener\u00adgiate\u00adhokku\u00adus\u00addi\u00adrek\u00adti\u00adivin (EPBD), ener\u00adgiate\u00adhokku\u00adu\u00adden ja uusi\u00adu\u00adtu\u00advan ener\u00adgian k\u00e4yt\u00f6n osalta. Tavoit\u00adtei\u00adden saavut\u00adtamisek\u00adsi han\u00adkkeessa kehitet\u00e4\u00e4n uusia menetelmi\u00e4 ja ty\u00f6kalu\u00adja, joil\u00adla voidaan arvioi\u00adda julk\u00adisten raken\u00adnusten aurinkoen\u00ader\u00adgiapo\u00adten\u00adti\u00adaalia ja selvit\u00adt\u00e4\u00e4 [\u2026]<\/p>\n","protected":false},"author":10,"featured_media":17,"parent":0,"menu_order":0,"comment_status":"closed","ping_status":"closed","template":"","meta":{"inline_featured_image":false,"wp_typography_post_enhancements_disabled":false,"footnotes":""},"class_list":["post-20","page","type-page","status-publish","has-post-thumbnail","hentry"],"yoast_head":"<!-- This site is optimized with the Yoast SEO plugin v27.5 - https:\/\/yoast.com\/product\/yoast-seo-wordpress\/ -->\n<title>AURI2027 \u2013 Uudet EPBD-direktiivin mukaiset aurinko- ja energian joustoratkaisut julkisiin kiinteist\u00f6ihin - AURI2027 &#8211; Uudet EPBD-direktiivin mukaiset aurinko- ja energian joustoratkaisut julkisiin kiinteist\u00f6ihin<\/title>\n<meta name=\"robots\" content=\"index, follow, max-snippet:-1, max-image-preview:large, max-video-preview:-1\" \/>\n<link rel=\"canonical\" href=\"https:\/\/hankkeet.karelia.fi\/auri2027\/\" \/>\n<meta property=\"og:locale\" content=\"fi_FI\" \/>\n<meta property=\"og:type\" content=\"article\" \/>\n<meta property=\"og:title\" content=\"AURI2027 \u2013 Uudet EPBD-direktiivin mukaiset aurinko- ja energian joustoratkaisut julkisiin kiinteist\u00f6ihin - AURI2027 &#8211; Uudet EPBD-direktiivin mukaiset aurinko- ja energian joustoratkaisut julkisiin kiinteist\u00f6ihin\" \/>\n<meta property=\"og:description\" content=\"AURI2027-han\u00adke (1.3.2025 \u2014 28.2.2027) keskit\u00adtyy edis\u00adt\u00e4m\u00e4\u00e4n aurinkoen\u00ader\u00adgian ja ener\u00adgia\u00adjous\u00adtoratkaisu\u00adjen hy\u00f6\u00addyn\u00adt\u00e4mist\u00e4 julk\u00adi\u00adsis\u00adsa raken\u00adnuk\u00adsis\u00adsa. Han\u00adkkeen p\u00e4\u00e4\u00adtavoit\u00adteena on tukea kun\u00adtia ja mui\u00adta julk\u00adisten kiin\u00adteist\u00f6\u00adjen omis\u00adta\u00adjia saavut\u00adta\u00admaan hiilineu\u00adtraal\u00adisu\u00adus\u00adtavoit\u00adteen\u00adsa sek\u00e4 t\u00e4yt\u00adt\u00e4m\u00e4\u00e4n Euroopan union\u00adin aset\u00adta\u00admat vaa\u00adtimuk\u00adset raken\u00adnusten ener\u00adgiate\u00adhokku\u00adus\u00addi\u00adrek\u00adti\u00adivin (EPBD), ener\u00adgiate\u00adhokku\u00adu\u00adden ja uusi\u00adu\u00adtu\u00advan ener\u00adgian k\u00e4yt\u00f6n osalta. Tavoit\u00adtei\u00adden saavut\u00adtamisek\u00adsi han\u00adkkeessa kehitet\u00e4\u00e4n uusia menetelmi\u00e4 ja ty\u00f6kalu\u00adja, joil\u00adla voidaan arvioi\u00adda julk\u00adisten raken\u00adnusten aurinkoen\u00ader\u00adgiapo\u00adten\u00adti\u00adaalia ja selvit\u00adt\u00e4\u00e4 [&hellip;]\" \/>\n<meta property=\"og:url\" content=\"https:\/\/hankkeet.karelia.fi\/auri2027\/\" \/>\n<meta property=\"og:site_name\" content=\"AURI2027 &#8211; Uudet EPBD-direktiivin mukaiset aurinko- ja energian joustoratkaisut julkisiin kiinteist\u00f6ihin\" \/>\n<meta property=\"article:modified_time\" content=\"2026-04-07T11:09:33+00:00\" \/>\n<meta property=\"og:image\" content=\"https:\/\/hankkeet.karelia.fi\/auri2027\/wp-content\/uploads\/sites\/13\/2026\/03\/AURI2027-scaled-1.jpg\" \/>\n\t<meta property=\"og:image:width\" content=\"2560\" \/>\n\t<meta property=\"og:image:height\" content=\"1435\" \/>\n\t<meta property=\"og:image:type\" content=\"image\/jpeg\" \/>\n<meta name=\"twitter:card\" content=\"summary_large_image\" \/>\n<meta name=\"twitter:label1\" content=\"Arvioitu lukuaika\" \/>\n\t<meta name=\"twitter:data1\" content=\"3 minuuttia\" \/>\n<script type=\"application\/ld+json\" class=\"yoast-schema-graph\">{\"@context\":\"https:\\\/\\\/schema.org\",\"@graph\":[{\"@type\":\"WebPage\",\"@id\":\"https:\\\/\\\/hankkeet.karelia.fi\\\/auri2027\\\/\",\"url\":\"https:\\\/\\\/hankkeet.karelia.fi\\\/auri2027\\\/\",\"name\":\"AURI2027 \u2013 Uudet EPBD-direktiivin mukaiset aurinko- ja energian joustoratkaisut julkisiin kiinteist\u00f6ihin - AURI2027 &#8211; Uudet EPBD-direktiivin mukaiset aurinko- ja energian joustoratkaisut julkisiin kiinteist\u00f6ihin\",\"isPartOf\":{\"@id\":\"https:\\\/\\\/hankkeet.karelia.fi\\\/auri2027\\\/#website\"},\"primaryImageOfPage\":{\"@id\":\"https:\\\/\\\/hankkeet.karelia.fi\\\/auri2027\\\/#primaryimage\"},\"image\":{\"@id\":\"https:\\\/\\\/hankkeet.karelia.fi\\\/auri2027\\\/#primaryimage\"},\"thumbnailUrl\":\"https:\\\/\\\/hankkeet.karelia.fi\\\/auri2027\\\/wp-content\\\/uploads\\\/sites\\\/13\\\/2026\\\/03\\\/AURI2027-scaled-1.jpg\",\"datePublished\":\"2026-03-17T06:29:56+00:00\",\"dateModified\":\"2026-04-07T11:09:33+00:00\",\"breadcrumb\":{\"@id\":\"https:\\\/\\\/hankkeet.karelia.fi\\\/auri2027\\\/#breadcrumb\"},\"inLanguage\":\"fi\",\"potentialAction\":[{\"@type\":\"ReadAction\",\"target\":[\"https:\\\/\\\/hankkeet.karelia.fi\\\/auri2027\\\/\"]}]},{\"@type\":\"ImageObject\",\"inLanguage\":\"fi\",\"@id\":\"https:\\\/\\\/hankkeet.karelia.fi\\\/auri2027\\\/#primaryimage\",\"url\":\"https:\\\/\\\/hankkeet.karelia.fi\\\/auri2027\\\/wp-content\\\/uploads\\\/sites\\\/13\\\/2026\\\/03\\\/AURI2027-scaled-1.jpg\",\"contentUrl\":\"https:\\\/\\\/hankkeet.karelia.fi\\\/auri2027\\\/wp-content\\\/uploads\\\/sites\\\/13\\\/2026\\\/03\\\/AURI2027-scaled-1.jpg\",\"width\":2560,\"height\":1435},{\"@type\":\"BreadcrumbList\",\"@id\":\"https:\\\/\\\/hankkeet.karelia.fi\\\/auri2027\\\/#breadcrumb\",\"itemListElement\":[{\"@type\":\"ListItem\",\"position\":1,\"name\":\"Home\",\"item\":\"https:\\\/\\\/hankkeet.karelia.fi\\\/auri2027\\\/\"},{\"@type\":\"ListItem\",\"position\":2,\"name\":\"AURI2027 \u2013 Uudet EPBD-direktiivin mukaiset aurinko- ja energian joustoratkaisut julkisiin kiinteist\u00f6ihin\"}]},{\"@type\":\"WebSite\",\"@id\":\"https:\\\/\\\/hankkeet.karelia.fi\\\/auri2027\\\/#website\",\"url\":\"https:\\\/\\\/hankkeet.karelia.fi\\\/auri2027\\\/\",\"name\":\"AURI2027 &#8211; Uudet EPBD-direktiivin mukaiset aurinko- ja energian joustoratkaisut julkisiin kiinteist\u00f6ihin\",\"description\":\"\",\"publisher\":{\"@id\":\"https:\\\/\\\/hankkeet.karelia.fi\\\/auri2027\\\/#organization\"},\"potentialAction\":[{\"@type\":\"SearchAction\",\"target\":{\"@type\":\"EntryPoint\",\"urlTemplate\":\"https:\\\/\\\/hankkeet.karelia.fi\\\/auri2027\\\/?s={search_term_string}\"},\"query-input\":{\"@type\":\"PropertyValueSpecification\",\"valueRequired\":true,\"valueName\":\"search_term_string\"}}],\"inLanguage\":\"fi\"},{\"@type\":\"Organization\",\"@id\":\"https:\\\/\\\/hankkeet.karelia.fi\\\/auri2027\\\/#organization\",\"name\":\"AURI2027 &#8211; Uudet EPBD-direktiivin mukaiset aurinko- ja energian joustoratkaisut julkisiin kiinteist\u00f6ihin\",\"url\":\"https:\\\/\\\/hankkeet.karelia.fi\\\/auri2027\\\/\",\"logo\":{\"@type\":\"ImageObject\",\"inLanguage\":\"fi\",\"@id\":\"https:\\\/\\\/hankkeet.karelia.fi\\\/auri2027\\\/#\\\/schema\\\/logo\\\/image\\\/\",\"url\":\"https:\\\/\\\/hankkeet.karelia.fi\\\/auri2027\\\/wp-content\\\/uploads\\\/sites\\\/13\\\/2026\\\/03\\\/cropped-cropped-Karelia_AMK_logo_RGB-1.png\",\"contentUrl\":\"https:\\\/\\\/hankkeet.karelia.fi\\\/auri2027\\\/wp-content\\\/uploads\\\/sites\\\/13\\\/2026\\\/03\\\/cropped-cropped-Karelia_AMK_logo_RGB-1.png\",\"width\":427,\"height\":116,\"caption\":\"AURI2027 &#8211; Uudet EPBD-direktiivin mukaiset aurinko- ja energian joustoratkaisut julkisiin kiinteist\u00f6ihin\"},\"image\":{\"@id\":\"https:\\\/\\\/hankkeet.karelia.fi\\\/auri2027\\\/#\\\/schema\\\/logo\\\/image\\\/\"}}]}<\/script>\n<!-- \/ Yoast SEO plugin. -->","yoast_head_json":{"title":"AURI2027 \u2013 Uudet EPBD-direktiivin mukaiset aurinko- ja energian joustoratkaisut julkisiin kiinteist\u00f6ihin - AURI2027 &#8211; Uudet EPBD-direktiivin mukaiset aurinko- ja energian joustoratkaisut julkisiin kiinteist\u00f6ihin","robots":{"index":"index","follow":"follow","max-snippet":"max-snippet:-1","max-image-preview":"max-image-preview:large","max-video-preview":"max-video-preview:-1"},"canonical":"https:\/\/hankkeet.karelia.fi\/auri2027\/","og_locale":"fi_FI","og_type":"article","og_title":"AURI2027 \u2013 Uudet EPBD-direktiivin mukaiset aurinko- ja energian joustoratkaisut julkisiin kiinteist\u00f6ihin - AURI2027 &#8211; Uudet EPBD-direktiivin mukaiset aurinko- ja energian joustoratkaisut julkisiin kiinteist\u00f6ihin","og_description":"AURI2027-han\u00adke (1.3.2025 \u2014 28.2.2027) keskit\u00adtyy edis\u00adt\u00e4m\u00e4\u00e4n aurinkoen\u00ader\u00adgian ja ener\u00adgia\u00adjous\u00adtoratkaisu\u00adjen hy\u00f6\u00addyn\u00adt\u00e4mist\u00e4 julk\u00adi\u00adsis\u00adsa raken\u00adnuk\u00adsis\u00adsa. Han\u00adkkeen p\u00e4\u00e4\u00adtavoit\u00adteena on tukea kun\u00adtia ja mui\u00adta julk\u00adisten kiin\u00adteist\u00f6\u00adjen omis\u00adta\u00adjia saavut\u00adta\u00admaan hiilineu\u00adtraal\u00adisu\u00adus\u00adtavoit\u00adteen\u00adsa sek\u00e4 t\u00e4yt\u00adt\u00e4m\u00e4\u00e4n Euroopan union\u00adin aset\u00adta\u00admat vaa\u00adtimuk\u00adset raken\u00adnusten ener\u00adgiate\u00adhokku\u00adus\u00addi\u00adrek\u00adti\u00adivin (EPBD), ener\u00adgiate\u00adhokku\u00adu\u00adden ja uusi\u00adu\u00adtu\u00advan ener\u00adgian k\u00e4yt\u00f6n osalta. Tavoit\u00adtei\u00adden saavut\u00adtamisek\u00adsi han\u00adkkeessa kehitet\u00e4\u00e4n uusia menetelmi\u00e4 ja ty\u00f6kalu\u00adja, joil\u00adla voidaan arvioi\u00adda julk\u00adisten raken\u00adnusten aurinkoen\u00ader\u00adgiapo\u00adten\u00adti\u00adaalia ja selvit\u00adt\u00e4\u00e4 [&hellip;]","og_url":"https:\/\/hankkeet.karelia.fi\/auri2027\/","og_site_name":"AURI2027 &#8211; Uudet EPBD-direktiivin mukaiset aurinko- ja energian joustoratkaisut julkisiin kiinteist\u00f6ihin","article_modified_time":"2026-04-07T11:09:33+00:00","og_image":[{"width":2560,"height":1435,"url":"https:\/\/hankkeet.karelia.fi\/auri2027\/wp-content\/uploads\/sites\/13\/2026\/03\/AURI2027-scaled-1.jpg","type":"image\/jpeg"}],"twitter_card":"summary_large_image","twitter_misc":{"Arvioitu lukuaika":"3 minuuttia"},"schema":{"@context":"https:\/\/schema.org","@graph":[{"@type":"WebPage","@id":"https:\/\/hankkeet.karelia.fi\/auri2027\/","url":"https:\/\/hankkeet.karelia.fi\/auri2027\/","name":"AURI2027 \u2013 Uudet EPBD-direktiivin mukaiset aurinko- ja energian joustoratkaisut julkisiin kiinteist\u00f6ihin - AURI2027 &#8211; Uudet EPBD-direktiivin mukaiset aurinko- ja energian joustoratkaisut julkisiin kiinteist\u00f6ihin","isPartOf":{"@id":"https:\/\/hankkeet.karelia.fi\/auri2027\/#website"},"primaryImageOfPage":{"@id":"https:\/\/hankkeet.karelia.fi\/auri2027\/#primaryimage"},"image":{"@id":"https:\/\/hankkeet.karelia.fi\/auri2027\/#primaryimage"},"thumbnailUrl":"https:\/\/hankkeet.karelia.fi\/auri2027\/wp-content\/uploads\/sites\/13\/2026\/03\/AURI2027-scaled-1.jpg","datePublished":"2026-03-17T06:29:56+00:00","dateModified":"2026-04-07T11:09:33+00:00","breadcrumb":{"@id":"https:\/\/hankkeet.karelia.fi\/auri2027\/#breadcrumb"},"inLanguage":"fi","potentialAction":[{"@type":"ReadAction","target":["https:\/\/hankkeet.karelia.fi\/auri2027\/"]}]},{"@type":"ImageObject","inLanguage":"fi","@id":"https:\/\/hankkeet.karelia.fi\/auri2027\/#primaryimage","url":"https:\/\/hankkeet.karelia.fi\/auri2027\/wp-content\/uploads\/sites\/13\/2026\/03\/AURI2027-scaled-1.jpg","contentUrl":"https:\/\/hankkeet.karelia.fi\/auri2027\/wp-content\/uploads\/sites\/13\/2026\/03\/AURI2027-scaled-1.jpg","width":2560,"height":1435},{"@type":"BreadcrumbList","@id":"https:\/\/hankkeet.karelia.fi\/auri2027\/#breadcrumb","itemListElement":[{"@type":"ListItem","position":1,"name":"Home","item":"https:\/\/hankkeet.karelia.fi\/auri2027\/"},{"@type":"ListItem","position":2,"name":"AURI2027 \u2013 Uudet EPBD-direktiivin mukaiset aurinko- ja energian joustoratkaisut julkisiin kiinteist\u00f6ihin"}]},{"@type":"WebSite","@id":"https:\/\/hankkeet.karelia.fi\/auri2027\/#website","url":"https:\/\/hankkeet.karelia.fi\/auri2027\/","name":"AURI2027 &#8211; Uudet EPBD-direktiivin mukaiset aurinko- ja energian joustoratkaisut julkisiin kiinteist\u00f6ihin","description":"","publisher":{"@id":"https:\/\/hankkeet.karelia.fi\/auri2027\/#organization"},"potentialAction":[{"@type":"SearchAction","target":{"@type":"EntryPoint","urlTemplate":"https:\/\/hankkeet.karelia.fi\/auri2027\/?s={search_term_string}"},"query-input":{"@type":"PropertyValueSpecification","valueRequired":true,"valueName":"search_term_string"}}],"inLanguage":"fi"},{"@type":"Organization","@id":"https:\/\/hankkeet.karelia.fi\/auri2027\/#organization","name":"AURI2027 &#8211; Uudet EPBD-direktiivin mukaiset aurinko- ja energian joustoratkaisut julkisiin kiinteist\u00f6ihin","url":"https:\/\/hankkeet.karelia.fi\/auri2027\/","logo":{"@type":"ImageObject","inLanguage":"fi","@id":"https:\/\/hankkeet.karelia.fi\/auri2027\/#\/schema\/logo\/image\/","url":"https:\/\/hankkeet.karelia.fi\/auri2027\/wp-content\/uploads\/sites\/13\/2026\/03\/cropped-cropped-Karelia_AMK_logo_RGB-1.png","contentUrl":"https:\/\/hankkeet.karelia.fi\/auri2027\/wp-content\/uploads\/sites\/13\/2026\/03\/cropped-cropped-Karelia_AMK_logo_RGB-1.png","width":427,"height":116,"caption":"AURI2027 &#8211; Uudet EPBD-direktiivin mukaiset aurinko- ja energian joustoratkaisut julkisiin kiinteist\u00f6ihin"},"image":{"@id":"https:\/\/hankkeet.karelia.fi\/auri2027\/#\/schema\/logo\/image\/"}}]}},"_links":{"self":[{"href":"https:\/\/hankkeet.karelia.fi\/auri2027\/wp-json\/wp\/v2\/pages\/20","targetHints":{"allow":["GET"]}}],"collection":[{"href":"https:\/\/hankkeet.karelia.fi\/auri2027\/wp-json\/wp\/v2\/pages"}],"about":[{"href":"https:\/\/hankkeet.karelia.fi\/auri2027\/wp-json\/wp\/v2\/types\/page"}],"author":[{"embeddable":true,"href":"https:\/\/hankkeet.karelia.fi\/auri2027\/wp-json\/wp\/v2\/users\/10"}],"replies":[{"embeddable":true,"href":"https:\/\/hankkeet.karelia.fi\/auri2027\/wp-json\/wp\/v2\/comments?post=20"}],"version-history":[{"count":8,"href":"https:\/\/hankkeet.karelia.fi\/auri2027\/wp-json\/wp\/v2\/pages\/20\/revisions"}],"predecessor-version":[{"id":42,"href":"https:\/\/hankkeet.karelia.fi\/auri2027\/wp-json\/wp\/v2\/pages\/20\/revisions\/42"}],"wp:featuredmedia":[{"embeddable":true,"href":"https:\/\/hankkeet.karelia.fi\/auri2027\/wp-json\/wp\/v2\/media\/17"}],"wp:attachment":[{"href":"https:\/\/hankkeet.karelia.fi\/auri2027\/wp-json\/wp\/v2\/media?parent=20"}],"curies":[{"name":"wp","href":"https:\/\/api.w.org\/{rel}","templated":true}]}}