{"id":20,"date":"2026-03-17T11:10:58","date_gmt":"2026-03-17T09:10:58","guid":{"rendered":"https:\/\/hankkeet.karelia.fi\/blackgreen-kestavia-sovelluksia-biohiilesta-pohjois-karjalassa\/blackgreen-kestavia-sovelluksia-biohiilesta-pohjois-karjalassa\/"},"modified":"2026-03-17T11:10:58","modified_gmt":"2026-03-17T09:10:58","slug":"blackgreen-kestavia-sovelluksia-biohiilesta-pohjois-karjalassa","status":"publish","type":"page","link":"https:\/\/hankkeet.karelia.fi\/blackgreen-kestavia-sovelluksia-biohiilesta-pohjois-karjalassa\/","title":{"rendered":"BlackGreen \u2013 Kest\u00e4vi\u00e4 sovelluksia biohiilest\u00e4 Pohjois-Karjalassa"},"content":{"rendered":"\n<figure class=\"wp-block-image size-full is-resized\"><img decoding=\"async\" src=\"https:\/\/hankkeet.karelia.fi\/blackgreen-kestavia-sovelluksia-biohiilesta-pohjois-karjalassa\/wp-content\/uploads\/sites\/34\/2026\/03\/blackgreen_palkki.jpg\" alt class=\"wp-image-75986\" style=\"width:563px;height:auto\"><\/figure>\n\n\n\n<p>Black\u00adGreen- Kest\u00e4vi\u00e4 sovel\u00adluk\u00adsia bio\u00adhi\u00adilest\u00e4 Pohjois-Kar\u00adjalas\u00adsa jatkaa Black\u00adGreen \u2013 Pohjois-Kar\u00adjalan Bio\u00adhi\u00adil\u00adio\u00adhjel\u00adma- han\u00adkkeen jalan\u00adj\u00e4ljis\u00ads\u00e4. Pohjois-Kar\u00adjalan bio\u00adhi\u00adil\u00adio\u00adhjel\u00admas\u00adsa luoti\u00adin verkos\u00adtoa bio\u00adhi\u00adilen tutkimuk\u00adsen aloit\u00adtamisek\u00adsi ja k\u00e4yt\u00f6n edis\u00adt\u00e4misek\u00adsi. Uusi han\u00adke jatkaa tutkimus- ja kehi\u00adtysty\u00f6t\u00e4 bio\u00adhi\u00adilen k\u00e4yt\u00f6n inno\u00advaa\u00adtioiden paris\u00adsa pyrkien edis\u00adt\u00e4m\u00e4\u00e4n raa\u00adka-aineen tuotan\u00adnon ja k\u00e4yt\u00f6n kest\u00e4vyyt\u00adt\u00e4. Han\u00adkkeessa keski\u00adtyt\u00e4\u00e4n korkeam\u00adman jalostusar\u00advon bio\u00adhi\u00adilen tuotan\u00adtoon ja k\u00e4yt\u00adt\u00f6\u00f6n, edis\u00adt\u00e4en bio\u00adhi\u00adilisek\u00adtorin liike\u00adtoim\u00adintamah\u00addol\u00adlisuuk\u00adsia. Han\u00adkkeen ty\u00f6\u00adpaketit ovat<\/p>\n\n\n\n<p>TP1 Puu\u00advaro\u00adjen tuo\u00adton, kor\u00adju\u00adun ja k\u00e4sit\u00adte\u00adlyn elinkaari\u00admallinnus (LCA)<\/p>\n\n\n\n<p>TP2 Pyrolyysi\u00f6ljyn hy\u00f6\u00addyn\u00adt\u00e4mi\u00adnen<\/p>\n\n\n\n<p>TP3 Bio\u00adhi\u00adili ja maat\u00adalouden ammo\u00adni\u00adakkip\u00e4\u00e4st\u00f6\u00adjen v\u00e4hen\u00adt\u00e4mi\u00adnen<\/p>\n\n\n\n<p>TP4 Bio\u00adhi\u00adilen k\u00e4yt\u00adt\u00f6 met\u00adal\u00adlur\u00adgias\u00adsa ja kasvualus\u00adtois\u00adsa<\/p>\n\n\n\n<p>TP5 Bio\u00adhi\u00adilen k\u00e4yt\u00adt\u00f6 korkeam\u00adman jalostusas\u00adteen k\u00e4yt\u00adt\u00f6ko\u00adhteis\u00adsa<\/p>\n\n\n\n<p>TP6 Bio\u00adhi\u00adilen tuotan\u00adtote\u00adknolo\u00adgia, fab\u00adrikoin\u00adti ja teol\u00adliset sym\u00adbioosit<\/p>\n\n\n\n<p>TP7 Demon\u00adstraa\u00adtiot ja pilo\u00adtoin\u00adnit<\/p>\n\n\n\n<p>TP8 Viestin\u00adt\u00e4<\/p>\n\n\n\n<p>Han\u00adkkeen p\u00e4\u00e4\u00adpart\u00adne\u00adr\u00adi\u00adna toimii Luon\u00adnon\u00adva\u00adrakeskus ja han\u00adkkeen osato\u00adteut\u00adta\u00adjia ovat It\u00e4-Suomen yliopis\u00adto, Oulun yliopis\u00adto ja Kare\u00adlia-ammat\u00adtiko\u00adrkeak\u00adoulu, jot\u00adka tuo\u00advat uusia n\u00e4k\u00f6kul\u00admia ja vah\u00advaa tutkimus\u00adta bio\u00adhi\u00adilen lop\u00adpuk\u00e4yt\u00f6n inno\u00advaa\u00adtioi\u00adhin. Han\u00adkeen toim\u00adinta-aika on 1.3.2024\u201331.12.2026. Han\u00adket\u00adta rahoite\u00adtaan Euroopan alueke\u00adhi\u00adtys\u00adra\u00adhas\u00adtos\u00adta (EAKR). Ryh\u00adm\u00e4hankkeen kokon\u00adais\u00adbud\u00adjet\u00adti on 827 781 euroa, jos\u00adta EU osara\u00adhoituk\u00adsen tuki on 620 836 euroa. Kare\u00adlia-ammat\u00adtiko\u00adrkeak\u00adoulun osu\u00adu\u00adden kokon\u00adaisub\u00adud\u00adjet\u00adti 170 136 euroa sek\u00e4 EU osara\u00adhoituk\u00adsen tuki 127 603 euroa.<\/p>\n\n\n\n<p>Black\u00adGreen \u2014 Kest\u00e4vi\u00e4 sovel\u00adluk\u00adsia bio\u00adhi\u00adilest\u00e4 Pohjois-Kar\u00adjalas\u00adsa \u2014 Investoin\u00adti \u2011han\u00adkkeessa toteutetaan bio\u00adhi\u00adil\u00adletys- ja jalostus\u00adlait\u00adteis\u00adton han\u00adk\u00adin\u00adta, jol\u00adla mah\u00addol\u00adlis\u00adte\u00adtaan kehit\u00adt\u00e4mis\u00adhankkeen Black\u00adGreen \u2013 Kest\u00e4vi\u00e4 sovel\u00adluk\u00adsia bio\u00adhi\u00adilest\u00e4 Pohjois-Kar\u00adjalas\u00adsa toimen\u00adpitei\u00adden toteut\u00adta\u00admi\u00adnen. Bio\u00adhi\u00adil\u00adletys- ja jalostus\u00adlait\u00adteis\u00adtol\u00adla tuote\u00adtaan m\u00e4\u00e4ritel\u00adly\u00adist\u00e4 raa\u00adka-aineista jatku\u00adva\u00adtoimises\u00adsa ja hal\u00adlit\u00adtavas\u00adsa hidas-pyrolyysipros\u00ades\u00adsis\u00adsa bio\u00adhi\u00adilt\u00e4 edelleen k\u00e4sitelt\u00e4v\u00e4k\u00adsi lis\u00e4ar\u00advosovel\u00adluk\u00adsi\u00adin kehit\u00adt\u00e4mis\u00adhankkeen tiimoil\u00adta. Lait\u00adteis\u00adto varuste\u00adtaan my\u00f6s pros\u00ades\u00adsis\u00adsa syn\u00adtyvien tislei\u00adden tal\u00adteeno\u00adtol\u00adla ja t\u00e4t\u00e4 hy\u00f6\u00addyn\u00adnet\u00e4\u00e4n kehit\u00adt\u00e4mis\u00adhankkeessa. Jatku\u00adva\u00adtoimi\u00adnen ja s\u00e4\u00e4det\u00adt\u00e4v\u00e4 lait\u00adteis\u00adto mah\u00addol\u00adlis\u00adtaa tuoteke\u00adhi\u00adtys\u00adtoimen\u00adpiteet Pohjois-Kar\u00adjalan bio\u00adhi\u00adilisek\u00adtorin toim\u00adi\u00adjoille. Lis\u00e4k\u00adsi lait\u00adteis\u00adto toimii alueen oppi\u00adlaitosten ja korkeak\u00adoulu\u00adjen sovel\u00adtuvien opin\u00adto\u00adjak\u00adso\u00adjen oppimisym\u00adp\u00e4rist\u00f6n\u00e4 luo\u00adden k\u00e4yt\u00e4n\u00adn\u00f6n osaamista bio\u00adjalostuk\u00adsen alalle ja pois\u00adtaen osaa\u00adjapu\u00adlas\u00adta johtu\u00advia pul\u00adlonkaulo\u00adja. Liikuteltavak\u00adsi suun\u00adnitel\u00adtu yksikk\u00f6 tulee kiert\u00e4m\u00e4\u00e4n yleis\u00f6\u00adta\u00adpah\u00adtu\u00admis\u00adsa ja alan mes\u00adsuil\u00adla lis\u00e4ten bio\u00adhi\u00adil\u00adi\u00adti\u00adetout\u00adta ja alan kiin\u00adnos\u00adtavu\u00adut\u00adta laa\u00adja-alais\u00ades\u00adti. Osana investoin\u00adti\u00adhanket\u00adta han\u00adki\u00adtaan my\u00f6s kul\u00adje\u00adtuskont\u00adti bio\u00adhi\u00adil\u00adletys\u00adlait\u00adteis\u00adtolle. Lis\u00e4k\u00adsi investoin\u00adti\u00adhankkeessa han\u00adki\u00adtaan bio\u00adhi\u00adilien edelleen jalostuk\u00adseen sovel\u00adtu\u00adva fabrikointi\/funktionalisointiyksikk\u00f6 sek\u00e4 tiedonkeru\u00adu\u00adlait\u00adteis\u00adto\u00adja.<\/p>\n\n\n\n<p>Han\u00adket\u00adta rahoite\u00adtaan Euroopan alueke\u00adhi\u00adtys\u00adra\u00adhas\u00adtos\u00adta (EAKR). Investoin\u00adti\u00adhankkeen toteut\u00adtaa Kare\u00adlia-ammat\u00adtiko\u00adrkeak\u00adoulu ja sen kokon\u00adais\u00adbud\u00adjet\u00adti on 148 190 euroa, jos\u00adta EU:n osara\u00adhoituk\u00adsen tukea 103 733 euroa. Investoin\u00adti\u00adhankkeen toteu\u00adtu\u00adsai\u00adka 1.3.2024\u201331.3.2026.<\/p>\n\n\n\n<h2 class=\"wp-block-heading\">Projektin kesto<\/h2>\n\n\n\n<p>1.3.2024 \u2014 31.12.2026<\/p>\n\n\n\n<h2 class=\"wp-block-heading\">Projektip\u00e4\u00e4llikk\u00f6<\/h2>\n\n\n\n<p><strong>Markus Hir\u00advo\u00adnen<\/strong><br>markus.hirvonen(a)karelia.fi<\/p>\n\n\n\n<h2 class=\"wp-block-heading\">Rahoitus<\/h2>\n\n\n\n<p>EAKR-ohjel\u00adma<\/p>\n\n\n\n<h2 class=\"wp-block-heading\">Julkaisut<\/h2>\n\n\n\n<p>Han\u00adkkeen LinkedIn:<\/p>\n\n\n\n<p><a href=\"https:\/\/www.linkedin.com\/company\/blackgreen-project\">https:\/\/www.linkedin.com\/company\/blackgreen-project<\/a><\/p>\n\n\n\n<p>Pod\u00adcastit:<\/p>\n\n\n\n<figure class=\"wp-block-embed is-type-rich is-provider-spotify wp-block-embed-spotify wp-embed-aspect-21-9 wp-has-aspect-ratio\"><div class=\"wp-block-embed__wrapper\">\n<iframe title=\"Spotify Embed: Asiaa biohiilest\u00e4\" style=\"border-radius: 12px\" width=\"100%\" height=\"352\" frameborder=\"0\" allowfullscreen allow=\"autoplay; clipboard-write; encrypted-media; fullscreen; picture-in-picture\" loading=\"lazy\" src=\"https:\/\/open.spotify.com\/embed\/playlist\/3hz5klXXykcqbFgwG1vnes?si=oNqmCAA1S7il-oIHzUgMbg&amp;utm_source=oembed\"><\/iframe>\n<\/div><\/figure>\n\n\n\n<p>Pulssi artikke\u00adlit:<\/p>\n\n\n\n<figure class=\"wp-block-embed is-type-wp-embed is-provider-karelia-ammattikorkeakoulu wp-block-embed-karelia-ammattikorkeakoulu\"><div class=\"wp-block-embed__wrapper\">\n<blockquote class=\"wp-embedded-content\" data-secret=\"LJb3JhVrez\"><a href=\"https:\/\/www.karelia.fi\/2025\/12\/biohiilen-ladatut-odotukset\/\">Bio\u00adhi\u00adilen ladatut odotuk\u00adset<\/a><\/blockquote><iframe loading=\"lazy\" class=\"wp-embedded-content\" sandbox=\"allow-scripts\" security=\"restricted\" style=\"position: absolute; visibility: hidden;\" title=\"\u201dBiohiilen ladatut odotukset\u201d \u2014 Karelia-ammattikorkeakoulu\" src=\"https:\/\/www.karelia.fi\/2025\/12\/biohiilen-ladatut-odotukset\/embed\/#?secret=85EF9OTkML#?secret=LJb3JhVrez\" data-secret=\"LJb3JhVrez\" width=\"500\" height=\"282\" frameborder=\"0\" marginwidth=\"0\" marginheight=\"0\" scrolling=\"no\"><\/iframe>\n<\/div><\/figure>\n\n\n\n<p>Bioen\u00ader\u00adgia-lehden artikke\u00adli:<\/p>\n\n\n\n<p><a href=\"https:\/\/bioenergialehti.fi\/2024\/12\/19\/kestavia-sovelluksia-biohiilesta-materiaalin-muokkauksella-korkean-teknologian-ratkaisuja\/\">Kest\u00e4vi\u00e4 sovel\u00adluk\u00adsia bio\u00adhi\u00adilest\u00e4 \u2013 mate\u00adri\u00adaalin muokkauk\u00adsel\u00adla korkean teknolo\u00adgian ratkaisu\u00adja<\/a><\/p>\n\n\n\n<p>Infoko\u00adr\u00adtit:<\/p>\n\n\n\n<p><a href=\"https:\/\/tinyurl.com\/BG-infokortti1\">Infoko\u00adrt\u00adti \u2014 Pyrolyysineste bios\u00adtim\u00adu\u00adlant\u00adti\u00adna<\/a><\/p>\n\n\n\n<p><a href=\"https:\/\/tinyurl.com\/BG-infokortti-2\">Infoko\u00adrt\u00adti \u2014 Bio\u00adhi\u00adili p\u00e4\u00e4st\u00f6kau\u00adpas\u00adsa<\/a><\/p>\n\n\n\n<p><\/p>\n\n\n\n<figure class=\"wp-block-image size-full\"><img decoding=\"async\" src=\"https:\/\/hankkeet.karelia.fi\/blackgreen-kestavia-sovelluksia-biohiilesta-pohjois-karjalassa\/wp-content\/uploads\/sites\/34\/2026\/03\/kk13_palkki.jpg\" alt class=\"wp-image-75987\"><\/figure>\n","protected":false},"excerpt":{"rendered":"<p>Black\u00ad\u00ad\u00adGreen- Kest\u00e4vi\u00e4 sovel\u00adluk\u00adsia bio\u00adhi\u00adilest\u00e4 Pohjois-Kar\u00ad\u00adjalas\u00adsa jatkaa Black\u00adGreen \u2013 Pohjois-Kar\u00ad\u00adjalan Bio\u00adhi\u00adil\u00adio\u00adh\u00adjel\u00ad\u00adma- han\u00adkkeen jalan\u00adj\u00e4ljis\u00ads\u00e4. Pohjois-Kar\u00ad\u00adjalan bio\u00adhi\u00adil\u00adio\u00adhjel\u00admas\u00adsa luoti\u00adin verkos\u00adtoa bio\u00adhi\u00adilen tutkimuk\u00adsen aloit\u00adtamisek\u00adsi ja k\u00e4yt\u00f6n edis\u00adt\u00e4misek\u00adsi. Uusi han\u00adke jatkaa tutkimus- ja kehi\u00adtysty\u00f6t\u00e4 bio\u00adhi\u00adilen k\u00e4yt\u00f6n inno\u00advaa\u00adtioiden paris\u00adsa pyrkien edis\u00adt\u00e4m\u00e4\u00e4n raa\u00ad\u00adka-aineen tuotan\u00adnon ja k\u00e4yt\u00f6n kest\u00e4vyyt\u00adt\u00e4. Han\u00adkkeessa keski\u00adtyt\u00e4\u00e4n korkeam\u00adman jalostusar\u00advon bio\u00adhi\u00adilen tuotan\u00adtoon ja k\u00e4yt\u00adt\u00f6\u00f6n, edis\u00adt\u00e4en bio\u00adhi\u00adilisek\u00adtorin liike\u00adtoim\u00adintamah\u00addol\u00adlisuuk\u00adsia. Han\u00adkkeen ty\u00f6\u00adpaketit ovat TP1 Puu\u00advaro\u00adjen [\u2026]<\/p>\n","protected":false},"author":0,"featured_media":17,"parent":0,"menu_order":0,"comment_status":"closed","ping_status":"closed","template":"","meta":{"inline_featured_image":false,"wp_typography_post_enhancements_disabled":false,"footnotes":""},"class_list":["post-20","page","type-page","status-publish","has-post-thumbnail","hentry"],"yoast_head":"<!-- This site is optimized with the Yoast SEO plugin v27.5 - https:\/\/yoast.com\/product\/yoast-seo-wordpress\/ -->\n<title>BlackGreen &#8211; Kest\u00e4vi\u00e4 sovelluksia biohiilest\u00e4 Pohjois-Karjalassa - BlackGreen &#8211; Kest\u00e4vi\u00e4 sovelluksia biohiilest\u00e4 Pohjois-Karjalassa<\/title>\n<meta name=\"robots\" content=\"index, follow, max-snippet:-1, max-image-preview:large, max-video-preview:-1\" \/>\n<link rel=\"canonical\" href=\"https:\/\/hankkeet.karelia.fi\/blackgreen-kestavia-sovelluksia-biohiilesta-pohjois-karjalassa\/\" \/>\n<meta property=\"og:locale\" content=\"fi_FI\" \/>\n<meta property=\"og:type\" content=\"article\" \/>\n<meta property=\"og:title\" content=\"BlackGreen &#8211; Kest\u00e4vi\u00e4 sovelluksia biohiilest\u00e4 Pohjois-Karjalassa - BlackGreen &#8211; Kest\u00e4vi\u00e4 sovelluksia biohiilest\u00e4 Pohjois-Karjalassa\" \/>\n<meta property=\"og:description\" content=\"Black\u00adGreen- Kest\u00e4vi\u00e4 sovel\u00adluk\u00adsia bio\u00adhi\u00adilest\u00e4 Pohjois-Kar\u00adjalas\u00adsa jatkaa Black\u00adGreen \u2013 Pohjois-Kar\u00adjalan Bio\u00adhi\u00adil\u00adio\u00adhjel\u00adma- han\u00adkkeen jalan\u00adj\u00e4ljis\u00ads\u00e4. Pohjois-Kar\u00adjalan bio\u00adhi\u00adil\u00adio\u00adhjel\u00admas\u00adsa luoti\u00adin verkos\u00adtoa bio\u00adhi\u00adilen tutkimuk\u00adsen aloit\u00adtamisek\u00adsi ja k\u00e4yt\u00f6n edis\u00adt\u00e4misek\u00adsi. Uusi han\u00adke jatkaa tutkimus- ja kehi\u00adtysty\u00f6t\u00e4 bio\u00adhi\u00adilen k\u00e4yt\u00f6n inno\u00advaa\u00adtioiden paris\u00adsa pyrkien edis\u00adt\u00e4m\u00e4\u00e4n raa\u00adka-aineen tuotan\u00adnon ja k\u00e4yt\u00f6n kest\u00e4vyyt\u00adt\u00e4. Han\u00adkkeessa keski\u00adtyt\u00e4\u00e4n korkeam\u00adman jalostusar\u00advon bio\u00adhi\u00adilen tuotan\u00adtoon ja k\u00e4yt\u00adt\u00f6\u00f6n, edis\u00adt\u00e4en bio\u00adhi\u00adilisek\u00adtorin liike\u00adtoim\u00adintamah\u00addol\u00adlisuuk\u00adsia. Han\u00adkkeen ty\u00f6\u00adpaketit ovat TP1 Puu\u00advaro\u00adjen [&hellip;]\" \/>\n<meta property=\"og:url\" content=\"https:\/\/hankkeet.karelia.fi\/blackgreen-kestavia-sovelluksia-biohiilesta-pohjois-karjalassa\/\" \/>\n<meta property=\"og:site_name\" content=\"BlackGreen &#8211; Kest\u00e4vi\u00e4 sovelluksia biohiilest\u00e4 Pohjois-Karjalassa\" \/>\n<meta name=\"twitter:card\" content=\"summary_large_image\" \/>\n<meta name=\"twitter:label1\" content=\"Arvioitu lukuaika\" \/>\n\t<meta name=\"twitter:data1\" content=\"2 minuuttia\" \/>\n<script type=\"application\/ld+json\" class=\"yoast-schema-graph\">{\"@context\":\"https:\\\/\\\/schema.org\",\"@graph\":[{\"@type\":\"WebPage\",\"@id\":\"https:\\\/\\\/hankkeet.karelia.fi\\\/blackgreen-kestavia-sovelluksia-biohiilesta-pohjois-karjalassa\\\/\",\"url\":\"https:\\\/\\\/hankkeet.karelia.fi\\\/blackgreen-kestavia-sovelluksia-biohiilesta-pohjois-karjalassa\\\/\",\"name\":\"BlackGreen &#8211; Kest\u00e4vi\u00e4 sovelluksia biohiilest\u00e4 Pohjois-Karjalassa - BlackGreen &#8211; Kest\u00e4vi\u00e4 sovelluksia biohiilest\u00e4 Pohjois-Karjalassa\",\"isPartOf\":{\"@id\":\"https:\\\/\\\/hankkeet.karelia.fi\\\/blackgreen-kestavia-sovelluksia-biohiilesta-pohjois-karjalassa\\\/#website\"},\"primaryImageOfPage\":{\"@id\":\"https:\\\/\\\/hankkeet.karelia.fi\\\/blackgreen-kestavia-sovelluksia-biohiilesta-pohjois-karjalassa\\\/#primaryimage\"},\"image\":{\"@id\":\"https:\\\/\\\/hankkeet.karelia.fi\\\/blackgreen-kestavia-sovelluksia-biohiilesta-pohjois-karjalassa\\\/#primaryimage\"},\"thumbnailUrl\":\"https:\\\/\\\/hankkeet.karelia.fi\\\/blackgreen-kestavia-sovelluksia-biohiilesta-pohjois-karjalassa\\\/wp-content\\\/uploads\\\/sites\\\/34\\\/2026\\\/03\\\/Blackgreen_hero.png\",\"datePublished\":\"2026-03-17T09:10:58+00:00\",\"breadcrumb\":{\"@id\":\"https:\\\/\\\/hankkeet.karelia.fi\\\/blackgreen-kestavia-sovelluksia-biohiilesta-pohjois-karjalassa\\\/#breadcrumb\"},\"inLanguage\":\"fi\",\"potentialAction\":[{\"@type\":\"ReadAction\",\"target\":[\"https:\\\/\\\/hankkeet.karelia.fi\\\/blackgreen-kestavia-sovelluksia-biohiilesta-pohjois-karjalassa\\\/\"]}]},{\"@type\":\"ImageObject\",\"inLanguage\":\"fi\",\"@id\":\"https:\\\/\\\/hankkeet.karelia.fi\\\/blackgreen-kestavia-sovelluksia-biohiilesta-pohjois-karjalassa\\\/#primaryimage\",\"url\":\"https:\\\/\\\/hankkeet.karelia.fi\\\/blackgreen-kestavia-sovelluksia-biohiilesta-pohjois-karjalassa\\\/wp-content\\\/uploads\\\/sites\\\/34\\\/2026\\\/03\\\/Blackgreen_hero.png\",\"contentUrl\":\"https:\\\/\\\/hankkeet.karelia.fi\\\/blackgreen-kestavia-sovelluksia-biohiilesta-pohjois-karjalassa\\\/wp-content\\\/uploads\\\/sites\\\/34\\\/2026\\\/03\\\/Blackgreen_hero.png\",\"width\":1600,\"height\":1036},{\"@type\":\"BreadcrumbList\",\"@id\":\"https:\\\/\\\/hankkeet.karelia.fi\\\/blackgreen-kestavia-sovelluksia-biohiilesta-pohjois-karjalassa\\\/#breadcrumb\",\"itemListElement\":[{\"@type\":\"ListItem\",\"position\":1,\"name\":\"Home\",\"item\":\"https:\\\/\\\/hankkeet.karelia.fi\\\/blackgreen-kestavia-sovelluksia-biohiilesta-pohjois-karjalassa\\\/blackgreen-kestavia-sovelluksia-biohiilesta-pohjois-karjalassa\\\/\"},{\"@type\":\"ListItem\",\"position\":2,\"name\":\"BlackGreen &#8211; Kest\u00e4vi\u00e4 sovelluksia biohiilest\u00e4 Pohjois-Karjalassa\"}]},{\"@type\":\"WebSite\",\"@id\":\"https:\\\/\\\/hankkeet.karelia.fi\\\/blackgreen-kestavia-sovelluksia-biohiilesta-pohjois-karjalassa\\\/#website\",\"url\":\"https:\\\/\\\/hankkeet.karelia.fi\\\/blackgreen-kestavia-sovelluksia-biohiilesta-pohjois-karjalassa\\\/\",\"name\":\"BlackGreen &#8211; Kest\u00e4vi\u00e4 sovelluksia biohiilest\u00e4 Pohjois-Karjalassa\",\"description\":\"\",\"publisher\":{\"@id\":\"https:\\\/\\\/hankkeet.karelia.fi\\\/blackgreen-kestavia-sovelluksia-biohiilesta-pohjois-karjalassa\\\/#organization\"},\"potentialAction\":[{\"@type\":\"SearchAction\",\"target\":{\"@type\":\"EntryPoint\",\"urlTemplate\":\"https:\\\/\\\/hankkeet.karelia.fi\\\/blackgreen-kestavia-sovelluksia-biohiilesta-pohjois-karjalassa\\\/?s={search_term_string}\"},\"query-input\":{\"@type\":\"PropertyValueSpecification\",\"valueRequired\":true,\"valueName\":\"search_term_string\"}}],\"inLanguage\":\"fi\"},{\"@type\":\"Organization\",\"@id\":\"https:\\\/\\\/hankkeet.karelia.fi\\\/blackgreen-kestavia-sovelluksia-biohiilesta-pohjois-karjalassa\\\/#organization\",\"name\":\"BlackGreen &#8211; Kest\u00e4vi\u00e4 sovelluksia biohiilest\u00e4 Pohjois-Karjalassa\",\"url\":\"https:\\\/\\\/hankkeet.karelia.fi\\\/blackgreen-kestavia-sovelluksia-biohiilesta-pohjois-karjalassa\\\/\",\"logo\":{\"@type\":\"ImageObject\",\"inLanguage\":\"fi\",\"@id\":\"https:\\\/\\\/hankkeet.karelia.fi\\\/blackgreen-kestavia-sovelluksia-biohiilesta-pohjois-karjalassa\\\/#\\\/schema\\\/logo\\\/image\\\/\",\"url\":\"https:\\\/\\\/hankkeet.karelia.fi\\\/blackgreen-kestavia-sovelluksia-biohiilesta-pohjois-karjalassa\\\/wp-content\\\/uploads\\\/sites\\\/34\\\/2026\\\/03\\\/cropped-cropped-Karelia_AMK_logo_RGB-1.png\",\"contentUrl\":\"https:\\\/\\\/hankkeet.karelia.fi\\\/blackgreen-kestavia-sovelluksia-biohiilesta-pohjois-karjalassa\\\/wp-content\\\/uploads\\\/sites\\\/34\\\/2026\\\/03\\\/cropped-cropped-Karelia_AMK_logo_RGB-1.png\",\"width\":427,\"height\":116,\"caption\":\"BlackGreen &#8211; Kest\u00e4vi\u00e4 sovelluksia biohiilest\u00e4 Pohjois-Karjalassa\"},\"image\":{\"@id\":\"https:\\\/\\\/hankkeet.karelia.fi\\\/blackgreen-kestavia-sovelluksia-biohiilesta-pohjois-karjalassa\\\/#\\\/schema\\\/logo\\\/image\\\/\"}}]}<\/script>\n<!-- \/ Yoast SEO plugin. -->","yoast_head_json":{"title":"BlackGreen &#8211; Kest\u00e4vi\u00e4 sovelluksia biohiilest\u00e4 Pohjois-Karjalassa - BlackGreen &#8211; Kest\u00e4vi\u00e4 sovelluksia biohiilest\u00e4 Pohjois-Karjalassa","robots":{"index":"index","follow":"follow","max-snippet":"max-snippet:-1","max-image-preview":"max-image-preview:large","max-video-preview":"max-video-preview:-1"},"canonical":"https:\/\/hankkeet.karelia.fi\/blackgreen-kestavia-sovelluksia-biohiilesta-pohjois-karjalassa\/","og_locale":"fi_FI","og_type":"article","og_title":"BlackGreen &#8211; Kest\u00e4vi\u00e4 sovelluksia biohiilest\u00e4 Pohjois-Karjalassa - BlackGreen &#8211; Kest\u00e4vi\u00e4 sovelluksia biohiilest\u00e4 Pohjois-Karjalassa","og_description":"Black\u00adGreen- Kest\u00e4vi\u00e4 sovel\u00adluk\u00adsia bio\u00adhi\u00adilest\u00e4 Pohjois-Kar\u00adjalas\u00adsa jatkaa Black\u00adGreen \u2013 Pohjois-Kar\u00adjalan Bio\u00adhi\u00adil\u00adio\u00adhjel\u00adma- han\u00adkkeen jalan\u00adj\u00e4ljis\u00ads\u00e4. Pohjois-Kar\u00adjalan bio\u00adhi\u00adil\u00adio\u00adhjel\u00admas\u00adsa luoti\u00adin verkos\u00adtoa bio\u00adhi\u00adilen tutkimuk\u00adsen aloit\u00adtamisek\u00adsi ja k\u00e4yt\u00f6n edis\u00adt\u00e4misek\u00adsi. Uusi han\u00adke jatkaa tutkimus- ja kehi\u00adtysty\u00f6t\u00e4 bio\u00adhi\u00adilen k\u00e4yt\u00f6n inno\u00advaa\u00adtioiden paris\u00adsa pyrkien edis\u00adt\u00e4m\u00e4\u00e4n raa\u00adka-aineen tuotan\u00adnon ja k\u00e4yt\u00f6n kest\u00e4vyyt\u00adt\u00e4. Han\u00adkkeessa keski\u00adtyt\u00e4\u00e4n korkeam\u00adman jalostusar\u00advon bio\u00adhi\u00adilen tuotan\u00adtoon ja k\u00e4yt\u00adt\u00f6\u00f6n, edis\u00adt\u00e4en bio\u00adhi\u00adilisek\u00adtorin liike\u00adtoim\u00adintamah\u00addol\u00adlisuuk\u00adsia. Han\u00adkkeen ty\u00f6\u00adpaketit ovat TP1 Puu\u00advaro\u00adjen [&hellip;]","og_url":"https:\/\/hankkeet.karelia.fi\/blackgreen-kestavia-sovelluksia-biohiilesta-pohjois-karjalassa\/","og_site_name":"BlackGreen &#8211; Kest\u00e4vi\u00e4 sovelluksia biohiilest\u00e4 Pohjois-Karjalassa","twitter_card":"summary_large_image","twitter_misc":{"Arvioitu lukuaika":"2 minuuttia"},"schema":{"@context":"https:\/\/schema.org","@graph":[{"@type":"WebPage","@id":"https:\/\/hankkeet.karelia.fi\/blackgreen-kestavia-sovelluksia-biohiilesta-pohjois-karjalassa\/","url":"https:\/\/hankkeet.karelia.fi\/blackgreen-kestavia-sovelluksia-biohiilesta-pohjois-karjalassa\/","name":"BlackGreen &#8211; Kest\u00e4vi\u00e4 sovelluksia biohiilest\u00e4 Pohjois-Karjalassa - BlackGreen &#8211; Kest\u00e4vi\u00e4 sovelluksia biohiilest\u00e4 Pohjois-Karjalassa","isPartOf":{"@id":"https:\/\/hankkeet.karelia.fi\/blackgreen-kestavia-sovelluksia-biohiilesta-pohjois-karjalassa\/#website"},"primaryImageOfPage":{"@id":"https:\/\/hankkeet.karelia.fi\/blackgreen-kestavia-sovelluksia-biohiilesta-pohjois-karjalassa\/#primaryimage"},"image":{"@id":"https:\/\/hankkeet.karelia.fi\/blackgreen-kestavia-sovelluksia-biohiilesta-pohjois-karjalassa\/#primaryimage"},"thumbnailUrl":"https:\/\/hankkeet.karelia.fi\/blackgreen-kestavia-sovelluksia-biohiilesta-pohjois-karjalassa\/wp-content\/uploads\/sites\/34\/2026\/03\/Blackgreen_hero.png","datePublished":"2026-03-17T09:10:58+00:00","breadcrumb":{"@id":"https:\/\/hankkeet.karelia.fi\/blackgreen-kestavia-sovelluksia-biohiilesta-pohjois-karjalassa\/#breadcrumb"},"inLanguage":"fi","potentialAction":[{"@type":"ReadAction","target":["https:\/\/hankkeet.karelia.fi\/blackgreen-kestavia-sovelluksia-biohiilesta-pohjois-karjalassa\/"]}]},{"@type":"ImageObject","inLanguage":"fi","@id":"https:\/\/hankkeet.karelia.fi\/blackgreen-kestavia-sovelluksia-biohiilesta-pohjois-karjalassa\/#primaryimage","url":"https:\/\/hankkeet.karelia.fi\/blackgreen-kestavia-sovelluksia-biohiilesta-pohjois-karjalassa\/wp-content\/uploads\/sites\/34\/2026\/03\/Blackgreen_hero.png","contentUrl":"https:\/\/hankkeet.karelia.fi\/blackgreen-kestavia-sovelluksia-biohiilesta-pohjois-karjalassa\/wp-content\/uploads\/sites\/34\/2026\/03\/Blackgreen_hero.png","width":1600,"height":1036},{"@type":"BreadcrumbList","@id":"https:\/\/hankkeet.karelia.fi\/blackgreen-kestavia-sovelluksia-biohiilesta-pohjois-karjalassa\/#breadcrumb","itemListElement":[{"@type":"ListItem","position":1,"name":"Home","item":"https:\/\/hankkeet.karelia.fi\/blackgreen-kestavia-sovelluksia-biohiilesta-pohjois-karjalassa\/blackgreen-kestavia-sovelluksia-biohiilesta-pohjois-karjalassa\/"},{"@type":"ListItem","position":2,"name":"BlackGreen &#8211; Kest\u00e4vi\u00e4 sovelluksia biohiilest\u00e4 Pohjois-Karjalassa"}]},{"@type":"WebSite","@id":"https:\/\/hankkeet.karelia.fi\/blackgreen-kestavia-sovelluksia-biohiilesta-pohjois-karjalassa\/#website","url":"https:\/\/hankkeet.karelia.fi\/blackgreen-kestavia-sovelluksia-biohiilesta-pohjois-karjalassa\/","name":"BlackGreen &#8211; Kest\u00e4vi\u00e4 sovelluksia biohiilest\u00e4 Pohjois-Karjalassa","description":"","publisher":{"@id":"https:\/\/hankkeet.karelia.fi\/blackgreen-kestavia-sovelluksia-biohiilesta-pohjois-karjalassa\/#organization"},"potentialAction":[{"@type":"SearchAction","target":{"@type":"EntryPoint","urlTemplate":"https:\/\/hankkeet.karelia.fi\/blackgreen-kestavia-sovelluksia-biohiilesta-pohjois-karjalassa\/?s={search_term_string}"},"query-input":{"@type":"PropertyValueSpecification","valueRequired":true,"valueName":"search_term_string"}}],"inLanguage":"fi"},{"@type":"Organization","@id":"https:\/\/hankkeet.karelia.fi\/blackgreen-kestavia-sovelluksia-biohiilesta-pohjois-karjalassa\/#organization","name":"BlackGreen &#8211; Kest\u00e4vi\u00e4 sovelluksia biohiilest\u00e4 Pohjois-Karjalassa","url":"https:\/\/hankkeet.karelia.fi\/blackgreen-kestavia-sovelluksia-biohiilesta-pohjois-karjalassa\/","logo":{"@type":"ImageObject","inLanguage":"fi","@id":"https:\/\/hankkeet.karelia.fi\/blackgreen-kestavia-sovelluksia-biohiilesta-pohjois-karjalassa\/#\/schema\/logo\/image\/","url":"https:\/\/hankkeet.karelia.fi\/blackgreen-kestavia-sovelluksia-biohiilesta-pohjois-karjalassa\/wp-content\/uploads\/sites\/34\/2026\/03\/cropped-cropped-Karelia_AMK_logo_RGB-1.png","contentUrl":"https:\/\/hankkeet.karelia.fi\/blackgreen-kestavia-sovelluksia-biohiilesta-pohjois-karjalassa\/wp-content\/uploads\/sites\/34\/2026\/03\/cropped-cropped-Karelia_AMK_logo_RGB-1.png","width":427,"height":116,"caption":"BlackGreen &#8211; Kest\u00e4vi\u00e4 sovelluksia biohiilest\u00e4 Pohjois-Karjalassa"},"image":{"@id":"https:\/\/hankkeet.karelia.fi\/blackgreen-kestavia-sovelluksia-biohiilesta-pohjois-karjalassa\/#\/schema\/logo\/image\/"}}]}},"_links":{"self":[{"href":"https:\/\/hankkeet.karelia.fi\/blackgreen-kestavia-sovelluksia-biohiilesta-pohjois-karjalassa\/wp-json\/wp\/v2\/pages\/20","targetHints":{"allow":["GET"]}}],"collection":[{"href":"https:\/\/hankkeet.karelia.fi\/blackgreen-kestavia-sovelluksia-biohiilesta-pohjois-karjalassa\/wp-json\/wp\/v2\/pages"}],"about":[{"href":"https:\/\/hankkeet.karelia.fi\/blackgreen-kestavia-sovelluksia-biohiilesta-pohjois-karjalassa\/wp-json\/wp\/v2\/types\/page"}],"replies":[{"embeddable":true,"href":"https:\/\/hankkeet.karelia.fi\/blackgreen-kestavia-sovelluksia-biohiilesta-pohjois-karjalassa\/wp-json\/wp\/v2\/comments?post=20"}],"version-history":[{"count":0,"href":"https:\/\/hankkeet.karelia.fi\/blackgreen-kestavia-sovelluksia-biohiilesta-pohjois-karjalassa\/wp-json\/wp\/v2\/pages\/20\/revisions"}],"wp:featuredmedia":[{"embeddable":true,"href":"https:\/\/hankkeet.karelia.fi\/blackgreen-kestavia-sovelluksia-biohiilesta-pohjois-karjalassa\/wp-json\/wp\/v2\/media\/17"}],"wp:attachment":[{"href":"https:\/\/hankkeet.karelia.fi\/blackgreen-kestavia-sovelluksia-biohiilesta-pohjois-karjalassa\/wp-json\/wp\/v2\/media?parent=20"}],"curies":[{"name":"wp","href":"https:\/\/api.w.org\/{rel}","templated":true}]}}