{"id":20,"date":"2026-03-17T11:48:22","date_gmt":"2026-03-17T09:48:22","guid":{"rendered":"https:\/\/hankkeet.karelia.fi\/energiakoyhyys-maaseutualueilla-menetelmat-mallit-ja-ratkaisut-ema\/energiakoyhyys-maaseutualueilla-menetelmat-mallit-ja-ratkaisut-ema\/"},"modified":"2026-03-17T11:48:22","modified_gmt":"2026-03-17T09:48:22","slug":"energiakoyhyys-maaseutualueilla-menetelmat-mallit-ja-ratkaisut-ema","status":"publish","type":"page","link":"https:\/\/hankkeet.karelia.fi\/energiakoyhyys-maaseutualueilla-menetelmat-mallit-ja-ratkaisut-ema\/","title":{"rendered":"Energiak\u00f6yhyys maaseutualueilla \u2013 menetelm\u00e4t, mallit ja ratkaisut \u2013 EMA"},"content":{"rendered":"\n<figure class=\"wp-block-image size-full\"><img decoding=\"async\" src=\"https:\/\/hankkeet.karelia.fi\/energiakoyhyys-maaseutualueilla-menetelmat-mallit-ja-ratkaisut-ema\/wp-content\/uploads\/sites\/39\/2026\/03\/energiakoyhyys_logopalkki.png\" alt class=\"wp-image-81498\"><\/figure>\n\n\n\n<p>Ener\u00adgiak\u00f6y\u00adhyys maaseu\u00adtu\u00adalueil\u00adla \u2014 menetelm\u00e4t, mallit ja ratkaisut (EMA) \u2011han\u00adkkeen p\u00e4\u00e4\u00adtavoit\u00adteena on kar\u00adtoit\u00adtaa ja muo\u00addostaa kokon\u00adaisku\u00adva ener\u00adgia- ja liiken\u00adnek\u00f6y\u00adhyy\u00addest\u00e4 Suomen maaseu\u00adtu\u00adalueil\u00adla. Han\u00adkkeessa tuotet\u00adta\u00adva tieto vas\u00adtaa ajanko\u00adhtaisi\u00adin tieto\u00adtarpeisi\u00adin liit\u00adtyen Ukrainan kri\u00adisin k\u00e4yn\u00adnist\u00e4m\u00e4\u00e4n ener\u00adgiakri\u00adisin, mut\u00adta han\u00adkkeessa tuotet\u00adta\u00adva tieto palvelee my\u00f6s laa\u00adjem\u00admin maaseu\u00adtupoli\u00adit\u00adtisen kokon\u00adaiso\u00adhjel\u00adman 2021\u20132027 toteut\u00adtamista.<\/p>\n\n\n\n<p>Ener\u00adgia- ja liiken\u00adnek\u00f6y\u00adhyys liit\u00adtyv\u00e4t molem\u00admat my\u00f6s alueke\u00adhi\u00adtyk\u00adseen, joten han\u00adkkeessa tuotet\u00adta\u00adva uusi tieto laa\u00adjen\u00adtaa ymm\u00e4r\u00adryst\u00e4 alueke\u00adhi\u00adtyk\u00adseen kytkey\u00adtymist\u00e4 ilmi\u00f6ist\u00e4. Eri\u00adtyis\u00ades\u00adti han\u00adke tukee maaseu\u00adtupoli\u00adit\u00adtisen kokon\u00adaiso\u00adhjel\u00adman teemo\u00adja \u201c3.3 Kil\u00adpailukyvyn ja elin\u00advoiman vahvis\u00adt\u00ada\u00admi\u00adnen\u201d sek\u00e4 \u201c3.4 suju\u00advan arjen edis\u00adt\u00e4mi\u00adnen\u201d, mut\u00adta tulok\u00adsista on hy\u00f6\u00adty\u00e4 my\u00f6s val\u00adtion muus\u00adsa s\u00e4\u00e4d\u00f6s\u00advalmis\u00adtelus\u00adsa ja suun\u00adnit\u00adtelus\u00adsa eri sek\u00adtor\u00adeil\u00adla.<\/p>\n\n\n\n<p>Han\u00adkkeen tavoit\u00adteena on kehit\u00adt\u00e4\u00e4 menetelm\u00e4 ener\u00adgiak\u00f6y\u00adhyy\u00adden analysoimiseen Suomes\u00adsa, kar\u00adtoit\u00adtaa ja kuva\u00adta sen esi\u00adin\u00adtyvyyt\u00adt\u00e4 sek\u00e4 tuot\u00adtaa ratkaisu\u00adja, joil\u00adla voidaan hillit\u00e4 ener\u00adgia- ja liiken\u00adnek\u00f6y\u00adhyyt\u00adt\u00e4 Suomes\u00adsa. Han\u00adkkeen tavoit\u00adteen saavut\u00adtamisek\u00adsi tutkimuk\u00adses\u00adsa vas\u00adtataan seu\u00adraavi\u00adin tutkimuskysymyk\u00adsi\u00adin:<\/p>\n\n\n\n<p>\u2022 Miten ener\u00adgiak\u00f6y\u00adhyys maaseu\u00adtu\u00adaluei\u00adden arkeen, kansalais\u00adtoim\u00adintaa, palvelui\u00adhin ja ty\u00f6el\u00e4m\u00e4\u00e4n?<br>\u2022 Miten tutkimus- ja kehit\u00adt\u00e4mis\u00adhankkeis\u00adsa on tun\u00adnis\u00adtet\u00adtu ener\u00adgiak\u00f6y\u00adhyyt\u00adt\u00e4?<br>\u2022 Mil\u00adlaisia ero\u00adja maaseu\u00adtu\u00adaluei\u00adden v\u00e4lil\u00adl\u00e4 on ener\u00adgiak\u00f6y\u00adhyy\u00addess\u00e4?<br>\u2022 Mil\u00adlaisil\u00adla ratkaisuil\u00adla voidaan lieven\u00adt\u00e4\u00e4 ener\u00adgiak\u00f6y\u00adhyyt\u00adt\u00e4 maaseu\u00adtu\u00adalueil\u00adla?<\/p>\n\n\n\n<p>Edel\u00adl\u00e4 esitet\u00adty\u00adi\u00adhin tutkimuskysymyk\u00adsi\u00adin vas\u00adtaa eril\u00adli\u00adsis\u00ads\u00e4 ty\u00f6\u00adpaketeis\u00adsa. Han\u00adkkeen ana\u00adlyysin perus\u00adteel\u00adla teht\u00e4v\u00e4 syn\u00adteesi sis\u00e4lt\u00e4\u00e4 p\u00e4\u00e4telmi\u00e4 ener\u00adgiak\u00f6y\u00adhyy\u00adden esi\u00adin\u00adtyvyy\u00addest\u00e4 Suomes\u00adsa ja sen v\u00e4hen\u00adt\u00e4misek\u00adsi tarvit\u00adtavista toimen\u00adpiteist\u00e4 ja ratkaisu\u00adista. Kare\u00adlian rooli han\u00adkkeessa on ener\u00adgiak\u00f6y\u00adhyy\u00adden ratkaisui\u00adhin keskit\u00adtyv\u00e4n ty\u00f6\u00adpaketin toteu\u00adtus: ty\u00f6 sis\u00e4lt\u00e4\u00e4 mm. ratkaisu\u00adjen selvit\u00adt\u00e4mist\u00e4 yhteisty\u00f6ss\u00e4 val\u00adtakun\u00adnal\u00adlisen ener\u00adgia\u00adneu\u00advo\u00adjaverkos\u00adton kanssa, ener\u00adgiay\u00adhteis\u00f6n liike\u00adtoim\u00adinta\u00admallien arvioin\u00adtia ja teknolo\u00adgia-arvioin\u00adte\u00adja.<\/p>\n\n\n\n<p>Tutkimus on p\u00e4\u00e4osin val\u00adtakun\u00adnalli\u00adnen, mut\u00adta aineis\u00adto\u00adjen saatavu\u00adu\u00adden ja ana\u00adlyysien eri\u00adty\u00adis\u00adlu\u00adon\u00adteen vuok\u00adsi tutkimuk\u00adses\u00adsa varaudu\u00adtaan my\u00f6s case-ana\u00adlyy\u00adsei\u00adhin ener\u00adgiak\u00f6y\u00adhyys- ja liiken\u00adnek\u00f6y\u00adhyysin\u00addek\u00adsien yksi\u00adtyisko\u00adhtaisem\u00adman kaupun\u00adki-maaseu\u00adtu tarkastelun toteut\u00adtamisek\u00adsi.<\/p>\n\n\n\n<h2 class=\"wp-block-heading\">Projektin kesto<\/h2>\n\n\n\n<p>1.9.2023 \u2014 31.3.2025<\/p>\n\n\n\n<h2 class=\"wp-block-heading\">Projektip\u00e4\u00e4llikk\u00f6<\/h2>\n\n\n\n<p><strong>Lasse Okko\u00adnen<\/strong><br>Lasse.Okkonen(a)karelia.fi<\/p>\n\n\n\n<h2 class=\"wp-block-heading\">Rahoitus<\/h2>\n\n\n\n<p>Maa- ja met\u00ads\u00e4\u00adtalous\u00admin\u00adis\u00adter\u00adi\u00f6n rahoi\u00adtus<\/p>\n\n\n\n<figure class=\"wp-block-image size-full is-resized\"><img decoding=\"async\" src=\"https:\/\/hankkeet.karelia.fi\/energiakoyhyys-maaseutualueilla-menetelmat-mallit-ja-ratkaisut-ema\/wp-content\/uploads\/sites\/39\/2026\/03\/kk7_palkki.png\" alt class=\"wp-image-81500\" style=\"width:767px;height:auto\"><\/figure>\n","protected":false},"excerpt":{"rendered":"<p>Ener\u00adgiak\u00f6y\u00adhyys maaseu\u00adtu\u00adalueil\u00adla \u2014 menetelm\u00e4t, mallit ja ratkaisut (EMA) \u2011han\u00adkkeen p\u00e4\u00e4\u00adtavoit\u00adteena on kar\u00adtoit\u00adtaa ja muo\u00addostaa kokon\u00adaisku\u00adva ener\u00ad\u00adgia- ja liiken\u00adnek\u00f6y\u00adhyy\u00addest\u00e4 Suomen maaseu\u00adtu\u00adalueil\u00adla. Han\u00adkkeessa tuotet\u00adta\u00adva tieto vas\u00adtaa ajanko\u00adhtaisi\u00adin tieto\u00adtarpeisi\u00adin liit\u00adtyen Ukrainan kri\u00adisin k\u00e4yn\u00adnist\u00e4m\u00e4\u00e4n ener\u00adgiakri\u00adisin, mut\u00adta han\u00adkkeessa tuotet\u00adta\u00adva tieto palvelee my\u00f6s laa\u00adjem\u00admin maaseu\u00adtupoli\u00adit\u00adtisen kokon\u00adaiso\u00adhjel\u00adman 2021\u20132027 toteut\u00adtamista. Ener\u00ad\u00adgia- ja liiken\u00adnek\u00f6y\u00adhyys liit\u00adtyv\u00e4t molem\u00admat my\u00f6s alueke\u00adhi\u00adtyk\u00adseen, joten han\u00adkkeessa tuotet\u00adta\u00adva uusi tieto laa\u00adjen\u00adtaa [\u2026]<\/p>\n","protected":false},"author":0,"featured_media":17,"parent":0,"menu_order":0,"comment_status":"closed","ping_status":"closed","template":"","meta":{"inline_featured_image":false,"wp_typography_post_enhancements_disabled":false,"footnotes":""},"class_list":["post-20","page","type-page","status-publish","has-post-thumbnail","hentry"],"yoast_head":"<!-- This site is optimized with the Yoast SEO plugin v27.5 - https:\/\/yoast.com\/product\/yoast-seo-wordpress\/ -->\n<title>Energiak\u00f6yhyys maaseutualueilla \u2013 menetelm\u00e4t, mallit ja ratkaisut &#8211; EMA - Energiak\u00f6yhyys maaseutualueilla \u2013 menetelm\u00e4t, mallit ja ratkaisut &#8211; EMA<\/title>\n<meta name=\"robots\" content=\"index, follow, max-snippet:-1, max-image-preview:large, max-video-preview:-1\" \/>\n<link rel=\"canonical\" href=\"https:\/\/hankkeet.karelia.fi\/energiakoyhyys-maaseutualueilla-menetelmat-mallit-ja-ratkaisut-ema\/\" \/>\n<meta property=\"og:locale\" content=\"fi_FI\" \/>\n<meta property=\"og:type\" content=\"article\" \/>\n<meta property=\"og:title\" content=\"Energiak\u00f6yhyys maaseutualueilla \u2013 menetelm\u00e4t, mallit ja ratkaisut &#8211; EMA - Energiak\u00f6yhyys maaseutualueilla \u2013 menetelm\u00e4t, mallit ja ratkaisut &#8211; EMA\" \/>\n<meta property=\"og:description\" content=\"Ener\u00adgiak\u00f6y\u00adhyys maaseu\u00adtu\u00adalueil\u00adla \u2014 menetelm\u00e4t, mallit ja ratkaisut (EMA) \u2011han\u00adkkeen p\u00e4\u00e4\u00adtavoit\u00adteena on kar\u00adtoit\u00adtaa ja muo\u00addostaa kokon\u00adaisku\u00adva ener\u00adgia- ja liiken\u00adnek\u00f6y\u00adhyy\u00addest\u00e4 Suomen maaseu\u00adtu\u00adalueil\u00adla. Han\u00adkkeessa tuotet\u00adta\u00adva tieto vas\u00adtaa ajanko\u00adhtaisi\u00adin tieto\u00adtarpeisi\u00adin liit\u00adtyen Ukrainan kri\u00adisin k\u00e4yn\u00adnist\u00e4m\u00e4\u00e4n ener\u00adgiakri\u00adisin, mut\u00adta han\u00adkkeessa tuotet\u00adta\u00adva tieto palvelee my\u00f6s laa\u00adjem\u00admin maaseu\u00adtupoli\u00adit\u00adtisen kokon\u00adaiso\u00adhjel\u00adman 2021\u20132027 toteut\u00adtamista. Ener\u00adgia- ja liiken\u00adnek\u00f6y\u00adhyys liit\u00adtyv\u00e4t molem\u00admat my\u00f6s alueke\u00adhi\u00adtyk\u00adseen, joten han\u00adkkeessa tuotet\u00adta\u00adva uusi tieto laa\u00adjen\u00adtaa [&hellip;]\" \/>\n<meta property=\"og:url\" content=\"https:\/\/hankkeet.karelia.fi\/energiakoyhyys-maaseutualueilla-menetelmat-mallit-ja-ratkaisut-ema\/\" \/>\n<meta property=\"og:site_name\" content=\"Energiak\u00f6yhyys maaseutualueilla \u2013 menetelm\u00e4t, mallit ja ratkaisut &#8211; EMA\" \/>\n<meta name=\"twitter:card\" content=\"summary_large_image\" \/>\n<meta name=\"twitter:label1\" content=\"Arvioitu lukuaika\" \/>\n\t<meta name=\"twitter:data1\" content=\"1 minuutti\" \/>\n<script type=\"application\/ld+json\" class=\"yoast-schema-graph\">{\"@context\":\"https:\\\/\\\/schema.org\",\"@graph\":[{\"@type\":\"WebPage\",\"@id\":\"https:\\\/\\\/hankkeet.karelia.fi\\\/energiakoyhyys-maaseutualueilla-menetelmat-mallit-ja-ratkaisut-ema\\\/\",\"url\":\"https:\\\/\\\/hankkeet.karelia.fi\\\/energiakoyhyys-maaseutualueilla-menetelmat-mallit-ja-ratkaisut-ema\\\/\",\"name\":\"Energiak\u00f6yhyys maaseutualueilla \u2013 menetelm\u00e4t, mallit ja ratkaisut &#8211; EMA - Energiak\u00f6yhyys maaseutualueilla \u2013 menetelm\u00e4t, mallit ja ratkaisut &#8211; EMA\",\"isPartOf\":{\"@id\":\"https:\\\/\\\/hankkeet.karelia.fi\\\/energiakoyhyys-maaseutualueilla-menetelmat-mallit-ja-ratkaisut-ema\\\/#website\"},\"primaryImageOfPage\":{\"@id\":\"https:\\\/\\\/hankkeet.karelia.fi\\\/energiakoyhyys-maaseutualueilla-menetelmat-mallit-ja-ratkaisut-ema\\\/#primaryimage\"},\"image\":{\"@id\":\"https:\\\/\\\/hankkeet.karelia.fi\\\/energiakoyhyys-maaseutualueilla-menetelmat-mallit-ja-ratkaisut-ema\\\/#primaryimage\"},\"thumbnailUrl\":\"https:\\\/\\\/hankkeet.karelia.fi\\\/energiakoyhyys-maaseutualueilla-menetelmat-mallit-ja-ratkaisut-ema\\\/wp-content\\\/uploads\\\/sites\\\/39\\\/2026\\\/03\\\/kuvia-suomesta-joona-kotilainen-17-1.jpg\",\"datePublished\":\"2026-03-17T09:48:22+00:00\",\"breadcrumb\":{\"@id\":\"https:\\\/\\\/hankkeet.karelia.fi\\\/energiakoyhyys-maaseutualueilla-menetelmat-mallit-ja-ratkaisut-ema\\\/#breadcrumb\"},\"inLanguage\":\"fi\",\"potentialAction\":[{\"@type\":\"ReadAction\",\"target\":[\"https:\\\/\\\/hankkeet.karelia.fi\\\/energiakoyhyys-maaseutualueilla-menetelmat-mallit-ja-ratkaisut-ema\\\/\"]}]},{\"@type\":\"ImageObject\",\"inLanguage\":\"fi\",\"@id\":\"https:\\\/\\\/hankkeet.karelia.fi\\\/energiakoyhyys-maaseutualueilla-menetelmat-mallit-ja-ratkaisut-ema\\\/#primaryimage\",\"url\":\"https:\\\/\\\/hankkeet.karelia.fi\\\/energiakoyhyys-maaseutualueilla-menetelmat-mallit-ja-ratkaisut-ema\\\/wp-content\\\/uploads\\\/sites\\\/39\\\/2026\\\/03\\\/kuvia-suomesta-joona-kotilainen-17-1.jpg\",\"contentUrl\":\"https:\\\/\\\/hankkeet.karelia.fi\\\/energiakoyhyys-maaseutualueilla-menetelmat-mallit-ja-ratkaisut-ema\\\/wp-content\\\/uploads\\\/sites\\\/39\\\/2026\\\/03\\\/kuvia-suomesta-joona-kotilainen-17-1.jpg\",\"width\":2000,\"height\":1334},{\"@type\":\"BreadcrumbList\",\"@id\":\"https:\\\/\\\/hankkeet.karelia.fi\\\/energiakoyhyys-maaseutualueilla-menetelmat-mallit-ja-ratkaisut-ema\\\/#breadcrumb\",\"itemListElement\":[{\"@type\":\"ListItem\",\"position\":1,\"name\":\"Home\",\"item\":\"https:\\\/\\\/hankkeet.karelia.fi\\\/energiakoyhyys-maaseutualueilla-menetelmat-mallit-ja-ratkaisut-ema\\\/energiakoyhyys-maaseutualueilla-menetelmat-mallit-ja-ratkaisut-ema\\\/\"},{\"@type\":\"ListItem\",\"position\":2,\"name\":\"Energiak\u00f6yhyys maaseutualueilla \u2013 menetelm\u00e4t, mallit ja ratkaisut &#8211; EMA\"}]},{\"@type\":\"WebSite\",\"@id\":\"https:\\\/\\\/hankkeet.karelia.fi\\\/energiakoyhyys-maaseutualueilla-menetelmat-mallit-ja-ratkaisut-ema\\\/#website\",\"url\":\"https:\\\/\\\/hankkeet.karelia.fi\\\/energiakoyhyys-maaseutualueilla-menetelmat-mallit-ja-ratkaisut-ema\\\/\",\"name\":\"Energiak\u00f6yhyys maaseutualueilla \u2013 menetelm\u00e4t, mallit ja ratkaisut &#8211; EMA\",\"description\":\"\",\"publisher\":{\"@id\":\"https:\\\/\\\/hankkeet.karelia.fi\\\/energiakoyhyys-maaseutualueilla-menetelmat-mallit-ja-ratkaisut-ema\\\/#organization\"},\"potentialAction\":[{\"@type\":\"SearchAction\",\"target\":{\"@type\":\"EntryPoint\",\"urlTemplate\":\"https:\\\/\\\/hankkeet.karelia.fi\\\/energiakoyhyys-maaseutualueilla-menetelmat-mallit-ja-ratkaisut-ema\\\/?s={search_term_string}\"},\"query-input\":{\"@type\":\"PropertyValueSpecification\",\"valueRequired\":true,\"valueName\":\"search_term_string\"}}],\"inLanguage\":\"fi\"},{\"@type\":\"Organization\",\"@id\":\"https:\\\/\\\/hankkeet.karelia.fi\\\/energiakoyhyys-maaseutualueilla-menetelmat-mallit-ja-ratkaisut-ema\\\/#organization\",\"name\":\"Energiak\u00f6yhyys maaseutualueilla \u2013 menetelm\u00e4t, mallit ja ratkaisut &#8211; EMA\",\"url\":\"https:\\\/\\\/hankkeet.karelia.fi\\\/energiakoyhyys-maaseutualueilla-menetelmat-mallit-ja-ratkaisut-ema\\\/\",\"logo\":{\"@type\":\"ImageObject\",\"inLanguage\":\"fi\",\"@id\":\"https:\\\/\\\/hankkeet.karelia.fi\\\/energiakoyhyys-maaseutualueilla-menetelmat-mallit-ja-ratkaisut-ema\\\/#\\\/schema\\\/logo\\\/image\\\/\",\"url\":\"https:\\\/\\\/hankkeet.karelia.fi\\\/energiakoyhyys-maaseutualueilla-menetelmat-mallit-ja-ratkaisut-ema\\\/wp-content\\\/uploads\\\/sites\\\/39\\\/2026\\\/03\\\/cropped-cropped-Karelia_AMK_logo_RGB-1.png\",\"contentUrl\":\"https:\\\/\\\/hankkeet.karelia.fi\\\/energiakoyhyys-maaseutualueilla-menetelmat-mallit-ja-ratkaisut-ema\\\/wp-content\\\/uploads\\\/sites\\\/39\\\/2026\\\/03\\\/cropped-cropped-Karelia_AMK_logo_RGB-1.png\",\"width\":427,\"height\":116,\"caption\":\"Energiak\u00f6yhyys maaseutualueilla \u2013 menetelm\u00e4t, mallit ja ratkaisut &#8211; EMA\"},\"image\":{\"@id\":\"https:\\\/\\\/hankkeet.karelia.fi\\\/energiakoyhyys-maaseutualueilla-menetelmat-mallit-ja-ratkaisut-ema\\\/#\\\/schema\\\/logo\\\/image\\\/\"}}]}<\/script>\n<!-- \/ Yoast SEO plugin. -->","yoast_head_json":{"title":"Energiak\u00f6yhyys maaseutualueilla \u2013 menetelm\u00e4t, mallit ja ratkaisut &#8211; EMA - Energiak\u00f6yhyys maaseutualueilla \u2013 menetelm\u00e4t, mallit ja ratkaisut &#8211; EMA","robots":{"index":"index","follow":"follow","max-snippet":"max-snippet:-1","max-image-preview":"max-image-preview:large","max-video-preview":"max-video-preview:-1"},"canonical":"https:\/\/hankkeet.karelia.fi\/energiakoyhyys-maaseutualueilla-menetelmat-mallit-ja-ratkaisut-ema\/","og_locale":"fi_FI","og_type":"article","og_title":"Energiak\u00f6yhyys maaseutualueilla \u2013 menetelm\u00e4t, mallit ja ratkaisut &#8211; EMA - Energiak\u00f6yhyys maaseutualueilla \u2013 menetelm\u00e4t, mallit ja ratkaisut &#8211; EMA","og_description":"Ener\u00adgiak\u00f6y\u00adhyys maaseu\u00adtu\u00adalueil\u00adla \u2014 menetelm\u00e4t, mallit ja ratkaisut (EMA) \u2011han\u00adkkeen p\u00e4\u00e4\u00adtavoit\u00adteena on kar\u00adtoit\u00adtaa ja muo\u00addostaa kokon\u00adaisku\u00adva ener\u00adgia- ja liiken\u00adnek\u00f6y\u00adhyy\u00addest\u00e4 Suomen maaseu\u00adtu\u00adalueil\u00adla. Han\u00adkkeessa tuotet\u00adta\u00adva tieto vas\u00adtaa ajanko\u00adhtaisi\u00adin tieto\u00adtarpeisi\u00adin liit\u00adtyen Ukrainan kri\u00adisin k\u00e4yn\u00adnist\u00e4m\u00e4\u00e4n ener\u00adgiakri\u00adisin, mut\u00adta han\u00adkkeessa tuotet\u00adta\u00adva tieto palvelee my\u00f6s laa\u00adjem\u00admin maaseu\u00adtupoli\u00adit\u00adtisen kokon\u00adaiso\u00adhjel\u00adman 2021\u20132027 toteut\u00adtamista. Ener\u00adgia- ja liiken\u00adnek\u00f6y\u00adhyys liit\u00adtyv\u00e4t molem\u00admat my\u00f6s alueke\u00adhi\u00adtyk\u00adseen, joten han\u00adkkeessa tuotet\u00adta\u00adva uusi tieto laa\u00adjen\u00adtaa [&hellip;]","og_url":"https:\/\/hankkeet.karelia.fi\/energiakoyhyys-maaseutualueilla-menetelmat-mallit-ja-ratkaisut-ema\/","og_site_name":"Energiak\u00f6yhyys maaseutualueilla \u2013 menetelm\u00e4t, mallit ja ratkaisut &#8211; EMA","twitter_card":"summary_large_image","twitter_misc":{"Arvioitu lukuaika":"1 minuutti"},"schema":{"@context":"https:\/\/schema.org","@graph":[{"@type":"WebPage","@id":"https:\/\/hankkeet.karelia.fi\/energiakoyhyys-maaseutualueilla-menetelmat-mallit-ja-ratkaisut-ema\/","url":"https:\/\/hankkeet.karelia.fi\/energiakoyhyys-maaseutualueilla-menetelmat-mallit-ja-ratkaisut-ema\/","name":"Energiak\u00f6yhyys maaseutualueilla \u2013 menetelm\u00e4t, mallit ja ratkaisut &#8211; EMA - Energiak\u00f6yhyys maaseutualueilla \u2013 menetelm\u00e4t, mallit ja ratkaisut &#8211; EMA","isPartOf":{"@id":"https:\/\/hankkeet.karelia.fi\/energiakoyhyys-maaseutualueilla-menetelmat-mallit-ja-ratkaisut-ema\/#website"},"primaryImageOfPage":{"@id":"https:\/\/hankkeet.karelia.fi\/energiakoyhyys-maaseutualueilla-menetelmat-mallit-ja-ratkaisut-ema\/#primaryimage"},"image":{"@id":"https:\/\/hankkeet.karelia.fi\/energiakoyhyys-maaseutualueilla-menetelmat-mallit-ja-ratkaisut-ema\/#primaryimage"},"thumbnailUrl":"https:\/\/hankkeet.karelia.fi\/energiakoyhyys-maaseutualueilla-menetelmat-mallit-ja-ratkaisut-ema\/wp-content\/uploads\/sites\/39\/2026\/03\/kuvia-suomesta-joona-kotilainen-17-1.jpg","datePublished":"2026-03-17T09:48:22+00:00","breadcrumb":{"@id":"https:\/\/hankkeet.karelia.fi\/energiakoyhyys-maaseutualueilla-menetelmat-mallit-ja-ratkaisut-ema\/#breadcrumb"},"inLanguage":"fi","potentialAction":[{"@type":"ReadAction","target":["https:\/\/hankkeet.karelia.fi\/energiakoyhyys-maaseutualueilla-menetelmat-mallit-ja-ratkaisut-ema\/"]}]},{"@type":"ImageObject","inLanguage":"fi","@id":"https:\/\/hankkeet.karelia.fi\/energiakoyhyys-maaseutualueilla-menetelmat-mallit-ja-ratkaisut-ema\/#primaryimage","url":"https:\/\/hankkeet.karelia.fi\/energiakoyhyys-maaseutualueilla-menetelmat-mallit-ja-ratkaisut-ema\/wp-content\/uploads\/sites\/39\/2026\/03\/kuvia-suomesta-joona-kotilainen-17-1.jpg","contentUrl":"https:\/\/hankkeet.karelia.fi\/energiakoyhyys-maaseutualueilla-menetelmat-mallit-ja-ratkaisut-ema\/wp-content\/uploads\/sites\/39\/2026\/03\/kuvia-suomesta-joona-kotilainen-17-1.jpg","width":2000,"height":1334},{"@type":"BreadcrumbList","@id":"https:\/\/hankkeet.karelia.fi\/energiakoyhyys-maaseutualueilla-menetelmat-mallit-ja-ratkaisut-ema\/#breadcrumb","itemListElement":[{"@type":"ListItem","position":1,"name":"Home","item":"https:\/\/hankkeet.karelia.fi\/energiakoyhyys-maaseutualueilla-menetelmat-mallit-ja-ratkaisut-ema\/energiakoyhyys-maaseutualueilla-menetelmat-mallit-ja-ratkaisut-ema\/"},{"@type":"ListItem","position":2,"name":"Energiak\u00f6yhyys maaseutualueilla \u2013 menetelm\u00e4t, mallit ja ratkaisut &#8211; EMA"}]},{"@type":"WebSite","@id":"https:\/\/hankkeet.karelia.fi\/energiakoyhyys-maaseutualueilla-menetelmat-mallit-ja-ratkaisut-ema\/#website","url":"https:\/\/hankkeet.karelia.fi\/energiakoyhyys-maaseutualueilla-menetelmat-mallit-ja-ratkaisut-ema\/","name":"Energiak\u00f6yhyys maaseutualueilla \u2013 menetelm\u00e4t, mallit ja ratkaisut &#8211; EMA","description":"","publisher":{"@id":"https:\/\/hankkeet.karelia.fi\/energiakoyhyys-maaseutualueilla-menetelmat-mallit-ja-ratkaisut-ema\/#organization"},"potentialAction":[{"@type":"SearchAction","target":{"@type":"EntryPoint","urlTemplate":"https:\/\/hankkeet.karelia.fi\/energiakoyhyys-maaseutualueilla-menetelmat-mallit-ja-ratkaisut-ema\/?s={search_term_string}"},"query-input":{"@type":"PropertyValueSpecification","valueRequired":true,"valueName":"search_term_string"}}],"inLanguage":"fi"},{"@type":"Organization","@id":"https:\/\/hankkeet.karelia.fi\/energiakoyhyys-maaseutualueilla-menetelmat-mallit-ja-ratkaisut-ema\/#organization","name":"Energiak\u00f6yhyys maaseutualueilla \u2013 menetelm\u00e4t, mallit ja ratkaisut &#8211; EMA","url":"https:\/\/hankkeet.karelia.fi\/energiakoyhyys-maaseutualueilla-menetelmat-mallit-ja-ratkaisut-ema\/","logo":{"@type":"ImageObject","inLanguage":"fi","@id":"https:\/\/hankkeet.karelia.fi\/energiakoyhyys-maaseutualueilla-menetelmat-mallit-ja-ratkaisut-ema\/#\/schema\/logo\/image\/","url":"https:\/\/hankkeet.karelia.fi\/energiakoyhyys-maaseutualueilla-menetelmat-mallit-ja-ratkaisut-ema\/wp-content\/uploads\/sites\/39\/2026\/03\/cropped-cropped-Karelia_AMK_logo_RGB-1.png","contentUrl":"https:\/\/hankkeet.karelia.fi\/energiakoyhyys-maaseutualueilla-menetelmat-mallit-ja-ratkaisut-ema\/wp-content\/uploads\/sites\/39\/2026\/03\/cropped-cropped-Karelia_AMK_logo_RGB-1.png","width":427,"height":116,"caption":"Energiak\u00f6yhyys maaseutualueilla \u2013 menetelm\u00e4t, mallit ja ratkaisut &#8211; EMA"},"image":{"@id":"https:\/\/hankkeet.karelia.fi\/energiakoyhyys-maaseutualueilla-menetelmat-mallit-ja-ratkaisut-ema\/#\/schema\/logo\/image\/"}}]}},"_links":{"self":[{"href":"https:\/\/hankkeet.karelia.fi\/energiakoyhyys-maaseutualueilla-menetelmat-mallit-ja-ratkaisut-ema\/wp-json\/wp\/v2\/pages\/20","targetHints":{"allow":["GET"]}}],"collection":[{"href":"https:\/\/hankkeet.karelia.fi\/energiakoyhyys-maaseutualueilla-menetelmat-mallit-ja-ratkaisut-ema\/wp-json\/wp\/v2\/pages"}],"about":[{"href":"https:\/\/hankkeet.karelia.fi\/energiakoyhyys-maaseutualueilla-menetelmat-mallit-ja-ratkaisut-ema\/wp-json\/wp\/v2\/types\/page"}],"replies":[{"embeddable":true,"href":"https:\/\/hankkeet.karelia.fi\/energiakoyhyys-maaseutualueilla-menetelmat-mallit-ja-ratkaisut-ema\/wp-json\/wp\/v2\/comments?post=20"}],"version-history":[{"count":0,"href":"https:\/\/hankkeet.karelia.fi\/energiakoyhyys-maaseutualueilla-menetelmat-mallit-ja-ratkaisut-ema\/wp-json\/wp\/v2\/pages\/20\/revisions"}],"wp:featuredmedia":[{"embeddable":true,"href":"https:\/\/hankkeet.karelia.fi\/energiakoyhyys-maaseutualueilla-menetelmat-mallit-ja-ratkaisut-ema\/wp-json\/wp\/v2\/media\/17"}],"wp:attachment":[{"href":"https:\/\/hankkeet.karelia.fi\/energiakoyhyys-maaseutualueilla-menetelmat-mallit-ja-ratkaisut-ema\/wp-json\/wp\/v2\/media?parent=20"}],"curies":[{"name":"wp","href":"https:\/\/api.w.org\/{rel}","templated":true}]}}