{"id":20,"date":"2026-03-17T14:33:58","date_gmt":"2026-03-17T12:33:58","guid":{"rendered":"https:\/\/hankkeet.karelia.fi\/glow2-0-green-energy-technologies-for-tourism-growth\/glow2-0-green-energy-technologies-for-tourism-growth\/"},"modified":"2026-03-17T14:33:58","modified_gmt":"2026-03-17T12:33:58","slug":"glow2-0-green-energy-technologies-for-tourism-growth","status":"publish","type":"page","link":"https:\/\/hankkeet.karelia.fi\/glow2-0-green-energy-technologies-for-tourism-growth\/","title":{"rendered":"GLOW2.0 \u2013 Green energy technologies for tourism growth"},"content":{"rendered":"\n<figure class=\"wp-block-image size-full is-resized\"><img decoding=\"async\" src=\"https:\/\/hankkeet.karelia.fi\/glow2-0-green-energy-technologies-for-tourism-growth\/wp-content\/uploads\/sites\/61\/2026\/03\/image-7.png\" alt class=\"wp-image-68134\" style=\"aspect-ratio:4.433962264150943;width:661px;height:auto\"><\/figure>\n\n\n\n<p>Pohjoinen Per\u00adife\u00adria ja Ark\u00adti\u00adnen-ohjel\u00adma (Inter\u00adreg North\u00adern Periph\u00adery and Arc\u00adtic) rahoit\u00adtaa GLOW2.0\u2011hanketta, jon\u00adka tarkoituk\u00adse\u00adna on kan\u00adnus\u00adtaa ja aut\u00adtaa yri\u00adtyk\u00adsi\u00e4 ja julk\u00adisia organ\u00adisaa\u00adtioi\u00adta lis\u00e4\u00e4m\u00e4\u00e4n vuo\u00adden pimeim\u00adm\u00e4n ajan matkailullista vetovoimaa. Tavoit\u00adteena on vahvis\u00adtaa NPA-alueen matkailun ymp\u00e4rivuo\u00adtisu\u00adut\u00adta ja tehd\u00e4 elinkeinos\u00adta parem\u00admin kan\u00adnat\u00adtavaa my\u00f6s pie\u00adnille yri\u00adtyk\u00adsille.<\/p>\n\n\n\n<p>Han\u00adkkeen aikana yri\u00adtyk\u00adsille tar\u00adjo\u00adtaan koulu\u00adtus\u00adta ja tietopaket\u00adte\u00adja valaise\u00admat\u00adtoman taivaan matkailulliseen hy\u00f6\u00addyn\u00adt\u00e4miseen liit\u00adtyen. Teemo\u00adja ovat muun muas\u00adsa:<\/p>\n\n\n\n<ul class=\"wp-block-list\">\n<li>astro\u00adtur\u00adis\u00admi, revon\u00adtulet ja t\u00e4h\u00adtien kat\u00adselu (Lin\u00adnun\u00adra\u00adta, t\u00e4htiku\u00adviot ja niihin liit\u00adtyv\u00e4t tar\u00adi\u00adnat)<\/li>\n\n\n\n<li>matkailu\u00adak\u00adtivi\u00adteetit, jois\u00adsa pimeyt\u00adt\u00e4 hy\u00f6\u00addyn\u00adnet\u00e4\u00e4n<\/li>\n\n\n\n<li>tietous val\u00adosaas\u00adteesta ja siit\u00e4, miten ymp\u00e4rist\u00f6\u00e4 voi var\u00adjel\u00adla liial\u00adliselta val\u00adol\u00adta (esim. miten suun\u00adna\u00adta valais\u00adtus) <\/li>\n<\/ul>\n\n\n\n<h2 class=\"wp-block-heading\"><strong>Hankkeen kolme p\u00e4\u00e4teemaa<\/strong><\/h2>\n\n\n\n<p>1. Yri\u00adtys\u00adten valmiuk\u00adsien vahvis\u00adt\u00ada\u00admi\u00adnen pime\u00e4\u00e4n taivaaseen liit\u00adtyvien matkailu\u00adpalvelu\u00adiden tar\u00adjoamises\u00adsa, markki\u00adnoin\u00adnis\u00adsa ja myyn\u00adninedis\u00adt\u00e4misess\u00e4. Yri\u00adtys\u00adten tutus\u00adtut\u00adta\u00admi\u00adnen help\u00adpok\u00e4yt\u00adt\u00f6iseen immer\u00adsi\u00adiviseen teknolo\u00adgiaan (AR, VR) ja sen hy\u00f6\u00addyn\u00adt\u00e4miseen matkailun liike\u00adtoimin\u00adnas\u00adsa.<\/p>\n\n\n\n<p>2. Vir\u00adtu\u00adaalisen plan\u00ade\u00adtaar\u00adi\u00adon, 360-val\u00adoku\u00advauk\u00adsen ja t\u00e4h\u00adtien tek\u00adnol\u00ado\u00adgis\u00adten kat\u00adselusovel\u00adlus\u00adten kehit\u00adt\u00e4mi\u00adnen, jot\u00adta kat\u00adselukoke\u00admuk\u00adsia voidaan jakaa ja mukaut\u00adtaa han\u00adkkeessa mukana ole\u00advien aluei\u00adden tarpeisi\u00adin. Vir\u00adtu\u00adaalisen plan\u00ade\u00adtaar\u00adi\u00adon toteut\u00adtamis\u00ades\u00adta vas\u00adtaa han\u00adkkeen nor\u00adjalainen kump\u00adpani UiT.<\/p>\n\n\n\n<p>3. Dark Skies \u2011matkailukon\u00adseptin vahvis\u00adt\u00ada\u00admi\u00adnen ja edis\u00adt\u00e4mi\u00adnen koko NPA-alueel\u00adla siten, ett\u00e4 huomioidaan my\u00f6s luon\u00adnon\u00adva\u00adrat.<\/p>\n\n\n\n<p>Tulok\u00adsis\u00adsa huomioidaan nykyiset matkailus\u00adtrate\u00adgiat ja luon\u00adnon- ja kult\u00adtuuriper\u00adin\u00adt\u00f6\u00e4 koske\u00advat muut matkailu\u00adpalve\u00adlut. Niiden avul\u00adla yri\u00adtyk\u00adset voivat kehit\u00adt\u00e4\u00e4 omia, taloudel\u00adlis\u00ades\u00adti kan\u00adnat\u00adtavia vihre\u00adit\u00e4 liike\u00adtoim\u00adinta\u00admalle\u00adjaan, jot\u00adka s\u00e4\u00e4st\u00e4v\u00e4t luon\u00adnon\u00adva\u00adro\u00adja. Tavoit\u00adteena on, ett\u00e4 jokainen han\u00adkkeessa mukana ole\u00adva alue paran\u00adtaa matkailu\u00adtar\u00adjon\u00adtaansa ja viestii siit\u00e4 tehokkaasti.<\/p>\n\n\n\n<h3 class=\"wp-block-heading\">Toiminta-aika<\/h3>\n\n\n\n<p>01.12.2022\u201330.11.2025<\/p>\n\n\n\n<h3 class=\"wp-block-heading\">Kokonaisbudjetti<\/h3>\n\n\n\n<p>\u20ac 1,798,328.64<\/p>\n\n\n\n<h3 class=\"wp-block-heading\">ERDF-rahoituksen osuus<\/h3>\n\n\n\n<p>\u20ac 1,366,645.00<\/p>\n\n\n\n<h2 class=\"wp-block-heading\"><strong>Kumppanit<\/strong><\/h2>\n\n\n\n<figure class=\"wp-block-image size-full\"><img decoding=\"async\" src=\"https:\/\/hankkeet.karelia.fi\/glow2-0-green-energy-technologies-for-tourism-growth\/wp-content\/uploads\/sites\/61\/2026\/03\/image-6.png\" alt class=\"wp-image-68133\"><\/figure>\n\n\n\n<ul class=\"wp-block-list\">\n<li>Kare\u00adlia-ammat\u00adtiko\u00adrkeak\u00adoulu, koor\u00addi\u00adnaat\u00adtori<\/li>\n\n\n\n<li>Pohjois-Lapin aluey\u00adhteisty\u00f6n kun\u00adtay\u00adhtym\u00e4 (PLAKY) (Sodankyl\u00e4, Inari, Utsjo\u00adki)<\/li>\n\n\n\n<li>Fed\u00ader\u00ada\u00adtion of Region\u00adal Author\u00adi\u00adties NW Ice\u00adland (Islanti)<\/li>\n\n\n\n<li>The Gaeltacht Author\u00adi\u00adty (Irlan\u00adti)<\/li>\n\n\n\n<li>Inno\u00adva\u00adtion and Man\u00adage\u00adment Cen\u00adtre West\u00adBIC (Irlan\u00adti)<\/li>\n\n\n\n<li>UiT The Arc\u00adtic Uni\u00adver\u00adsi\u00adty of Nor\u00adway (Nor\u00adja)<\/li>\n<\/ul>\n\n\n\n<p><strong>Liit\u00e4n\u00adn\u00e4iskump\u00adpan\u00adit:<\/strong><\/p>\n\n\n\n<ul class=\"wp-block-list\">\n<li>Ulster Uni\u00adver\u00adsi\u00adty (Pohjois-Irlan\u00adti)&nbsp;<\/li>\n\n\n\n<li>Sn\u00e6fell\u00adsnes Region\u00adal Park (Islanti)&nbsp;<\/li>\n\n\n\n<li>Elinkeino\u2011, liikenne- ja ymp\u00e4rist\u00f6keskus \/ ELY-keskus (Suo\u00admi)<\/li>\n\n\n\n<li>Nation\u00adal Parks and Wildlife Ser\u00advices (Irlan\u00adti)&nbsp;<\/li>\n\n\n\n<li>V\u00e4r\u00adri\u00f6n tutkimusase\u00adma, Helsin\u00adgin yliopis\u00adto&nbsp; (Suo\u00admi)<\/li>\n\n\n\n<li>H\u00f3lar Uni\u00adver\u00adsi\u00adty (Islanti)&nbsp;<\/li>\n\n\n\n<li>Sodankyl\u00e4n geo\u00adfysi\u00adikan obser\u00adva\u00adto\u00adrio, Oulun yliopis\u00adto (Suo\u00admi)<\/li>\n<\/ul>\n\n\n\n<h2 class=\"wp-block-heading\"><strong>Yhteyshenkil\u00f6t<\/strong><\/h2>\n\n\n\n<p>Pro\u00adjek\u00adtip\u00e4\u00e4l\u00adlikk\u00f6 Timo Rui<br>timo.rui(at)karelia.fi<br>+358 50 311 9474<\/p>\n\n\n\n<p>Pro\u00adjek\u00adti\u00adasiantun\u00adti\u00adja Daisy Sil\u00adven\u00adnoinen<br>daisy.silvennoinen(at)karelia.fi<br>+358 50 520 1809<\/p>\n\n\n\n<p>Pro\u00adjek\u00adti\u00adasiantun\u00adti\u00adja Outi San\u00adtanie\u00admi<br><a href=\"mailto:outi.santaniemi@karelia.fi\">outi.santaniemi@karelia.fi<\/a><br>+358 50 5999 145<\/p>\n\n\n\n<p>Yliopet\u00adta\u00adja Tar\u00adja Kupi\u00adainen<br><a href=\"mailto:tarja.kupiainen@karelia.fi\">tarja.kupiainen@karelia.fi<\/a><br>+358 50 5209749<\/p>\n\n\n\n<p>Linkit:<br><a href=\"https:\/\/www.interreg-npa.eu\/projects\/glow20\/\">https:\/\/www.interreg-npa.eu\/projects\/glow20\/<\/a><\/p>\n\n\n\n<p><\/p>\n\n\n\n<h2 class=\"wp-block-heading\">GLOW2.0 Green energy technologies for tourism growth<\/h2>\n\n\n\n<p>North\u00adern Periph\u00adery and Arc\u00adtic project \u201cNPA GLOW2.0. Green Tourism Tech\u00adnolo\u00adgies for Tourism Growth\u201d is part of Inter\u00adreg, sup\u00adport\u00aded by the Euro\u00adpean Region\u00adal Devel\u00adop\u00adment Fund (ERDF) and ERDF equiv\u00ada\u00adlent fund\u00ading from part\u00adner coun\u00adtries.<\/p>\n\n\n\n<p>GLOW2.0 will sup\u00adport enter\u00adpris\u00ades and pub\u00adlic organ\u00adi\u00adsa\u00adtions in devel\u00adop\u00ading tourism flow dur\u00ading the dark win\u00adter months. Dark skies are an attrac\u00adtion that has been uti\u00adlized too lit\u00adtle in the past in our regions. Areas with lit\u00adtle or no light pol\u00adlu\u00adtion have huge poten\u00adtial to enhance the tourism expe\u00adri\u00adence.<\/p>\n\n\n\n<p>Dur\u00ading the project enter\u00adpris\u00ades will gain tech\u00adni\u00adcal and busi\u00adness capac\u00adi\u00adty relat\u00ading to dark skies tourism con\u00adcepts. These might be:<\/p>\n\n\n\n<p>\u00b7 astro\u00adtourism, auro\u00adra bore\u00adalis and star gaz\u00ading<\/p>\n\n\n\n<p>\u00b7 win\u00adter activ\u00adi\u00adties relat\u00ading to dark\u00adness<\/p>\n\n\n\n<p>\u00b7 knowl\u00adedge about light pol\u00adlu\u00adtion and ways to pre\u00adserve the envi\u00adron\u00adment from exces\u00adsive light\u00ading<\/p>\n\n\n\n<p>There are three main aspects that we will work on:&nbsp;<\/p>\n\n\n\n<p>1. Enhanc\u00ading the capac\u00adi\u00adty of SMEs in deliv\u00adery, mar\u00adket\u00ading and pro\u00admo\u00adtion of tourism offers involv\u00ading dark skies; intro\u00adduc\u00ading enter\u00adpris\u00ades to acces\u00adsi\u00adble immer\u00adsive tech\u00adnolo\u00adgies (AR, VR).<\/p>\n\n\n\n<p>2. Tech\u00adnol\u00ado\u00adgy devel\u00adop\u00adment of a vir\u00adtu\u00adal plan\u00ade\u00adtar\u00adi\u00adum, 360-degree pho\u00adtog\u00adra\u00adphy and star gaz\u00ading appli\u00adca\u00adtions, to be shared and adapt\u00aded across the region<\/p>\n\n\n\n<p>3. Val\u00adi\u00adda\u00adtion and pro\u00admo\u00adtion of Dark Skies tourism as a region\u00adal offer across the NPA area, which also serves as means of safe\u00adguard\u00ading nat\u00adur\u00adal assets.&nbsp;<\/p>\n\n\n\n<p>The out\u00adcomes will be inte\u00adgrat\u00aded into exist\u00ading tourism strate\u00adgies and offers on nat\u00adur\u00adal and cul\u00adtur\u00adal her\u00aditage. These will enable the enter\u00adpris\u00ades to devel\u00adop their own green busi\u00adness mod\u00adels. Green busi\u00adness can grow eco\u00adnom\u00adi\u00adcal\u00adly and reduce use of resources.&nbsp; Regions will enhance their over\u00adall tourism offer and this is dis\u00adsem\u00adi\u00adnat\u00aded across the NPA.<\/p>\n\n\n\n<ul class=\"wp-block-list\">\n<li>Dura\u00adtion: 01.12.2022\u201330.11.2025<\/li>\n\n\n\n<li>Total bud\u00adget: \u20ac 1,798,328.64<\/li>\n\n\n\n<li>ERDF Fund\u00ading: \u20ac 1,366,645.00<\/li>\n<\/ul>\n\n\n\n<p>Part\u00adners:<\/p>\n\n\n\n<ul class=\"wp-block-list\">\n<li>Kare\u00adlia Uni\u00adver\u00adsi\u00adty of Applied Sci\u00adences (Fin\u00adland)&nbsp;<\/li>\n\n\n\n<li>Fed\u00ader\u00ada\u00adtion of North\u00adern Lap\u00adland munic\u00adi\u00adpal\u00adi\u00adties (Fin\u00adland) (Sodankyl\u00e4, Inari, Utsjo\u00adki)<\/li>\n\n\n\n<li>Fed\u00ader\u00ada\u00adtion of Region\u00adal Author\u00adi\u00adties NW Ice\u00adland (Ice\u00adland)<\/li>\n\n\n\n<li>The Gaeltacht Author\u00adi\u00adty (Ire\u00adland)&nbsp;<\/li>\n\n\n\n<li>Inno\u00adva\u00adtion and Man\u00adage\u00adment Cen\u00adtre West\u00adBIC (Ire\u00adland)<\/li>\n\n\n\n<li>UiT The Arc\u00adtic Uni\u00adver\u00adsi\u00adty of Nor\u00adway (Nor\u00adway)<\/li>\n<\/ul>\n\n\n\n<p>Asso\u00adci\u00adat\u00aded part\u00adners:<\/p>\n\n\n\n<ul class=\"wp-block-list\">\n<li>Ulster Uni\u00adver\u00adsi\u00adty (North\u00adern Ire\u00adland)<\/li>\n\n\n\n<li>Sn\u00e6fell\u00adsnes Region\u00adal Park (Ice\u00adland)<\/li>\n\n\n\n<li>Cen\u00adtre for Eco\u00adnom\u00adic Devel\u00adop\u00adment, Trans\u00adport and the Environment\/ NKBR (Fin\u00adland)<\/li>\n\n\n\n<li>Nation\u00adal Parks and Wildlife Ser\u00advices (Ire\u00adland)<\/li>\n\n\n\n<li>V\u00e4r\u00adri\u00f6 Sub\u00adarc\u00adtic Research Sta\u00adtion | Uni\u00adver\u00adsi\u00adty of Helsin\u00adki (Fin\u00adland)<\/li>\n\n\n\n<li>H\u00f3lar Uni\u00adver\u00adsi\u00adty (Ice\u00adland)<\/li>\n\n\n\n<li>Sodankyl\u00e4 Geo\u00adphys\u00adi\u00adcal Obser\u00adva\u00adto\u00adry, Uni\u00adver\u00adsi\u00adty of Oulu (Fin\u00adland)<\/li>\n<\/ul>\n\n\n\n<p>Links:<br>https:\/\/www.interreg-npa.eu\/projects\/glow20\/<\/p>\n\n\n\n<p>Con\u00adtact infor\u00adma\u00adtion:<\/p>\n\n\n\n<p>Kare\u00adlia UAS: Pro\u00adjek\u00adtip\u00e4\u00e4l\u00adlikk\u00f6 Timo Rui, timo.rui(at)karelia.fi<\/p>\n\n\n\n<p>PLAKY: Rei\u00adja Viina\u00adnen, reija.viinanen(at)sodankyla.fi<\/p>\n\n\n\n<p>The Gaeltacht Author\u00adi\u00adty: Mar\u00adti\u00adna Ui Dho\u00adlain, m.uidholain(at)udaras.ie<\/p>\n\n\n\n<p>Inno\u00adva\u00adtion and Man\u00adage\u00adment Cen\u00adtre West\u00adBIC: Sea\u00admus McCor\u00adma\u00adck, smccormack(at)westbic.ie<\/p>\n\n\n\n<p>Fed\u00ader\u00ada\u00adtion of Region\u00adal Author\u00adi\u00adties NW Ice\u00adland: Dav\u00ed\u00f0 J\u00f3hanns\u00adson, david(at)ssnv.is UiT The Arc\u00adtic Uni\u00adver\u00adsi\u00adty of Nor\u00adway: Wei Deng Solvang, wei.d<\/p>\n","protected":false},"excerpt":{"rendered":"<p>Pohjoinen Per\u00adife\u00adria ja Ark\u00adti\u00ad\u00adnen-ohjel\u00ad\u00adma (Inter\u00adreg North\u00adern Periph\u00adery and Arc\u00adtic) rahoit\u00adtaa GLOW2.0\u2011hanketta, jon\u00adka tarkoituk\u00adse\u00adna on kan\u00adnus\u00adtaa ja aut\u00adtaa yri\u00adtyk\u00adsi\u00e4 ja julk\u00adisia organ\u00adisaa\u00adtioi\u00adta lis\u00e4\u00e4m\u00e4\u00e4n vuo\u00adden pimeim\u00adm\u00e4n ajan matkailullista vetovoimaa. Tavoit\u00adteena on vahvis\u00adtaa NPA-alueen matkailun ymp\u00e4rivuo\u00adtisu\u00adut\u00adta ja tehd\u00e4 elinkeinos\u00adta parem\u00admin kan\u00adnat\u00adtavaa my\u00f6s pie\u00adnille yri\u00adtyk\u00adsille. Han\u00adkkeen aikana yri\u00adtyk\u00adsille tar\u00adjo\u00adtaan koulu\u00adtus\u00adta ja tietopaket\u00adte\u00adja valaise\u00admat\u00adtoman taivaan matkailulliseen hy\u00f6\u00addyn\u00adt\u00e4miseen liit\u00adtyen. Teemo\u00adja ovat [\u2026]<\/p>\n","protected":false},"author":0,"featured_media":17,"parent":0,"menu_order":0,"comment_status":"closed","ping_status":"closed","template":"","meta":{"inline_featured_image":false,"wp_typography_post_enhancements_disabled":false,"footnotes":""},"class_list":["post-20","page","type-page","status-publish","has-post-thumbnail","hentry"],"yoast_head":"<!-- This site is optimized with the Yoast SEO plugin v27.5 - https:\/\/yoast.com\/product\/yoast-seo-wordpress\/ -->\n<title>GLOW2.0 &#8211; Green energy technologies for tourism growth - GLOW2.0 &#8211; Green energy technologies for tourism growth<\/title>\n<meta name=\"robots\" content=\"index, follow, max-snippet:-1, max-image-preview:large, max-video-preview:-1\" \/>\n<link rel=\"canonical\" href=\"https:\/\/hankkeet.karelia.fi\/glow2-0-green-energy-technologies-for-tourism-growth\/\" \/>\n<meta property=\"og:locale\" content=\"fi_FI\" \/>\n<meta property=\"og:type\" content=\"article\" \/>\n<meta property=\"og:title\" content=\"GLOW2.0 &#8211; Green energy technologies for tourism growth - GLOW2.0 &#8211; Green energy technologies for tourism growth\" \/>\n<meta property=\"og:description\" content=\"Pohjoinen Per\u00adife\u00adria ja Ark\u00adti\u00adnen-ohjel\u00adma (Inter\u00adreg North\u00adern Periph\u00adery and Arc\u00adtic) rahoit\u00adtaa GLOW2.0\u2011hanketta, jon\u00adka tarkoituk\u00adse\u00adna on kan\u00adnus\u00adtaa ja aut\u00adtaa yri\u00adtyk\u00adsi\u00e4 ja julk\u00adisia organ\u00adisaa\u00adtioi\u00adta lis\u00e4\u00e4m\u00e4\u00e4n vuo\u00adden pimeim\u00adm\u00e4n ajan matkailullista vetovoimaa. Tavoit\u00adteena on vahvis\u00adtaa NPA-alueen matkailun ymp\u00e4rivuo\u00adtisu\u00adut\u00adta ja tehd\u00e4 elinkeinos\u00adta parem\u00admin kan\u00adnat\u00adtavaa my\u00f6s pie\u00adnille yri\u00adtyk\u00adsille. Han\u00adkkeen aikana yri\u00adtyk\u00adsille tar\u00adjo\u00adtaan koulu\u00adtus\u00adta ja tietopaket\u00adte\u00adja valaise\u00admat\u00adtoman taivaan matkailulliseen hy\u00f6\u00addyn\u00adt\u00e4miseen liit\u00adtyen. Teemo\u00adja ovat [&hellip;]\" \/>\n<meta property=\"og:url\" content=\"https:\/\/hankkeet.karelia.fi\/glow2-0-green-energy-technologies-for-tourism-growth\/\" \/>\n<meta property=\"og:site_name\" content=\"GLOW2.0 &#8211; Green energy technologies for tourism growth\" \/>\n<meta name=\"twitter:card\" content=\"summary_large_image\" \/>\n<meta name=\"twitter:label1\" content=\"Arvioitu lukuaika\" \/>\n\t<meta name=\"twitter:data1\" content=\"4 minuuttia\" \/>\n<script type=\"application\/ld+json\" class=\"yoast-schema-graph\">{\"@context\":\"https:\\\/\\\/schema.org\",\"@graph\":[{\"@type\":\"WebPage\",\"@id\":\"https:\\\/\\\/hankkeet.karelia.fi\\\/glow2-0-green-energy-technologies-for-tourism-growth\\\/\",\"url\":\"https:\\\/\\\/hankkeet.karelia.fi\\\/glow2-0-green-energy-technologies-for-tourism-growth\\\/\",\"name\":\"GLOW2.0 &#8211; Green energy technologies for tourism growth - GLOW2.0 &#8211; Green energy technologies for tourism growth\",\"isPartOf\":{\"@id\":\"https:\\\/\\\/hankkeet.karelia.fi\\\/glow2-0-green-energy-technologies-for-tourism-growth\\\/#website\"},\"primaryImageOfPage\":{\"@id\":\"https:\\\/\\\/hankkeet.karelia.fi\\\/glow2-0-green-energy-technologies-for-tourism-growth\\\/#primaryimage\"},\"image\":{\"@id\":\"https:\\\/\\\/hankkeet.karelia.fi\\\/glow2-0-green-energy-technologies-for-tourism-growth\\\/#primaryimage\"},\"thumbnailUrl\":\"https:\\\/\\\/hankkeet.karelia.fi\\\/glow2-0-green-energy-technologies-for-tourism-growth\\\/wp-content\\\/uploads\\\/sites\\\/61\\\/2026\\\/03\\\/glow-kuva.jpg\",\"datePublished\":\"2026-03-17T12:33:58+00:00\",\"breadcrumb\":{\"@id\":\"https:\\\/\\\/hankkeet.karelia.fi\\\/glow2-0-green-energy-technologies-for-tourism-growth\\\/#breadcrumb\"},\"inLanguage\":\"fi\",\"potentialAction\":[{\"@type\":\"ReadAction\",\"target\":[\"https:\\\/\\\/hankkeet.karelia.fi\\\/glow2-0-green-energy-technologies-for-tourism-growth\\\/\"]}]},{\"@type\":\"ImageObject\",\"inLanguage\":\"fi\",\"@id\":\"https:\\\/\\\/hankkeet.karelia.fi\\\/glow2-0-green-energy-technologies-for-tourism-growth\\\/#primaryimage\",\"url\":\"https:\\\/\\\/hankkeet.karelia.fi\\\/glow2-0-green-energy-technologies-for-tourism-growth\\\/wp-content\\\/uploads\\\/sites\\\/61\\\/2026\\\/03\\\/glow-kuva.jpg\",\"contentUrl\":\"https:\\\/\\\/hankkeet.karelia.fi\\\/glow2-0-green-energy-technologies-for-tourism-growth\\\/wp-content\\\/uploads\\\/sites\\\/61\\\/2026\\\/03\\\/glow-kuva.jpg\",\"width\":1885,\"height\":760},{\"@type\":\"BreadcrumbList\",\"@id\":\"https:\\\/\\\/hankkeet.karelia.fi\\\/glow2-0-green-energy-technologies-for-tourism-growth\\\/#breadcrumb\",\"itemListElement\":[{\"@type\":\"ListItem\",\"position\":1,\"name\":\"Home\",\"item\":\"https:\\\/\\\/hankkeet.karelia.fi\\\/glow2-0-green-energy-technologies-for-tourism-growth\\\/glow2-0-green-energy-technologies-for-tourism-growth\\\/\"},{\"@type\":\"ListItem\",\"position\":2,\"name\":\"GLOW2.0 &#8211; Green energy technologies for tourism growth\"}]},{\"@type\":\"WebSite\",\"@id\":\"https:\\\/\\\/hankkeet.karelia.fi\\\/glow2-0-green-energy-technologies-for-tourism-growth\\\/#website\",\"url\":\"https:\\\/\\\/hankkeet.karelia.fi\\\/glow2-0-green-energy-technologies-for-tourism-growth\\\/\",\"name\":\"GLOW2.0 &#8211; Green energy technologies for tourism growth\",\"description\":\"\",\"publisher\":{\"@id\":\"https:\\\/\\\/hankkeet.karelia.fi\\\/glow2-0-green-energy-technologies-for-tourism-growth\\\/#organization\"},\"potentialAction\":[{\"@type\":\"SearchAction\",\"target\":{\"@type\":\"EntryPoint\",\"urlTemplate\":\"https:\\\/\\\/hankkeet.karelia.fi\\\/glow2-0-green-energy-technologies-for-tourism-growth\\\/?s={search_term_string}\"},\"query-input\":{\"@type\":\"PropertyValueSpecification\",\"valueRequired\":true,\"valueName\":\"search_term_string\"}}],\"inLanguage\":\"fi\"},{\"@type\":\"Organization\",\"@id\":\"https:\\\/\\\/hankkeet.karelia.fi\\\/glow2-0-green-energy-technologies-for-tourism-growth\\\/#organization\",\"name\":\"GLOW2.0 &#8211; Green energy technologies for tourism growth\",\"url\":\"https:\\\/\\\/hankkeet.karelia.fi\\\/glow2-0-green-energy-technologies-for-tourism-growth\\\/\",\"logo\":{\"@type\":\"ImageObject\",\"inLanguage\":\"fi\",\"@id\":\"https:\\\/\\\/hankkeet.karelia.fi\\\/glow2-0-green-energy-technologies-for-tourism-growth\\\/#\\\/schema\\\/logo\\\/image\\\/\",\"url\":\"https:\\\/\\\/hankkeet.karelia.fi\\\/glow2-0-green-energy-technologies-for-tourism-growth\\\/wp-content\\\/uploads\\\/sites\\\/61\\\/2026\\\/03\\\/cropped-cropped-Karelia_AMK_logo_RGB-1.png\",\"contentUrl\":\"https:\\\/\\\/hankkeet.karelia.fi\\\/glow2-0-green-energy-technologies-for-tourism-growth\\\/wp-content\\\/uploads\\\/sites\\\/61\\\/2026\\\/03\\\/cropped-cropped-Karelia_AMK_logo_RGB-1.png\",\"width\":427,\"height\":116,\"caption\":\"GLOW2.0 &#8211; Green energy technologies for tourism growth\"},\"image\":{\"@id\":\"https:\\\/\\\/hankkeet.karelia.fi\\\/glow2-0-green-energy-technologies-for-tourism-growth\\\/#\\\/schema\\\/logo\\\/image\\\/\"}}]}<\/script>\n<!-- \/ Yoast SEO plugin. -->","yoast_head_json":{"title":"GLOW2.0 &#8211; Green energy technologies for tourism growth - GLOW2.0 &#8211; Green energy technologies for tourism growth","robots":{"index":"index","follow":"follow","max-snippet":"max-snippet:-1","max-image-preview":"max-image-preview:large","max-video-preview":"max-video-preview:-1"},"canonical":"https:\/\/hankkeet.karelia.fi\/glow2-0-green-energy-technologies-for-tourism-growth\/","og_locale":"fi_FI","og_type":"article","og_title":"GLOW2.0 &#8211; Green energy technologies for tourism growth - GLOW2.0 &#8211; Green energy technologies for tourism growth","og_description":"Pohjoinen Per\u00adife\u00adria ja Ark\u00adti\u00adnen-ohjel\u00adma (Inter\u00adreg North\u00adern Periph\u00adery and Arc\u00adtic) rahoit\u00adtaa GLOW2.0\u2011hanketta, jon\u00adka tarkoituk\u00adse\u00adna on kan\u00adnus\u00adtaa ja aut\u00adtaa yri\u00adtyk\u00adsi\u00e4 ja julk\u00adisia organ\u00adisaa\u00adtioi\u00adta lis\u00e4\u00e4m\u00e4\u00e4n vuo\u00adden pimeim\u00adm\u00e4n ajan matkailullista vetovoimaa. Tavoit\u00adteena on vahvis\u00adtaa NPA-alueen matkailun ymp\u00e4rivuo\u00adtisu\u00adut\u00adta ja tehd\u00e4 elinkeinos\u00adta parem\u00admin kan\u00adnat\u00adtavaa my\u00f6s pie\u00adnille yri\u00adtyk\u00adsille. Han\u00adkkeen aikana yri\u00adtyk\u00adsille tar\u00adjo\u00adtaan koulu\u00adtus\u00adta ja tietopaket\u00adte\u00adja valaise\u00admat\u00adtoman taivaan matkailulliseen hy\u00f6\u00addyn\u00adt\u00e4miseen liit\u00adtyen. Teemo\u00adja ovat [&hellip;]","og_url":"https:\/\/hankkeet.karelia.fi\/glow2-0-green-energy-technologies-for-tourism-growth\/","og_site_name":"GLOW2.0 &#8211; Green energy technologies for tourism growth","twitter_card":"summary_large_image","twitter_misc":{"Arvioitu lukuaika":"4 minuuttia"},"schema":{"@context":"https:\/\/schema.org","@graph":[{"@type":"WebPage","@id":"https:\/\/hankkeet.karelia.fi\/glow2-0-green-energy-technologies-for-tourism-growth\/","url":"https:\/\/hankkeet.karelia.fi\/glow2-0-green-energy-technologies-for-tourism-growth\/","name":"GLOW2.0 &#8211; Green energy technologies for tourism growth - GLOW2.0 &#8211; Green energy technologies for tourism growth","isPartOf":{"@id":"https:\/\/hankkeet.karelia.fi\/glow2-0-green-energy-technologies-for-tourism-growth\/#website"},"primaryImageOfPage":{"@id":"https:\/\/hankkeet.karelia.fi\/glow2-0-green-energy-technologies-for-tourism-growth\/#primaryimage"},"image":{"@id":"https:\/\/hankkeet.karelia.fi\/glow2-0-green-energy-technologies-for-tourism-growth\/#primaryimage"},"thumbnailUrl":"https:\/\/hankkeet.karelia.fi\/glow2-0-green-energy-technologies-for-tourism-growth\/wp-content\/uploads\/sites\/61\/2026\/03\/glow-kuva.jpg","datePublished":"2026-03-17T12:33:58+00:00","breadcrumb":{"@id":"https:\/\/hankkeet.karelia.fi\/glow2-0-green-energy-technologies-for-tourism-growth\/#breadcrumb"},"inLanguage":"fi","potentialAction":[{"@type":"ReadAction","target":["https:\/\/hankkeet.karelia.fi\/glow2-0-green-energy-technologies-for-tourism-growth\/"]}]},{"@type":"ImageObject","inLanguage":"fi","@id":"https:\/\/hankkeet.karelia.fi\/glow2-0-green-energy-technologies-for-tourism-growth\/#primaryimage","url":"https:\/\/hankkeet.karelia.fi\/glow2-0-green-energy-technologies-for-tourism-growth\/wp-content\/uploads\/sites\/61\/2026\/03\/glow-kuva.jpg","contentUrl":"https:\/\/hankkeet.karelia.fi\/glow2-0-green-energy-technologies-for-tourism-growth\/wp-content\/uploads\/sites\/61\/2026\/03\/glow-kuva.jpg","width":1885,"height":760},{"@type":"BreadcrumbList","@id":"https:\/\/hankkeet.karelia.fi\/glow2-0-green-energy-technologies-for-tourism-growth\/#breadcrumb","itemListElement":[{"@type":"ListItem","position":1,"name":"Home","item":"https:\/\/hankkeet.karelia.fi\/glow2-0-green-energy-technologies-for-tourism-growth\/glow2-0-green-energy-technologies-for-tourism-growth\/"},{"@type":"ListItem","position":2,"name":"GLOW2.0 &#8211; Green energy technologies for tourism growth"}]},{"@type":"WebSite","@id":"https:\/\/hankkeet.karelia.fi\/glow2-0-green-energy-technologies-for-tourism-growth\/#website","url":"https:\/\/hankkeet.karelia.fi\/glow2-0-green-energy-technologies-for-tourism-growth\/","name":"GLOW2.0 &#8211; Green energy technologies for tourism growth","description":"","publisher":{"@id":"https:\/\/hankkeet.karelia.fi\/glow2-0-green-energy-technologies-for-tourism-growth\/#organization"},"potentialAction":[{"@type":"SearchAction","target":{"@type":"EntryPoint","urlTemplate":"https:\/\/hankkeet.karelia.fi\/glow2-0-green-energy-technologies-for-tourism-growth\/?s={search_term_string}"},"query-input":{"@type":"PropertyValueSpecification","valueRequired":true,"valueName":"search_term_string"}}],"inLanguage":"fi"},{"@type":"Organization","@id":"https:\/\/hankkeet.karelia.fi\/glow2-0-green-energy-technologies-for-tourism-growth\/#organization","name":"GLOW2.0 &#8211; Green energy technologies for tourism growth","url":"https:\/\/hankkeet.karelia.fi\/glow2-0-green-energy-technologies-for-tourism-growth\/","logo":{"@type":"ImageObject","inLanguage":"fi","@id":"https:\/\/hankkeet.karelia.fi\/glow2-0-green-energy-technologies-for-tourism-growth\/#\/schema\/logo\/image\/","url":"https:\/\/hankkeet.karelia.fi\/glow2-0-green-energy-technologies-for-tourism-growth\/wp-content\/uploads\/sites\/61\/2026\/03\/cropped-cropped-Karelia_AMK_logo_RGB-1.png","contentUrl":"https:\/\/hankkeet.karelia.fi\/glow2-0-green-energy-technologies-for-tourism-growth\/wp-content\/uploads\/sites\/61\/2026\/03\/cropped-cropped-Karelia_AMK_logo_RGB-1.png","width":427,"height":116,"caption":"GLOW2.0 &#8211; Green energy technologies for tourism growth"},"image":{"@id":"https:\/\/hankkeet.karelia.fi\/glow2-0-green-energy-technologies-for-tourism-growth\/#\/schema\/logo\/image\/"}}]}},"_links":{"self":[{"href":"https:\/\/hankkeet.karelia.fi\/glow2-0-green-energy-technologies-for-tourism-growth\/wp-json\/wp\/v2\/pages\/20","targetHints":{"allow":["GET"]}}],"collection":[{"href":"https:\/\/hankkeet.karelia.fi\/glow2-0-green-energy-technologies-for-tourism-growth\/wp-json\/wp\/v2\/pages"}],"about":[{"href":"https:\/\/hankkeet.karelia.fi\/glow2-0-green-energy-technologies-for-tourism-growth\/wp-json\/wp\/v2\/types\/page"}],"replies":[{"embeddable":true,"href":"https:\/\/hankkeet.karelia.fi\/glow2-0-green-energy-technologies-for-tourism-growth\/wp-json\/wp\/v2\/comments?post=20"}],"version-history":[{"count":0,"href":"https:\/\/hankkeet.karelia.fi\/glow2-0-green-energy-technologies-for-tourism-growth\/wp-json\/wp\/v2\/pages\/20\/revisions"}],"wp:featuredmedia":[{"embeddable":true,"href":"https:\/\/hankkeet.karelia.fi\/glow2-0-green-energy-technologies-for-tourism-growth\/wp-json\/wp\/v2\/media\/17"}],"wp:attachment":[{"href":"https:\/\/hankkeet.karelia.fi\/glow2-0-green-energy-technologies-for-tourism-growth\/wp-json\/wp\/v2\/media?parent=20"}],"curies":[{"name":"wp","href":"https:\/\/api.w.org\/{rel}","templated":true}]}}