{"id":19,"date":"2026-03-17T14:26:45","date_gmt":"2026-03-17T12:26:45","guid":{"rendered":"https:\/\/hankkeet.karelia.fi\/ict-insinoorikoulutuksen-kaynnistaminen\/ict-insinoorikoulutuksen-kaynnistaminen\/"},"modified":"2026-03-17T14:26:45","modified_gmt":"2026-03-17T12:26:45","slug":"ict-insinoorikoulutuksen-kaynnistaminen","status":"publish","type":"page","link":"https:\/\/hankkeet.karelia.fi\/ict-insinoorikoulutuksen-kaynnistaminen\/","title":{"rendered":"ICT-insin\u00f6\u00f6rikoulutuksen k\u00e4ynnist\u00e4minen"},"content":{"rendered":"\n<figure class=\"wp-block-image size-large is-resized\"><img decoding=\"async\" src=\"https:\/\/hankkeet.karelia.fi\/ict-insinoorikoulutuksen-kaynnistaminen\/wp-content\/uploads\/sites\/60\/2026\/03\/maakuntaliitto-ja-karelia-1024x149-1.jpg\" alt class=\"wp-image-69716\" style=\"width:539px;height:auto\"><\/figure>\n\n\n\n<p>ICT-insin\u00f6\u00f6rik\u00adoulu\u00adtuk\u00adsen k\u00e4yn\u00adnist\u00e4mi\u00adnen \u2011han\u00adkkeel\u00adla vas\u00adtataan Ukrainan kri\u00adisin aiheut\u00adtamien negati\u00adivis\u00adten vaiku\u00adtusten pienen\u00adt\u00e4miseen ja maakun\u00adnas\u00adsa yh\u00e4 tarpeel\u00adlisem\u00adman korkeata\u00adsoisen koulu\u00adtuk\u00adsen vahvis\u00adtamiseen. Han\u00adkkeessa toteutetaan nopeasti etenev\u00e4 kehit\u00adt\u00e4miskokon\u00adaisu\u00adus, jol\u00adla tue\u00adtaan englan\u00adninkielisen ICT-insin\u00f6\u00f6rik\u00adoulu\u00adtuk\u00adsen k\u00e4yn\u00adnistymist\u00e4 sek\u00e4 vetovoimaisen EU:n ulkop\u00aduolisi\u00adin mai\u00adhin suun\u00adtau\u00adtu\u00advan opiske\u00adli\u00adjarekry\u00adtoin\u00adtikam\u00adpan\u00adjan toteu\u00admista.<\/p>\n\n\n\n<p>It\u00e4-Suomes\u00adsa ICT-alan ja laa\u00adjem\u00admin yri\u00adtys\u00adten kasvua rajoit\u00adtaa puute osaa\u00adjista. ICT-osaamis\u00adtatarvi\u00adtaan yh\u00e4 use\u00adam\u00admal\u00adla alal\u00adla mm. kas\u00advanei\u00adden dig\u00adi\u00adtal\u00adisaa\u00adtio\u00advaa\u00adtimusten vuok\u00adsi ja yh\u00e4 use\u00adam\u00admat yri\u00adtyk\u00adset ja organ\u00adisaa\u00adtiot ovat nimen\u00adneet ICT:n tehokkaan hy\u00f6\u00addyn\u00adt\u00e4misen liike\u00adtoimin\u00adnas\u00adsa yri\u00adtyk\u00adsen men\u00adestymisen kannal\u00adta keskeisek\u00adsi tek\u00adi\u00adj\u00e4k\u00adsi.<\/p>\n\n\n\n<p>Konkreet\u00adtise\u00adna tulok\u00adse\u00adna ovat<\/p>\n\n\n\n<ul class=\"wp-block-list\">\n<li>ope\u00adtus\u00adsu\u00adun\u00adnitel\u00adma ja opin\u00adto\u00adjak\u00adsoko\u00adhtaiset toteu\u00adtus\u00adsu\u00adun\u00adnitel\u00admat, jot\u00adka on tehty yhdess\u00e4 yri\u00adtys\u00adten ja muiden sidos\u00adryh\u00admien kanssa<\/li>\n\n\n\n<li>selvitet\u00e4\u00e4n koulu\u00adtuk\u00adsen tarvit\u00adse\u00adman ICT-infra\u00adstruk\u00adtu\u00adurin kehit\u00adt\u00e4mis\u00adtarpeet ja<\/li>\n<\/ul>\n\n\n\n<p>laa\u00addi\u00adtaan investoin\u00adtisu\u00adun\u00adnitel\u00adma koulu\u00adtuk\u00adsen markki\u00adnoin\u00adtisu\u00adun\u00adnitel\u00adma ja sen tulok\u00adsel\u00adlisu\u00adu\u00adden arvioin\u00adti kv-opiske\u00adli\u00adjarekry\u00adtoin\u00adnis\u00adsa<\/p>\n\n\n\n<p>Tulok\u00adse\u00adna maakun\u00adtaan syn\u00adtyy korkeata\u00adsoinen vetovoimainen koulu\u00adtus, yri\u00adtys\u00adten kil\u00adpailukyvyn, kan\u00adsain\u00adv\u00e4listymisen sek\u00e4 alueen vetovoiman vahvis\u00adtamisek\u00adsi.<\/p>\n\n\n\n<h2 class=\"wp-block-heading\">Toteutusaika<\/h2>\n\n\n\n<p>1.1.2023 \u2013 30.6.2024<\/p>\n\n\n\n<h2 class=\"wp-block-heading\">Yhteyshenkil\u00f6<\/h2>\n\n\n\n<p>FM Petri Laiti\u00adnen, <a href=\"mailto:petri.laitinen@karelia.fi\">petri.laitinen@karelia.fi<\/a>, puh. 050&nbsp;913 1668<\/p>\n","protected":false},"excerpt":{"rendered":"<p>ICT-insin\u00f6\u00f6rik\u00adoulu\u00ad\u00adtuk\u00adsen k\u00e4yn\u00adnist\u00e4mi\u00adnen \u2011han\u00adkkeel\u00adla vas\u00adtataan Ukrainan kri\u00adisin aiheut\u00adtamien negati\u00adivis\u00adten vaiku\u00adtusten pienen\u00adt\u00e4miseen ja maakun\u00adnas\u00adsa yh\u00e4 tarpeel\u00adlisem\u00adman korkeata\u00adsoisen koulu\u00adtuk\u00adsen vahvis\u00adtamiseen. Han\u00adkkeessa toteutetaan nopeasti etenev\u00e4 kehit\u00adt\u00e4miskokon\u00adaisu\u00adus, jol\u00adla tue\u00adtaan englan\u00adninkielisen ICT-insin\u00f6\u00f6rik\u00adoulu\u00ad\u00adtuk\u00adsen k\u00e4yn\u00adnistymist\u00e4 sek\u00e4 vetovoimaisen EU:n ulkop\u00aduolisi\u00adin mai\u00adhin suun\u00adtau\u00adtu\u00advan opiske\u00adli\u00adjarekry\u00adtoin\u00adtikam\u00adpan\u00adjan toteu\u00admista. It\u00e4-Suomes\u00adsa ICT-alan ja laa\u00adjem\u00admin yri\u00adtys\u00adten kasvua rajoit\u00adtaa puute osaa\u00adjista. ICT-osaamis\u00ad\u00adtatarvi\u00ad\u00adtaan yh\u00e4 use\u00adam\u00admal\u00adla alal\u00adla mm. kas\u00advanei\u00adden dig\u00adi\u00adtal\u00adisaa\u00adtio\u00advaa\u00adtimusten vuok\u00adsi ja yh\u00e4 use\u00adam\u00admat [\u2026]<\/p>\n","protected":false},"author":0,"featured_media":17,"parent":0,"menu_order":0,"comment_status":"closed","ping_status":"closed","template":"","meta":{"inline_featured_image":false,"wp_typography_post_enhancements_disabled":false,"footnotes":""},"class_list":["post-19","page","type-page","status-publish","has-post-thumbnail","hentry"],"yoast_head":"<!-- This site is optimized with the Yoast SEO plugin v27.5 - https:\/\/yoast.com\/product\/yoast-seo-wordpress\/ -->\n<title>ICT-insin\u00f6\u00f6rikoulutuksen k\u00e4ynnist\u00e4minen - ICT-insin\u00f6\u00f6rikoulutuksen k\u00e4ynnist\u00e4minen<\/title>\n<meta name=\"robots\" content=\"index, follow, max-snippet:-1, max-image-preview:large, max-video-preview:-1\" \/>\n<link rel=\"canonical\" href=\"https:\/\/hankkeet.karelia.fi\/ict-insinoorikoulutuksen-kaynnistaminen\/\" \/>\n<meta property=\"og:locale\" content=\"fi_FI\" \/>\n<meta property=\"og:type\" content=\"article\" \/>\n<meta property=\"og:title\" content=\"ICT-insin\u00f6\u00f6rikoulutuksen k\u00e4ynnist\u00e4minen - ICT-insin\u00f6\u00f6rikoulutuksen k\u00e4ynnist\u00e4minen\" \/>\n<meta property=\"og:description\" content=\"ICT-insin\u00f6\u00f6rik\u00adoulu\u00adtuk\u00adsen k\u00e4yn\u00adnist\u00e4mi\u00adnen \u2011han\u00adkkeel\u00adla vas\u00adtataan Ukrainan kri\u00adisin aiheut\u00adtamien negati\u00adivis\u00adten vaiku\u00adtusten pienen\u00adt\u00e4miseen ja maakun\u00adnas\u00adsa yh\u00e4 tarpeel\u00adlisem\u00adman korkeata\u00adsoisen koulu\u00adtuk\u00adsen vahvis\u00adtamiseen. Han\u00adkkeessa toteutetaan nopeasti etenev\u00e4 kehit\u00adt\u00e4miskokon\u00adaisu\u00adus, jol\u00adla tue\u00adtaan englan\u00adninkielisen ICT-insin\u00f6\u00f6rik\u00adoulu\u00adtuk\u00adsen k\u00e4yn\u00adnistymist\u00e4 sek\u00e4 vetovoimaisen EU:n ulkop\u00aduolisi\u00adin mai\u00adhin suun\u00adtau\u00adtu\u00advan opiske\u00adli\u00adjarekry\u00adtoin\u00adtikam\u00adpan\u00adjan toteu\u00admista. It\u00e4-Suomes\u00adsa ICT-alan ja laa\u00adjem\u00admin yri\u00adtys\u00adten kasvua rajoit\u00adtaa puute osaa\u00adjista. ICT-osaamis\u00adtatarvi\u00adtaan yh\u00e4 use\u00adam\u00admal\u00adla alal\u00adla mm. kas\u00advanei\u00adden dig\u00adi\u00adtal\u00adisaa\u00adtio\u00advaa\u00adtimusten vuok\u00adsi ja yh\u00e4 use\u00adam\u00admat [&hellip;]\" \/>\n<meta property=\"og:url\" content=\"https:\/\/hankkeet.karelia.fi\/ict-insinoorikoulutuksen-kaynnistaminen\/\" \/>\n<meta property=\"og:site_name\" content=\"ICT-insin\u00f6\u00f6rikoulutuksen k\u00e4ynnist\u00e4minen\" \/>\n<meta name=\"twitter:card\" content=\"summary_large_image\" \/>\n<meta name=\"twitter:label1\" content=\"Arvioitu lukuaika\" \/>\n\t<meta name=\"twitter:data1\" content=\"1 minuutti\" \/>\n<script type=\"application\/ld+json\" class=\"yoast-schema-graph\">{\"@context\":\"https:\\\/\\\/schema.org\",\"@graph\":[{\"@type\":\"WebPage\",\"@id\":\"https:\\\/\\\/hankkeet.karelia.fi\\\/ict-insinoorikoulutuksen-kaynnistaminen\\\/\",\"url\":\"https:\\\/\\\/hankkeet.karelia.fi\\\/ict-insinoorikoulutuksen-kaynnistaminen\\\/\",\"name\":\"ICT-insin\u00f6\u00f6rikoulutuksen k\u00e4ynnist\u00e4minen - ICT-insin\u00f6\u00f6rikoulutuksen k\u00e4ynnist\u00e4minen\",\"isPartOf\":{\"@id\":\"https:\\\/\\\/hankkeet.karelia.fi\\\/ict-insinoorikoulutuksen-kaynnistaminen\\\/#website\"},\"primaryImageOfPage\":{\"@id\":\"https:\\\/\\\/hankkeet.karelia.fi\\\/ict-insinoorikoulutuksen-kaynnistaminen\\\/#primaryimage\"},\"image\":{\"@id\":\"https:\\\/\\\/hankkeet.karelia.fi\\\/ict-insinoorikoulutuksen-kaynnistaminen\\\/#primaryimage\"},\"thumbnailUrl\":\"https:\\\/\\\/hankkeet.karelia.fi\\\/ict-insinoorikoulutuksen-kaynnistaminen\\\/wp-content\\\/uploads\\\/sites\\\/60\\\/2026\\\/03\\\/ict-kuva-e1688368646960.jpg\",\"datePublished\":\"2026-03-17T12:26:45+00:00\",\"breadcrumb\":{\"@id\":\"https:\\\/\\\/hankkeet.karelia.fi\\\/ict-insinoorikoulutuksen-kaynnistaminen\\\/#breadcrumb\"},\"inLanguage\":\"fi\",\"potentialAction\":[{\"@type\":\"ReadAction\",\"target\":[\"https:\\\/\\\/hankkeet.karelia.fi\\\/ict-insinoorikoulutuksen-kaynnistaminen\\\/\"]}]},{\"@type\":\"ImageObject\",\"inLanguage\":\"fi\",\"@id\":\"https:\\\/\\\/hankkeet.karelia.fi\\\/ict-insinoorikoulutuksen-kaynnistaminen\\\/#primaryimage\",\"url\":\"https:\\\/\\\/hankkeet.karelia.fi\\\/ict-insinoorikoulutuksen-kaynnistaminen\\\/wp-content\\\/uploads\\\/sites\\\/60\\\/2026\\\/03\\\/ict-kuva-e1688368646960.jpg\",\"contentUrl\":\"https:\\\/\\\/hankkeet.karelia.fi\\\/ict-insinoorikoulutuksen-kaynnistaminen\\\/wp-content\\\/uploads\\\/sites\\\/60\\\/2026\\\/03\\\/ict-kuva-e1688368646960.jpg\",\"width\":1450,\"height\":815},{\"@type\":\"BreadcrumbList\",\"@id\":\"https:\\\/\\\/hankkeet.karelia.fi\\\/ict-insinoorikoulutuksen-kaynnistaminen\\\/#breadcrumb\",\"itemListElement\":[{\"@type\":\"ListItem\",\"position\":1,\"name\":\"Home\",\"item\":\"https:\\\/\\\/hankkeet.karelia.fi\\\/ict-insinoorikoulutuksen-kaynnistaminen\\\/ict-insinoorikoulutuksen-kaynnistaminen\\\/\"},{\"@type\":\"ListItem\",\"position\":2,\"name\":\"ICT-insin\u00f6\u00f6rikoulutuksen k\u00e4ynnist\u00e4minen\"}]},{\"@type\":\"WebSite\",\"@id\":\"https:\\\/\\\/hankkeet.karelia.fi\\\/ict-insinoorikoulutuksen-kaynnistaminen\\\/#website\",\"url\":\"https:\\\/\\\/hankkeet.karelia.fi\\\/ict-insinoorikoulutuksen-kaynnistaminen\\\/\",\"name\":\"ICT-insin\u00f6\u00f6rikoulutuksen k\u00e4ynnist\u00e4minen\",\"description\":\"\",\"publisher\":{\"@id\":\"https:\\\/\\\/hankkeet.karelia.fi\\\/ict-insinoorikoulutuksen-kaynnistaminen\\\/#organization\"},\"potentialAction\":[{\"@type\":\"SearchAction\",\"target\":{\"@type\":\"EntryPoint\",\"urlTemplate\":\"https:\\\/\\\/hankkeet.karelia.fi\\\/ict-insinoorikoulutuksen-kaynnistaminen\\\/?s={search_term_string}\"},\"query-input\":{\"@type\":\"PropertyValueSpecification\",\"valueRequired\":true,\"valueName\":\"search_term_string\"}}],\"inLanguage\":\"fi\"},{\"@type\":\"Organization\",\"@id\":\"https:\\\/\\\/hankkeet.karelia.fi\\\/ict-insinoorikoulutuksen-kaynnistaminen\\\/#organization\",\"name\":\"ICT-insin\u00f6\u00f6rikoulutuksen k\u00e4ynnist\u00e4minen\",\"url\":\"https:\\\/\\\/hankkeet.karelia.fi\\\/ict-insinoorikoulutuksen-kaynnistaminen\\\/\",\"logo\":{\"@type\":\"ImageObject\",\"inLanguage\":\"fi\",\"@id\":\"https:\\\/\\\/hankkeet.karelia.fi\\\/ict-insinoorikoulutuksen-kaynnistaminen\\\/#\\\/schema\\\/logo\\\/image\\\/\",\"url\":\"https:\\\/\\\/hankkeet.karelia.fi\\\/ict-insinoorikoulutuksen-kaynnistaminen\\\/wp-content\\\/uploads\\\/sites\\\/60\\\/2026\\\/03\\\/cropped-cropped-Karelia_AMK_logo_RGB-1.png\",\"contentUrl\":\"https:\\\/\\\/hankkeet.karelia.fi\\\/ict-insinoorikoulutuksen-kaynnistaminen\\\/wp-content\\\/uploads\\\/sites\\\/60\\\/2026\\\/03\\\/cropped-cropped-Karelia_AMK_logo_RGB-1.png\",\"width\":427,\"height\":116,\"caption\":\"ICT-insin\u00f6\u00f6rikoulutuksen k\u00e4ynnist\u00e4minen\"},\"image\":{\"@id\":\"https:\\\/\\\/hankkeet.karelia.fi\\\/ict-insinoorikoulutuksen-kaynnistaminen\\\/#\\\/schema\\\/logo\\\/image\\\/\"}}]}<\/script>\n<!-- \/ Yoast SEO plugin. -->","yoast_head_json":{"title":"ICT-insin\u00f6\u00f6rikoulutuksen k\u00e4ynnist\u00e4minen - ICT-insin\u00f6\u00f6rikoulutuksen k\u00e4ynnist\u00e4minen","robots":{"index":"index","follow":"follow","max-snippet":"max-snippet:-1","max-image-preview":"max-image-preview:large","max-video-preview":"max-video-preview:-1"},"canonical":"https:\/\/hankkeet.karelia.fi\/ict-insinoorikoulutuksen-kaynnistaminen\/","og_locale":"fi_FI","og_type":"article","og_title":"ICT-insin\u00f6\u00f6rikoulutuksen k\u00e4ynnist\u00e4minen - ICT-insin\u00f6\u00f6rikoulutuksen k\u00e4ynnist\u00e4minen","og_description":"ICT-insin\u00f6\u00f6rik\u00adoulu\u00adtuk\u00adsen k\u00e4yn\u00adnist\u00e4mi\u00adnen \u2011han\u00adkkeel\u00adla vas\u00adtataan Ukrainan kri\u00adisin aiheut\u00adtamien negati\u00adivis\u00adten vaiku\u00adtusten pienen\u00adt\u00e4miseen ja maakun\u00adnas\u00adsa yh\u00e4 tarpeel\u00adlisem\u00adman korkeata\u00adsoisen koulu\u00adtuk\u00adsen vahvis\u00adtamiseen. Han\u00adkkeessa toteutetaan nopeasti etenev\u00e4 kehit\u00adt\u00e4miskokon\u00adaisu\u00adus, jol\u00adla tue\u00adtaan englan\u00adninkielisen ICT-insin\u00f6\u00f6rik\u00adoulu\u00adtuk\u00adsen k\u00e4yn\u00adnistymist\u00e4 sek\u00e4 vetovoimaisen EU:n ulkop\u00aduolisi\u00adin mai\u00adhin suun\u00adtau\u00adtu\u00advan opiske\u00adli\u00adjarekry\u00adtoin\u00adtikam\u00adpan\u00adjan toteu\u00admista. It\u00e4-Suomes\u00adsa ICT-alan ja laa\u00adjem\u00admin yri\u00adtys\u00adten kasvua rajoit\u00adtaa puute osaa\u00adjista. ICT-osaamis\u00adtatarvi\u00adtaan yh\u00e4 use\u00adam\u00admal\u00adla alal\u00adla mm. kas\u00advanei\u00adden dig\u00adi\u00adtal\u00adisaa\u00adtio\u00advaa\u00adtimusten vuok\u00adsi ja yh\u00e4 use\u00adam\u00admat [&hellip;]","og_url":"https:\/\/hankkeet.karelia.fi\/ict-insinoorikoulutuksen-kaynnistaminen\/","og_site_name":"ICT-insin\u00f6\u00f6rikoulutuksen k\u00e4ynnist\u00e4minen","twitter_card":"summary_large_image","twitter_misc":{"Arvioitu lukuaika":"1 minuutti"},"schema":{"@context":"https:\/\/schema.org","@graph":[{"@type":"WebPage","@id":"https:\/\/hankkeet.karelia.fi\/ict-insinoorikoulutuksen-kaynnistaminen\/","url":"https:\/\/hankkeet.karelia.fi\/ict-insinoorikoulutuksen-kaynnistaminen\/","name":"ICT-insin\u00f6\u00f6rikoulutuksen k\u00e4ynnist\u00e4minen - ICT-insin\u00f6\u00f6rikoulutuksen k\u00e4ynnist\u00e4minen","isPartOf":{"@id":"https:\/\/hankkeet.karelia.fi\/ict-insinoorikoulutuksen-kaynnistaminen\/#website"},"primaryImageOfPage":{"@id":"https:\/\/hankkeet.karelia.fi\/ict-insinoorikoulutuksen-kaynnistaminen\/#primaryimage"},"image":{"@id":"https:\/\/hankkeet.karelia.fi\/ict-insinoorikoulutuksen-kaynnistaminen\/#primaryimage"},"thumbnailUrl":"https:\/\/hankkeet.karelia.fi\/ict-insinoorikoulutuksen-kaynnistaminen\/wp-content\/uploads\/sites\/60\/2026\/03\/ict-kuva-e1688368646960.jpg","datePublished":"2026-03-17T12:26:45+00:00","breadcrumb":{"@id":"https:\/\/hankkeet.karelia.fi\/ict-insinoorikoulutuksen-kaynnistaminen\/#breadcrumb"},"inLanguage":"fi","potentialAction":[{"@type":"ReadAction","target":["https:\/\/hankkeet.karelia.fi\/ict-insinoorikoulutuksen-kaynnistaminen\/"]}]},{"@type":"ImageObject","inLanguage":"fi","@id":"https:\/\/hankkeet.karelia.fi\/ict-insinoorikoulutuksen-kaynnistaminen\/#primaryimage","url":"https:\/\/hankkeet.karelia.fi\/ict-insinoorikoulutuksen-kaynnistaminen\/wp-content\/uploads\/sites\/60\/2026\/03\/ict-kuva-e1688368646960.jpg","contentUrl":"https:\/\/hankkeet.karelia.fi\/ict-insinoorikoulutuksen-kaynnistaminen\/wp-content\/uploads\/sites\/60\/2026\/03\/ict-kuva-e1688368646960.jpg","width":1450,"height":815},{"@type":"BreadcrumbList","@id":"https:\/\/hankkeet.karelia.fi\/ict-insinoorikoulutuksen-kaynnistaminen\/#breadcrumb","itemListElement":[{"@type":"ListItem","position":1,"name":"Home","item":"https:\/\/hankkeet.karelia.fi\/ict-insinoorikoulutuksen-kaynnistaminen\/ict-insinoorikoulutuksen-kaynnistaminen\/"},{"@type":"ListItem","position":2,"name":"ICT-insin\u00f6\u00f6rikoulutuksen k\u00e4ynnist\u00e4minen"}]},{"@type":"WebSite","@id":"https:\/\/hankkeet.karelia.fi\/ict-insinoorikoulutuksen-kaynnistaminen\/#website","url":"https:\/\/hankkeet.karelia.fi\/ict-insinoorikoulutuksen-kaynnistaminen\/","name":"ICT-insin\u00f6\u00f6rikoulutuksen k\u00e4ynnist\u00e4minen","description":"","publisher":{"@id":"https:\/\/hankkeet.karelia.fi\/ict-insinoorikoulutuksen-kaynnistaminen\/#organization"},"potentialAction":[{"@type":"SearchAction","target":{"@type":"EntryPoint","urlTemplate":"https:\/\/hankkeet.karelia.fi\/ict-insinoorikoulutuksen-kaynnistaminen\/?s={search_term_string}"},"query-input":{"@type":"PropertyValueSpecification","valueRequired":true,"valueName":"search_term_string"}}],"inLanguage":"fi"},{"@type":"Organization","@id":"https:\/\/hankkeet.karelia.fi\/ict-insinoorikoulutuksen-kaynnistaminen\/#organization","name":"ICT-insin\u00f6\u00f6rikoulutuksen k\u00e4ynnist\u00e4minen","url":"https:\/\/hankkeet.karelia.fi\/ict-insinoorikoulutuksen-kaynnistaminen\/","logo":{"@type":"ImageObject","inLanguage":"fi","@id":"https:\/\/hankkeet.karelia.fi\/ict-insinoorikoulutuksen-kaynnistaminen\/#\/schema\/logo\/image\/","url":"https:\/\/hankkeet.karelia.fi\/ict-insinoorikoulutuksen-kaynnistaminen\/wp-content\/uploads\/sites\/60\/2026\/03\/cropped-cropped-Karelia_AMK_logo_RGB-1.png","contentUrl":"https:\/\/hankkeet.karelia.fi\/ict-insinoorikoulutuksen-kaynnistaminen\/wp-content\/uploads\/sites\/60\/2026\/03\/cropped-cropped-Karelia_AMK_logo_RGB-1.png","width":427,"height":116,"caption":"ICT-insin\u00f6\u00f6rikoulutuksen k\u00e4ynnist\u00e4minen"},"image":{"@id":"https:\/\/hankkeet.karelia.fi\/ict-insinoorikoulutuksen-kaynnistaminen\/#\/schema\/logo\/image\/"}}]}},"_links":{"self":[{"href":"https:\/\/hankkeet.karelia.fi\/ict-insinoorikoulutuksen-kaynnistaminen\/wp-json\/wp\/v2\/pages\/19","targetHints":{"allow":["GET"]}}],"collection":[{"href":"https:\/\/hankkeet.karelia.fi\/ict-insinoorikoulutuksen-kaynnistaminen\/wp-json\/wp\/v2\/pages"}],"about":[{"href":"https:\/\/hankkeet.karelia.fi\/ict-insinoorikoulutuksen-kaynnistaminen\/wp-json\/wp\/v2\/types\/page"}],"replies":[{"embeddable":true,"href":"https:\/\/hankkeet.karelia.fi\/ict-insinoorikoulutuksen-kaynnistaminen\/wp-json\/wp\/v2\/comments?post=19"}],"version-history":[{"count":0,"href":"https:\/\/hankkeet.karelia.fi\/ict-insinoorikoulutuksen-kaynnistaminen\/wp-json\/wp\/v2\/pages\/19\/revisions"}],"wp:featuredmedia":[{"embeddable":true,"href":"https:\/\/hankkeet.karelia.fi\/ict-insinoorikoulutuksen-kaynnistaminen\/wp-json\/wp\/v2\/media\/17"}],"wp:attachment":[{"href":"https:\/\/hankkeet.karelia.fi\/ict-insinoorikoulutuksen-kaynnistaminen\/wp-json\/wp\/v2\/media?parent=19"}],"curies":[{"name":"wp","href":"https:\/\/api.w.org\/{rel}","templated":true}]}}