{"id":20,"date":"2026-03-17T11:03:24","date_gmt":"2026-03-17T09:03:24","guid":{"rendered":"https:\/\/hankkeet.karelia.fi\/innokaupunki-joensuu-2\/innokaupunki-joensuu-2\/"},"modified":"2026-03-17T11:03:24","modified_gmt":"2026-03-17T09:03:24","slug":"innokaupunki-joensuu-2","status":"publish","type":"page","link":"https:\/\/hankkeet.karelia.fi\/innokaupunki-joensuu-2\/","title":{"rendered":"Innokaupunki Joensuu 2"},"content":{"rendered":"\n<figure class=\"wp-block-image size-large is-resized\"><img decoding=\"async\" src=\"https:\/\/hankkeet.karelia.fi\/innokaupunki-joensuu-2\/wp-content\/uploads\/sites\/33\/2026\/03\/innokaupunki_logot-1024x179-1.png\" alt class=\"wp-image-77257\" style=\"width:733px;height:auto\"><\/figure>\n\n\n\n<p>Innokaupun\u00adki Joen\u00adsuu 2 on Busi\u00adness Joen\u00adsuu Oy:n johdol\u00adla ja koordi\u00adnoimana toteutet\u00adta\u00adva ryh\u00adm\u00e4hanke, jon\u00adka osato\u00adteut\u00adta\u00adji\u00adna ovat It\u00e4-Suomen yliopis\u00adto, Kare\u00adlia Ammat\u00adtiko\u00adrkeak\u00adoulu Oy, Luon\u00adnon\u00adva\u00adrakeskus ja Joen\u00adsu\u00adun kaupun\u00adki. Ryh\u00adm\u00e4hankkeel\u00adla toteutetaan Joen\u00adsu\u00adun kaupun\u00adgin ja val\u00adtion v\u00e4lille vuon\u00adna 2021 laa\u00addit\u00adtua ja allekir\u00adjoitet\u00adtua Inno\u00advaa\u00adtiotoimin\u00adnan ekosys\u00adteemisopimus\u00adta 2021 \u2013 2027. Val\u00adi\u00adtut pain\u00adopis\u00adteet perus\u00adtu\u00advat Joen\u00adsu\u00adun seudun elinkeinos\u00adtrate\u00adgiaan, TKI-toim\u00adi\u00adjoiden strate\u00adgisi\u00adin fokusa\u00adloi\u00adhin sek\u00e4 toimi\u00advak\u00adsi todet\u00adtuun yhteisty\u00f6h\u00f6n pain\u00adopis\u00adtealoil\u00adla. Han\u00adkkeen toteu\u00adtu\u00adsai\u00adka on 1.3.2024 \u2014 30.6.2025. Kare\u00adlia toimii ryh\u00adm\u00e4hankkeen osato\u00adteut\u00adta\u00adjana.<br><br>Konetekni\u00adikan alla toimi\u00adva tarkku\u00adustekni\u00adikan osaamisala tekee ekosys\u00adteemei\u00adhin perus\u00adtu\u00advaa teol\u00adlista yhteisty\u00f6t\u00e4 foton\u00adis\u00adten ja tarkku\u00adusteknis\u00adten lait\u00adtei\u00adden tuote- ja tuotan\u00adnonke\u00adhi\u00adtyk\u00adsess\u00e4 sek\u00e4 osaamisen siir\u00adrossa. Kare\u00adlian edustaja(t) osal\u00adlis\u00adtu\u00advat ty\u00f6\u00adpaketin yri\u00adtysverkos\u00adtoti\u00adlaisuuk\u00adsi\u00adin ja ovat mukana kv-vierailu\u00adjen demoko\u00adhtei\u00adden tun\u00adnistamises\u00adsa ja valinnassa.Mets\u00e4n osaamisala tukee ekosys\u00adteemin tavoitet\u00adta kehit\u00adt\u00e4\u00e4 met\u00ads\u00e4n\u00adhoidon osaamisen esit\u00adte\u00adly\u00e4 ja uuden\u00adlaisen met\u00ads\u00e4n k\u00e4yt\u00f6n demo- ja vierailuko\u00adhtei\u00adta (\u00e4lyk\u00e4s met\u00ads\u00e4n\u00adhoito).<br><br>Ekosys\u00adteemi\u00adta\u00adsol\u00adla Kare\u00adlian osaami\u00adnen yhdis\u00adtyy Joen\u00adsu\u00adun yliopis\u00adton ja LUKE:n ja alueen yri\u00adtys\u00adten muo\u00addosta\u00adman arvoverkos\u00adton yhteisty\u00f6h\u00f6n. Kare\u00adlia toimii yhdess\u00e4 muiden ty\u00f6\u00adpaketis\u00adsa toimivien taho\u00adjen kanssa. Kare\u00adlian edustaja(t) osal\u00adlis\u00adtu\u00advat ty\u00f6\u00adpaketin yri\u00adtysverkos\u00adtoti\u00adlaisuuk\u00adsi\u00adin ja on mukana kv-vierailu\u00adjen demoko\u00adhtei\u00adden tun\u00adnistamises\u00adsa ja valinnassa.Karelia jatkaa yhdess\u00e4 muiden ty\u00f6\u00adpaketis\u00adsa toimivien taho\u00adjen kanssa resurssivi\u00adisaan rak\u00aden\u00adtamisen osaamisen ja kil\u00adpailukyvyn kehitt\u00e4mist\u00e4.Edellisten lis\u00e4k\u00adsi Kare\u00adlia on mukana opiske\u00adli\u00adjay\u00adhteisty\u00f6n kehit\u00adt\u00e4misess\u00e4 ty\u00f6\u00adpaketis\u00adsa.<br><br>Tulok\u00adse\u00adna Joen\u00adsu\u00adun inno\u00advaa\u00adtioekosys\u00adtee\u00admi on entist\u00e4 tehokkaampi tutkimus\u00adta hy\u00f6\u00addyn\u00adt\u00e4vien inno\u00advaa\u00adtioiden ja uusien kest\u00e4v\u00e4\u00e4 kasvua hake\u00advien yri\u00adtys\u00adten tuk\u00adi\u00adja, liike\u00adtoimin\u00adnan edis\u00adt\u00e4j\u00e4 ja huip\u00adpututkimuk\u00adsen keskit\u00adtym\u00e4. Alueen rooli houkut\u00adtel\u00ade\u00advana ymp\u00e4rist\u00f6n\u00e4 uusille inno\u00advati\u00adivisille yri\u00adtyk\u00adsille on vahvis\u00adtunut ja edis\u00adt\u00e4nyt uusien investoin\u00adtien saamista Joen\u00adsu\u00adun seudulle.<\/p>\n\n\n\n<h2 class=\"wp-block-heading\">Projektin kesto<\/h2>\n\n\n\n<p>1.6.2024 \u2014 31.5.2025<\/p>\n\n\n\n<h2 class=\"wp-block-heading\">Projektip\u00e4\u00e4llikk\u00f6<\/h2>\n\n\n\n<p><strong>Mari\u00adka Turkia<\/strong><br>Marika.Turkia(a)karelia.fi<\/p>\n\n\n\n<h2 class=\"wp-block-heading\">Rahoitus<\/h2>\n\n\n\n<p>EAKR-ohjel\u00adma<\/p>\n\n\n\n<figure class=\"wp-block-image size-full is-resized\"><img decoding=\"async\" src=\"https:\/\/hankkeet.karelia.fi\/innokaupunki-joensuu-2\/wp-content\/uploads\/sites\/33\/2026\/03\/kk9_palkki.jpg\" alt class=\"wp-image-77258\" style=\"width:743px;height:auto\"><\/figure>\n","protected":false},"excerpt":{"rendered":"<p>Innokaupun\u00adki Joen\u00adsuu 2 on Busi\u00adness Joen\u00adsuu Oy:n johdol\u00adla ja koordi\u00adnoimana toteutet\u00adta\u00adva ryh\u00adm\u00e4hanke, jon\u00adka osato\u00adteut\u00adta\u00adji\u00adna ovat It\u00e4-Suomen yliopis\u00adto, Kare\u00adlia Ammat\u00adtiko\u00adrkeak\u00adoulu Oy, Luon\u00adnon\u00adva\u00adrakeskus ja Joen\u00adsu\u00adun kaupun\u00adki. Ryh\u00adm\u00e4hankkeel\u00adla toteutetaan Joen\u00adsu\u00adun kaupun\u00adgin ja val\u00adtion v\u00e4lille vuon\u00adna 2021 laa\u00addit\u00adtua ja allekir\u00adjoitet\u00adtua Inno\u00advaa\u00adtiotoimin\u00adnan ekosys\u00adteemisopimus\u00adta 2021 \u2013 2027. Val\u00adi\u00adtut pain\u00adopis\u00adteet perus\u00adtu\u00advat Joen\u00adsu\u00adun seudun elinkeinos\u00adtrate\u00adgiaan, TKI-toim\u00adi\u00adjoiden strate\u00adgisi\u00adin fokusa\u00adloi\u00adhin sek\u00e4 toimi\u00advak\u00adsi todet\u00adtuun yhteisty\u00f6h\u00f6n pain\u00adopis\u00adtealoil\u00adla. [\u2026]<\/p>\n","protected":false},"author":0,"featured_media":17,"parent":0,"menu_order":0,"comment_status":"closed","ping_status":"closed","template":"","meta":{"inline_featured_image":false,"wp_typography_post_enhancements_disabled":false,"footnotes":""},"class_list":["post-20","page","type-page","status-publish","has-post-thumbnail","hentry"],"yoast_head":"<!-- This site is optimized with the Yoast SEO plugin v27.5 - https:\/\/yoast.com\/product\/yoast-seo-wordpress\/ -->\n<title>Innokaupunki Joensuu 2 - Innokaupunki Joensuu 2<\/title>\n<meta name=\"robots\" content=\"index, follow, max-snippet:-1, max-image-preview:large, max-video-preview:-1\" \/>\n<link rel=\"canonical\" href=\"https:\/\/hankkeet.karelia.fi\/innokaupunki-joensuu-2\/\" \/>\n<meta property=\"og:locale\" content=\"fi_FI\" \/>\n<meta property=\"og:type\" content=\"article\" \/>\n<meta property=\"og:title\" content=\"Innokaupunki Joensuu 2 - Innokaupunki Joensuu 2\" \/>\n<meta property=\"og:description\" content=\"Innokaupun\u00adki Joen\u00adsuu 2 on Busi\u00adness Joen\u00adsuu Oy:n johdol\u00adla ja koordi\u00adnoimana toteutet\u00adta\u00adva ryh\u00adm\u00e4hanke, jon\u00adka osato\u00adteut\u00adta\u00adji\u00adna ovat It\u00e4-Suomen yliopis\u00adto, Kare\u00adlia Ammat\u00adtiko\u00adrkeak\u00adoulu Oy, Luon\u00adnon\u00adva\u00adrakeskus ja Joen\u00adsu\u00adun kaupun\u00adki. Ryh\u00adm\u00e4hankkeel\u00adla toteutetaan Joen\u00adsu\u00adun kaupun\u00adgin ja val\u00adtion v\u00e4lille vuon\u00adna 2021 laa\u00addit\u00adtua ja allekir\u00adjoitet\u00adtua Inno\u00advaa\u00adtiotoimin\u00adnan ekosys\u00adteemisopimus\u00adta 2021 \u2013 2027. Val\u00adi\u00adtut pain\u00adopis\u00adteet perus\u00adtu\u00advat Joen\u00adsu\u00adun seudun elinkeinos\u00adtrate\u00adgiaan, TKI-toim\u00adi\u00adjoiden strate\u00adgisi\u00adin fokusa\u00adloi\u00adhin sek\u00e4 toimi\u00advak\u00adsi todet\u00adtuun yhteisty\u00f6h\u00f6n pain\u00adopis\u00adtealoil\u00adla. [&hellip;]\" \/>\n<meta property=\"og:url\" content=\"https:\/\/hankkeet.karelia.fi\/innokaupunki-joensuu-2\/\" \/>\n<meta property=\"og:site_name\" content=\"Innokaupunki Joensuu 2\" \/>\n<meta name=\"twitter:card\" content=\"summary_large_image\" \/>\n<meta name=\"twitter:label1\" content=\"Arvioitu lukuaika\" \/>\n\t<meta name=\"twitter:data1\" content=\"1 minuutti\" \/>\n<script type=\"application\/ld+json\" class=\"yoast-schema-graph\">{\"@context\":\"https:\\\/\\\/schema.org\",\"@graph\":[{\"@type\":\"WebPage\",\"@id\":\"https:\\\/\\\/hankkeet.karelia.fi\\\/innokaupunki-joensuu-2\\\/\",\"url\":\"https:\\\/\\\/hankkeet.karelia.fi\\\/innokaupunki-joensuu-2\\\/\",\"name\":\"Innokaupunki Joensuu 2 - Innokaupunki Joensuu 2\",\"isPartOf\":{\"@id\":\"https:\\\/\\\/hankkeet.karelia.fi\\\/innokaupunki-joensuu-2\\\/#website\"},\"primaryImageOfPage\":{\"@id\":\"https:\\\/\\\/hankkeet.karelia.fi\\\/innokaupunki-joensuu-2\\\/#primaryimage\"},\"image\":{\"@id\":\"https:\\\/\\\/hankkeet.karelia.fi\\\/innokaupunki-joensuu-2\\\/#primaryimage\"},\"thumbnailUrl\":\"https:\\\/\\\/hankkeet.karelia.fi\\\/innokaupunki-joensuu-2\\\/wp-content\\\/uploads\\\/sites\\\/33\\\/2026\\\/03\\\/Kesa-Joensuu-Karelia-2021-by-Jarno-Artika-2-2-scaled-1.jpg\",\"datePublished\":\"2026-03-17T09:03:24+00:00\",\"breadcrumb\":{\"@id\":\"https:\\\/\\\/hankkeet.karelia.fi\\\/innokaupunki-joensuu-2\\\/#breadcrumb\"},\"inLanguage\":\"fi\",\"potentialAction\":[{\"@type\":\"ReadAction\",\"target\":[\"https:\\\/\\\/hankkeet.karelia.fi\\\/innokaupunki-joensuu-2\\\/\"]}]},{\"@type\":\"ImageObject\",\"inLanguage\":\"fi\",\"@id\":\"https:\\\/\\\/hankkeet.karelia.fi\\\/innokaupunki-joensuu-2\\\/#primaryimage\",\"url\":\"https:\\\/\\\/hankkeet.karelia.fi\\\/innokaupunki-joensuu-2\\\/wp-content\\\/uploads\\\/sites\\\/33\\\/2026\\\/03\\\/Kesa-Joensuu-Karelia-2021-by-Jarno-Artika-2-2-scaled-1.jpg\",\"contentUrl\":\"https:\\\/\\\/hankkeet.karelia.fi\\\/innokaupunki-joensuu-2\\\/wp-content\\\/uploads\\\/sites\\\/33\\\/2026\\\/03\\\/Kesa-Joensuu-Karelia-2021-by-Jarno-Artika-2-2-scaled-1.jpg\",\"width\":2560,\"height\":1705},{\"@type\":\"BreadcrumbList\",\"@id\":\"https:\\\/\\\/hankkeet.karelia.fi\\\/innokaupunki-joensuu-2\\\/#breadcrumb\",\"itemListElement\":[{\"@type\":\"ListItem\",\"position\":1,\"name\":\"Home\",\"item\":\"https:\\\/\\\/hankkeet.karelia.fi\\\/innokaupunki-joensuu-2\\\/innokaupunki-joensuu-2\\\/\"},{\"@type\":\"ListItem\",\"position\":2,\"name\":\"Innokaupunki Joensuu 2\"}]},{\"@type\":\"WebSite\",\"@id\":\"https:\\\/\\\/hankkeet.karelia.fi\\\/innokaupunki-joensuu-2\\\/#website\",\"url\":\"https:\\\/\\\/hankkeet.karelia.fi\\\/innokaupunki-joensuu-2\\\/\",\"name\":\"Innokaupunki Joensuu 2\",\"description\":\"\",\"publisher\":{\"@id\":\"https:\\\/\\\/hankkeet.karelia.fi\\\/innokaupunki-joensuu-2\\\/#organization\"},\"potentialAction\":[{\"@type\":\"SearchAction\",\"target\":{\"@type\":\"EntryPoint\",\"urlTemplate\":\"https:\\\/\\\/hankkeet.karelia.fi\\\/innokaupunki-joensuu-2\\\/?s={search_term_string}\"},\"query-input\":{\"@type\":\"PropertyValueSpecification\",\"valueRequired\":true,\"valueName\":\"search_term_string\"}}],\"inLanguage\":\"fi\"},{\"@type\":\"Organization\",\"@id\":\"https:\\\/\\\/hankkeet.karelia.fi\\\/innokaupunki-joensuu-2\\\/#organization\",\"name\":\"Innokaupunki Joensuu 2\",\"url\":\"https:\\\/\\\/hankkeet.karelia.fi\\\/innokaupunki-joensuu-2\\\/\",\"logo\":{\"@type\":\"ImageObject\",\"inLanguage\":\"fi\",\"@id\":\"https:\\\/\\\/hankkeet.karelia.fi\\\/innokaupunki-joensuu-2\\\/#\\\/schema\\\/logo\\\/image\\\/\",\"url\":\"https:\\\/\\\/hankkeet.karelia.fi\\\/innokaupunki-joensuu-2\\\/wp-content\\\/uploads\\\/sites\\\/33\\\/2026\\\/03\\\/cropped-cropped-Karelia_AMK_logo_RGB-1.png\",\"contentUrl\":\"https:\\\/\\\/hankkeet.karelia.fi\\\/innokaupunki-joensuu-2\\\/wp-content\\\/uploads\\\/sites\\\/33\\\/2026\\\/03\\\/cropped-cropped-Karelia_AMK_logo_RGB-1.png\",\"width\":427,\"height\":116,\"caption\":\"Innokaupunki Joensuu 2\"},\"image\":{\"@id\":\"https:\\\/\\\/hankkeet.karelia.fi\\\/innokaupunki-joensuu-2\\\/#\\\/schema\\\/logo\\\/image\\\/\"}}]}<\/script>\n<!-- \/ Yoast SEO plugin. -->","yoast_head_json":{"title":"Innokaupunki Joensuu 2 - Innokaupunki Joensuu 2","robots":{"index":"index","follow":"follow","max-snippet":"max-snippet:-1","max-image-preview":"max-image-preview:large","max-video-preview":"max-video-preview:-1"},"canonical":"https:\/\/hankkeet.karelia.fi\/innokaupunki-joensuu-2\/","og_locale":"fi_FI","og_type":"article","og_title":"Innokaupunki Joensuu 2 - Innokaupunki Joensuu 2","og_description":"Innokaupun\u00adki Joen\u00adsuu 2 on Busi\u00adness Joen\u00adsuu Oy:n johdol\u00adla ja koordi\u00adnoimana toteutet\u00adta\u00adva ryh\u00adm\u00e4hanke, jon\u00adka osato\u00adteut\u00adta\u00adji\u00adna ovat It\u00e4-Suomen yliopis\u00adto, Kare\u00adlia Ammat\u00adtiko\u00adrkeak\u00adoulu Oy, Luon\u00adnon\u00adva\u00adrakeskus ja Joen\u00adsu\u00adun kaupun\u00adki. Ryh\u00adm\u00e4hankkeel\u00adla toteutetaan Joen\u00adsu\u00adun kaupun\u00adgin ja val\u00adtion v\u00e4lille vuon\u00adna 2021 laa\u00addit\u00adtua ja allekir\u00adjoitet\u00adtua Inno\u00advaa\u00adtiotoimin\u00adnan ekosys\u00adteemisopimus\u00adta 2021 \u2013 2027. Val\u00adi\u00adtut pain\u00adopis\u00adteet perus\u00adtu\u00advat Joen\u00adsu\u00adun seudun elinkeinos\u00adtrate\u00adgiaan, TKI-toim\u00adi\u00adjoiden strate\u00adgisi\u00adin fokusa\u00adloi\u00adhin sek\u00e4 toimi\u00advak\u00adsi todet\u00adtuun yhteisty\u00f6h\u00f6n pain\u00adopis\u00adtealoil\u00adla. [&hellip;]","og_url":"https:\/\/hankkeet.karelia.fi\/innokaupunki-joensuu-2\/","og_site_name":"Innokaupunki Joensuu 2","twitter_card":"summary_large_image","twitter_misc":{"Arvioitu lukuaika":"1 minuutti"},"schema":{"@context":"https:\/\/schema.org","@graph":[{"@type":"WebPage","@id":"https:\/\/hankkeet.karelia.fi\/innokaupunki-joensuu-2\/","url":"https:\/\/hankkeet.karelia.fi\/innokaupunki-joensuu-2\/","name":"Innokaupunki Joensuu 2 - Innokaupunki Joensuu 2","isPartOf":{"@id":"https:\/\/hankkeet.karelia.fi\/innokaupunki-joensuu-2\/#website"},"primaryImageOfPage":{"@id":"https:\/\/hankkeet.karelia.fi\/innokaupunki-joensuu-2\/#primaryimage"},"image":{"@id":"https:\/\/hankkeet.karelia.fi\/innokaupunki-joensuu-2\/#primaryimage"},"thumbnailUrl":"https:\/\/hankkeet.karelia.fi\/innokaupunki-joensuu-2\/wp-content\/uploads\/sites\/33\/2026\/03\/Kesa-Joensuu-Karelia-2021-by-Jarno-Artika-2-2-scaled-1.jpg","datePublished":"2026-03-17T09:03:24+00:00","breadcrumb":{"@id":"https:\/\/hankkeet.karelia.fi\/innokaupunki-joensuu-2\/#breadcrumb"},"inLanguage":"fi","potentialAction":[{"@type":"ReadAction","target":["https:\/\/hankkeet.karelia.fi\/innokaupunki-joensuu-2\/"]}]},{"@type":"ImageObject","inLanguage":"fi","@id":"https:\/\/hankkeet.karelia.fi\/innokaupunki-joensuu-2\/#primaryimage","url":"https:\/\/hankkeet.karelia.fi\/innokaupunki-joensuu-2\/wp-content\/uploads\/sites\/33\/2026\/03\/Kesa-Joensuu-Karelia-2021-by-Jarno-Artika-2-2-scaled-1.jpg","contentUrl":"https:\/\/hankkeet.karelia.fi\/innokaupunki-joensuu-2\/wp-content\/uploads\/sites\/33\/2026\/03\/Kesa-Joensuu-Karelia-2021-by-Jarno-Artika-2-2-scaled-1.jpg","width":2560,"height":1705},{"@type":"BreadcrumbList","@id":"https:\/\/hankkeet.karelia.fi\/innokaupunki-joensuu-2\/#breadcrumb","itemListElement":[{"@type":"ListItem","position":1,"name":"Home","item":"https:\/\/hankkeet.karelia.fi\/innokaupunki-joensuu-2\/innokaupunki-joensuu-2\/"},{"@type":"ListItem","position":2,"name":"Innokaupunki Joensuu 2"}]},{"@type":"WebSite","@id":"https:\/\/hankkeet.karelia.fi\/innokaupunki-joensuu-2\/#website","url":"https:\/\/hankkeet.karelia.fi\/innokaupunki-joensuu-2\/","name":"Innokaupunki Joensuu 2","description":"","publisher":{"@id":"https:\/\/hankkeet.karelia.fi\/innokaupunki-joensuu-2\/#organization"},"potentialAction":[{"@type":"SearchAction","target":{"@type":"EntryPoint","urlTemplate":"https:\/\/hankkeet.karelia.fi\/innokaupunki-joensuu-2\/?s={search_term_string}"},"query-input":{"@type":"PropertyValueSpecification","valueRequired":true,"valueName":"search_term_string"}}],"inLanguage":"fi"},{"@type":"Organization","@id":"https:\/\/hankkeet.karelia.fi\/innokaupunki-joensuu-2\/#organization","name":"Innokaupunki Joensuu 2","url":"https:\/\/hankkeet.karelia.fi\/innokaupunki-joensuu-2\/","logo":{"@type":"ImageObject","inLanguage":"fi","@id":"https:\/\/hankkeet.karelia.fi\/innokaupunki-joensuu-2\/#\/schema\/logo\/image\/","url":"https:\/\/hankkeet.karelia.fi\/innokaupunki-joensuu-2\/wp-content\/uploads\/sites\/33\/2026\/03\/cropped-cropped-Karelia_AMK_logo_RGB-1.png","contentUrl":"https:\/\/hankkeet.karelia.fi\/innokaupunki-joensuu-2\/wp-content\/uploads\/sites\/33\/2026\/03\/cropped-cropped-Karelia_AMK_logo_RGB-1.png","width":427,"height":116,"caption":"Innokaupunki Joensuu 2"},"image":{"@id":"https:\/\/hankkeet.karelia.fi\/innokaupunki-joensuu-2\/#\/schema\/logo\/image\/"}}]}},"_links":{"self":[{"href":"https:\/\/hankkeet.karelia.fi\/innokaupunki-joensuu-2\/wp-json\/wp\/v2\/pages\/20","targetHints":{"allow":["GET"]}}],"collection":[{"href":"https:\/\/hankkeet.karelia.fi\/innokaupunki-joensuu-2\/wp-json\/wp\/v2\/pages"}],"about":[{"href":"https:\/\/hankkeet.karelia.fi\/innokaupunki-joensuu-2\/wp-json\/wp\/v2\/types\/page"}],"replies":[{"embeddable":true,"href":"https:\/\/hankkeet.karelia.fi\/innokaupunki-joensuu-2\/wp-json\/wp\/v2\/comments?post=20"}],"version-history":[{"count":0,"href":"https:\/\/hankkeet.karelia.fi\/innokaupunki-joensuu-2\/wp-json\/wp\/v2\/pages\/20\/revisions"}],"wp:featuredmedia":[{"embeddable":true,"href":"https:\/\/hankkeet.karelia.fi\/innokaupunki-joensuu-2\/wp-json\/wp\/v2\/media\/17"}],"wp:attachment":[{"href":"https:\/\/hankkeet.karelia.fi\/innokaupunki-joensuu-2\/wp-json\/wp\/v2\/media?parent=20"}],"curies":[{"name":"wp","href":"https:\/\/api.w.org\/{rel}","templated":true}]}}