{"id":20,"date":"2026-03-17T08:22:08","date_gmt":"2026-03-17T06:22:08","guid":{"rendered":"https:\/\/hankkeet.karelia.fi\/innokaupunki-joensuu-3\/innokaupunki-joensuu-3\/"},"modified":"2026-03-17T08:22:08","modified_gmt":"2026-03-17T06:22:08","slug":"innokaupunki-joensuu-3","status":"publish","type":"page","link":"https:\/\/hankkeet.karelia.fi\/innokaupunki-joensuu-3\/","title":{"rendered":"Innokaupunki Joensuu 3"},"content":{"rendered":"\n<figure class=\"wp-block-image size-full is-resized\"><img decoding=\"async\" src=\"https:\/\/hankkeet.karelia.fi\/innokaupunki-joensuu-3\/wp-content\/uploads\/sites\/12\/2026\/03\/innokaupunki_logot-1024x179-1.png\" alt class=\"wp-image-85720\" style=\"width:916px;height:auto\"><\/figure>\n\n\n\n<p>Innokaupun\u00adki Joen\u00adsuu 3 on rin\u00adnakkais\u00adhankkeista muo\u00addos\u00adtu\u00adva han\u00adkekokon\u00adaisu\u00adus, jota toteut\u00adta\u00advat Busi\u00adness Joen\u00adsuu, It\u00e4-Suomen yliopis\u00adto (UEF), Kare\u00adlia Ammat\u00adtiko\u00adrkeak\u00adoulu Oy, Luon\u00adnon\u00adva\u00adrakeskus ja Joen\u00adsu\u00adun kaupun\u00adki. Rin\u00adnakkais\u00adhankkeel\u00adla toteutetaan Joen\u00adsu\u00adun kaupun\u00adgin ja val\u00adtion v\u00e4lille vuon\u00adna 2021 laa\u00addit\u00adtua ja allekir\u00adjoitet\u00adtua Inno\u00advaa\u00adtiotoimin\u00adnan ekosys\u00adteemisopimus\u00adta 2021\u20132027. Val\u00adi\u00adtut pain\u00adopis\u00adteet perus\u00adtu\u00advat Joen\u00adsu\u00adun seudun elinkeinos\u00adtrate\u00adgiaan, TKI-toim\u00adi\u00adjoiden strate\u00adgisi\u00adin fokusa\u00adloi\u00adhin sek\u00e4 toimi\u00advak\u00adsi todet\u00adtuun yhteisty\u00f6h\u00f6n pain\u00adopis\u00adtealoil\u00adla. Kare\u00adlian han\u00adkkeen toteu\u00adtu\u00adsai\u00adka on 1.6.2025\u201330.6.2026.<\/p>\n\n\n\n<p>Kare\u00adlian Innokaupun\u00adki Joen\u00adsuu 3 \u2011rin\u00adnakkais\u00adhankkeen p\u00e4\u00e4\u00adtavoit\u00adteena on syven\u00adt\u00e4\u00e4 edel\u00adlis\u00adten Innokaupun\u00adki toteu\u00adtusten, fotoni\u00adikan ja met\u00ads\u00e4bio\u00adtalouden, ekosys\u00adteemi\u00adty\u00f6t\u00e4 tuo\u00adma\u00adl\u00adla Kare\u00adlian toteu\u00adtuk\u00adseen kan\u00adsain\u00adv\u00e4lisen tutkimu\u00adsosaamisen siir\u00adron toimin\u00adnot osak\u00adsi alueen elinkeinoy\u00adhteisty\u00f6t\u00e4.<\/p>\n\n\n\n<h2 class=\"wp-block-heading\">Projektin kesto<\/h2>\n\n\n\n<p>1.6.2025 \u2014 30.6.2026<\/p>\n\n\n\n<h2 class=\"wp-block-heading\">Projektip\u00e4\u00e4llikk\u00f6<\/h2>\n\n\n\n<p><strong>Mari\u00adka Turkia<\/strong><br>Marika.Turkia(a)karelia.fi<\/p>\n\n\n\n<h2 class=\"wp-block-heading\">Rahoitus<\/h2>\n\n\n\n<p>EAKR-ohjel\u00adma<\/p>\n\n\n\n<figure class=\"wp-block-image size-full\"><img decoding=\"async\" src=\"https:\/\/hankkeet.karelia.fi\/innokaupunki-joensuu-3\/wp-content\/uploads\/sites\/12\/2026\/03\/kk9_palkki.jpg\" alt class=\"wp-image-85718\"><\/figure>\n","protected":false},"excerpt":{"rendered":"<p>Innokaupun\u00adki Joen\u00adsuu 3 on rin\u00adnakkais\u00adhankkeista muo\u00addos\u00adtu\u00adva han\u00adkekokon\u00adaisu\u00adus, jota toteut\u00adta\u00advat Busi\u00adness Joen\u00adsuu, It\u00e4-Suomen yliopis\u00adto (UEF), Kare\u00adlia Ammat\u00adtiko\u00adrkeak\u00adoulu Oy, Luon\u00adnon\u00adva\u00adrakeskus ja Joen\u00adsu\u00adun kaupun\u00adki. Rin\u00adnakkais\u00adhankkeel\u00adla toteutetaan Joen\u00adsu\u00adun kaupun\u00adgin ja val\u00adtion v\u00e4lille vuon\u00adna 2021 laa\u00addit\u00adtua ja allekir\u00adjoitet\u00adtua Inno\u00advaa\u00adtiotoimin\u00adnan ekosys\u00adteemisopimus\u00adta 2021\u20132027. Val\u00adi\u00adtut pain\u00adopis\u00adteet perus\u00adtu\u00advat Joen\u00adsu\u00adun seudun elinkeinos\u00adtrate\u00adgiaan, TKI-toim\u00adi\u00adjoiden strate\u00adgisi\u00adin fokusa\u00adloi\u00adhin sek\u00e4 toimi\u00advak\u00adsi todet\u00adtuun yhteisty\u00f6h\u00f6n pain\u00adopis\u00adtealoil\u00adla. Kare\u00adlian han\u00adkkeen toteu\u00adtu\u00adsai\u00adka on 1.6.2025\u201330.6.2026. [\u2026]<\/p>\n","protected":false},"author":0,"featured_media":17,"parent":0,"menu_order":0,"comment_status":"closed","ping_status":"closed","template":"","meta":{"inline_featured_image":false,"wp_typography_post_enhancements_disabled":false,"footnotes":""},"class_list":["post-20","page","type-page","status-publish","has-post-thumbnail","hentry"],"yoast_head":"<!-- This site is optimized with the Yoast SEO plugin v27.5 - https:\/\/yoast.com\/product\/yoast-seo-wordpress\/ -->\n<title>Innokaupunki Joensuu 3 - Innokaupunki Joensuu 3<\/title>\n<meta name=\"robots\" content=\"index, follow, max-snippet:-1, max-image-preview:large, max-video-preview:-1\" \/>\n<link rel=\"canonical\" href=\"https:\/\/hankkeet.karelia.fi\/innokaupunki-joensuu-3\/\" \/>\n<meta property=\"og:locale\" content=\"fi_FI\" \/>\n<meta property=\"og:type\" content=\"article\" \/>\n<meta property=\"og:title\" content=\"Innokaupunki Joensuu 3 - Innokaupunki Joensuu 3\" \/>\n<meta property=\"og:description\" content=\"Innokaupun\u00adki Joen\u00adsuu 3 on rin\u00adnakkais\u00adhankkeista muo\u00addos\u00adtu\u00adva han\u00adkekokon\u00adaisu\u00adus, jota toteut\u00adta\u00advat Busi\u00adness Joen\u00adsuu, It\u00e4-Suomen yliopis\u00adto (UEF), Kare\u00adlia Ammat\u00adtiko\u00adrkeak\u00adoulu Oy, Luon\u00adnon\u00adva\u00adrakeskus ja Joen\u00adsu\u00adun kaupun\u00adki. Rin\u00adnakkais\u00adhankkeel\u00adla toteutetaan Joen\u00adsu\u00adun kaupun\u00adgin ja val\u00adtion v\u00e4lille vuon\u00adna 2021 laa\u00addit\u00adtua ja allekir\u00adjoitet\u00adtua Inno\u00advaa\u00adtiotoimin\u00adnan ekosys\u00adteemisopimus\u00adta 2021\u20132027. Val\u00adi\u00adtut pain\u00adopis\u00adteet perus\u00adtu\u00advat Joen\u00adsu\u00adun seudun elinkeinos\u00adtrate\u00adgiaan, TKI-toim\u00adi\u00adjoiden strate\u00adgisi\u00adin fokusa\u00adloi\u00adhin sek\u00e4 toimi\u00advak\u00adsi todet\u00adtuun yhteisty\u00f6h\u00f6n pain\u00adopis\u00adtealoil\u00adla. Kare\u00adlian han\u00adkkeen toteu\u00adtu\u00adsai\u00adka on 1.6.2025\u201330.6.2026. [&hellip;]\" \/>\n<meta property=\"og:url\" content=\"https:\/\/hankkeet.karelia.fi\/innokaupunki-joensuu-3\/\" \/>\n<meta property=\"og:site_name\" content=\"Innokaupunki Joensuu 3\" \/>\n<meta name=\"twitter:card\" content=\"summary_large_image\" \/>\n<script type=\"application\/ld+json\" class=\"yoast-schema-graph\">{\"@context\":\"https:\\\/\\\/schema.org\",\"@graph\":[{\"@type\":\"WebPage\",\"@id\":\"https:\\\/\\\/hankkeet.karelia.fi\\\/innokaupunki-joensuu-3\\\/\",\"url\":\"https:\\\/\\\/hankkeet.karelia.fi\\\/innokaupunki-joensuu-3\\\/\",\"name\":\"Innokaupunki Joensuu 3 - Innokaupunki Joensuu 3\",\"isPartOf\":{\"@id\":\"https:\\\/\\\/hankkeet.karelia.fi\\\/innokaupunki-joensuu-3\\\/#website\"},\"primaryImageOfPage\":{\"@id\":\"https:\\\/\\\/hankkeet.karelia.fi\\\/innokaupunki-joensuu-3\\\/#primaryimage\"},\"image\":{\"@id\":\"https:\\\/\\\/hankkeet.karelia.fi\\\/innokaupunki-joensuu-3\\\/#primaryimage\"},\"thumbnailUrl\":\"https:\\\/\\\/hankkeet.karelia.fi\\\/innokaupunki-joensuu-3\\\/wp-content\\\/uploads\\\/sites\\\/12\\\/2026\\\/03\\\/IK3_HERO.jpg\",\"datePublished\":\"2026-03-17T06:22:08+00:00\",\"breadcrumb\":{\"@id\":\"https:\\\/\\\/hankkeet.karelia.fi\\\/innokaupunki-joensuu-3\\\/#breadcrumb\"},\"inLanguage\":\"fi\",\"potentialAction\":[{\"@type\":\"ReadAction\",\"target\":[\"https:\\\/\\\/hankkeet.karelia.fi\\\/innokaupunki-joensuu-3\\\/\"]}]},{\"@type\":\"ImageObject\",\"inLanguage\":\"fi\",\"@id\":\"https:\\\/\\\/hankkeet.karelia.fi\\\/innokaupunki-joensuu-3\\\/#primaryimage\",\"url\":\"https:\\\/\\\/hankkeet.karelia.fi\\\/innokaupunki-joensuu-3\\\/wp-content\\\/uploads\\\/sites\\\/12\\\/2026\\\/03\\\/IK3_HERO.jpg\",\"contentUrl\":\"https:\\\/\\\/hankkeet.karelia.fi\\\/innokaupunki-joensuu-3\\\/wp-content\\\/uploads\\\/sites\\\/12\\\/2026\\\/03\\\/IK3_HERO.jpg\",\"width\":2048,\"height\":1365},{\"@type\":\"BreadcrumbList\",\"@id\":\"https:\\\/\\\/hankkeet.karelia.fi\\\/innokaupunki-joensuu-3\\\/#breadcrumb\",\"itemListElement\":[{\"@type\":\"ListItem\",\"position\":1,\"name\":\"Home\",\"item\":\"https:\\\/\\\/hankkeet.karelia.fi\\\/innokaupunki-joensuu-3\\\/innokaupunki-joensuu-3\\\/\"},{\"@type\":\"ListItem\",\"position\":2,\"name\":\"Innokaupunki Joensuu 3\"}]},{\"@type\":\"WebSite\",\"@id\":\"https:\\\/\\\/hankkeet.karelia.fi\\\/innokaupunki-joensuu-3\\\/#website\",\"url\":\"https:\\\/\\\/hankkeet.karelia.fi\\\/innokaupunki-joensuu-3\\\/\",\"name\":\"Innokaupunki Joensuu 3\",\"description\":\"\",\"publisher\":{\"@id\":\"https:\\\/\\\/hankkeet.karelia.fi\\\/innokaupunki-joensuu-3\\\/#organization\"},\"potentialAction\":[{\"@type\":\"SearchAction\",\"target\":{\"@type\":\"EntryPoint\",\"urlTemplate\":\"https:\\\/\\\/hankkeet.karelia.fi\\\/innokaupunki-joensuu-3\\\/?s={search_term_string}\"},\"query-input\":{\"@type\":\"PropertyValueSpecification\",\"valueRequired\":true,\"valueName\":\"search_term_string\"}}],\"inLanguage\":\"fi\"},{\"@type\":\"Organization\",\"@id\":\"https:\\\/\\\/hankkeet.karelia.fi\\\/innokaupunki-joensuu-3\\\/#organization\",\"name\":\"Innokaupunki Joensuu 3\",\"url\":\"https:\\\/\\\/hankkeet.karelia.fi\\\/innokaupunki-joensuu-3\\\/\",\"logo\":{\"@type\":\"ImageObject\",\"inLanguage\":\"fi\",\"@id\":\"https:\\\/\\\/hankkeet.karelia.fi\\\/innokaupunki-joensuu-3\\\/#\\\/schema\\\/logo\\\/image\\\/\",\"url\":\"https:\\\/\\\/hankkeet.karelia.fi\\\/innokaupunki-joensuu-3\\\/wp-content\\\/uploads\\\/sites\\\/12\\\/2026\\\/03\\\/cropped-cropped-Karelia_AMK_logo_RGB-1.png\",\"contentUrl\":\"https:\\\/\\\/hankkeet.karelia.fi\\\/innokaupunki-joensuu-3\\\/wp-content\\\/uploads\\\/sites\\\/12\\\/2026\\\/03\\\/cropped-cropped-Karelia_AMK_logo_RGB-1.png\",\"width\":427,\"height\":116,\"caption\":\"Innokaupunki Joensuu 3\"},\"image\":{\"@id\":\"https:\\\/\\\/hankkeet.karelia.fi\\\/innokaupunki-joensuu-3\\\/#\\\/schema\\\/logo\\\/image\\\/\"}}]}<\/script>\n<!-- \/ Yoast SEO plugin. -->","yoast_head_json":{"title":"Innokaupunki Joensuu 3 - Innokaupunki Joensuu 3","robots":{"index":"index","follow":"follow","max-snippet":"max-snippet:-1","max-image-preview":"max-image-preview:large","max-video-preview":"max-video-preview:-1"},"canonical":"https:\/\/hankkeet.karelia.fi\/innokaupunki-joensuu-3\/","og_locale":"fi_FI","og_type":"article","og_title":"Innokaupunki Joensuu 3 - Innokaupunki Joensuu 3","og_description":"Innokaupun\u00adki Joen\u00adsuu 3 on rin\u00adnakkais\u00adhankkeista muo\u00addos\u00adtu\u00adva han\u00adkekokon\u00adaisu\u00adus, jota toteut\u00adta\u00advat Busi\u00adness Joen\u00adsuu, It\u00e4-Suomen yliopis\u00adto (UEF), Kare\u00adlia Ammat\u00adtiko\u00adrkeak\u00adoulu Oy, Luon\u00adnon\u00adva\u00adrakeskus ja Joen\u00adsu\u00adun kaupun\u00adki. Rin\u00adnakkais\u00adhankkeel\u00adla toteutetaan Joen\u00adsu\u00adun kaupun\u00adgin ja val\u00adtion v\u00e4lille vuon\u00adna 2021 laa\u00addit\u00adtua ja allekir\u00adjoitet\u00adtua Inno\u00advaa\u00adtiotoimin\u00adnan ekosys\u00adteemisopimus\u00adta 2021\u20132027. Val\u00adi\u00adtut pain\u00adopis\u00adteet perus\u00adtu\u00advat Joen\u00adsu\u00adun seudun elinkeinos\u00adtrate\u00adgiaan, TKI-toim\u00adi\u00adjoiden strate\u00adgisi\u00adin fokusa\u00adloi\u00adhin sek\u00e4 toimi\u00advak\u00adsi todet\u00adtuun yhteisty\u00f6h\u00f6n pain\u00adopis\u00adtealoil\u00adla. Kare\u00adlian han\u00adkkeen toteu\u00adtu\u00adsai\u00adka on 1.6.2025\u201330.6.2026. [&hellip;]","og_url":"https:\/\/hankkeet.karelia.fi\/innokaupunki-joensuu-3\/","og_site_name":"Innokaupunki Joensuu 3","twitter_card":"summary_large_image","schema":{"@context":"https:\/\/schema.org","@graph":[{"@type":"WebPage","@id":"https:\/\/hankkeet.karelia.fi\/innokaupunki-joensuu-3\/","url":"https:\/\/hankkeet.karelia.fi\/innokaupunki-joensuu-3\/","name":"Innokaupunki Joensuu 3 - Innokaupunki Joensuu 3","isPartOf":{"@id":"https:\/\/hankkeet.karelia.fi\/innokaupunki-joensuu-3\/#website"},"primaryImageOfPage":{"@id":"https:\/\/hankkeet.karelia.fi\/innokaupunki-joensuu-3\/#primaryimage"},"image":{"@id":"https:\/\/hankkeet.karelia.fi\/innokaupunki-joensuu-3\/#primaryimage"},"thumbnailUrl":"https:\/\/hankkeet.karelia.fi\/innokaupunki-joensuu-3\/wp-content\/uploads\/sites\/12\/2026\/03\/IK3_HERO.jpg","datePublished":"2026-03-17T06:22:08+00:00","breadcrumb":{"@id":"https:\/\/hankkeet.karelia.fi\/innokaupunki-joensuu-3\/#breadcrumb"},"inLanguage":"fi","potentialAction":[{"@type":"ReadAction","target":["https:\/\/hankkeet.karelia.fi\/innokaupunki-joensuu-3\/"]}]},{"@type":"ImageObject","inLanguage":"fi","@id":"https:\/\/hankkeet.karelia.fi\/innokaupunki-joensuu-3\/#primaryimage","url":"https:\/\/hankkeet.karelia.fi\/innokaupunki-joensuu-3\/wp-content\/uploads\/sites\/12\/2026\/03\/IK3_HERO.jpg","contentUrl":"https:\/\/hankkeet.karelia.fi\/innokaupunki-joensuu-3\/wp-content\/uploads\/sites\/12\/2026\/03\/IK3_HERO.jpg","width":2048,"height":1365},{"@type":"BreadcrumbList","@id":"https:\/\/hankkeet.karelia.fi\/innokaupunki-joensuu-3\/#breadcrumb","itemListElement":[{"@type":"ListItem","position":1,"name":"Home","item":"https:\/\/hankkeet.karelia.fi\/innokaupunki-joensuu-3\/innokaupunki-joensuu-3\/"},{"@type":"ListItem","position":2,"name":"Innokaupunki Joensuu 3"}]},{"@type":"WebSite","@id":"https:\/\/hankkeet.karelia.fi\/innokaupunki-joensuu-3\/#website","url":"https:\/\/hankkeet.karelia.fi\/innokaupunki-joensuu-3\/","name":"Innokaupunki Joensuu 3","description":"","publisher":{"@id":"https:\/\/hankkeet.karelia.fi\/innokaupunki-joensuu-3\/#organization"},"potentialAction":[{"@type":"SearchAction","target":{"@type":"EntryPoint","urlTemplate":"https:\/\/hankkeet.karelia.fi\/innokaupunki-joensuu-3\/?s={search_term_string}"},"query-input":{"@type":"PropertyValueSpecification","valueRequired":true,"valueName":"search_term_string"}}],"inLanguage":"fi"},{"@type":"Organization","@id":"https:\/\/hankkeet.karelia.fi\/innokaupunki-joensuu-3\/#organization","name":"Innokaupunki Joensuu 3","url":"https:\/\/hankkeet.karelia.fi\/innokaupunki-joensuu-3\/","logo":{"@type":"ImageObject","inLanguage":"fi","@id":"https:\/\/hankkeet.karelia.fi\/innokaupunki-joensuu-3\/#\/schema\/logo\/image\/","url":"https:\/\/hankkeet.karelia.fi\/innokaupunki-joensuu-3\/wp-content\/uploads\/sites\/12\/2026\/03\/cropped-cropped-Karelia_AMK_logo_RGB-1.png","contentUrl":"https:\/\/hankkeet.karelia.fi\/innokaupunki-joensuu-3\/wp-content\/uploads\/sites\/12\/2026\/03\/cropped-cropped-Karelia_AMK_logo_RGB-1.png","width":427,"height":116,"caption":"Innokaupunki Joensuu 3"},"image":{"@id":"https:\/\/hankkeet.karelia.fi\/innokaupunki-joensuu-3\/#\/schema\/logo\/image\/"}}]}},"_links":{"self":[{"href":"https:\/\/hankkeet.karelia.fi\/innokaupunki-joensuu-3\/wp-json\/wp\/v2\/pages\/20","targetHints":{"allow":["GET"]}}],"collection":[{"href":"https:\/\/hankkeet.karelia.fi\/innokaupunki-joensuu-3\/wp-json\/wp\/v2\/pages"}],"about":[{"href":"https:\/\/hankkeet.karelia.fi\/innokaupunki-joensuu-3\/wp-json\/wp\/v2\/types\/page"}],"replies":[{"embeddable":true,"href":"https:\/\/hankkeet.karelia.fi\/innokaupunki-joensuu-3\/wp-json\/wp\/v2\/comments?post=20"}],"version-history":[{"count":0,"href":"https:\/\/hankkeet.karelia.fi\/innokaupunki-joensuu-3\/wp-json\/wp\/v2\/pages\/20\/revisions"}],"wp:featuredmedia":[{"embeddable":true,"href":"https:\/\/hankkeet.karelia.fi\/innokaupunki-joensuu-3\/wp-json\/wp\/v2\/media\/17"}],"wp:attachment":[{"href":"https:\/\/hankkeet.karelia.fi\/innokaupunki-joensuu-3\/wp-json\/wp\/v2\/media?parent=20"}],"curies":[{"name":"wp","href":"https:\/\/api.w.org\/{rel}","templated":true}]}}