{"id":20,"date":"2026-03-17T11:18:26","date_gmt":"2026-03-17T09:18:26","guid":{"rendered":"https:\/\/hankkeet.karelia.fi\/invest-2-0\/invest-2-0\/"},"modified":"2026-04-23T13:33:28","modified_gmt":"2026-04-23T10:33:28","slug":"invest-2-0","status":"publish","type":"page","link":"https:\/\/hankkeet.karelia.fi\/invest-2-0\/","title":{"rendered":"INVEST 2.0"},"content":{"rendered":"\n<figure class=\"wp-block-image size-full is-resized\"><img decoding=\"async\" src=\"https:\/\/hankkeet.karelia.fi\/invest-2-0\/wp-content\/uploads\/sites\/35\/2026\/03\/web_logopalkki.jpg\" alt class=\"wp-image-76991\" style=\"width:732px;height:auto\"><\/figure>\n\n\n\n<p>INVEST Euroop\u00adpalaiset yliopis\u00adtot \u2014 allianssi on seit\u00adsem\u00e4n euroop\u00adpalaisen korkeak\u00adoulun verkos\u00adto. Allianssi keskit\u00adtyy eri\u00adtyis\u00ades\u00adti kest\u00e4v\u00e4\u00e4n alueke\u00adhi\u00adtyk\u00adseen ja pyrkii luo\u00admaan osaamista ja ty\u00f6kalu\u00adja niin alueel\u00adlis\u00adten kuin globaalien haastei\u00adden ratkaisemisek\u00adsi.<\/p>\n\n\n\n<p>INVEST tar\u00adjoaa opiske\u00adli\u00adjoille kan\u00adsain\u00adv\u00e4lisi\u00e4 kes\u00e4- ja talvikoulu\u00adja, erikois\u00adtu\u00admisopin\u00adto\u00adja, yhteisi\u00e4 tutk\u00adin\u00adto-ohjelmia ja ty\u00f6el\u00e4m\u00e4l\u00e4heist\u00e4 Liv\u00ading Lab-ty\u00f6sken\u00adte\u00adly\u00e4. Opiske\u00adli\u00adjat voivat my\u00f6s osal\u00adlis\u00adtua kan\u00adsain\u00adv\u00e4liseen yrit\u00adt\u00e4j\u00e4polku\u00adun sek\u00e4 Draft-ohjel\u00admaan.<\/p>\n\n\n\n<p>Henkil\u00f6st\u00f6lle INVEST tar\u00adjoaa kan\u00adsain\u00adv\u00e4lisi\u00e4 ope\u00adtus- ja kehit\u00adt\u00e4mis\u00adte\u00adht\u00e4vi\u00e4, osaamisen kehit\u00adt\u00e4mist\u00e4 kan\u00adsain\u00adv\u00e4lisess\u00e4 Fel\u00adlow-ohjel\u00admas\u00adsa, sek\u00e4 mah\u00addol\u00adlisu\u00adu\u00adden liit\u00adty\u00e4 kan\u00adsain\u00adv\u00e4lisi\u00adin tutkimus\u00adryh\u00admi\u00adin. INVEST-allianssi my\u00f6s hakee ja hallinnoi yhteist\u00e4 kan\u00adsain\u00adv\u00e4list\u00e4 tutkimus\u00adra\u00adhoi\u00adtus\u00adta.<\/p>\n\n\n\n<p>Kare\u00adlialle INVEST on strate\u00adgi\u00adnen koulu\u00adtuk\u00adsen, osaamisen ja tutkimuk\u00adsen kehit\u00adt\u00e4misverkos\u00adto. INVESTil\u00adl\u00e4 on merkit\u00adt\u00e4v\u00e4 rooli Kare\u00adlian ja Pohjois-Kar\u00adjalan maakun\u00adnan strate\u00adgioiden toteut\u00adtamises\u00adsa.<\/p>\n\n\n\n<p>INVEST-allianssin korkeak\u00adoulu\u00adja ovat:<br>\u00b7 Slo\u00advak Uni\u00adver\u00adsi\u00adty of Agri\u00adcul\u00adture in Nitra \u2013 Slo\u00adva\u00adkia (koor\u00addi\u00adnaat\u00adtori)<br>\u00b7 Uni\u00adver\u00adsi\u00adty of Agribusi\u00adness and Rur\u00adal Devel\u00adop\u00adment \u2013 Bul\u00adgar\u00adia<br>\u00b7 Uni\u00adver\u00adsi\u00adty of Thes\u00adsaly \u2013 Kreik\u00adka<br>\u00b7 Kare\u00adlia-ammat\u00adtiko\u00adrkeak\u00adoulu \u2013 Suo\u00admi<br>\u00b7 Uni\u00adver\u00adsi\u00adty of Reims Cham\u00adpagne-Ardenne \u2013 Ran\u00ads\u00adka<br>\u00b7 Uni\u00adver\u00adsi\u00adty of Milano-Bic\u00adoc\u00adca \u2013 Italia<br>\u00b7 Uni\u00adver\u00adsi\u00adty of Cor\u00addo\u00adba \u2013 Espan\u00adja<\/p>\n\n\n\n<p>INVEST verkko\u00adsivut:<br><a href=\"https:\/\/www.invest-alliance.eu\/\">https:\/\/www.invest-alliance.eu\/<\/a><br><a href=\"https:\/\/www.karelia.fi\/invest\/\">https:\/\/www.karelia.fi\/invest\/<\/a><\/p>\n\n\n\n<h2 class=\"wp-block-heading\">Projektin kesto<\/h2>\n\n\n\n<p>1.11.2023 \u2014 31.10.2027<\/p>\n\n\n\n<h2 class=\"wp-block-heading\">Projektip\u00e4\u00e4llikk\u00f6<\/h2>\n\n\n\n<p>Mia Sevo\u00adnius-Male<\/p>\n\n\n\n<h2 class=\"wp-block-heading\">Rahoitus<\/h2>\n\n\n\n<p>Eras\u00admus+<\/p>\n\n\n\n<figure class=\"wp-block-image size-full is-resized\"><img decoding=\"async\" src=\"https:\/\/hankkeet.karelia.fi\/invest-2-0\/wp-content\/uploads\/sites\/35\/2026\/03\/kk_logot4913.png\" alt class=\"wp-image-76993\" style=\"width:739px;height:auto\"><\/figure>\n","protected":false},"excerpt":{"rendered":"<p>INVEST Euroop\u00adpalaiset yliopis\u00adtot \u2014 allianssi on seit\u00adsem\u00e4n euroop\u00adpalaisen korkeak\u00adoulun verkos\u00adto. Allianssi keskit\u00adtyy eri\u00adtyis\u00ades\u00adti kest\u00e4v\u00e4\u00e4n alueke\u00adhi\u00adtyk\u00adseen ja pyrkii luo\u00admaan osaamista ja ty\u00f6kalu\u00adja niin alueel\u00adlis\u00adten kuin globaalien haastei\u00adden ratkaisemisek\u00adsi. INVEST tar\u00adjoaa opiske\u00adli\u00adjoille kan\u00adsain\u00adv\u00e4lisi\u00e4 kes\u00e4- ja talvikoulu\u00adja, erikois\u00adtu\u00admisopin\u00adto\u00adja, yhteisi\u00e4 tutk\u00adin\u00ad\u00adto-ohjelmia ja ty\u00f6el\u00e4m\u00e4l\u00e4heist\u00e4 Liv\u00ading Lab-ty\u00f6sken\u00adte\u00ad\u00adly\u00e4. Opiske\u00adli\u00adjat voivat my\u00f6s osal\u00adlis\u00adtua kan\u00adsain\u00adv\u00e4liseen yrit\u00adt\u00e4j\u00e4polku\u00adun sek\u00e4 Draft-ohjel\u00ad\u00admaan. Henkil\u00f6st\u00f6lle INVEST tar\u00adjoaa kan\u00adsain\u00adv\u00e4lisi\u00e4 ope\u00ad\u00adtus- ja [\u2026]<\/p>\n","protected":false},"author":10,"featured_media":17,"parent":0,"menu_order":0,"comment_status":"closed","ping_status":"closed","template":"","meta":{"inline_featured_image":false,"wp_typography_post_enhancements_disabled":false,"footnotes":""},"class_list":["post-20","page","type-page","status-publish","has-post-thumbnail","hentry"],"yoast_head":"<!-- This site is optimized with the Yoast SEO plugin v27.5 - https:\/\/yoast.com\/product\/yoast-seo-wordpress\/ -->\n<title>INVEST 2.0 - INVEST 2.0<\/title>\n<meta name=\"robots\" content=\"index, follow, max-snippet:-1, max-image-preview:large, max-video-preview:-1\" \/>\n<link rel=\"canonical\" href=\"https:\/\/hankkeet.karelia.fi\/invest-2-0\/\" \/>\n<meta property=\"og:locale\" content=\"fi_FI\" \/>\n<meta property=\"og:type\" content=\"article\" \/>\n<meta property=\"og:title\" content=\"INVEST 2.0 - INVEST 2.0\" \/>\n<meta property=\"og:description\" content=\"INVEST Euroop\u00adpalaiset yliopis\u00adtot \u2014 allianssi on seit\u00adsem\u00e4n euroop\u00adpalaisen korkeak\u00adoulun verkos\u00adto. Allianssi keskit\u00adtyy eri\u00adtyis\u00ades\u00adti kest\u00e4v\u00e4\u00e4n alueke\u00adhi\u00adtyk\u00adseen ja pyrkii luo\u00admaan osaamista ja ty\u00f6kalu\u00adja niin alueel\u00adlis\u00adten kuin globaalien haastei\u00adden ratkaisemisek\u00adsi. INVEST tar\u00adjoaa opiske\u00adli\u00adjoille kan\u00adsain\u00adv\u00e4lisi\u00e4 kes\u00e4- ja talvikoulu\u00adja, erikois\u00adtu\u00admisopin\u00adto\u00adja, yhteisi\u00e4 tutk\u00adin\u00adto-ohjelmia ja ty\u00f6el\u00e4m\u00e4l\u00e4heist\u00e4 Liv\u00ading Lab-ty\u00f6sken\u00adte\u00adly\u00e4. Opiske\u00adli\u00adjat voivat my\u00f6s osal\u00adlis\u00adtua kan\u00adsain\u00adv\u00e4liseen yrit\u00adt\u00e4j\u00e4polku\u00adun sek\u00e4 Draft-ohjel\u00admaan. Henkil\u00f6st\u00f6lle INVEST tar\u00adjoaa kan\u00adsain\u00adv\u00e4lisi\u00e4 ope\u00adtus- ja [&hellip;]\" \/>\n<meta property=\"og:url\" content=\"https:\/\/hankkeet.karelia.fi\/invest-2-0\/\" \/>\n<meta property=\"og:site_name\" content=\"INVEST 2.0\" \/>\n<meta property=\"article:modified_time\" content=\"2026-04-23T10:33:28+00:00\" \/>\n<meta property=\"og:image\" content=\"https:\/\/hankkeet.karelia.fi\/invest-2-0\/wp-content\/uploads\/sites\/35\/2026\/03\/DSC07174-scaled-e1713851648518.jpg\" \/>\n\t<meta property=\"og:image:width\" content=\"2560\" \/>\n\t<meta property=\"og:image:height\" content=\"938\" \/>\n\t<meta property=\"og:image:type\" content=\"image\/jpeg\" \/>\n<meta name=\"twitter:card\" content=\"summary_large_image\" \/>\n<meta name=\"twitter:label1\" content=\"Arvioitu lukuaika\" \/>\n\t<meta name=\"twitter:data1\" content=\"2 minuuttia\" \/>\n<script type=\"application\/ld+json\" class=\"yoast-schema-graph\">{\"@context\":\"https:\\\/\\\/schema.org\",\"@graph\":[{\"@type\":\"WebPage\",\"@id\":\"https:\\\/\\\/hankkeet.karelia.fi\\\/invest-2-0\\\/\",\"url\":\"https:\\\/\\\/hankkeet.karelia.fi\\\/invest-2-0\\\/\",\"name\":\"INVEST 2.0 - INVEST 2.0\",\"isPartOf\":{\"@id\":\"https:\\\/\\\/hankkeet.karelia.fi\\\/invest-2-0\\\/#website\"},\"primaryImageOfPage\":{\"@id\":\"https:\\\/\\\/hankkeet.karelia.fi\\\/invest-2-0\\\/#primaryimage\"},\"image\":{\"@id\":\"https:\\\/\\\/hankkeet.karelia.fi\\\/invest-2-0\\\/#primaryimage\"},\"thumbnailUrl\":\"https:\\\/\\\/hankkeet.karelia.fi\\\/invest-2-0\\\/wp-content\\\/uploads\\\/sites\\\/35\\\/2026\\\/03\\\/DSC07174-scaled-e1713851648518.jpg\",\"datePublished\":\"2026-03-17T09:18:26+00:00\",\"dateModified\":\"2026-04-23T10:33:28+00:00\",\"breadcrumb\":{\"@id\":\"https:\\\/\\\/hankkeet.karelia.fi\\\/invest-2-0\\\/#breadcrumb\"},\"inLanguage\":\"fi\",\"potentialAction\":[{\"@type\":\"ReadAction\",\"target\":[\"https:\\\/\\\/hankkeet.karelia.fi\\\/invest-2-0\\\/\"]}]},{\"@type\":\"ImageObject\",\"inLanguage\":\"fi\",\"@id\":\"https:\\\/\\\/hankkeet.karelia.fi\\\/invest-2-0\\\/#primaryimage\",\"url\":\"https:\\\/\\\/hankkeet.karelia.fi\\\/invest-2-0\\\/wp-content\\\/uploads\\\/sites\\\/35\\\/2026\\\/03\\\/DSC07174-scaled-e1713851648518.jpg\",\"contentUrl\":\"https:\\\/\\\/hankkeet.karelia.fi\\\/invest-2-0\\\/wp-content\\\/uploads\\\/sites\\\/35\\\/2026\\\/03\\\/DSC07174-scaled-e1713851648518.jpg\",\"width\":2560,\"height\":938},{\"@type\":\"BreadcrumbList\",\"@id\":\"https:\\\/\\\/hankkeet.karelia.fi\\\/invest-2-0\\\/#breadcrumb\",\"itemListElement\":[{\"@type\":\"ListItem\",\"position\":1,\"name\":\"Home\",\"item\":\"https:\\\/\\\/hankkeet.karelia.fi\\\/invest-2-0\\\/\"},{\"@type\":\"ListItem\",\"position\":2,\"name\":\"INVEST 2.0\"}]},{\"@type\":\"WebSite\",\"@id\":\"https:\\\/\\\/hankkeet.karelia.fi\\\/invest-2-0\\\/#website\",\"url\":\"https:\\\/\\\/hankkeet.karelia.fi\\\/invest-2-0\\\/\",\"name\":\"INVEST 2.0\",\"description\":\"\",\"publisher\":{\"@id\":\"https:\\\/\\\/hankkeet.karelia.fi\\\/invest-2-0\\\/#organization\"},\"potentialAction\":[{\"@type\":\"SearchAction\",\"target\":{\"@type\":\"EntryPoint\",\"urlTemplate\":\"https:\\\/\\\/hankkeet.karelia.fi\\\/invest-2-0\\\/?s={search_term_string}\"},\"query-input\":{\"@type\":\"PropertyValueSpecification\",\"valueRequired\":true,\"valueName\":\"search_term_string\"}}],\"inLanguage\":\"fi\"},{\"@type\":\"Organization\",\"@id\":\"https:\\\/\\\/hankkeet.karelia.fi\\\/invest-2-0\\\/#organization\",\"name\":\"INVEST 2.0\",\"url\":\"https:\\\/\\\/hankkeet.karelia.fi\\\/invest-2-0\\\/\",\"logo\":{\"@type\":\"ImageObject\",\"inLanguage\":\"fi\",\"@id\":\"https:\\\/\\\/hankkeet.karelia.fi\\\/invest-2-0\\\/#\\\/schema\\\/logo\\\/image\\\/\",\"url\":\"https:\\\/\\\/hankkeet.karelia.fi\\\/invest-2-0\\\/wp-content\\\/uploads\\\/sites\\\/35\\\/2026\\\/03\\\/cropped-cropped-Karelia_AMK_logo_RGB-1.png\",\"contentUrl\":\"https:\\\/\\\/hankkeet.karelia.fi\\\/invest-2-0\\\/wp-content\\\/uploads\\\/sites\\\/35\\\/2026\\\/03\\\/cropped-cropped-Karelia_AMK_logo_RGB-1.png\",\"width\":427,\"height\":116,\"caption\":\"INVEST 2.0\"},\"image\":{\"@id\":\"https:\\\/\\\/hankkeet.karelia.fi\\\/invest-2-0\\\/#\\\/schema\\\/logo\\\/image\\\/\"}}]}<\/script>\n<!-- \/ Yoast SEO plugin. -->","yoast_head_json":{"title":"INVEST 2.0 - INVEST 2.0","robots":{"index":"index","follow":"follow","max-snippet":"max-snippet:-1","max-image-preview":"max-image-preview:large","max-video-preview":"max-video-preview:-1"},"canonical":"https:\/\/hankkeet.karelia.fi\/invest-2-0\/","og_locale":"fi_FI","og_type":"article","og_title":"INVEST 2.0 - INVEST 2.0","og_description":"INVEST Euroop\u00adpalaiset yliopis\u00adtot \u2014 allianssi on seit\u00adsem\u00e4n euroop\u00adpalaisen korkeak\u00adoulun verkos\u00adto. Allianssi keskit\u00adtyy eri\u00adtyis\u00ades\u00adti kest\u00e4v\u00e4\u00e4n alueke\u00adhi\u00adtyk\u00adseen ja pyrkii luo\u00admaan osaamista ja ty\u00f6kalu\u00adja niin alueel\u00adlis\u00adten kuin globaalien haastei\u00adden ratkaisemisek\u00adsi. INVEST tar\u00adjoaa opiske\u00adli\u00adjoille kan\u00adsain\u00adv\u00e4lisi\u00e4 kes\u00e4- ja talvikoulu\u00adja, erikois\u00adtu\u00admisopin\u00adto\u00adja, yhteisi\u00e4 tutk\u00adin\u00adto-ohjelmia ja ty\u00f6el\u00e4m\u00e4l\u00e4heist\u00e4 Liv\u00ading Lab-ty\u00f6sken\u00adte\u00adly\u00e4. Opiske\u00adli\u00adjat voivat my\u00f6s osal\u00adlis\u00adtua kan\u00adsain\u00adv\u00e4liseen yrit\u00adt\u00e4j\u00e4polku\u00adun sek\u00e4 Draft-ohjel\u00admaan. Henkil\u00f6st\u00f6lle INVEST tar\u00adjoaa kan\u00adsain\u00adv\u00e4lisi\u00e4 ope\u00adtus- ja [&hellip;]","og_url":"https:\/\/hankkeet.karelia.fi\/invest-2-0\/","og_site_name":"INVEST 2.0","article_modified_time":"2026-04-23T10:33:28+00:00","og_image":[{"width":2560,"height":938,"url":"https:\/\/hankkeet.karelia.fi\/invest-2-0\/wp-content\/uploads\/sites\/35\/2026\/03\/DSC07174-scaled-e1713851648518.jpg","type":"image\/jpeg"}],"twitter_card":"summary_large_image","twitter_misc":{"Arvioitu lukuaika":"2 minuuttia"},"schema":{"@context":"https:\/\/schema.org","@graph":[{"@type":"WebPage","@id":"https:\/\/hankkeet.karelia.fi\/invest-2-0\/","url":"https:\/\/hankkeet.karelia.fi\/invest-2-0\/","name":"INVEST 2.0 - INVEST 2.0","isPartOf":{"@id":"https:\/\/hankkeet.karelia.fi\/invest-2-0\/#website"},"primaryImageOfPage":{"@id":"https:\/\/hankkeet.karelia.fi\/invest-2-0\/#primaryimage"},"image":{"@id":"https:\/\/hankkeet.karelia.fi\/invest-2-0\/#primaryimage"},"thumbnailUrl":"https:\/\/hankkeet.karelia.fi\/invest-2-0\/wp-content\/uploads\/sites\/35\/2026\/03\/DSC07174-scaled-e1713851648518.jpg","datePublished":"2026-03-17T09:18:26+00:00","dateModified":"2026-04-23T10:33:28+00:00","breadcrumb":{"@id":"https:\/\/hankkeet.karelia.fi\/invest-2-0\/#breadcrumb"},"inLanguage":"fi","potentialAction":[{"@type":"ReadAction","target":["https:\/\/hankkeet.karelia.fi\/invest-2-0\/"]}]},{"@type":"ImageObject","inLanguage":"fi","@id":"https:\/\/hankkeet.karelia.fi\/invest-2-0\/#primaryimage","url":"https:\/\/hankkeet.karelia.fi\/invest-2-0\/wp-content\/uploads\/sites\/35\/2026\/03\/DSC07174-scaled-e1713851648518.jpg","contentUrl":"https:\/\/hankkeet.karelia.fi\/invest-2-0\/wp-content\/uploads\/sites\/35\/2026\/03\/DSC07174-scaled-e1713851648518.jpg","width":2560,"height":938},{"@type":"BreadcrumbList","@id":"https:\/\/hankkeet.karelia.fi\/invest-2-0\/#breadcrumb","itemListElement":[{"@type":"ListItem","position":1,"name":"Home","item":"https:\/\/hankkeet.karelia.fi\/invest-2-0\/"},{"@type":"ListItem","position":2,"name":"INVEST 2.0"}]},{"@type":"WebSite","@id":"https:\/\/hankkeet.karelia.fi\/invest-2-0\/#website","url":"https:\/\/hankkeet.karelia.fi\/invest-2-0\/","name":"INVEST 2.0","description":"","publisher":{"@id":"https:\/\/hankkeet.karelia.fi\/invest-2-0\/#organization"},"potentialAction":[{"@type":"SearchAction","target":{"@type":"EntryPoint","urlTemplate":"https:\/\/hankkeet.karelia.fi\/invest-2-0\/?s={search_term_string}"},"query-input":{"@type":"PropertyValueSpecification","valueRequired":true,"valueName":"search_term_string"}}],"inLanguage":"fi"},{"@type":"Organization","@id":"https:\/\/hankkeet.karelia.fi\/invest-2-0\/#organization","name":"INVEST 2.0","url":"https:\/\/hankkeet.karelia.fi\/invest-2-0\/","logo":{"@type":"ImageObject","inLanguage":"fi","@id":"https:\/\/hankkeet.karelia.fi\/invest-2-0\/#\/schema\/logo\/image\/","url":"https:\/\/hankkeet.karelia.fi\/invest-2-0\/wp-content\/uploads\/sites\/35\/2026\/03\/cropped-cropped-Karelia_AMK_logo_RGB-1.png","contentUrl":"https:\/\/hankkeet.karelia.fi\/invest-2-0\/wp-content\/uploads\/sites\/35\/2026\/03\/cropped-cropped-Karelia_AMK_logo_RGB-1.png","width":427,"height":116,"caption":"INVEST 2.0"},"image":{"@id":"https:\/\/hankkeet.karelia.fi\/invest-2-0\/#\/schema\/logo\/image\/"}}]}},"_links":{"self":[{"href":"https:\/\/hankkeet.karelia.fi\/invest-2-0\/wp-json\/wp\/v2\/pages\/20","targetHints":{"allow":["GET"]}}],"collection":[{"href":"https:\/\/hankkeet.karelia.fi\/invest-2-0\/wp-json\/wp\/v2\/pages"}],"about":[{"href":"https:\/\/hankkeet.karelia.fi\/invest-2-0\/wp-json\/wp\/v2\/types\/page"}],"author":[{"embeddable":true,"href":"https:\/\/hankkeet.karelia.fi\/invest-2-0\/wp-json\/wp\/v2\/users\/10"}],"replies":[{"embeddable":true,"href":"https:\/\/hankkeet.karelia.fi\/invest-2-0\/wp-json\/wp\/v2\/comments?post=20"}],"version-history":[{"count":1,"href":"https:\/\/hankkeet.karelia.fi\/invest-2-0\/wp-json\/wp\/v2\/pages\/20\/revisions"}],"predecessor-version":[{"id":36,"href":"https:\/\/hankkeet.karelia.fi\/invest-2-0\/wp-json\/wp\/v2\/pages\/20\/revisions\/36"}],"wp:featuredmedia":[{"embeddable":true,"href":"https:\/\/hankkeet.karelia.fi\/invest-2-0\/wp-json\/wp\/v2\/media\/17"}],"wp:attachment":[{"href":"https:\/\/hankkeet.karelia.fi\/invest-2-0\/wp-json\/wp\/v2\/media?parent=20"}],"curies":[{"name":"wp","href":"https:\/\/api.w.org\/{rel}","templated":true}]}}