{"id":20,"date":"2026-03-17T13:12:40","date_gmt":"2026-03-17T11:12:40","guid":{"rendered":"https:\/\/hankkeet.karelia.fi\/invest-for-excellence-in-regional-development\/invest-for-excellence-in-regional-development\/"},"modified":"2026-03-17T13:12:40","modified_gmt":"2026-03-17T11:12:40","slug":"invest-for-excellence-in-regional-development","status":"publish","type":"page","link":"https:\/\/hankkeet.karelia.fi\/invest-for-excellence-in-regional-development\/","title":{"rendered":"Invest for Excellence in Regional Development"},"content":{"rendered":"\n<figure class=\"wp-block-image size-large is-resized\"><img decoding=\"async\" src=\"https:\/\/hankkeet.karelia.fi\/invest-for-excellence-in-regional-development\/wp-content\/uploads\/sites\/50\/2026\/03\/ie4-1024x127-1.jpg\" alt class=\"wp-image-69620\" style=\"width:677px;height:auto\"><\/figure>\n\n\n\n<p>INVEST4EXCELLENCE han\u00adkkeessa keski\u00adtyt\u00e4\u00e4n INVEST kon\u00adsor\u00adtion tutkimus- ja kehit\u00adt\u00e4mis\u00adtoimin\u00adnan kap\u00ada\u00adsiteetin vahvis\u00adtamiseen niin, ett\u00e4 korkeak\u00adoulut ja niiden keskeiset kump\u00adpan\u00adit ovat jatkos\u00adsa vahvo\u00adja Horisont\u00adti-ohjel\u00adman toim\u00adi\u00adjoi\u00adta.<br><br>Han\u00adkkeessa on viisi ty\u00f6\u00adpaket\u00adtia: hallinto ja koordi\u00adnoin\u00adti; tutkimusstrate\u00adgiat ja pros\u00ades\u00adsit; euroop\u00adpalainen inno\u00advaa\u00adtioekosys\u00adtee\u00admi; kap\u00ada\u00adsiteetin vahvis\u00adtamisen pros\u00ades\u00adsit ja ty\u00f6ka\u00adlut (Kare\u00adlia koordi\u00adnoi) sek\u00e4 viestin\u00adt\u00e4 ja tulosten levit\u00adt\u00e4mi\u00adnen.<br><br>Han\u00adkkeen tulok\u00adse\u00adna syn\u00adtyy kon\u00adsor\u00adtion yhteinen tutkimusstrate\u00adgia, TKI-kom\u00adpe\u00adtenssikart\u00adta ja kom\u00adpe\u00adtenssien kehit\u00adt\u00e4misen ty\u00f6ka\u00adlut, ATT-poli\u00adti\u00adik\u00adka ja ATT-osaamisen val\u00adtavir\u00adtais\u00adtamisen ty\u00f6ka\u00adlut (ml- ATT ambas\u00adsadors), yhteisty\u00f6kump\u00adpanei\u00adden osal\u00adlis\u00adtamisen ty\u00f6ka\u00adlut ja osaa\u00adjay\u00adhteis\u00f6\u00adjen kytken\u00adt\u00e4\u00admalli tkio-toim\u00adintaan.<\/p>\n\n\n\n<h2 class=\"wp-block-heading\">Projektin kesto<\/h2>\n\n\n\n<p>1.10.2021 \u2014 30.9.2024<\/p>\n\n\n\n<h2 class=\"wp-block-heading\">Projektip\u00e4\u00e4llikk\u00f6<\/h2>\n\n\n\n<p>Kris\u00adti\u00adina V\u00e4\u00e4n\u00e4\u00adnen<\/p>\n\n\n\n<h2 class=\"wp-block-heading\">Rahoitus<\/h2>\n\n\n\n<p>Horisont\u00adti 2020<\/p>\n\n\n\n<figure class=\"wp-block-image size-full\"><img decoding=\"async\" src=\"https:\/\/hankkeet.karelia.fi\/invest-for-excellence-in-regional-development\/wp-content\/uploads\/sites\/50\/2026\/03\/kk9_palkki.jpg\" alt class=\"wp-image-81537\"><\/figure>\n","protected":false},"excerpt":{"rendered":"<p>INVEST4EXCELLENCE han\u00adkkeessa keski\u00adtyt\u00e4\u00e4n INVEST kon\u00adsor\u00adtion tutkimus- ja kehit\u00adt\u00e4mis\u00adtoimin\u00adnan kap\u00ada\u00adsiteetin vahvis\u00adtamiseen niin, ett\u00e4 korkeak\u00adoulut ja niiden keskeiset kump\u00adpan\u00adit ovat jatkos\u00adsa vahvo\u00adja Horison\u00adt\u00adti-ohjel\u00ad\u00adman toim\u00adi\u00adjoi\u00adta. Han\u00adkkeessa on viisi ty\u00f6\u00adpaket\u00adtia: hallinto ja koordi\u00adnoin\u00adti; tutkimusstrate\u00adgiat ja pros\u00ades\u00adsit; euroop\u00adpalainen inno\u00advaa\u00adtioekosys\u00adtee\u00admi; kap\u00ada\u00adsiteetin vahvis\u00adtamisen pros\u00ades\u00adsit ja ty\u00f6ka\u00adlut (Kare\u00adlia koordi\u00adnoi) sek\u00e4 viestin\u00adt\u00e4 ja tulosten levit\u00adt\u00e4mi\u00adnen. Han\u00adkkeen tulok\u00adse\u00adna syn\u00adtyy kon\u00adsor\u00adtion yhteinen tutkimusstrate\u00adgia, TKI-kom\u00adpe\u00adtenssikart\u00ad\u00adta ja kom\u00adpe\u00adtenssien [\u2026]<\/p>\n","protected":false},"author":0,"featured_media":17,"parent":0,"menu_order":0,"comment_status":"closed","ping_status":"closed","template":"","meta":{"inline_featured_image":false,"wp_typography_post_enhancements_disabled":false,"footnotes":""},"class_list":["post-20","page","type-page","status-publish","has-post-thumbnail","hentry"],"yoast_head":"<!-- This site is optimized with the Yoast SEO plugin v27.5 - https:\/\/yoast.com\/product\/yoast-seo-wordpress\/ -->\n<title>Invest for Excellence in Regional Development - Invest for Excellence in Regional Development<\/title>\n<meta name=\"robots\" content=\"index, follow, max-snippet:-1, max-image-preview:large, max-video-preview:-1\" \/>\n<link rel=\"canonical\" href=\"https:\/\/hankkeet.karelia.fi\/invest-for-excellence-in-regional-development\/\" \/>\n<meta property=\"og:locale\" content=\"fi_FI\" \/>\n<meta property=\"og:type\" content=\"article\" \/>\n<meta property=\"og:title\" content=\"Invest for Excellence in Regional Development - Invest for Excellence in Regional Development\" \/>\n<meta property=\"og:description\" content=\"INVEST4EXCELLENCE han\u00adkkeessa keski\u00adtyt\u00e4\u00e4n INVEST kon\u00adsor\u00adtion tutkimus- ja kehit\u00adt\u00e4mis\u00adtoimin\u00adnan kap\u00ada\u00adsiteetin vahvis\u00adtamiseen niin, ett\u00e4 korkeak\u00adoulut ja niiden keskeiset kump\u00adpan\u00adit ovat jatkos\u00adsa vahvo\u00adja Horisont\u00adti-ohjel\u00adman toim\u00adi\u00adjoi\u00adta. Han\u00adkkeessa on viisi ty\u00f6\u00adpaket\u00adtia: hallinto ja koordi\u00adnoin\u00adti; tutkimusstrate\u00adgiat ja pros\u00ades\u00adsit; euroop\u00adpalainen inno\u00advaa\u00adtioekosys\u00adtee\u00admi; kap\u00ada\u00adsiteetin vahvis\u00adtamisen pros\u00ades\u00adsit ja ty\u00f6ka\u00adlut (Kare\u00adlia koordi\u00adnoi) sek\u00e4 viestin\u00adt\u00e4 ja tulosten levit\u00adt\u00e4mi\u00adnen. Han\u00adkkeen tulok\u00adse\u00adna syn\u00adtyy kon\u00adsor\u00adtion yhteinen tutkimusstrate\u00adgia, TKI-kom\u00adpe\u00adtenssikart\u00adta ja kom\u00adpe\u00adtenssien [&hellip;]\" \/>\n<meta property=\"og:url\" content=\"https:\/\/hankkeet.karelia.fi\/invest-for-excellence-in-regional-development\/\" \/>\n<meta property=\"og:site_name\" content=\"Invest for Excellence in Regional Development\" \/>\n<meta name=\"twitter:card\" content=\"summary_large_image\" \/>\n<script type=\"application\/ld+json\" class=\"yoast-schema-graph\">{\"@context\":\"https:\\\/\\\/schema.org\",\"@graph\":[{\"@type\":\"WebPage\",\"@id\":\"https:\\\/\\\/hankkeet.karelia.fi\\\/invest-for-excellence-in-regional-development\\\/\",\"url\":\"https:\\\/\\\/hankkeet.karelia.fi\\\/invest-for-excellence-in-regional-development\\\/\",\"name\":\"Invest for Excellence in Regional Development - Invest for Excellence in Regional Development\",\"isPartOf\":{\"@id\":\"https:\\\/\\\/hankkeet.karelia.fi\\\/invest-for-excellence-in-regional-development\\\/#website\"},\"primaryImageOfPage\":{\"@id\":\"https:\\\/\\\/hankkeet.karelia.fi\\\/invest-for-excellence-in-regional-development\\\/#primaryimage\"},\"image\":{\"@id\":\"https:\\\/\\\/hankkeet.karelia.fi\\\/invest-for-excellence-in-regional-development\\\/#primaryimage\"},\"thumbnailUrl\":\"https:\\\/\\\/hankkeet.karelia.fi\\\/invest-for-excellence-in-regional-development\\\/wp-content\\\/uploads\\\/sites\\\/50\\\/2026\\\/03\\\/pr2-scaled-1.jpeg\",\"datePublished\":\"2026-03-17T11:12:40+00:00\",\"breadcrumb\":{\"@id\":\"https:\\\/\\\/hankkeet.karelia.fi\\\/invest-for-excellence-in-regional-development\\\/#breadcrumb\"},\"inLanguage\":\"fi\",\"potentialAction\":[{\"@type\":\"ReadAction\",\"target\":[\"https:\\\/\\\/hankkeet.karelia.fi\\\/invest-for-excellence-in-regional-development\\\/\"]}]},{\"@type\":\"ImageObject\",\"inLanguage\":\"fi\",\"@id\":\"https:\\\/\\\/hankkeet.karelia.fi\\\/invest-for-excellence-in-regional-development\\\/#primaryimage\",\"url\":\"https:\\\/\\\/hankkeet.karelia.fi\\\/invest-for-excellence-in-regional-development\\\/wp-content\\\/uploads\\\/sites\\\/50\\\/2026\\\/03\\\/pr2-scaled-1.jpeg\",\"contentUrl\":\"https:\\\/\\\/hankkeet.karelia.fi\\\/invest-for-excellence-in-regional-development\\\/wp-content\\\/uploads\\\/sites\\\/50\\\/2026\\\/03\\\/pr2-scaled-1.jpeg\",\"width\":2560,\"height\":1230},{\"@type\":\"BreadcrumbList\",\"@id\":\"https:\\\/\\\/hankkeet.karelia.fi\\\/invest-for-excellence-in-regional-development\\\/#breadcrumb\",\"itemListElement\":[{\"@type\":\"ListItem\",\"position\":1,\"name\":\"Home\",\"item\":\"https:\\\/\\\/hankkeet.karelia.fi\\\/invest-for-excellence-in-regional-development\\\/invest-for-excellence-in-regional-development\\\/\"},{\"@type\":\"ListItem\",\"position\":2,\"name\":\"Invest for Excellence in Regional Development\"}]},{\"@type\":\"WebSite\",\"@id\":\"https:\\\/\\\/hankkeet.karelia.fi\\\/invest-for-excellence-in-regional-development\\\/#website\",\"url\":\"https:\\\/\\\/hankkeet.karelia.fi\\\/invest-for-excellence-in-regional-development\\\/\",\"name\":\"Invest for Excellence in Regional Development\",\"description\":\"\",\"publisher\":{\"@id\":\"https:\\\/\\\/hankkeet.karelia.fi\\\/invest-for-excellence-in-regional-development\\\/#organization\"},\"potentialAction\":[{\"@type\":\"SearchAction\",\"target\":{\"@type\":\"EntryPoint\",\"urlTemplate\":\"https:\\\/\\\/hankkeet.karelia.fi\\\/invest-for-excellence-in-regional-development\\\/?s={search_term_string}\"},\"query-input\":{\"@type\":\"PropertyValueSpecification\",\"valueRequired\":true,\"valueName\":\"search_term_string\"}}],\"inLanguage\":\"fi\"},{\"@type\":\"Organization\",\"@id\":\"https:\\\/\\\/hankkeet.karelia.fi\\\/invest-for-excellence-in-regional-development\\\/#organization\",\"name\":\"Invest for Excellence in Regional Development\",\"url\":\"https:\\\/\\\/hankkeet.karelia.fi\\\/invest-for-excellence-in-regional-development\\\/\",\"logo\":{\"@type\":\"ImageObject\",\"inLanguage\":\"fi\",\"@id\":\"https:\\\/\\\/hankkeet.karelia.fi\\\/invest-for-excellence-in-regional-development\\\/#\\\/schema\\\/logo\\\/image\\\/\",\"url\":\"https:\\\/\\\/hankkeet.karelia.fi\\\/invest-for-excellence-in-regional-development\\\/wp-content\\\/uploads\\\/sites\\\/50\\\/2026\\\/03\\\/cropped-cropped-Karelia_AMK_logo_RGB-1.png\",\"contentUrl\":\"https:\\\/\\\/hankkeet.karelia.fi\\\/invest-for-excellence-in-regional-development\\\/wp-content\\\/uploads\\\/sites\\\/50\\\/2026\\\/03\\\/cropped-cropped-Karelia_AMK_logo_RGB-1.png\",\"width\":427,\"height\":116,\"caption\":\"Invest for Excellence in Regional Development\"},\"image\":{\"@id\":\"https:\\\/\\\/hankkeet.karelia.fi\\\/invest-for-excellence-in-regional-development\\\/#\\\/schema\\\/logo\\\/image\\\/\"}}]}<\/script>\n<!-- \/ Yoast SEO plugin. -->","yoast_head_json":{"title":"Invest for Excellence in Regional Development - Invest for Excellence in Regional Development","robots":{"index":"index","follow":"follow","max-snippet":"max-snippet:-1","max-image-preview":"max-image-preview:large","max-video-preview":"max-video-preview:-1"},"canonical":"https:\/\/hankkeet.karelia.fi\/invest-for-excellence-in-regional-development\/","og_locale":"fi_FI","og_type":"article","og_title":"Invest for Excellence in Regional Development - Invest for Excellence in Regional Development","og_description":"INVEST4EXCELLENCE han\u00adkkeessa keski\u00adtyt\u00e4\u00e4n INVEST kon\u00adsor\u00adtion tutkimus- ja kehit\u00adt\u00e4mis\u00adtoimin\u00adnan kap\u00ada\u00adsiteetin vahvis\u00adtamiseen niin, ett\u00e4 korkeak\u00adoulut ja niiden keskeiset kump\u00adpan\u00adit ovat jatkos\u00adsa vahvo\u00adja Horisont\u00adti-ohjel\u00adman toim\u00adi\u00adjoi\u00adta. Han\u00adkkeessa on viisi ty\u00f6\u00adpaket\u00adtia: hallinto ja koordi\u00adnoin\u00adti; tutkimusstrate\u00adgiat ja pros\u00ades\u00adsit; euroop\u00adpalainen inno\u00advaa\u00adtioekosys\u00adtee\u00admi; kap\u00ada\u00adsiteetin vahvis\u00adtamisen pros\u00ades\u00adsit ja ty\u00f6ka\u00adlut (Kare\u00adlia koordi\u00adnoi) sek\u00e4 viestin\u00adt\u00e4 ja tulosten levit\u00adt\u00e4mi\u00adnen. Han\u00adkkeen tulok\u00adse\u00adna syn\u00adtyy kon\u00adsor\u00adtion yhteinen tutkimusstrate\u00adgia, TKI-kom\u00adpe\u00adtenssikart\u00adta ja kom\u00adpe\u00adtenssien [&hellip;]","og_url":"https:\/\/hankkeet.karelia.fi\/invest-for-excellence-in-regional-development\/","og_site_name":"Invest for Excellence in Regional Development","twitter_card":"summary_large_image","schema":{"@context":"https:\/\/schema.org","@graph":[{"@type":"WebPage","@id":"https:\/\/hankkeet.karelia.fi\/invest-for-excellence-in-regional-development\/","url":"https:\/\/hankkeet.karelia.fi\/invest-for-excellence-in-regional-development\/","name":"Invest for Excellence in Regional Development - Invest for Excellence in Regional Development","isPartOf":{"@id":"https:\/\/hankkeet.karelia.fi\/invest-for-excellence-in-regional-development\/#website"},"primaryImageOfPage":{"@id":"https:\/\/hankkeet.karelia.fi\/invest-for-excellence-in-regional-development\/#primaryimage"},"image":{"@id":"https:\/\/hankkeet.karelia.fi\/invest-for-excellence-in-regional-development\/#primaryimage"},"thumbnailUrl":"https:\/\/hankkeet.karelia.fi\/invest-for-excellence-in-regional-development\/wp-content\/uploads\/sites\/50\/2026\/03\/pr2-scaled-1.jpeg","datePublished":"2026-03-17T11:12:40+00:00","breadcrumb":{"@id":"https:\/\/hankkeet.karelia.fi\/invest-for-excellence-in-regional-development\/#breadcrumb"},"inLanguage":"fi","potentialAction":[{"@type":"ReadAction","target":["https:\/\/hankkeet.karelia.fi\/invest-for-excellence-in-regional-development\/"]}]},{"@type":"ImageObject","inLanguage":"fi","@id":"https:\/\/hankkeet.karelia.fi\/invest-for-excellence-in-regional-development\/#primaryimage","url":"https:\/\/hankkeet.karelia.fi\/invest-for-excellence-in-regional-development\/wp-content\/uploads\/sites\/50\/2026\/03\/pr2-scaled-1.jpeg","contentUrl":"https:\/\/hankkeet.karelia.fi\/invest-for-excellence-in-regional-development\/wp-content\/uploads\/sites\/50\/2026\/03\/pr2-scaled-1.jpeg","width":2560,"height":1230},{"@type":"BreadcrumbList","@id":"https:\/\/hankkeet.karelia.fi\/invest-for-excellence-in-regional-development\/#breadcrumb","itemListElement":[{"@type":"ListItem","position":1,"name":"Home","item":"https:\/\/hankkeet.karelia.fi\/invest-for-excellence-in-regional-development\/invest-for-excellence-in-regional-development\/"},{"@type":"ListItem","position":2,"name":"Invest for Excellence in Regional Development"}]},{"@type":"WebSite","@id":"https:\/\/hankkeet.karelia.fi\/invest-for-excellence-in-regional-development\/#website","url":"https:\/\/hankkeet.karelia.fi\/invest-for-excellence-in-regional-development\/","name":"Invest for Excellence in Regional Development","description":"","publisher":{"@id":"https:\/\/hankkeet.karelia.fi\/invest-for-excellence-in-regional-development\/#organization"},"potentialAction":[{"@type":"SearchAction","target":{"@type":"EntryPoint","urlTemplate":"https:\/\/hankkeet.karelia.fi\/invest-for-excellence-in-regional-development\/?s={search_term_string}"},"query-input":{"@type":"PropertyValueSpecification","valueRequired":true,"valueName":"search_term_string"}}],"inLanguage":"fi"},{"@type":"Organization","@id":"https:\/\/hankkeet.karelia.fi\/invest-for-excellence-in-regional-development\/#organization","name":"Invest for Excellence in Regional Development","url":"https:\/\/hankkeet.karelia.fi\/invest-for-excellence-in-regional-development\/","logo":{"@type":"ImageObject","inLanguage":"fi","@id":"https:\/\/hankkeet.karelia.fi\/invest-for-excellence-in-regional-development\/#\/schema\/logo\/image\/","url":"https:\/\/hankkeet.karelia.fi\/invest-for-excellence-in-regional-development\/wp-content\/uploads\/sites\/50\/2026\/03\/cropped-cropped-Karelia_AMK_logo_RGB-1.png","contentUrl":"https:\/\/hankkeet.karelia.fi\/invest-for-excellence-in-regional-development\/wp-content\/uploads\/sites\/50\/2026\/03\/cropped-cropped-Karelia_AMK_logo_RGB-1.png","width":427,"height":116,"caption":"Invest for Excellence in Regional Development"},"image":{"@id":"https:\/\/hankkeet.karelia.fi\/invest-for-excellence-in-regional-development\/#\/schema\/logo\/image\/"}}]}},"_links":{"self":[{"href":"https:\/\/hankkeet.karelia.fi\/invest-for-excellence-in-regional-development\/wp-json\/wp\/v2\/pages\/20","targetHints":{"allow":["GET"]}}],"collection":[{"href":"https:\/\/hankkeet.karelia.fi\/invest-for-excellence-in-regional-development\/wp-json\/wp\/v2\/pages"}],"about":[{"href":"https:\/\/hankkeet.karelia.fi\/invest-for-excellence-in-regional-development\/wp-json\/wp\/v2\/types\/page"}],"replies":[{"embeddable":true,"href":"https:\/\/hankkeet.karelia.fi\/invest-for-excellence-in-regional-development\/wp-json\/wp\/v2\/comments?post=20"}],"version-history":[{"count":0,"href":"https:\/\/hankkeet.karelia.fi\/invest-for-excellence-in-regional-development\/wp-json\/wp\/v2\/pages\/20\/revisions"}],"wp:featuredmedia":[{"embeddable":true,"href":"https:\/\/hankkeet.karelia.fi\/invest-for-excellence-in-regional-development\/wp-json\/wp\/v2\/media\/17"}],"wp:attachment":[{"href":"https:\/\/hankkeet.karelia.fi\/invest-for-excellence-in-regional-development\/wp-json\/wp\/v2\/media?parent=20"}],"curies":[{"name":"wp","href":"https:\/\/api.w.org\/{rel}","templated":true}]}}