{"id":20,"date":"2026-03-17T07:43:51","date_gmt":"2026-03-17T05:43:51","guid":{"rendered":"https:\/\/hankkeet.karelia.fi\/isku-itainen-suomi-kohti-uutta-teknologiaa-ccus-tutkimus-ja-teknologiakeskuksella\/isku-itainen-suomi-kohti-uutta-teknologiaa-ccus-tutkimus-ja-teknologiakeskuksella\/"},"modified":"2026-04-23T12:35:40","modified_gmt":"2026-04-23T09:35:40","slug":"isku-itainen-suomi-kohti-uutta-teknologiaa-ccus-tutkimus-ja-teknologiakeskuksella","status":"publish","type":"page","link":"https:\/\/hankkeet.karelia.fi\/isku-itainen-suomi-kohti-uutta-teknologiaa-ccus-tutkimus-ja-teknologiakeskuksella\/","title":{"rendered":"ISKU \u2013 It\u00e4inen Suomi Kohti Uutta teknologiaa CCUS \u2011tutkimus- ja teknologiakeskuksella"},"content":{"rendered":"\n<figure class=\"wp-block-image size-full is-resized\"><img decoding=\"async\" src=\"https:\/\/hankkeet.karelia.fi\/isku-itainen-suomi-kohti-uutta-teknologiaa-ccus-tutkimus-ja-teknologiakeskuksella\/wp-content\/uploads\/sites\/7\/2026\/03\/isku.png\" alt class=\"wp-image-91036\" style=\"width:891px;height:auto\"><\/figure>\n\n\n\n<p>It\u00e4i\u00adnen Suo\u00admi on pait\u00adsioase\u00admas\u00adsa suh\u00adteessa muuhun Suomeen, kos\u00adka uusi\u00adu\u00adtu\u00advan tuuliener\u00adgian<br>tuotan\u00adtom\u00adah\u00addol\u00adlisuuk\u00adsia on tiukasti rajoitet\u00adtu maan\u00adpuo\u00adlus\u00adtuk\u00adsel\u00adli\u00adsista syist\u00e4. T\u00e4m\u00e4n lis\u00e4k\u00adsi laa\u00adjal\u00adla<br>alueel\u00adla It\u00e4ist\u00e4 Suomea sijait\u00adsee vain 110 kV voima\u00adl\u00adin\u00adja, joka osaltaan rajoit\u00adtaa my\u00f6s uusi\u00adu\u00adtu\u00advan ener\u00adgian<br>rak\u00aden\u00adtamista. ISKU-han\u00adke (It\u00e4i\u00adnen Suo\u00admi Kohti Uut\u00adta teknolo\u00adgiaa ja yri\u00adtys\u00adtoim\u00adintaa CCUS-tutkimus- ja<br>teknolo\u00adgiakeskuk\u00adsel\u00adla) on nimen\u00ads\u00e4 mukaises\u00adti vas\u00adtaisku It\u00e4isen Suomen alueen tek\u00adnol\u00ado\u00adgista rapau\u00adtu\u00admista<br>vas\u00adtaan ja pon\u00adnis\u00adtus kohti uusi\u00adu\u00adtu\u00advan ener\u00adgian ja vihre\u00e4n teknolo\u00adgian aikakaut\u00adta.<\/p>\n\n\n\n<p>ISKU-han\u00adkekon\u00adsor\u00adtio kokoaa ensim\u00adm\u00e4ist\u00e4 ker\u00adtaa yhteen kaik\u00adki It\u00e4isen Suomen ener\u00adgia- ja bio\u00adtalouden<br>osaa\u00adjat. Han\u00adkkeessa tuotet\u00adtavien selvi\u00adtys\u00adten kaut\u00adta luo\u00addaan poh\u00adja bio\u00adgeenisen hiilid\u00adiok\u00adsidin eri\u00adlaisille<br>kaap\u00adpaus- ja hy\u00f6\u00addyn\u00adt\u00e4mis\u00admenetelmille sek\u00e4 n\u00e4i\u00adden kau\u00adpal\u00adliselle hy\u00f6\u00addyn\u00adt\u00e4miselle. ISKU-han\u00adke selvit\u00adt\u00e4\u00e4 ja<br>demon\u00adstroi my\u00f6s uuden tyyp\u00adpisi\u00e4 korkean bio\u00adjalostusas\u00adteen sovel\u00adluk\u00adsia, kuten bio\u00adhi\u00adilen hy\u00f6\u00addyn\u00adt\u00e4mist\u00e4<br>bio\u00adgeenisen hiilid\u00adiok\u00adsidin kaap\u00adpauk\u00adses\u00adsa sek\u00e4 tule\u00advaisu\u00adu\u00adden akku\u00adma\u00adte\u00adri\u00adaaleis\u00adsa. Kehi\u00adtysty\u00f6 ja teolli\u00adnen<br>demon\u00adstroin\u00adti pain\u00adot\u00adtuu hiilid\u00adiok\u00adsidin muun\u00adtamisen alueil\u00adla toimivien yri\u00adtys\u00adten liike\u00adtoim\u00adintaa palvele\u00adviksi<br>kemikaaleik\u00adsi sek\u00e4 mate\u00adri\u00adaaleik\u00adsi. Tes\u00adta\u00adtuis\u00adsa tekni\u00adsis\u00ads\u00e4 ratkaisu\u00adis\u00adsa pyrit\u00e4\u00e4n v\u00e4hen\u00adt\u00e4m\u00e4\u00e4n mate\u00adri\u00adaalien<br>valmis\u00adtus\u00adpros\u00adessin vaa\u00adti\u00admaa vihre\u00e4\u00e4 vety\u00e4 pelk\u00adist\u00e4m\u00e4l\u00adl\u00e4 bio\u00adgeeni\u00adnen hiilid\u00adiok\u00adsi\u00addi ensin bio\u00adhi\u00adilel\u00adl\u00e4<br>hiil\u00adimonok\u00adsidik\u00adsi. Han\u00adkkeessa laa\u00addi\u00adtaan my\u00f6s esi\u00adselvi\u00adtys vihre\u00e4n vedyn tuotan\u00adnon hukkal\u00e4m\u00adm\u00f6n<br>hy\u00f6\u00addyn\u00adt\u00e4mis\u00ades\u00adt\u00e4. ISKU-han\u00adke yhdis\u00adt\u00e4\u00e4 kon\u00adsor\u00adtiopart\u00adnerei\u00adden kaut\u00adta laa\u00adjan lab\u00ado\u00adra\u00adto\u00adri\u00adoin\u00adfra\u00adstruk\u00adtu\u00adurin ja<br>oppimisym\u00adp\u00e4rist\u00f6t yhdek\u00adsi It\u00e4ist\u00e4 Suomea palvel\u00ade\u00advak\u00adsi kokon\u00adaisu\u00adudek\u00adsi, jol\u00adla my\u00f6s koulute\u00adtaan<br>tule\u00advaisu\u00adu\u00adden ty\u00f6voimaa AMK-insin\u00f6\u00f6rien ja diplo\u00admi-insin\u00f6\u00f6rien koulu\u00adtu\u00adso\u00adhjelmis\u00adsa.<\/p>\n\n\n\n<p>T\u00e4m\u00e4n lab\u00ado\u00adra\u00adto\u00adriokokon\u00adaisu\u00adu\u00adden lis\u00e4k\u00adsi ISKU-han\u00adke luo perus\u00adtan It\u00e4isen Suomen yhteiselle CCUS tutkimus-<br>ja teknolo\u00adgiakeskuk\u00adselle. Keskuk\u00adsen toim\u00adintaa suun\u00adnitel\u00adlaan yhdess\u00e4 tutkimus- ja oppi\u00adlaitok\u00adsista<br>muo\u00addoste\u00adtun keskit\u00adtym\u00e4n kanssa, vahvis\u00adtaen It\u00e4isen Suomen ase\u00admaa uusi\u00adu\u00adtu\u00advan ener\u00adgian liike\u00adtoimin\u00adnan<br>sol\u00admuko\u00adhtana. Keskus tar\u00adjoaa yri\u00adtyk\u00adsille mah\u00addol\u00adlisu\u00adu\u00adden kehit\u00adt\u00e4\u00e4, tes\u00adta\u00adta ja demon\u00adstroi\u00adda hiilid\u00adiok\u00adsidin<br>tal\u00adteeno\u00adton ja hy\u00f6\u00addyn\u00adt\u00e4misen ratkaisu\u00adja osana tutkimus- ja oppi\u00adlaitos keskit\u00adtym\u00e4\u00e4, mik\u00e4 houkut\u00adtelee<br>It\u00e4isen Suomen alueelle investoin\u00adte\u00adja sek\u00e4 lis\u00e4\u00e4 alueen kil\u00adpailukyky\u00e4. Se edis\u00adt\u00e4\u00e4 osaamis\u00adin\u00adten\u00adsi\u00adivis\u00adten<br>ty\u00f6\u00adpaikko\u00adjen syn\u00adtymist\u00e4 ja tutkimus\u00adl\u00e4ht\u00f6ist\u00e4 yri\u00adtysy\u00adhteisty\u00f6t\u00e4, luo\u00adden perus\u00adtan vah\u00advalle uusi\u00adu\u00adtu\u00advan<br>ener\u00adgian yri\u00adtysverkos\u00adtolle. Samal\u00adla se nos\u00adtaa alueen profi\u00adil\u00adia vetovoimaise\u00adna ja kest\u00e4v\u00e4n\u00e4<br>sijoit\u00adtumisko\u00adhteena kansal\u00adlis\u00ades\u00adti sek\u00e4 kan\u00adsain\u00adv\u00e4lis\u00ades\u00adti.<\/p>\n\n\n\n<p>Han\u00adkkeen vas\u00adtu\u00adulli\u00adnen toteut\u00adta\u00adja on It\u00e4-Suomen Yliopis\u00adto ja osato\u00adteut\u00adta\u00adji\u00adna LUT-yliopis\u00adto, Kare\u00adlia-amk, Busi\u00adness Joen\u00adsuu, Luon\u00adnon\u00adva\u00adrakeskus ja Kaakkois-Suomen AMK.<\/p>\n\n\n\n<h2 class=\"wp-block-heading\">Projektin kesto<\/h2>\n\n\n\n<p>1.1.2026 \u2014 30.6.2028<\/p>\n\n\n\n<h2 class=\"wp-block-heading\">Projektip\u00e4\u00e4llikk\u00f6<\/h2>\n\n\n\n<p><strong>Markus Hir\u00advo\u00adnen<\/strong><br>markus.hirvonen(a)karelia.fi<\/p>\n\n\n\n<h2 class=\"wp-block-heading\">Rahoitus<\/h2>\n\n\n\n<p>AKKE<\/p>\n\n\n\n<figure class=\"wp-block-image size-full is-resized\"><img decoding=\"async\" src=\"https:\/\/hankkeet.karelia.fi\/isku-itainen-suomi-kohti-uutta-teknologiaa-ccus-tutkimus-ja-teknologiakeskuksella\/wp-content\/uploads\/sites\/7\/2026\/03\/kk_palkki_isku.png\" alt class=\"wp-image-91037\" style=\"width:747px;height:auto\"><\/figure>\n","protected":false},"excerpt":{"rendered":"<p>It\u00e4i\u00adnen Suo\u00admi on pait\u00adsioase\u00admas\u00adsa suh\u00adteessa muuhun Suomeen, kos\u00adka uusi\u00adu\u00adtu\u00advan tuuliener\u00adgiantuotan\u00adtom\u00adah\u00addol\u00adlisuuk\u00adsia on tiukasti rajoitet\u00adtu maan\u00adpuo\u00adlus\u00adtuk\u00adsel\u00adli\u00adsista syist\u00e4. T\u00e4m\u00e4n lis\u00e4k\u00adsi laa\u00adjal\u00adlaalueel\u00adla It\u00e4ist\u00e4 Suomea sijait\u00adsee vain 110 kV voima\u00adl\u00adin\u00adja, joka osaltaan rajoit\u00adtaa my\u00f6s uusi\u00adu\u00adtu\u00advan ener\u00adgianrak\u00aden\u00adtamista. ISKU-han\u00adke (It\u00e4i\u00adnen Suo\u00admi Kohti Uut\u00adta teknolo\u00adgiaa ja yri\u00adtys\u00adtoim\u00adintaa CCUS-tutkimus- jateknolo\u00adgiakeskuk\u00adsel\u00adla) on nimen\u00ads\u00e4 mukaises\u00adti vas\u00adtaisku It\u00e4isen Suomen alueen tek\u00adnol\u00ado\u00adgista rapau\u00adtu\u00admistavas\u00adtaan ja pon\u00adnis\u00adtus kohti uusi\u00adu\u00adtu\u00advan ener\u00adgian [\u2026]<\/p>\n","protected":false},"author":7,"featured_media":17,"parent":0,"menu_order":0,"comment_status":"closed","ping_status":"closed","template":"","meta":{"inline_featured_image":false,"wp_typography_post_enhancements_disabled":false,"footnotes":""},"class_list":["post-20","page","type-page","status-publish","has-post-thumbnail","hentry"],"yoast_head":"<!-- This site is optimized with the Yoast SEO plugin v27.5 - https:\/\/yoast.com\/product\/yoast-seo-wordpress\/ -->\n<title>ISKU \u2013 It\u00e4inen Suomi Kohti Uutta teknologiaa CCUS -tutkimus- ja teknologiakeskuksella - ISKU \u2013 It\u00e4inen Suomi Kohti Uutta teknologiaa CCUS -tutkimus- ja teknologiakeskuksella<\/title>\n<meta name=\"robots\" content=\"index, follow, max-snippet:-1, max-image-preview:large, max-video-preview:-1\" \/>\n<link rel=\"canonical\" href=\"https:\/\/hankkeet.karelia.fi\/isku-itainen-suomi-kohti-uutta-teknologiaa-ccus-tutkimus-ja-teknologiakeskuksella\/\" \/>\n<meta property=\"og:locale\" content=\"fi_FI\" \/>\n<meta property=\"og:type\" content=\"article\" \/>\n<meta property=\"og:title\" content=\"ISKU \u2013 It\u00e4inen Suomi Kohti Uutta teknologiaa CCUS -tutkimus- ja teknologiakeskuksella - ISKU \u2013 It\u00e4inen Suomi Kohti Uutta teknologiaa CCUS -tutkimus- ja teknologiakeskuksella\" \/>\n<meta property=\"og:description\" content=\"It\u00e4i\u00adnen Suo\u00admi on pait\u00adsioase\u00admas\u00adsa suh\u00adteessa muuhun Suomeen, kos\u00adka uusi\u00adu\u00adtu\u00advan tuuliener\u00adgiantuotan\u00adtom\u00adah\u00addol\u00adlisuuk\u00adsia on tiukasti rajoitet\u00adtu maan\u00adpuo\u00adlus\u00adtuk\u00adsel\u00adli\u00adsista syist\u00e4. T\u00e4m\u00e4n lis\u00e4k\u00adsi laa\u00adjal\u00adlaalueel\u00adla It\u00e4ist\u00e4 Suomea sijait\u00adsee vain 110 kV voima\u00adl\u00adin\u00adja, joka osaltaan rajoit\u00adtaa my\u00f6s uusi\u00adu\u00adtu\u00advan ener\u00adgianrak\u00aden\u00adtamista. ISKU-han\u00adke (It\u00e4i\u00adnen Suo\u00admi Kohti Uut\u00adta teknolo\u00adgiaa ja yri\u00adtys\u00adtoim\u00adintaa CCUS-tutkimus- jateknolo\u00adgiakeskuk\u00adsel\u00adla) on nimen\u00ads\u00e4 mukaises\u00adti vas\u00adtaisku It\u00e4isen Suomen alueen tek\u00adnol\u00ado\u00adgista rapau\u00adtu\u00admistavas\u00adtaan ja pon\u00adnis\u00adtus kohti uusi\u00adu\u00adtu\u00advan ener\u00adgian [&hellip;]\" \/>\n<meta property=\"og:url\" content=\"https:\/\/hankkeet.karelia.fi\/isku-itainen-suomi-kohti-uutta-teknologiaa-ccus-tutkimus-ja-teknologiakeskuksella\/\" \/>\n<meta property=\"og:site_name\" content=\"ISKU \u2013 It\u00e4inen Suomi Kohti Uutta teknologiaa CCUS -tutkimus- ja teknologiakeskuksella\" \/>\n<meta property=\"article:modified_time\" content=\"2026-04-23T09:35:40+00:00\" \/>\n<meta property=\"og:image\" content=\"https:\/\/hankkeet.karelia.fi\/isku-itainen-suomi-kohti-uutta-teknologiaa-ccus-tutkimus-ja-teknologiakeskuksella\/wp-content\/uploads\/sites\/7\/2026\/03\/ISKU_hero-scaled-1.jpeg\" \/>\n\t<meta property=\"og:image:width\" content=\"2560\" \/>\n\t<meta property=\"og:image:height\" content=\"1707\" \/>\n\t<meta property=\"og:image:type\" content=\"image\/jpeg\" \/>\n<meta name=\"twitter:card\" content=\"summary_large_image\" \/>\n<meta name=\"twitter:label1\" content=\"Arvioitu lukuaika\" \/>\n\t<meta name=\"twitter:data1\" content=\"3 minuuttia\" \/>\n<script type=\"application\/ld+json\" class=\"yoast-schema-graph\">{\"@context\":\"https:\\\/\\\/schema.org\",\"@graph\":[{\"@type\":\"WebPage\",\"@id\":\"https:\\\/\\\/hankkeet.karelia.fi\\\/isku-itainen-suomi-kohti-uutta-teknologiaa-ccus-tutkimus-ja-teknologiakeskuksella\\\/\",\"url\":\"https:\\\/\\\/hankkeet.karelia.fi\\\/isku-itainen-suomi-kohti-uutta-teknologiaa-ccus-tutkimus-ja-teknologiakeskuksella\\\/\",\"name\":\"ISKU \u2013 It\u00e4inen Suomi Kohti Uutta teknologiaa CCUS -tutkimus- ja teknologiakeskuksella - ISKU \u2013 It\u00e4inen Suomi Kohti Uutta teknologiaa CCUS -tutkimus- ja teknologiakeskuksella\",\"isPartOf\":{\"@id\":\"https:\\\/\\\/hankkeet.karelia.fi\\\/isku-itainen-suomi-kohti-uutta-teknologiaa-ccus-tutkimus-ja-teknologiakeskuksella\\\/#website\"},\"primaryImageOfPage\":{\"@id\":\"https:\\\/\\\/hankkeet.karelia.fi\\\/isku-itainen-suomi-kohti-uutta-teknologiaa-ccus-tutkimus-ja-teknologiakeskuksella\\\/#primaryimage\"},\"image\":{\"@id\":\"https:\\\/\\\/hankkeet.karelia.fi\\\/isku-itainen-suomi-kohti-uutta-teknologiaa-ccus-tutkimus-ja-teknologiakeskuksella\\\/#primaryimage\"},\"thumbnailUrl\":\"https:\\\/\\\/hankkeet.karelia.fi\\\/isku-itainen-suomi-kohti-uutta-teknologiaa-ccus-tutkimus-ja-teknologiakeskuksella\\\/wp-content\\\/uploads\\\/sites\\\/7\\\/2026\\\/03\\\/ISKU_hero-scaled-1.jpeg\",\"datePublished\":\"2026-03-17T05:43:51+00:00\",\"dateModified\":\"2026-04-23T09:35:40+00:00\",\"breadcrumb\":{\"@id\":\"https:\\\/\\\/hankkeet.karelia.fi\\\/isku-itainen-suomi-kohti-uutta-teknologiaa-ccus-tutkimus-ja-teknologiakeskuksella\\\/#breadcrumb\"},\"inLanguage\":\"fi\",\"potentialAction\":[{\"@type\":\"ReadAction\",\"target\":[\"https:\\\/\\\/hankkeet.karelia.fi\\\/isku-itainen-suomi-kohti-uutta-teknologiaa-ccus-tutkimus-ja-teknologiakeskuksella\\\/\"]}]},{\"@type\":\"ImageObject\",\"inLanguage\":\"fi\",\"@id\":\"https:\\\/\\\/hankkeet.karelia.fi\\\/isku-itainen-suomi-kohti-uutta-teknologiaa-ccus-tutkimus-ja-teknologiakeskuksella\\\/#primaryimage\",\"url\":\"https:\\\/\\\/hankkeet.karelia.fi\\\/isku-itainen-suomi-kohti-uutta-teknologiaa-ccus-tutkimus-ja-teknologiakeskuksella\\\/wp-content\\\/uploads\\\/sites\\\/7\\\/2026\\\/03\\\/ISKU_hero-scaled-1.jpeg\",\"contentUrl\":\"https:\\\/\\\/hankkeet.karelia.fi\\\/isku-itainen-suomi-kohti-uutta-teknologiaa-ccus-tutkimus-ja-teknologiakeskuksella\\\/wp-content\\\/uploads\\\/sites\\\/7\\\/2026\\\/03\\\/ISKU_hero-scaled-1.jpeg\",\"width\":2560,\"height\":1707},{\"@type\":\"BreadcrumbList\",\"@id\":\"https:\\\/\\\/hankkeet.karelia.fi\\\/isku-itainen-suomi-kohti-uutta-teknologiaa-ccus-tutkimus-ja-teknologiakeskuksella\\\/#breadcrumb\",\"itemListElement\":[{\"@type\":\"ListItem\",\"position\":1,\"name\":\"Home\",\"item\":\"https:\\\/\\\/hankkeet.karelia.fi\\\/isku-itainen-suomi-kohti-uutta-teknologiaa-ccus-tutkimus-ja-teknologiakeskuksella\\\/\"},{\"@type\":\"ListItem\",\"position\":2,\"name\":\"ISKU \u2013 It\u00e4inen Suomi Kohti Uutta teknologiaa CCUS -tutkimus- ja teknologiakeskuksella\"}]},{\"@type\":\"WebSite\",\"@id\":\"https:\\\/\\\/hankkeet.karelia.fi\\\/isku-itainen-suomi-kohti-uutta-teknologiaa-ccus-tutkimus-ja-teknologiakeskuksella\\\/#website\",\"url\":\"https:\\\/\\\/hankkeet.karelia.fi\\\/isku-itainen-suomi-kohti-uutta-teknologiaa-ccus-tutkimus-ja-teknologiakeskuksella\\\/\",\"name\":\"ISKU \u2013 It\u00e4inen Suomi Kohti Uutta teknologiaa CCUS -tutkimus- ja teknologiakeskuksella\",\"description\":\"\",\"publisher\":{\"@id\":\"https:\\\/\\\/hankkeet.karelia.fi\\\/isku-itainen-suomi-kohti-uutta-teknologiaa-ccus-tutkimus-ja-teknologiakeskuksella\\\/#organization\"},\"potentialAction\":[{\"@type\":\"SearchAction\",\"target\":{\"@type\":\"EntryPoint\",\"urlTemplate\":\"https:\\\/\\\/hankkeet.karelia.fi\\\/isku-itainen-suomi-kohti-uutta-teknologiaa-ccus-tutkimus-ja-teknologiakeskuksella\\\/?s={search_term_string}\"},\"query-input\":{\"@type\":\"PropertyValueSpecification\",\"valueRequired\":true,\"valueName\":\"search_term_string\"}}],\"inLanguage\":\"fi\"},{\"@type\":\"Organization\",\"@id\":\"https:\\\/\\\/hankkeet.karelia.fi\\\/isku-itainen-suomi-kohti-uutta-teknologiaa-ccus-tutkimus-ja-teknologiakeskuksella\\\/#organization\",\"name\":\"ISKU \u2013 It\u00e4inen Suomi Kohti Uutta teknologiaa CCUS -tutkimus- ja teknologiakeskuksella\",\"url\":\"https:\\\/\\\/hankkeet.karelia.fi\\\/isku-itainen-suomi-kohti-uutta-teknologiaa-ccus-tutkimus-ja-teknologiakeskuksella\\\/\",\"logo\":{\"@type\":\"ImageObject\",\"inLanguage\":\"fi\",\"@id\":\"https:\\\/\\\/hankkeet.karelia.fi\\\/isku-itainen-suomi-kohti-uutta-teknologiaa-ccus-tutkimus-ja-teknologiakeskuksella\\\/#\\\/schema\\\/logo\\\/image\\\/\",\"url\":\"https:\\\/\\\/hankkeet.karelia.fi\\\/isku-itainen-suomi-kohti-uutta-teknologiaa-ccus-tutkimus-ja-teknologiakeskuksella\\\/wp-content\\\/uploads\\\/sites\\\/7\\\/2026\\\/03\\\/cropped-cropped-Karelia_AMK_logo_RGB-1.png\",\"contentUrl\":\"https:\\\/\\\/hankkeet.karelia.fi\\\/isku-itainen-suomi-kohti-uutta-teknologiaa-ccus-tutkimus-ja-teknologiakeskuksella\\\/wp-content\\\/uploads\\\/sites\\\/7\\\/2026\\\/03\\\/cropped-cropped-Karelia_AMK_logo_RGB-1.png\",\"width\":427,\"height\":116,\"caption\":\"ISKU \u2013 It\u00e4inen Suomi Kohti Uutta teknologiaa CCUS -tutkimus- ja teknologiakeskuksella\"},\"image\":{\"@id\":\"https:\\\/\\\/hankkeet.karelia.fi\\\/isku-itainen-suomi-kohti-uutta-teknologiaa-ccus-tutkimus-ja-teknologiakeskuksella\\\/#\\\/schema\\\/logo\\\/image\\\/\"}}]}<\/script>\n<!-- \/ Yoast SEO plugin. -->","yoast_head_json":{"title":"ISKU \u2013 It\u00e4inen Suomi Kohti Uutta teknologiaa CCUS -tutkimus- ja teknologiakeskuksella - ISKU \u2013 It\u00e4inen Suomi Kohti Uutta teknologiaa CCUS -tutkimus- ja teknologiakeskuksella","robots":{"index":"index","follow":"follow","max-snippet":"max-snippet:-1","max-image-preview":"max-image-preview:large","max-video-preview":"max-video-preview:-1"},"canonical":"https:\/\/hankkeet.karelia.fi\/isku-itainen-suomi-kohti-uutta-teknologiaa-ccus-tutkimus-ja-teknologiakeskuksella\/","og_locale":"fi_FI","og_type":"article","og_title":"ISKU \u2013 It\u00e4inen Suomi Kohti Uutta teknologiaa CCUS -tutkimus- ja teknologiakeskuksella - ISKU \u2013 It\u00e4inen Suomi Kohti Uutta teknologiaa CCUS -tutkimus- ja teknologiakeskuksella","og_description":"It\u00e4i\u00adnen Suo\u00admi on pait\u00adsioase\u00admas\u00adsa suh\u00adteessa muuhun Suomeen, kos\u00adka uusi\u00adu\u00adtu\u00advan tuuliener\u00adgiantuotan\u00adtom\u00adah\u00addol\u00adlisuuk\u00adsia on tiukasti rajoitet\u00adtu maan\u00adpuo\u00adlus\u00adtuk\u00adsel\u00adli\u00adsista syist\u00e4. T\u00e4m\u00e4n lis\u00e4k\u00adsi laa\u00adjal\u00adlaalueel\u00adla It\u00e4ist\u00e4 Suomea sijait\u00adsee vain 110 kV voima\u00adl\u00adin\u00adja, joka osaltaan rajoit\u00adtaa my\u00f6s uusi\u00adu\u00adtu\u00advan ener\u00adgianrak\u00aden\u00adtamista. ISKU-han\u00adke (It\u00e4i\u00adnen Suo\u00admi Kohti Uut\u00adta teknolo\u00adgiaa ja yri\u00adtys\u00adtoim\u00adintaa CCUS-tutkimus- jateknolo\u00adgiakeskuk\u00adsel\u00adla) on nimen\u00ads\u00e4 mukaises\u00adti vas\u00adtaisku It\u00e4isen Suomen alueen tek\u00adnol\u00ado\u00adgista rapau\u00adtu\u00admistavas\u00adtaan ja pon\u00adnis\u00adtus kohti uusi\u00adu\u00adtu\u00advan ener\u00adgian [&hellip;]","og_url":"https:\/\/hankkeet.karelia.fi\/isku-itainen-suomi-kohti-uutta-teknologiaa-ccus-tutkimus-ja-teknologiakeskuksella\/","og_site_name":"ISKU \u2013 It\u00e4inen Suomi Kohti Uutta teknologiaa CCUS -tutkimus- ja teknologiakeskuksella","article_modified_time":"2026-04-23T09:35:40+00:00","og_image":[{"width":2560,"height":1707,"url":"https:\/\/hankkeet.karelia.fi\/isku-itainen-suomi-kohti-uutta-teknologiaa-ccus-tutkimus-ja-teknologiakeskuksella\/wp-content\/uploads\/sites\/7\/2026\/03\/ISKU_hero-scaled-1.jpeg","type":"image\/jpeg"}],"twitter_card":"summary_large_image","twitter_misc":{"Arvioitu lukuaika":"3 minuuttia"},"schema":{"@context":"https:\/\/schema.org","@graph":[{"@type":"WebPage","@id":"https:\/\/hankkeet.karelia.fi\/isku-itainen-suomi-kohti-uutta-teknologiaa-ccus-tutkimus-ja-teknologiakeskuksella\/","url":"https:\/\/hankkeet.karelia.fi\/isku-itainen-suomi-kohti-uutta-teknologiaa-ccus-tutkimus-ja-teknologiakeskuksella\/","name":"ISKU \u2013 It\u00e4inen Suomi Kohti Uutta teknologiaa CCUS -tutkimus- ja teknologiakeskuksella - ISKU \u2013 It\u00e4inen Suomi Kohti Uutta teknologiaa CCUS -tutkimus- ja teknologiakeskuksella","isPartOf":{"@id":"https:\/\/hankkeet.karelia.fi\/isku-itainen-suomi-kohti-uutta-teknologiaa-ccus-tutkimus-ja-teknologiakeskuksella\/#website"},"primaryImageOfPage":{"@id":"https:\/\/hankkeet.karelia.fi\/isku-itainen-suomi-kohti-uutta-teknologiaa-ccus-tutkimus-ja-teknologiakeskuksella\/#primaryimage"},"image":{"@id":"https:\/\/hankkeet.karelia.fi\/isku-itainen-suomi-kohti-uutta-teknologiaa-ccus-tutkimus-ja-teknologiakeskuksella\/#primaryimage"},"thumbnailUrl":"https:\/\/hankkeet.karelia.fi\/isku-itainen-suomi-kohti-uutta-teknologiaa-ccus-tutkimus-ja-teknologiakeskuksella\/wp-content\/uploads\/sites\/7\/2026\/03\/ISKU_hero-scaled-1.jpeg","datePublished":"2026-03-17T05:43:51+00:00","dateModified":"2026-04-23T09:35:40+00:00","breadcrumb":{"@id":"https:\/\/hankkeet.karelia.fi\/isku-itainen-suomi-kohti-uutta-teknologiaa-ccus-tutkimus-ja-teknologiakeskuksella\/#breadcrumb"},"inLanguage":"fi","potentialAction":[{"@type":"ReadAction","target":["https:\/\/hankkeet.karelia.fi\/isku-itainen-suomi-kohti-uutta-teknologiaa-ccus-tutkimus-ja-teknologiakeskuksella\/"]}]},{"@type":"ImageObject","inLanguage":"fi","@id":"https:\/\/hankkeet.karelia.fi\/isku-itainen-suomi-kohti-uutta-teknologiaa-ccus-tutkimus-ja-teknologiakeskuksella\/#primaryimage","url":"https:\/\/hankkeet.karelia.fi\/isku-itainen-suomi-kohti-uutta-teknologiaa-ccus-tutkimus-ja-teknologiakeskuksella\/wp-content\/uploads\/sites\/7\/2026\/03\/ISKU_hero-scaled-1.jpeg","contentUrl":"https:\/\/hankkeet.karelia.fi\/isku-itainen-suomi-kohti-uutta-teknologiaa-ccus-tutkimus-ja-teknologiakeskuksella\/wp-content\/uploads\/sites\/7\/2026\/03\/ISKU_hero-scaled-1.jpeg","width":2560,"height":1707},{"@type":"BreadcrumbList","@id":"https:\/\/hankkeet.karelia.fi\/isku-itainen-suomi-kohti-uutta-teknologiaa-ccus-tutkimus-ja-teknologiakeskuksella\/#breadcrumb","itemListElement":[{"@type":"ListItem","position":1,"name":"Home","item":"https:\/\/hankkeet.karelia.fi\/isku-itainen-suomi-kohti-uutta-teknologiaa-ccus-tutkimus-ja-teknologiakeskuksella\/"},{"@type":"ListItem","position":2,"name":"ISKU \u2013 It\u00e4inen Suomi Kohti Uutta teknologiaa CCUS -tutkimus- ja teknologiakeskuksella"}]},{"@type":"WebSite","@id":"https:\/\/hankkeet.karelia.fi\/isku-itainen-suomi-kohti-uutta-teknologiaa-ccus-tutkimus-ja-teknologiakeskuksella\/#website","url":"https:\/\/hankkeet.karelia.fi\/isku-itainen-suomi-kohti-uutta-teknologiaa-ccus-tutkimus-ja-teknologiakeskuksella\/","name":"ISKU \u2013 It\u00e4inen Suomi Kohti Uutta teknologiaa CCUS -tutkimus- ja teknologiakeskuksella","description":"","publisher":{"@id":"https:\/\/hankkeet.karelia.fi\/isku-itainen-suomi-kohti-uutta-teknologiaa-ccus-tutkimus-ja-teknologiakeskuksella\/#organization"},"potentialAction":[{"@type":"SearchAction","target":{"@type":"EntryPoint","urlTemplate":"https:\/\/hankkeet.karelia.fi\/isku-itainen-suomi-kohti-uutta-teknologiaa-ccus-tutkimus-ja-teknologiakeskuksella\/?s={search_term_string}"},"query-input":{"@type":"PropertyValueSpecification","valueRequired":true,"valueName":"search_term_string"}}],"inLanguage":"fi"},{"@type":"Organization","@id":"https:\/\/hankkeet.karelia.fi\/isku-itainen-suomi-kohti-uutta-teknologiaa-ccus-tutkimus-ja-teknologiakeskuksella\/#organization","name":"ISKU \u2013 It\u00e4inen Suomi Kohti Uutta teknologiaa CCUS -tutkimus- ja teknologiakeskuksella","url":"https:\/\/hankkeet.karelia.fi\/isku-itainen-suomi-kohti-uutta-teknologiaa-ccus-tutkimus-ja-teknologiakeskuksella\/","logo":{"@type":"ImageObject","inLanguage":"fi","@id":"https:\/\/hankkeet.karelia.fi\/isku-itainen-suomi-kohti-uutta-teknologiaa-ccus-tutkimus-ja-teknologiakeskuksella\/#\/schema\/logo\/image\/","url":"https:\/\/hankkeet.karelia.fi\/isku-itainen-suomi-kohti-uutta-teknologiaa-ccus-tutkimus-ja-teknologiakeskuksella\/wp-content\/uploads\/sites\/7\/2026\/03\/cropped-cropped-Karelia_AMK_logo_RGB-1.png","contentUrl":"https:\/\/hankkeet.karelia.fi\/isku-itainen-suomi-kohti-uutta-teknologiaa-ccus-tutkimus-ja-teknologiakeskuksella\/wp-content\/uploads\/sites\/7\/2026\/03\/cropped-cropped-Karelia_AMK_logo_RGB-1.png","width":427,"height":116,"caption":"ISKU \u2013 It\u00e4inen Suomi Kohti Uutta teknologiaa CCUS -tutkimus- ja teknologiakeskuksella"},"image":{"@id":"https:\/\/hankkeet.karelia.fi\/isku-itainen-suomi-kohti-uutta-teknologiaa-ccus-tutkimus-ja-teknologiakeskuksella\/#\/schema\/logo\/image\/"}}]}},"_links":{"self":[{"href":"https:\/\/hankkeet.karelia.fi\/isku-itainen-suomi-kohti-uutta-teknologiaa-ccus-tutkimus-ja-teknologiakeskuksella\/wp-json\/wp\/v2\/pages\/20","targetHints":{"allow":["GET"]}}],"collection":[{"href":"https:\/\/hankkeet.karelia.fi\/isku-itainen-suomi-kohti-uutta-teknologiaa-ccus-tutkimus-ja-teknologiakeskuksella\/wp-json\/wp\/v2\/pages"}],"about":[{"href":"https:\/\/hankkeet.karelia.fi\/isku-itainen-suomi-kohti-uutta-teknologiaa-ccus-tutkimus-ja-teknologiakeskuksella\/wp-json\/wp\/v2\/types\/page"}],"author":[{"embeddable":true,"href":"https:\/\/hankkeet.karelia.fi\/isku-itainen-suomi-kohti-uutta-teknologiaa-ccus-tutkimus-ja-teknologiakeskuksella\/wp-json\/wp\/v2\/users\/7"}],"replies":[{"embeddable":true,"href":"https:\/\/hankkeet.karelia.fi\/isku-itainen-suomi-kohti-uutta-teknologiaa-ccus-tutkimus-ja-teknologiakeskuksella\/wp-json\/wp\/v2\/comments?post=20"}],"version-history":[{"count":2,"href":"https:\/\/hankkeet.karelia.fi\/isku-itainen-suomi-kohti-uutta-teknologiaa-ccus-tutkimus-ja-teknologiakeskuksella\/wp-json\/wp\/v2\/pages\/20\/revisions"}],"predecessor-version":[{"id":47,"href":"https:\/\/hankkeet.karelia.fi\/isku-itainen-suomi-kohti-uutta-teknologiaa-ccus-tutkimus-ja-teknologiakeskuksella\/wp-json\/wp\/v2\/pages\/20\/revisions\/47"}],"wp:featuredmedia":[{"embeddable":true,"href":"https:\/\/hankkeet.karelia.fi\/isku-itainen-suomi-kohti-uutta-teknologiaa-ccus-tutkimus-ja-teknologiakeskuksella\/wp-json\/wp\/v2\/media\/17"}],"wp:attachment":[{"href":"https:\/\/hankkeet.karelia.fi\/isku-itainen-suomi-kohti-uutta-teknologiaa-ccus-tutkimus-ja-teknologiakeskuksella\/wp-json\/wp\/v2\/media?parent=20"}],"curies":[{"name":"wp","href":"https:\/\/api.w.org\/{rel}","templated":true}]}}