{"id":20,"date":"2026-03-17T09:38:37","date_gmt":"2026-03-17T07:38:37","guid":{"rendered":"https:\/\/hankkeet.karelia.fi\/itseohjautuvat-hybridimateriaalit\/hybrimat-itseohjautuvat-hybridimateriaalit\/"},"modified":"2026-03-17T09:38:37","modified_gmt":"2026-03-17T07:38:37","slug":"hybrimat-itseohjautuvat-hybridimateriaalit","status":"publish","type":"page","link":"https:\/\/hankkeet.karelia.fi\/itseohjautuvat-hybridimateriaalit\/","title":{"rendered":"HybriMat \u2013 Itseohjautuvat hybridimateriaalit"},"content":{"rendered":"\n<figure class=\"wp-block-image size-full is-resized\"><img decoding=\"async\" src=\"https:\/\/hankkeet.karelia.fi\/itseohjautuvat-hybridimateriaalit\/wp-content\/uploads\/sites\/22\/2026\/03\/logopalkki_hybrimat.png\" alt class=\"wp-image-76988\" style=\"width:745px;height:auto\"><\/figure>\n\n\n\n<p><strong>Hybri\u00admat on tutkimu\u00adsor\u00adgan\u00adisaa\u00adtioiden ja yri\u00adtys\u00adten yhteis\u00adhanke, jos\u00adsa keski\u00adtyt\u00e4\u00e4n uusien mate\u00adri\u00adaalien ja pin\u00adto\u00adjen kehit\u00adt\u00e4miseen yhdis\u00adt\u00e4m\u00e4l\u00adl\u00e4 eri valmis\u00adtustekni\u00adikoi\u00adta.<\/strong><\/p>\n\n\n\n<p>Han\u00adkkeessa nelj\u00e4 tutkimu\u00adsor\u00adgan\u00adisaa\u00adtio\u00adta (Kare\u00adlia-amk, It\u00e4-Suomen yliopis\u00adto Aal\u00adto-yliopis\u00adto ja Tam\u00adpereen yliopis\u00adto) ja viisi yri\u00adtys\u00adt\u00e4 (Abloy, Mil\u00adli\u00addyne, Vaisala, Val\u00admet ja Vauhti) muo\u00addosta\u00advat verkos\u00adton \u00e4lykk\u00e4i\u00adden mate\u00adri\u00adaalien ja pin\u00adto\u00adjen kehit\u00adt\u00e4misek\u00adsi. Uutu\u00adusar\u00advo perus\u00adtuu eri teknolo\u00adgioiden ja mate\u00adri\u00adaalien yhdis\u00adt\u00e4miseen hybridi\u00adratkaisuk\u00adsi, joka paran\u00adtaa kom\u00adpo\u00adnent\u00adtien toim\u00adintakyky\u00e4 vaa\u00adtivis\u00adsa olo\u00adsuhteis\u00adsa.<\/p>\n\n\n\n<p>Tavoit\u00adteena on kehit\u00adt\u00e4\u00e4 uusia yhdis\u00adtelm\u00e4\u00adma\u00adte\u00adri\u00adaale\u00adja, jot\u00adka vas\u00adtaa\u00advat yri\u00adtys\u00adten tarpeisi\u00adin tuot\u00adtei\u00adden elinkaaren, huolto\u00adva\u00adpau\u00adden ja lis\u00e4\u00adtyn toimin\u00adnal\u00adlisu\u00adu\u00adden sek\u00e4 suori\u00adtuskyvyn osalta. Tavoit\u00adteena on my\u00f6s pul\u00adverimet\u00adal\u00adlur\u00adgis\u00adten kap\u00adpalei\u00adden optisen pin\u00adnan\u00adlaadun paran\u00adt\u00ada\u00admi\u00adnen. Tavoit\u00adteet saavute\u00adtaan yhdis\u00adtelem\u00e4l\u00adl\u00e4 mate\u00adri\u00adaali- ja pin\u00adnoi\u00adtustekni\u00adikan ratkaisu\u00adja, jot\u00adka vas\u00adtaa\u00advat teol\u00adlisu\u00adu\u00adden haasteisi\u00adin kuten j\u00e4\u00e4\u00adtymisen ja likaan\u00adtu\u00admisen est\u00e4miseen, sek\u00e4 kehit\u00adt\u00e4m\u00e4l\u00adl\u00e4 ymp\u00e4rist\u00f6ys\u00adt\u00e4v\u00e4l\u00adlisi\u00e4 mate\u00adri\u00adaaliy\u00adhdis\u00adtelmi\u00e4.<\/p>\n\n\n\n<h2 class=\"wp-block-heading\">Projektin kesto<\/h2>\n\n\n\n<p>1.1.2025 \u2014 31.12.2026<\/p>\n\n\n\n<h2 class=\"wp-block-heading\">Projektip\u00e4\u00e4llikk\u00f6<\/h2>\n\n\n\n<p><strong>Kari M\u00f6nkk\u00f6\u00adnen<\/strong><br>Kari.Monkkonen(a)karelia.fi<\/p>\n\n\n\n<h2 class=\"wp-block-heading\">Rahoitus<\/h2>\n\n\n\n<p>EAKR-ohjel\u00adma<\/p>\n\n\n\n<figure class=\"wp-block-image size-full is-resized\"><img decoding=\"async\" src=\"https:\/\/hankkeet.karelia.fi\/itseohjautuvat-hybridimateriaalit\/wp-content\/uploads\/sites\/22\/2026\/03\/kk9_palkki.jpg\" alt class=\"wp-image-76990\" style=\"width:745px;height:auto\"><\/figure>\n","protected":false},"excerpt":{"rendered":"<p>Hybri\u00admat on tutkimu\u00adsor\u00adgan\u00adisaa\u00adtioiden ja yri\u00adtys\u00adten yhteis\u00adhanke, jos\u00adsa keski\u00adtyt\u00e4\u00e4n uusien mate\u00adri\u00adaalien ja pin\u00adto\u00adjen kehit\u00adt\u00e4miseen yhdis\u00adt\u00e4m\u00e4l\u00adl\u00e4 eri valmis\u00adtustekni\u00adikoi\u00adta. Han\u00adkkeessa nelj\u00e4 tutkimu\u00adsor\u00adgan\u00adisaa\u00adtio\u00adta (Kare\u00adlia-amk, It\u00e4-Suomen yliopis\u00adto Aal\u00ad\u00adto-yliopis\u00ad\u00adto ja Tam\u00adpereen yliopis\u00adto) ja viisi yri\u00adtys\u00adt\u00e4 (Abloy, Mil\u00adli\u00addyne, Vaisala, Val\u00admet ja Vauhti) muo\u00addosta\u00advat verkos\u00adton \u00e4lykk\u00e4i\u00adden mate\u00adri\u00adaalien ja pin\u00adto\u00adjen kehit\u00adt\u00e4misek\u00adsi. Uutu\u00adusar\u00advo perus\u00adtuu eri teknolo\u00adgioiden ja mate\u00adri\u00adaalien yhdis\u00adt\u00e4miseen hybridi\u00adratkaisuk\u00adsi, joka paran\u00adtaa kom\u00adpo\u00adnent\u00adtien toim\u00adintakyky\u00e4 vaa\u00adtivis\u00adsa [\u2026]<\/p>\n","protected":false},"author":0,"featured_media":17,"parent":0,"menu_order":0,"comment_status":"closed","ping_status":"closed","template":"","meta":{"inline_featured_image":false,"wp_typography_post_enhancements_disabled":false,"footnotes":""},"class_list":["post-20","page","type-page","status-publish","has-post-thumbnail","hentry"],"yoast_head":"<!-- This site is optimized with the Yoast SEO plugin v27.5 - https:\/\/yoast.com\/product\/yoast-seo-wordpress\/ -->\n<title>HybriMat &#8211; Itseohjautuvat hybridimateriaalit - HybriMat &#8211; Itseohjautuvat hybridimateriaalit<\/title>\n<meta name=\"robots\" content=\"index, follow, max-snippet:-1, max-image-preview:large, max-video-preview:-1\" \/>\n<link rel=\"canonical\" href=\"https:\/\/hankkeet.karelia.fi\/itseohjautuvat-hybridimateriaalit\/\" \/>\n<meta property=\"og:locale\" content=\"fi_FI\" \/>\n<meta property=\"og:type\" content=\"article\" \/>\n<meta property=\"og:title\" content=\"HybriMat &#8211; Itseohjautuvat hybridimateriaalit - HybriMat &#8211; Itseohjautuvat hybridimateriaalit\" \/>\n<meta property=\"og:description\" content=\"Hybri\u00admat on tutkimu\u00adsor\u00adgan\u00adisaa\u00adtioiden ja yri\u00adtys\u00adten yhteis\u00adhanke, jos\u00adsa keski\u00adtyt\u00e4\u00e4n uusien mate\u00adri\u00adaalien ja pin\u00adto\u00adjen kehit\u00adt\u00e4miseen yhdis\u00adt\u00e4m\u00e4l\u00adl\u00e4 eri valmis\u00adtustekni\u00adikoi\u00adta. Han\u00adkkeessa nelj\u00e4 tutkimu\u00adsor\u00adgan\u00adisaa\u00adtio\u00adta (Kare\u00adlia-amk, It\u00e4-Suomen yliopis\u00adto Aal\u00adto-yliopis\u00adto ja Tam\u00adpereen yliopis\u00adto) ja viisi yri\u00adtys\u00adt\u00e4 (Abloy, Mil\u00adli\u00addyne, Vaisala, Val\u00admet ja Vauhti) muo\u00addosta\u00advat verkos\u00adton \u00e4lykk\u00e4i\u00adden mate\u00adri\u00adaalien ja pin\u00adto\u00adjen kehit\u00adt\u00e4misek\u00adsi. Uutu\u00adusar\u00advo perus\u00adtuu eri teknolo\u00adgioiden ja mate\u00adri\u00adaalien yhdis\u00adt\u00e4miseen hybridi\u00adratkaisuk\u00adsi, joka paran\u00adtaa kom\u00adpo\u00adnent\u00adtien toim\u00adintakyky\u00e4 vaa\u00adtivis\u00adsa [&hellip;]\" \/>\n<meta property=\"og:url\" content=\"https:\/\/hankkeet.karelia.fi\/itseohjautuvat-hybridimateriaalit\/\" \/>\n<meta property=\"og:site_name\" content=\"HybriMat &#8211; Itseohjautuvat hybridimateriaalit\" \/>\n<meta name=\"twitter:card\" content=\"summary_large_image\" \/>\n<meta name=\"twitter:label1\" content=\"Arvioitu lukuaika\" \/>\n\t<meta name=\"twitter:data1\" content=\"1 minuutti\" \/>\n<script type=\"application\/ld+json\" class=\"yoast-schema-graph\">{\"@context\":\"https:\\\/\\\/schema.org\",\"@graph\":[{\"@type\":\"WebPage\",\"@id\":\"https:\\\/\\\/hankkeet.karelia.fi\\\/itseohjautuvat-hybridimateriaalit\\\/\",\"url\":\"https:\\\/\\\/hankkeet.karelia.fi\\\/itseohjautuvat-hybridimateriaalit\\\/\",\"name\":\"HybriMat &#8211; Itseohjautuvat hybridimateriaalit - HybriMat &#8211; Itseohjautuvat hybridimateriaalit\",\"isPartOf\":{\"@id\":\"https:\\\/\\\/hankkeet.karelia.fi\\\/itseohjautuvat-hybridimateriaalit\\\/#website\"},\"primaryImageOfPage\":{\"@id\":\"https:\\\/\\\/hankkeet.karelia.fi\\\/itseohjautuvat-hybridimateriaalit\\\/#primaryimage\"},\"image\":{\"@id\":\"https:\\\/\\\/hankkeet.karelia.fi\\\/itseohjautuvat-hybridimateriaalit\\\/#primaryimage\"},\"thumbnailUrl\":\"https:\\\/\\\/hankkeet.karelia.fi\\\/itseohjautuvat-hybridimateriaalit\\\/wp-content\\\/uploads\\\/sites\\\/22\\\/2026\\\/03\\\/pr2-1-scaled-1.jpeg\",\"datePublished\":\"2026-03-17T07:38:37+00:00\",\"breadcrumb\":{\"@id\":\"https:\\\/\\\/hankkeet.karelia.fi\\\/itseohjautuvat-hybridimateriaalit\\\/#breadcrumb\"},\"inLanguage\":\"fi\",\"potentialAction\":[{\"@type\":\"ReadAction\",\"target\":[\"https:\\\/\\\/hankkeet.karelia.fi\\\/itseohjautuvat-hybridimateriaalit\\\/\"]}]},{\"@type\":\"ImageObject\",\"inLanguage\":\"fi\",\"@id\":\"https:\\\/\\\/hankkeet.karelia.fi\\\/itseohjautuvat-hybridimateriaalit\\\/#primaryimage\",\"url\":\"https:\\\/\\\/hankkeet.karelia.fi\\\/itseohjautuvat-hybridimateriaalit\\\/wp-content\\\/uploads\\\/sites\\\/22\\\/2026\\\/03\\\/pr2-1-scaled-1.jpeg\",\"contentUrl\":\"https:\\\/\\\/hankkeet.karelia.fi\\\/itseohjautuvat-hybridimateriaalit\\\/wp-content\\\/uploads\\\/sites\\\/22\\\/2026\\\/03\\\/pr2-1-scaled-1.jpeg\",\"width\":2560,\"height\":1230},{\"@type\":\"BreadcrumbList\",\"@id\":\"https:\\\/\\\/hankkeet.karelia.fi\\\/itseohjautuvat-hybridimateriaalit\\\/#breadcrumb\",\"itemListElement\":[{\"@type\":\"ListItem\",\"position\":1,\"name\":\"Home\",\"item\":\"https:\\\/\\\/hankkeet.karelia.fi\\\/itseohjautuvat-hybridimateriaalit\\\/hybrimat-itseohjautuvat-hybridimateriaalit\\\/\"},{\"@type\":\"ListItem\",\"position\":2,\"name\":\"HybriMat &#8211; Itseohjautuvat hybridimateriaalit\"}]},{\"@type\":\"WebSite\",\"@id\":\"https:\\\/\\\/hankkeet.karelia.fi\\\/itseohjautuvat-hybridimateriaalit\\\/#website\",\"url\":\"https:\\\/\\\/hankkeet.karelia.fi\\\/itseohjautuvat-hybridimateriaalit\\\/\",\"name\":\"HybriMat &#8211; Itseohjautuvat hybridimateriaalit\",\"description\":\"\",\"publisher\":{\"@id\":\"https:\\\/\\\/hankkeet.karelia.fi\\\/itseohjautuvat-hybridimateriaalit\\\/#organization\"},\"potentialAction\":[{\"@type\":\"SearchAction\",\"target\":{\"@type\":\"EntryPoint\",\"urlTemplate\":\"https:\\\/\\\/hankkeet.karelia.fi\\\/itseohjautuvat-hybridimateriaalit\\\/?s={search_term_string}\"},\"query-input\":{\"@type\":\"PropertyValueSpecification\",\"valueRequired\":true,\"valueName\":\"search_term_string\"}}],\"inLanguage\":\"fi\"},{\"@type\":\"Organization\",\"@id\":\"https:\\\/\\\/hankkeet.karelia.fi\\\/itseohjautuvat-hybridimateriaalit\\\/#organization\",\"name\":\"HybriMat &#8211; Itseohjautuvat hybridimateriaalit\",\"url\":\"https:\\\/\\\/hankkeet.karelia.fi\\\/itseohjautuvat-hybridimateriaalit\\\/\",\"logo\":{\"@type\":\"ImageObject\",\"inLanguage\":\"fi\",\"@id\":\"https:\\\/\\\/hankkeet.karelia.fi\\\/itseohjautuvat-hybridimateriaalit\\\/#\\\/schema\\\/logo\\\/image\\\/\",\"url\":\"https:\\\/\\\/hankkeet.karelia.fi\\\/itseohjautuvat-hybridimateriaalit\\\/wp-content\\\/uploads\\\/sites\\\/22\\\/2026\\\/03\\\/cropped-cropped-Karelia_AMK_logo_RGB-1.png\",\"contentUrl\":\"https:\\\/\\\/hankkeet.karelia.fi\\\/itseohjautuvat-hybridimateriaalit\\\/wp-content\\\/uploads\\\/sites\\\/22\\\/2026\\\/03\\\/cropped-cropped-Karelia_AMK_logo_RGB-1.png\",\"width\":427,\"height\":116,\"caption\":\"HybriMat &#8211; Itseohjautuvat hybridimateriaalit\"},\"image\":{\"@id\":\"https:\\\/\\\/hankkeet.karelia.fi\\\/itseohjautuvat-hybridimateriaalit\\\/#\\\/schema\\\/logo\\\/image\\\/\"}}]}<\/script>\n<!-- \/ Yoast SEO plugin. -->","yoast_head_json":{"title":"HybriMat &#8211; Itseohjautuvat hybridimateriaalit - HybriMat &#8211; Itseohjautuvat hybridimateriaalit","robots":{"index":"index","follow":"follow","max-snippet":"max-snippet:-1","max-image-preview":"max-image-preview:large","max-video-preview":"max-video-preview:-1"},"canonical":"https:\/\/hankkeet.karelia.fi\/itseohjautuvat-hybridimateriaalit\/","og_locale":"fi_FI","og_type":"article","og_title":"HybriMat &#8211; Itseohjautuvat hybridimateriaalit - HybriMat &#8211; Itseohjautuvat hybridimateriaalit","og_description":"Hybri\u00admat on tutkimu\u00adsor\u00adgan\u00adisaa\u00adtioiden ja yri\u00adtys\u00adten yhteis\u00adhanke, jos\u00adsa keski\u00adtyt\u00e4\u00e4n uusien mate\u00adri\u00adaalien ja pin\u00adto\u00adjen kehit\u00adt\u00e4miseen yhdis\u00adt\u00e4m\u00e4l\u00adl\u00e4 eri valmis\u00adtustekni\u00adikoi\u00adta. Han\u00adkkeessa nelj\u00e4 tutkimu\u00adsor\u00adgan\u00adisaa\u00adtio\u00adta (Kare\u00adlia-amk, It\u00e4-Suomen yliopis\u00adto Aal\u00adto-yliopis\u00adto ja Tam\u00adpereen yliopis\u00adto) ja viisi yri\u00adtys\u00adt\u00e4 (Abloy, Mil\u00adli\u00addyne, Vaisala, Val\u00admet ja Vauhti) muo\u00addosta\u00advat verkos\u00adton \u00e4lykk\u00e4i\u00adden mate\u00adri\u00adaalien ja pin\u00adto\u00adjen kehit\u00adt\u00e4misek\u00adsi. Uutu\u00adusar\u00advo perus\u00adtuu eri teknolo\u00adgioiden ja mate\u00adri\u00adaalien yhdis\u00adt\u00e4miseen hybridi\u00adratkaisuk\u00adsi, joka paran\u00adtaa kom\u00adpo\u00adnent\u00adtien toim\u00adintakyky\u00e4 vaa\u00adtivis\u00adsa [&hellip;]","og_url":"https:\/\/hankkeet.karelia.fi\/itseohjautuvat-hybridimateriaalit\/","og_site_name":"HybriMat &#8211; Itseohjautuvat hybridimateriaalit","twitter_card":"summary_large_image","twitter_misc":{"Arvioitu lukuaika":"1 minuutti"},"schema":{"@context":"https:\/\/schema.org","@graph":[{"@type":"WebPage","@id":"https:\/\/hankkeet.karelia.fi\/itseohjautuvat-hybridimateriaalit\/","url":"https:\/\/hankkeet.karelia.fi\/itseohjautuvat-hybridimateriaalit\/","name":"HybriMat &#8211; Itseohjautuvat hybridimateriaalit - HybriMat &#8211; Itseohjautuvat hybridimateriaalit","isPartOf":{"@id":"https:\/\/hankkeet.karelia.fi\/itseohjautuvat-hybridimateriaalit\/#website"},"primaryImageOfPage":{"@id":"https:\/\/hankkeet.karelia.fi\/itseohjautuvat-hybridimateriaalit\/#primaryimage"},"image":{"@id":"https:\/\/hankkeet.karelia.fi\/itseohjautuvat-hybridimateriaalit\/#primaryimage"},"thumbnailUrl":"https:\/\/hankkeet.karelia.fi\/itseohjautuvat-hybridimateriaalit\/wp-content\/uploads\/sites\/22\/2026\/03\/pr2-1-scaled-1.jpeg","datePublished":"2026-03-17T07:38:37+00:00","breadcrumb":{"@id":"https:\/\/hankkeet.karelia.fi\/itseohjautuvat-hybridimateriaalit\/#breadcrumb"},"inLanguage":"fi","potentialAction":[{"@type":"ReadAction","target":["https:\/\/hankkeet.karelia.fi\/itseohjautuvat-hybridimateriaalit\/"]}]},{"@type":"ImageObject","inLanguage":"fi","@id":"https:\/\/hankkeet.karelia.fi\/itseohjautuvat-hybridimateriaalit\/#primaryimage","url":"https:\/\/hankkeet.karelia.fi\/itseohjautuvat-hybridimateriaalit\/wp-content\/uploads\/sites\/22\/2026\/03\/pr2-1-scaled-1.jpeg","contentUrl":"https:\/\/hankkeet.karelia.fi\/itseohjautuvat-hybridimateriaalit\/wp-content\/uploads\/sites\/22\/2026\/03\/pr2-1-scaled-1.jpeg","width":2560,"height":1230},{"@type":"BreadcrumbList","@id":"https:\/\/hankkeet.karelia.fi\/itseohjautuvat-hybridimateriaalit\/#breadcrumb","itemListElement":[{"@type":"ListItem","position":1,"name":"Home","item":"https:\/\/hankkeet.karelia.fi\/itseohjautuvat-hybridimateriaalit\/hybrimat-itseohjautuvat-hybridimateriaalit\/"},{"@type":"ListItem","position":2,"name":"HybriMat &#8211; Itseohjautuvat hybridimateriaalit"}]},{"@type":"WebSite","@id":"https:\/\/hankkeet.karelia.fi\/itseohjautuvat-hybridimateriaalit\/#website","url":"https:\/\/hankkeet.karelia.fi\/itseohjautuvat-hybridimateriaalit\/","name":"HybriMat &#8211; Itseohjautuvat hybridimateriaalit","description":"","publisher":{"@id":"https:\/\/hankkeet.karelia.fi\/itseohjautuvat-hybridimateriaalit\/#organization"},"potentialAction":[{"@type":"SearchAction","target":{"@type":"EntryPoint","urlTemplate":"https:\/\/hankkeet.karelia.fi\/itseohjautuvat-hybridimateriaalit\/?s={search_term_string}"},"query-input":{"@type":"PropertyValueSpecification","valueRequired":true,"valueName":"search_term_string"}}],"inLanguage":"fi"},{"@type":"Organization","@id":"https:\/\/hankkeet.karelia.fi\/itseohjautuvat-hybridimateriaalit\/#organization","name":"HybriMat &#8211; Itseohjautuvat hybridimateriaalit","url":"https:\/\/hankkeet.karelia.fi\/itseohjautuvat-hybridimateriaalit\/","logo":{"@type":"ImageObject","inLanguage":"fi","@id":"https:\/\/hankkeet.karelia.fi\/itseohjautuvat-hybridimateriaalit\/#\/schema\/logo\/image\/","url":"https:\/\/hankkeet.karelia.fi\/itseohjautuvat-hybridimateriaalit\/wp-content\/uploads\/sites\/22\/2026\/03\/cropped-cropped-Karelia_AMK_logo_RGB-1.png","contentUrl":"https:\/\/hankkeet.karelia.fi\/itseohjautuvat-hybridimateriaalit\/wp-content\/uploads\/sites\/22\/2026\/03\/cropped-cropped-Karelia_AMK_logo_RGB-1.png","width":427,"height":116,"caption":"HybriMat &#8211; Itseohjautuvat hybridimateriaalit"},"image":{"@id":"https:\/\/hankkeet.karelia.fi\/itseohjautuvat-hybridimateriaalit\/#\/schema\/logo\/image\/"}}]}},"_links":{"self":[{"href":"https:\/\/hankkeet.karelia.fi\/itseohjautuvat-hybridimateriaalit\/wp-json\/wp\/v2\/pages\/20","targetHints":{"allow":["GET"]}}],"collection":[{"href":"https:\/\/hankkeet.karelia.fi\/itseohjautuvat-hybridimateriaalit\/wp-json\/wp\/v2\/pages"}],"about":[{"href":"https:\/\/hankkeet.karelia.fi\/itseohjautuvat-hybridimateriaalit\/wp-json\/wp\/v2\/types\/page"}],"replies":[{"embeddable":true,"href":"https:\/\/hankkeet.karelia.fi\/itseohjautuvat-hybridimateriaalit\/wp-json\/wp\/v2\/comments?post=20"}],"version-history":[{"count":0,"href":"https:\/\/hankkeet.karelia.fi\/itseohjautuvat-hybridimateriaalit\/wp-json\/wp\/v2\/pages\/20\/revisions"}],"wp:featuredmedia":[{"embeddable":true,"href":"https:\/\/hankkeet.karelia.fi\/itseohjautuvat-hybridimateriaalit\/wp-json\/wp\/v2\/media\/17"}],"wp:attachment":[{"href":"https:\/\/hankkeet.karelia.fi\/itseohjautuvat-hybridimateriaalit\/wp-json\/wp\/v2\/media?parent=20"}],"curies":[{"name":"wp","href":"https:\/\/api.w.org\/{rel}","templated":true}]}}