{"id":19,"date":"2026-03-17T11:55:35","date_gmt":"2026-03-17T09:55:35","guid":{"rendered":"https:\/\/hankkeet.karelia.fi\/kieli-opo-opintojen-etenemisen-haasteiden-taklaajana\/kieli-opo-opintojen-etenemisen-haasteiden-taklaajana\/"},"modified":"2026-03-17T11:55:35","modified_gmt":"2026-03-17T09:55:35","slug":"kieli-opo-opintojen-etenemisen-haasteiden-taklaajana","status":"publish","type":"page","link":"https:\/\/hankkeet.karelia.fi\/kieli-opo-opintojen-etenemisen-haasteiden-taklaajana\/","title":{"rendered":"Kieli-opo opintojen etenemisen haasteiden taklaajana"},"content":{"rendered":"\n<figure class=\"wp-block-image size-full is-resized\"><img decoding=\"async\" src=\"https:\/\/hankkeet.karelia.fi\/kieli-opo-opintojen-etenemisen-haasteiden-taklaajana\/wp-content\/uploads\/sites\/40\/2026\/03\/karelia-otsakorpi.jpg\" alt class=\"wp-image-69644\" style=\"width:381px;height:auto\"><\/figure>\n\n\n\n<p>Ammat\u00adtiko\u00adrkeak\u00adoulu\u00adun hakeu\u00adtuu opiske\u00adli\u00adjoi\u00adta eri\u00adlaisil\u00adla kieli\u00adtaito\u00advalmiuk\u00adsil\u00adla. Nyky\u00adisin korkeak\u00adoulu\u00adopiske\u00adli\u00adjoil\u00adla on aiem\u00adpaa enem\u00adm\u00e4n tarvet\u00adta saa\u00adda lis\u00e4o\u00adh\u00adjaus\u00adta ruotsin ja englan\u00adnin kie\u00adlen opiskelu\u00adun jo heti opin\u00adto\u00adjen alku\u00advai\u00adheesta saak\u00adka. Halu\u00adamme Kare\u00adlias\u00adsa kehit\u00adt\u00e4\u00e4 kie\u00adlen ohjauk\u00adsen pros\u00ades\u00adsia, joka varmis\u00adtaa opiske\u00adli\u00adjoiden hakeu\u00adtu\u00admisen opin\u00adtoi\u00adhin, tar\u00adjo\u00adtaan eri\u00adlaisia tapo\u00adja oppia ja osoit\u00adtaa osaamista.<\/p>\n\n\n\n<h2 class=\"wp-block-heading\">Tavoitteet<\/h2>\n\n\n\n<p>Tavoit\u00adteena on pilo\u00adtoi\u00adda ja luo\u00adda Kare\u00adli\u00adaan kieli-opo \u2011toim\u00adinta\u00admalli, joka tar\u00adjoaa sys\u00adtemaat\u00adtisen ohjauk\u00adsen kieliopin\u00adtoi\u00adhin ammat\u00adtiko\u00adrkeak\u00adoulu\u00adopin\u00adto\u00adjen aikana. T\u00e4ht\u00e4\u00e4mme opiske\u00adli\u00adjan kieli\u00adtaidon tason huomioimisen vahvem\u00admin opin\u00adto\u00adjen alus\u00adta alka\u00aden ja anta\u00admaan opiske\u00adli\u00adjalle oikea-aikaista tukea ja ohjaus\u00adta. Pyrimme siihen, ett\u00e4 ohjauk\u00adsel\u00adla vahvis\u00adte\u00adtaan opin\u00adto\u00adjak\u00adso\u00adjen tavoit\u00adtei\u00adden saavut\u00adtamista sek\u00e4 vahvis\u00adte\u00adtaan opiske\u00adli\u00adjan ammatil\u00adlista vier\u00adaan kie\u00adlen osaamista. Pyrimme luo\u00admaan malle\u00adja, jot\u00adka varmis\u00adte\u00adtaan opiske\u00adli\u00adjan suo\u00adri\u00adu\u00adtu\u00admi\u00adnen kieliopin\u00adnoista. N\u00e4it\u00e4 voidaan mah\u00addol\u00adlis\u00ades\u00adti soveltaa my\u00f6s mui\u00adhin oppi\u00adaineisi\u00adin, esimerkik\u00adsi Luma-opin\u00adtoi\u00adhin.<\/p>\n\n\n\n<h2 class=\"wp-block-heading\">Projektin kesto<\/h2>\n\n\n\n<p>1.9.2023 \u2014 30.6.2025<\/p>\n\n\n\n<h2 class=\"wp-block-heading\">Projektip\u00e4\u00e4llikk\u00f6<\/h2>\n\n\n\n<p><strong>Han\u00adna Ronkainen<\/strong><\/p>\n\n\n\n<h2 class=\"wp-block-heading\">Rahoitus<\/h2>\n\n\n\n<p>William ja Ester Otsako\u00adr\u00adven s\u00e4\u00e4ti\u00f6<\/p>\n","protected":false},"excerpt":{"rendered":"<p>Ammat\u00adtiko\u00adrkeak\u00adoulu\u00adun hakeu\u00adtuu opiske\u00adli\u00adjoi\u00adta eri\u00adlaisil\u00adla kieli\u00adtaito\u00advalmiuk\u00adsil\u00adla. Nyky\u00adisin korkeak\u00adoulu\u00adopiske\u00adli\u00adjoil\u00adla on aiem\u00adpaa enem\u00adm\u00e4n tarvet\u00adta saa\u00adda lis\u00e4o\u00adh\u00adjaus\u00adta ruotsin ja englan\u00adnin kie\u00adlen opiskelu\u00adun jo heti opin\u00adto\u00adjen alku\u00advai\u00adheesta saak\u00adka. Halu\u00adamme Kare\u00adlias\u00adsa kehit\u00adt\u00e4\u00e4 kie\u00adlen ohjauk\u00adsen pros\u00ades\u00adsia, joka varmis\u00adtaa opiske\u00adli\u00adjoiden hakeu\u00adtu\u00admisen opin\u00adtoi\u00adhin, tar\u00adjo\u00adtaan eri\u00adlaisia tapo\u00adja oppia ja osoit\u00adtaa osaamista. Tavoit\u00adteet Tavoit\u00adteena on pilo\u00adtoi\u00adda ja luo\u00adda Kare\u00adli\u00adaan kieli-opo \u2011toim\u00adinta\u00admalli, joka tar\u00adjoaa sys\u00adtemaat\u00adtisen ohjauk\u00adsen kieliopin\u00adtoi\u00adhin [\u2026]<\/p>\n","protected":false},"author":0,"featured_media":17,"parent":0,"menu_order":0,"comment_status":"closed","ping_status":"closed","template":"","meta":{"inline_featured_image":false,"wp_typography_post_enhancements_disabled":false,"footnotes":""},"class_list":["post-19","page","type-page","status-publish","has-post-thumbnail","hentry"],"yoast_head":"<!-- This site is optimized with the Yoast SEO plugin v27.5 - https:\/\/yoast.com\/product\/yoast-seo-wordpress\/ -->\n<title>Kieli-opo opintojen etenemisen haasteiden taklaajana - Kieli-opo opintojen etenemisen haasteiden taklaajana<\/title>\n<meta name=\"robots\" content=\"index, follow, max-snippet:-1, max-image-preview:large, max-video-preview:-1\" \/>\n<link rel=\"canonical\" href=\"https:\/\/hankkeet.karelia.fi\/kieli-opo-opintojen-etenemisen-haasteiden-taklaajana\/\" \/>\n<meta property=\"og:locale\" content=\"fi_FI\" \/>\n<meta property=\"og:type\" content=\"article\" \/>\n<meta property=\"og:title\" content=\"Kieli-opo opintojen etenemisen haasteiden taklaajana - Kieli-opo opintojen etenemisen haasteiden taklaajana\" \/>\n<meta property=\"og:description\" content=\"Ammat\u00adtiko\u00adrkeak\u00adoulu\u00adun hakeu\u00adtuu opiske\u00adli\u00adjoi\u00adta eri\u00adlaisil\u00adla kieli\u00adtaito\u00advalmiuk\u00adsil\u00adla. Nyky\u00adisin korkeak\u00adoulu\u00adopiske\u00adli\u00adjoil\u00adla on aiem\u00adpaa enem\u00adm\u00e4n tarvet\u00adta saa\u00adda lis\u00e4o\u00adh\u00adjaus\u00adta ruotsin ja englan\u00adnin kie\u00adlen opiskelu\u00adun jo heti opin\u00adto\u00adjen alku\u00advai\u00adheesta saak\u00adka. Halu\u00adamme Kare\u00adlias\u00adsa kehit\u00adt\u00e4\u00e4 kie\u00adlen ohjauk\u00adsen pros\u00ades\u00adsia, joka varmis\u00adtaa opiske\u00adli\u00adjoiden hakeu\u00adtu\u00admisen opin\u00adtoi\u00adhin, tar\u00adjo\u00adtaan eri\u00adlaisia tapo\u00adja oppia ja osoit\u00adtaa osaamista. Tavoitteet Tavoit\u00adteena on pilo\u00adtoi\u00adda ja luo\u00adda Kare\u00adli\u00adaan kieli-opo \u2011toim\u00adinta\u00admalli, joka tar\u00adjoaa sys\u00adtemaat\u00adtisen ohjauk\u00adsen kieliopin\u00adtoi\u00adhin [&hellip;]\" \/>\n<meta property=\"og:url\" content=\"https:\/\/hankkeet.karelia.fi\/kieli-opo-opintojen-etenemisen-haasteiden-taklaajana\/\" \/>\n<meta property=\"og:site_name\" content=\"Kieli-opo opintojen etenemisen haasteiden taklaajana\" \/>\n<meta name=\"twitter:card\" content=\"summary_large_image\" \/>\n<meta name=\"twitter:label1\" content=\"Arvioitu lukuaika\" \/>\n\t<meta name=\"twitter:data1\" content=\"1 minuutti\" \/>\n<script type=\"application\/ld+json\" class=\"yoast-schema-graph\">{\"@context\":\"https:\\\/\\\/schema.org\",\"@graph\":[{\"@type\":\"WebPage\",\"@id\":\"https:\\\/\\\/hankkeet.karelia.fi\\\/kieli-opo-opintojen-etenemisen-haasteiden-taklaajana\\\/\",\"url\":\"https:\\\/\\\/hankkeet.karelia.fi\\\/kieli-opo-opintojen-etenemisen-haasteiden-taklaajana\\\/\",\"name\":\"Kieli-opo opintojen etenemisen haasteiden taklaajana - Kieli-opo opintojen etenemisen haasteiden taklaajana\",\"isPartOf\":{\"@id\":\"https:\\\/\\\/hankkeet.karelia.fi\\\/kieli-opo-opintojen-etenemisen-haasteiden-taklaajana\\\/#website\"},\"primaryImageOfPage\":{\"@id\":\"https:\\\/\\\/hankkeet.karelia.fi\\\/kieli-opo-opintojen-etenemisen-haasteiden-taklaajana\\\/#primaryimage\"},\"image\":{\"@id\":\"https:\\\/\\\/hankkeet.karelia.fi\\\/kieli-opo-opintojen-etenemisen-haasteiden-taklaajana\\\/#primaryimage\"},\"thumbnailUrl\":\"https:\\\/\\\/hankkeet.karelia.fi\\\/kieli-opo-opintojen-etenemisen-haasteiden-taklaajana\\\/wp-content\\\/uploads\\\/sites\\\/40\\\/2026\\\/03\\\/DSC07174-scaled-e1713851648518.jpg\",\"datePublished\":\"2026-03-17T09:55:35+00:00\",\"breadcrumb\":{\"@id\":\"https:\\\/\\\/hankkeet.karelia.fi\\\/kieli-opo-opintojen-etenemisen-haasteiden-taklaajana\\\/#breadcrumb\"},\"inLanguage\":\"fi\",\"potentialAction\":[{\"@type\":\"ReadAction\",\"target\":[\"https:\\\/\\\/hankkeet.karelia.fi\\\/kieli-opo-opintojen-etenemisen-haasteiden-taklaajana\\\/\"]}]},{\"@type\":\"ImageObject\",\"inLanguage\":\"fi\",\"@id\":\"https:\\\/\\\/hankkeet.karelia.fi\\\/kieli-opo-opintojen-etenemisen-haasteiden-taklaajana\\\/#primaryimage\",\"url\":\"https:\\\/\\\/hankkeet.karelia.fi\\\/kieli-opo-opintojen-etenemisen-haasteiden-taklaajana\\\/wp-content\\\/uploads\\\/sites\\\/40\\\/2026\\\/03\\\/DSC07174-scaled-e1713851648518.jpg\",\"contentUrl\":\"https:\\\/\\\/hankkeet.karelia.fi\\\/kieli-opo-opintojen-etenemisen-haasteiden-taklaajana\\\/wp-content\\\/uploads\\\/sites\\\/40\\\/2026\\\/03\\\/DSC07174-scaled-e1713851648518.jpg\",\"width\":2560,\"height\":938},{\"@type\":\"BreadcrumbList\",\"@id\":\"https:\\\/\\\/hankkeet.karelia.fi\\\/kieli-opo-opintojen-etenemisen-haasteiden-taklaajana\\\/#breadcrumb\",\"itemListElement\":[{\"@type\":\"ListItem\",\"position\":1,\"name\":\"Home\",\"item\":\"https:\\\/\\\/hankkeet.karelia.fi\\\/kieli-opo-opintojen-etenemisen-haasteiden-taklaajana\\\/kieli-opo-opintojen-etenemisen-haasteiden-taklaajana\\\/\"},{\"@type\":\"ListItem\",\"position\":2,\"name\":\"Kieli-opo opintojen etenemisen haasteiden taklaajana\"}]},{\"@type\":\"WebSite\",\"@id\":\"https:\\\/\\\/hankkeet.karelia.fi\\\/kieli-opo-opintojen-etenemisen-haasteiden-taklaajana\\\/#website\",\"url\":\"https:\\\/\\\/hankkeet.karelia.fi\\\/kieli-opo-opintojen-etenemisen-haasteiden-taklaajana\\\/\",\"name\":\"Kieli-opo opintojen etenemisen haasteiden taklaajana\",\"description\":\"\",\"publisher\":{\"@id\":\"https:\\\/\\\/hankkeet.karelia.fi\\\/kieli-opo-opintojen-etenemisen-haasteiden-taklaajana\\\/#organization\"},\"potentialAction\":[{\"@type\":\"SearchAction\",\"target\":{\"@type\":\"EntryPoint\",\"urlTemplate\":\"https:\\\/\\\/hankkeet.karelia.fi\\\/kieli-opo-opintojen-etenemisen-haasteiden-taklaajana\\\/?s={search_term_string}\"},\"query-input\":{\"@type\":\"PropertyValueSpecification\",\"valueRequired\":true,\"valueName\":\"search_term_string\"}}],\"inLanguage\":\"fi\"},{\"@type\":\"Organization\",\"@id\":\"https:\\\/\\\/hankkeet.karelia.fi\\\/kieli-opo-opintojen-etenemisen-haasteiden-taklaajana\\\/#organization\",\"name\":\"Kieli-opo opintojen etenemisen haasteiden taklaajana\",\"url\":\"https:\\\/\\\/hankkeet.karelia.fi\\\/kieli-opo-opintojen-etenemisen-haasteiden-taklaajana\\\/\",\"logo\":{\"@type\":\"ImageObject\",\"inLanguage\":\"fi\",\"@id\":\"https:\\\/\\\/hankkeet.karelia.fi\\\/kieli-opo-opintojen-etenemisen-haasteiden-taklaajana\\\/#\\\/schema\\\/logo\\\/image\\\/\",\"url\":\"https:\\\/\\\/hankkeet.karelia.fi\\\/kieli-opo-opintojen-etenemisen-haasteiden-taklaajana\\\/wp-content\\\/uploads\\\/sites\\\/40\\\/2026\\\/03\\\/cropped-cropped-Karelia_AMK_logo_RGB-1.png\",\"contentUrl\":\"https:\\\/\\\/hankkeet.karelia.fi\\\/kieli-opo-opintojen-etenemisen-haasteiden-taklaajana\\\/wp-content\\\/uploads\\\/sites\\\/40\\\/2026\\\/03\\\/cropped-cropped-Karelia_AMK_logo_RGB-1.png\",\"width\":427,\"height\":116,\"caption\":\"Kieli-opo opintojen etenemisen haasteiden taklaajana\"},\"image\":{\"@id\":\"https:\\\/\\\/hankkeet.karelia.fi\\\/kieli-opo-opintojen-etenemisen-haasteiden-taklaajana\\\/#\\\/schema\\\/logo\\\/image\\\/\"}}]}<\/script>\n<!-- \/ Yoast SEO plugin. -->","yoast_head_json":{"title":"Kieli-opo opintojen etenemisen haasteiden taklaajana - Kieli-opo opintojen etenemisen haasteiden taklaajana","robots":{"index":"index","follow":"follow","max-snippet":"max-snippet:-1","max-image-preview":"max-image-preview:large","max-video-preview":"max-video-preview:-1"},"canonical":"https:\/\/hankkeet.karelia.fi\/kieli-opo-opintojen-etenemisen-haasteiden-taklaajana\/","og_locale":"fi_FI","og_type":"article","og_title":"Kieli-opo opintojen etenemisen haasteiden taklaajana - Kieli-opo opintojen etenemisen haasteiden taklaajana","og_description":"Ammat\u00adtiko\u00adrkeak\u00adoulu\u00adun hakeu\u00adtuu opiske\u00adli\u00adjoi\u00adta eri\u00adlaisil\u00adla kieli\u00adtaito\u00advalmiuk\u00adsil\u00adla. Nyky\u00adisin korkeak\u00adoulu\u00adopiske\u00adli\u00adjoil\u00adla on aiem\u00adpaa enem\u00adm\u00e4n tarvet\u00adta saa\u00adda lis\u00e4o\u00adh\u00adjaus\u00adta ruotsin ja englan\u00adnin kie\u00adlen opiskelu\u00adun jo heti opin\u00adto\u00adjen alku\u00advai\u00adheesta saak\u00adka. Halu\u00adamme Kare\u00adlias\u00adsa kehit\u00adt\u00e4\u00e4 kie\u00adlen ohjauk\u00adsen pros\u00ades\u00adsia, joka varmis\u00adtaa opiske\u00adli\u00adjoiden hakeu\u00adtu\u00admisen opin\u00adtoi\u00adhin, tar\u00adjo\u00adtaan eri\u00adlaisia tapo\u00adja oppia ja osoit\u00adtaa osaamista. Tavoitteet Tavoit\u00adteena on pilo\u00adtoi\u00adda ja luo\u00adda Kare\u00adli\u00adaan kieli-opo \u2011toim\u00adinta\u00admalli, joka tar\u00adjoaa sys\u00adtemaat\u00adtisen ohjauk\u00adsen kieliopin\u00adtoi\u00adhin [&hellip;]","og_url":"https:\/\/hankkeet.karelia.fi\/kieli-opo-opintojen-etenemisen-haasteiden-taklaajana\/","og_site_name":"Kieli-opo opintojen etenemisen haasteiden taklaajana","twitter_card":"summary_large_image","twitter_misc":{"Arvioitu lukuaika":"1 minuutti"},"schema":{"@context":"https:\/\/schema.org","@graph":[{"@type":"WebPage","@id":"https:\/\/hankkeet.karelia.fi\/kieli-opo-opintojen-etenemisen-haasteiden-taklaajana\/","url":"https:\/\/hankkeet.karelia.fi\/kieli-opo-opintojen-etenemisen-haasteiden-taklaajana\/","name":"Kieli-opo opintojen etenemisen haasteiden taklaajana - Kieli-opo opintojen etenemisen haasteiden taklaajana","isPartOf":{"@id":"https:\/\/hankkeet.karelia.fi\/kieli-opo-opintojen-etenemisen-haasteiden-taklaajana\/#website"},"primaryImageOfPage":{"@id":"https:\/\/hankkeet.karelia.fi\/kieli-opo-opintojen-etenemisen-haasteiden-taklaajana\/#primaryimage"},"image":{"@id":"https:\/\/hankkeet.karelia.fi\/kieli-opo-opintojen-etenemisen-haasteiden-taklaajana\/#primaryimage"},"thumbnailUrl":"https:\/\/hankkeet.karelia.fi\/kieli-opo-opintojen-etenemisen-haasteiden-taklaajana\/wp-content\/uploads\/sites\/40\/2026\/03\/DSC07174-scaled-e1713851648518.jpg","datePublished":"2026-03-17T09:55:35+00:00","breadcrumb":{"@id":"https:\/\/hankkeet.karelia.fi\/kieli-opo-opintojen-etenemisen-haasteiden-taklaajana\/#breadcrumb"},"inLanguage":"fi","potentialAction":[{"@type":"ReadAction","target":["https:\/\/hankkeet.karelia.fi\/kieli-opo-opintojen-etenemisen-haasteiden-taklaajana\/"]}]},{"@type":"ImageObject","inLanguage":"fi","@id":"https:\/\/hankkeet.karelia.fi\/kieli-opo-opintojen-etenemisen-haasteiden-taklaajana\/#primaryimage","url":"https:\/\/hankkeet.karelia.fi\/kieli-opo-opintojen-etenemisen-haasteiden-taklaajana\/wp-content\/uploads\/sites\/40\/2026\/03\/DSC07174-scaled-e1713851648518.jpg","contentUrl":"https:\/\/hankkeet.karelia.fi\/kieli-opo-opintojen-etenemisen-haasteiden-taklaajana\/wp-content\/uploads\/sites\/40\/2026\/03\/DSC07174-scaled-e1713851648518.jpg","width":2560,"height":938},{"@type":"BreadcrumbList","@id":"https:\/\/hankkeet.karelia.fi\/kieli-opo-opintojen-etenemisen-haasteiden-taklaajana\/#breadcrumb","itemListElement":[{"@type":"ListItem","position":1,"name":"Home","item":"https:\/\/hankkeet.karelia.fi\/kieli-opo-opintojen-etenemisen-haasteiden-taklaajana\/kieli-opo-opintojen-etenemisen-haasteiden-taklaajana\/"},{"@type":"ListItem","position":2,"name":"Kieli-opo opintojen etenemisen haasteiden taklaajana"}]},{"@type":"WebSite","@id":"https:\/\/hankkeet.karelia.fi\/kieli-opo-opintojen-etenemisen-haasteiden-taklaajana\/#website","url":"https:\/\/hankkeet.karelia.fi\/kieli-opo-opintojen-etenemisen-haasteiden-taklaajana\/","name":"Kieli-opo opintojen etenemisen haasteiden taklaajana","description":"","publisher":{"@id":"https:\/\/hankkeet.karelia.fi\/kieli-opo-opintojen-etenemisen-haasteiden-taklaajana\/#organization"},"potentialAction":[{"@type":"SearchAction","target":{"@type":"EntryPoint","urlTemplate":"https:\/\/hankkeet.karelia.fi\/kieli-opo-opintojen-etenemisen-haasteiden-taklaajana\/?s={search_term_string}"},"query-input":{"@type":"PropertyValueSpecification","valueRequired":true,"valueName":"search_term_string"}}],"inLanguage":"fi"},{"@type":"Organization","@id":"https:\/\/hankkeet.karelia.fi\/kieli-opo-opintojen-etenemisen-haasteiden-taklaajana\/#organization","name":"Kieli-opo opintojen etenemisen haasteiden taklaajana","url":"https:\/\/hankkeet.karelia.fi\/kieli-opo-opintojen-etenemisen-haasteiden-taklaajana\/","logo":{"@type":"ImageObject","inLanguage":"fi","@id":"https:\/\/hankkeet.karelia.fi\/kieli-opo-opintojen-etenemisen-haasteiden-taklaajana\/#\/schema\/logo\/image\/","url":"https:\/\/hankkeet.karelia.fi\/kieli-opo-opintojen-etenemisen-haasteiden-taklaajana\/wp-content\/uploads\/sites\/40\/2026\/03\/cropped-cropped-Karelia_AMK_logo_RGB-1.png","contentUrl":"https:\/\/hankkeet.karelia.fi\/kieli-opo-opintojen-etenemisen-haasteiden-taklaajana\/wp-content\/uploads\/sites\/40\/2026\/03\/cropped-cropped-Karelia_AMK_logo_RGB-1.png","width":427,"height":116,"caption":"Kieli-opo opintojen etenemisen haasteiden taklaajana"},"image":{"@id":"https:\/\/hankkeet.karelia.fi\/kieli-opo-opintojen-etenemisen-haasteiden-taklaajana\/#\/schema\/logo\/image\/"}}]}},"_links":{"self":[{"href":"https:\/\/hankkeet.karelia.fi\/kieli-opo-opintojen-etenemisen-haasteiden-taklaajana\/wp-json\/wp\/v2\/pages\/19","targetHints":{"allow":["GET"]}}],"collection":[{"href":"https:\/\/hankkeet.karelia.fi\/kieli-opo-opintojen-etenemisen-haasteiden-taklaajana\/wp-json\/wp\/v2\/pages"}],"about":[{"href":"https:\/\/hankkeet.karelia.fi\/kieli-opo-opintojen-etenemisen-haasteiden-taklaajana\/wp-json\/wp\/v2\/types\/page"}],"replies":[{"embeddable":true,"href":"https:\/\/hankkeet.karelia.fi\/kieli-opo-opintojen-etenemisen-haasteiden-taklaajana\/wp-json\/wp\/v2\/comments?post=19"}],"version-history":[{"count":0,"href":"https:\/\/hankkeet.karelia.fi\/kieli-opo-opintojen-etenemisen-haasteiden-taklaajana\/wp-json\/wp\/v2\/pages\/19\/revisions"}],"wp:featuredmedia":[{"embeddable":true,"href":"https:\/\/hankkeet.karelia.fi\/kieli-opo-opintojen-etenemisen-haasteiden-taklaajana\/wp-json\/wp\/v2\/media\/17"}],"wp:attachment":[{"href":"https:\/\/hankkeet.karelia.fi\/kieli-opo-opintojen-etenemisen-haasteiden-taklaajana\/wp-json\/wp\/v2\/media?parent=19"}],"curies":[{"name":"wp","href":"https:\/\/api.w.org\/{rel}","templated":true}]}}