{"id":20,"date":"2026-03-17T11:40:54","date_gmt":"2026-03-17T09:40:54","guid":{"rendered":"https:\/\/hankkeet.karelia.fi\/mehtimaki-hyvinvoinnin-ja-liikunnan-testausasema-investointi\/mehtimaki-hyvinvoinnin-ja-liikunnan-testausasema-investointi\/"},"modified":"2026-03-17T11:40:54","modified_gmt":"2026-03-17T09:40:54","slug":"mehtimaki-hyvinvoinnin-ja-liikunnan-testausasema-investointi","status":"publish","type":"page","link":"https:\/\/hankkeet.karelia.fi\/mehtimaki-hyvinvoinnin-ja-liikunnan-testausasema-investointi\/","title":{"rendered":"Mehtim\u00e4ki hyvinvoinnin ja liikunnan testausasema \u2013 investointi"},"content":{"rendered":"\n<figure class=\"wp-block-image size-full is-resized\"><img decoding=\"async\" src=\"https:\/\/hankkeet.karelia.fi\/mehtimaki-hyvinvoinnin-ja-liikunnan-testausasema-investointi\/wp-content\/uploads\/sites\/38\/2026\/03\/logopalkki_mehtimaki.png\" alt class=\"wp-image-76996\" style=\"width:746px;height:auto\"><\/figure>\n\n\n\n<p>Mehtim\u00e4en hyv\u00adin\u00advoin\u00adnin ja liikun\u00adnan tes\u00adtausase\u00adma \u2013 investoin\u00adti\u00adhanke toteutetaan rin\u00adnakkain kehit\u00adt\u00e4mis\u00adhankkeen (Mehtim\u00e4en hyv\u00adin\u00advoin\u00adnin ja liikun\u00adnan tes\u00adtausase\u00adma \u2013 uut\u00adta liike\u00adtoim\u00adintaa, palvelui\u00adta ja yrit\u00adt\u00e4jyyt\u00adt\u00e4) kanssa.<\/p>\n\n\n\n<p>Han\u00adkekokon\u00adaisu\u00adudel\u00adla haetaan rohkeasti kasvua luo\u00adma\u00adl\u00adla uuden\u00adlainen alus\u00adta liikun\u00adtali\u00adike\u00adtoimin\u00adnalle, oppimiselle ja tutkimuk\u00adselle. Se vas\u00adtaa yri\u00adtys\u00adten kasvun edis\u00adt\u00e4miseen ja uusien ty\u00f6\u00adpaikko\u00adjen luomiseen kehit\u00adt\u00e4en yhdess\u00e4 alueen liikun\u00adta- ja hyv\u00adin\u00advoin\u00adtialan yrit\u00adt\u00e4jien sek\u00e4 urheiluseu\u00adro\u00adjen kanssa suun\u00adnitel\u00adman Mehtim\u00e4en alueen liikun\u00adtali\u00adike\u00adtoimin\u00adnan kehit\u00adt\u00e4misek\u00adsi sek\u00e4 hyv\u00adin\u00advoin\u00adtipalvelu\u00adjen tar\u00adjoamisek\u00adsi. Alus\u00adta mah\u00addol\u00adlis\u00adtaa my\u00f6s tutkimus\u00adl\u00e4ht\u00f6isen liike\u00adtoimin\u00adnan syn\u00adtymisen ja opiske\u00adli\u00adjal\u00e4ht\u00f6isen inno\u00advaa\u00adtiotoimin\u00adnan. Alus\u00adta luo moni\u00adalaisen tutkimus- ja oppimisym\u00adp\u00e4rist\u00f6n liikun\u00adnan ja hyv\u00adin\u00advoin\u00adnin aloille tiivist\u00e4en koulu\u00adtu\u00adsor\u00adgan\u00adisaa\u00adtioiden yhteisty\u00f6t\u00e4 ja lis\u00e4ten koulu\u00adtusten vetovoimaisu\u00adut\u00adta.<\/p>\n\n\n\n<p>Toim\u00adinta sijoite\u00adtaan fyy\u00adsis\u00ades\u00adti Joen\u00adsuu Areenalle, mut\u00adta eri\u00adlaiset liikku\u00advat palve\u00adlut sek\u00e4 et\u00e4- ja hybridi\u00adratkaisut mah\u00addol\u00adlis\u00adta\u00advat tes\u00adtaus- ja mit\u00adtaus\u00adpalvelu\u00adjen saavutet\u00adtavu\u00adu\u00adden maakun\u00adnal\u00adlis\u00ades\u00adti. Investoin\u00adti\u00adhankkeen avul\u00adla teht\u00e4v\u00e4t investoin\u00adnit mah\u00addol\u00adlis\u00adta\u00advat laa\u00adjan kohderyh\u00adm\u00e4n tarpei\u00adta palvel\u00ade\u00advan tes\u00adtaus- ja mit\u00adtausym\u00adp\u00e4rist\u00f6n rak\u00aden\u00adtu\u00admisen.<\/p>\n\n\n\n<p>Investoin\u00adti\u00adhankkeen toteut\u00adta\u00advat ryh\u00adm\u00e4hankkeena Kare\u00adlia-ammat\u00adtiko\u00adrkeak\u00adoulu ja It\u00e4-Suomen yliopis\u00adto. Rin\u00adnakkainen kehit\u00adt\u00e4mis\u00adhanke toteutetaan yhteisty\u00f6ss\u00e4 Joen\u00adsu\u00adun kaupun\u00adgin, It\u00e4-Suomen liikun\u00adtaopis\u00adton, Kare\u00adlia-ammat\u00adtiko\u00adrkeak\u00adoulun ja It\u00e4-Suomen yliopis\u00adton kanssa. Han\u00adkekokon\u00adaisu\u00adu\u00adden yhteiset net\u00adti\u00adsivut: https:\/\/www.testlabmehtimaki.com\/.<\/p>\n\n\n\n<p>Investoin\u00adti\u00adhankkeen tavoit\u00adteena on:<\/p>\n\n\n\n<p>1. Luo\u00adda moni\u00adalainen liikun\u00adnan ja hyv\u00adin\u00advoin\u00adnin tutkimus- ja oppimisym\u00adp\u00e4rist\u00f6, joka mah\u00addol\u00adlis\u00adtaa sovelta\u00advan tutkimuk\u00adsen ja moni\u00adalaisen \u2014 ja moni\u00adammatil\u00adlisen yhteisty\u00f6n maakun\u00adnas\u00adsa<br>2. Tukea uusien palvelu\u00adiden syn\u00adtymist\u00e4 ja uusien ty\u00f6\u00adpaikko\u00adjen luomista hyv\u00adin\u00advoin\u00adnin ja liikun\u00adnan ymp\u00e4rille koko maakun\u00adtaan<br>3. Lis\u00e4t\u00e4 liikku\u00advien palvelu\u00adiden osaamista, kokeilu\u00adja ja oppi\u00adlaitosten l\u00e4s\u00adn\u00e4oloa maakun\u00adnan eri kun\u00adnis\u00adsa (fyysi\u00adnen, vir\u00adtu\u00adaa\u00adli\u00adnen l\u00e4s\u00adn\u00e4o\u00adlo) eri\u00adtyis\u00ades\u00adti liikun\u00adnan, hyv\u00adin\u00advoin\u00adnin, fysio-ja toim\u00adintat\u00ader\u00adapi\u00adan osalta<br>4. Luo\u00adda tutkimus\u00adl\u00e4ht\u00f6i\u00adnen ymp\u00e4rist\u00f6, jos\u00adsa mah\u00addol\u00adlis\u00adte\u00adtaan urheilu\u00adval\u00admen\u00adnuk\u00adsen ja tutk\u00adi\u00adjoiden yhteisty\u00f6 ja uudet inno\u00advati\u00adiviset kokeilut<\/p>\n\n\n\n<p>Toimen\u00adpiteet:<\/p>\n\n\n\n<p>1. Investoin\u00adtien ja til\u00ada\u00admuu\u00adtosten suun\u00adnit\u00adtelu ja aikataulu\u00adtus<br>2. Kil\u00adpailu\u00adtusten suun\u00adnit\u00adtelu ja toteut\u00adta\u00admi\u00adnen<br>3. Lait\u00adtei\u00adden ja ymp\u00e4rist\u00f6n k\u00e4yt\u00adt\u00f6\u00f6not\u00adto ja tes\u00adtaus<br>4. Lait\u00adtei\u00adden k\u00e4yt\u00adt\u00f6k\u00adoulu\u00adtuk\u00adset ja \u2011ohjeet<br>5. Yll\u00e4pi\u00adto\u00adsu\u00adun\u00adnitelmien laad\u00adin\u00adta<br>6. Ymp\u00e4rist\u00f6n k\u00e4yt\u00adt\u00f6\u00f6not\u00adto<\/p>\n\n\n\n<h2 class=\"wp-block-heading\">Hankeaika<\/h2>\n\n\n\n<p>1.10.2023\u201331.12.2025<\/p>\n\n\n\n<h2 class=\"wp-block-heading\">Rahoitus<\/h2>\n\n\n\n<p>Investoin\u00adti\u00adhanke (Kare\u00adlia Ammat\u00adtiko\u00adrkeak\u00adoulu ja It\u00e4-Suomen yliopis\u00adto) yhteen\u00ads\u00e4 964 758 \u20ac, jos\u00adta Euroopan oikeu\u00adden\u00admukaisen siir\u00adtym\u00e4n rahas\u00adton rahoi\u00adtus\u00adta (JTF) 675 331 \u20ac<\/p>\n\n\n\n<p>Rin\u00adnakkainen kehit\u00adt\u00e4mis\u00adhanke (Joen\u00adsu\u00adun kaupun\u00adki, It\u00e4-Suomen liikun\u00adtaopis\u00adto Oy, Kare\u00adlia Ammat\u00adtiko\u00adrkeak\u00adoulu Oy ja It\u00e4-Suomen yliopis\u00adto) yhteen\u00ads\u00e4 1 208 583 \u20ac, jos\u00adta Euroopan oikeu\u00adden\u00admukaisen siir\u00adtym\u00e4n rahas\u00adton rahoi\u00adtus\u00adta (JTF) 966 868 \u20ac<\/p>\n\n\n\n<h2 class=\"wp-block-heading\">Projektin kesto<\/h2>\n\n\n\n<p>1.10.2023 \u2014 31.12.2025<\/p>\n\n\n\n<h2 class=\"wp-block-heading\">Projektip\u00e4\u00e4llikk\u00f6<\/h2>\n\n\n\n<p><strong>Tan\u00adja Rimpil\u00e4<\/strong><br>tanja.rimpil\u00e4(a)karelia.fi<\/p>\n\n\n\n<h2 class=\"wp-block-heading\">Rahoitus<\/h2>\n\n\n\n<p>JTF Oikeu\u00adden\u00admukaisen siir\u00adtym\u00e4n rahas\u00adto<\/p>\n\n\n\n<figure class=\"wp-block-image size-full\"><img decoding=\"async\" src=\"https:\/\/hankkeet.karelia.fi\/mehtimaki-hyvinvoinnin-ja-liikunnan-testausasema-investointi\/wp-content\/uploads\/sites\/38\/2026\/03\/kk3_palkki.png\" alt class=\"wp-image-76998\"><\/figure>\n","protected":false},"excerpt":{"rendered":"<p>Mehtim\u00e4en hyv\u00adin\u00advoin\u00adnin ja liikun\u00adnan tes\u00adtausase\u00adma \u2013 investoin\u00adti\u00adhanke toteutetaan rin\u00adnakkain kehit\u00adt\u00e4mis\u00adhankkeen (Mehtim\u00e4en hyv\u00adin\u00advoin\u00adnin ja liikun\u00adnan tes\u00adtausase\u00adma \u2013 uut\u00adta liike\u00adtoim\u00adintaa, palvelui\u00adta ja yrit\u00adt\u00e4jyyt\u00adt\u00e4) kanssa. Han\u00adkekokon\u00adaisu\u00adudel\u00adla haetaan rohkeasti kasvua luo\u00adma\u00adl\u00adla uuden\u00adlainen alus\u00adta liikun\u00adtali\u00adike\u00adtoimin\u00adnalle, oppimiselle ja tutkimuk\u00adselle. Se vas\u00adtaa yri\u00adtys\u00adten kasvun edis\u00adt\u00e4miseen ja uusien ty\u00f6\u00adpaikko\u00adjen luomiseen kehit\u00adt\u00e4en yhdess\u00e4 alueen liikun\u00ad\u00adta- ja hyv\u00adin\u00advoin\u00adtialan yrit\u00adt\u00e4jien sek\u00e4 urheiluseu\u00adro\u00adjen kanssa suun\u00adnitel\u00adman Mehtim\u00e4en alueen [\u2026]<\/p>\n","protected":false},"author":0,"featured_media":17,"parent":0,"menu_order":0,"comment_status":"closed","ping_status":"closed","template":"","meta":{"inline_featured_image":false,"wp_typography_post_enhancements_disabled":false,"footnotes":""},"class_list":["post-20","page","type-page","status-publish","has-post-thumbnail","hentry"],"yoast_head":"<!-- This site is optimized with the Yoast SEO plugin v27.5 - https:\/\/yoast.com\/product\/yoast-seo-wordpress\/ -->\n<title>Mehtim\u00e4ki hyvinvoinnin ja liikunnan testausasema &#8211; investointi - Mehtim\u00e4ki hyvinvoinnin ja liikunnan testausasema &#8211; investointi<\/title>\n<meta name=\"robots\" content=\"index, follow, max-snippet:-1, max-image-preview:large, max-video-preview:-1\" \/>\n<link rel=\"canonical\" href=\"https:\/\/hankkeet.karelia.fi\/mehtimaki-hyvinvoinnin-ja-liikunnan-testausasema-investointi\/\" \/>\n<meta property=\"og:locale\" content=\"fi_FI\" \/>\n<meta property=\"og:type\" content=\"article\" \/>\n<meta property=\"og:title\" content=\"Mehtim\u00e4ki hyvinvoinnin ja liikunnan testausasema &#8211; investointi - Mehtim\u00e4ki hyvinvoinnin ja liikunnan testausasema &#8211; investointi\" \/>\n<meta property=\"og:description\" content=\"Mehtim\u00e4en hyv\u00adin\u00advoin\u00adnin ja liikun\u00adnan tes\u00adtausase\u00adma \u2013 investoin\u00adti\u00adhanke toteutetaan rin\u00adnakkain kehit\u00adt\u00e4mis\u00adhankkeen (Mehtim\u00e4en hyv\u00adin\u00advoin\u00adnin ja liikun\u00adnan tes\u00adtausase\u00adma \u2013 uut\u00adta liike\u00adtoim\u00adintaa, palvelui\u00adta ja yrit\u00adt\u00e4jyyt\u00adt\u00e4) kanssa. Han\u00adkekokon\u00adaisu\u00adudel\u00adla haetaan rohkeasti kasvua luo\u00adma\u00adl\u00adla uuden\u00adlainen alus\u00adta liikun\u00adtali\u00adike\u00adtoimin\u00adnalle, oppimiselle ja tutkimuk\u00adselle. Se vas\u00adtaa yri\u00adtys\u00adten kasvun edis\u00adt\u00e4miseen ja uusien ty\u00f6\u00adpaikko\u00adjen luomiseen kehit\u00adt\u00e4en yhdess\u00e4 alueen liikun\u00adta- ja hyv\u00adin\u00advoin\u00adtialan yrit\u00adt\u00e4jien sek\u00e4 urheiluseu\u00adro\u00adjen kanssa suun\u00adnitel\u00adman Mehtim\u00e4en alueen [&hellip;]\" \/>\n<meta property=\"og:url\" content=\"https:\/\/hankkeet.karelia.fi\/mehtimaki-hyvinvoinnin-ja-liikunnan-testausasema-investointi\/\" \/>\n<meta property=\"og:site_name\" content=\"Mehtim\u00e4ki hyvinvoinnin ja liikunnan testausasema &#8211; investointi\" \/>\n<meta name=\"twitter:card\" content=\"summary_large_image\" \/>\n<meta name=\"twitter:label1\" content=\"Arvioitu lukuaika\" \/>\n\t<meta name=\"twitter:data1\" content=\"2 minuuttia\" \/>\n<script type=\"application\/ld+json\" class=\"yoast-schema-graph\">{\"@context\":\"https:\\\/\\\/schema.org\",\"@graph\":[{\"@type\":\"WebPage\",\"@id\":\"https:\\\/\\\/hankkeet.karelia.fi\\\/mehtimaki-hyvinvoinnin-ja-liikunnan-testausasema-investointi\\\/\",\"url\":\"https:\\\/\\\/hankkeet.karelia.fi\\\/mehtimaki-hyvinvoinnin-ja-liikunnan-testausasema-investointi\\\/\",\"name\":\"Mehtim\u00e4ki hyvinvoinnin ja liikunnan testausasema &#8211; investointi - Mehtim\u00e4ki hyvinvoinnin ja liikunnan testausasema &#8211; investointi\",\"isPartOf\":{\"@id\":\"https:\\\/\\\/hankkeet.karelia.fi\\\/mehtimaki-hyvinvoinnin-ja-liikunnan-testausasema-investointi\\\/#website\"},\"primaryImageOfPage\":{\"@id\":\"https:\\\/\\\/hankkeet.karelia.fi\\\/mehtimaki-hyvinvoinnin-ja-liikunnan-testausasema-investointi\\\/#primaryimage\"},\"image\":{\"@id\":\"https:\\\/\\\/hankkeet.karelia.fi\\\/mehtimaki-hyvinvoinnin-ja-liikunnan-testausasema-investointi\\\/#primaryimage\"},\"thumbnailUrl\":\"https:\\\/\\\/hankkeet.karelia.fi\\\/mehtimaki-hyvinvoinnin-ja-liikunnan-testausasema-investointi\\\/wp-content\\\/uploads\\\/sites\\\/38\\\/2026\\\/03\\\/Kuva1-mehtimaki.jpg\",\"datePublished\":\"2026-03-17T09:40:54+00:00\",\"breadcrumb\":{\"@id\":\"https:\\\/\\\/hankkeet.karelia.fi\\\/mehtimaki-hyvinvoinnin-ja-liikunnan-testausasema-investointi\\\/#breadcrumb\"},\"inLanguage\":\"fi\",\"potentialAction\":[{\"@type\":\"ReadAction\",\"target\":[\"https:\\\/\\\/hankkeet.karelia.fi\\\/mehtimaki-hyvinvoinnin-ja-liikunnan-testausasema-investointi\\\/\"]}]},{\"@type\":\"ImageObject\",\"inLanguage\":\"fi\",\"@id\":\"https:\\\/\\\/hankkeet.karelia.fi\\\/mehtimaki-hyvinvoinnin-ja-liikunnan-testausasema-investointi\\\/#primaryimage\",\"url\":\"https:\\\/\\\/hankkeet.karelia.fi\\\/mehtimaki-hyvinvoinnin-ja-liikunnan-testausasema-investointi\\\/wp-content\\\/uploads\\\/sites\\\/38\\\/2026\\\/03\\\/Kuva1-mehtimaki.jpg\",\"contentUrl\":\"https:\\\/\\\/hankkeet.karelia.fi\\\/mehtimaki-hyvinvoinnin-ja-liikunnan-testausasema-investointi\\\/wp-content\\\/uploads\\\/sites\\\/38\\\/2026\\\/03\\\/Kuva1-mehtimaki.jpg\",\"width\":1100,\"height\":733},{\"@type\":\"BreadcrumbList\",\"@id\":\"https:\\\/\\\/hankkeet.karelia.fi\\\/mehtimaki-hyvinvoinnin-ja-liikunnan-testausasema-investointi\\\/#breadcrumb\",\"itemListElement\":[{\"@type\":\"ListItem\",\"position\":1,\"name\":\"Home\",\"item\":\"https:\\\/\\\/hankkeet.karelia.fi\\\/mehtimaki-hyvinvoinnin-ja-liikunnan-testausasema-investointi\\\/mehtimaki-hyvinvoinnin-ja-liikunnan-testausasema-investointi\\\/\"},{\"@type\":\"ListItem\",\"position\":2,\"name\":\"Mehtim\u00e4ki hyvinvoinnin ja liikunnan testausasema &#8211; investointi\"}]},{\"@type\":\"WebSite\",\"@id\":\"https:\\\/\\\/hankkeet.karelia.fi\\\/mehtimaki-hyvinvoinnin-ja-liikunnan-testausasema-investointi\\\/#website\",\"url\":\"https:\\\/\\\/hankkeet.karelia.fi\\\/mehtimaki-hyvinvoinnin-ja-liikunnan-testausasema-investointi\\\/\",\"name\":\"Mehtim\u00e4ki hyvinvoinnin ja liikunnan testausasema &#8211; investointi\",\"description\":\"\",\"publisher\":{\"@id\":\"https:\\\/\\\/hankkeet.karelia.fi\\\/mehtimaki-hyvinvoinnin-ja-liikunnan-testausasema-investointi\\\/#organization\"},\"potentialAction\":[{\"@type\":\"SearchAction\",\"target\":{\"@type\":\"EntryPoint\",\"urlTemplate\":\"https:\\\/\\\/hankkeet.karelia.fi\\\/mehtimaki-hyvinvoinnin-ja-liikunnan-testausasema-investointi\\\/?s={search_term_string}\"},\"query-input\":{\"@type\":\"PropertyValueSpecification\",\"valueRequired\":true,\"valueName\":\"search_term_string\"}}],\"inLanguage\":\"fi\"},{\"@type\":\"Organization\",\"@id\":\"https:\\\/\\\/hankkeet.karelia.fi\\\/mehtimaki-hyvinvoinnin-ja-liikunnan-testausasema-investointi\\\/#organization\",\"name\":\"Mehtim\u00e4ki hyvinvoinnin ja liikunnan testausasema &#8211; investointi\",\"url\":\"https:\\\/\\\/hankkeet.karelia.fi\\\/mehtimaki-hyvinvoinnin-ja-liikunnan-testausasema-investointi\\\/\",\"logo\":{\"@type\":\"ImageObject\",\"inLanguage\":\"fi\",\"@id\":\"https:\\\/\\\/hankkeet.karelia.fi\\\/mehtimaki-hyvinvoinnin-ja-liikunnan-testausasema-investointi\\\/#\\\/schema\\\/logo\\\/image\\\/\",\"url\":\"https:\\\/\\\/hankkeet.karelia.fi\\\/mehtimaki-hyvinvoinnin-ja-liikunnan-testausasema-investointi\\\/wp-content\\\/uploads\\\/sites\\\/38\\\/2026\\\/03\\\/cropped-cropped-Karelia_AMK_logo_RGB-1.png\",\"contentUrl\":\"https:\\\/\\\/hankkeet.karelia.fi\\\/mehtimaki-hyvinvoinnin-ja-liikunnan-testausasema-investointi\\\/wp-content\\\/uploads\\\/sites\\\/38\\\/2026\\\/03\\\/cropped-cropped-Karelia_AMK_logo_RGB-1.png\",\"width\":427,\"height\":116,\"caption\":\"Mehtim\u00e4ki hyvinvoinnin ja liikunnan testausasema &#8211; investointi\"},\"image\":{\"@id\":\"https:\\\/\\\/hankkeet.karelia.fi\\\/mehtimaki-hyvinvoinnin-ja-liikunnan-testausasema-investointi\\\/#\\\/schema\\\/logo\\\/image\\\/\"}}]}<\/script>\n<!-- \/ Yoast SEO plugin. -->","yoast_head_json":{"title":"Mehtim\u00e4ki hyvinvoinnin ja liikunnan testausasema &#8211; investointi - Mehtim\u00e4ki hyvinvoinnin ja liikunnan testausasema &#8211; investointi","robots":{"index":"index","follow":"follow","max-snippet":"max-snippet:-1","max-image-preview":"max-image-preview:large","max-video-preview":"max-video-preview:-1"},"canonical":"https:\/\/hankkeet.karelia.fi\/mehtimaki-hyvinvoinnin-ja-liikunnan-testausasema-investointi\/","og_locale":"fi_FI","og_type":"article","og_title":"Mehtim\u00e4ki hyvinvoinnin ja liikunnan testausasema &#8211; investointi - Mehtim\u00e4ki hyvinvoinnin ja liikunnan testausasema &#8211; investointi","og_description":"Mehtim\u00e4en hyv\u00adin\u00advoin\u00adnin ja liikun\u00adnan tes\u00adtausase\u00adma \u2013 investoin\u00adti\u00adhanke toteutetaan rin\u00adnakkain kehit\u00adt\u00e4mis\u00adhankkeen (Mehtim\u00e4en hyv\u00adin\u00advoin\u00adnin ja liikun\u00adnan tes\u00adtausase\u00adma \u2013 uut\u00adta liike\u00adtoim\u00adintaa, palvelui\u00adta ja yrit\u00adt\u00e4jyyt\u00adt\u00e4) kanssa. Han\u00adkekokon\u00adaisu\u00adudel\u00adla haetaan rohkeasti kasvua luo\u00adma\u00adl\u00adla uuden\u00adlainen alus\u00adta liikun\u00adtali\u00adike\u00adtoimin\u00adnalle, oppimiselle ja tutkimuk\u00adselle. Se vas\u00adtaa yri\u00adtys\u00adten kasvun edis\u00adt\u00e4miseen ja uusien ty\u00f6\u00adpaikko\u00adjen luomiseen kehit\u00adt\u00e4en yhdess\u00e4 alueen liikun\u00adta- ja hyv\u00adin\u00advoin\u00adtialan yrit\u00adt\u00e4jien sek\u00e4 urheiluseu\u00adro\u00adjen kanssa suun\u00adnitel\u00adman Mehtim\u00e4en alueen [&hellip;]","og_url":"https:\/\/hankkeet.karelia.fi\/mehtimaki-hyvinvoinnin-ja-liikunnan-testausasema-investointi\/","og_site_name":"Mehtim\u00e4ki hyvinvoinnin ja liikunnan testausasema &#8211; investointi","twitter_card":"summary_large_image","twitter_misc":{"Arvioitu lukuaika":"2 minuuttia"},"schema":{"@context":"https:\/\/schema.org","@graph":[{"@type":"WebPage","@id":"https:\/\/hankkeet.karelia.fi\/mehtimaki-hyvinvoinnin-ja-liikunnan-testausasema-investointi\/","url":"https:\/\/hankkeet.karelia.fi\/mehtimaki-hyvinvoinnin-ja-liikunnan-testausasema-investointi\/","name":"Mehtim\u00e4ki hyvinvoinnin ja liikunnan testausasema &#8211; investointi - Mehtim\u00e4ki hyvinvoinnin ja liikunnan testausasema &#8211; investointi","isPartOf":{"@id":"https:\/\/hankkeet.karelia.fi\/mehtimaki-hyvinvoinnin-ja-liikunnan-testausasema-investointi\/#website"},"primaryImageOfPage":{"@id":"https:\/\/hankkeet.karelia.fi\/mehtimaki-hyvinvoinnin-ja-liikunnan-testausasema-investointi\/#primaryimage"},"image":{"@id":"https:\/\/hankkeet.karelia.fi\/mehtimaki-hyvinvoinnin-ja-liikunnan-testausasema-investointi\/#primaryimage"},"thumbnailUrl":"https:\/\/hankkeet.karelia.fi\/mehtimaki-hyvinvoinnin-ja-liikunnan-testausasema-investointi\/wp-content\/uploads\/sites\/38\/2026\/03\/Kuva1-mehtimaki.jpg","datePublished":"2026-03-17T09:40:54+00:00","breadcrumb":{"@id":"https:\/\/hankkeet.karelia.fi\/mehtimaki-hyvinvoinnin-ja-liikunnan-testausasema-investointi\/#breadcrumb"},"inLanguage":"fi","potentialAction":[{"@type":"ReadAction","target":["https:\/\/hankkeet.karelia.fi\/mehtimaki-hyvinvoinnin-ja-liikunnan-testausasema-investointi\/"]}]},{"@type":"ImageObject","inLanguage":"fi","@id":"https:\/\/hankkeet.karelia.fi\/mehtimaki-hyvinvoinnin-ja-liikunnan-testausasema-investointi\/#primaryimage","url":"https:\/\/hankkeet.karelia.fi\/mehtimaki-hyvinvoinnin-ja-liikunnan-testausasema-investointi\/wp-content\/uploads\/sites\/38\/2026\/03\/Kuva1-mehtimaki.jpg","contentUrl":"https:\/\/hankkeet.karelia.fi\/mehtimaki-hyvinvoinnin-ja-liikunnan-testausasema-investointi\/wp-content\/uploads\/sites\/38\/2026\/03\/Kuva1-mehtimaki.jpg","width":1100,"height":733},{"@type":"BreadcrumbList","@id":"https:\/\/hankkeet.karelia.fi\/mehtimaki-hyvinvoinnin-ja-liikunnan-testausasema-investointi\/#breadcrumb","itemListElement":[{"@type":"ListItem","position":1,"name":"Home","item":"https:\/\/hankkeet.karelia.fi\/mehtimaki-hyvinvoinnin-ja-liikunnan-testausasema-investointi\/mehtimaki-hyvinvoinnin-ja-liikunnan-testausasema-investointi\/"},{"@type":"ListItem","position":2,"name":"Mehtim\u00e4ki hyvinvoinnin ja liikunnan testausasema &#8211; investointi"}]},{"@type":"WebSite","@id":"https:\/\/hankkeet.karelia.fi\/mehtimaki-hyvinvoinnin-ja-liikunnan-testausasema-investointi\/#website","url":"https:\/\/hankkeet.karelia.fi\/mehtimaki-hyvinvoinnin-ja-liikunnan-testausasema-investointi\/","name":"Mehtim\u00e4ki hyvinvoinnin ja liikunnan testausasema &#8211; investointi","description":"","publisher":{"@id":"https:\/\/hankkeet.karelia.fi\/mehtimaki-hyvinvoinnin-ja-liikunnan-testausasema-investointi\/#organization"},"potentialAction":[{"@type":"SearchAction","target":{"@type":"EntryPoint","urlTemplate":"https:\/\/hankkeet.karelia.fi\/mehtimaki-hyvinvoinnin-ja-liikunnan-testausasema-investointi\/?s={search_term_string}"},"query-input":{"@type":"PropertyValueSpecification","valueRequired":true,"valueName":"search_term_string"}}],"inLanguage":"fi"},{"@type":"Organization","@id":"https:\/\/hankkeet.karelia.fi\/mehtimaki-hyvinvoinnin-ja-liikunnan-testausasema-investointi\/#organization","name":"Mehtim\u00e4ki hyvinvoinnin ja liikunnan testausasema &#8211; investointi","url":"https:\/\/hankkeet.karelia.fi\/mehtimaki-hyvinvoinnin-ja-liikunnan-testausasema-investointi\/","logo":{"@type":"ImageObject","inLanguage":"fi","@id":"https:\/\/hankkeet.karelia.fi\/mehtimaki-hyvinvoinnin-ja-liikunnan-testausasema-investointi\/#\/schema\/logo\/image\/","url":"https:\/\/hankkeet.karelia.fi\/mehtimaki-hyvinvoinnin-ja-liikunnan-testausasema-investointi\/wp-content\/uploads\/sites\/38\/2026\/03\/cropped-cropped-Karelia_AMK_logo_RGB-1.png","contentUrl":"https:\/\/hankkeet.karelia.fi\/mehtimaki-hyvinvoinnin-ja-liikunnan-testausasema-investointi\/wp-content\/uploads\/sites\/38\/2026\/03\/cropped-cropped-Karelia_AMK_logo_RGB-1.png","width":427,"height":116,"caption":"Mehtim\u00e4ki hyvinvoinnin ja liikunnan testausasema &#8211; investointi"},"image":{"@id":"https:\/\/hankkeet.karelia.fi\/mehtimaki-hyvinvoinnin-ja-liikunnan-testausasema-investointi\/#\/schema\/logo\/image\/"}}]}},"_links":{"self":[{"href":"https:\/\/hankkeet.karelia.fi\/mehtimaki-hyvinvoinnin-ja-liikunnan-testausasema-investointi\/wp-json\/wp\/v2\/pages\/20","targetHints":{"allow":["GET"]}}],"collection":[{"href":"https:\/\/hankkeet.karelia.fi\/mehtimaki-hyvinvoinnin-ja-liikunnan-testausasema-investointi\/wp-json\/wp\/v2\/pages"}],"about":[{"href":"https:\/\/hankkeet.karelia.fi\/mehtimaki-hyvinvoinnin-ja-liikunnan-testausasema-investointi\/wp-json\/wp\/v2\/types\/page"}],"replies":[{"embeddable":true,"href":"https:\/\/hankkeet.karelia.fi\/mehtimaki-hyvinvoinnin-ja-liikunnan-testausasema-investointi\/wp-json\/wp\/v2\/comments?post=20"}],"version-history":[{"count":0,"href":"https:\/\/hankkeet.karelia.fi\/mehtimaki-hyvinvoinnin-ja-liikunnan-testausasema-investointi\/wp-json\/wp\/v2\/pages\/20\/revisions"}],"wp:featuredmedia":[{"embeddable":true,"href":"https:\/\/hankkeet.karelia.fi\/mehtimaki-hyvinvoinnin-ja-liikunnan-testausasema-investointi\/wp-json\/wp\/v2\/media\/17"}],"wp:attachment":[{"href":"https:\/\/hankkeet.karelia.fi\/mehtimaki-hyvinvoinnin-ja-liikunnan-testausasema-investointi\/wp-json\/wp\/v2\/media?parent=20"}],"curies":[{"name":"wp","href":"https:\/\/api.w.org\/{rel}","templated":true}]}}