{"id":20,"date":"2026-03-17T14:48:34","date_gmt":"2026-03-17T12:48:34","guid":{"rendered":"https:\/\/hankkeet.karelia.fi\/monikulttuuriset-opintopolut\/monikulttuuriset-opintopolut\/"},"modified":"2026-03-17T14:48:34","modified_gmt":"2026-03-17T12:48:34","slug":"monikulttuuriset-opintopolut","status":"publish","type":"page","link":"https:\/\/hankkeet.karelia.fi\/monikulttuuriset-opintopolut\/","title":{"rendered":"Monikulttuuriset opintopolut"},"content":{"rendered":"\n<figure class=\"wp-block-image size-full\"><img decoding=\"async\" src=\"https:\/\/hankkeet.karelia.fi\/monikulttuuriset-opintopolut\/wp-content\/uploads\/sites\/63\/2026\/03\/MoniPolut_logorimpsu.png\" alt class=\"wp-image-68778\"><\/figure>\n\n\n\n<p>It\u00e4i\u00adnen Suo\u00admi tarvit\u00adsee lis\u00e4\u00e4 ty\u00f6voimaa ja sen vuok\u00adsi kaik\u00adki alieduste\u00adtut ryh\u00adm\u00e4t tulisi saa\u00adda opin\u00adto\u00adjen pari\u00adin ja sit\u00e4 kaut\u00adta ty\u00f6el\u00e4m\u00e4\u00e4n. Tavoit\u00adteen saavut\u00adtamisek\u00adsi niin aliedustet\u00adtu\u00adjen ryh\u00admien edus\u00adta\u00adjille kuin oppi\u00adlaitosten henkil\u00f6kun\u00adnalle tulisi saa\u00adda lis\u00e4\u00e4 osaamista. Han\u00adkkeessa viisi korkeak\u00adoulua yhdis\u00adt\u00e4v\u00e4t voimansa aliedustet\u00adtu\u00adjen ryh\u00admien opin\u00adtopolku\u00adjen kehit\u00adt\u00e4misek\u00adsi ja opin\u00adto\u00adjen edess\u00e4 ole\u00advien mah\u00addol\u00adlis\u00adten kyn\u00adnys\u00adten madal\u00adtamisek\u00adsi.<\/p>\n\n\n\n<p>Kare\u00adlia-ammat\u00adtiko\u00adrkeak\u00adoulus\u00adsa keski\u00adtyt\u00e4\u00e4n eri\u00adtyis\u00ades\u00adti kan\u00adsain\u00adv\u00e4lis\u00adten opiske\u00adli\u00adjoiden inte\u00adgroi\u00adtu\u00admisen paran\u00adtamiseen, kotou\u00adtu\u00admiseen ja hei\u00add\u00e4n opiskelu\u00advalmiuk\u00adsien\u00adsa kehit\u00adt\u00e4miseen.<\/p>\n\n\n\n<p>Henkil\u00f6kun\u00adnalle han\u00adkkeessa toteutetaan koulu\u00adtuk\u00adsia, joiden tavoit\u00adteena on lis\u00e4t\u00e4 valmiuk\u00adsia ja antaa ty\u00f6kalu\u00adja kan\u00adsain\u00adv\u00e4listyv\u00e4ss\u00e4 ja monikult\u00adtuurises\u00adsa oppi\u00adlaitok\u00adses\u00adsa toim\u00adimiseen. Opet\u00adta\u00adjille j\u00e4r\u00adjestet\u00e4\u00e4n ty\u00f6\u00adpa\u00adjo\u00adja, jois\u00adsa yhdess\u00e4 etsit\u00e4\u00e4n ratkaisu\u00adja arjen helpot\u00adtamisek\u00adsi kan\u00adsain\u00adv\u00e4lis\u00adten opiske\u00adli\u00adjaryh\u00admien kanssa toimit\u00adtaes\u00adsa. Mikro-opin\u00adto\u00adjen kaut\u00adta jae\u00adtaan asiantun\u00adti\u00adja tietoa, niiden my\u00f6t\u00e4 han\u00adkkeessa pilo\u00adtoidaan kv-asiantun\u00adti\u00adjan osaamis\u00admerk\u00adki.<\/p>\n\n\n\n<p>Han\u00adkkeessa kehitet\u00e4\u00e4n my\u00f6s opiske\u00adli\u00adjakun\u00adta POKAn palvelui\u00adta ja edun\u00advalvon\u00adtaa niin, ett\u00e4 ne otta\u00advat entist\u00e4 parem\u00admin huomioon kan\u00adsain\u00adv\u00e4liset opiske\u00adli\u00adjat. Opiske\u00adli\u00adjakun\u00adta j\u00e4r\u00adjest\u00e4\u00e4 tilaisuuk\u00adsia ja toim\u00adintaa, jot\u00adta kaik\u00adki opiske\u00adli\u00adjat kiin\u00adnit\u00adty\u00adi\u00adsiv\u00e4t osak\u00adsi Kare\u00adli\u00adaa, Joen\u00adsu\u00adu\u00adta ja Pohjois-Kar\u00adjalaa.<\/p>\n\n\n\n<p>Han\u00adkkeen p\u00e4\u00e4\u00adto\u00adteut\u00adta\u00adja on Diako\u00adnia-ammat\u00adtiko\u00adrkeak\u00adoulu ja osato\u00adteut\u00adta\u00adjia ovat It\u00e4-Suomen yliopis\u00adto, Kaakkois-Suomen ammat\u00adtiko\u00adrkeak\u00adoulu, Kare\u00adlia-ammat\u00adtiko\u00adrkeak\u00adoulu ja Savo\u00adnia-ammat\u00adtiko\u00adrkeak\u00adoulu. Han\u00adket\u00adta rahoit\u00adtaa Euroopan sosi\u00adaali\u00adra\u00adhas\u00adto plus Etel\u00e4-Savon ELY-keskuk\u00adsen kaut\u00adta.<\/p>\n\n\n\n<div class=\"wp-block-buttons is-layout-flex wp-block-buttons-is-layout-flex\">\n<div class=\"wp-block-button is-style-outline is-style-outline--1\"><a class=\"wp-block-button__link wp-element-button\" href=\"https:\/\/monikulttuurisetopintopolut.fi\/\">Siir\u00adry Monikult\u00adtuuriset opin\u00adtopo\u00adlut \u2011pro\u00adjek\u00adtin verkko\u00adsivuille<\/a><\/div>\n<\/div>\n\n\n\n<h2 class=\"wp-block-heading\">Projektin kesto<\/h2>\n\n\n\n<p>1.1.2024 \u2014 30.9.2026<\/p>\n\n\n\n<h2 class=\"wp-block-heading\">Yhteystiedot<\/h2>\n\n\n\n<p>pro\u00adjek\u00adtip\u00e4\u00e4l\u00adlikk\u00f6 Maria Ilto\u00adla<br>maria.iltola@karelia.fi<\/p>\n\n\n\n<figure class=\"wp-block-image size-full\"><img decoding=\"async\" src=\"https:\/\/hankkeet.karelia.fi\/monikulttuuriset-opintopolut\/wp-content\/uploads\/sites\/63\/2026\/03\/kk-palkki-4.png\" alt class=\"wp-image-81552\"><\/figure>\n","protected":false},"excerpt":{"rendered":"<p>It\u00e4i\u00adnen Suo\u00admi tarvit\u00adsee lis\u00e4\u00e4 ty\u00f6voimaa ja sen vuok\u00adsi kaik\u00adki alieduste\u00adtut ryh\u00adm\u00e4t tulisi saa\u00adda opin\u00adto\u00adjen pari\u00adin ja sit\u00e4 kaut\u00adta ty\u00f6el\u00e4m\u00e4\u00e4n. Tavoit\u00adteen saavut\u00adtamisek\u00adsi niin aliedustet\u00adtu\u00adjen ryh\u00admien edus\u00adta\u00adjille kuin oppi\u00adlaitosten henkil\u00f6kun\u00adnalle tulisi saa\u00adda lis\u00e4\u00e4 osaamista. Han\u00adkkeessa viisi korkeak\u00adoulua yhdis\u00adt\u00e4v\u00e4t voimansa aliedustet\u00adtu\u00adjen ryh\u00admien opin\u00adtopolku\u00adjen kehit\u00adt\u00e4misek\u00adsi ja opin\u00adto\u00adjen edess\u00e4 ole\u00advien mah\u00addol\u00adlis\u00adten kyn\u00adnys\u00adten madal\u00adtamisek\u00adsi. Kare\u00adlia-ammat\u00adtiko\u00adrkeak\u00adoulus\u00adsa keski\u00adtyt\u00e4\u00e4n eri\u00adtyis\u00ades\u00adti kan\u00adsain\u00adv\u00e4lis\u00adten opiske\u00adli\u00adjoiden inte\u00adgroi\u00adtu\u00admisen paran\u00adtamiseen, [\u2026]<\/p>\n","protected":false},"author":0,"featured_media":17,"parent":0,"menu_order":0,"comment_status":"closed","ping_status":"closed","template":"","meta":{"inline_featured_image":false,"wp_typography_post_enhancements_disabled":false,"footnotes":""},"class_list":["post-20","page","type-page","status-publish","has-post-thumbnail","hentry"],"yoast_head":"<!-- This site is optimized with the Yoast SEO plugin v27.5 - https:\/\/yoast.com\/product\/yoast-seo-wordpress\/ -->\n<title>Monikulttuuriset opintopolut - Monikulttuuriset opintopolut<\/title>\n<meta name=\"robots\" content=\"index, follow, max-snippet:-1, max-image-preview:large, max-video-preview:-1\" \/>\n<link rel=\"canonical\" href=\"https:\/\/hankkeet.karelia.fi\/monikulttuuriset-opintopolut\/\" \/>\n<meta property=\"og:locale\" content=\"fi_FI\" \/>\n<meta property=\"og:type\" content=\"article\" \/>\n<meta property=\"og:title\" content=\"Monikulttuuriset opintopolut - Monikulttuuriset opintopolut\" \/>\n<meta property=\"og:description\" content=\"It\u00e4i\u00adnen Suo\u00admi tarvit\u00adsee lis\u00e4\u00e4 ty\u00f6voimaa ja sen vuok\u00adsi kaik\u00adki alieduste\u00adtut ryh\u00adm\u00e4t tulisi saa\u00adda opin\u00adto\u00adjen pari\u00adin ja sit\u00e4 kaut\u00adta ty\u00f6el\u00e4m\u00e4\u00e4n. Tavoit\u00adteen saavut\u00adtamisek\u00adsi niin aliedustet\u00adtu\u00adjen ryh\u00admien edus\u00adta\u00adjille kuin oppi\u00adlaitosten henkil\u00f6kun\u00adnalle tulisi saa\u00adda lis\u00e4\u00e4 osaamista. Han\u00adkkeessa viisi korkeak\u00adoulua yhdis\u00adt\u00e4v\u00e4t voimansa aliedustet\u00adtu\u00adjen ryh\u00admien opin\u00adtopolku\u00adjen kehit\u00adt\u00e4misek\u00adsi ja opin\u00adto\u00adjen edess\u00e4 ole\u00advien mah\u00addol\u00adlis\u00adten kyn\u00adnys\u00adten madal\u00adtamisek\u00adsi. Kare\u00adlia-ammat\u00adtiko\u00adrkeak\u00adoulus\u00adsa keski\u00adtyt\u00e4\u00e4n eri\u00adtyis\u00ades\u00adti kan\u00adsain\u00adv\u00e4lis\u00adten opiske\u00adli\u00adjoiden inte\u00adgroi\u00adtu\u00admisen paran\u00adtamiseen, [&hellip;]\" \/>\n<meta property=\"og:url\" content=\"https:\/\/hankkeet.karelia.fi\/monikulttuuriset-opintopolut\/\" \/>\n<meta property=\"og:site_name\" content=\"Monikulttuuriset opintopolut\" \/>\n<meta name=\"twitter:card\" content=\"summary_large_image\" \/>\n<meta name=\"twitter:label1\" content=\"Arvioitu lukuaika\" \/>\n\t<meta name=\"twitter:data1\" content=\"1 minuutti\" \/>\n<script type=\"application\/ld+json\" class=\"yoast-schema-graph\">{\"@context\":\"https:\\\/\\\/schema.org\",\"@graph\":[{\"@type\":\"WebPage\",\"@id\":\"https:\\\/\\\/hankkeet.karelia.fi\\\/monikulttuuriset-opintopolut\\\/\",\"url\":\"https:\\\/\\\/hankkeet.karelia.fi\\\/monikulttuuriset-opintopolut\\\/\",\"name\":\"Monikulttuuriset opintopolut - Monikulttuuriset opintopolut\",\"isPartOf\":{\"@id\":\"https:\\\/\\\/hankkeet.karelia.fi\\\/monikulttuuriset-opintopolut\\\/#website\"},\"primaryImageOfPage\":{\"@id\":\"https:\\\/\\\/hankkeet.karelia.fi\\\/monikulttuuriset-opintopolut\\\/#primaryimage\"},\"image\":{\"@id\":\"https:\\\/\\\/hankkeet.karelia.fi\\\/monikulttuuriset-opintopolut\\\/#primaryimage\"},\"thumbnailUrl\":\"https:\\\/\\\/hankkeet.karelia.fi\\\/monikulttuuriset-opintopolut\\\/wp-content\\\/uploads\\\/sites\\\/63\\\/2026\\\/03\\\/monikulttuuriset-opintopolut-scaled-1.jpg\",\"datePublished\":\"2026-03-17T12:48:34+00:00\",\"breadcrumb\":{\"@id\":\"https:\\\/\\\/hankkeet.karelia.fi\\\/monikulttuuriset-opintopolut\\\/#breadcrumb\"},\"inLanguage\":\"fi\",\"potentialAction\":[{\"@type\":\"ReadAction\",\"target\":[\"https:\\\/\\\/hankkeet.karelia.fi\\\/monikulttuuriset-opintopolut\\\/\"]}]},{\"@type\":\"ImageObject\",\"inLanguage\":\"fi\",\"@id\":\"https:\\\/\\\/hankkeet.karelia.fi\\\/monikulttuuriset-opintopolut\\\/#primaryimage\",\"url\":\"https:\\\/\\\/hankkeet.karelia.fi\\\/monikulttuuriset-opintopolut\\\/wp-content\\\/uploads\\\/sites\\\/63\\\/2026\\\/03\\\/monikulttuuriset-opintopolut-scaled-1.jpg\",\"contentUrl\":\"https:\\\/\\\/hankkeet.karelia.fi\\\/monikulttuuriset-opintopolut\\\/wp-content\\\/uploads\\\/sites\\\/63\\\/2026\\\/03\\\/monikulttuuriset-opintopolut-scaled-1.jpg\",\"width\":2560,\"height\":989},{\"@type\":\"BreadcrumbList\",\"@id\":\"https:\\\/\\\/hankkeet.karelia.fi\\\/monikulttuuriset-opintopolut\\\/#breadcrumb\",\"itemListElement\":[{\"@type\":\"ListItem\",\"position\":1,\"name\":\"Home\",\"item\":\"https:\\\/\\\/hankkeet.karelia.fi\\\/monikulttuuriset-opintopolut\\\/monikulttuuriset-opintopolut\\\/\"},{\"@type\":\"ListItem\",\"position\":2,\"name\":\"Monikulttuuriset opintopolut\"}]},{\"@type\":\"WebSite\",\"@id\":\"https:\\\/\\\/hankkeet.karelia.fi\\\/monikulttuuriset-opintopolut\\\/#website\",\"url\":\"https:\\\/\\\/hankkeet.karelia.fi\\\/monikulttuuriset-opintopolut\\\/\",\"name\":\"Monikulttuuriset opintopolut\",\"description\":\"\",\"publisher\":{\"@id\":\"https:\\\/\\\/hankkeet.karelia.fi\\\/monikulttuuriset-opintopolut\\\/#organization\"},\"potentialAction\":[{\"@type\":\"SearchAction\",\"target\":{\"@type\":\"EntryPoint\",\"urlTemplate\":\"https:\\\/\\\/hankkeet.karelia.fi\\\/monikulttuuriset-opintopolut\\\/?s={search_term_string}\"},\"query-input\":{\"@type\":\"PropertyValueSpecification\",\"valueRequired\":true,\"valueName\":\"search_term_string\"}}],\"inLanguage\":\"fi\"},{\"@type\":\"Organization\",\"@id\":\"https:\\\/\\\/hankkeet.karelia.fi\\\/monikulttuuriset-opintopolut\\\/#organization\",\"name\":\"Monikulttuuriset opintopolut\",\"url\":\"https:\\\/\\\/hankkeet.karelia.fi\\\/monikulttuuriset-opintopolut\\\/\",\"logo\":{\"@type\":\"ImageObject\",\"inLanguage\":\"fi\",\"@id\":\"https:\\\/\\\/hankkeet.karelia.fi\\\/monikulttuuriset-opintopolut\\\/#\\\/schema\\\/logo\\\/image\\\/\",\"url\":\"https:\\\/\\\/hankkeet.karelia.fi\\\/monikulttuuriset-opintopolut\\\/wp-content\\\/uploads\\\/sites\\\/63\\\/2026\\\/03\\\/cropped-cropped-Karelia_AMK_logo_RGB-1.png\",\"contentUrl\":\"https:\\\/\\\/hankkeet.karelia.fi\\\/monikulttuuriset-opintopolut\\\/wp-content\\\/uploads\\\/sites\\\/63\\\/2026\\\/03\\\/cropped-cropped-Karelia_AMK_logo_RGB-1.png\",\"width\":427,\"height\":116,\"caption\":\"Monikulttuuriset opintopolut\"},\"image\":{\"@id\":\"https:\\\/\\\/hankkeet.karelia.fi\\\/monikulttuuriset-opintopolut\\\/#\\\/schema\\\/logo\\\/image\\\/\"}}]}<\/script>\n<!-- \/ Yoast SEO plugin. -->","yoast_head_json":{"title":"Monikulttuuriset opintopolut - Monikulttuuriset opintopolut","robots":{"index":"index","follow":"follow","max-snippet":"max-snippet:-1","max-image-preview":"max-image-preview:large","max-video-preview":"max-video-preview:-1"},"canonical":"https:\/\/hankkeet.karelia.fi\/monikulttuuriset-opintopolut\/","og_locale":"fi_FI","og_type":"article","og_title":"Monikulttuuriset opintopolut - Monikulttuuriset opintopolut","og_description":"It\u00e4i\u00adnen Suo\u00admi tarvit\u00adsee lis\u00e4\u00e4 ty\u00f6voimaa ja sen vuok\u00adsi kaik\u00adki alieduste\u00adtut ryh\u00adm\u00e4t tulisi saa\u00adda opin\u00adto\u00adjen pari\u00adin ja sit\u00e4 kaut\u00adta ty\u00f6el\u00e4m\u00e4\u00e4n. Tavoit\u00adteen saavut\u00adtamisek\u00adsi niin aliedustet\u00adtu\u00adjen ryh\u00admien edus\u00adta\u00adjille kuin oppi\u00adlaitosten henkil\u00f6kun\u00adnalle tulisi saa\u00adda lis\u00e4\u00e4 osaamista. Han\u00adkkeessa viisi korkeak\u00adoulua yhdis\u00adt\u00e4v\u00e4t voimansa aliedustet\u00adtu\u00adjen ryh\u00admien opin\u00adtopolku\u00adjen kehit\u00adt\u00e4misek\u00adsi ja opin\u00adto\u00adjen edess\u00e4 ole\u00advien mah\u00addol\u00adlis\u00adten kyn\u00adnys\u00adten madal\u00adtamisek\u00adsi. Kare\u00adlia-ammat\u00adtiko\u00adrkeak\u00adoulus\u00adsa keski\u00adtyt\u00e4\u00e4n eri\u00adtyis\u00ades\u00adti kan\u00adsain\u00adv\u00e4lis\u00adten opiske\u00adli\u00adjoiden inte\u00adgroi\u00adtu\u00admisen paran\u00adtamiseen, [&hellip;]","og_url":"https:\/\/hankkeet.karelia.fi\/monikulttuuriset-opintopolut\/","og_site_name":"Monikulttuuriset opintopolut","twitter_card":"summary_large_image","twitter_misc":{"Arvioitu lukuaika":"1 minuutti"},"schema":{"@context":"https:\/\/schema.org","@graph":[{"@type":"WebPage","@id":"https:\/\/hankkeet.karelia.fi\/monikulttuuriset-opintopolut\/","url":"https:\/\/hankkeet.karelia.fi\/monikulttuuriset-opintopolut\/","name":"Monikulttuuriset opintopolut - Monikulttuuriset opintopolut","isPartOf":{"@id":"https:\/\/hankkeet.karelia.fi\/monikulttuuriset-opintopolut\/#website"},"primaryImageOfPage":{"@id":"https:\/\/hankkeet.karelia.fi\/monikulttuuriset-opintopolut\/#primaryimage"},"image":{"@id":"https:\/\/hankkeet.karelia.fi\/monikulttuuriset-opintopolut\/#primaryimage"},"thumbnailUrl":"https:\/\/hankkeet.karelia.fi\/monikulttuuriset-opintopolut\/wp-content\/uploads\/sites\/63\/2026\/03\/monikulttuuriset-opintopolut-scaled-1.jpg","datePublished":"2026-03-17T12:48:34+00:00","breadcrumb":{"@id":"https:\/\/hankkeet.karelia.fi\/monikulttuuriset-opintopolut\/#breadcrumb"},"inLanguage":"fi","potentialAction":[{"@type":"ReadAction","target":["https:\/\/hankkeet.karelia.fi\/monikulttuuriset-opintopolut\/"]}]},{"@type":"ImageObject","inLanguage":"fi","@id":"https:\/\/hankkeet.karelia.fi\/monikulttuuriset-opintopolut\/#primaryimage","url":"https:\/\/hankkeet.karelia.fi\/monikulttuuriset-opintopolut\/wp-content\/uploads\/sites\/63\/2026\/03\/monikulttuuriset-opintopolut-scaled-1.jpg","contentUrl":"https:\/\/hankkeet.karelia.fi\/monikulttuuriset-opintopolut\/wp-content\/uploads\/sites\/63\/2026\/03\/monikulttuuriset-opintopolut-scaled-1.jpg","width":2560,"height":989},{"@type":"BreadcrumbList","@id":"https:\/\/hankkeet.karelia.fi\/monikulttuuriset-opintopolut\/#breadcrumb","itemListElement":[{"@type":"ListItem","position":1,"name":"Home","item":"https:\/\/hankkeet.karelia.fi\/monikulttuuriset-opintopolut\/monikulttuuriset-opintopolut\/"},{"@type":"ListItem","position":2,"name":"Monikulttuuriset opintopolut"}]},{"@type":"WebSite","@id":"https:\/\/hankkeet.karelia.fi\/monikulttuuriset-opintopolut\/#website","url":"https:\/\/hankkeet.karelia.fi\/monikulttuuriset-opintopolut\/","name":"Monikulttuuriset opintopolut","description":"","publisher":{"@id":"https:\/\/hankkeet.karelia.fi\/monikulttuuriset-opintopolut\/#organization"},"potentialAction":[{"@type":"SearchAction","target":{"@type":"EntryPoint","urlTemplate":"https:\/\/hankkeet.karelia.fi\/monikulttuuriset-opintopolut\/?s={search_term_string}"},"query-input":{"@type":"PropertyValueSpecification","valueRequired":true,"valueName":"search_term_string"}}],"inLanguage":"fi"},{"@type":"Organization","@id":"https:\/\/hankkeet.karelia.fi\/monikulttuuriset-opintopolut\/#organization","name":"Monikulttuuriset opintopolut","url":"https:\/\/hankkeet.karelia.fi\/monikulttuuriset-opintopolut\/","logo":{"@type":"ImageObject","inLanguage":"fi","@id":"https:\/\/hankkeet.karelia.fi\/monikulttuuriset-opintopolut\/#\/schema\/logo\/image\/","url":"https:\/\/hankkeet.karelia.fi\/monikulttuuriset-opintopolut\/wp-content\/uploads\/sites\/63\/2026\/03\/cropped-cropped-Karelia_AMK_logo_RGB-1.png","contentUrl":"https:\/\/hankkeet.karelia.fi\/monikulttuuriset-opintopolut\/wp-content\/uploads\/sites\/63\/2026\/03\/cropped-cropped-Karelia_AMK_logo_RGB-1.png","width":427,"height":116,"caption":"Monikulttuuriset opintopolut"},"image":{"@id":"https:\/\/hankkeet.karelia.fi\/monikulttuuriset-opintopolut\/#\/schema\/logo\/image\/"}}]}},"_links":{"self":[{"href":"https:\/\/hankkeet.karelia.fi\/monikulttuuriset-opintopolut\/wp-json\/wp\/v2\/pages\/20","targetHints":{"allow":["GET"]}}],"collection":[{"href":"https:\/\/hankkeet.karelia.fi\/monikulttuuriset-opintopolut\/wp-json\/wp\/v2\/pages"}],"about":[{"href":"https:\/\/hankkeet.karelia.fi\/monikulttuuriset-opintopolut\/wp-json\/wp\/v2\/types\/page"}],"replies":[{"embeddable":true,"href":"https:\/\/hankkeet.karelia.fi\/monikulttuuriset-opintopolut\/wp-json\/wp\/v2\/comments?post=20"}],"version-history":[{"count":0,"href":"https:\/\/hankkeet.karelia.fi\/monikulttuuriset-opintopolut\/wp-json\/wp\/v2\/pages\/20\/revisions"}],"wp:featuredmedia":[{"embeddable":true,"href":"https:\/\/hankkeet.karelia.fi\/monikulttuuriset-opintopolut\/wp-json\/wp\/v2\/media\/17"}],"wp:attachment":[{"href":"https:\/\/hankkeet.karelia.fi\/monikulttuuriset-opintopolut\/wp-json\/wp\/v2\/media?parent=20"}],"curies":[{"name":"wp","href":"https:\/\/api.w.org\/{rel}","templated":true}]}}