{"id":20,"date":"2026-03-17T12:27:19","date_gmt":"2026-03-17T10:27:19","guid":{"rendered":"https:\/\/hankkeet.karelia.fi\/opiskelijan-tki-kehittajapolku-in-house-uraohjelman-avulla\/opiskelijan-tki-kehittajapolku-in-house-uraohjelman-avulla\/"},"modified":"2026-03-17T12:27:19","modified_gmt":"2026-03-17T10:27:19","slug":"opiskelijan-tki-kehittajapolku-in-house-uraohjelman-avulla","status":"publish","type":"page","link":"https:\/\/hankkeet.karelia.fi\/opiskelijan-tki-kehittajapolku-in-house-uraohjelman-avulla\/","title":{"rendered":"Opiskelijan TKI-kehitt\u00e4j\u00e4polku In house \u2011uraohjelman avulla"},"content":{"rendered":"\n<figure class=\"wp-block-image size-full is-resized\"><img decoding=\"async\" src=\"https:\/\/hankkeet.karelia.fi\/opiskelijan-tki-kehittajapolku-in-house-uraohjelman-avulla\/wp-content\/uploads\/sites\/44\/2026\/03\/karelia-otsakorpi.jpg\" alt class=\"wp-image-69644\" style=\"width:309px;height:auto\"><\/figure>\n\n\n\n<p>Pro\u00adjek\u00adtin tavoit\u00adteena on kas\u00advat\u00adtaa opiske\u00adli\u00adjoiden asiantun\u00adte\u00admus\u00adta ja ty\u00f6koke\u00admus\u00adta pro\u00adjek\u00adti\u00adty\u00f6h\u00f6n osal\u00adlis\u00adtu\u00admal\u00adla ja ty\u00f6el\u00e4m\u00e4\u00e4n siir\u00adtymist\u00e4. Pro\u00adjek\u00adtis\u00adsa kehitet\u00e4\u00e4n Kare\u00adli\u00adaan sys\u00adtemaat\u00adti\u00adnen HR-malli pro\u00adjek\u00adti\u00adty\u00f6n\u00adtek\u00adi\u00adj\u00f6i\u00adden rekry\u00adtoin\u00adti\u00adin ja luo\u00addaan opiske\u00adliljoille urapolku\u00admalli TKI-ty\u00f6h\u00f6n. Pro\u00adjek\u00adti\u00adty\u00f6n ohel\u00adla opiske\u00adli\u00adjalle luo\u00addaan urao\u00adh\u00adjaus\u00admalli ty\u00f6el\u00e4m\u00e4\u00e4n siir\u00adtymisen tuek\u00adsi. Apuna k\u00e4yt\u00e4mme pere\u00adhdy\u00adtysj\u00e4r\u00adjestelm\u00e4\u00e4mme INTROa. <\/p>\n\n\n\n<p>Pro\u00adjek\u00adti\u00adty\u00f6t on tarkoitet\u00adtu nivel\u00advai\u00adheessa oleville kol\u00adman\u00adnen vuo\u00adden opiske\u00adli\u00adjoille. Opiske\u00adli\u00adja voi tehd\u00e4 pro\u00adjek\u00adti\u00adty\u00f6n ohel\u00adla my\u00f6s har\u00adjoit\u00adtelun tai opin\u00adn\u00e4yte\u00adty\u00f6n pro\u00adjek\u00adti\u00adin. Opiske\u00adli\u00adjoiden rekry\u00adtoin\u00adnin ty\u00f6kalu\u00adna k\u00e4ytet\u00e4\u00e4n Tuu\u00addo-sovel\u00adlus\u00adta.<\/p>\n\n\n\n<h2 class=\"wp-block-heading\">Projektin kesto<\/h2>\n\n\n\n<p>1.1.2022 \u2014 31.12.2024<\/p>\n\n\n\n<h2 class=\"wp-block-heading\">Projektip\u00e4\u00e4llikk\u00f6<\/h2>\n\n\n\n<p><strong>Mari\u00adka Turkia<\/strong><br>Marika.Turkia(a)karelia.fi<\/p>\n\n\n\n<h2 class=\"wp-block-heading\">Rahoitus<\/h2>\n\n\n\n<p>William ja Ester Otsako\u00adr\u00adven s\u00e4\u00e4ti\u00f6<\/p>\n\n\n\n<figure class=\"wp-block-image size-full\"><img decoding=\"async\" src=\"https:\/\/hankkeet.karelia.fi\/opiskelijan-tki-kehittajapolku-in-house-uraohjelman-avulla\/wp-content\/uploads\/sites\/44\/2026\/03\/kk-palkki-4.png\" alt class=\"wp-image-81565\"><\/figure>\n","protected":false},"excerpt":{"rendered":"<p>Pro\u00adjek\u00adtin tavoit\u00adteena on kas\u00advat\u00adtaa opiske\u00adli\u00adjoiden asiantun\u00adte\u00admus\u00adta ja ty\u00f6koke\u00admus\u00adta pro\u00adjek\u00adti\u00adty\u00f6h\u00f6n osal\u00adlis\u00adtu\u00admal\u00adla ja ty\u00f6el\u00e4m\u00e4\u00e4n siir\u00adtymist\u00e4. Pro\u00adjek\u00adtis\u00adsa kehitet\u00e4\u00e4n Kare\u00adli\u00adaan sys\u00adtemaat\u00adti\u00adnen HR-malli pro\u00adjek\u00adti\u00adty\u00f6n\u00adtek\u00adi\u00adj\u00f6i\u00adden rekry\u00adtoin\u00adti\u00adin ja luo\u00addaan opiske\u00adliljoille urapolku\u00admalli TKI-ty\u00f6h\u00f6n. Pro\u00adjek\u00adti\u00adty\u00f6n ohel\u00adla opiske\u00adli\u00adjalle luo\u00addaan urao\u00adh\u00adjaus\u00admalli ty\u00f6el\u00e4m\u00e4\u00e4n siir\u00adtymisen tuek\u00adsi. Apuna k\u00e4yt\u00e4mme pere\u00adhdy\u00adtysj\u00e4r\u00adjestelm\u00e4\u00e4mme INTROa. Pro\u00adjek\u00adti\u00adty\u00f6t on tarkoitet\u00adtu nivel\u00advai\u00adheessa oleville kol\u00adman\u00adnen vuo\u00adden opiske\u00adli\u00adjoille. Opiske\u00adli\u00adja voi tehd\u00e4 pro\u00adjek\u00adti\u00adty\u00f6n ohel\u00adla my\u00f6s har\u00adjoit\u00adtelun tai opin\u00adn\u00e4yte\u00adty\u00f6n pro\u00adjek\u00adti\u00adin. [\u2026]<\/p>\n","protected":false},"author":0,"featured_media":17,"parent":0,"menu_order":0,"comment_status":"closed","ping_status":"closed","template":"","meta":{"inline_featured_image":false,"wp_typography_post_enhancements_disabled":false,"footnotes":""},"class_list":["post-20","page","type-page","status-publish","has-post-thumbnail","hentry"],"yoast_head":"<!-- This site is optimized with the Yoast SEO plugin v27.5 - https:\/\/yoast.com\/product\/yoast-seo-wordpress\/ -->\n<title>Opiskelijan TKI-kehitt\u00e4j\u00e4polku In house -uraohjelman avulla - Opiskelijan TKI-kehitt\u00e4j\u00e4polku In house -uraohjelman avulla<\/title>\n<meta name=\"robots\" content=\"index, follow, max-snippet:-1, max-image-preview:large, max-video-preview:-1\" \/>\n<link rel=\"canonical\" href=\"https:\/\/hankkeet.karelia.fi\/opiskelijan-tki-kehittajapolku-in-house-uraohjelman-avulla\/\" \/>\n<meta property=\"og:locale\" content=\"fi_FI\" \/>\n<meta property=\"og:type\" content=\"article\" \/>\n<meta property=\"og:title\" content=\"Opiskelijan TKI-kehitt\u00e4j\u00e4polku In house -uraohjelman avulla - Opiskelijan TKI-kehitt\u00e4j\u00e4polku In house -uraohjelman avulla\" \/>\n<meta property=\"og:description\" content=\"Pro\u00adjek\u00adtin tavoit\u00adteena on kas\u00advat\u00adtaa opiske\u00adli\u00adjoiden asiantun\u00adte\u00admus\u00adta ja ty\u00f6koke\u00admus\u00adta pro\u00adjek\u00adti\u00adty\u00f6h\u00f6n osal\u00adlis\u00adtu\u00admal\u00adla ja ty\u00f6el\u00e4m\u00e4\u00e4n siir\u00adtymist\u00e4. Pro\u00adjek\u00adtis\u00adsa kehitet\u00e4\u00e4n Kare\u00adli\u00adaan sys\u00adtemaat\u00adti\u00adnen HR-malli pro\u00adjek\u00adti\u00adty\u00f6n\u00adtek\u00adi\u00adj\u00f6i\u00adden rekry\u00adtoin\u00adti\u00adin ja luo\u00addaan opiske\u00adliljoille urapolku\u00admalli TKI-ty\u00f6h\u00f6n. Pro\u00adjek\u00adti\u00adty\u00f6n ohel\u00adla opiske\u00adli\u00adjalle luo\u00addaan urao\u00adh\u00adjaus\u00admalli ty\u00f6el\u00e4m\u00e4\u00e4n siir\u00adtymisen tuek\u00adsi. Apuna k\u00e4yt\u00e4mme pere\u00adhdy\u00adtysj\u00e4r\u00adjestelm\u00e4\u00e4mme INTROa. Pro\u00adjek\u00adti\u00adty\u00f6t on tarkoitet\u00adtu nivel\u00advai\u00adheessa oleville kol\u00adman\u00adnen vuo\u00adden opiske\u00adli\u00adjoille. Opiske\u00adli\u00adja voi tehd\u00e4 pro\u00adjek\u00adti\u00adty\u00f6n ohel\u00adla my\u00f6s har\u00adjoit\u00adtelun tai opin\u00adn\u00e4yte\u00adty\u00f6n pro\u00adjek\u00adti\u00adin. [&hellip;]\" \/>\n<meta property=\"og:url\" content=\"https:\/\/hankkeet.karelia.fi\/opiskelijan-tki-kehittajapolku-in-house-uraohjelman-avulla\/\" \/>\n<meta property=\"og:site_name\" content=\"Opiskelijan TKI-kehitt\u00e4j\u00e4polku In house -uraohjelman avulla\" \/>\n<meta property=\"og:image\" content=\"https:\/\/hankkeet.karelia.fi\/opiskelijan-tki-kehittajapolku-in-house-uraohjelman-avulla\/wp-content\/uploads\/sites\/44\/2026\/03\/tno-kuva-scaled-1.jpeg\" \/>\n\t<meta property=\"og:image:width\" content=\"2560\" \/>\n\t<meta property=\"og:image:height\" content=\"1707\" \/>\n\t<meta property=\"og:image:type\" content=\"image\/jpeg\" \/>\n<meta name=\"twitter:card\" content=\"summary_large_image\" \/>\n<meta name=\"twitter:label1\" content=\"Arvioitu lukuaika\" \/>\n\t<meta name=\"twitter:data1\" content=\"1 minuutti\" \/>\n<script type=\"application\/ld+json\" class=\"yoast-schema-graph\">{\"@context\":\"https:\\\/\\\/schema.org\",\"@graph\":[{\"@type\":\"WebPage\",\"@id\":\"https:\\\/\\\/hankkeet.karelia.fi\\\/opiskelijan-tki-kehittajapolku-in-house-uraohjelman-avulla\\\/\",\"url\":\"https:\\\/\\\/hankkeet.karelia.fi\\\/opiskelijan-tki-kehittajapolku-in-house-uraohjelman-avulla\\\/\",\"name\":\"Opiskelijan TKI-kehitt\u00e4j\u00e4polku In house -uraohjelman avulla - Opiskelijan TKI-kehitt\u00e4j\u00e4polku In house -uraohjelman avulla\",\"isPartOf\":{\"@id\":\"https:\\\/\\\/hankkeet.karelia.fi\\\/opiskelijan-tki-kehittajapolku-in-house-uraohjelman-avulla\\\/#website\"},\"primaryImageOfPage\":{\"@id\":\"https:\\\/\\\/hankkeet.karelia.fi\\\/opiskelijan-tki-kehittajapolku-in-house-uraohjelman-avulla\\\/#primaryimage\"},\"image\":{\"@id\":\"https:\\\/\\\/hankkeet.karelia.fi\\\/opiskelijan-tki-kehittajapolku-in-house-uraohjelman-avulla\\\/#primaryimage\"},\"thumbnailUrl\":\"https:\\\/\\\/hankkeet.karelia.fi\\\/opiskelijan-tki-kehittajapolku-in-house-uraohjelman-avulla\\\/wp-content\\\/uploads\\\/sites\\\/44\\\/2026\\\/03\\\/tno-kuva-scaled-1.jpeg\",\"datePublished\":\"2026-03-17T10:27:19+00:00\",\"breadcrumb\":{\"@id\":\"https:\\\/\\\/hankkeet.karelia.fi\\\/opiskelijan-tki-kehittajapolku-in-house-uraohjelman-avulla\\\/#breadcrumb\"},\"inLanguage\":\"fi\",\"potentialAction\":[{\"@type\":\"ReadAction\",\"target\":[\"https:\\\/\\\/hankkeet.karelia.fi\\\/opiskelijan-tki-kehittajapolku-in-house-uraohjelman-avulla\\\/\"]}]},{\"@type\":\"ImageObject\",\"inLanguage\":\"fi\",\"@id\":\"https:\\\/\\\/hankkeet.karelia.fi\\\/opiskelijan-tki-kehittajapolku-in-house-uraohjelman-avulla\\\/#primaryimage\",\"url\":\"https:\\\/\\\/hankkeet.karelia.fi\\\/opiskelijan-tki-kehittajapolku-in-house-uraohjelman-avulla\\\/wp-content\\\/uploads\\\/sites\\\/44\\\/2026\\\/03\\\/tno-kuva-scaled-1.jpeg\",\"contentUrl\":\"https:\\\/\\\/hankkeet.karelia.fi\\\/opiskelijan-tki-kehittajapolku-in-house-uraohjelman-avulla\\\/wp-content\\\/uploads\\\/sites\\\/44\\\/2026\\\/03\\\/tno-kuva-scaled-1.jpeg\",\"width\":2560,\"height\":1707},{\"@type\":\"BreadcrumbList\",\"@id\":\"https:\\\/\\\/hankkeet.karelia.fi\\\/opiskelijan-tki-kehittajapolku-in-house-uraohjelman-avulla\\\/#breadcrumb\",\"itemListElement\":[{\"@type\":\"ListItem\",\"position\":1,\"name\":\"Home\",\"item\":\"https:\\\/\\\/hankkeet.karelia.fi\\\/opiskelijan-tki-kehittajapolku-in-house-uraohjelman-avulla\\\/\"},{\"@type\":\"ListItem\",\"position\":2,\"name\":\"Opiskelijan TKI-kehitt\u00e4j\u00e4polku In house \u2011uraohjelman avulla\"}]},{\"@type\":\"WebSite\",\"@id\":\"https:\\\/\\\/hankkeet.karelia.fi\\\/opiskelijan-tki-kehittajapolku-in-house-uraohjelman-avulla\\\/#website\",\"url\":\"https:\\\/\\\/hankkeet.karelia.fi\\\/opiskelijan-tki-kehittajapolku-in-house-uraohjelman-avulla\\\/\",\"name\":\"Opiskelijan TKI-kehitt\u00e4j\u00e4polku In house -uraohjelman avulla\",\"description\":\"\",\"publisher\":{\"@id\":\"https:\\\/\\\/hankkeet.karelia.fi\\\/opiskelijan-tki-kehittajapolku-in-house-uraohjelman-avulla\\\/#organization\"},\"potentialAction\":[{\"@type\":\"SearchAction\",\"target\":{\"@type\":\"EntryPoint\",\"urlTemplate\":\"https:\\\/\\\/hankkeet.karelia.fi\\\/opiskelijan-tki-kehittajapolku-in-house-uraohjelman-avulla\\\/?s={search_term_string}\"},\"query-input\":{\"@type\":\"PropertyValueSpecification\",\"valueRequired\":true,\"valueName\":\"search_term_string\"}}],\"inLanguage\":\"fi\"},{\"@type\":\"Organization\",\"@id\":\"https:\\\/\\\/hankkeet.karelia.fi\\\/opiskelijan-tki-kehittajapolku-in-house-uraohjelman-avulla\\\/#organization\",\"name\":\"Opiskelijan TKI-kehitt\u00e4j\u00e4polku In house -uraohjelman avulla\",\"url\":\"https:\\\/\\\/hankkeet.karelia.fi\\\/opiskelijan-tki-kehittajapolku-in-house-uraohjelman-avulla\\\/\",\"logo\":{\"@type\":\"ImageObject\",\"inLanguage\":\"fi\",\"@id\":\"https:\\\/\\\/hankkeet.karelia.fi\\\/opiskelijan-tki-kehittajapolku-in-house-uraohjelman-avulla\\\/#\\\/schema\\\/logo\\\/image\\\/\",\"url\":\"https:\\\/\\\/hankkeet.karelia.fi\\\/opiskelijan-tki-kehittajapolku-in-house-uraohjelman-avulla\\\/wp-content\\\/uploads\\\/sites\\\/44\\\/2026\\\/03\\\/cropped-cropped-Karelia_AMK_logo_RGB-1.png\",\"contentUrl\":\"https:\\\/\\\/hankkeet.karelia.fi\\\/opiskelijan-tki-kehittajapolku-in-house-uraohjelman-avulla\\\/wp-content\\\/uploads\\\/sites\\\/44\\\/2026\\\/03\\\/cropped-cropped-Karelia_AMK_logo_RGB-1.png\",\"width\":427,\"height\":116,\"caption\":\"Opiskelijan TKI-kehitt\u00e4j\u00e4polku In house -uraohjelman avulla\"},\"image\":{\"@id\":\"https:\\\/\\\/hankkeet.karelia.fi\\\/opiskelijan-tki-kehittajapolku-in-house-uraohjelman-avulla\\\/#\\\/schema\\\/logo\\\/image\\\/\"}}]}<\/script>\n<!-- \/ Yoast SEO plugin. -->","yoast_head_json":{"title":"Opiskelijan TKI-kehitt\u00e4j\u00e4polku In house -uraohjelman avulla - Opiskelijan TKI-kehitt\u00e4j\u00e4polku In house -uraohjelman avulla","robots":{"index":"index","follow":"follow","max-snippet":"max-snippet:-1","max-image-preview":"max-image-preview:large","max-video-preview":"max-video-preview:-1"},"canonical":"https:\/\/hankkeet.karelia.fi\/opiskelijan-tki-kehittajapolku-in-house-uraohjelman-avulla\/","og_locale":"fi_FI","og_type":"article","og_title":"Opiskelijan TKI-kehitt\u00e4j\u00e4polku In house -uraohjelman avulla - Opiskelijan TKI-kehitt\u00e4j\u00e4polku In house -uraohjelman avulla","og_description":"Pro\u00adjek\u00adtin tavoit\u00adteena on kas\u00advat\u00adtaa opiske\u00adli\u00adjoiden asiantun\u00adte\u00admus\u00adta ja ty\u00f6koke\u00admus\u00adta pro\u00adjek\u00adti\u00adty\u00f6h\u00f6n osal\u00adlis\u00adtu\u00admal\u00adla ja ty\u00f6el\u00e4m\u00e4\u00e4n siir\u00adtymist\u00e4. Pro\u00adjek\u00adtis\u00adsa kehitet\u00e4\u00e4n Kare\u00adli\u00adaan sys\u00adtemaat\u00adti\u00adnen HR-malli pro\u00adjek\u00adti\u00adty\u00f6n\u00adtek\u00adi\u00adj\u00f6i\u00adden rekry\u00adtoin\u00adti\u00adin ja luo\u00addaan opiske\u00adliljoille urapolku\u00admalli TKI-ty\u00f6h\u00f6n. Pro\u00adjek\u00adti\u00adty\u00f6n ohel\u00adla opiske\u00adli\u00adjalle luo\u00addaan urao\u00adh\u00adjaus\u00admalli ty\u00f6el\u00e4m\u00e4\u00e4n siir\u00adtymisen tuek\u00adsi. Apuna k\u00e4yt\u00e4mme pere\u00adhdy\u00adtysj\u00e4r\u00adjestelm\u00e4\u00e4mme INTROa. Pro\u00adjek\u00adti\u00adty\u00f6t on tarkoitet\u00adtu nivel\u00advai\u00adheessa oleville kol\u00adman\u00adnen vuo\u00adden opiske\u00adli\u00adjoille. Opiske\u00adli\u00adja voi tehd\u00e4 pro\u00adjek\u00adti\u00adty\u00f6n ohel\u00adla my\u00f6s har\u00adjoit\u00adtelun tai opin\u00adn\u00e4yte\u00adty\u00f6n pro\u00adjek\u00adti\u00adin. [&hellip;]","og_url":"https:\/\/hankkeet.karelia.fi\/opiskelijan-tki-kehittajapolku-in-house-uraohjelman-avulla\/","og_site_name":"Opiskelijan TKI-kehitt\u00e4j\u00e4polku In house -uraohjelman avulla","og_image":[{"width":2560,"height":1707,"url":"https:\/\/hankkeet.karelia.fi\/opiskelijan-tki-kehittajapolku-in-house-uraohjelman-avulla\/wp-content\/uploads\/sites\/44\/2026\/03\/tno-kuva-scaled-1.jpeg","type":"image\/jpeg"}],"twitter_card":"summary_large_image","twitter_misc":{"Arvioitu lukuaika":"1 minuutti"},"schema":{"@context":"https:\/\/schema.org","@graph":[{"@type":"WebPage","@id":"https:\/\/hankkeet.karelia.fi\/opiskelijan-tki-kehittajapolku-in-house-uraohjelman-avulla\/","url":"https:\/\/hankkeet.karelia.fi\/opiskelijan-tki-kehittajapolku-in-house-uraohjelman-avulla\/","name":"Opiskelijan TKI-kehitt\u00e4j\u00e4polku In house -uraohjelman avulla - Opiskelijan TKI-kehitt\u00e4j\u00e4polku In house -uraohjelman avulla","isPartOf":{"@id":"https:\/\/hankkeet.karelia.fi\/opiskelijan-tki-kehittajapolku-in-house-uraohjelman-avulla\/#website"},"primaryImageOfPage":{"@id":"https:\/\/hankkeet.karelia.fi\/opiskelijan-tki-kehittajapolku-in-house-uraohjelman-avulla\/#primaryimage"},"image":{"@id":"https:\/\/hankkeet.karelia.fi\/opiskelijan-tki-kehittajapolku-in-house-uraohjelman-avulla\/#primaryimage"},"thumbnailUrl":"https:\/\/hankkeet.karelia.fi\/opiskelijan-tki-kehittajapolku-in-house-uraohjelman-avulla\/wp-content\/uploads\/sites\/44\/2026\/03\/tno-kuva-scaled-1.jpeg","datePublished":"2026-03-17T10:27:19+00:00","breadcrumb":{"@id":"https:\/\/hankkeet.karelia.fi\/opiskelijan-tki-kehittajapolku-in-house-uraohjelman-avulla\/#breadcrumb"},"inLanguage":"fi","potentialAction":[{"@type":"ReadAction","target":["https:\/\/hankkeet.karelia.fi\/opiskelijan-tki-kehittajapolku-in-house-uraohjelman-avulla\/"]}]},{"@type":"ImageObject","inLanguage":"fi","@id":"https:\/\/hankkeet.karelia.fi\/opiskelijan-tki-kehittajapolku-in-house-uraohjelman-avulla\/#primaryimage","url":"https:\/\/hankkeet.karelia.fi\/opiskelijan-tki-kehittajapolku-in-house-uraohjelman-avulla\/wp-content\/uploads\/sites\/44\/2026\/03\/tno-kuva-scaled-1.jpeg","contentUrl":"https:\/\/hankkeet.karelia.fi\/opiskelijan-tki-kehittajapolku-in-house-uraohjelman-avulla\/wp-content\/uploads\/sites\/44\/2026\/03\/tno-kuva-scaled-1.jpeg","width":2560,"height":1707},{"@type":"BreadcrumbList","@id":"https:\/\/hankkeet.karelia.fi\/opiskelijan-tki-kehittajapolku-in-house-uraohjelman-avulla\/#breadcrumb","itemListElement":[{"@type":"ListItem","position":1,"name":"Home","item":"https:\/\/hankkeet.karelia.fi\/opiskelijan-tki-kehittajapolku-in-house-uraohjelman-avulla\/"},{"@type":"ListItem","position":2,"name":"Opiskelijan TKI-kehitt\u00e4j\u00e4polku In house \u2011uraohjelman avulla"}]},{"@type":"WebSite","@id":"https:\/\/hankkeet.karelia.fi\/opiskelijan-tki-kehittajapolku-in-house-uraohjelman-avulla\/#website","url":"https:\/\/hankkeet.karelia.fi\/opiskelijan-tki-kehittajapolku-in-house-uraohjelman-avulla\/","name":"Opiskelijan TKI-kehitt\u00e4j\u00e4polku In house -uraohjelman avulla","description":"","publisher":{"@id":"https:\/\/hankkeet.karelia.fi\/opiskelijan-tki-kehittajapolku-in-house-uraohjelman-avulla\/#organization"},"potentialAction":[{"@type":"SearchAction","target":{"@type":"EntryPoint","urlTemplate":"https:\/\/hankkeet.karelia.fi\/opiskelijan-tki-kehittajapolku-in-house-uraohjelman-avulla\/?s={search_term_string}"},"query-input":{"@type":"PropertyValueSpecification","valueRequired":true,"valueName":"search_term_string"}}],"inLanguage":"fi"},{"@type":"Organization","@id":"https:\/\/hankkeet.karelia.fi\/opiskelijan-tki-kehittajapolku-in-house-uraohjelman-avulla\/#organization","name":"Opiskelijan TKI-kehitt\u00e4j\u00e4polku In house -uraohjelman avulla","url":"https:\/\/hankkeet.karelia.fi\/opiskelijan-tki-kehittajapolku-in-house-uraohjelman-avulla\/","logo":{"@type":"ImageObject","inLanguage":"fi","@id":"https:\/\/hankkeet.karelia.fi\/opiskelijan-tki-kehittajapolku-in-house-uraohjelman-avulla\/#\/schema\/logo\/image\/","url":"https:\/\/hankkeet.karelia.fi\/opiskelijan-tki-kehittajapolku-in-house-uraohjelman-avulla\/wp-content\/uploads\/sites\/44\/2026\/03\/cropped-cropped-Karelia_AMK_logo_RGB-1.png","contentUrl":"https:\/\/hankkeet.karelia.fi\/opiskelijan-tki-kehittajapolku-in-house-uraohjelman-avulla\/wp-content\/uploads\/sites\/44\/2026\/03\/cropped-cropped-Karelia_AMK_logo_RGB-1.png","width":427,"height":116,"caption":"Opiskelijan TKI-kehitt\u00e4j\u00e4polku In house -uraohjelman avulla"},"image":{"@id":"https:\/\/hankkeet.karelia.fi\/opiskelijan-tki-kehittajapolku-in-house-uraohjelman-avulla\/#\/schema\/logo\/image\/"}}]}},"_links":{"self":[{"href":"https:\/\/hankkeet.karelia.fi\/opiskelijan-tki-kehittajapolku-in-house-uraohjelman-avulla\/wp-json\/wp\/v2\/pages\/20","targetHints":{"allow":["GET"]}}],"collection":[{"href":"https:\/\/hankkeet.karelia.fi\/opiskelijan-tki-kehittajapolku-in-house-uraohjelman-avulla\/wp-json\/wp\/v2\/pages"}],"about":[{"href":"https:\/\/hankkeet.karelia.fi\/opiskelijan-tki-kehittajapolku-in-house-uraohjelman-avulla\/wp-json\/wp\/v2\/types\/page"}],"replies":[{"embeddable":true,"href":"https:\/\/hankkeet.karelia.fi\/opiskelijan-tki-kehittajapolku-in-house-uraohjelman-avulla\/wp-json\/wp\/v2\/comments?post=20"}],"version-history":[{"count":0,"href":"https:\/\/hankkeet.karelia.fi\/opiskelijan-tki-kehittajapolku-in-house-uraohjelman-avulla\/wp-json\/wp\/v2\/pages\/20\/revisions"}],"wp:featuredmedia":[{"embeddable":true,"href":"https:\/\/hankkeet.karelia.fi\/opiskelijan-tki-kehittajapolku-in-house-uraohjelman-avulla\/wp-json\/wp\/v2\/media\/17"}],"wp:attachment":[{"href":"https:\/\/hankkeet.karelia.fi\/opiskelijan-tki-kehittajapolku-in-house-uraohjelman-avulla\/wp-json\/wp\/v2\/media?parent=20"}],"curies":[{"name":"wp","href":"https:\/\/api.w.org\/{rel}","templated":true}]}}