{"id":20,"date":"2026-03-17T09:23:04","date_gmt":"2026-03-17T07:23:04","guid":{"rendered":"https:\/\/hankkeet.karelia.fi\/pinko-pienet-osaamiskokonaisuudet-tyoelaman-tueksi\/pinko-pienet-osaamiskokonaisuudet-tyoelaman-tueksi\/"},"modified":"2026-04-23T13:09:10","modified_gmt":"2026-04-23T10:09:10","slug":"pinko-pienet-osaamiskokonaisuudet-tyoelaman-tueksi","status":"publish","type":"page","link":"https:\/\/hankkeet.karelia.fi\/pinko-pienet-osaamiskokonaisuudet-tyoelaman-tueksi\/","title":{"rendered":"PINKO \u2013 Pienet osaamiskokonaisuudet ty\u00f6el\u00e4m\u00e4n tueksi"},"content":{"rendered":"\n<figure class=\"wp-block-image size-full\"><img decoding=\"async\" src=\"https:\/\/hankkeet.karelia.fi\/pinko-pienet-osaamiskokonaisuudet-tyoelaman-tueksi\/wp-content\/uploads\/sites\/20\/2026\/03\/pinko_palkki_karelia_eu.jpg\" alt class=\"wp-image-77937\"><\/figure>\n\n\n\n<p>PINKO \u2014 Pienet osaamiskokon\u00adaisu\u00adudet ty\u00f6el\u00e4m\u00e4n tuek\u00adsi \u2011han\u00adke val\u00admen\u00adtaa ammat\u00adtiko\u00adrkeak\u00adoulu\u00adjen henkil\u00f6st\u00f6\u00e4 pien\u00adten osaamiskokon\u00adaisuuk\u00adsien toteut\u00adtamiseen. Pienet osaamiskokon\u00adaisu\u00adudet ovat kon\u00adsep\u00adti oppi\u00adlaitosten jatku\u00advan oppimisen toimin\u00adnas\u00adsa. Han\u00adke selvit\u00adt\u00e4\u00e4 ja mallintaa ammat\u00adtiko\u00adrkeak\u00adoulu\u00adjen ty\u00f6el\u00e4m\u00e4y\u00adhteisty\u00f6t\u00e4, ker\u00e4\u00e4 hyvi\u00e4 k\u00e4yt\u00e4n\u00adteit\u00e4 ty\u00f6el\u00e4m\u00e4y\u00adhteisty\u00f6st\u00e4 sek\u00e4 selvit\u00adt\u00e4\u00e4 eri ty\u00f6\u00adnan\u00adta\u00adjaverkos\u00adto\u00adjen n\u00e4ke\u00admys\u00adt\u00e4 ty\u00f6el\u00e4m\u00e4n osaamis- ja koulu\u00adtus\u00adtarpeista, joi\u00adhin pie\u00adnil\u00adl\u00e4 osaamiskokon\u00adaisuuk\u00adsil\u00adla voidaan vas\u00adta\u00adta. Han\u00adkkeessa raken\u00adnetaan pien\u00adten osaamiskokon\u00adaisuuk\u00adsien tuotan\u00adtoma\u00adlle\u00adja, jois\u00adsa huomioidaan muun muas\u00adsa TKI-han\u00adkkeis\u00adsa syn\u00adtyv\u00e4 uusi tieto ja mah\u00addol\u00adlis\u00ades\u00adti tutk\u00adin\u00adtok\u00adoulu\u00adtusten osat. Lis\u00e4k\u00adsi han\u00adkkeessa tuote\u00adtaan suosi\u00adtuk\u00adsia ja sis\u00e4lt\u00f6j\u00e4 pien\u00adten osaamiskokon\u00adaisuuk\u00adsien laadun\u00adhallinnas\u00adta ja opin\u00adto\u00adhallinnos\u00adta.<\/p>\n\n\n\n<p>Kansal\u00adlis\u00ades\u00adti toteutet\u00adtavas\u00adsa han\u00adkkeessa on mukana yhteen\u00ads\u00e4 yksi\u00adtoista ammat\u00adtiko\u00adrkeak\u00adoulua. Kare\u00adlia-ammat\u00adtiko\u00adrkeak\u00adoulun keskeiset ty\u00f6te\u00adht\u00e4v\u00e4t sijoit\u00adtuvat han\u00adkkeen ty\u00f6\u00adpaket\u00adti\u00adin 1, jota toteutetaan yhdess\u00e4 Jyv\u00e4skyl\u00e4n ammat\u00adtiko\u00adrkeak\u00adoulun kanssa. Ty\u00f6\u00adpaketis\u00adsa kar\u00adtoite\u00adtaan val\u00adtakun\u00adnal\u00adlis\u00ades\u00adti ammat\u00adtiko\u00adrkeak\u00adoulu\u00adjen ty\u00f6el\u00e4m\u00e4y\u00adhteisty\u00f6n hyvi\u00e4 k\u00e4yt\u00e4n\u00adteit\u00e4, selvitet\u00e4\u00e4n ty\u00f6el\u00e4m\u00e4n osaamis\u00adtarpei\u00adta sek\u00e4 kehitet\u00e4\u00e4n toim\u00adinta\u00admalle\u00adja ty\u00f6el\u00e4m\u00e4vuorop\u00aduhelun vahvis\u00adtamisek\u00adsi<\/p>\n\n\n\n<p>Han\u00adkkeessa tul\u00adlaan j\u00e4r\u00adjest\u00e4m\u00e4\u00e4n 8 webi\u00adnaaria, jot\u00adka ovat avoimia kaikille aiheesta kiin\u00adnos\u00adtuneille korkeak\u00adoulu\u00adjen ja ammatil\u00adlisen koulu\u00adtuk\u00adsen henkil\u00f6st\u00f6lle. Lis\u00e4k\u00adsi han\u00adkkeessa mukana ole\u00advis\u00adsa ammat\u00adtiko\u00adrkeak\u00adouluis\u00adsa j\u00e4r\u00adjestet\u00e4\u00e4n 8 aihet\u00adta syven\u00adt\u00e4v\u00e4\u00e4 ty\u00f6\u00adpa\u00adjaa. Webi\u00adnaarien ja ty\u00f6\u00adpa\u00adjo\u00adjen sis\u00e4l\u00adl\u00f6t syn\u00adtyv\u00e4t han\u00adkkeen aikana teht\u00e4vist\u00e4 selvi\u00adtyk\u00adsist\u00e4 ja mallinnuk\u00adsista. Han\u00adkkeessa toteutetaan my\u00f6s oppi\u00adlaitosten johdolle 2 webi\u00adnaaria pienist\u00e4 osaamiskokon\u00adaisuuk\u00adsista.<\/p>\n\n\n\n<p>Han\u00adke on Euroopan union\u00adin osara\u00adhoit\u00adta\u00adma<\/p>\n\n\n\n<h2 class=\"wp-block-heading\">Projektin kesto<\/h2>\n\n\n\n<p>1.2.2025 \u2014 31.1.2027<\/p>\n\n\n\n<h2 class=\"wp-block-heading\">Projektip\u00e4\u00e4llikk\u00f6<\/h2>\n\n\n\n<p><strong>Paa\u00advo Raap\u00adpana<\/strong><br>Paavo.Raappana(a)karelia.fi<\/p>\n\n\n\n<h2 class=\"wp-block-heading\">Hankepartnerit<\/h2>\n\n\n\n<p><a href=\"https:\/\/oamk.fi\/\">Oulun ammat\u00adtiko\u00adrkeak\u00adoulu<\/a> (p\u00e4\u00e4\u00adto\u00adto\u00adteut\u00adta\u00adja)<br><a href=\"https:\/\/net.centria.fi\/\">Cen\u00adtria-ammat\u00adtiko\u00adrkeak\u00adoulu<\/a><br><a href=\"https:\/\/www.diak.fi\/\">Diako\u00adnia-ammat\u00adtiko\u00adrkeak\u00adoulu<\/a><br><a href=\"https:\/\/www.humak.fi\/\">Human\u00adisti\u00adnen ammat\u00adtiko\u00adrkeak\u00adoulu<\/a><br><a href=\"https:\/\/www.jamk.fi\/\">Jyv\u00e4skyl\u00e4n ammat\u00adtiko\u00adrkeak\u00adoulu<\/a><br><a href=\"https:\/\/kamk.fi\/\">Kajaanin ammat\u00adtiko\u00adrkeak\u00adoulu<\/a><br><a href=\"https:\/\/lapinamk.fi\/\">Lapin ammat\u00adtiko\u00adrkeak\u00adoulu<\/a><br><a href=\"https:\/\/www.savonia.fi\/\">Savo\u00adnia-ammat\u00adtiko\u00adrkeak\u00adoulu<\/a><br><a href=\"https:\/\/www.seamk.fi\/\">Sein\u00e4joen ammat\u00adtiko\u00adrkeak\u00adoulu<\/a><br><a href=\"https:\/\/www.vamk.fi\/\">Vaasan ammat\u00adtiko\u00adrkeak\u00adoulu<\/a><\/p>\n\n\n\n<h2 class=\"wp-block-heading\">Rahoitus<\/h2>\n\n\n\n<p>ESR+ ohjel\u00adma<\/p>\n\n\n\n<figure class=\"wp-block-image size-full is-resized\"><img decoding=\"async\" src=\"https:\/\/hankkeet.karelia.fi\/pinko-pienet-osaamiskokonaisuudet-tyoelaman-tueksi\/wp-content\/uploads\/sites\/20\/2026\/03\/pinko_kk_palkki.jpg\" alt class=\"wp-image-77938\" style=\"width:709px;height:auto\"><\/figure>\n","protected":false},"excerpt":{"rendered":"<p>PINKO \u2014 Pienet osaamiskokon\u00adaisu\u00adudet ty\u00f6el\u00e4m\u00e4n tuek\u00adsi \u2011han\u00adke val\u00admen\u00adtaa ammat\u00adtiko\u00adrkeak\u00adoulu\u00adjen henkil\u00f6st\u00f6\u00e4 pien\u00adten osaamiskokon\u00adaisuuk\u00adsien toteut\u00adtamiseen. Pienet osaamiskokon\u00adaisu\u00adudet ovat kon\u00adsep\u00adti oppi\u00adlaitosten jatku\u00advan oppimisen toimin\u00adnas\u00adsa. Han\u00adke selvit\u00adt\u00e4\u00e4 ja mallintaa ammat\u00adtiko\u00adrkeak\u00adoulu\u00adjen ty\u00f6el\u00e4m\u00e4y\u00adhteisty\u00f6t\u00e4, ker\u00e4\u00e4 hyvi\u00e4 k\u00e4yt\u00e4n\u00adteit\u00e4 ty\u00f6el\u00e4m\u00e4y\u00adhteisty\u00f6st\u00e4 sek\u00e4 selvit\u00adt\u00e4\u00e4 eri ty\u00f6\u00adnan\u00adta\u00adjaverkos\u00adto\u00adjen n\u00e4ke\u00admys\u00adt\u00e4 ty\u00f6el\u00e4m\u00e4n osaamis- ja koulu\u00adtus\u00adtarpeista, joi\u00adhin pie\u00adnil\u00adl\u00e4 osaamiskokon\u00adaisuuk\u00adsil\u00adla voidaan vas\u00adta\u00adta. Han\u00adkkeessa raken\u00adnetaan pien\u00adten osaamiskokon\u00adaisuuk\u00adsien tuotan\u00adtoma\u00adlle\u00adja, jois\u00adsa huomioidaan muun muas\u00adsa TKI-han\u00adkkeis\u00adsa [\u2026]<\/p>\n","protected":false},"author":10,"featured_media":17,"parent":0,"menu_order":0,"comment_status":"closed","ping_status":"closed","template":"","meta":{"inline_featured_image":false,"wp_typography_post_enhancements_disabled":false,"footnotes":""},"class_list":["post-20","page","type-page","status-publish","has-post-thumbnail","hentry"],"yoast_head":"<!-- This site is optimized with the Yoast SEO plugin v27.5 - https:\/\/yoast.com\/product\/yoast-seo-wordpress\/ -->\n<title>PINKO &#8211; Pienet osaamiskokonaisuudet ty\u00f6el\u00e4m\u00e4n tueksi - PINKO &#8211; Pienet osaamiskokonaisuudet ty\u00f6el\u00e4m\u00e4n tueksi<\/title>\n<meta name=\"robots\" content=\"index, follow, max-snippet:-1, max-image-preview:large, max-video-preview:-1\" \/>\n<link rel=\"canonical\" href=\"https:\/\/hankkeet.karelia.fi\/pinko-pienet-osaamiskokonaisuudet-tyoelaman-tueksi\/\" \/>\n<meta property=\"og:locale\" content=\"fi_FI\" \/>\n<meta property=\"og:type\" content=\"article\" \/>\n<meta property=\"og:title\" content=\"PINKO &#8211; Pienet osaamiskokonaisuudet ty\u00f6el\u00e4m\u00e4n tueksi - PINKO &#8211; Pienet osaamiskokonaisuudet ty\u00f6el\u00e4m\u00e4n tueksi\" \/>\n<meta property=\"og:description\" content=\"PINKO \u2014 Pienet osaamiskokon\u00adaisu\u00adudet ty\u00f6el\u00e4m\u00e4n tuek\u00adsi \u2011han\u00adke val\u00admen\u00adtaa ammat\u00adtiko\u00adrkeak\u00adoulu\u00adjen henkil\u00f6st\u00f6\u00e4 pien\u00adten osaamiskokon\u00adaisuuk\u00adsien toteut\u00adtamiseen. Pienet osaamiskokon\u00adaisu\u00adudet ovat kon\u00adsep\u00adti oppi\u00adlaitosten jatku\u00advan oppimisen toimin\u00adnas\u00adsa. Han\u00adke selvit\u00adt\u00e4\u00e4 ja mallintaa ammat\u00adtiko\u00adrkeak\u00adoulu\u00adjen ty\u00f6el\u00e4m\u00e4y\u00adhteisty\u00f6t\u00e4, ker\u00e4\u00e4 hyvi\u00e4 k\u00e4yt\u00e4n\u00adteit\u00e4 ty\u00f6el\u00e4m\u00e4y\u00adhteisty\u00f6st\u00e4 sek\u00e4 selvit\u00adt\u00e4\u00e4 eri ty\u00f6\u00adnan\u00adta\u00adjaverkos\u00adto\u00adjen n\u00e4ke\u00admys\u00adt\u00e4 ty\u00f6el\u00e4m\u00e4n osaamis- ja koulu\u00adtus\u00adtarpeista, joi\u00adhin pie\u00adnil\u00adl\u00e4 osaamiskokon\u00adaisuuk\u00adsil\u00adla voidaan vas\u00adta\u00adta. Han\u00adkkeessa raken\u00adnetaan pien\u00adten osaamiskokon\u00adaisuuk\u00adsien tuotan\u00adtoma\u00adlle\u00adja, jois\u00adsa huomioidaan muun muas\u00adsa TKI-han\u00adkkeis\u00adsa [&hellip;]\" \/>\n<meta property=\"og:url\" content=\"https:\/\/hankkeet.karelia.fi\/pinko-pienet-osaamiskokonaisuudet-tyoelaman-tueksi\/\" \/>\n<meta property=\"og:site_name\" content=\"PINKO &#8211; Pienet osaamiskokonaisuudet ty\u00f6el\u00e4m\u00e4n tueksi\" \/>\n<meta property=\"article:modified_time\" content=\"2026-04-23T10:09:10+00:00\" \/>\n<meta property=\"og:image\" content=\"https:\/\/hankkeet.karelia.fi\/pinko-pienet-osaamiskokonaisuudet-tyoelaman-tueksi\/wp-content\/uploads\/sites\/20\/2026\/03\/PINKO-Kuvituskuva.png\" \/>\n\t<meta property=\"og:image:width\" content=\"1640\" \/>\n\t<meta property=\"og:image:height\" content=\"924\" \/>\n\t<meta property=\"og:image:type\" content=\"image\/png\" \/>\n<meta name=\"twitter:card\" content=\"summary_large_image\" \/>\n<meta name=\"twitter:label1\" content=\"Arvioitu lukuaika\" \/>\n\t<meta name=\"twitter:data1\" content=\"2 minuuttia\" \/>\n<script type=\"application\/ld+json\" class=\"yoast-schema-graph\">{\"@context\":\"https:\\\/\\\/schema.org\",\"@graph\":[{\"@type\":\"WebPage\",\"@id\":\"https:\\\/\\\/hankkeet.karelia.fi\\\/pinko-pienet-osaamiskokonaisuudet-tyoelaman-tueksi\\\/\",\"url\":\"https:\\\/\\\/hankkeet.karelia.fi\\\/pinko-pienet-osaamiskokonaisuudet-tyoelaman-tueksi\\\/\",\"name\":\"PINKO &#8211; Pienet osaamiskokonaisuudet ty\u00f6el\u00e4m\u00e4n tueksi - PINKO &#8211; Pienet osaamiskokonaisuudet ty\u00f6el\u00e4m\u00e4n tueksi\",\"isPartOf\":{\"@id\":\"https:\\\/\\\/hankkeet.karelia.fi\\\/pinko-pienet-osaamiskokonaisuudet-tyoelaman-tueksi\\\/#website\"},\"primaryImageOfPage\":{\"@id\":\"https:\\\/\\\/hankkeet.karelia.fi\\\/pinko-pienet-osaamiskokonaisuudet-tyoelaman-tueksi\\\/#primaryimage\"},\"image\":{\"@id\":\"https:\\\/\\\/hankkeet.karelia.fi\\\/pinko-pienet-osaamiskokonaisuudet-tyoelaman-tueksi\\\/#primaryimage\"},\"thumbnailUrl\":\"https:\\\/\\\/hankkeet.karelia.fi\\\/pinko-pienet-osaamiskokonaisuudet-tyoelaman-tueksi\\\/wp-content\\\/uploads\\\/sites\\\/20\\\/2026\\\/03\\\/PINKO-Kuvituskuva.png\",\"datePublished\":\"2026-03-17T07:23:04+00:00\",\"dateModified\":\"2026-04-23T10:09:10+00:00\",\"breadcrumb\":{\"@id\":\"https:\\\/\\\/hankkeet.karelia.fi\\\/pinko-pienet-osaamiskokonaisuudet-tyoelaman-tueksi\\\/#breadcrumb\"},\"inLanguage\":\"fi\",\"potentialAction\":[{\"@type\":\"ReadAction\",\"target\":[\"https:\\\/\\\/hankkeet.karelia.fi\\\/pinko-pienet-osaamiskokonaisuudet-tyoelaman-tueksi\\\/\"]}]},{\"@type\":\"ImageObject\",\"inLanguage\":\"fi\",\"@id\":\"https:\\\/\\\/hankkeet.karelia.fi\\\/pinko-pienet-osaamiskokonaisuudet-tyoelaman-tueksi\\\/#primaryimage\",\"url\":\"https:\\\/\\\/hankkeet.karelia.fi\\\/pinko-pienet-osaamiskokonaisuudet-tyoelaman-tueksi\\\/wp-content\\\/uploads\\\/sites\\\/20\\\/2026\\\/03\\\/PINKO-Kuvituskuva.png\",\"contentUrl\":\"https:\\\/\\\/hankkeet.karelia.fi\\\/pinko-pienet-osaamiskokonaisuudet-tyoelaman-tueksi\\\/wp-content\\\/uploads\\\/sites\\\/20\\\/2026\\\/03\\\/PINKO-Kuvituskuva.png\",\"width\":1640,\"height\":924},{\"@type\":\"BreadcrumbList\",\"@id\":\"https:\\\/\\\/hankkeet.karelia.fi\\\/pinko-pienet-osaamiskokonaisuudet-tyoelaman-tueksi\\\/#breadcrumb\",\"itemListElement\":[{\"@type\":\"ListItem\",\"position\":1,\"name\":\"Home\",\"item\":\"https:\\\/\\\/hankkeet.karelia.fi\\\/pinko-pienet-osaamiskokonaisuudet-tyoelaman-tueksi\\\/\"},{\"@type\":\"ListItem\",\"position\":2,\"name\":\"PINKO &#8211; Pienet osaamiskokonaisuudet ty\u00f6el\u00e4m\u00e4n tueksi\"}]},{\"@type\":\"WebSite\",\"@id\":\"https:\\\/\\\/hankkeet.karelia.fi\\\/pinko-pienet-osaamiskokonaisuudet-tyoelaman-tueksi\\\/#website\",\"url\":\"https:\\\/\\\/hankkeet.karelia.fi\\\/pinko-pienet-osaamiskokonaisuudet-tyoelaman-tueksi\\\/\",\"name\":\"PINKO &#8211; Pienet osaamiskokonaisuudet ty\u00f6el\u00e4m\u00e4n tueksi\",\"description\":\"\",\"publisher\":{\"@id\":\"https:\\\/\\\/hankkeet.karelia.fi\\\/pinko-pienet-osaamiskokonaisuudet-tyoelaman-tueksi\\\/#organization\"},\"potentialAction\":[{\"@type\":\"SearchAction\",\"target\":{\"@type\":\"EntryPoint\",\"urlTemplate\":\"https:\\\/\\\/hankkeet.karelia.fi\\\/pinko-pienet-osaamiskokonaisuudet-tyoelaman-tueksi\\\/?s={search_term_string}\"},\"query-input\":{\"@type\":\"PropertyValueSpecification\",\"valueRequired\":true,\"valueName\":\"search_term_string\"}}],\"inLanguage\":\"fi\"},{\"@type\":\"Organization\",\"@id\":\"https:\\\/\\\/hankkeet.karelia.fi\\\/pinko-pienet-osaamiskokonaisuudet-tyoelaman-tueksi\\\/#organization\",\"name\":\"PINKO &#8211; Pienet osaamiskokonaisuudet ty\u00f6el\u00e4m\u00e4n tueksi\",\"url\":\"https:\\\/\\\/hankkeet.karelia.fi\\\/pinko-pienet-osaamiskokonaisuudet-tyoelaman-tueksi\\\/\",\"logo\":{\"@type\":\"ImageObject\",\"inLanguage\":\"fi\",\"@id\":\"https:\\\/\\\/hankkeet.karelia.fi\\\/pinko-pienet-osaamiskokonaisuudet-tyoelaman-tueksi\\\/#\\\/schema\\\/logo\\\/image\\\/\",\"url\":\"https:\\\/\\\/hankkeet.karelia.fi\\\/pinko-pienet-osaamiskokonaisuudet-tyoelaman-tueksi\\\/wp-content\\\/uploads\\\/sites\\\/20\\\/2026\\\/03\\\/cropped-cropped-Karelia_AMK_logo_RGB-1.png\",\"contentUrl\":\"https:\\\/\\\/hankkeet.karelia.fi\\\/pinko-pienet-osaamiskokonaisuudet-tyoelaman-tueksi\\\/wp-content\\\/uploads\\\/sites\\\/20\\\/2026\\\/03\\\/cropped-cropped-Karelia_AMK_logo_RGB-1.png\",\"width\":427,\"height\":116,\"caption\":\"PINKO &#8211; Pienet osaamiskokonaisuudet ty\u00f6el\u00e4m\u00e4n tueksi\"},\"image\":{\"@id\":\"https:\\\/\\\/hankkeet.karelia.fi\\\/pinko-pienet-osaamiskokonaisuudet-tyoelaman-tueksi\\\/#\\\/schema\\\/logo\\\/image\\\/\"}}]}<\/script>\n<!-- \/ Yoast SEO plugin. -->","yoast_head_json":{"title":"PINKO &#8211; Pienet osaamiskokonaisuudet ty\u00f6el\u00e4m\u00e4n tueksi - PINKO &#8211; Pienet osaamiskokonaisuudet ty\u00f6el\u00e4m\u00e4n tueksi","robots":{"index":"index","follow":"follow","max-snippet":"max-snippet:-1","max-image-preview":"max-image-preview:large","max-video-preview":"max-video-preview:-1"},"canonical":"https:\/\/hankkeet.karelia.fi\/pinko-pienet-osaamiskokonaisuudet-tyoelaman-tueksi\/","og_locale":"fi_FI","og_type":"article","og_title":"PINKO &#8211; Pienet osaamiskokonaisuudet ty\u00f6el\u00e4m\u00e4n tueksi - PINKO &#8211; Pienet osaamiskokonaisuudet ty\u00f6el\u00e4m\u00e4n tueksi","og_description":"PINKO \u2014 Pienet osaamiskokon\u00adaisu\u00adudet ty\u00f6el\u00e4m\u00e4n tuek\u00adsi \u2011han\u00adke val\u00admen\u00adtaa ammat\u00adtiko\u00adrkeak\u00adoulu\u00adjen henkil\u00f6st\u00f6\u00e4 pien\u00adten osaamiskokon\u00adaisuuk\u00adsien toteut\u00adtamiseen. Pienet osaamiskokon\u00adaisu\u00adudet ovat kon\u00adsep\u00adti oppi\u00adlaitosten jatku\u00advan oppimisen toimin\u00adnas\u00adsa. Han\u00adke selvit\u00adt\u00e4\u00e4 ja mallintaa ammat\u00adtiko\u00adrkeak\u00adoulu\u00adjen ty\u00f6el\u00e4m\u00e4y\u00adhteisty\u00f6t\u00e4, ker\u00e4\u00e4 hyvi\u00e4 k\u00e4yt\u00e4n\u00adteit\u00e4 ty\u00f6el\u00e4m\u00e4y\u00adhteisty\u00f6st\u00e4 sek\u00e4 selvit\u00adt\u00e4\u00e4 eri ty\u00f6\u00adnan\u00adta\u00adjaverkos\u00adto\u00adjen n\u00e4ke\u00admys\u00adt\u00e4 ty\u00f6el\u00e4m\u00e4n osaamis- ja koulu\u00adtus\u00adtarpeista, joi\u00adhin pie\u00adnil\u00adl\u00e4 osaamiskokon\u00adaisuuk\u00adsil\u00adla voidaan vas\u00adta\u00adta. Han\u00adkkeessa raken\u00adnetaan pien\u00adten osaamiskokon\u00adaisuuk\u00adsien tuotan\u00adtoma\u00adlle\u00adja, jois\u00adsa huomioidaan muun muas\u00adsa TKI-han\u00adkkeis\u00adsa [&hellip;]","og_url":"https:\/\/hankkeet.karelia.fi\/pinko-pienet-osaamiskokonaisuudet-tyoelaman-tueksi\/","og_site_name":"PINKO &#8211; Pienet osaamiskokonaisuudet ty\u00f6el\u00e4m\u00e4n tueksi","article_modified_time":"2026-04-23T10:09:10+00:00","og_image":[{"width":1640,"height":924,"url":"https:\/\/hankkeet.karelia.fi\/pinko-pienet-osaamiskokonaisuudet-tyoelaman-tueksi\/wp-content\/uploads\/sites\/20\/2026\/03\/PINKO-Kuvituskuva.png","type":"image\/png"}],"twitter_card":"summary_large_image","twitter_misc":{"Arvioitu lukuaika":"2 minuuttia"},"schema":{"@context":"https:\/\/schema.org","@graph":[{"@type":"WebPage","@id":"https:\/\/hankkeet.karelia.fi\/pinko-pienet-osaamiskokonaisuudet-tyoelaman-tueksi\/","url":"https:\/\/hankkeet.karelia.fi\/pinko-pienet-osaamiskokonaisuudet-tyoelaman-tueksi\/","name":"PINKO &#8211; Pienet osaamiskokonaisuudet ty\u00f6el\u00e4m\u00e4n tueksi - PINKO &#8211; Pienet osaamiskokonaisuudet ty\u00f6el\u00e4m\u00e4n tueksi","isPartOf":{"@id":"https:\/\/hankkeet.karelia.fi\/pinko-pienet-osaamiskokonaisuudet-tyoelaman-tueksi\/#website"},"primaryImageOfPage":{"@id":"https:\/\/hankkeet.karelia.fi\/pinko-pienet-osaamiskokonaisuudet-tyoelaman-tueksi\/#primaryimage"},"image":{"@id":"https:\/\/hankkeet.karelia.fi\/pinko-pienet-osaamiskokonaisuudet-tyoelaman-tueksi\/#primaryimage"},"thumbnailUrl":"https:\/\/hankkeet.karelia.fi\/pinko-pienet-osaamiskokonaisuudet-tyoelaman-tueksi\/wp-content\/uploads\/sites\/20\/2026\/03\/PINKO-Kuvituskuva.png","datePublished":"2026-03-17T07:23:04+00:00","dateModified":"2026-04-23T10:09:10+00:00","breadcrumb":{"@id":"https:\/\/hankkeet.karelia.fi\/pinko-pienet-osaamiskokonaisuudet-tyoelaman-tueksi\/#breadcrumb"},"inLanguage":"fi","potentialAction":[{"@type":"ReadAction","target":["https:\/\/hankkeet.karelia.fi\/pinko-pienet-osaamiskokonaisuudet-tyoelaman-tueksi\/"]}]},{"@type":"ImageObject","inLanguage":"fi","@id":"https:\/\/hankkeet.karelia.fi\/pinko-pienet-osaamiskokonaisuudet-tyoelaman-tueksi\/#primaryimage","url":"https:\/\/hankkeet.karelia.fi\/pinko-pienet-osaamiskokonaisuudet-tyoelaman-tueksi\/wp-content\/uploads\/sites\/20\/2026\/03\/PINKO-Kuvituskuva.png","contentUrl":"https:\/\/hankkeet.karelia.fi\/pinko-pienet-osaamiskokonaisuudet-tyoelaman-tueksi\/wp-content\/uploads\/sites\/20\/2026\/03\/PINKO-Kuvituskuva.png","width":1640,"height":924},{"@type":"BreadcrumbList","@id":"https:\/\/hankkeet.karelia.fi\/pinko-pienet-osaamiskokonaisuudet-tyoelaman-tueksi\/#breadcrumb","itemListElement":[{"@type":"ListItem","position":1,"name":"Home","item":"https:\/\/hankkeet.karelia.fi\/pinko-pienet-osaamiskokonaisuudet-tyoelaman-tueksi\/"},{"@type":"ListItem","position":2,"name":"PINKO &#8211; Pienet osaamiskokonaisuudet ty\u00f6el\u00e4m\u00e4n tueksi"}]},{"@type":"WebSite","@id":"https:\/\/hankkeet.karelia.fi\/pinko-pienet-osaamiskokonaisuudet-tyoelaman-tueksi\/#website","url":"https:\/\/hankkeet.karelia.fi\/pinko-pienet-osaamiskokonaisuudet-tyoelaman-tueksi\/","name":"PINKO &#8211; Pienet osaamiskokonaisuudet ty\u00f6el\u00e4m\u00e4n tueksi","description":"","publisher":{"@id":"https:\/\/hankkeet.karelia.fi\/pinko-pienet-osaamiskokonaisuudet-tyoelaman-tueksi\/#organization"},"potentialAction":[{"@type":"SearchAction","target":{"@type":"EntryPoint","urlTemplate":"https:\/\/hankkeet.karelia.fi\/pinko-pienet-osaamiskokonaisuudet-tyoelaman-tueksi\/?s={search_term_string}"},"query-input":{"@type":"PropertyValueSpecification","valueRequired":true,"valueName":"search_term_string"}}],"inLanguage":"fi"},{"@type":"Organization","@id":"https:\/\/hankkeet.karelia.fi\/pinko-pienet-osaamiskokonaisuudet-tyoelaman-tueksi\/#organization","name":"PINKO &#8211; Pienet osaamiskokonaisuudet ty\u00f6el\u00e4m\u00e4n tueksi","url":"https:\/\/hankkeet.karelia.fi\/pinko-pienet-osaamiskokonaisuudet-tyoelaman-tueksi\/","logo":{"@type":"ImageObject","inLanguage":"fi","@id":"https:\/\/hankkeet.karelia.fi\/pinko-pienet-osaamiskokonaisuudet-tyoelaman-tueksi\/#\/schema\/logo\/image\/","url":"https:\/\/hankkeet.karelia.fi\/pinko-pienet-osaamiskokonaisuudet-tyoelaman-tueksi\/wp-content\/uploads\/sites\/20\/2026\/03\/cropped-cropped-Karelia_AMK_logo_RGB-1.png","contentUrl":"https:\/\/hankkeet.karelia.fi\/pinko-pienet-osaamiskokonaisuudet-tyoelaman-tueksi\/wp-content\/uploads\/sites\/20\/2026\/03\/cropped-cropped-Karelia_AMK_logo_RGB-1.png","width":427,"height":116,"caption":"PINKO &#8211; Pienet osaamiskokonaisuudet ty\u00f6el\u00e4m\u00e4n tueksi"},"image":{"@id":"https:\/\/hankkeet.karelia.fi\/pinko-pienet-osaamiskokonaisuudet-tyoelaman-tueksi\/#\/schema\/logo\/image\/"}}]}},"_links":{"self":[{"href":"https:\/\/hankkeet.karelia.fi\/pinko-pienet-osaamiskokonaisuudet-tyoelaman-tueksi\/wp-json\/wp\/v2\/pages\/20","targetHints":{"allow":["GET"]}}],"collection":[{"href":"https:\/\/hankkeet.karelia.fi\/pinko-pienet-osaamiskokonaisuudet-tyoelaman-tueksi\/wp-json\/wp\/v2\/pages"}],"about":[{"href":"https:\/\/hankkeet.karelia.fi\/pinko-pienet-osaamiskokonaisuudet-tyoelaman-tueksi\/wp-json\/wp\/v2\/types\/page"}],"author":[{"embeddable":true,"href":"https:\/\/hankkeet.karelia.fi\/pinko-pienet-osaamiskokonaisuudet-tyoelaman-tueksi\/wp-json\/wp\/v2\/users\/10"}],"replies":[{"embeddable":true,"href":"https:\/\/hankkeet.karelia.fi\/pinko-pienet-osaamiskokonaisuudet-tyoelaman-tueksi\/wp-json\/wp\/v2\/comments?post=20"}],"version-history":[{"count":1,"href":"https:\/\/hankkeet.karelia.fi\/pinko-pienet-osaamiskokonaisuudet-tyoelaman-tueksi\/wp-json\/wp\/v2\/pages\/20\/revisions"}],"predecessor-version":[{"id":40,"href":"https:\/\/hankkeet.karelia.fi\/pinko-pienet-osaamiskokonaisuudet-tyoelaman-tueksi\/wp-json\/wp\/v2\/pages\/20\/revisions\/40"}],"wp:featuredmedia":[{"embeddable":true,"href":"https:\/\/hankkeet.karelia.fi\/pinko-pienet-osaamiskokonaisuudet-tyoelaman-tueksi\/wp-json\/wp\/v2\/media\/17"}],"wp:attachment":[{"href":"https:\/\/hankkeet.karelia.fi\/pinko-pienet-osaamiskokonaisuudet-tyoelaman-tueksi\/wp-json\/wp\/v2\/media?parent=20"}],"curies":[{"name":"wp","href":"https:\/\/api.w.org\/{rel}","templated":true}]}}