{"id":26,"date":"2026-04-09T13:32:29","date_gmt":"2026-04-09T10:32:29","guid":{"rendered":"https:\/\/hankkeet.karelia.fi\/pinko-pienet-osaamiskokonaisuudet-tyoelaman-tueksi\/?page_id=26"},"modified":"2026-04-09T13:32:30","modified_gmt":"2026-04-09T10:32:30","slug":"materiaalit","status":"publish","type":"page","link":"https:\/\/hankkeet.karelia.fi\/pinko-pienet-osaamiskokonaisuudet-tyoelaman-tueksi\/materiaalit\/","title":{"rendered":"Materiaalit"},"content":{"rendered":"","protected":false},"excerpt":{"rendered":"","protected":false},"author":9,"featured_media":17,"parent":0,"menu_order":0,"comment_status":"closed","ping_status":"closed","template":"","meta":{"inline_featured_image":false,"wp_typography_post_enhancements_disabled":false,"footnotes":""},"class_list":["post-26","page","type-page","status-publish","has-post-thumbnail","hentry"],"yoast_head":"<!-- This site is optimized with the Yoast SEO plugin v27.5 - https:\/\/yoast.com\/product\/yoast-seo-wordpress\/ -->\n<title>Materiaalit - PINKO &#8211; Pienet osaamiskokonaisuudet ty\u00f6el\u00e4m\u00e4n tueksi<\/title>\n<meta name=\"robots\" content=\"index, follow, max-snippet:-1, max-image-preview:large, max-video-preview:-1\" \/>\n<link rel=\"canonical\" href=\"https:\/\/hankkeet.karelia.fi\/pinko-pienet-osaamiskokonaisuudet-tyoelaman-tueksi\/materiaalit\/\" \/>\n<meta property=\"og:locale\" content=\"fi_FI\" \/>\n<meta property=\"og:type\" content=\"article\" \/>\n<meta property=\"og:title\" content=\"Materiaalit - PINKO &#8211; Pienet osaamiskokonaisuudet ty\u00f6el\u00e4m\u00e4n tueksi\" \/>\n<meta property=\"og:url\" content=\"https:\/\/hankkeet.karelia.fi\/pinko-pienet-osaamiskokonaisuudet-tyoelaman-tueksi\/materiaalit\/\" \/>\n<meta property=\"og:site_name\" content=\"PINKO &#8211; Pienet osaamiskokonaisuudet ty\u00f6el\u00e4m\u00e4n tueksi\" \/>\n<meta property=\"article:modified_time\" content=\"2026-04-09T10:32:30+00:00\" \/>\n<meta property=\"og:image\" content=\"https:\/\/hankkeet.karelia.fi\/pinko-pienet-osaamiskokonaisuudet-tyoelaman-tueksi\/wp-content\/uploads\/sites\/20\/2026\/03\/PINKO-Kuvituskuva.png\" \/>\n\t<meta property=\"og:image:width\" content=\"1640\" \/>\n\t<meta property=\"og:image:height\" content=\"924\" \/>\n\t<meta property=\"og:image:type\" content=\"image\/png\" \/>\n<meta name=\"twitter:card\" content=\"summary_large_image\" \/>\n<script type=\"application\/ld+json\" class=\"yoast-schema-graph\">{\"@context\":\"https:\\\/\\\/schema.org\",\"@graph\":[{\"@type\":\"WebPage\",\"@id\":\"https:\\\/\\\/hankkeet.karelia.fi\\\/pinko-pienet-osaamiskokonaisuudet-tyoelaman-tueksi\\\/materiaalit\\\/\",\"url\":\"https:\\\/\\\/hankkeet.karelia.fi\\\/pinko-pienet-osaamiskokonaisuudet-tyoelaman-tueksi\\\/materiaalit\\\/\",\"name\":\"Materiaalit - PINKO &#8211; Pienet osaamiskokonaisuudet ty\u00f6el\u00e4m\u00e4n tueksi\",\"isPartOf\":{\"@id\":\"https:\\\/\\\/hankkeet.karelia.fi\\\/pinko-pienet-osaamiskokonaisuudet-tyoelaman-tueksi\\\/#website\"},\"primaryImageOfPage\":{\"@id\":\"https:\\\/\\\/hankkeet.karelia.fi\\\/pinko-pienet-osaamiskokonaisuudet-tyoelaman-tueksi\\\/materiaalit\\\/#primaryimage\"},\"image\":{\"@id\":\"https:\\\/\\\/hankkeet.karelia.fi\\\/pinko-pienet-osaamiskokonaisuudet-tyoelaman-tueksi\\\/materiaalit\\\/#primaryimage\"},\"thumbnailUrl\":\"https:\\\/\\\/hankkeet.karelia.fi\\\/pinko-pienet-osaamiskokonaisuudet-tyoelaman-tueksi\\\/wp-content\\\/uploads\\\/sites\\\/20\\\/2026\\\/03\\\/PINKO-Kuvituskuva.png\",\"datePublished\":\"2026-04-09T10:32:29+00:00\",\"dateModified\":\"2026-04-09T10:32:30+00:00\",\"breadcrumb\":{\"@id\":\"https:\\\/\\\/hankkeet.karelia.fi\\\/pinko-pienet-osaamiskokonaisuudet-tyoelaman-tueksi\\\/materiaalit\\\/#breadcrumb\"},\"inLanguage\":\"fi\",\"potentialAction\":[{\"@type\":\"ReadAction\",\"target\":[\"https:\\\/\\\/hankkeet.karelia.fi\\\/pinko-pienet-osaamiskokonaisuudet-tyoelaman-tueksi\\\/materiaalit\\\/\"]}]},{\"@type\":\"ImageObject\",\"inLanguage\":\"fi\",\"@id\":\"https:\\\/\\\/hankkeet.karelia.fi\\\/pinko-pienet-osaamiskokonaisuudet-tyoelaman-tueksi\\\/materiaalit\\\/#primaryimage\",\"url\":\"https:\\\/\\\/hankkeet.karelia.fi\\\/pinko-pienet-osaamiskokonaisuudet-tyoelaman-tueksi\\\/wp-content\\\/uploads\\\/sites\\\/20\\\/2026\\\/03\\\/PINKO-Kuvituskuva.png\",\"contentUrl\":\"https:\\\/\\\/hankkeet.karelia.fi\\\/pinko-pienet-osaamiskokonaisuudet-tyoelaman-tueksi\\\/wp-content\\\/uploads\\\/sites\\\/20\\\/2026\\\/03\\\/PINKO-Kuvituskuva.png\",\"width\":1640,\"height\":924},{\"@type\":\"BreadcrumbList\",\"@id\":\"https:\\\/\\\/hankkeet.karelia.fi\\\/pinko-pienet-osaamiskokonaisuudet-tyoelaman-tueksi\\\/materiaalit\\\/#breadcrumb\",\"itemListElement\":[{\"@type\":\"ListItem\",\"position\":1,\"name\":\"Home\",\"item\":\"https:\\\/\\\/hankkeet.karelia.fi\\\/pinko-pienet-osaamiskokonaisuudet-tyoelaman-tueksi\\\/\"},{\"@type\":\"ListItem\",\"position\":2,\"name\":\"Materiaalit\"}]},{\"@type\":\"WebSite\",\"@id\":\"https:\\\/\\\/hankkeet.karelia.fi\\\/pinko-pienet-osaamiskokonaisuudet-tyoelaman-tueksi\\\/#website\",\"url\":\"https:\\\/\\\/hankkeet.karelia.fi\\\/pinko-pienet-osaamiskokonaisuudet-tyoelaman-tueksi\\\/\",\"name\":\"PINKO &#8211; Pienet osaamiskokonaisuudet ty\u00f6el\u00e4m\u00e4n tueksi\",\"description\":\"\",\"publisher\":{\"@id\":\"https:\\\/\\\/hankkeet.karelia.fi\\\/pinko-pienet-osaamiskokonaisuudet-tyoelaman-tueksi\\\/#organization\"},\"potentialAction\":[{\"@type\":\"SearchAction\",\"target\":{\"@type\":\"EntryPoint\",\"urlTemplate\":\"https:\\\/\\\/hankkeet.karelia.fi\\\/pinko-pienet-osaamiskokonaisuudet-tyoelaman-tueksi\\\/?s={search_term_string}\"},\"query-input\":{\"@type\":\"PropertyValueSpecification\",\"valueRequired\":true,\"valueName\":\"search_term_string\"}}],\"inLanguage\":\"fi\"},{\"@type\":\"Organization\",\"@id\":\"https:\\\/\\\/hankkeet.karelia.fi\\\/pinko-pienet-osaamiskokonaisuudet-tyoelaman-tueksi\\\/#organization\",\"name\":\"PINKO &#8211; Pienet osaamiskokonaisuudet ty\u00f6el\u00e4m\u00e4n tueksi\",\"url\":\"https:\\\/\\\/hankkeet.karelia.fi\\\/pinko-pienet-osaamiskokonaisuudet-tyoelaman-tueksi\\\/\",\"logo\":{\"@type\":\"ImageObject\",\"inLanguage\":\"fi\",\"@id\":\"https:\\\/\\\/hankkeet.karelia.fi\\\/pinko-pienet-osaamiskokonaisuudet-tyoelaman-tueksi\\\/#\\\/schema\\\/logo\\\/image\\\/\",\"url\":\"https:\\\/\\\/hankkeet.karelia.fi\\\/pinko-pienet-osaamiskokonaisuudet-tyoelaman-tueksi\\\/wp-content\\\/uploads\\\/sites\\\/20\\\/2026\\\/03\\\/cropped-cropped-Karelia_AMK_logo_RGB-1.png\",\"contentUrl\":\"https:\\\/\\\/hankkeet.karelia.fi\\\/pinko-pienet-osaamiskokonaisuudet-tyoelaman-tueksi\\\/wp-content\\\/uploads\\\/sites\\\/20\\\/2026\\\/03\\\/cropped-cropped-Karelia_AMK_logo_RGB-1.png\",\"width\":427,\"height\":116,\"caption\":\"PINKO &#8211; Pienet osaamiskokonaisuudet ty\u00f6el\u00e4m\u00e4n tueksi\"},\"image\":{\"@id\":\"https:\\\/\\\/hankkeet.karelia.fi\\\/pinko-pienet-osaamiskokonaisuudet-tyoelaman-tueksi\\\/#\\\/schema\\\/logo\\\/image\\\/\"}}]}<\/script>\n<!-- \/ Yoast SEO plugin. -->","yoast_head_json":{"title":"Materiaalit - PINKO &#8211; Pienet osaamiskokonaisuudet ty\u00f6el\u00e4m\u00e4n tueksi","robots":{"index":"index","follow":"follow","max-snippet":"max-snippet:-1","max-image-preview":"max-image-preview:large","max-video-preview":"max-video-preview:-1"},"canonical":"https:\/\/hankkeet.karelia.fi\/pinko-pienet-osaamiskokonaisuudet-tyoelaman-tueksi\/materiaalit\/","og_locale":"fi_FI","og_type":"article","og_title":"Materiaalit - PINKO &#8211; Pienet osaamiskokonaisuudet ty\u00f6el\u00e4m\u00e4n tueksi","og_url":"https:\/\/hankkeet.karelia.fi\/pinko-pienet-osaamiskokonaisuudet-tyoelaman-tueksi\/materiaalit\/","og_site_name":"PINKO &#8211; Pienet osaamiskokonaisuudet ty\u00f6el\u00e4m\u00e4n tueksi","article_modified_time":"2026-04-09T10:32:30+00:00","og_image":[{"width":1640,"height":924,"url":"https:\/\/hankkeet.karelia.fi\/pinko-pienet-osaamiskokonaisuudet-tyoelaman-tueksi\/wp-content\/uploads\/sites\/20\/2026\/03\/PINKO-Kuvituskuva.png","type":"image\/png"}],"twitter_card":"summary_large_image","schema":{"@context":"https:\/\/schema.org","@graph":[{"@type":"WebPage","@id":"https:\/\/hankkeet.karelia.fi\/pinko-pienet-osaamiskokonaisuudet-tyoelaman-tueksi\/materiaalit\/","url":"https:\/\/hankkeet.karelia.fi\/pinko-pienet-osaamiskokonaisuudet-tyoelaman-tueksi\/materiaalit\/","name":"Materiaalit - PINKO &#8211; Pienet osaamiskokonaisuudet ty\u00f6el\u00e4m\u00e4n tueksi","isPartOf":{"@id":"https:\/\/hankkeet.karelia.fi\/pinko-pienet-osaamiskokonaisuudet-tyoelaman-tueksi\/#website"},"primaryImageOfPage":{"@id":"https:\/\/hankkeet.karelia.fi\/pinko-pienet-osaamiskokonaisuudet-tyoelaman-tueksi\/materiaalit\/#primaryimage"},"image":{"@id":"https:\/\/hankkeet.karelia.fi\/pinko-pienet-osaamiskokonaisuudet-tyoelaman-tueksi\/materiaalit\/#primaryimage"},"thumbnailUrl":"https:\/\/hankkeet.karelia.fi\/pinko-pienet-osaamiskokonaisuudet-tyoelaman-tueksi\/wp-content\/uploads\/sites\/20\/2026\/03\/PINKO-Kuvituskuva.png","datePublished":"2026-04-09T10:32:29+00:00","dateModified":"2026-04-09T10:32:30+00:00","breadcrumb":{"@id":"https:\/\/hankkeet.karelia.fi\/pinko-pienet-osaamiskokonaisuudet-tyoelaman-tueksi\/materiaalit\/#breadcrumb"},"inLanguage":"fi","potentialAction":[{"@type":"ReadAction","target":["https:\/\/hankkeet.karelia.fi\/pinko-pienet-osaamiskokonaisuudet-tyoelaman-tueksi\/materiaalit\/"]}]},{"@type":"ImageObject","inLanguage":"fi","@id":"https:\/\/hankkeet.karelia.fi\/pinko-pienet-osaamiskokonaisuudet-tyoelaman-tueksi\/materiaalit\/#primaryimage","url":"https:\/\/hankkeet.karelia.fi\/pinko-pienet-osaamiskokonaisuudet-tyoelaman-tueksi\/wp-content\/uploads\/sites\/20\/2026\/03\/PINKO-Kuvituskuva.png","contentUrl":"https:\/\/hankkeet.karelia.fi\/pinko-pienet-osaamiskokonaisuudet-tyoelaman-tueksi\/wp-content\/uploads\/sites\/20\/2026\/03\/PINKO-Kuvituskuva.png","width":1640,"height":924},{"@type":"BreadcrumbList","@id":"https:\/\/hankkeet.karelia.fi\/pinko-pienet-osaamiskokonaisuudet-tyoelaman-tueksi\/materiaalit\/#breadcrumb","itemListElement":[{"@type":"ListItem","position":1,"name":"Home","item":"https:\/\/hankkeet.karelia.fi\/pinko-pienet-osaamiskokonaisuudet-tyoelaman-tueksi\/"},{"@type":"ListItem","position":2,"name":"Materiaalit"}]},{"@type":"WebSite","@id":"https:\/\/hankkeet.karelia.fi\/pinko-pienet-osaamiskokonaisuudet-tyoelaman-tueksi\/#website","url":"https:\/\/hankkeet.karelia.fi\/pinko-pienet-osaamiskokonaisuudet-tyoelaman-tueksi\/","name":"PINKO &#8211; Pienet osaamiskokonaisuudet ty\u00f6el\u00e4m\u00e4n tueksi","description":"","publisher":{"@id":"https:\/\/hankkeet.karelia.fi\/pinko-pienet-osaamiskokonaisuudet-tyoelaman-tueksi\/#organization"},"potentialAction":[{"@type":"SearchAction","target":{"@type":"EntryPoint","urlTemplate":"https:\/\/hankkeet.karelia.fi\/pinko-pienet-osaamiskokonaisuudet-tyoelaman-tueksi\/?s={search_term_string}"},"query-input":{"@type":"PropertyValueSpecification","valueRequired":true,"valueName":"search_term_string"}}],"inLanguage":"fi"},{"@type":"Organization","@id":"https:\/\/hankkeet.karelia.fi\/pinko-pienet-osaamiskokonaisuudet-tyoelaman-tueksi\/#organization","name":"PINKO &#8211; Pienet osaamiskokonaisuudet ty\u00f6el\u00e4m\u00e4n tueksi","url":"https:\/\/hankkeet.karelia.fi\/pinko-pienet-osaamiskokonaisuudet-tyoelaman-tueksi\/","logo":{"@type":"ImageObject","inLanguage":"fi","@id":"https:\/\/hankkeet.karelia.fi\/pinko-pienet-osaamiskokonaisuudet-tyoelaman-tueksi\/#\/schema\/logo\/image\/","url":"https:\/\/hankkeet.karelia.fi\/pinko-pienet-osaamiskokonaisuudet-tyoelaman-tueksi\/wp-content\/uploads\/sites\/20\/2026\/03\/cropped-cropped-Karelia_AMK_logo_RGB-1.png","contentUrl":"https:\/\/hankkeet.karelia.fi\/pinko-pienet-osaamiskokonaisuudet-tyoelaman-tueksi\/wp-content\/uploads\/sites\/20\/2026\/03\/cropped-cropped-Karelia_AMK_logo_RGB-1.png","width":427,"height":116,"caption":"PINKO &#8211; Pienet osaamiskokonaisuudet ty\u00f6el\u00e4m\u00e4n tueksi"},"image":{"@id":"https:\/\/hankkeet.karelia.fi\/pinko-pienet-osaamiskokonaisuudet-tyoelaman-tueksi\/#\/schema\/logo\/image\/"}}]}},"_links":{"self":[{"href":"https:\/\/hankkeet.karelia.fi\/pinko-pienet-osaamiskokonaisuudet-tyoelaman-tueksi\/wp-json\/wp\/v2\/pages\/26","targetHints":{"allow":["GET"]}}],"collection":[{"href":"https:\/\/hankkeet.karelia.fi\/pinko-pienet-osaamiskokonaisuudet-tyoelaman-tueksi\/wp-json\/wp\/v2\/pages"}],"about":[{"href":"https:\/\/hankkeet.karelia.fi\/pinko-pienet-osaamiskokonaisuudet-tyoelaman-tueksi\/wp-json\/wp\/v2\/types\/page"}],"author":[{"embeddable":true,"href":"https:\/\/hankkeet.karelia.fi\/pinko-pienet-osaamiskokonaisuudet-tyoelaman-tueksi\/wp-json\/wp\/v2\/users\/9"}],"replies":[{"embeddable":true,"href":"https:\/\/hankkeet.karelia.fi\/pinko-pienet-osaamiskokonaisuudet-tyoelaman-tueksi\/wp-json\/wp\/v2\/comments?post=26"}],"version-history":[{"count":1,"href":"https:\/\/hankkeet.karelia.fi\/pinko-pienet-osaamiskokonaisuudet-tyoelaman-tueksi\/wp-json\/wp\/v2\/pages\/26\/revisions"}],"predecessor-version":[{"id":27,"href":"https:\/\/hankkeet.karelia.fi\/pinko-pienet-osaamiskokonaisuudet-tyoelaman-tueksi\/wp-json\/wp\/v2\/pages\/26\/revisions\/27"}],"wp:featuredmedia":[{"embeddable":true,"href":"https:\/\/hankkeet.karelia.fi\/pinko-pienet-osaamiskokonaisuudet-tyoelaman-tueksi\/wp-json\/wp\/v2\/media\/17"}],"wp:attachment":[{"href":"https:\/\/hankkeet.karelia.fi\/pinko-pienet-osaamiskokonaisuudet-tyoelaman-tueksi\/wp-json\/wp\/v2\/media?parent=26"}],"curies":[{"name":"wp","href":"https:\/\/api.w.org\/{rel}","templated":true}]}}