{"id":21,"date":"2026-03-17T15:20:27","date_gmt":"2026-03-17T13:20:27","guid":{"rendered":"https:\/\/hankkeet.karelia.fi\/plastlife-sip-muovien-kestava-kiertotalous\/plastlife-sip-muovien-kestava-kiertotalous\/"},"modified":"2026-03-17T15:20:27","modified_gmt":"2026-03-17T13:20:27","slug":"plastlife-sip-muovien-kestava-kiertotalous","status":"publish","type":"page","link":"https:\/\/hankkeet.karelia.fi\/plastlife-sip-muovien-kestava-kiertotalous\/","title":{"rendered":"PlastLIFE SIP \u2013 Muovien kest\u00e4v\u00e4 kiertotalous"},"content":{"rendered":"\n<figure class=\"wp-block-image size-full is-resized\"><img decoding=\"async\" src=\"https:\/\/hankkeet.karelia.fi\/plastlife-sip-muovien-kestava-kiertotalous\/wp-content\/uploads\/sites\/67\/2026\/03\/plastlife_palkki.jpg\" alt class=\"wp-image-76016\" style=\"width:709px;height:auto\"><\/figure>\n\n\n\n<h2 class=\"wp-block-heading\">Karelia ammattikorkeakoulu tutkii, testaa ja edist\u00e4\u00e4 kierr\u00e4tysraaka-aineiden k\u00e4ytt\u00f6\u00e4<\/h2>\n\n\n\n<p>Toteu\u00adtu\u00adsai\u00adka 2023\u20132029<br>Kare\u00adlian teht\u00e4v\u00e4t Plas\u00adtLIFE-han\u00adkkeessa jakaan\u00adtu\u00advat nelj\u00e4\u00e4n teemaan, jot\u00adka liit\u00adtyv\u00e4t saumat\u00adtomasti toisi\u00adin\u00adsa:<\/p>\n\n\n\n<h3 class=\"wp-block-heading\">1. Muovij\u00e4tteiden ker\u00e4\u00e4minen, esik\u00e4sittely ja jalostaminen tuotteiden raaka-aineeksi (rakeet, pelletit)<\/h3>\n\n\n\n<p>Tavoit\u00adteemme kytkey\u00adtyv\u00e4t muovi\u00adj\u00e4t\u00adtei\u00adden ker\u00e4\u00e4miseen, esik\u00e4sit\u00adte\u00adlyyn, gran\u00adu\u00adloin\u00adti\u00adin ja pel\u00adlet\u00f6in\u00adti\u00adin. Tes\u00adtaamme eri\u00adlaisia tuotan\u00adtomenetelmi\u00e4 muovi\u00adj\u00e4t\u00adteen jatkok\u00e4sit\u00adte\u00adlyyn hyvin pieness\u00e4 mit\u00adtakaavas\u00adsa har\u00advaan asu\u00adtul\u00adla alueel\u00adla. Teknisen\u00e4 tuotan\u00adto\u00adtavoit\u00adteena on fysikaa\u00adli\u00adnen jatkok\u00e4sit\u00adte\u00adly, jos\u00adsa muovi\u00adj\u00e4te\u00adm\u00adate\u00adri\u00adaalit k\u00e4sitel\u00adl\u00e4\u00e4n ilman kemi\u00adal\u00adlisia menetelmi\u00e4 tai ilman vesipesua.<\/p>\n\n\n\n<p>Varsinkin maat\u00adalous\u00admuovien kier\u00adr\u00e4\u00adtysaste on Pohjois-Kar\u00adjalas\u00adsa hyvin pieni. Kare\u00adlia aikoo k\u00e4yt\u00e4n\u00adn\u00f6ss\u00e4 osoit\u00adtaa, ett\u00e4 muovi\u00adj\u00e4t\u00adteen ker\u00e4ys\u00adt\u00e4 ja esik\u00e4sit\u00adte\u00adly\u00e4 tehosta\u00admal\u00adla uusiok\u00e4yt\u00adt\u00f6 voi olla taloudel\u00adlis\u00ades\u00adti mielek\u00e4st\u00e4.<br>Kare\u00adlia kehit\u00adt\u00e4\u00e4 tekni\u00adikoi\u00adta ja toim\u00adinta\u00admalle\u00adja, jot\u00adka paran\u00adta\u00advat eri sek\u00adtor\u00adei\u00adden kuten maat\u00adalouden ja raken\u00adnus\u00adte\u00adol\u00adlisu\u00adu\u00adden mah\u00addol\u00adlisuuk\u00adsia muovi\u00adj\u00e4t\u00adtei\u00adden kier\u00adr\u00e4t\u00adt\u00e4miseen. K\u00e4yt\u00e4n\u00adn\u00f6ss\u00e4 tavoit\u00adteena on v\u00e4hen\u00adt\u00e4\u00e4 kus\u00adtan\u00adnuk\u00adsia ja tuot\u00adtaa yhdess\u00e4 maat\u00adalous\u00adtuot\u00adta\u00adjien kanssa tietoa siit\u00e4, miten normien mukainen kier\u00adr\u00e4\u00adtys voisi olla kus\u00adtan\u00adnuste\u00adhokkaam\u00adpaa. Toim\u00adinta\u00admallit t\u00e4ht\u00e4\u00e4v\u00e4t siihen, ett\u00e4 uusiomuovi\u00adraa\u00adka-ainei\u00adta k\u00e4ytet\u00e4\u00e4n pitk\u00e4ik\u00e4i\u00adsis\u00ads\u00e4 uusis\u00adsa tuot\u00adteis\u00adsa.<\/p>\n\n\n\n<p>Kare\u00adlia saa tieto\u00adja suo\u00adraan toim\u00adi\u00adjoil\u00adta, joil\u00adla on haastei\u00adta muovin kier\u00adr\u00e4\u00adtyk\u00adsess\u00e4, jot\u00adta ratkaisut oli\u00adsi\u00advat mah\u00addol\u00adlisim\u00adman k\u00e4yt\u00e4n\u00adn\u00f6n\u00adl\u00e4heisi\u00e4. Teemme l\u00e4heist\u00e4 yhteisty\u00f6t\u00e4 MTK Pohjois-Kar\u00adjalan kanssa.<br>Tutkimme ja tes\u00adtaamme eri\u00adlaisia raa\u00adka-aine\u00adseok\u00adsia, jois\u00adsa PE-LLD-j\u00e4te\u00admuovia k\u00e4sitel\u00adl\u00e4\u00e4n muiden raa\u00adka-ainei\u00adden ja \/ tai lis\u00e4ainei\u00adden kanssa. Ty\u00f6mme jakaan\u00adtuu kah\u00adteen tutkimus\u00adjak\u00adsoon, jot\u00adka ajoit\u00adtuvat Plas\u00adtLIFE-han\u00adkkeen alku\u00adun ja keski\u00advai\u00adheeseen. N\u00e4in Kare\u00adlia voi reagoi\u00adda j\u00e4te\u00admuovi\u00admarkki\u00adnoiden tilanteen muu\u00adtok\u00adsi\u00adin pro\u00adjek\u00adtin aikana.<\/p>\n\n\n\n<p>Teemme tiivist\u00e4 yhteisty\u00f6t\u00e4 Kul\u00adje\u00adtus\u00adli\u00adike Vaah\u00adterisen kanssa etsim\u00e4l\u00adl\u00e4 ja kehit\u00adt\u00e4m\u00e4l\u00adl\u00e4 sopi\u00advaa raa\u00adka-ainet\u00adta uusi\u00adin j\u00e4te\u00admuovi\/-kom\u00adposi\u00adit\u00adti \u2011tuot\u00adteisi\u00adin. Tes\u00adtauk\u00adset tehd\u00e4\u00e4n Kare\u00adlian tilois\u00adsa Joen\u00adsu\u00adus\u00adsa ja k\u00e4yt\u00e4n\u00adn\u00f6n tutkimuk\u00adset toteutetaan maatiloil\u00adla. J\u00e4te\u00admuovien tuot\u00adta\u00admi\u00adnen gran\u00adu\u00adlaateik\u00adsi tehd\u00e4\u00e4n ekstru\u00adu\u00adsiotekni\u00adikalla ali\u00adhank\u00adin\u00adtana, kos\u00adka oman ekstru\u00adu\u00adsiokoneen han\u00adk\u00adin\u00adta ei ole taloudel\u00adlis\u00ades\u00adti toteutet\u00adtavis\u00adsa.<\/p>\n\n\n\n<h3 class=\"wp-block-heading\">2. J\u00e4temuovista valmistetun kierr\u00e4tetyn raaka-aineen analyysi sek\u00e4 uusiotuotteiden valmistus ja testaaminen<\/h3>\n\n\n\n<p>Tes\u00adtaamme ensim\u00adm\u00e4isen vai\u00adheen tuo\u00adtok\u00adse\u00adna syn\u00adtynei\u00adden uusiogran\u00adu\u00adlaat\u00adtien laat\u00adua ja sovel\u00adtuvu\u00adut\u00adta kier\u00adr\u00e4\u00adtys\u00adtuot\u00adteille. K\u00e4yt\u00e4n\u00adn\u00f6ss\u00e4 han\u00adkkeen alus\u00adsa Kare\u00adlian tarkku\u00adustekni\u00adikan osaa\u00adjat valmis\u00adta\u00advat uusiomuovi\u00adtuot\u00adtei\u00adden val\u00adu\u00admuotit, joiden avul\u00adla muo\u00advista ja eri\u00adlai\u00adsista sekoituk\u00adsista valmis\u00adte\u00adtaan ruisku\u00advala\u00admal\u00adla tuot\u00adtei\u00adta. Tuot\u00adtei\u00adden laatu ja sovel\u00adtuvu\u00adus tes\u00adtataan lab\u00ado\u00adra\u00adto\u00adri\u00adotesteil\u00adl\u00e4 ja k\u00e4yt\u00e4n\u00adn\u00f6n rasituskokeil\u00adla. Tarvit\u00adtaes\u00adsa Kare\u00adlia tois\u00adtaa tutkimusty\u00f6n noin nelj\u00e4n vuo\u00adden kulut\u00adtua han\u00adkkeen alka\u00admis\u00ades\u00adta.<\/p>\n\n\n\n<h3 class=\"wp-block-heading\">3. J\u00e4temuovien k\u00e4ytt\u00f6mallien ymp\u00e4rist\u00f6vaikutukset (mikromuovip\u00e4\u00e4st\u00f6t, hiilitaselaskelmat, LCA)<\/h3>\n\n\n\n<p>Tutkimme pitk\u00e4aikaisen varas\u00adtoin\u00adnin vaiku\u00adtuk\u00adsia maat\u00adalouden j\u00e4te\u00admuovin laatu\u00adun sek\u00e4 muovin varas\u00adtoin\u00adnista aiheutu\u00advia mikro\u00admuovip\u00e4\u00e4st\u00f6j\u00e4 maaper\u00e4\u00e4n ja val\u00adumavesi\u00adin. Tutkimme samanaikaises\u00adti pitk\u00e4aikaisen varas\u00adtoin\u00adnin vaiku\u00adtuk\u00adsia muovin laatu\u00adun ja arvioimme jatkok\u00e4sit\u00adte\u00adlyn teknisi\u00e4 mah\u00addol\u00adlisuuk\u00adsia. Tavoit\u00adteenamme on j\u00e4r\u00adjest\u00e4\u00e4 koe\u00adolo\u00adsuh\u00adteet todel\u00adlises\u00adsa ymp\u00e4rist\u00f6ss\u00e4 yhteisty\u00f6ss\u00e4 maat\u00adalous\u00adtuot\u00adta\u00adjien kanssa, mut\u00adta k\u00e4yt\u00f6ss\u00e4mme on my\u00f6s lab\u00ado\u00adra\u00adto\u00adrio-olo\u00adsuhteis\u00adsa toimi\u00advat Kare\u00adlian s\u00e4\u00e4kaapit.<\/p>\n\n\n\n<h3 class=\"wp-block-heading\">4. Opetus ja tiedonjakaminen sek\u00e4 muiden osahankkeiden tulosten jalkauttaminen<\/h3>\n\n\n\n<p>J\u00e4r\u00adjest\u00e4mme sem\u00adi\u00adnaare\u00adja vuosi\u00adna 2024\u20132027. Plas\u00adtLIFE-han\u00adkkeen viimeisen\u00e4 vuote\u00adna 2029 j\u00e4r\u00adjest\u00e4mme lop\u00adpusem\u00adi\u00adnaarin mah\u00addol\u00adlis\u00ades\u00adti medi\u00adati\u00adlaisu\u00adu\u00adteen yhdis\u00adtet\u00adtyn\u00e4. Kaikkia Kare\u00adlian teht\u00e4v\u00e4kokon\u00adaisuuk\u00adsien tulok\u00adsia hy\u00f6\u00addyn\u00adnet\u00e4\u00e4n Kare\u00adlian peru\u00adsopetuk\u00adses\u00adsa koko han\u00adkkeen ajan.<\/p>\n\n\n\n<h2 class=\"wp-block-heading\">Lis\u00e4tietoja Karelia ammattikorkeakoulun roolista PlastLIFE-hankkeessa<\/h2>\n\n\n\n<p>Pro\u00adjek\u00adti\u00adasiantun\u00adti\u00adja Simo Paukkunen, Kare\u00adlia ammat\u00adtiko\u00adrkeak\u00adoulu, puh. +358 50 913 1786, simo.paukkunen@karelia.fi<\/p>\n\n\n\n<p>Tiimiku\u00adva:<\/p>\n\n\n\n<figure class=\"wp-block-image size-large\"><img decoding=\"async\" src=\"https:\/\/hankkeet.karelia.fi\/plastlife-sip-muovien-kestava-kiertotalous\/wp-content\/uploads\/sites\/67\/2026\/03\/plastlife_ryhmakuva_pieni-1536x1024-1.jpg\" alt=\"plastlife tiimikuva\" class=\"wp-image-89052\"><\/figure>\n\n\n\n<figure class=\"wp-block-image size-full\"><img decoding=\"async\" src=\"https:\/\/hankkeet.karelia.fi\/plastlife-sip-muovien-kestava-kiertotalous\/wp-content\/uploads\/sites\/67\/2026\/03\/kk13_palkki.jpg\" alt class=\"wp-image-76014\"><\/figure>\n","protected":false},"excerpt":{"rendered":"<p>Kare\u00adlia ammat\u00adtiko\u00adrkeak\u00adoulu tutkii, tes\u00adtaa ja edis\u00adt\u00e4\u00e4 kier\u00adr\u00e4\u00adtys\u00adraa\u00adka-ainei\u00adden k\u00e4yt\u00adt\u00f6\u00e4 Toteu\u00adtu\u00adsai\u00adka 2023\u20132029Kare\u00adlian teht\u00e4v\u00e4t Plas\u00adtLIFE-han\u00adk\u00adkeessa jakaan\u00adtu\u00advat nelj\u00e4\u00e4n teemaan, jot\u00adka liit\u00adtyv\u00e4t saumat\u00adtomasti toisi\u00adin\u00adsa: 1. Muovi\u00adj\u00e4t\u00adtei\u00adden ker\u00e4\u00e4mi\u00adnen, esik\u00e4sit\u00adte\u00adly ja jalost\u00ada\u00admi\u00adnen tuot\u00adtei\u00adden raa\u00adka-aineek\u00adsi (rakeet, pel\u00adletit) Tavoit\u00adteemme kytkey\u00adtyv\u00e4t muovi\u00adj\u00e4t\u00adtei\u00adden ker\u00e4\u00e4miseen, esik\u00e4sit\u00adte\u00adlyyn, gran\u00adu\u00adloin\u00adti\u00adin ja pel\u00adlet\u00f6in\u00adti\u00adin. Tes\u00adtaamme eri\u00adlaisia tuotan\u00adtomenetelmi\u00e4 muovi\u00adj\u00e4t\u00adteen jatkok\u00e4sit\u00adte\u00adlyyn hyvin pieness\u00e4 mit\u00adtakaavas\u00adsa har\u00advaan asu\u00adtul\u00adla alueel\u00adla. Teknisen\u00e4 tuotan\u00adto\u00adtavoit\u00adteena on fysikaa\u00adli\u00adnen jatkok\u00e4sit\u00adte\u00adly, jos\u00adsa muovi\u00adj\u00e4te\u00adm\u00adate\u00adri\u00adaalit [\u2026]<\/p>\n","protected":false},"author":0,"featured_media":17,"parent":0,"menu_order":0,"comment_status":"closed","ping_status":"closed","template":"","meta":{"inline_featured_image":false,"wp_typography_post_enhancements_disabled":false,"footnotes":""},"class_list":["post-21","page","type-page","status-publish","has-post-thumbnail","hentry"],"yoast_head":"<!-- This site is optimized with the Yoast SEO plugin v27.5 - https:\/\/yoast.com\/product\/yoast-seo-wordpress\/ -->\n<title>PlastLIFE SIP \u2013 Muovien kest\u00e4v\u00e4 kiertotalous - PlastLIFE SIP \u2013 Muovien kest\u00e4v\u00e4 kiertotalous<\/title>\n<meta name=\"robots\" content=\"index, follow, max-snippet:-1, max-image-preview:large, max-video-preview:-1\" \/>\n<link rel=\"canonical\" href=\"https:\/\/hankkeet.karelia.fi\/plastlife-sip-muovien-kestava-kiertotalous\/\" \/>\n<meta property=\"og:locale\" content=\"fi_FI\" \/>\n<meta property=\"og:type\" content=\"article\" \/>\n<meta property=\"og:title\" content=\"PlastLIFE SIP \u2013 Muovien kest\u00e4v\u00e4 kiertotalous - PlastLIFE SIP \u2013 Muovien kest\u00e4v\u00e4 kiertotalous\" \/>\n<meta property=\"og:description\" content=\"Karelia ammattikorkeakoulu tutkii, testaa ja edist\u00e4\u00e4 kierr\u00e4tysraaka-aineiden k\u00e4ytt\u00f6\u00e4 Toteu\u00adtu\u00adsai\u00adka 2023\u20132029Kare\u00adlian teht\u00e4v\u00e4t Plas\u00adtLIFE-han\u00adkkeessa jakaan\u00adtu\u00advat nelj\u00e4\u00e4n teemaan, jot\u00adka liit\u00adtyv\u00e4t saumat\u00adtomasti toisi\u00adin\u00adsa: 1. Muovij\u00e4tteiden ker\u00e4\u00e4minen, esik\u00e4sittely ja jalostaminen tuotteiden raaka-aineeksi (rakeet, pelletit) Tavoit\u00adteemme kytkey\u00adtyv\u00e4t muovi\u00adj\u00e4t\u00adtei\u00adden ker\u00e4\u00e4miseen, esik\u00e4sit\u00adte\u00adlyyn, gran\u00adu\u00adloin\u00adti\u00adin ja pel\u00adlet\u00f6in\u00adti\u00adin. Tes\u00adtaamme eri\u00adlaisia tuotan\u00adtomenetelmi\u00e4 muovi\u00adj\u00e4t\u00adteen jatkok\u00e4sit\u00adte\u00adlyyn hyvin pieness\u00e4 mit\u00adtakaavas\u00adsa har\u00advaan asu\u00adtul\u00adla alueel\u00adla. Teknisen\u00e4 tuotan\u00adto\u00adtavoit\u00adteena on fysikaa\u00adli\u00adnen jatkok\u00e4sit\u00adte\u00adly, jos\u00adsa muovi\u00adj\u00e4te\u00adm\u00adate\u00adri\u00adaalit [&hellip;]\" \/>\n<meta property=\"og:url\" content=\"https:\/\/hankkeet.karelia.fi\/plastlife-sip-muovien-kestava-kiertotalous\/\" \/>\n<meta property=\"og:site_name\" content=\"PlastLIFE SIP \u2013 Muovien kest\u00e4v\u00e4 kiertotalous\" \/>\n<meta name=\"twitter:card\" content=\"summary_large_image\" \/>\n<meta name=\"twitter:label1\" content=\"Arvioitu lukuaika\" \/>\n\t<meta name=\"twitter:data1\" content=\"2 minuuttia\" \/>\n<script type=\"application\/ld+json\" class=\"yoast-schema-graph\">{\"@context\":\"https:\\\/\\\/schema.org\",\"@graph\":[{\"@type\":\"WebPage\",\"@id\":\"https:\\\/\\\/hankkeet.karelia.fi\\\/plastlife-sip-muovien-kestava-kiertotalous\\\/\",\"url\":\"https:\\\/\\\/hankkeet.karelia.fi\\\/plastlife-sip-muovien-kestava-kiertotalous\\\/\",\"name\":\"PlastLIFE SIP \u2013 Muovien kest\u00e4v\u00e4 kiertotalous - PlastLIFE SIP \u2013 Muovien kest\u00e4v\u00e4 kiertotalous\",\"isPartOf\":{\"@id\":\"https:\\\/\\\/hankkeet.karelia.fi\\\/plastlife-sip-muovien-kestava-kiertotalous\\\/#website\"},\"primaryImageOfPage\":{\"@id\":\"https:\\\/\\\/hankkeet.karelia.fi\\\/plastlife-sip-muovien-kestava-kiertotalous\\\/#primaryimage\"},\"image\":{\"@id\":\"https:\\\/\\\/hankkeet.karelia.fi\\\/plastlife-sip-muovien-kestava-kiertotalous\\\/#primaryimage\"},\"thumbnailUrl\":\"https:\\\/\\\/hankkeet.karelia.fi\\\/plastlife-sip-muovien-kestava-kiertotalous\\\/wp-content\\\/uploads\\\/sites\\\/67\\\/2026\\\/03\\\/energia-scaled-1.jpg\",\"datePublished\":\"2026-03-17T13:20:27+00:00\",\"breadcrumb\":{\"@id\":\"https:\\\/\\\/hankkeet.karelia.fi\\\/plastlife-sip-muovien-kestava-kiertotalous\\\/#breadcrumb\"},\"inLanguage\":\"fi\",\"potentialAction\":[{\"@type\":\"ReadAction\",\"target\":[\"https:\\\/\\\/hankkeet.karelia.fi\\\/plastlife-sip-muovien-kestava-kiertotalous\\\/\"]}]},{\"@type\":\"ImageObject\",\"inLanguage\":\"fi\",\"@id\":\"https:\\\/\\\/hankkeet.karelia.fi\\\/plastlife-sip-muovien-kestava-kiertotalous\\\/#primaryimage\",\"url\":\"https:\\\/\\\/hankkeet.karelia.fi\\\/plastlife-sip-muovien-kestava-kiertotalous\\\/wp-content\\\/uploads\\\/sites\\\/67\\\/2026\\\/03\\\/energia-scaled-1.jpg\",\"contentUrl\":\"https:\\\/\\\/hankkeet.karelia.fi\\\/plastlife-sip-muovien-kestava-kiertotalous\\\/wp-content\\\/uploads\\\/sites\\\/67\\\/2026\\\/03\\\/energia-scaled-1.jpg\",\"width\":2560,\"height\":1103},{\"@type\":\"BreadcrumbList\",\"@id\":\"https:\\\/\\\/hankkeet.karelia.fi\\\/plastlife-sip-muovien-kestava-kiertotalous\\\/#breadcrumb\",\"itemListElement\":[{\"@type\":\"ListItem\",\"position\":1,\"name\":\"Home\",\"item\":\"https:\\\/\\\/hankkeet.karelia.fi\\\/plastlife-sip-muovien-kestava-kiertotalous\\\/plastlife-sip-muovien-kestava-kiertotalous\\\/\"},{\"@type\":\"ListItem\",\"position\":2,\"name\":\"PlastLIFE SIP \u2013 Muovien kest\u00e4v\u00e4 kiertotalous\"}]},{\"@type\":\"WebSite\",\"@id\":\"https:\\\/\\\/hankkeet.karelia.fi\\\/plastlife-sip-muovien-kestava-kiertotalous\\\/#website\",\"url\":\"https:\\\/\\\/hankkeet.karelia.fi\\\/plastlife-sip-muovien-kestava-kiertotalous\\\/\",\"name\":\"PlastLIFE SIP \u2013 Muovien kest\u00e4v\u00e4 kiertotalous\",\"description\":\"\",\"publisher\":{\"@id\":\"https:\\\/\\\/hankkeet.karelia.fi\\\/plastlife-sip-muovien-kestava-kiertotalous\\\/#organization\"},\"potentialAction\":[{\"@type\":\"SearchAction\",\"target\":{\"@type\":\"EntryPoint\",\"urlTemplate\":\"https:\\\/\\\/hankkeet.karelia.fi\\\/plastlife-sip-muovien-kestava-kiertotalous\\\/?s={search_term_string}\"},\"query-input\":{\"@type\":\"PropertyValueSpecification\",\"valueRequired\":true,\"valueName\":\"search_term_string\"}}],\"inLanguage\":\"fi\"},{\"@type\":\"Organization\",\"@id\":\"https:\\\/\\\/hankkeet.karelia.fi\\\/plastlife-sip-muovien-kestava-kiertotalous\\\/#organization\",\"name\":\"PlastLIFE SIP \u2013 Muovien kest\u00e4v\u00e4 kiertotalous\",\"url\":\"https:\\\/\\\/hankkeet.karelia.fi\\\/plastlife-sip-muovien-kestava-kiertotalous\\\/\",\"logo\":{\"@type\":\"ImageObject\",\"inLanguage\":\"fi\",\"@id\":\"https:\\\/\\\/hankkeet.karelia.fi\\\/plastlife-sip-muovien-kestava-kiertotalous\\\/#\\\/schema\\\/logo\\\/image\\\/\",\"url\":\"https:\\\/\\\/hankkeet.karelia.fi\\\/plastlife-sip-muovien-kestava-kiertotalous\\\/wp-content\\\/uploads\\\/sites\\\/67\\\/2026\\\/03\\\/cropped-cropped-Karelia_AMK_logo_RGB-1.png\",\"contentUrl\":\"https:\\\/\\\/hankkeet.karelia.fi\\\/plastlife-sip-muovien-kestava-kiertotalous\\\/wp-content\\\/uploads\\\/sites\\\/67\\\/2026\\\/03\\\/cropped-cropped-Karelia_AMK_logo_RGB-1.png\",\"width\":427,\"height\":116,\"caption\":\"PlastLIFE SIP \u2013 Muovien kest\u00e4v\u00e4 kiertotalous\"},\"image\":{\"@id\":\"https:\\\/\\\/hankkeet.karelia.fi\\\/plastlife-sip-muovien-kestava-kiertotalous\\\/#\\\/schema\\\/logo\\\/image\\\/\"}}]}<\/script>\n<!-- \/ Yoast SEO plugin. -->","yoast_head_json":{"title":"PlastLIFE SIP \u2013 Muovien kest\u00e4v\u00e4 kiertotalous - PlastLIFE SIP \u2013 Muovien kest\u00e4v\u00e4 kiertotalous","robots":{"index":"index","follow":"follow","max-snippet":"max-snippet:-1","max-image-preview":"max-image-preview:large","max-video-preview":"max-video-preview:-1"},"canonical":"https:\/\/hankkeet.karelia.fi\/plastlife-sip-muovien-kestava-kiertotalous\/","og_locale":"fi_FI","og_type":"article","og_title":"PlastLIFE SIP \u2013 Muovien kest\u00e4v\u00e4 kiertotalous - PlastLIFE SIP \u2013 Muovien kest\u00e4v\u00e4 kiertotalous","og_description":"Karelia ammattikorkeakoulu tutkii, testaa ja edist\u00e4\u00e4 kierr\u00e4tysraaka-aineiden k\u00e4ytt\u00f6\u00e4 Toteu\u00adtu\u00adsai\u00adka 2023\u20132029Kare\u00adlian teht\u00e4v\u00e4t Plas\u00adtLIFE-han\u00adkkeessa jakaan\u00adtu\u00advat nelj\u00e4\u00e4n teemaan, jot\u00adka liit\u00adtyv\u00e4t saumat\u00adtomasti toisi\u00adin\u00adsa: 1. Muovij\u00e4tteiden ker\u00e4\u00e4minen, esik\u00e4sittely ja jalostaminen tuotteiden raaka-aineeksi (rakeet, pelletit) Tavoit\u00adteemme kytkey\u00adtyv\u00e4t muovi\u00adj\u00e4t\u00adtei\u00adden ker\u00e4\u00e4miseen, esik\u00e4sit\u00adte\u00adlyyn, gran\u00adu\u00adloin\u00adti\u00adin ja pel\u00adlet\u00f6in\u00adti\u00adin. Tes\u00adtaamme eri\u00adlaisia tuotan\u00adtomenetelmi\u00e4 muovi\u00adj\u00e4t\u00adteen jatkok\u00e4sit\u00adte\u00adlyyn hyvin pieness\u00e4 mit\u00adtakaavas\u00adsa har\u00advaan asu\u00adtul\u00adla alueel\u00adla. Teknisen\u00e4 tuotan\u00adto\u00adtavoit\u00adteena on fysikaa\u00adli\u00adnen jatkok\u00e4sit\u00adte\u00adly, jos\u00adsa muovi\u00adj\u00e4te\u00adm\u00adate\u00adri\u00adaalit [&hellip;]","og_url":"https:\/\/hankkeet.karelia.fi\/plastlife-sip-muovien-kestava-kiertotalous\/","og_site_name":"PlastLIFE SIP \u2013 Muovien kest\u00e4v\u00e4 kiertotalous","twitter_card":"summary_large_image","twitter_misc":{"Arvioitu lukuaika":"2 minuuttia"},"schema":{"@context":"https:\/\/schema.org","@graph":[{"@type":"WebPage","@id":"https:\/\/hankkeet.karelia.fi\/plastlife-sip-muovien-kestava-kiertotalous\/","url":"https:\/\/hankkeet.karelia.fi\/plastlife-sip-muovien-kestava-kiertotalous\/","name":"PlastLIFE SIP \u2013 Muovien kest\u00e4v\u00e4 kiertotalous - PlastLIFE SIP \u2013 Muovien kest\u00e4v\u00e4 kiertotalous","isPartOf":{"@id":"https:\/\/hankkeet.karelia.fi\/plastlife-sip-muovien-kestava-kiertotalous\/#website"},"primaryImageOfPage":{"@id":"https:\/\/hankkeet.karelia.fi\/plastlife-sip-muovien-kestava-kiertotalous\/#primaryimage"},"image":{"@id":"https:\/\/hankkeet.karelia.fi\/plastlife-sip-muovien-kestava-kiertotalous\/#primaryimage"},"thumbnailUrl":"https:\/\/hankkeet.karelia.fi\/plastlife-sip-muovien-kestava-kiertotalous\/wp-content\/uploads\/sites\/67\/2026\/03\/energia-scaled-1.jpg","datePublished":"2026-03-17T13:20:27+00:00","breadcrumb":{"@id":"https:\/\/hankkeet.karelia.fi\/plastlife-sip-muovien-kestava-kiertotalous\/#breadcrumb"},"inLanguage":"fi","potentialAction":[{"@type":"ReadAction","target":["https:\/\/hankkeet.karelia.fi\/plastlife-sip-muovien-kestava-kiertotalous\/"]}]},{"@type":"ImageObject","inLanguage":"fi","@id":"https:\/\/hankkeet.karelia.fi\/plastlife-sip-muovien-kestava-kiertotalous\/#primaryimage","url":"https:\/\/hankkeet.karelia.fi\/plastlife-sip-muovien-kestava-kiertotalous\/wp-content\/uploads\/sites\/67\/2026\/03\/energia-scaled-1.jpg","contentUrl":"https:\/\/hankkeet.karelia.fi\/plastlife-sip-muovien-kestava-kiertotalous\/wp-content\/uploads\/sites\/67\/2026\/03\/energia-scaled-1.jpg","width":2560,"height":1103},{"@type":"BreadcrumbList","@id":"https:\/\/hankkeet.karelia.fi\/plastlife-sip-muovien-kestava-kiertotalous\/#breadcrumb","itemListElement":[{"@type":"ListItem","position":1,"name":"Home","item":"https:\/\/hankkeet.karelia.fi\/plastlife-sip-muovien-kestava-kiertotalous\/plastlife-sip-muovien-kestava-kiertotalous\/"},{"@type":"ListItem","position":2,"name":"PlastLIFE SIP \u2013 Muovien kest\u00e4v\u00e4 kiertotalous"}]},{"@type":"WebSite","@id":"https:\/\/hankkeet.karelia.fi\/plastlife-sip-muovien-kestava-kiertotalous\/#website","url":"https:\/\/hankkeet.karelia.fi\/plastlife-sip-muovien-kestava-kiertotalous\/","name":"PlastLIFE SIP \u2013 Muovien kest\u00e4v\u00e4 kiertotalous","description":"","publisher":{"@id":"https:\/\/hankkeet.karelia.fi\/plastlife-sip-muovien-kestava-kiertotalous\/#organization"},"potentialAction":[{"@type":"SearchAction","target":{"@type":"EntryPoint","urlTemplate":"https:\/\/hankkeet.karelia.fi\/plastlife-sip-muovien-kestava-kiertotalous\/?s={search_term_string}"},"query-input":{"@type":"PropertyValueSpecification","valueRequired":true,"valueName":"search_term_string"}}],"inLanguage":"fi"},{"@type":"Organization","@id":"https:\/\/hankkeet.karelia.fi\/plastlife-sip-muovien-kestava-kiertotalous\/#organization","name":"PlastLIFE SIP \u2013 Muovien kest\u00e4v\u00e4 kiertotalous","url":"https:\/\/hankkeet.karelia.fi\/plastlife-sip-muovien-kestava-kiertotalous\/","logo":{"@type":"ImageObject","inLanguage":"fi","@id":"https:\/\/hankkeet.karelia.fi\/plastlife-sip-muovien-kestava-kiertotalous\/#\/schema\/logo\/image\/","url":"https:\/\/hankkeet.karelia.fi\/plastlife-sip-muovien-kestava-kiertotalous\/wp-content\/uploads\/sites\/67\/2026\/03\/cropped-cropped-Karelia_AMK_logo_RGB-1.png","contentUrl":"https:\/\/hankkeet.karelia.fi\/plastlife-sip-muovien-kestava-kiertotalous\/wp-content\/uploads\/sites\/67\/2026\/03\/cropped-cropped-Karelia_AMK_logo_RGB-1.png","width":427,"height":116,"caption":"PlastLIFE SIP \u2013 Muovien kest\u00e4v\u00e4 kiertotalous"},"image":{"@id":"https:\/\/hankkeet.karelia.fi\/plastlife-sip-muovien-kestava-kiertotalous\/#\/schema\/logo\/image\/"}}]}},"_links":{"self":[{"href":"https:\/\/hankkeet.karelia.fi\/plastlife-sip-muovien-kestava-kiertotalous\/wp-json\/wp\/v2\/pages\/21","targetHints":{"allow":["GET"]}}],"collection":[{"href":"https:\/\/hankkeet.karelia.fi\/plastlife-sip-muovien-kestava-kiertotalous\/wp-json\/wp\/v2\/pages"}],"about":[{"href":"https:\/\/hankkeet.karelia.fi\/plastlife-sip-muovien-kestava-kiertotalous\/wp-json\/wp\/v2\/types\/page"}],"replies":[{"embeddable":true,"href":"https:\/\/hankkeet.karelia.fi\/plastlife-sip-muovien-kestava-kiertotalous\/wp-json\/wp\/v2\/comments?post=21"}],"version-history":[{"count":0,"href":"https:\/\/hankkeet.karelia.fi\/plastlife-sip-muovien-kestava-kiertotalous\/wp-json\/wp\/v2\/pages\/21\/revisions"}],"wp:featuredmedia":[{"embeddable":true,"href":"https:\/\/hankkeet.karelia.fi\/plastlife-sip-muovien-kestava-kiertotalous\/wp-json\/wp\/v2\/media\/17"}],"wp:attachment":[{"href":"https:\/\/hankkeet.karelia.fi\/plastlife-sip-muovien-kestava-kiertotalous\/wp-json\/wp\/v2\/media?parent=21"}],"curies":[{"name":"wp","href":"https:\/\/api.w.org\/{rel}","templated":true}]}}