{"id":20,"date":"2026-03-17T07:28:52","date_gmt":"2026-03-17T05:28:52","guid":{"rendered":"https:\/\/hankkeet.karelia.fi\/puurakentamisen-kehitysalusta\/puurakentamisen-kehitysalusta\/"},"modified":"2026-04-15T12:59:20","modified_gmt":"2026-04-15T09:59:20","slug":"puurakentamisen-kehitysalusta","status":"publish","type":"page","link":"https:\/\/hankkeet.karelia.fi\/puurakentamisen-kehitysalusta\/","title":{"rendered":"Puurakentamisen kehitysalusta"},"content":{"rendered":"\n<figure class=\"wp-block-image size-full\"><img decoding=\"async\" src=\"https:\/\/hankkeet.karelia.fi\/puurakentamisen-kehitysalusta\/wp-content\/uploads\/sites\/5\/2026\/03\/greendc.png\" alt class=\"wp-image-91392\"><\/figure>\n\n\n\n<p>Puu\u00adrak\u00aden\u00adtamisen kehi\u00adtysalus\u00adta \u2011han\u00adke keskit\u00adtyy kehi\u00adtysalus\u00adtan luomiseen, jon\u00adka tavoit\u00adteena on kehit\u00adt\u00e4\u00e4 ymp\u00e4rist\u00f6te\u00adhokkai\u00adta ja skaalau\u00adtu\u00advia ratkaisu\u00adja puu\u00adrak\u00aden\u00adtamiseen eri\u00adtyis\u00ades\u00adti teol\u00adlisu\u00adus\u00adrak\u00aden\u00adtamisen n\u00e4k\u00f6kul\u00admas\u00adta. Han\u00adke vas\u00adtaa kas\u00advavaan tarpeeseen v\u00e4h\u00e4hi\u00adil\u00adi\u00adsist\u00e4 raken\u00adnus\u00adratkaisu\u00adista yhdis\u00adt\u00e4m\u00e4l\u00adl\u00e4 puu\u00adrak\u00aden\u00adtamisen, teol\u00adlisu\u00adus\u00adrak\u00aden\u00adtamisen ja kier\u00adto\u00adtalouden peri\u00adaat\u00adteet. Kohderyh\u00admi\u00adin kuu\u00adlu\u00advat muun muas\u00adsa puu\u00adtuote\u00adte\u00adol\u00adlisu\u00adus, raken\u00adnus- ja talotekni\u00adik\u00adka-alan toim\u00adi\u00adjat, suun\u00adnit\u00adte\u00adlu\u00adtoimis\u00adtot, teknolo\u00adgiayri\u00adtyk\u00adset ja tutkimus\u00adlaitok\u00adset.<\/p>\n\n\n\n<p>Han\u00adkkeen taustal\u00adla on raken\u00adnusalan merkit\u00adt\u00e4v\u00e4t ymp\u00e4rist\u00f6\u00advaiku\u00adtuk\u00adset ja tarve siir\u00adty\u00e4 v\u00e4h\u00e4hi\u00adil\u00adisi\u00adin ratkaisui\u00adhin. Puu\u00adrak\u00aden\u00adt\u00ada\u00admi\u00adnen tar\u00adjoaa ilmas\u00adtoys\u00adt\u00e4v\u00e4l\u00adlisen vai\u00adh\u00adtoe\u00adhdon, mut\u00adta sen k\u00e4yt\u00adt\u00f6 eri\u00adtyis\u00ades\u00adti teol\u00adlisu\u00adus\u00adrak\u00aden\u00adtamises\u00adsa on viel\u00e4 v\u00e4h\u00e4ist\u00e4. Samaan aikaan teol\u00adlisu\u00adu\u00adden kiin\u00adtei\u00adden, kuten datakeskusten, m\u00e4\u00e4r\u00e4 kas\u00advaa nopeasti ja niiden rak\u00aden\u00adtamiseen liit\u00adtyy sek\u00e4 ymp\u00e4rist\u00f6- ett\u00e4 ener\u00adgiakysymyk\u00adsi\u00e4. Han\u00adke vas\u00adtaa t\u00e4h\u00e4n tarpeeseen kehit\u00adt\u00e4m\u00e4l\u00adl\u00e4 mod\u00adu\u00adlaarisia, ener\u00adgiate\u00adhokkai\u00adta ja kier\u00adto\u00adtalout\u00adta tuke\u00advia rakenne ja teknolo\u00adgia\u00adratkaisu\u00adja, jot\u00adka sovel\u00adtu\u00advat vaa\u00adtivi\u00adin k\u00e4yt\u00adt\u00f6ko\u00adhteisi\u00adin.<\/p>\n\n\n\n<p>Han\u00adkkeen p\u00e4\u00e4\u00adtavoit\u00adteena on muo\u00addostaa It\u00e4-Suomeen arvoverkos\u00adto, joka yhdis\u00adt\u00e4\u00e4 eri alo\u00adjen toim\u00adi\u00adjat ja tukee vien\u00adtikelpois\u00adt\u00aden ratkaisu\u00adjen kehit\u00adt\u00e4mist\u00e4. Lis\u00e4k\u00adsi tavoit\u00adteena on lanseer\u00ada\u00adta Test\u00adlab-alus\u00adta korkeak\u00adoulu\u00adjen ja yri\u00adtys\u00adten yhteisty\u00f6h\u00f6n, kehit\u00adt\u00e4\u00e4, demon\u00adstroi\u00adda ja arvioi\u00adda ratkaisu\u00adja hy\u00f6\u00addyn\u00adnet\u00adt\u00e4v\u00e4k\u00adsi ymp\u00e4rist\u00f6te\u00adhokkaas\u00adsa datakeskuskon\u00adsep\u00adtis\u00adsa ja sek\u00e4 vahvis\u00adtaa syn\u00adtyv\u00e4n arvoverkos\u00adton toim\u00adi\u00adjoiden kansal\u00adlista ja kan\u00adsain\u00adv\u00e4list\u00e4 n\u00e4kyvyyt\u00adt\u00e4. Han\u00adkkeessa hy\u00f6\u00addyn\u00adnet\u00e4\u00e4n aiem\u00adpi\u00aden aihep\u00adi\u00adiri\u00adin liit\u00adtyvien han\u00adkkei\u00adden tulok\u00adsia.<\/p>\n\n\n\n<p>Han\u00adke jakau\u00adtuu kolmeen eri ty\u00f6\u00adpaket\u00adti\u00adin: teknisi\u00adin ja rak\u00aden\u00adteel\u00adlisi\u00adin ratkaisui\u00adhin, liike\u00adtoim\u00adinta\u00admallei\u00adhin ja kau\u00adpal\u00adlis\u00adtamiseen sek\u00e4 arvoverkos\u00adto\u00adjen ja kan\u00adsain\u00adv\u00e4lisyy\u00adden kehit\u00adt\u00e4miseen. Ty\u00f6\u00adpaketeis\u00adsa tarkastel\u00adlaan eri puu\u00adrakenne- sek\u00e4 talotekni\u00adikan\u00adratkaisu\u00adja muun muas\u00adsa palo\u00adtur\u00adval\u00adlisu\u00adu\u00adden, muun\u00adto\u00adjous\u00adtavu\u00adu\u00adden, ehj\u00e4n\u00e4 puret\u00adtavu\u00adu\u00adden, tietoma\u00adlli\u00advaa\u00adtimusten n\u00e4k\u00f6kul\u00admas\u00adta. Lis\u00e4k\u00adsi kehitet\u00e4\u00e4n VAL\u00adU\u00adPEX-malli, joka yhdis\u00adt\u00e4\u00e4 investoin\u00adtien ja k\u00e4yt\u00adt\u00f6kus\u00adtan\u00adnusten arvioin\u00adnin elinkaaren aikaiseen arvon\u00admuo\u00addos\u00adtuk\u00adseen. Toteutetaan osaamisen siir\u00adtoa han\u00adkkeen kohderyh\u00adm\u00e4lle sek\u00e4 pyrit\u00e4\u00e4n vauhdit\u00adta\u00admaan yri\u00adtys\u00adten sis\u00e4is\u00adten sek\u00e4 yri\u00adtys\u00adten yhteisty\u00f6ss\u00e4 toteut\u00adtamien kehi\u00adtyspros\u00adessien k\u00e4yn\u00adnistymist\u00e4 sek\u00e4 kan\u00adsain\u00adv\u00e4listymist\u00e4.<\/p>\n\n\n\n<p>Han\u00adkkeen tulok\u00adse\u00adna syn\u00adtyy puu\u00adrak\u00aden\u00adtamisen It\u00e4-Suo\u00adma\u00adlainen arvoverkos\u00adto, joka tukee teol\u00adlisen puu\u00adrak\u00aden\u00adtamisen kehi\u00adtysty\u00f6t\u00e4, suun\u00adnit\u00adtelu\u00ado\u00adhjeis\u00adto\u00adja ja tyyp\u00adpi\u00adratkaisu\u00adja eri\u00adtyis\u00ades\u00adti teol\u00adlisu\u00adus\u00adraken\u00adnusten suun\u00adnit\u00adtelun tuek\u00adsi sek\u00e4 toimin\u00adnal\u00adlistaloudelli\u00adnen kon\u00adsep\u00adti, joka tukee p\u00e4\u00e4t\u00f6k\u00adsen\u00adtekoa monik\u00e4yt\u00adt\u00f6is\u00adten raken\u00adnusten suun\u00adnit\u00adtelus\u00adsa. Test\u00adbed-alus\u00adta j\u00e4\u00e4 pysyv\u00e4k\u00adsi TKI-ymp\u00e4rist\u00f6k\u00adsi ja han\u00adke tukee puu\u00adrak\u00aden\u00adtamisen verkos\u00adton syn\u00adty\u00e4 It\u00e4-Suomen alueelle. Tulok\u00adsia hy\u00f6\u00addyn\u00adnet\u00e4\u00e4n my\u00f6s koulu\u00adtuk\u00adses\u00adsa ja yri\u00adtys\u00adten kehi\u00adtys\u00adtoimin\u00adnas\u00adsa han\u00adkkeen p\u00e4\u00e4\u00adtyt\u00adty\u00e4.<\/p>\n\n\n\n<p>GreenDC edis\u00adt\u00e4\u00e4 It\u00e4-Suomen bio\u00adtalouso\u00adhjel\u00adman ja maakun\u00adnal\u00adlis\u00adten kehit\u00adt\u00e4mis\u00adstrate\u00adgioiden tavoit\u00adtei\u00adta nos\u00adta\u00admal\u00adla puu\u00adtuote\u00adte\u00adol\u00adlisu\u00adu\u00adden jalostusar\u00advoa, vahvis\u00adta\u00admal\u00adla alueel\u00adlista osaamista ja luo\u00adma\u00adl\u00adla uusia liike\u00adtoim\u00adintamah\u00addol\u00adlisuuk\u00adsia kan\u00adsain\u00adv\u00e4lisil\u00adl\u00e4 markki\u00adnoil\u00adla.<\/p>\n\n\n\n<h2 class=\"wp-block-heading\">Projektin kesto<\/h2>\n\n\n\n<p>1.1.2026 \u2014 31.12.2027<\/p>\n\n\n\n<h2 class=\"wp-block-heading\">Projektip\u00e4\u00e4llikk\u00f6<\/h2>\n\n\n\n<p><strong>Mikko Matveinen<\/strong><br>Mikko.Matveinen(a)karelia.fi<\/p>\n\n\n\n<h2 class=\"wp-block-heading\">Rahoitus<\/h2>\n\n\n\n<p>AKKE<\/p>\n\n\n\n<figure class=\"wp-block-image size-full is-resized\"><img decoding=\"async\" src=\"https:\/\/hankkeet.karelia.fi\/puurakentamisen-kehitysalusta\/wp-content\/uploads\/sites\/5\/2026\/03\/GREENDC-SDG-FIN.png\" alt class=\"wp-image-91394\" style=\"width:734px;height:auto\"><\/figure>\n","protected":false},"excerpt":{"rendered":"<p>Puu\u00adrak\u00aden\u00adtamisen kehi\u00adtysalus\u00adta \u2011han\u00adke keskit\u00adtyy kehi\u00adtysalus\u00adtan luomiseen, jon\u00adka tavoit\u00adteena on kehit\u00adt\u00e4\u00e4 ymp\u00e4rist\u00f6te\u00adhokkai\u00adta ja skaalau\u00adtu\u00advia ratkaisu\u00adja puu\u00adrak\u00aden\u00adtamiseen eri\u00adtyis\u00ades\u00adti teol\u00adlisu\u00adus\u00adrak\u00aden\u00adtamisen n\u00e4k\u00f6kul\u00admas\u00adta. Han\u00adke vas\u00adtaa kas\u00advavaan tarpeeseen v\u00e4h\u00e4hi\u00adil\u00adi\u00adsist\u00e4 raken\u00adnus\u00adratkaisu\u00adista yhdis\u00adt\u00e4m\u00e4l\u00adl\u00e4 puu\u00adrak\u00aden\u00adtamisen, teol\u00adlisu\u00adus\u00adrak\u00aden\u00adtamisen ja kier\u00adto\u00adtalouden peri\u00adaat\u00adteet. Kohderyh\u00admi\u00adin kuu\u00adlu\u00advat muun muas\u00adsa puu\u00adtuote\u00adte\u00adol\u00adlisu\u00adus, rak\u00aden\u00adnus- ja talotekni\u00adik\u00ad\u00adka-alan toim\u00adi\u00adjat, suun\u00adnit\u00adte\u00adlu\u00adtoimis\u00adtot, teknolo\u00adgiayri\u00adtyk\u00adset ja tutkimus\u00adlaitok\u00adset. Han\u00adkkeen taustal\u00adla on raken\u00adnusalan merkit\u00adt\u00e4v\u00e4t ymp\u00e4rist\u00f6\u00advaiku\u00adtuk\u00adset ja tarve siir\u00adty\u00e4 v\u00e4h\u00e4hi\u00adil\u00adisi\u00adin ratkaisui\u00adhin. Puu\u00adrak\u00aden\u00adt\u00ada\u00admi\u00adnen [\u2026]<\/p>\n","protected":false},"author":5,"featured_media":17,"parent":0,"menu_order":0,"comment_status":"closed","ping_status":"closed","template":"","meta":{"inline_featured_image":false,"wp_typography_post_enhancements_disabled":false,"footnotes":""},"class_list":["post-20","page","type-page","status-publish","has-post-thumbnail","hentry"],"yoast_head":"<!-- This site is optimized with the Yoast SEO plugin v27.5 - https:\/\/yoast.com\/product\/yoast-seo-wordpress\/ -->\n<title>Puurakentamisen kehitysalusta - Puurakentamisen kehitysalusta<\/title>\n<meta name=\"robots\" content=\"index, follow, max-snippet:-1, max-image-preview:large, max-video-preview:-1\" \/>\n<link rel=\"canonical\" href=\"https:\/\/hankkeet.karelia.fi\/puurakentamisen-kehitysalusta\/\" \/>\n<meta property=\"og:locale\" content=\"fi_FI\" \/>\n<meta property=\"og:type\" content=\"article\" \/>\n<meta property=\"og:title\" content=\"Puurakentamisen kehitysalusta - Puurakentamisen kehitysalusta\" \/>\n<meta property=\"og:description\" content=\"Puu\u00adrak\u00aden\u00adtamisen kehi\u00adtysalus\u00adta \u2011han\u00adke keskit\u00adtyy kehi\u00adtysalus\u00adtan luomiseen, jon\u00adka tavoit\u00adteena on kehit\u00adt\u00e4\u00e4 ymp\u00e4rist\u00f6te\u00adhokkai\u00adta ja skaalau\u00adtu\u00advia ratkaisu\u00adja puu\u00adrak\u00aden\u00adtamiseen eri\u00adtyis\u00ades\u00adti teol\u00adlisu\u00adus\u00adrak\u00aden\u00adtamisen n\u00e4k\u00f6kul\u00admas\u00adta. Han\u00adke vas\u00adtaa kas\u00advavaan tarpeeseen v\u00e4h\u00e4hi\u00adil\u00adi\u00adsist\u00e4 raken\u00adnus\u00adratkaisu\u00adista yhdis\u00adt\u00e4m\u00e4l\u00adl\u00e4 puu\u00adrak\u00aden\u00adtamisen, teol\u00adlisu\u00adus\u00adrak\u00aden\u00adtamisen ja kier\u00adto\u00adtalouden peri\u00adaat\u00adteet. Kohderyh\u00admi\u00adin kuu\u00adlu\u00advat muun muas\u00adsa puu\u00adtuote\u00adte\u00adol\u00adlisu\u00adus, raken\u00adnus- ja talotekni\u00adik\u00adka-alan toim\u00adi\u00adjat, suun\u00adnit\u00adte\u00adlu\u00adtoimis\u00adtot, teknolo\u00adgiayri\u00adtyk\u00adset ja tutkimus\u00adlaitok\u00adset. Han\u00adkkeen taustal\u00adla on raken\u00adnusalan merkit\u00adt\u00e4v\u00e4t ymp\u00e4rist\u00f6\u00advaiku\u00adtuk\u00adset ja tarve siir\u00adty\u00e4 v\u00e4h\u00e4hi\u00adil\u00adisi\u00adin ratkaisui\u00adhin. Puu\u00adrak\u00aden\u00adt\u00ada\u00admi\u00adnen [&hellip;]\" \/>\n<meta property=\"og:url\" content=\"https:\/\/hankkeet.karelia.fi\/puurakentamisen-kehitysalusta\/\" \/>\n<meta property=\"og:site_name\" content=\"Puurakentamisen kehitysalusta\" \/>\n<meta property=\"article:modified_time\" content=\"2026-04-15T09:59:20+00:00\" \/>\n<meta property=\"og:image\" content=\"https:\/\/hankkeet.karelia.fi\/puurakentamisen-kehitysalusta\/wp-content\/uploads\/sites\/5\/2026\/03\/puurakentaminen_greendc.jpg\" \/>\n\t<meta property=\"og:image:width\" content=\"800\" \/>\n\t<meta property=\"og:image:height\" content=\"621\" \/>\n\t<meta property=\"og:image:type\" content=\"image\/jpeg\" \/>\n<meta name=\"twitter:card\" content=\"summary_large_image\" \/>\n<meta name=\"twitter:label1\" content=\"Arvioitu lukuaika\" \/>\n\t<meta name=\"twitter:data1\" content=\"3 minuuttia\" \/>\n<script type=\"application\/ld+json\" class=\"yoast-schema-graph\">{\"@context\":\"https:\\\/\\\/schema.org\",\"@graph\":[{\"@type\":\"WebPage\",\"@id\":\"https:\\\/\\\/hankkeet.karelia.fi\\\/puurakentamisen-kehitysalusta\\\/\",\"url\":\"https:\\\/\\\/hankkeet.karelia.fi\\\/puurakentamisen-kehitysalusta\\\/\",\"name\":\"Puurakentamisen kehitysalusta - Puurakentamisen kehitysalusta\",\"isPartOf\":{\"@id\":\"https:\\\/\\\/hankkeet.karelia.fi\\\/puurakentamisen-kehitysalusta\\\/#website\"},\"primaryImageOfPage\":{\"@id\":\"https:\\\/\\\/hankkeet.karelia.fi\\\/puurakentamisen-kehitysalusta\\\/#primaryimage\"},\"image\":{\"@id\":\"https:\\\/\\\/hankkeet.karelia.fi\\\/puurakentamisen-kehitysalusta\\\/#primaryimage\"},\"thumbnailUrl\":\"https:\\\/\\\/hankkeet.karelia.fi\\\/puurakentamisen-kehitysalusta\\\/wp-content\\\/uploads\\\/sites\\\/5\\\/2026\\\/03\\\/puurakentaminen_greendc.jpg\",\"datePublished\":\"2026-03-17T05:28:52+00:00\",\"dateModified\":\"2026-04-15T09:59:20+00:00\",\"breadcrumb\":{\"@id\":\"https:\\\/\\\/hankkeet.karelia.fi\\\/puurakentamisen-kehitysalusta\\\/#breadcrumb\"},\"inLanguage\":\"fi\",\"potentialAction\":[{\"@type\":\"ReadAction\",\"target\":[\"https:\\\/\\\/hankkeet.karelia.fi\\\/puurakentamisen-kehitysalusta\\\/\"]}]},{\"@type\":\"ImageObject\",\"inLanguage\":\"fi\",\"@id\":\"https:\\\/\\\/hankkeet.karelia.fi\\\/puurakentamisen-kehitysalusta\\\/#primaryimage\",\"url\":\"https:\\\/\\\/hankkeet.karelia.fi\\\/puurakentamisen-kehitysalusta\\\/wp-content\\\/uploads\\\/sites\\\/5\\\/2026\\\/03\\\/puurakentaminen_greendc.jpg\",\"contentUrl\":\"https:\\\/\\\/hankkeet.karelia.fi\\\/puurakentamisen-kehitysalusta\\\/wp-content\\\/uploads\\\/sites\\\/5\\\/2026\\\/03\\\/puurakentaminen_greendc.jpg\",\"width\":800,\"height\":621,\"caption\":\"kuvateksti suomeksi\"},{\"@type\":\"BreadcrumbList\",\"@id\":\"https:\\\/\\\/hankkeet.karelia.fi\\\/puurakentamisen-kehitysalusta\\\/#breadcrumb\",\"itemListElement\":[{\"@type\":\"ListItem\",\"position\":1,\"name\":\"Home\",\"item\":\"https:\\\/\\\/hankkeet.karelia.fi\\\/puurakentamisen-kehitysalusta\\\/\"},{\"@type\":\"ListItem\",\"position\":2,\"name\":\"Puurakentamisen kehitysalusta\"}]},{\"@type\":\"WebSite\",\"@id\":\"https:\\\/\\\/hankkeet.karelia.fi\\\/puurakentamisen-kehitysalusta\\\/#website\",\"url\":\"https:\\\/\\\/hankkeet.karelia.fi\\\/puurakentamisen-kehitysalusta\\\/\",\"name\":\"Puurakentamisen kehitysalusta\",\"description\":\"\",\"publisher\":{\"@id\":\"https:\\\/\\\/hankkeet.karelia.fi\\\/puurakentamisen-kehitysalusta\\\/#organization\"},\"potentialAction\":[{\"@type\":\"SearchAction\",\"target\":{\"@type\":\"EntryPoint\",\"urlTemplate\":\"https:\\\/\\\/hankkeet.karelia.fi\\\/puurakentamisen-kehitysalusta\\\/?s={search_term_string}\"},\"query-input\":{\"@type\":\"PropertyValueSpecification\",\"valueRequired\":true,\"valueName\":\"search_term_string\"}}],\"inLanguage\":\"fi\"},{\"@type\":\"Organization\",\"@id\":\"https:\\\/\\\/hankkeet.karelia.fi\\\/puurakentamisen-kehitysalusta\\\/#organization\",\"name\":\"Puurakentamisen kehitysalusta\",\"url\":\"https:\\\/\\\/hankkeet.karelia.fi\\\/puurakentamisen-kehitysalusta\\\/\",\"logo\":{\"@type\":\"ImageObject\",\"inLanguage\":\"fi\",\"@id\":\"https:\\\/\\\/hankkeet.karelia.fi\\\/puurakentamisen-kehitysalusta\\\/#\\\/schema\\\/logo\\\/image\\\/\",\"url\":\"https:\\\/\\\/hankkeet.karelia.fi\\\/puurakentamisen-kehitysalusta\\\/wp-content\\\/uploads\\\/sites\\\/5\\\/2026\\\/03\\\/cropped-cropped-Karelia_AMK_logo_RGB-1.png\",\"contentUrl\":\"https:\\\/\\\/hankkeet.karelia.fi\\\/puurakentamisen-kehitysalusta\\\/wp-content\\\/uploads\\\/sites\\\/5\\\/2026\\\/03\\\/cropped-cropped-Karelia_AMK_logo_RGB-1.png\",\"width\":427,\"height\":116,\"caption\":\"Puurakentamisen kehitysalusta\"},\"image\":{\"@id\":\"https:\\\/\\\/hankkeet.karelia.fi\\\/puurakentamisen-kehitysalusta\\\/#\\\/schema\\\/logo\\\/image\\\/\"}}]}<\/script>\n<!-- \/ Yoast SEO plugin. -->","yoast_head_json":{"title":"Puurakentamisen kehitysalusta - Puurakentamisen kehitysalusta","robots":{"index":"index","follow":"follow","max-snippet":"max-snippet:-1","max-image-preview":"max-image-preview:large","max-video-preview":"max-video-preview:-1"},"canonical":"https:\/\/hankkeet.karelia.fi\/puurakentamisen-kehitysalusta\/","og_locale":"fi_FI","og_type":"article","og_title":"Puurakentamisen kehitysalusta - Puurakentamisen kehitysalusta","og_description":"Puu\u00adrak\u00aden\u00adtamisen kehi\u00adtysalus\u00adta \u2011han\u00adke keskit\u00adtyy kehi\u00adtysalus\u00adtan luomiseen, jon\u00adka tavoit\u00adteena on kehit\u00adt\u00e4\u00e4 ymp\u00e4rist\u00f6te\u00adhokkai\u00adta ja skaalau\u00adtu\u00advia ratkaisu\u00adja puu\u00adrak\u00aden\u00adtamiseen eri\u00adtyis\u00ades\u00adti teol\u00adlisu\u00adus\u00adrak\u00aden\u00adtamisen n\u00e4k\u00f6kul\u00admas\u00adta. Han\u00adke vas\u00adtaa kas\u00advavaan tarpeeseen v\u00e4h\u00e4hi\u00adil\u00adi\u00adsist\u00e4 raken\u00adnus\u00adratkaisu\u00adista yhdis\u00adt\u00e4m\u00e4l\u00adl\u00e4 puu\u00adrak\u00aden\u00adtamisen, teol\u00adlisu\u00adus\u00adrak\u00aden\u00adtamisen ja kier\u00adto\u00adtalouden peri\u00adaat\u00adteet. Kohderyh\u00admi\u00adin kuu\u00adlu\u00advat muun muas\u00adsa puu\u00adtuote\u00adte\u00adol\u00adlisu\u00adus, raken\u00adnus- ja talotekni\u00adik\u00adka-alan toim\u00adi\u00adjat, suun\u00adnit\u00adte\u00adlu\u00adtoimis\u00adtot, teknolo\u00adgiayri\u00adtyk\u00adset ja tutkimus\u00adlaitok\u00adset. Han\u00adkkeen taustal\u00adla on raken\u00adnusalan merkit\u00adt\u00e4v\u00e4t ymp\u00e4rist\u00f6\u00advaiku\u00adtuk\u00adset ja tarve siir\u00adty\u00e4 v\u00e4h\u00e4hi\u00adil\u00adisi\u00adin ratkaisui\u00adhin. Puu\u00adrak\u00aden\u00adt\u00ada\u00admi\u00adnen [&hellip;]","og_url":"https:\/\/hankkeet.karelia.fi\/puurakentamisen-kehitysalusta\/","og_site_name":"Puurakentamisen kehitysalusta","article_modified_time":"2026-04-15T09:59:20+00:00","og_image":[{"width":800,"height":621,"url":"https:\/\/hankkeet.karelia.fi\/puurakentamisen-kehitysalusta\/wp-content\/uploads\/sites\/5\/2026\/03\/puurakentaminen_greendc.jpg","type":"image\/jpeg"}],"twitter_card":"summary_large_image","twitter_misc":{"Arvioitu lukuaika":"3 minuuttia"},"schema":{"@context":"https:\/\/schema.org","@graph":[{"@type":"WebPage","@id":"https:\/\/hankkeet.karelia.fi\/puurakentamisen-kehitysalusta\/","url":"https:\/\/hankkeet.karelia.fi\/puurakentamisen-kehitysalusta\/","name":"Puurakentamisen kehitysalusta - Puurakentamisen kehitysalusta","isPartOf":{"@id":"https:\/\/hankkeet.karelia.fi\/puurakentamisen-kehitysalusta\/#website"},"primaryImageOfPage":{"@id":"https:\/\/hankkeet.karelia.fi\/puurakentamisen-kehitysalusta\/#primaryimage"},"image":{"@id":"https:\/\/hankkeet.karelia.fi\/puurakentamisen-kehitysalusta\/#primaryimage"},"thumbnailUrl":"https:\/\/hankkeet.karelia.fi\/puurakentamisen-kehitysalusta\/wp-content\/uploads\/sites\/5\/2026\/03\/puurakentaminen_greendc.jpg","datePublished":"2026-03-17T05:28:52+00:00","dateModified":"2026-04-15T09:59:20+00:00","breadcrumb":{"@id":"https:\/\/hankkeet.karelia.fi\/puurakentamisen-kehitysalusta\/#breadcrumb"},"inLanguage":"fi","potentialAction":[{"@type":"ReadAction","target":["https:\/\/hankkeet.karelia.fi\/puurakentamisen-kehitysalusta\/"]}]},{"@type":"ImageObject","inLanguage":"fi","@id":"https:\/\/hankkeet.karelia.fi\/puurakentamisen-kehitysalusta\/#primaryimage","url":"https:\/\/hankkeet.karelia.fi\/puurakentamisen-kehitysalusta\/wp-content\/uploads\/sites\/5\/2026\/03\/puurakentaminen_greendc.jpg","contentUrl":"https:\/\/hankkeet.karelia.fi\/puurakentamisen-kehitysalusta\/wp-content\/uploads\/sites\/5\/2026\/03\/puurakentaminen_greendc.jpg","width":800,"height":621,"caption":"kuvateksti suomeksi"},{"@type":"BreadcrumbList","@id":"https:\/\/hankkeet.karelia.fi\/puurakentamisen-kehitysalusta\/#breadcrumb","itemListElement":[{"@type":"ListItem","position":1,"name":"Home","item":"https:\/\/hankkeet.karelia.fi\/puurakentamisen-kehitysalusta\/"},{"@type":"ListItem","position":2,"name":"Puurakentamisen kehitysalusta"}]},{"@type":"WebSite","@id":"https:\/\/hankkeet.karelia.fi\/puurakentamisen-kehitysalusta\/#website","url":"https:\/\/hankkeet.karelia.fi\/puurakentamisen-kehitysalusta\/","name":"Puurakentamisen kehitysalusta","description":"","publisher":{"@id":"https:\/\/hankkeet.karelia.fi\/puurakentamisen-kehitysalusta\/#organization"},"potentialAction":[{"@type":"SearchAction","target":{"@type":"EntryPoint","urlTemplate":"https:\/\/hankkeet.karelia.fi\/puurakentamisen-kehitysalusta\/?s={search_term_string}"},"query-input":{"@type":"PropertyValueSpecification","valueRequired":true,"valueName":"search_term_string"}}],"inLanguage":"fi"},{"@type":"Organization","@id":"https:\/\/hankkeet.karelia.fi\/puurakentamisen-kehitysalusta\/#organization","name":"Puurakentamisen kehitysalusta","url":"https:\/\/hankkeet.karelia.fi\/puurakentamisen-kehitysalusta\/","logo":{"@type":"ImageObject","inLanguage":"fi","@id":"https:\/\/hankkeet.karelia.fi\/puurakentamisen-kehitysalusta\/#\/schema\/logo\/image\/","url":"https:\/\/hankkeet.karelia.fi\/puurakentamisen-kehitysalusta\/wp-content\/uploads\/sites\/5\/2026\/03\/cropped-cropped-Karelia_AMK_logo_RGB-1.png","contentUrl":"https:\/\/hankkeet.karelia.fi\/puurakentamisen-kehitysalusta\/wp-content\/uploads\/sites\/5\/2026\/03\/cropped-cropped-Karelia_AMK_logo_RGB-1.png","width":427,"height":116,"caption":"Puurakentamisen kehitysalusta"},"image":{"@id":"https:\/\/hankkeet.karelia.fi\/puurakentamisen-kehitysalusta\/#\/schema\/logo\/image\/"}}]}},"_links":{"self":[{"href":"https:\/\/hankkeet.karelia.fi\/puurakentamisen-kehitysalusta\/wp-json\/wp\/v2\/pages\/20","targetHints":{"allow":["GET"]}}],"collection":[{"href":"https:\/\/hankkeet.karelia.fi\/puurakentamisen-kehitysalusta\/wp-json\/wp\/v2\/pages"}],"about":[{"href":"https:\/\/hankkeet.karelia.fi\/puurakentamisen-kehitysalusta\/wp-json\/wp\/v2\/types\/page"}],"author":[{"embeddable":true,"href":"https:\/\/hankkeet.karelia.fi\/puurakentamisen-kehitysalusta\/wp-json\/wp\/v2\/users\/5"}],"replies":[{"embeddable":true,"href":"https:\/\/hankkeet.karelia.fi\/puurakentamisen-kehitysalusta\/wp-json\/wp\/v2\/comments?post=20"}],"version-history":[{"count":2,"href":"https:\/\/hankkeet.karelia.fi\/puurakentamisen-kehitysalusta\/wp-json\/wp\/v2\/pages\/20\/revisions"}],"predecessor-version":[{"id":85,"href":"https:\/\/hankkeet.karelia.fi\/puurakentamisen-kehitysalusta\/wp-json\/wp\/v2\/pages\/20\/revisions\/85"}],"wp:featuredmedia":[{"embeddable":true,"href":"https:\/\/hankkeet.karelia.fi\/puurakentamisen-kehitysalusta\/wp-json\/wp\/v2\/media\/17"}],"wp:attachment":[{"href":"https:\/\/hankkeet.karelia.fi\/puurakentamisen-kehitysalusta\/wp-json\/wp\/v2\/media?parent=20"}],"curies":[{"name":"wp","href":"https:\/\/api.w.org\/{rel}","templated":true}]}}