{"id":19,"date":"2026-03-17T08:59:59","date_gmt":"2026-03-17T06:59:59","guid":{"rendered":"https:\/\/hankkeet.karelia.fi\/regenerate-tourism\/regenerate-regenerative-tourism-in-the-northern-periphery-and-arctic-for-building-resilient-communities-and-preserving-the-unique-heritage-of-the-region\/"},"modified":"2026-04-02T15:33:51","modified_gmt":"2026-04-02T12:33:51","slug":"regenerate-regenerative-tourism-in-the-northern-periphery-and-arctic-for-building-resilient-communities-and-preserving-the-unique-heritage-of-the-region","status":"publish","type":"page","link":"https:\/\/hankkeet.karelia.fi\/regenerate-tourism\/","title":{"rendered":"REGENERATE \u2013 Regenerative Tourism in the Northern Periphery and Arctic for building resilient communities and preserving the unique heritage of the region"},"content":{"rendered":"\n<figure class=\"wp-block-image size-large is-resized\"><img decoding=\"async\" src=\"https:\/\/hankkeet.karelia.fi\/regenerate-tourism\/wp-content\/uploads\/sites\/17\/2026\/03\/REGENERATIVE-LOGO-1024x483-1.png\" alt class=\"wp-image-83001\" style=\"width:503px;height:auto\"><\/figure>\n\n\n\n<p>Uud\u00adis\u00adta\u00adva matkailu on kest\u00e4v\u00e4n matkailun muo\u00adto, jon\u00adka tavoit\u00adteena on osal\u00adlis\u00adtaa matkail\u00adi\u00adjat matkako\u00adhteen luon\u00adnon- sek\u00e4 kult\u00adtuuriym\u00adp\u00e4rist\u00f6n ennal\u00adlis\u00adtamiseen tai tuke\u00admaan paikallisy\u00adhteis\u00f6n eli\u00adnolo\u00adsuhtei\u00adden paran\u00adtamista muun\u00adlaisen konkreet\u00adtisen toimin\u00adnan kaut\u00adta.<\/p>\n\n\n\n<p>Uud\u00adis\u00adta\u00advan matkailun ja ajat\u00adte\u00adlu\u00adta\u00advan keskeisim\u00adm\u00e4t sanansaat\u00adta\u00adjat toimi\u00advat sek\u00e4 julkisel\u00adla ett\u00e4 yksi\u00adtyisel\u00adl\u00e4 sek\u00adto\u00adril\u00adla. Uud\u00adis\u00adta\u00advan matkailu\u00adalan kehit\u00adtymisen kannal\u00adta molem\u00adpi\u00aden sek\u00adto\u00adrien suju\u00adva yhteisty\u00f6 ja vuorop\u00aduhelu on oleel\u00adlista. Kehi\u00adtysty\u00f6n keskeisimpi\u00e4 haastei\u00adta ovat, miten uud\u00adis\u00adta\u00advan matkailun toim\u00adintata\u00advat voidaan tehokkaasti tuo\u00adda keskeis\u00adten toim\u00adi\u00adjoiden tietoisu\u00adu\u00adteen, paran\u00adtaa kap\u00ada\u00adsiteet\u00adtia ja lop\u00adul\u00adta inte\u00adgroi\u00adda uud\u00adis\u00adta\u00advat toim\u00adinta\u00admallit matkailu\u00adtoim\u00adi\u00adjoiden toim\u00adinta\u00admallei\u00adhin.<\/p>\n\n\n\n<p>NPA REGENERATE \u2011han\u00adkkeen toim\u00adinta edis\u00adt\u00e4\u00e4 pohjois\u00adt\u00aden aluei\u00adden valmiuk\u00adsia kehit\u00adt\u00e4\u00e4 ja ottaa k\u00e4yt\u00adt\u00f6\u00f6n strate\u00adgisia ty\u00f6v\u00e4\u00adlineit\u00e4 sek\u00e4 markki\u00adnoin\u00adti\u00adratkaisu\u00adja, jot\u00adka tuke\u00advat ymp\u00e4rist\u00f6\u00f6n, talouteen ja kult\u00adtuuri\u00adin liit\u00adtyvien resurssien elvyt\u00adt\u00e4mist\u00e4. Han\u00adke luo siten kest\u00e4v\u00e4n kehi\u00adtyk\u00adsen ennakko\u00adta\u00adpauk\u00adsen sek\u00e4 NPA-alueel\u00adla ett\u00e4 sen ulkop\u00aduolel\u00adla.<\/p>\n\n\n\n<h2 class=\"wp-block-heading\">Hankkeen tavoitteet<\/h2>\n\n\n\n<p>1. Uud\u00adis\u00adta\u00advan matkailun peri\u00adaat\u00adtei\u00adden ja toim\u00adinta\u00admallien k\u00e4yt\u00adt\u00f6\u00f6no\u00adton edis\u00adt\u00e4mi\u00adnen NPA-alueel\u00adla ja t\u00e4t\u00e4 kaut\u00adta paikallisy\u00adhteis\u00f6\u00adjen ja luon\u00adnon ekosys\u00adteemien kest\u00e4vyy\u00adden vahvis\u00adt\u00ada\u00admi\u00adnen.<br>2. Lis\u00e4t\u00e4\u00e4n tietoisu\u00adut\u00adta ja edis\u00adtet\u00e4\u00e4n toim\u00adinta\u00admalle\u00adja, joiden avul\u00adla rajoite\u00adtaan matkailu\u00adun liit\u00adtyvi\u00e4 ymp\u00e4rist\u00f6l\u00adlisi\u00e4 hait\u00adto\u00adja. Samal\u00adla pyrit\u00e4\u00e4n akti\u00adivis\u00ades\u00adti edis\u00adt\u00e4m\u00e4\u00e4n ymp\u00e4rist\u00f6n ja kult\u00adtuurin ennal\u00adlis\u00adtamista ja paran\u00adtamista sek\u00e4 vahvis\u00adta\u00admaan paikallisy\u00adhteis\u00f6\u00adjen sosi\u00adaal\u00adisia resursse\u00adja matkailun pain\u00adopis\u00adtealueil\u00adla.<br>3. Muo\u00addoste\u00adtaan uud\u00adis\u00adta\u00advan matkailun peri\u00adaat\u00adteisi\u00adin sitoutunut alueelli\u00adnen \/ val\u00adtakun\u00adnalli\u00adnen toim\u00adi\u00adjaverkos\u00adto, joka tukeu\u00adtuu toimin\u00adnas\u00adsaan han\u00adkkeessa kehitet\u00adt\u00e4v\u00e4\u00e4n uud\u00adis\u00adta\u00advan matkailun malli\u00adin.<\/p>\n\n\n\n<p>Han\u00adke on saanut rahoi\u00adtus\u00adta EU:n Inter\u00adreg Pohjoinen per\u00adife\u00adria ja Ark\u00adtis \u2013ohjel\u00admas\u00adta Pohjoinen Per\u00adife\u00adria ja Ark\u00adti\u00adnen \u2011ohjel\u00admas\u00adta. Han\u00adkkeen aikana tar\u00adjo\u00adtaan uud\u00adis\u00adta\u00advan matkailun koulu\u00adtus\u00adta ja tietopaket\u00adte\u00adja.<\/p>\n\n\n\n<p>- Toim\u00adinta-aika: 01.04.2025\u201331.03.2028<br>- Kokon\u00adais\u00adbud\u00adjet\u00adti: \u20ac 1.194.380,00<br>- ERDF-rahoituk\u00adsen osu\u00adus: \u20ac 776.347,00<\/p>\n\n\n\n<h2 class=\"wp-block-heading\">Kumppanit<\/h2>\n\n\n\n<p>1. Vis\u00adit Reyk\u00adjanes, Islanti (han\u00adkkeen p\u00e4\u00e4\u00adpart\u00adneri)<br>2. Geo\u00adCamp Ice\u00adland, Islanti<br>3. Gold of Lap\u00adland eco\u00adnom\u00adic asso\u00adci\u00ada\u00adtion, Ruot\u00adsi<br>4. Cuilcagh Lake\u00adlands UNESCO Glob\u00adal Geop\u00adark, Irlan\u00adti<br>5. Olemisen Bal\u00adanssia ry, Suo\u00admi<br>6. Kare\u00adlia-ammat\u00adtiko\u00adrkeak\u00adoulu, Suo\u00admi<\/p>\n\n\n\n<h2 class=\"wp-block-heading\">Yhteystiedot<\/h2>\n\n\n\n<p>Daisy Sil\u00adven\u00adnoinen, han\u00adkeasiantun\u00adti\u00adja<br>+358 50&nbsp;522 7590,<br>daisy.silvennoinen@karelia.fi<\/p>\n\n\n\n<p>Kei\u00adjo Kosk\u00adi\u00adnen, lehtori<br>+358 50 310 9438<br>keijo.koskinen@karelia.fi<\/p>\n","protected":false},"excerpt":{"rendered":"<p>Uud\u00adis\u00adta\u00adva matkailu on kest\u00e4v\u00e4n matkailun muo\u00adto, jon\u00adka tavoit\u00adteena on osal\u00adlis\u00adtaa matkail\u00adi\u00adjat matkako\u00adhteen luon\u00adnon- sek\u00e4 kult\u00adtuuriym\u00adp\u00e4rist\u00f6n ennal\u00adlis\u00adtamiseen tai tuke\u00admaan paikallisy\u00adhteis\u00f6n eli\u00adnolo\u00adsuhtei\u00adden paran\u00adtamista muun\u00adlaisen konkreet\u00adtisen toimin\u00adnan kaut\u00adta. Uud\u00adis\u00adta\u00advan matkailun ja ajat\u00adte\u00adlu\u00adta\u00advan keskeisim\u00adm\u00e4t sanansaat\u00adta\u00adjat toimi\u00advat sek\u00e4 julkisel\u00adla ett\u00e4 yksi\u00adtyisel\u00adl\u00e4 sek\u00adto\u00adril\u00adla. Uud\u00adis\u00adta\u00advan matkailu\u00adalan kehit\u00adtymisen kannal\u00adta molem\u00adpi\u00aden sek\u00adto\u00adrien suju\u00adva yhteisty\u00f6 ja vuorop\u00aduhelu on oleel\u00adlista. Kehi\u00adtysty\u00f6n keskeisimpi\u00e4 haastei\u00adta ovat, miten uud\u00adis\u00adta\u00advan [\u2026]<\/p>\n","protected":false},"author":10,"featured_media":17,"parent":0,"menu_order":0,"comment_status":"closed","ping_status":"closed","template":"","meta":{"inline_featured_image":false,"wp_typography_post_enhancements_disabled":false,"footnotes":""},"class_list":["post-19","page","type-page","status-publish","has-post-thumbnail","hentry"],"yoast_head":"<!-- This site is optimized with the Yoast SEO plugin v27.5 - https:\/\/yoast.com\/product\/yoast-seo-wordpress\/ -->\n<title>REGENERATE \u2013 Regenerative Tourism in the Northern Periphery and Arctic for building resilient communities and preserving the unique heritage of the region - REGENERATE \u2013 Regenerative Tourism in the Northern Periphery and Arctic for building resilient communities and preserving the unique heritage of the region<\/title>\n<meta name=\"robots\" content=\"index, follow, max-snippet:-1, max-image-preview:large, max-video-preview:-1\" \/>\n<link rel=\"canonical\" href=\"https:\/\/hankkeet.karelia.fi\/regenerate-tourism\/\" \/>\n<meta property=\"og:locale\" content=\"fi_FI\" \/>\n<meta property=\"og:type\" content=\"article\" \/>\n<meta property=\"og:title\" content=\"REGENERATE \u2013 Regenerative Tourism in the Northern Periphery and Arctic for building resilient communities and preserving the unique heritage of the region - REGENERATE \u2013 Regenerative Tourism in the Northern Periphery and Arctic for building resilient communities and preserving the unique heritage of the region\" \/>\n<meta property=\"og:description\" content=\"Uud\u00adis\u00adta\u00adva matkailu on kest\u00e4v\u00e4n matkailun muo\u00adto, jon\u00adka tavoit\u00adteena on osal\u00adlis\u00adtaa matkail\u00adi\u00adjat matkako\u00adhteen luon\u00adnon- sek\u00e4 kult\u00adtuuriym\u00adp\u00e4rist\u00f6n ennal\u00adlis\u00adtamiseen tai tuke\u00admaan paikallisy\u00adhteis\u00f6n eli\u00adnolo\u00adsuhtei\u00adden paran\u00adtamista muun\u00adlaisen konkreet\u00adtisen toimin\u00adnan kaut\u00adta. Uud\u00adis\u00adta\u00advan matkailun ja ajat\u00adte\u00adlu\u00adta\u00advan keskeisim\u00adm\u00e4t sanansaat\u00adta\u00adjat toimi\u00advat sek\u00e4 julkisel\u00adla ett\u00e4 yksi\u00adtyisel\u00adl\u00e4 sek\u00adto\u00adril\u00adla. Uud\u00adis\u00adta\u00advan matkailu\u00adalan kehit\u00adtymisen kannal\u00adta molem\u00adpi\u00aden sek\u00adto\u00adrien suju\u00adva yhteisty\u00f6 ja vuorop\u00aduhelu on oleel\u00adlista. Kehi\u00adtysty\u00f6n keskeisimpi\u00e4 haastei\u00adta ovat, miten uud\u00adis\u00adta\u00advan [&hellip;]\" \/>\n<meta property=\"og:url\" content=\"https:\/\/hankkeet.karelia.fi\/regenerate-tourism\/\" \/>\n<meta property=\"og:site_name\" content=\"REGENERATE \u2013 Regenerative Tourism in the Northern Periphery and Arctic for building resilient communities and preserving the unique heritage of the region\" \/>\n<meta property=\"article:modified_time\" content=\"2026-04-02T12:33:51+00:00\" \/>\n<meta property=\"og:image\" content=\"https:\/\/hankkeet.karelia.fi\/regenerate-tourism\/wp-content\/uploads\/sites\/17\/2026\/03\/regenerate-scaled-1.jpg\" \/>\n\t<meta property=\"og:image:width\" content=\"2560\" \/>\n\t<meta property=\"og:image:height\" content=\"1707\" \/>\n\t<meta property=\"og:image:type\" content=\"image\/jpeg\" \/>\n<meta name=\"twitter:card\" content=\"summary_large_image\" \/>\n<meta name=\"twitter:label1\" content=\"Arvioitu lukuaika\" \/>\n\t<meta name=\"twitter:data1\" content=\"3 minuuttia\" \/>\n<script type=\"application\/ld+json\" class=\"yoast-schema-graph\">{\"@context\":\"https:\\\/\\\/schema.org\",\"@graph\":[{\"@type\":\"WebPage\",\"@id\":\"https:\\\/\\\/hankkeet.karelia.fi\\\/regenerate-tourism\\\/\",\"url\":\"https:\\\/\\\/hankkeet.karelia.fi\\\/regenerate-tourism\\\/\",\"name\":\"REGENERATE \u2013 Regenerative Tourism in the Northern Periphery and Arctic for building resilient communities and preserving the unique heritage of the region - REGENERATE \u2013 Regenerative Tourism in the Northern Periphery and Arctic for building resilient communities and preserving the unique heritage of the region\",\"isPartOf\":{\"@id\":\"https:\\\/\\\/hankkeet.karelia.fi\\\/regenerate-tourism\\\/#website\"},\"primaryImageOfPage\":{\"@id\":\"https:\\\/\\\/hankkeet.karelia.fi\\\/regenerate-tourism\\\/#primaryimage\"},\"image\":{\"@id\":\"https:\\\/\\\/hankkeet.karelia.fi\\\/regenerate-tourism\\\/#primaryimage\"},\"thumbnailUrl\":\"https:\\\/\\\/hankkeet.karelia.fi\\\/regenerate-tourism\\\/wp-content\\\/uploads\\\/sites\\\/17\\\/2026\\\/03\\\/regenerate-scaled-1.jpg\",\"datePublished\":\"2026-03-17T06:59:59+00:00\",\"dateModified\":\"2026-04-02T12:33:51+00:00\",\"breadcrumb\":{\"@id\":\"https:\\\/\\\/hankkeet.karelia.fi\\\/regenerate-tourism\\\/#breadcrumb\"},\"inLanguage\":\"fi\",\"potentialAction\":[{\"@type\":\"ReadAction\",\"target\":[\"https:\\\/\\\/hankkeet.karelia.fi\\\/regenerate-tourism\\\/\"]}]},{\"@type\":\"ImageObject\",\"inLanguage\":\"fi\",\"@id\":\"https:\\\/\\\/hankkeet.karelia.fi\\\/regenerate-tourism\\\/#primaryimage\",\"url\":\"https:\\\/\\\/hankkeet.karelia.fi\\\/regenerate-tourism\\\/wp-content\\\/uploads\\\/sites\\\/17\\\/2026\\\/03\\\/regenerate-scaled-1.jpg\",\"contentUrl\":\"https:\\\/\\\/hankkeet.karelia.fi\\\/regenerate-tourism\\\/wp-content\\\/uploads\\\/sites\\\/17\\\/2026\\\/03\\\/regenerate-scaled-1.jpg\",\"width\":2560,\"height\":1707},{\"@type\":\"BreadcrumbList\",\"@id\":\"https:\\\/\\\/hankkeet.karelia.fi\\\/regenerate-tourism\\\/#breadcrumb\",\"itemListElement\":[{\"@type\":\"ListItem\",\"position\":1,\"name\":\"Home\",\"item\":\"https:\\\/\\\/hankkeet.karelia.fi\\\/regenerate-tourism\\\/\"},{\"@type\":\"ListItem\",\"position\":2,\"name\":\"REGENERATE \u2013 Regenerative Tourism in the Northern Periphery and Arctic for building resilient communities and preserving the unique heritage of the region\"}]},{\"@type\":\"WebSite\",\"@id\":\"https:\\\/\\\/hankkeet.karelia.fi\\\/regenerate-tourism\\\/#website\",\"url\":\"https:\\\/\\\/hankkeet.karelia.fi\\\/regenerate-tourism\\\/\",\"name\":\"REGENERATE \u2013 Regenerative Tourism in the Northern Periphery and Arctic for building resilient communities and preserving the unique heritage of the region\",\"description\":\"\",\"publisher\":{\"@id\":\"https:\\\/\\\/hankkeet.karelia.fi\\\/regenerate-tourism\\\/#organization\"},\"potentialAction\":[{\"@type\":\"SearchAction\",\"target\":{\"@type\":\"EntryPoint\",\"urlTemplate\":\"https:\\\/\\\/hankkeet.karelia.fi\\\/regenerate-tourism\\\/?s={search_term_string}\"},\"query-input\":{\"@type\":\"PropertyValueSpecification\",\"valueRequired\":true,\"valueName\":\"search_term_string\"}}],\"inLanguage\":\"fi\"},{\"@type\":\"Organization\",\"@id\":\"https:\\\/\\\/hankkeet.karelia.fi\\\/regenerate-tourism\\\/#organization\",\"name\":\"REGENERATE \u2013 Regenerative Tourism in the Northern Periphery and Arctic for building resilient communities and preserving the unique heritage of the region\",\"url\":\"https:\\\/\\\/hankkeet.karelia.fi\\\/regenerate-tourism\\\/\",\"logo\":{\"@type\":\"ImageObject\",\"inLanguage\":\"fi\",\"@id\":\"https:\\\/\\\/hankkeet.karelia.fi\\\/regenerate-tourism\\\/#\\\/schema\\\/logo\\\/image\\\/\",\"url\":\"https:\\\/\\\/hankkeet.karelia.fi\\\/regenerate-tourism\\\/wp-content\\\/uploads\\\/sites\\\/17\\\/2026\\\/03\\\/cropped-cropped-Karelia_AMK_logo_RGB-1.png\",\"contentUrl\":\"https:\\\/\\\/hankkeet.karelia.fi\\\/regenerate-tourism\\\/wp-content\\\/uploads\\\/sites\\\/17\\\/2026\\\/03\\\/cropped-cropped-Karelia_AMK_logo_RGB-1.png\",\"width\":427,\"height\":116,\"caption\":\"REGENERATE \u2013 Regenerative Tourism in the Northern Periphery and Arctic for building resilient communities and preserving the unique heritage of the region\"},\"image\":{\"@id\":\"https:\\\/\\\/hankkeet.karelia.fi\\\/regenerate-tourism\\\/#\\\/schema\\\/logo\\\/image\\\/\"}}]}<\/script>\n<!-- \/ Yoast SEO plugin. -->","yoast_head_json":{"title":"REGENERATE \u2013 Regenerative Tourism in the Northern Periphery and Arctic for building resilient communities and preserving the unique heritage of the region - REGENERATE \u2013 Regenerative Tourism in the Northern Periphery and Arctic for building resilient communities and preserving the unique heritage of the region","robots":{"index":"index","follow":"follow","max-snippet":"max-snippet:-1","max-image-preview":"max-image-preview:large","max-video-preview":"max-video-preview:-1"},"canonical":"https:\/\/hankkeet.karelia.fi\/regenerate-tourism\/","og_locale":"fi_FI","og_type":"article","og_title":"REGENERATE \u2013 Regenerative Tourism in the Northern Periphery and Arctic for building resilient communities and preserving the unique heritage of the region - REGENERATE \u2013 Regenerative Tourism in the Northern Periphery and Arctic for building resilient communities and preserving the unique heritage of the region","og_description":"Uud\u00adis\u00adta\u00adva matkailu on kest\u00e4v\u00e4n matkailun muo\u00adto, jon\u00adka tavoit\u00adteena on osal\u00adlis\u00adtaa matkail\u00adi\u00adjat matkako\u00adhteen luon\u00adnon- sek\u00e4 kult\u00adtuuriym\u00adp\u00e4rist\u00f6n ennal\u00adlis\u00adtamiseen tai tuke\u00admaan paikallisy\u00adhteis\u00f6n eli\u00adnolo\u00adsuhtei\u00adden paran\u00adtamista muun\u00adlaisen konkreet\u00adtisen toimin\u00adnan kaut\u00adta. Uud\u00adis\u00adta\u00advan matkailun ja ajat\u00adte\u00adlu\u00adta\u00advan keskeisim\u00adm\u00e4t sanansaat\u00adta\u00adjat toimi\u00advat sek\u00e4 julkisel\u00adla ett\u00e4 yksi\u00adtyisel\u00adl\u00e4 sek\u00adto\u00adril\u00adla. Uud\u00adis\u00adta\u00advan matkailu\u00adalan kehit\u00adtymisen kannal\u00adta molem\u00adpi\u00aden sek\u00adto\u00adrien suju\u00adva yhteisty\u00f6 ja vuorop\u00aduhelu on oleel\u00adlista. Kehi\u00adtysty\u00f6n keskeisimpi\u00e4 haastei\u00adta ovat, miten uud\u00adis\u00adta\u00advan [&hellip;]","og_url":"https:\/\/hankkeet.karelia.fi\/regenerate-tourism\/","og_site_name":"REGENERATE \u2013 Regenerative Tourism in the Northern Periphery and Arctic for building resilient communities and preserving the unique heritage of the region","article_modified_time":"2026-04-02T12:33:51+00:00","og_image":[{"width":2560,"height":1707,"url":"https:\/\/hankkeet.karelia.fi\/regenerate-tourism\/wp-content\/uploads\/sites\/17\/2026\/03\/regenerate-scaled-1.jpg","type":"image\/jpeg"}],"twitter_card":"summary_large_image","twitter_misc":{"Arvioitu lukuaika":"3 minuuttia"},"schema":{"@context":"https:\/\/schema.org","@graph":[{"@type":"WebPage","@id":"https:\/\/hankkeet.karelia.fi\/regenerate-tourism\/","url":"https:\/\/hankkeet.karelia.fi\/regenerate-tourism\/","name":"REGENERATE \u2013 Regenerative Tourism in the Northern Periphery and Arctic for building resilient communities and preserving the unique heritage of the region - REGENERATE \u2013 Regenerative Tourism in the Northern Periphery and Arctic for building resilient communities and preserving the unique heritage of the region","isPartOf":{"@id":"https:\/\/hankkeet.karelia.fi\/regenerate-tourism\/#website"},"primaryImageOfPage":{"@id":"https:\/\/hankkeet.karelia.fi\/regenerate-tourism\/#primaryimage"},"image":{"@id":"https:\/\/hankkeet.karelia.fi\/regenerate-tourism\/#primaryimage"},"thumbnailUrl":"https:\/\/hankkeet.karelia.fi\/regenerate-tourism\/wp-content\/uploads\/sites\/17\/2026\/03\/regenerate-scaled-1.jpg","datePublished":"2026-03-17T06:59:59+00:00","dateModified":"2026-04-02T12:33:51+00:00","breadcrumb":{"@id":"https:\/\/hankkeet.karelia.fi\/regenerate-tourism\/#breadcrumb"},"inLanguage":"fi","potentialAction":[{"@type":"ReadAction","target":["https:\/\/hankkeet.karelia.fi\/regenerate-tourism\/"]}]},{"@type":"ImageObject","inLanguage":"fi","@id":"https:\/\/hankkeet.karelia.fi\/regenerate-tourism\/#primaryimage","url":"https:\/\/hankkeet.karelia.fi\/regenerate-tourism\/wp-content\/uploads\/sites\/17\/2026\/03\/regenerate-scaled-1.jpg","contentUrl":"https:\/\/hankkeet.karelia.fi\/regenerate-tourism\/wp-content\/uploads\/sites\/17\/2026\/03\/regenerate-scaled-1.jpg","width":2560,"height":1707},{"@type":"BreadcrumbList","@id":"https:\/\/hankkeet.karelia.fi\/regenerate-tourism\/#breadcrumb","itemListElement":[{"@type":"ListItem","position":1,"name":"Home","item":"https:\/\/hankkeet.karelia.fi\/regenerate-tourism\/"},{"@type":"ListItem","position":2,"name":"REGENERATE \u2013 Regenerative Tourism in the Northern Periphery and Arctic for building resilient communities and preserving the unique heritage of the region"}]},{"@type":"WebSite","@id":"https:\/\/hankkeet.karelia.fi\/regenerate-tourism\/#website","url":"https:\/\/hankkeet.karelia.fi\/regenerate-tourism\/","name":"REGENERATE \u2013 Regenerative Tourism in the Northern Periphery and Arctic for building resilient communities and preserving the unique heritage of the region","description":"","publisher":{"@id":"https:\/\/hankkeet.karelia.fi\/regenerate-tourism\/#organization"},"potentialAction":[{"@type":"SearchAction","target":{"@type":"EntryPoint","urlTemplate":"https:\/\/hankkeet.karelia.fi\/regenerate-tourism\/?s={search_term_string}"},"query-input":{"@type":"PropertyValueSpecification","valueRequired":true,"valueName":"search_term_string"}}],"inLanguage":"fi"},{"@type":"Organization","@id":"https:\/\/hankkeet.karelia.fi\/regenerate-tourism\/#organization","name":"REGENERATE \u2013 Regenerative Tourism in the Northern Periphery and Arctic for building resilient communities and preserving the unique heritage of the region","url":"https:\/\/hankkeet.karelia.fi\/regenerate-tourism\/","logo":{"@type":"ImageObject","inLanguage":"fi","@id":"https:\/\/hankkeet.karelia.fi\/regenerate-tourism\/#\/schema\/logo\/image\/","url":"https:\/\/hankkeet.karelia.fi\/regenerate-tourism\/wp-content\/uploads\/sites\/17\/2026\/03\/cropped-cropped-Karelia_AMK_logo_RGB-1.png","contentUrl":"https:\/\/hankkeet.karelia.fi\/regenerate-tourism\/wp-content\/uploads\/sites\/17\/2026\/03\/cropped-cropped-Karelia_AMK_logo_RGB-1.png","width":427,"height":116,"caption":"REGENERATE \u2013 Regenerative Tourism in the Northern Periphery and Arctic for building resilient communities and preserving the unique heritage of the region"},"image":{"@id":"https:\/\/hankkeet.karelia.fi\/regenerate-tourism\/#\/schema\/logo\/image\/"}}]}},"_links":{"self":[{"href":"https:\/\/hankkeet.karelia.fi\/regenerate-tourism\/wp-json\/wp\/v2\/pages\/19","targetHints":{"allow":["GET"]}}],"collection":[{"href":"https:\/\/hankkeet.karelia.fi\/regenerate-tourism\/wp-json\/wp\/v2\/pages"}],"about":[{"href":"https:\/\/hankkeet.karelia.fi\/regenerate-tourism\/wp-json\/wp\/v2\/types\/page"}],"author":[{"embeddable":true,"href":"https:\/\/hankkeet.karelia.fi\/regenerate-tourism\/wp-json\/wp\/v2\/users\/10"}],"replies":[{"embeddable":true,"href":"https:\/\/hankkeet.karelia.fi\/regenerate-tourism\/wp-json\/wp\/v2\/comments?post=19"}],"version-history":[{"count":2,"href":"https:\/\/hankkeet.karelia.fi\/regenerate-tourism\/wp-json\/wp\/v2\/pages\/19\/revisions"}],"predecessor-version":[{"id":23,"href":"https:\/\/hankkeet.karelia.fi\/regenerate-tourism\/wp-json\/wp\/v2\/pages\/19\/revisions\/23"}],"wp:featuredmedia":[{"embeddable":true,"href":"https:\/\/hankkeet.karelia.fi\/regenerate-tourism\/wp-json\/wp\/v2\/media\/17"}],"wp:attachment":[{"href":"https:\/\/hankkeet.karelia.fi\/regenerate-tourism\/wp-json\/wp\/v2\/media?parent=19"}],"curies":[{"name":"wp","href":"https:\/\/api.w.org\/{rel}","templated":true}]}}