{"id":19,"date":"2026-03-17T13:05:05","date_gmt":"2026-03-17T11:05:05","guid":{"rendered":"https:\/\/hankkeet.karelia.fi\/sairaanhoitajaksi-patevoityvien-osaamispalvelut\/saila-sairaanhoitajan-laillistaminen-suomessa-hankkeet\/"},"modified":"2026-03-17T13:05:05","modified_gmt":"2026-03-17T11:05:05","slug":"saila-sairaanhoitajan-laillistaminen-suomessa-hankkeet","status":"publish","type":"page","link":"https:\/\/hankkeet.karelia.fi\/sairaanhoitajaksi-patevoityvien-osaamispalvelut\/","title":{"rendered":"SAILA \u2013 Sairaanhoitajan laillistaminen Suomessa \u2011hankkeet"},"content":{"rendered":"\n<figure class=\"wp-block-image size-large is-resized\"><img decoding=\"async\" src=\"https:\/\/hankkeet.karelia.fi\/sairaanhoitajaksi-patevoityvien-osaamispalvelut\/wp-content\/uploads\/sites\/49\/2026\/03\/saila-logo-1024x174-1.jpg\" alt class=\"wp-image-69622\" style=\"width:524px;height:auto\"><\/figure>\n\n\n\n<p>EU\/E\u00adTA-maid\u00aden ulkop\u00aduolel\u00adla sairaan\u00adhoita\u00adjak\u00adoulu\u00adtuk\u00adsen saanei\u00adden lail\u00adlis\u00adtamisv\u00e4yl\u00e4 Suomeen koos\u00adt\u00aduu kahdes\u00adta toisi\u00adin\u00adsa kytk\u00f6k\u00adsis\u00ads\u00e4 olev\u00adas\u00adta han\u00adkkeesta ja rahoituk\u00adses\u00adta.<\/p>\n\n\n\n<p>Ope\u00adtus- ja kult\u00adtuuri\u00adm\u00adin\u00adis\u00adter\u00adi\u00f6 rahoit\u00adtaa ensim\u00adm\u00e4ist\u00e4 vai\u00adhet\u00adta, jos\u00adsa kehitet\u00e4\u00e4n ohjauk\u00adsen, osaamisen arvioin\u00adnin ja t\u00e4y\u00adden\u00adt\u00e4misen sek\u00e4 ty\u00f6el\u00e4m\u00e4y\u00adhteisty\u00f6n toim\u00adinta\u00admalle\u00adja. Tavoit\u00adteena on kehit\u00adt\u00e4\u00e4 val\u00adtakun\u00adnalli\u00adnen yhden\u00admukainen toim\u00adintakokon\u00adaisu\u00adus EU\/E\u00adTA-maid\u00aden ulkop\u00aduolel\u00adla sairaan\u00adhoita\u00adjak\u00adoulu\u00adtuk\u00adsen saanei\u00adden osaamisen arvioin\u00adti\u00adin, t\u00e4y\u00adden\u00adt\u00e4miseen ja varmis\u00adtamiseen. Han\u00adkkeessa kehitet\u00e4\u00e4n ped\u00ada\u00adgogisia vai\u00adh\u00adtoe\u00adhto\u00adja val\u00admen\u00adtaville opin\u00adnoille, ty\u00f6\u00adnan\u00adta\u00adjay\u00adhteisty\u00f6n malli ty\u00f6el\u00e4m\u00e4ss\u00e4 tapah\u00adtu\u00advan oppimisen sis\u00e4l\u00adl\u00f6ille, toim\u00adintat\u00adapo\u00adja ty\u00f6y\u00adhteis\u00f6\u00adjen kieli- ja kult\u00adtuu\u00adri\u00adti\u00adetoisu\u00adu\u00adden edis\u00adt\u00e4misek\u00adsi sek\u00e4 hake\u00advan ja tuke\u00advan ty\u00f6n toim\u00adinta\u00admalli kohderyh\u00adm\u00e4n saavut\u00adtamisek\u00adsi ja tukemisek\u00adsi p\u00e4tev\u00f6i\u00adtymis\u00adpros\u00adessin eri vai\u00adheis\u00adsa, huomioiden my\u00f6s kak\u00adsikieliset alueet.<\/p>\n\n\n\n<p>Jatku\u00advan oppimisen ja ty\u00f6l\u00adlisyy\u00adden palvelukeskus rahoit\u00adtaa han\u00adkekokon\u00adaisu\u00adu\u00adden toista vai\u00adhet\u00adta, jos\u00adsa pilo\u00adtoidaan ensim\u00adm\u00e4isess\u00e4 vai\u00adheessa kehitet\u00adty val\u00adtakun\u00adnalli\u00adnen alueel\u00adlis\u00ades\u00adti kat\u00adta\u00adva toim\u00adinta\u00admalli k\u00e4yt\u00e4n\u00adn\u00f6ss\u00e4. Tavoit\u00adteena on suju\u00advoit\u00adtaa ja yht\u00aden\u00e4ist\u00e4\u00e4 EU\/E\u00adTA-maid\u00aden ulkop\u00aduolel\u00adla tutkin\u00adnon suorit\u00adtanei\u00adden sairaan\u00adhoita\u00adjien osaamisen t\u00e4y\u00adden\u00adt\u00e4misen mah\u00addol\u00adlisuuk\u00adsia ammat\u00adin\u00adhar\u00adjoit\u00adtamisoikeu\u00adden saamisek\u00adsi Suomes\u00adsa. Pilo\u00adtoin\u00adti alkaa syksyl\u00adl\u00e4 2024.<\/p>\n\n\n\n<p>Han\u00adkkeessa ovat mukana kaik\u00adki 20 Suomes\u00adsa sairaan\u00adhoita\u00adjan tutk\u00adin\u00adtok\u00adoulu\u00adtus\u00adta tuot\u00adtavaa ammat\u00adtiko\u00adrkeak\u00adoulua. Han\u00adkkeen kokon\u00adaisko\u00adordi\u00adnoin\u00adnista vas\u00adtaa Metropo\u00adlia AMK. Han\u00adkekokon\u00adaisu\u00adus on alka\u00adnut vuo\u00adden 2024 alus\u00adta ja p\u00e4\u00e4t\u00adtyy vuon\u00adna 2025.<\/p>\n\n\n\n<h2 class=\"wp-block-heading\">Projektin kesto<\/h2>\n\n\n\n<p>21.12.2023 \u2014 31.12.2025<\/p>\n\n\n\n<h2 class=\"wp-block-heading\">Projektip\u00e4\u00e4llikk\u00f6<\/h2>\n\n\n\n<p><strong>Eli\u00adna Turunen<\/strong><br>elina.turunen(a)karelia.fi<\/p>\n\n\n\n<h2 class=\"wp-block-heading\">Rahoitus<\/h2>\n\n\n\n<p>OKM, Ope\u00adtushal\u00adli\u00adtus, kehit\u00adt\u00e4mis\u00adra\u00adhoi\u00adtus<\/p>\n","protected":false},"excerpt":{"rendered":"<p>EU\/E\u00ad\u00adTA-maid\u00ad\u00aden ulkop\u00aduolel\u00adla sairaan\u00adhoita\u00adjak\u00adoulu\u00adtuk\u00adsen saanei\u00adden lail\u00adlis\u00adtamisv\u00e4yl\u00e4 Suomeen koos\u00adt\u00aduu kahdes\u00adta toisi\u00adin\u00adsa kytk\u00f6k\u00adsis\u00ads\u00e4 olev\u00adas\u00adta han\u00adkkeesta ja rahoituk\u00adses\u00adta. Ope\u00ad\u00adtus- ja kult\u00adtuuri\u00adm\u00adin\u00adis\u00adter\u00adi\u00f6 rahoit\u00adtaa ensim\u00adm\u00e4ist\u00e4 vai\u00adhet\u00adta, jos\u00adsa kehitet\u00e4\u00e4n ohjauk\u00adsen, osaamisen arvioin\u00adnin ja t\u00e4y\u00adden\u00adt\u00e4misen sek\u00e4 ty\u00f6el\u00e4m\u00e4y\u00adhteisty\u00f6n toim\u00adinta\u00admalle\u00adja. Tavoit\u00adteena on kehit\u00adt\u00e4\u00e4 val\u00adtakun\u00adnalli\u00adnen yhden\u00admukainen toim\u00adintakokon\u00adaisu\u00adus EU\/E\u00ad\u00adTA-maid\u00ad\u00aden ulkop\u00aduolel\u00adla sairaan\u00adhoita\u00adjak\u00adoulu\u00adtuk\u00adsen saanei\u00adden osaamisen arvioin\u00adti\u00adin, t\u00e4y\u00adden\u00adt\u00e4miseen ja varmis\u00adtamiseen. Han\u00adkkeessa kehitet\u00e4\u00e4n ped\u00ada\u00adgogisia vai\u00adh\u00adtoe\u00adhto\u00adja val\u00admen\u00adtaville opin\u00adnoille, ty\u00f6\u00adnan\u00adta\u00adjay\u00adhteisty\u00f6n malli ty\u00f6el\u00e4m\u00e4ss\u00e4 tapah\u00adtu\u00advan [\u2026]<\/p>\n","protected":false},"author":0,"featured_media":17,"parent":0,"menu_order":0,"comment_status":"closed","ping_status":"closed","template":"","meta":{"inline_featured_image":false,"wp_typography_post_enhancements_disabled":false,"footnotes":""},"class_list":["post-19","page","type-page","status-publish","has-post-thumbnail","hentry"],"yoast_head":"<!-- This site is optimized with the Yoast SEO plugin v27.5 - https:\/\/yoast.com\/product\/yoast-seo-wordpress\/ -->\n<title>SAILA &#8211; Sairaanhoitajan laillistaminen Suomessa -hankkeet - SAILA &#8211; Sairaanhoitajan laillistaminen Suomessa -hankkeet<\/title>\n<meta name=\"robots\" content=\"index, follow, max-snippet:-1, max-image-preview:large, max-video-preview:-1\" \/>\n<link rel=\"canonical\" href=\"https:\/\/hankkeet.karelia.fi\/sairaanhoitajaksi-patevoityvien-osaamispalvelut\/\" \/>\n<meta property=\"og:locale\" content=\"fi_FI\" \/>\n<meta property=\"og:type\" content=\"article\" \/>\n<meta property=\"og:title\" content=\"SAILA &#8211; Sairaanhoitajan laillistaminen Suomessa -hankkeet - SAILA &#8211; Sairaanhoitajan laillistaminen Suomessa -hankkeet\" \/>\n<meta property=\"og:description\" content=\"EU\/E\u00adTA-maid\u00aden ulkop\u00aduolel\u00adla sairaan\u00adhoita\u00adjak\u00adoulu\u00adtuk\u00adsen saanei\u00adden lail\u00adlis\u00adtamisv\u00e4yl\u00e4 Suomeen koos\u00adt\u00aduu kahdes\u00adta toisi\u00adin\u00adsa kytk\u00f6k\u00adsis\u00ads\u00e4 olev\u00adas\u00adta han\u00adkkeesta ja rahoituk\u00adses\u00adta. Ope\u00adtus- ja kult\u00adtuuri\u00adm\u00adin\u00adis\u00adter\u00adi\u00f6 rahoit\u00adtaa ensim\u00adm\u00e4ist\u00e4 vai\u00adhet\u00adta, jos\u00adsa kehitet\u00e4\u00e4n ohjauk\u00adsen, osaamisen arvioin\u00adnin ja t\u00e4y\u00adden\u00adt\u00e4misen sek\u00e4 ty\u00f6el\u00e4m\u00e4y\u00adhteisty\u00f6n toim\u00adinta\u00admalle\u00adja. Tavoit\u00adteena on kehit\u00adt\u00e4\u00e4 val\u00adtakun\u00adnalli\u00adnen yhden\u00admukainen toim\u00adintakokon\u00adaisu\u00adus EU\/E\u00adTA-maid\u00aden ulkop\u00aduolel\u00adla sairaan\u00adhoita\u00adjak\u00adoulu\u00adtuk\u00adsen saanei\u00adden osaamisen arvioin\u00adti\u00adin, t\u00e4y\u00adden\u00adt\u00e4miseen ja varmis\u00adtamiseen. Han\u00adkkeessa kehitet\u00e4\u00e4n ped\u00ada\u00adgogisia vai\u00adh\u00adtoe\u00adhto\u00adja val\u00admen\u00adtaville opin\u00adnoille, ty\u00f6\u00adnan\u00adta\u00adjay\u00adhteisty\u00f6n malli ty\u00f6el\u00e4m\u00e4ss\u00e4 tapah\u00adtu\u00advan [&hellip;]\" \/>\n<meta property=\"og:url\" content=\"https:\/\/hankkeet.karelia.fi\/sairaanhoitajaksi-patevoityvien-osaamispalvelut\/\" \/>\n<meta property=\"og:site_name\" content=\"SAILA &#8211; Sairaanhoitajan laillistaminen Suomessa -hankkeet\" \/>\n<meta name=\"twitter:card\" content=\"summary_large_image\" \/>\n<meta name=\"twitter:label1\" content=\"Arvioitu lukuaika\" \/>\n\t<meta name=\"twitter:data1\" content=\"1 minuutti\" \/>\n<script type=\"application\/ld+json\" class=\"yoast-schema-graph\">{\"@context\":\"https:\\\/\\\/schema.org\",\"@graph\":[{\"@type\":\"WebPage\",\"@id\":\"https:\\\/\\\/hankkeet.karelia.fi\\\/sairaanhoitajaksi-patevoityvien-osaamispalvelut\\\/\",\"url\":\"https:\\\/\\\/hankkeet.karelia.fi\\\/sairaanhoitajaksi-patevoityvien-osaamispalvelut\\\/\",\"name\":\"SAILA &#8211; Sairaanhoitajan laillistaminen Suomessa -hankkeet - SAILA &#8211; Sairaanhoitajan laillistaminen Suomessa -hankkeet\",\"isPartOf\":{\"@id\":\"https:\\\/\\\/hankkeet.karelia.fi\\\/sairaanhoitajaksi-patevoityvien-osaamispalvelut\\\/#website\"},\"primaryImageOfPage\":{\"@id\":\"https:\\\/\\\/hankkeet.karelia.fi\\\/sairaanhoitajaksi-patevoityvien-osaamispalvelut\\\/#primaryimage\"},\"image\":{\"@id\":\"https:\\\/\\\/hankkeet.karelia.fi\\\/sairaanhoitajaksi-patevoityvien-osaamispalvelut\\\/#primaryimage\"},\"thumbnailUrl\":\"https:\\\/\\\/hankkeet.karelia.fi\\\/sairaanhoitajaksi-patevoityvien-osaamispalvelut\\\/wp-content\\\/uploads\\\/sites\\\/49\\\/2026\\\/03\\\/pr2-scaled-1.jpeg\",\"datePublished\":\"2026-03-17T11:05:05+00:00\",\"breadcrumb\":{\"@id\":\"https:\\\/\\\/hankkeet.karelia.fi\\\/sairaanhoitajaksi-patevoityvien-osaamispalvelut\\\/#breadcrumb\"},\"inLanguage\":\"fi\",\"potentialAction\":[{\"@type\":\"ReadAction\",\"target\":[\"https:\\\/\\\/hankkeet.karelia.fi\\\/sairaanhoitajaksi-patevoityvien-osaamispalvelut\\\/\"]}]},{\"@type\":\"ImageObject\",\"inLanguage\":\"fi\",\"@id\":\"https:\\\/\\\/hankkeet.karelia.fi\\\/sairaanhoitajaksi-patevoityvien-osaamispalvelut\\\/#primaryimage\",\"url\":\"https:\\\/\\\/hankkeet.karelia.fi\\\/sairaanhoitajaksi-patevoityvien-osaamispalvelut\\\/wp-content\\\/uploads\\\/sites\\\/49\\\/2026\\\/03\\\/pr2-scaled-1.jpeg\",\"contentUrl\":\"https:\\\/\\\/hankkeet.karelia.fi\\\/sairaanhoitajaksi-patevoityvien-osaamispalvelut\\\/wp-content\\\/uploads\\\/sites\\\/49\\\/2026\\\/03\\\/pr2-scaled-1.jpeg\",\"width\":2560,\"height\":1230,\"caption\":\"Project management schedule plan diagram business process optimisation concept\"},{\"@type\":\"BreadcrumbList\",\"@id\":\"https:\\\/\\\/hankkeet.karelia.fi\\\/sairaanhoitajaksi-patevoityvien-osaamispalvelut\\\/#breadcrumb\",\"itemListElement\":[{\"@type\":\"ListItem\",\"position\":1,\"name\":\"Home\",\"item\":\"https:\\\/\\\/hankkeet.karelia.fi\\\/sairaanhoitajaksi-patevoityvien-osaamispalvelut\\\/saila-sairaanhoitajan-laillistaminen-suomessa-hankkeet\\\/\"},{\"@type\":\"ListItem\",\"position\":2,\"name\":\"SAILA &#8211; Sairaanhoitajan laillistaminen Suomessa -hankkeet\"}]},{\"@type\":\"WebSite\",\"@id\":\"https:\\\/\\\/hankkeet.karelia.fi\\\/sairaanhoitajaksi-patevoityvien-osaamispalvelut\\\/#website\",\"url\":\"https:\\\/\\\/hankkeet.karelia.fi\\\/sairaanhoitajaksi-patevoityvien-osaamispalvelut\\\/\",\"name\":\"SAILA &#8211; Sairaanhoitajan laillistaminen Suomessa -hankkeet\",\"description\":\"\",\"publisher\":{\"@id\":\"https:\\\/\\\/hankkeet.karelia.fi\\\/sairaanhoitajaksi-patevoityvien-osaamispalvelut\\\/#organization\"},\"potentialAction\":[{\"@type\":\"SearchAction\",\"target\":{\"@type\":\"EntryPoint\",\"urlTemplate\":\"https:\\\/\\\/hankkeet.karelia.fi\\\/sairaanhoitajaksi-patevoityvien-osaamispalvelut\\\/?s={search_term_string}\"},\"query-input\":{\"@type\":\"PropertyValueSpecification\",\"valueRequired\":true,\"valueName\":\"search_term_string\"}}],\"inLanguage\":\"fi\"},{\"@type\":\"Organization\",\"@id\":\"https:\\\/\\\/hankkeet.karelia.fi\\\/sairaanhoitajaksi-patevoityvien-osaamispalvelut\\\/#organization\",\"name\":\"SAILA &#8211; Sairaanhoitajan laillistaminen Suomessa -hankkeet\",\"url\":\"https:\\\/\\\/hankkeet.karelia.fi\\\/sairaanhoitajaksi-patevoityvien-osaamispalvelut\\\/\",\"logo\":{\"@type\":\"ImageObject\",\"inLanguage\":\"fi\",\"@id\":\"https:\\\/\\\/hankkeet.karelia.fi\\\/sairaanhoitajaksi-patevoityvien-osaamispalvelut\\\/#\\\/schema\\\/logo\\\/image\\\/\",\"url\":\"https:\\\/\\\/hankkeet.karelia.fi\\\/sairaanhoitajaksi-patevoityvien-osaamispalvelut\\\/wp-content\\\/uploads\\\/sites\\\/49\\\/2026\\\/03\\\/cropped-cropped-Karelia_AMK_logo_RGB-1.png\",\"contentUrl\":\"https:\\\/\\\/hankkeet.karelia.fi\\\/sairaanhoitajaksi-patevoityvien-osaamispalvelut\\\/wp-content\\\/uploads\\\/sites\\\/49\\\/2026\\\/03\\\/cropped-cropped-Karelia_AMK_logo_RGB-1.png\",\"width\":427,\"height\":116,\"caption\":\"SAILA &#8211; Sairaanhoitajan laillistaminen Suomessa -hankkeet\"},\"image\":{\"@id\":\"https:\\\/\\\/hankkeet.karelia.fi\\\/sairaanhoitajaksi-patevoityvien-osaamispalvelut\\\/#\\\/schema\\\/logo\\\/image\\\/\"}}]}<\/script>\n<!-- \/ Yoast SEO plugin. -->","yoast_head_json":{"title":"SAILA &#8211; Sairaanhoitajan laillistaminen Suomessa -hankkeet - SAILA &#8211; Sairaanhoitajan laillistaminen Suomessa -hankkeet","robots":{"index":"index","follow":"follow","max-snippet":"max-snippet:-1","max-image-preview":"max-image-preview:large","max-video-preview":"max-video-preview:-1"},"canonical":"https:\/\/hankkeet.karelia.fi\/sairaanhoitajaksi-patevoityvien-osaamispalvelut\/","og_locale":"fi_FI","og_type":"article","og_title":"SAILA &#8211; Sairaanhoitajan laillistaminen Suomessa -hankkeet - SAILA &#8211; Sairaanhoitajan laillistaminen Suomessa -hankkeet","og_description":"EU\/E\u00adTA-maid\u00aden ulkop\u00aduolel\u00adla sairaan\u00adhoita\u00adjak\u00adoulu\u00adtuk\u00adsen saanei\u00adden lail\u00adlis\u00adtamisv\u00e4yl\u00e4 Suomeen koos\u00adt\u00aduu kahdes\u00adta toisi\u00adin\u00adsa kytk\u00f6k\u00adsis\u00ads\u00e4 olev\u00adas\u00adta han\u00adkkeesta ja rahoituk\u00adses\u00adta. Ope\u00adtus- ja kult\u00adtuuri\u00adm\u00adin\u00adis\u00adter\u00adi\u00f6 rahoit\u00adtaa ensim\u00adm\u00e4ist\u00e4 vai\u00adhet\u00adta, jos\u00adsa kehitet\u00e4\u00e4n ohjauk\u00adsen, osaamisen arvioin\u00adnin ja t\u00e4y\u00adden\u00adt\u00e4misen sek\u00e4 ty\u00f6el\u00e4m\u00e4y\u00adhteisty\u00f6n toim\u00adinta\u00admalle\u00adja. Tavoit\u00adteena on kehit\u00adt\u00e4\u00e4 val\u00adtakun\u00adnalli\u00adnen yhden\u00admukainen toim\u00adintakokon\u00adaisu\u00adus EU\/E\u00adTA-maid\u00aden ulkop\u00aduolel\u00adla sairaan\u00adhoita\u00adjak\u00adoulu\u00adtuk\u00adsen saanei\u00adden osaamisen arvioin\u00adti\u00adin, t\u00e4y\u00adden\u00adt\u00e4miseen ja varmis\u00adtamiseen. Han\u00adkkeessa kehitet\u00e4\u00e4n ped\u00ada\u00adgogisia vai\u00adh\u00adtoe\u00adhto\u00adja val\u00admen\u00adtaville opin\u00adnoille, ty\u00f6\u00adnan\u00adta\u00adjay\u00adhteisty\u00f6n malli ty\u00f6el\u00e4m\u00e4ss\u00e4 tapah\u00adtu\u00advan [&hellip;]","og_url":"https:\/\/hankkeet.karelia.fi\/sairaanhoitajaksi-patevoityvien-osaamispalvelut\/","og_site_name":"SAILA &#8211; Sairaanhoitajan laillistaminen Suomessa -hankkeet","twitter_card":"summary_large_image","twitter_misc":{"Arvioitu lukuaika":"1 minuutti"},"schema":{"@context":"https:\/\/schema.org","@graph":[{"@type":"WebPage","@id":"https:\/\/hankkeet.karelia.fi\/sairaanhoitajaksi-patevoityvien-osaamispalvelut\/","url":"https:\/\/hankkeet.karelia.fi\/sairaanhoitajaksi-patevoityvien-osaamispalvelut\/","name":"SAILA &#8211; Sairaanhoitajan laillistaminen Suomessa -hankkeet - SAILA &#8211; Sairaanhoitajan laillistaminen Suomessa -hankkeet","isPartOf":{"@id":"https:\/\/hankkeet.karelia.fi\/sairaanhoitajaksi-patevoityvien-osaamispalvelut\/#website"},"primaryImageOfPage":{"@id":"https:\/\/hankkeet.karelia.fi\/sairaanhoitajaksi-patevoityvien-osaamispalvelut\/#primaryimage"},"image":{"@id":"https:\/\/hankkeet.karelia.fi\/sairaanhoitajaksi-patevoityvien-osaamispalvelut\/#primaryimage"},"thumbnailUrl":"https:\/\/hankkeet.karelia.fi\/sairaanhoitajaksi-patevoityvien-osaamispalvelut\/wp-content\/uploads\/sites\/49\/2026\/03\/pr2-scaled-1.jpeg","datePublished":"2026-03-17T11:05:05+00:00","breadcrumb":{"@id":"https:\/\/hankkeet.karelia.fi\/sairaanhoitajaksi-patevoityvien-osaamispalvelut\/#breadcrumb"},"inLanguage":"fi","potentialAction":[{"@type":"ReadAction","target":["https:\/\/hankkeet.karelia.fi\/sairaanhoitajaksi-patevoityvien-osaamispalvelut\/"]}]},{"@type":"ImageObject","inLanguage":"fi","@id":"https:\/\/hankkeet.karelia.fi\/sairaanhoitajaksi-patevoityvien-osaamispalvelut\/#primaryimage","url":"https:\/\/hankkeet.karelia.fi\/sairaanhoitajaksi-patevoityvien-osaamispalvelut\/wp-content\/uploads\/sites\/49\/2026\/03\/pr2-scaled-1.jpeg","contentUrl":"https:\/\/hankkeet.karelia.fi\/sairaanhoitajaksi-patevoityvien-osaamispalvelut\/wp-content\/uploads\/sites\/49\/2026\/03\/pr2-scaled-1.jpeg","width":2560,"height":1230,"caption":"Project management schedule plan diagram business process optimisation concept"},{"@type":"BreadcrumbList","@id":"https:\/\/hankkeet.karelia.fi\/sairaanhoitajaksi-patevoityvien-osaamispalvelut\/#breadcrumb","itemListElement":[{"@type":"ListItem","position":1,"name":"Home","item":"https:\/\/hankkeet.karelia.fi\/sairaanhoitajaksi-patevoityvien-osaamispalvelut\/saila-sairaanhoitajan-laillistaminen-suomessa-hankkeet\/"},{"@type":"ListItem","position":2,"name":"SAILA &#8211; Sairaanhoitajan laillistaminen Suomessa -hankkeet"}]},{"@type":"WebSite","@id":"https:\/\/hankkeet.karelia.fi\/sairaanhoitajaksi-patevoityvien-osaamispalvelut\/#website","url":"https:\/\/hankkeet.karelia.fi\/sairaanhoitajaksi-patevoityvien-osaamispalvelut\/","name":"SAILA &#8211; Sairaanhoitajan laillistaminen Suomessa -hankkeet","description":"","publisher":{"@id":"https:\/\/hankkeet.karelia.fi\/sairaanhoitajaksi-patevoityvien-osaamispalvelut\/#organization"},"potentialAction":[{"@type":"SearchAction","target":{"@type":"EntryPoint","urlTemplate":"https:\/\/hankkeet.karelia.fi\/sairaanhoitajaksi-patevoityvien-osaamispalvelut\/?s={search_term_string}"},"query-input":{"@type":"PropertyValueSpecification","valueRequired":true,"valueName":"search_term_string"}}],"inLanguage":"fi"},{"@type":"Organization","@id":"https:\/\/hankkeet.karelia.fi\/sairaanhoitajaksi-patevoityvien-osaamispalvelut\/#organization","name":"SAILA &#8211; Sairaanhoitajan laillistaminen Suomessa -hankkeet","url":"https:\/\/hankkeet.karelia.fi\/sairaanhoitajaksi-patevoityvien-osaamispalvelut\/","logo":{"@type":"ImageObject","inLanguage":"fi","@id":"https:\/\/hankkeet.karelia.fi\/sairaanhoitajaksi-patevoityvien-osaamispalvelut\/#\/schema\/logo\/image\/","url":"https:\/\/hankkeet.karelia.fi\/sairaanhoitajaksi-patevoityvien-osaamispalvelut\/wp-content\/uploads\/sites\/49\/2026\/03\/cropped-cropped-Karelia_AMK_logo_RGB-1.png","contentUrl":"https:\/\/hankkeet.karelia.fi\/sairaanhoitajaksi-patevoityvien-osaamispalvelut\/wp-content\/uploads\/sites\/49\/2026\/03\/cropped-cropped-Karelia_AMK_logo_RGB-1.png","width":427,"height":116,"caption":"SAILA &#8211; Sairaanhoitajan laillistaminen Suomessa -hankkeet"},"image":{"@id":"https:\/\/hankkeet.karelia.fi\/sairaanhoitajaksi-patevoityvien-osaamispalvelut\/#\/schema\/logo\/image\/"}}]}},"_links":{"self":[{"href":"https:\/\/hankkeet.karelia.fi\/sairaanhoitajaksi-patevoityvien-osaamispalvelut\/wp-json\/wp\/v2\/pages\/19","targetHints":{"allow":["GET"]}}],"collection":[{"href":"https:\/\/hankkeet.karelia.fi\/sairaanhoitajaksi-patevoityvien-osaamispalvelut\/wp-json\/wp\/v2\/pages"}],"about":[{"href":"https:\/\/hankkeet.karelia.fi\/sairaanhoitajaksi-patevoityvien-osaamispalvelut\/wp-json\/wp\/v2\/types\/page"}],"replies":[{"embeddable":true,"href":"https:\/\/hankkeet.karelia.fi\/sairaanhoitajaksi-patevoityvien-osaamispalvelut\/wp-json\/wp\/v2\/comments?post=19"}],"version-history":[{"count":0,"href":"https:\/\/hankkeet.karelia.fi\/sairaanhoitajaksi-patevoityvien-osaamispalvelut\/wp-json\/wp\/v2\/pages\/19\/revisions"}],"wp:featuredmedia":[{"embeddable":true,"href":"https:\/\/hankkeet.karelia.fi\/sairaanhoitajaksi-patevoityvien-osaamispalvelut\/wp-json\/wp\/v2\/media\/17"}],"wp:attachment":[{"href":"https:\/\/hankkeet.karelia.fi\/sairaanhoitajaksi-patevoityvien-osaamispalvelut\/wp-json\/wp\/v2\/media?parent=19"}],"curies":[{"name":"wp","href":"https:\/\/api.w.org\/{rel}","templated":true}]}}