{"id":20,"date":"2026-03-17T12:57:44","date_gmt":"2026-03-17T10:57:44","guid":{"rendered":"https:\/\/hankkeet.karelia.fi\/sairaanhoitajien-patevoitymistoimintamallien-kehittaminen\/sairaanhoitajien-patevoitymistoimintamallien-kehittaminen\/"},"modified":"2026-03-17T12:57:44","modified_gmt":"2026-03-17T10:57:44","slug":"sairaanhoitajien-patevoitymistoimintamallien-kehittaminen","status":"publish","type":"page","link":"https:\/\/hankkeet.karelia.fi\/sairaanhoitajien-patevoitymistoimintamallien-kehittaminen\/","title":{"rendered":"Sairaanhoitajien p\u00e4tev\u00f6itymistoimintamallien kehitt\u00e4minen"},"content":{"rendered":"\n<figure class=\"wp-block-image size-full is-resized\"><img decoding=\"async\" src=\"https:\/\/hankkeet.karelia.fi\/sairaanhoitajien-patevoitymistoimintamallien-kehittaminen\/wp-content\/uploads\/sites\/48\/2026\/03\/sh-patevoityminen.jpg\" alt class=\"wp-image-69627\" style=\"width:364px;height:auto\"><\/figure>\n\n\n\n<p>EU\/E\u00adTA-maid\u00aden ulkop\u00aduolel\u00adla sairaan\u00adhoita\u00adjak\u00adoulu\u00adtuk\u00adsen saanei\u00adden lail\u00adlis\u00adtamisv\u00e4yl\u00e4 Suomeen koos\u00adt\u00aduu kahdes\u00adta toisi\u00adin\u00adsa kytk\u00f6k\u00adsis\u00ads\u00e4 ole\u00advista han\u00adkkeista ja rahoituk\u00adsista.<\/p>\n\n\n\n<p>Ope\u00adtus- ja kult\u00adtuuri\u00adm\u00adin\u00adis\u00adter\u00adi\u00f6 rahoit\u00adtaa ensim\u00adm\u00e4ist\u00e4 vai\u00adhet\u00adta, jos\u00adsa kehitet\u00e4\u00e4n ohjauk\u00adsen, osaamisen arvioin\u00adnin ja t\u00e4y\u00adden\u00adt\u00e4misen sek\u00e4 ty\u00f6el\u00e4m\u00e4y\u00adhteisty\u00f6n toim\u00adinta\u00admalle\u00adja. Tavoit\u00adteena on kehit\u00adt\u00e4\u00e4 val\u00adtakun\u00adnalli\u00adnen yhden\u00admukainen toim\u00adintakokon\u00adaisu\u00adus EU\/E\u00adTA-maid\u00aden ulkop\u00aduolel\u00adla sairaan\u00adhoita\u00adjak\u00adoulu\u00adtuk\u00adsen saanei\u00adden osaamisen arvioin\u00adti\u00adin, t\u00e4y\u00adden\u00adt\u00e4miseen ja varmis\u00adtamiseen. Han\u00adkkeessa kehitet\u00e4\u00e4n ped\u00ada\u00adgogisia vai\u00adh\u00adtoe\u00adhto\u00adja val\u00admen\u00adtaville opin\u00adnoille, ty\u00f6\u00adnan\u00adta\u00adjay\u00adhteisty\u00f6n malli ty\u00f6el\u00e4m\u00e4ss\u00e4 tapah\u00adtu\u00advan oppimisen sis\u00e4l\u00adl\u00f6ille, toim\u00adintat\u00adapo\u00adja ty\u00f6y\u00adhteis\u00f6\u00adjen kieli- ja kult\u00adtuu\u00adri\u00adti\u00adetoisu\u00adu\u00adden edis\u00adt\u00e4misek\u00adsi sek\u00e4 hake\u00advan ja tuke\u00advan ty\u00f6n toim\u00adinta\u00admalli kohderyh\u00adm\u00e4n saavut\u00adtamisek\u00adsi ja tukemisek\u00adsi p\u00e4tev\u00f6i\u00adtymis\u00adpros\u00adessin eri vai\u00adheis\u00adsa, huomioiden my\u00f6s kak\u00adsikieliset alueet.<\/p>\n\n\n\n<p>Han\u00adkkeessa ovat mukana kaik\u00adki 20 Suomes\u00adsa sairaan\u00adhoita\u00adjan tutk\u00adin\u00adtok\u00adoulu\u00adtus\u00adta tuot\u00adtavaa ammat\u00adtiko\u00adrkeak\u00adoulua. Han\u00adkkeen kokon\u00adaisko\u00adordi\u00adnoin\u00adnista vas\u00adtaa Metropo\u00adlia AMK. Han\u00adkekokon\u00adaisu\u00adus on alka\u00adnut vuo\u00adden 2024 alus\u00adta ja p\u00e4\u00e4t\u00adtyy vuon\u00adna 2025.<\/p>\n\n\n\n<h2 class=\"wp-block-heading\">Projektin kesto<\/h2>\n\n\n\n<p>1.1.2024 \u2014 31.12.2025<\/p>\n\n\n\n<h2 class=\"wp-block-heading\">Projektip\u00e4\u00e4llikk\u00f6<\/h2>\n\n\n\n<p><strong>Eli\u00adna Turunen<\/strong><br>elina.turunen(a)karelia.fi<\/p>\n\n\n\n<h2 class=\"wp-block-heading\">Rahoitus<\/h2>\n\n\n\n<p>Ope\u00adtus- ja kult\u00adtuuri\u00adm\u00adin\u00adis\u00adter\u00adi\u00f6n rahoi\u00adtus<\/p>\n\n\n\n<figure class=\"wp-block-image size-full\"><img decoding=\"async\" src=\"https:\/\/hankkeet.karelia.fi\/sairaanhoitajien-patevoitymistoimintamallien-kehittaminen\/wp-content\/uploads\/sites\/48\/2026\/03\/kk_palkki_4.jpg\" alt class=\"wp-image-81535\"><\/figure>\n","protected":false},"excerpt":{"rendered":"<p>EU\/E\u00ad\u00adTA-maid\u00ad\u00aden ulkop\u00aduolel\u00adla sairaan\u00adhoita\u00adjak\u00adoulu\u00adtuk\u00adsen saanei\u00adden lail\u00adlis\u00adtamisv\u00e4yl\u00e4 Suomeen koos\u00adt\u00aduu kahdes\u00adta toisi\u00adin\u00adsa kytk\u00f6k\u00adsis\u00ads\u00e4 ole\u00advista han\u00adkkeista ja rahoituk\u00adsista. Ope\u00ad\u00adtus- ja kult\u00adtuuri\u00adm\u00adin\u00adis\u00adter\u00adi\u00f6 rahoit\u00adtaa ensim\u00adm\u00e4ist\u00e4 vai\u00adhet\u00adta, jos\u00adsa kehitet\u00e4\u00e4n ohjauk\u00adsen, osaamisen arvioin\u00adnin ja t\u00e4y\u00adden\u00adt\u00e4misen sek\u00e4 ty\u00f6el\u00e4m\u00e4y\u00adhteisty\u00f6n toim\u00adinta\u00admalle\u00adja. Tavoit\u00adteena on kehit\u00adt\u00e4\u00e4 val\u00adtakun\u00adnalli\u00adnen yhden\u00admukainen toim\u00adintakokon\u00adaisu\u00adus EU\/E\u00ad\u00adTA-maid\u00ad\u00aden ulkop\u00aduolel\u00adla sairaan\u00adhoita\u00adjak\u00adoulu\u00adtuk\u00adsen saanei\u00adden osaamisen arvioin\u00adti\u00adin, t\u00e4y\u00adden\u00adt\u00e4miseen ja varmis\u00adtamiseen. Han\u00adkkeessa kehitet\u00e4\u00e4n ped\u00ada\u00adgogisia vai\u00adh\u00adtoe\u00adhto\u00adja val\u00admen\u00adtaville opin\u00adnoille, ty\u00f6\u00adnan\u00adta\u00adjay\u00adhteisty\u00f6n malli ty\u00f6el\u00e4m\u00e4ss\u00e4 tapah\u00adtu\u00advan [\u2026]<\/p>\n","protected":false},"author":0,"featured_media":17,"parent":0,"menu_order":0,"comment_status":"closed","ping_status":"closed","template":"","meta":{"inline_featured_image":false,"wp_typography_post_enhancements_disabled":false,"footnotes":""},"class_list":["post-20","page","type-page","status-publish","has-post-thumbnail","hentry"],"yoast_head":"<!-- This site is optimized with the Yoast SEO plugin v27.5 - https:\/\/yoast.com\/product\/yoast-seo-wordpress\/ -->\n<title>Sairaanhoitajien p\u00e4tev\u00f6itymistoimintamallien kehitt\u00e4minen - Sairaanhoitajien p\u00e4tev\u00f6itymistoimintamallien kehitt\u00e4minen<\/title>\n<meta name=\"robots\" content=\"index, follow, max-snippet:-1, max-image-preview:large, max-video-preview:-1\" \/>\n<link rel=\"canonical\" href=\"https:\/\/hankkeet.karelia.fi\/sairaanhoitajien-patevoitymistoimintamallien-kehittaminen\/\" \/>\n<meta property=\"og:locale\" content=\"fi_FI\" \/>\n<meta property=\"og:type\" content=\"article\" \/>\n<meta property=\"og:title\" content=\"Sairaanhoitajien p\u00e4tev\u00f6itymistoimintamallien kehitt\u00e4minen - Sairaanhoitajien p\u00e4tev\u00f6itymistoimintamallien kehitt\u00e4minen\" \/>\n<meta property=\"og:description\" content=\"EU\/E\u00adTA-maid\u00aden ulkop\u00aduolel\u00adla sairaan\u00adhoita\u00adjak\u00adoulu\u00adtuk\u00adsen saanei\u00adden lail\u00adlis\u00adtamisv\u00e4yl\u00e4 Suomeen koos\u00adt\u00aduu kahdes\u00adta toisi\u00adin\u00adsa kytk\u00f6k\u00adsis\u00ads\u00e4 ole\u00advista han\u00adkkeista ja rahoituk\u00adsista. Ope\u00adtus- ja kult\u00adtuuri\u00adm\u00adin\u00adis\u00adter\u00adi\u00f6 rahoit\u00adtaa ensim\u00adm\u00e4ist\u00e4 vai\u00adhet\u00adta, jos\u00adsa kehitet\u00e4\u00e4n ohjauk\u00adsen, osaamisen arvioin\u00adnin ja t\u00e4y\u00adden\u00adt\u00e4misen sek\u00e4 ty\u00f6el\u00e4m\u00e4y\u00adhteisty\u00f6n toim\u00adinta\u00admalle\u00adja. Tavoit\u00adteena on kehit\u00adt\u00e4\u00e4 val\u00adtakun\u00adnalli\u00adnen yhden\u00admukainen toim\u00adintakokon\u00adaisu\u00adus EU\/E\u00adTA-maid\u00aden ulkop\u00aduolel\u00adla sairaan\u00adhoita\u00adjak\u00adoulu\u00adtuk\u00adsen saanei\u00adden osaamisen arvioin\u00adti\u00adin, t\u00e4y\u00adden\u00adt\u00e4miseen ja varmis\u00adtamiseen. Han\u00adkkeessa kehitet\u00e4\u00e4n ped\u00ada\u00adgogisia vai\u00adh\u00adtoe\u00adhto\u00adja val\u00admen\u00adtaville opin\u00adnoille, ty\u00f6\u00adnan\u00adta\u00adjay\u00adhteisty\u00f6n malli ty\u00f6el\u00e4m\u00e4ss\u00e4 tapah\u00adtu\u00advan [&hellip;]\" \/>\n<meta property=\"og:url\" content=\"https:\/\/hankkeet.karelia.fi\/sairaanhoitajien-patevoitymistoimintamallien-kehittaminen\/\" \/>\n<meta property=\"og:site_name\" content=\"Sairaanhoitajien p\u00e4tev\u00f6itymistoimintamallien kehitt\u00e4minen\" \/>\n<meta name=\"twitter:card\" content=\"summary_large_image\" \/>\n<meta name=\"twitter:label1\" content=\"Arvioitu lukuaika\" \/>\n\t<meta name=\"twitter:data1\" content=\"1 minuutti\" \/>\n<script type=\"application\/ld+json\" class=\"yoast-schema-graph\">{\"@context\":\"https:\\\/\\\/schema.org\",\"@graph\":[{\"@type\":\"WebPage\",\"@id\":\"https:\\\/\\\/hankkeet.karelia.fi\\\/sairaanhoitajien-patevoitymistoimintamallien-kehittaminen\\\/\",\"url\":\"https:\\\/\\\/hankkeet.karelia.fi\\\/sairaanhoitajien-patevoitymistoimintamallien-kehittaminen\\\/\",\"name\":\"Sairaanhoitajien p\u00e4tev\u00f6itymistoimintamallien kehitt\u00e4minen - Sairaanhoitajien p\u00e4tev\u00f6itymistoimintamallien kehitt\u00e4minen\",\"isPartOf\":{\"@id\":\"https:\\\/\\\/hankkeet.karelia.fi\\\/sairaanhoitajien-patevoitymistoimintamallien-kehittaminen\\\/#website\"},\"primaryImageOfPage\":{\"@id\":\"https:\\\/\\\/hankkeet.karelia.fi\\\/sairaanhoitajien-patevoitymistoimintamallien-kehittaminen\\\/#primaryimage\"},\"image\":{\"@id\":\"https:\\\/\\\/hankkeet.karelia.fi\\\/sairaanhoitajien-patevoitymistoimintamallien-kehittaminen\\\/#primaryimage\"},\"thumbnailUrl\":\"https:\\\/\\\/hankkeet.karelia.fi\\\/sairaanhoitajien-patevoitymistoimintamallien-kehittaminen\\\/wp-content\\\/uploads\\\/sites\\\/48\\\/2026\\\/03\\\/kuty-hanke.jpg\",\"datePublished\":\"2026-03-17T10:57:44+00:00\",\"breadcrumb\":{\"@id\":\"https:\\\/\\\/hankkeet.karelia.fi\\\/sairaanhoitajien-patevoitymistoimintamallien-kehittaminen\\\/#breadcrumb\"},\"inLanguage\":\"fi\",\"potentialAction\":[{\"@type\":\"ReadAction\",\"target\":[\"https:\\\/\\\/hankkeet.karelia.fi\\\/sairaanhoitajien-patevoitymistoimintamallien-kehittaminen\\\/\"]}]},{\"@type\":\"ImageObject\",\"inLanguage\":\"fi\",\"@id\":\"https:\\\/\\\/hankkeet.karelia.fi\\\/sairaanhoitajien-patevoitymistoimintamallien-kehittaminen\\\/#primaryimage\",\"url\":\"https:\\\/\\\/hankkeet.karelia.fi\\\/sairaanhoitajien-patevoitymistoimintamallien-kehittaminen\\\/wp-content\\\/uploads\\\/sites\\\/48\\\/2026\\\/03\\\/kuty-hanke.jpg\",\"contentUrl\":\"https:\\\/\\\/hankkeet.karelia.fi\\\/sairaanhoitajien-patevoitymistoimintamallien-kehittaminen\\\/wp-content\\\/uploads\\\/sites\\\/48\\\/2026\\\/03\\\/kuty-hanke.jpg\",\"width\":1181,\"height\":587,\"caption\":\"UI UX website development team sketching wireframe layout for responsive web content in studio\"},{\"@type\":\"BreadcrumbList\",\"@id\":\"https:\\\/\\\/hankkeet.karelia.fi\\\/sairaanhoitajien-patevoitymistoimintamallien-kehittaminen\\\/#breadcrumb\",\"itemListElement\":[{\"@type\":\"ListItem\",\"position\":1,\"name\":\"Home\",\"item\":\"https:\\\/\\\/hankkeet.karelia.fi\\\/sairaanhoitajien-patevoitymistoimintamallien-kehittaminen\\\/sairaanhoitajien-patevoitymistoimintamallien-kehittaminen\\\/\"},{\"@type\":\"ListItem\",\"position\":2,\"name\":\"Sairaanhoitajien p\u00e4tev\u00f6itymistoimintamallien kehitt\u00e4minen\"}]},{\"@type\":\"WebSite\",\"@id\":\"https:\\\/\\\/hankkeet.karelia.fi\\\/sairaanhoitajien-patevoitymistoimintamallien-kehittaminen\\\/#website\",\"url\":\"https:\\\/\\\/hankkeet.karelia.fi\\\/sairaanhoitajien-patevoitymistoimintamallien-kehittaminen\\\/\",\"name\":\"Sairaanhoitajien p\u00e4tev\u00f6itymistoimintamallien kehitt\u00e4minen\",\"description\":\"\",\"publisher\":{\"@id\":\"https:\\\/\\\/hankkeet.karelia.fi\\\/sairaanhoitajien-patevoitymistoimintamallien-kehittaminen\\\/#organization\"},\"potentialAction\":[{\"@type\":\"SearchAction\",\"target\":{\"@type\":\"EntryPoint\",\"urlTemplate\":\"https:\\\/\\\/hankkeet.karelia.fi\\\/sairaanhoitajien-patevoitymistoimintamallien-kehittaminen\\\/?s={search_term_string}\"},\"query-input\":{\"@type\":\"PropertyValueSpecification\",\"valueRequired\":true,\"valueName\":\"search_term_string\"}}],\"inLanguage\":\"fi\"},{\"@type\":\"Organization\",\"@id\":\"https:\\\/\\\/hankkeet.karelia.fi\\\/sairaanhoitajien-patevoitymistoimintamallien-kehittaminen\\\/#organization\",\"name\":\"Sairaanhoitajien p\u00e4tev\u00f6itymistoimintamallien kehitt\u00e4minen\",\"url\":\"https:\\\/\\\/hankkeet.karelia.fi\\\/sairaanhoitajien-patevoitymistoimintamallien-kehittaminen\\\/\",\"logo\":{\"@type\":\"ImageObject\",\"inLanguage\":\"fi\",\"@id\":\"https:\\\/\\\/hankkeet.karelia.fi\\\/sairaanhoitajien-patevoitymistoimintamallien-kehittaminen\\\/#\\\/schema\\\/logo\\\/image\\\/\",\"url\":\"https:\\\/\\\/hankkeet.karelia.fi\\\/sairaanhoitajien-patevoitymistoimintamallien-kehittaminen\\\/wp-content\\\/uploads\\\/sites\\\/48\\\/2026\\\/03\\\/cropped-cropped-Karelia_AMK_logo_RGB-1.png\",\"contentUrl\":\"https:\\\/\\\/hankkeet.karelia.fi\\\/sairaanhoitajien-patevoitymistoimintamallien-kehittaminen\\\/wp-content\\\/uploads\\\/sites\\\/48\\\/2026\\\/03\\\/cropped-cropped-Karelia_AMK_logo_RGB-1.png\",\"width\":427,\"height\":116,\"caption\":\"Sairaanhoitajien p\u00e4tev\u00f6itymistoimintamallien kehitt\u00e4minen\"},\"image\":{\"@id\":\"https:\\\/\\\/hankkeet.karelia.fi\\\/sairaanhoitajien-patevoitymistoimintamallien-kehittaminen\\\/#\\\/schema\\\/logo\\\/image\\\/\"}}]}<\/script>\n<!-- \/ Yoast SEO plugin. -->","yoast_head_json":{"title":"Sairaanhoitajien p\u00e4tev\u00f6itymistoimintamallien kehitt\u00e4minen - Sairaanhoitajien p\u00e4tev\u00f6itymistoimintamallien kehitt\u00e4minen","robots":{"index":"index","follow":"follow","max-snippet":"max-snippet:-1","max-image-preview":"max-image-preview:large","max-video-preview":"max-video-preview:-1"},"canonical":"https:\/\/hankkeet.karelia.fi\/sairaanhoitajien-patevoitymistoimintamallien-kehittaminen\/","og_locale":"fi_FI","og_type":"article","og_title":"Sairaanhoitajien p\u00e4tev\u00f6itymistoimintamallien kehitt\u00e4minen - Sairaanhoitajien p\u00e4tev\u00f6itymistoimintamallien kehitt\u00e4minen","og_description":"EU\/E\u00adTA-maid\u00aden ulkop\u00aduolel\u00adla sairaan\u00adhoita\u00adjak\u00adoulu\u00adtuk\u00adsen saanei\u00adden lail\u00adlis\u00adtamisv\u00e4yl\u00e4 Suomeen koos\u00adt\u00aduu kahdes\u00adta toisi\u00adin\u00adsa kytk\u00f6k\u00adsis\u00ads\u00e4 ole\u00advista han\u00adkkeista ja rahoituk\u00adsista. Ope\u00adtus- ja kult\u00adtuuri\u00adm\u00adin\u00adis\u00adter\u00adi\u00f6 rahoit\u00adtaa ensim\u00adm\u00e4ist\u00e4 vai\u00adhet\u00adta, jos\u00adsa kehitet\u00e4\u00e4n ohjauk\u00adsen, osaamisen arvioin\u00adnin ja t\u00e4y\u00adden\u00adt\u00e4misen sek\u00e4 ty\u00f6el\u00e4m\u00e4y\u00adhteisty\u00f6n toim\u00adinta\u00admalle\u00adja. Tavoit\u00adteena on kehit\u00adt\u00e4\u00e4 val\u00adtakun\u00adnalli\u00adnen yhden\u00admukainen toim\u00adintakokon\u00adaisu\u00adus EU\/E\u00adTA-maid\u00aden ulkop\u00aduolel\u00adla sairaan\u00adhoita\u00adjak\u00adoulu\u00adtuk\u00adsen saanei\u00adden osaamisen arvioin\u00adti\u00adin, t\u00e4y\u00adden\u00adt\u00e4miseen ja varmis\u00adtamiseen. Han\u00adkkeessa kehitet\u00e4\u00e4n ped\u00ada\u00adgogisia vai\u00adh\u00adtoe\u00adhto\u00adja val\u00admen\u00adtaville opin\u00adnoille, ty\u00f6\u00adnan\u00adta\u00adjay\u00adhteisty\u00f6n malli ty\u00f6el\u00e4m\u00e4ss\u00e4 tapah\u00adtu\u00advan [&hellip;]","og_url":"https:\/\/hankkeet.karelia.fi\/sairaanhoitajien-patevoitymistoimintamallien-kehittaminen\/","og_site_name":"Sairaanhoitajien p\u00e4tev\u00f6itymistoimintamallien kehitt\u00e4minen","twitter_card":"summary_large_image","twitter_misc":{"Arvioitu lukuaika":"1 minuutti"},"schema":{"@context":"https:\/\/schema.org","@graph":[{"@type":"WebPage","@id":"https:\/\/hankkeet.karelia.fi\/sairaanhoitajien-patevoitymistoimintamallien-kehittaminen\/","url":"https:\/\/hankkeet.karelia.fi\/sairaanhoitajien-patevoitymistoimintamallien-kehittaminen\/","name":"Sairaanhoitajien p\u00e4tev\u00f6itymistoimintamallien kehitt\u00e4minen - Sairaanhoitajien p\u00e4tev\u00f6itymistoimintamallien kehitt\u00e4minen","isPartOf":{"@id":"https:\/\/hankkeet.karelia.fi\/sairaanhoitajien-patevoitymistoimintamallien-kehittaminen\/#website"},"primaryImageOfPage":{"@id":"https:\/\/hankkeet.karelia.fi\/sairaanhoitajien-patevoitymistoimintamallien-kehittaminen\/#primaryimage"},"image":{"@id":"https:\/\/hankkeet.karelia.fi\/sairaanhoitajien-patevoitymistoimintamallien-kehittaminen\/#primaryimage"},"thumbnailUrl":"https:\/\/hankkeet.karelia.fi\/sairaanhoitajien-patevoitymistoimintamallien-kehittaminen\/wp-content\/uploads\/sites\/48\/2026\/03\/kuty-hanke.jpg","datePublished":"2026-03-17T10:57:44+00:00","breadcrumb":{"@id":"https:\/\/hankkeet.karelia.fi\/sairaanhoitajien-patevoitymistoimintamallien-kehittaminen\/#breadcrumb"},"inLanguage":"fi","potentialAction":[{"@type":"ReadAction","target":["https:\/\/hankkeet.karelia.fi\/sairaanhoitajien-patevoitymistoimintamallien-kehittaminen\/"]}]},{"@type":"ImageObject","inLanguage":"fi","@id":"https:\/\/hankkeet.karelia.fi\/sairaanhoitajien-patevoitymistoimintamallien-kehittaminen\/#primaryimage","url":"https:\/\/hankkeet.karelia.fi\/sairaanhoitajien-patevoitymistoimintamallien-kehittaminen\/wp-content\/uploads\/sites\/48\/2026\/03\/kuty-hanke.jpg","contentUrl":"https:\/\/hankkeet.karelia.fi\/sairaanhoitajien-patevoitymistoimintamallien-kehittaminen\/wp-content\/uploads\/sites\/48\/2026\/03\/kuty-hanke.jpg","width":1181,"height":587,"caption":"UI UX website development team sketching wireframe layout for responsive web content in studio"},{"@type":"BreadcrumbList","@id":"https:\/\/hankkeet.karelia.fi\/sairaanhoitajien-patevoitymistoimintamallien-kehittaminen\/#breadcrumb","itemListElement":[{"@type":"ListItem","position":1,"name":"Home","item":"https:\/\/hankkeet.karelia.fi\/sairaanhoitajien-patevoitymistoimintamallien-kehittaminen\/sairaanhoitajien-patevoitymistoimintamallien-kehittaminen\/"},{"@type":"ListItem","position":2,"name":"Sairaanhoitajien p\u00e4tev\u00f6itymistoimintamallien kehitt\u00e4minen"}]},{"@type":"WebSite","@id":"https:\/\/hankkeet.karelia.fi\/sairaanhoitajien-patevoitymistoimintamallien-kehittaminen\/#website","url":"https:\/\/hankkeet.karelia.fi\/sairaanhoitajien-patevoitymistoimintamallien-kehittaminen\/","name":"Sairaanhoitajien p\u00e4tev\u00f6itymistoimintamallien kehitt\u00e4minen","description":"","publisher":{"@id":"https:\/\/hankkeet.karelia.fi\/sairaanhoitajien-patevoitymistoimintamallien-kehittaminen\/#organization"},"potentialAction":[{"@type":"SearchAction","target":{"@type":"EntryPoint","urlTemplate":"https:\/\/hankkeet.karelia.fi\/sairaanhoitajien-patevoitymistoimintamallien-kehittaminen\/?s={search_term_string}"},"query-input":{"@type":"PropertyValueSpecification","valueRequired":true,"valueName":"search_term_string"}}],"inLanguage":"fi"},{"@type":"Organization","@id":"https:\/\/hankkeet.karelia.fi\/sairaanhoitajien-patevoitymistoimintamallien-kehittaminen\/#organization","name":"Sairaanhoitajien p\u00e4tev\u00f6itymistoimintamallien kehitt\u00e4minen","url":"https:\/\/hankkeet.karelia.fi\/sairaanhoitajien-patevoitymistoimintamallien-kehittaminen\/","logo":{"@type":"ImageObject","inLanguage":"fi","@id":"https:\/\/hankkeet.karelia.fi\/sairaanhoitajien-patevoitymistoimintamallien-kehittaminen\/#\/schema\/logo\/image\/","url":"https:\/\/hankkeet.karelia.fi\/sairaanhoitajien-patevoitymistoimintamallien-kehittaminen\/wp-content\/uploads\/sites\/48\/2026\/03\/cropped-cropped-Karelia_AMK_logo_RGB-1.png","contentUrl":"https:\/\/hankkeet.karelia.fi\/sairaanhoitajien-patevoitymistoimintamallien-kehittaminen\/wp-content\/uploads\/sites\/48\/2026\/03\/cropped-cropped-Karelia_AMK_logo_RGB-1.png","width":427,"height":116,"caption":"Sairaanhoitajien p\u00e4tev\u00f6itymistoimintamallien kehitt\u00e4minen"},"image":{"@id":"https:\/\/hankkeet.karelia.fi\/sairaanhoitajien-patevoitymistoimintamallien-kehittaminen\/#\/schema\/logo\/image\/"}}]}},"_links":{"self":[{"href":"https:\/\/hankkeet.karelia.fi\/sairaanhoitajien-patevoitymistoimintamallien-kehittaminen\/wp-json\/wp\/v2\/pages\/20","targetHints":{"allow":["GET"]}}],"collection":[{"href":"https:\/\/hankkeet.karelia.fi\/sairaanhoitajien-patevoitymistoimintamallien-kehittaminen\/wp-json\/wp\/v2\/pages"}],"about":[{"href":"https:\/\/hankkeet.karelia.fi\/sairaanhoitajien-patevoitymistoimintamallien-kehittaminen\/wp-json\/wp\/v2\/types\/page"}],"replies":[{"embeddable":true,"href":"https:\/\/hankkeet.karelia.fi\/sairaanhoitajien-patevoitymistoimintamallien-kehittaminen\/wp-json\/wp\/v2\/comments?post=20"}],"version-history":[{"count":0,"href":"https:\/\/hankkeet.karelia.fi\/sairaanhoitajien-patevoitymistoimintamallien-kehittaminen\/wp-json\/wp\/v2\/pages\/20\/revisions"}],"wp:featuredmedia":[{"embeddable":true,"href":"https:\/\/hankkeet.karelia.fi\/sairaanhoitajien-patevoitymistoimintamallien-kehittaminen\/wp-json\/wp\/v2\/media\/17"}],"wp:attachment":[{"href":"https:\/\/hankkeet.karelia.fi\/sairaanhoitajien-patevoitymistoimintamallien-kehittaminen\/wp-json\/wp\/v2\/media?parent=20"}],"curies":[{"name":"wp","href":"https:\/\/api.w.org\/{rel}","templated":true}]}}