{"id":20,"date":"2026-03-17T12:50:24","date_gmt":"2026-03-17T10:50:24","guid":{"rendered":"https:\/\/hankkeet.karelia.fi\/tiedolla-johtamisen-osaajakoulutuksella-tuottavuutta-tyoelamaan-tiejot\/tiedolla-johtamisen-osaajakoulutuksella-tuottavuutta-tyoelamaan-tiejot\/"},"modified":"2026-03-17T12:50:24","modified_gmt":"2026-03-17T10:50:24","slug":"tiedolla-johtamisen-osaajakoulutuksella-tuottavuutta-tyoelamaan-tiejot","status":"publish","type":"page","link":"https:\/\/hankkeet.karelia.fi\/tiedolla-johtamisen-osaajakoulutuksella-tuottavuutta-tyoelamaan-tiejot\/","title":{"rendered":"Tiedolla johtamisen osaajakoulutuksella tuottavuutta ty\u00f6el\u00e4m\u00e4\u00e4n \u2013 TIEJOT"},"content":{"rendered":"\n<figure class=\"wp-block-image size-large is-resized\"><img decoding=\"async\" src=\"https:\/\/hankkeet.karelia.fi\/tiedolla-johtamisen-osaajakoulutuksella-tuottavuutta-tyoelamaan-tiejot\/wp-content\/uploads\/sites\/47\/2026\/03\/tiejot-1024x131-1.jpg\" alt class=\"wp-image-69629\" style=\"width:712px;height:auto\"><\/figure>\n\n\n\n<p>Han\u00adke lis\u00e4\u00e4 ty\u00f6ik\u00e4isen v\u00e4est\u00f6n tieto- ja dataosaamista tiedol\u00adla johtamisen ja tiedon hy\u00f6\u00addyn\u00adt\u00e4misen paran\u00adtamisek\u00adsi organ\u00adisaa\u00adtios\u00adsa ja yhteiskun\u00adnas\u00adsa. Tiedol\u00adla joht\u00ada\u00admi\u00adnen on analysoidun datan sys\u00adtemaat\u00adtista hy\u00f6\u00addyn\u00adt\u00e4mist\u00e4 eri\u00adlai\u00adsis\u00adsa p\u00e4\u00e4t\u00f6ksenteko\u2011, val\u00adin\u00adta- ja toimin\u00adnanoh\u00adjaus tilanteis\u00adsa. Han\u00adkkeessa kehitet\u00e4\u00e4n tiedol\u00adla johtamisen ope\u00adtus\u00adme\u00adtode\u00adja inklusi\u00adivisem\u00admik\u00adsi ja saavutet\u00adtavam\u00admik\u00adsi soveltaen ja kokeillen uusia inno\u00advati\u00adivisia ope\u00adtuste\u00adk\u00adnol\u00ado\u00adgisia ja digiped\u00ada\u00adgogisia keino\u00adja. Han\u00adkkeessa tehd\u00e4\u00e4n avoimesti saatavil\u00adla ole\u00adva opin\u00adtokokon\u00adaisu\u00adus (30 op). <\/p>\n\n\n\n<p>Kokon\u00adaisu\u00adus tuote\u00adtaan avoimik\u00adsi opin\u00adnoik\u00adsi, itsen\u00e4is\u00ades\u00adti suoritet\u00adtavak\u00adsi. Koulu\u00adtus luo\u00addaan vas\u00adtaa\u00admaan 7ecr-tasoa. Lis\u00e4k\u00adsi han\u00adkkeessa tuote\u00adtaan muu\u00adta opiskelu\u00adma\u00adte\u00adri\u00adaalia. Han\u00adkke kir\u00adjoit\u00adtaa usei\u00adta julka\u00adisu\u00adja ker\u00e4\u00e4mist\u00e4\u00e4n oke\u00admuk\u00adsista. Han\u00adke edis\u00adt\u00e4\u00e4 tiedol\u00adla johtamisen alan laa\u00adjem\u00adpaa kehi\u00adtys\u00adt\u00e4 Suomes\u00adsa.<\/p>\n\n\n\n<h2 class=\"wp-block-heading\">Projektin kesto<\/h2>\n\n\n\n<p>1.9.2022 \u2014 31.12.2024<\/p>\n\n\n\n<h2 class=\"wp-block-heading\">Projektip\u00e4\u00e4llikk\u00f6<\/h2>\n\n\n\n<p><strong>Tiina Soini\u00adnen<\/strong><br>tiina.soininen(a)karelia.fi<\/p>\n\n\n\n<h2 class=\"wp-block-heading\">Rahoitus<\/h2>\n\n\n\n<p>Ope\u00adtushal\u00adli\u00adtus, kehit\u00adt\u00e4mis\u00adra\u00adhoi\u00adtus<\/p>\n\n\n\n<figure class=\"wp-block-image size-full\"><img decoding=\"async\" src=\"https:\/\/hankkeet.karelia.fi\/tiedolla-johtamisen-osaajakoulutuksella-tuottavuutta-tyoelamaan-tiejot\/wp-content\/uploads\/sites\/47\/2026\/03\/kk_logo_tiejot.jpg\" alt class=\"wp-image-74594\"><\/figure>\n","protected":false},"excerpt":{"rendered":"<p>Han\u00adke lis\u00e4\u00e4 ty\u00f6ik\u00e4isen v\u00e4est\u00f6n tieto- ja dataosaamista tiedol\u00adla johtamisen ja tiedon hy\u00f6\u00addyn\u00adt\u00e4misen paran\u00adtamisek\u00adsi organ\u00adisaa\u00adtios\u00adsa ja yhteiskun\u00adnas\u00adsa. Tiedol\u00adla joht\u00ada\u00admi\u00adnen on analysoidun datan sys\u00adtemaat\u00adtista hy\u00f6\u00addyn\u00adt\u00e4mist\u00e4 eri\u00adlai\u00adsis\u00adsa p\u00e4\u00e4t\u00f6ksenteko\u2011, val\u00adin\u00ad\u00adta- ja toimin\u00adnanoh\u00adjaus tilanteis\u00adsa. Han\u00adkkeessa kehitet\u00e4\u00e4n tiedol\u00adla johtamisen ope\u00adtus\u00adme\u00adtode\u00adja inklusi\u00adivisem\u00admik\u00adsi ja saavutet\u00adtavam\u00admik\u00adsi soveltaen ja kokeillen uusia inno\u00advati\u00adivisia ope\u00adtuste\u00adk\u00adnol\u00ado\u00adgisia ja digiped\u00ada\u00adgogisia keino\u00adja. Han\u00adkkeessa tehd\u00e4\u00e4n avoimesti saatavil\u00adla ole\u00adva opin\u00adtokokon\u00adaisu\u00adus (30 op). Kokon\u00adaisu\u00adus [\u2026]<\/p>\n","protected":false},"author":0,"featured_media":17,"parent":0,"menu_order":0,"comment_status":"closed","ping_status":"closed","template":"","meta":{"inline_featured_image":false,"wp_typography_post_enhancements_disabled":false,"footnotes":""},"class_list":["post-20","page","type-page","status-publish","has-post-thumbnail","hentry"],"yoast_head":"<!-- This site is optimized with the Yoast SEO plugin v27.5 - https:\/\/yoast.com\/product\/yoast-seo-wordpress\/ -->\n<title>Tiedolla johtamisen osaajakoulutuksella tuottavuutta ty\u00f6el\u00e4m\u00e4\u00e4n &#8211; TIEJOT - Tiedolla johtamisen osaajakoulutuksella tuottavuutta ty\u00f6el\u00e4m\u00e4\u00e4n &#8211; TIEJOT<\/title>\n<meta name=\"robots\" content=\"index, follow, max-snippet:-1, max-image-preview:large, max-video-preview:-1\" \/>\n<link rel=\"canonical\" href=\"https:\/\/hankkeet.karelia.fi\/tiedolla-johtamisen-osaajakoulutuksella-tuottavuutta-tyoelamaan-tiejot\/\" \/>\n<meta property=\"og:locale\" content=\"fi_FI\" \/>\n<meta property=\"og:type\" content=\"article\" \/>\n<meta property=\"og:title\" content=\"Tiedolla johtamisen osaajakoulutuksella tuottavuutta ty\u00f6el\u00e4m\u00e4\u00e4n &#8211; TIEJOT - Tiedolla johtamisen osaajakoulutuksella tuottavuutta ty\u00f6el\u00e4m\u00e4\u00e4n &#8211; TIEJOT\" \/>\n<meta property=\"og:description\" content=\"Han\u00adke lis\u00e4\u00e4 ty\u00f6ik\u00e4isen v\u00e4est\u00f6n tieto- ja dataosaamista tiedol\u00adla johtamisen ja tiedon hy\u00f6\u00addyn\u00adt\u00e4misen paran\u00adtamisek\u00adsi organ\u00adisaa\u00adtios\u00adsa ja yhteiskun\u00adnas\u00adsa. Tiedol\u00adla joht\u00ada\u00admi\u00adnen on analysoidun datan sys\u00adtemaat\u00adtista hy\u00f6\u00addyn\u00adt\u00e4mist\u00e4 eri\u00adlai\u00adsis\u00adsa p\u00e4\u00e4t\u00f6ksenteko\u2011, val\u00adin\u00adta- ja toimin\u00adnanoh\u00adjaus tilanteis\u00adsa. Han\u00adkkeessa kehitet\u00e4\u00e4n tiedol\u00adla johtamisen ope\u00adtus\u00adme\u00adtode\u00adja inklusi\u00adivisem\u00admik\u00adsi ja saavutet\u00adtavam\u00admik\u00adsi soveltaen ja kokeillen uusia inno\u00advati\u00adivisia ope\u00adtuste\u00adk\u00adnol\u00ado\u00adgisia ja digiped\u00ada\u00adgogisia keino\u00adja. Han\u00adkkeessa tehd\u00e4\u00e4n avoimesti saatavil\u00adla ole\u00adva opin\u00adtokokon\u00adaisu\u00adus (30 op). Kokon\u00adaisu\u00adus [&hellip;]\" \/>\n<meta property=\"og:url\" content=\"https:\/\/hankkeet.karelia.fi\/tiedolla-johtamisen-osaajakoulutuksella-tuottavuutta-tyoelamaan-tiejot\/\" \/>\n<meta property=\"og:site_name\" content=\"Tiedolla johtamisen osaajakoulutuksella tuottavuutta ty\u00f6el\u00e4m\u00e4\u00e4n &#8211; TIEJOT\" \/>\n<meta name=\"twitter:card\" content=\"summary_large_image\" \/>\n<meta name=\"twitter:label1\" content=\"Arvioitu lukuaika\" \/>\n\t<meta name=\"twitter:data1\" content=\"1 minuutti\" \/>\n<script type=\"application\/ld+json\" class=\"yoast-schema-graph\">{\"@context\":\"https:\\\/\\\/schema.org\",\"@graph\":[{\"@type\":\"WebPage\",\"@id\":\"https:\\\/\\\/hankkeet.karelia.fi\\\/tiedolla-johtamisen-osaajakoulutuksella-tuottavuutta-tyoelamaan-tiejot\\\/\",\"url\":\"https:\\\/\\\/hankkeet.karelia.fi\\\/tiedolla-johtamisen-osaajakoulutuksella-tuottavuutta-tyoelamaan-tiejot\\\/\",\"name\":\"Tiedolla johtamisen osaajakoulutuksella tuottavuutta ty\u00f6el\u00e4m\u00e4\u00e4n &#8211; TIEJOT - Tiedolla johtamisen osaajakoulutuksella tuottavuutta ty\u00f6el\u00e4m\u00e4\u00e4n &#8211; TIEJOT\",\"isPartOf\":{\"@id\":\"https:\\\/\\\/hankkeet.karelia.fi\\\/tiedolla-johtamisen-osaajakoulutuksella-tuottavuutta-tyoelamaan-tiejot\\\/#website\"},\"primaryImageOfPage\":{\"@id\":\"https:\\\/\\\/hankkeet.karelia.fi\\\/tiedolla-johtamisen-osaajakoulutuksella-tuottavuutta-tyoelamaan-tiejot\\\/#primaryimage\"},\"image\":{\"@id\":\"https:\\\/\\\/hankkeet.karelia.fi\\\/tiedolla-johtamisen-osaajakoulutuksella-tuottavuutta-tyoelamaan-tiejot\\\/#primaryimage\"},\"thumbnailUrl\":\"https:\\\/\\\/hankkeet.karelia.fi\\\/tiedolla-johtamisen-osaajakoulutuksella-tuottavuutta-tyoelamaan-tiejot\\\/wp-content\\\/uploads\\\/sites\\\/47\\\/2026\\\/03\\\/tiedolla-johtamisen-koulutus-scaled-1.jpg\",\"datePublished\":\"2026-03-17T10:50:24+00:00\",\"breadcrumb\":{\"@id\":\"https:\\\/\\\/hankkeet.karelia.fi\\\/tiedolla-johtamisen-osaajakoulutuksella-tuottavuutta-tyoelamaan-tiejot\\\/#breadcrumb\"},\"inLanguage\":\"fi\",\"potentialAction\":[{\"@type\":\"ReadAction\",\"target\":[\"https:\\\/\\\/hankkeet.karelia.fi\\\/tiedolla-johtamisen-osaajakoulutuksella-tuottavuutta-tyoelamaan-tiejot\\\/\"]}]},{\"@type\":\"ImageObject\",\"inLanguage\":\"fi\",\"@id\":\"https:\\\/\\\/hankkeet.karelia.fi\\\/tiedolla-johtamisen-osaajakoulutuksella-tuottavuutta-tyoelamaan-tiejot\\\/#primaryimage\",\"url\":\"https:\\\/\\\/hankkeet.karelia.fi\\\/tiedolla-johtamisen-osaajakoulutuksella-tuottavuutta-tyoelamaan-tiejot\\\/wp-content\\\/uploads\\\/sites\\\/47\\\/2026\\\/03\\\/tiedolla-johtamisen-koulutus-scaled-1.jpg\",\"contentUrl\":\"https:\\\/\\\/hankkeet.karelia.fi\\\/tiedolla-johtamisen-osaajakoulutuksella-tuottavuutta-tyoelamaan-tiejot\\\/wp-content\\\/uploads\\\/sites\\\/47\\\/2026\\\/03\\\/tiedolla-johtamisen-koulutus-scaled-1.jpg\",\"width\":2560,\"height\":1123},{\"@type\":\"BreadcrumbList\",\"@id\":\"https:\\\/\\\/hankkeet.karelia.fi\\\/tiedolla-johtamisen-osaajakoulutuksella-tuottavuutta-tyoelamaan-tiejot\\\/#breadcrumb\",\"itemListElement\":[{\"@type\":\"ListItem\",\"position\":1,\"name\":\"Home\",\"item\":\"https:\\\/\\\/hankkeet.karelia.fi\\\/tiedolla-johtamisen-osaajakoulutuksella-tuottavuutta-tyoelamaan-tiejot\\\/tiedolla-johtamisen-osaajakoulutuksella-tuottavuutta-tyoelamaan-tiejot\\\/\"},{\"@type\":\"ListItem\",\"position\":2,\"name\":\"Tiedolla johtamisen osaajakoulutuksella tuottavuutta ty\u00f6el\u00e4m\u00e4\u00e4n &#8211; TIEJOT\"}]},{\"@type\":\"WebSite\",\"@id\":\"https:\\\/\\\/hankkeet.karelia.fi\\\/tiedolla-johtamisen-osaajakoulutuksella-tuottavuutta-tyoelamaan-tiejot\\\/#website\",\"url\":\"https:\\\/\\\/hankkeet.karelia.fi\\\/tiedolla-johtamisen-osaajakoulutuksella-tuottavuutta-tyoelamaan-tiejot\\\/\",\"name\":\"Tiedolla johtamisen osaajakoulutuksella tuottavuutta ty\u00f6el\u00e4m\u00e4\u00e4n &#8211; TIEJOT\",\"description\":\"\",\"publisher\":{\"@id\":\"https:\\\/\\\/hankkeet.karelia.fi\\\/tiedolla-johtamisen-osaajakoulutuksella-tuottavuutta-tyoelamaan-tiejot\\\/#organization\"},\"potentialAction\":[{\"@type\":\"SearchAction\",\"target\":{\"@type\":\"EntryPoint\",\"urlTemplate\":\"https:\\\/\\\/hankkeet.karelia.fi\\\/tiedolla-johtamisen-osaajakoulutuksella-tuottavuutta-tyoelamaan-tiejot\\\/?s={search_term_string}\"},\"query-input\":{\"@type\":\"PropertyValueSpecification\",\"valueRequired\":true,\"valueName\":\"search_term_string\"}}],\"inLanguage\":\"fi\"},{\"@type\":\"Organization\",\"@id\":\"https:\\\/\\\/hankkeet.karelia.fi\\\/tiedolla-johtamisen-osaajakoulutuksella-tuottavuutta-tyoelamaan-tiejot\\\/#organization\",\"name\":\"Tiedolla johtamisen osaajakoulutuksella tuottavuutta ty\u00f6el\u00e4m\u00e4\u00e4n &#8211; TIEJOT\",\"url\":\"https:\\\/\\\/hankkeet.karelia.fi\\\/tiedolla-johtamisen-osaajakoulutuksella-tuottavuutta-tyoelamaan-tiejot\\\/\",\"logo\":{\"@type\":\"ImageObject\",\"inLanguage\":\"fi\",\"@id\":\"https:\\\/\\\/hankkeet.karelia.fi\\\/tiedolla-johtamisen-osaajakoulutuksella-tuottavuutta-tyoelamaan-tiejot\\\/#\\\/schema\\\/logo\\\/image\\\/\",\"url\":\"https:\\\/\\\/hankkeet.karelia.fi\\\/tiedolla-johtamisen-osaajakoulutuksella-tuottavuutta-tyoelamaan-tiejot\\\/wp-content\\\/uploads\\\/sites\\\/47\\\/2026\\\/03\\\/cropped-cropped-Karelia_AMK_logo_RGB-1.png\",\"contentUrl\":\"https:\\\/\\\/hankkeet.karelia.fi\\\/tiedolla-johtamisen-osaajakoulutuksella-tuottavuutta-tyoelamaan-tiejot\\\/wp-content\\\/uploads\\\/sites\\\/47\\\/2026\\\/03\\\/cropped-cropped-Karelia_AMK_logo_RGB-1.png\",\"width\":427,\"height\":116,\"caption\":\"Tiedolla johtamisen osaajakoulutuksella tuottavuutta ty\u00f6el\u00e4m\u00e4\u00e4n &#8211; TIEJOT\"},\"image\":{\"@id\":\"https:\\\/\\\/hankkeet.karelia.fi\\\/tiedolla-johtamisen-osaajakoulutuksella-tuottavuutta-tyoelamaan-tiejot\\\/#\\\/schema\\\/logo\\\/image\\\/\"}}]}<\/script>\n<!-- \/ Yoast SEO plugin. -->","yoast_head_json":{"title":"Tiedolla johtamisen osaajakoulutuksella tuottavuutta ty\u00f6el\u00e4m\u00e4\u00e4n &#8211; TIEJOT - Tiedolla johtamisen osaajakoulutuksella tuottavuutta ty\u00f6el\u00e4m\u00e4\u00e4n &#8211; TIEJOT","robots":{"index":"index","follow":"follow","max-snippet":"max-snippet:-1","max-image-preview":"max-image-preview:large","max-video-preview":"max-video-preview:-1"},"canonical":"https:\/\/hankkeet.karelia.fi\/tiedolla-johtamisen-osaajakoulutuksella-tuottavuutta-tyoelamaan-tiejot\/","og_locale":"fi_FI","og_type":"article","og_title":"Tiedolla johtamisen osaajakoulutuksella tuottavuutta ty\u00f6el\u00e4m\u00e4\u00e4n &#8211; TIEJOT - Tiedolla johtamisen osaajakoulutuksella tuottavuutta ty\u00f6el\u00e4m\u00e4\u00e4n &#8211; TIEJOT","og_description":"Han\u00adke lis\u00e4\u00e4 ty\u00f6ik\u00e4isen v\u00e4est\u00f6n tieto- ja dataosaamista tiedol\u00adla johtamisen ja tiedon hy\u00f6\u00addyn\u00adt\u00e4misen paran\u00adtamisek\u00adsi organ\u00adisaa\u00adtios\u00adsa ja yhteiskun\u00adnas\u00adsa. Tiedol\u00adla joht\u00ada\u00admi\u00adnen on analysoidun datan sys\u00adtemaat\u00adtista hy\u00f6\u00addyn\u00adt\u00e4mist\u00e4 eri\u00adlai\u00adsis\u00adsa p\u00e4\u00e4t\u00f6ksenteko\u2011, val\u00adin\u00adta- ja toimin\u00adnanoh\u00adjaus tilanteis\u00adsa. Han\u00adkkeessa kehitet\u00e4\u00e4n tiedol\u00adla johtamisen ope\u00adtus\u00adme\u00adtode\u00adja inklusi\u00adivisem\u00admik\u00adsi ja saavutet\u00adtavam\u00admik\u00adsi soveltaen ja kokeillen uusia inno\u00advati\u00adivisia ope\u00adtuste\u00adk\u00adnol\u00ado\u00adgisia ja digiped\u00ada\u00adgogisia keino\u00adja. Han\u00adkkeessa tehd\u00e4\u00e4n avoimesti saatavil\u00adla ole\u00adva opin\u00adtokokon\u00adaisu\u00adus (30 op). Kokon\u00adaisu\u00adus [&hellip;]","og_url":"https:\/\/hankkeet.karelia.fi\/tiedolla-johtamisen-osaajakoulutuksella-tuottavuutta-tyoelamaan-tiejot\/","og_site_name":"Tiedolla johtamisen osaajakoulutuksella tuottavuutta ty\u00f6el\u00e4m\u00e4\u00e4n &#8211; TIEJOT","twitter_card":"summary_large_image","twitter_misc":{"Arvioitu lukuaika":"1 minuutti"},"schema":{"@context":"https:\/\/schema.org","@graph":[{"@type":"WebPage","@id":"https:\/\/hankkeet.karelia.fi\/tiedolla-johtamisen-osaajakoulutuksella-tuottavuutta-tyoelamaan-tiejot\/","url":"https:\/\/hankkeet.karelia.fi\/tiedolla-johtamisen-osaajakoulutuksella-tuottavuutta-tyoelamaan-tiejot\/","name":"Tiedolla johtamisen osaajakoulutuksella tuottavuutta ty\u00f6el\u00e4m\u00e4\u00e4n &#8211; TIEJOT - Tiedolla johtamisen osaajakoulutuksella tuottavuutta ty\u00f6el\u00e4m\u00e4\u00e4n &#8211; TIEJOT","isPartOf":{"@id":"https:\/\/hankkeet.karelia.fi\/tiedolla-johtamisen-osaajakoulutuksella-tuottavuutta-tyoelamaan-tiejot\/#website"},"primaryImageOfPage":{"@id":"https:\/\/hankkeet.karelia.fi\/tiedolla-johtamisen-osaajakoulutuksella-tuottavuutta-tyoelamaan-tiejot\/#primaryimage"},"image":{"@id":"https:\/\/hankkeet.karelia.fi\/tiedolla-johtamisen-osaajakoulutuksella-tuottavuutta-tyoelamaan-tiejot\/#primaryimage"},"thumbnailUrl":"https:\/\/hankkeet.karelia.fi\/tiedolla-johtamisen-osaajakoulutuksella-tuottavuutta-tyoelamaan-tiejot\/wp-content\/uploads\/sites\/47\/2026\/03\/tiedolla-johtamisen-koulutus-scaled-1.jpg","datePublished":"2026-03-17T10:50:24+00:00","breadcrumb":{"@id":"https:\/\/hankkeet.karelia.fi\/tiedolla-johtamisen-osaajakoulutuksella-tuottavuutta-tyoelamaan-tiejot\/#breadcrumb"},"inLanguage":"fi","potentialAction":[{"@type":"ReadAction","target":["https:\/\/hankkeet.karelia.fi\/tiedolla-johtamisen-osaajakoulutuksella-tuottavuutta-tyoelamaan-tiejot\/"]}]},{"@type":"ImageObject","inLanguage":"fi","@id":"https:\/\/hankkeet.karelia.fi\/tiedolla-johtamisen-osaajakoulutuksella-tuottavuutta-tyoelamaan-tiejot\/#primaryimage","url":"https:\/\/hankkeet.karelia.fi\/tiedolla-johtamisen-osaajakoulutuksella-tuottavuutta-tyoelamaan-tiejot\/wp-content\/uploads\/sites\/47\/2026\/03\/tiedolla-johtamisen-koulutus-scaled-1.jpg","contentUrl":"https:\/\/hankkeet.karelia.fi\/tiedolla-johtamisen-osaajakoulutuksella-tuottavuutta-tyoelamaan-tiejot\/wp-content\/uploads\/sites\/47\/2026\/03\/tiedolla-johtamisen-koulutus-scaled-1.jpg","width":2560,"height":1123},{"@type":"BreadcrumbList","@id":"https:\/\/hankkeet.karelia.fi\/tiedolla-johtamisen-osaajakoulutuksella-tuottavuutta-tyoelamaan-tiejot\/#breadcrumb","itemListElement":[{"@type":"ListItem","position":1,"name":"Home","item":"https:\/\/hankkeet.karelia.fi\/tiedolla-johtamisen-osaajakoulutuksella-tuottavuutta-tyoelamaan-tiejot\/tiedolla-johtamisen-osaajakoulutuksella-tuottavuutta-tyoelamaan-tiejot\/"},{"@type":"ListItem","position":2,"name":"Tiedolla johtamisen osaajakoulutuksella tuottavuutta ty\u00f6el\u00e4m\u00e4\u00e4n &#8211; TIEJOT"}]},{"@type":"WebSite","@id":"https:\/\/hankkeet.karelia.fi\/tiedolla-johtamisen-osaajakoulutuksella-tuottavuutta-tyoelamaan-tiejot\/#website","url":"https:\/\/hankkeet.karelia.fi\/tiedolla-johtamisen-osaajakoulutuksella-tuottavuutta-tyoelamaan-tiejot\/","name":"Tiedolla johtamisen osaajakoulutuksella tuottavuutta ty\u00f6el\u00e4m\u00e4\u00e4n &#8211; TIEJOT","description":"","publisher":{"@id":"https:\/\/hankkeet.karelia.fi\/tiedolla-johtamisen-osaajakoulutuksella-tuottavuutta-tyoelamaan-tiejot\/#organization"},"potentialAction":[{"@type":"SearchAction","target":{"@type":"EntryPoint","urlTemplate":"https:\/\/hankkeet.karelia.fi\/tiedolla-johtamisen-osaajakoulutuksella-tuottavuutta-tyoelamaan-tiejot\/?s={search_term_string}"},"query-input":{"@type":"PropertyValueSpecification","valueRequired":true,"valueName":"search_term_string"}}],"inLanguage":"fi"},{"@type":"Organization","@id":"https:\/\/hankkeet.karelia.fi\/tiedolla-johtamisen-osaajakoulutuksella-tuottavuutta-tyoelamaan-tiejot\/#organization","name":"Tiedolla johtamisen osaajakoulutuksella tuottavuutta ty\u00f6el\u00e4m\u00e4\u00e4n &#8211; TIEJOT","url":"https:\/\/hankkeet.karelia.fi\/tiedolla-johtamisen-osaajakoulutuksella-tuottavuutta-tyoelamaan-tiejot\/","logo":{"@type":"ImageObject","inLanguage":"fi","@id":"https:\/\/hankkeet.karelia.fi\/tiedolla-johtamisen-osaajakoulutuksella-tuottavuutta-tyoelamaan-tiejot\/#\/schema\/logo\/image\/","url":"https:\/\/hankkeet.karelia.fi\/tiedolla-johtamisen-osaajakoulutuksella-tuottavuutta-tyoelamaan-tiejot\/wp-content\/uploads\/sites\/47\/2026\/03\/cropped-cropped-Karelia_AMK_logo_RGB-1.png","contentUrl":"https:\/\/hankkeet.karelia.fi\/tiedolla-johtamisen-osaajakoulutuksella-tuottavuutta-tyoelamaan-tiejot\/wp-content\/uploads\/sites\/47\/2026\/03\/cropped-cropped-Karelia_AMK_logo_RGB-1.png","width":427,"height":116,"caption":"Tiedolla johtamisen osaajakoulutuksella tuottavuutta ty\u00f6el\u00e4m\u00e4\u00e4n &#8211; TIEJOT"},"image":{"@id":"https:\/\/hankkeet.karelia.fi\/tiedolla-johtamisen-osaajakoulutuksella-tuottavuutta-tyoelamaan-tiejot\/#\/schema\/logo\/image\/"}}]}},"_links":{"self":[{"href":"https:\/\/hankkeet.karelia.fi\/tiedolla-johtamisen-osaajakoulutuksella-tuottavuutta-tyoelamaan-tiejot\/wp-json\/wp\/v2\/pages\/20","targetHints":{"allow":["GET"]}}],"collection":[{"href":"https:\/\/hankkeet.karelia.fi\/tiedolla-johtamisen-osaajakoulutuksella-tuottavuutta-tyoelamaan-tiejot\/wp-json\/wp\/v2\/pages"}],"about":[{"href":"https:\/\/hankkeet.karelia.fi\/tiedolla-johtamisen-osaajakoulutuksella-tuottavuutta-tyoelamaan-tiejot\/wp-json\/wp\/v2\/types\/page"}],"replies":[{"embeddable":true,"href":"https:\/\/hankkeet.karelia.fi\/tiedolla-johtamisen-osaajakoulutuksella-tuottavuutta-tyoelamaan-tiejot\/wp-json\/wp\/v2\/comments?post=20"}],"version-history":[{"count":0,"href":"https:\/\/hankkeet.karelia.fi\/tiedolla-johtamisen-osaajakoulutuksella-tuottavuutta-tyoelamaan-tiejot\/wp-json\/wp\/v2\/pages\/20\/revisions"}],"wp:featuredmedia":[{"embeddable":true,"href":"https:\/\/hankkeet.karelia.fi\/tiedolla-johtamisen-osaajakoulutuksella-tuottavuutta-tyoelamaan-tiejot\/wp-json\/wp\/v2\/media\/17"}],"wp:attachment":[{"href":"https:\/\/hankkeet.karelia.fi\/tiedolla-johtamisen-osaajakoulutuksella-tuottavuutta-tyoelamaan-tiejot\/wp-json\/wp\/v2\/media?parent=20"}],"curies":[{"name":"wp","href":"https:\/\/api.w.org\/{rel}","templated":true}]}}