{"id":20,"date":"2026-03-17T13:28:14","date_gmt":"2026-03-17T11:28:14","guid":{"rendered":"https:\/\/hankkeet.karelia.fi\/tno-pohjois-karjala-tietoa-neuvontaa-ja-ohjausta-pohjoiskarjalaisten-menestykseksi\/tno-pohjois-karjala-tietoa-neuvontaa-ja-ohjausta-pohjoiskarjalaisten-menestykseksi\/"},"modified":"2026-03-17T13:28:14","modified_gmt":"2026-03-17T11:28:14","slug":"tno-pohjois-karjala-tietoa-neuvontaa-ja-ohjausta-pohjoiskarjalaisten-menestykseksi","status":"publish","type":"page","link":"https:\/\/hankkeet.karelia.fi\/tno-pohjois-karjala\/","title":{"rendered":"TNO Pohjois-Karjala \u2013 tietoa, neuvontaa ja ohjausta pohjoiskarjalaisten menestykseksi"},"content":{"rendered":"\n<figure class=\"wp-block-image size-large is-resized\"><img decoding=\"async\" src=\"https:\/\/hankkeet.karelia.fi\/tno-pohjois-karjala-tietoa-neuvontaa-ja-ohjausta-pohjoiskarjalaisten-menestykseksi\/wp-content\/uploads\/sites\/52\/2026\/03\/tno-logot-1-1024x231-1.jpg\" alt class=\"wp-image-69884\" style=\"width:661px;height:auto\"><\/figure>\n\n\n\n<p>TNO Pohjois-Kar\u00adjala \u2013 tietoa, neu\u00advon\u00adtaa ja ohjaus\u00adta pohjoiskar\u00adjalais\u00adten men\u00adestyk\u00adsek\u00adsi -<br>ryh\u00adm\u00e4hankkeen yhteisen\u00e4 tavoit\u00adteena on asukkaiden nopea ty\u00f6l\u00adlistymi\u00adnen ja koulut\u00adtau\u00adtu\u00admi\u00adnen<br>mata\u00adlan kyn\u00adnyk\u00adsen tieto\u2011, neu\u00advon\u00adta- ja ohjausty\u00f6n avul\u00adla.<\/p>\n\n\n\n<p>Han\u00adke toteutetaan Joen\u00adsu\u00adun kaupun\u00adgin, It\u00e4-Suomen yliopis\u00adton, Kare\u00adlia-ammat\u00adtiko\u00adrkeak\u00adoulun, River\u00adian ja Ras\u00adtor-insti\u00adtuutin yhteis\u00adhankkeena.<\/p>\n\n\n\n<p>Karelia-amk:n osa\u00adhanke tuo maakun\u00adtaan uusia ratkaisu\u00adja ty\u00f6ss\u00e4 ole\u00advien urao\u00adh\u00adjauk\u00adseen ja osaamisen kehit\u00adt\u00e4misen tukemiseen ty\u00f6u\u00adran eri vai\u00adheis\u00adsa. Kohderyh\u00adm\u00e4n\u00e4 ovat eri\u00adtyis\u00ades\u00adti raken\u00adnemuu\u00adtok\u00adses\u00adta k\u00e4r\u00adsiv\u00e4t alo\u00adjen, kuten raken\u00adnus- ja teol\u00adlisu\u00adusa\u00adlo\u00adjen yri\u00adtys\u00adten henkil\u00f6st\u00f6 ja esi\u00adhenkil\u00f6t. Yri\u00adtyk\u00adsil\u00adl\u00e4 on tun\u00adnis\u00adtet\u00adtu ole\u00advan rekry\u00adtoin\u00adti\u00advaikeuk\u00adsia. Ty\u00f6\u00adpaikko\u00adja on tar\u00adjol\u00adla, mut\u00adta vaa\u00addit\u00adta\u00adva osaami\u00adnen ei vas\u00adtaa ty\u00f6n\u00adhak\u00adi\u00adjoiden koulu\u00adtus\u00adta tai taito\u00adja, mik\u00e4 vaikeut\u00adtaa ty\u00f6n\u00adhak\u00adi\u00adjoiden ja ty\u00f6\u00adpaikko\u00adjen yhteenso\u00advit\u00adtamista. Yri\u00adtys\u00adten henkil\u00f6st\u00f6n osaamisen kehit\u00adt\u00e4miseen ja hei\u00add\u00e4n urapolku\u00adjen\u00adsa tukemiseen kai\u00advataan tukea, jot\u00adta ty\u00f6te\u00adht\u00e4v\u00e4\u00e4n vaa\u00addit\u00adtavaa osaamista voidaan entist\u00e4 enem\u00adm\u00e4n kehit\u00adt\u00e4\u00e4 ty\u00f6\u00adpaikoil\u00adla ja osaa\u00adva ty\u00f6voima saadaan pidet\u00adty\u00e4 organ\u00adisaa\u00adtios\u00adsa. Muut\u00adtu\u00adva ty\u00f6el\u00e4m\u00e4 vaatii uut\u00adta ja ajan\u00adta\u00adsaista osaamista.<\/p>\n\n\n\n<p>Han\u00adke tuo uusia ratkaisu\u00adja ty\u00f6ss\u00e4 ole\u00advien urao\u00adh\u00adjauk\u00adseen ja osaamisen kehit\u00adt\u00e4misen tukemiseen ty\u00f6u\u00adran eri vai\u00adheis\u00adsa. Han\u00adkkeessa kehitet\u00e4\u00e4n yri\u00adtyk\u00adsi\u00adin jalka\u00adu\u00adtu\u00advaa ty\u00f6u\u00adrao\u00adh\u00adjaus\u00adta sek\u00e4 ryh\u00adm\u00e4\u00admuo\u00adtoisia val\u00admen\u00adnuk\u00adsia esimiehille ja henkil\u00f6st\u00f6lle, eri\u00adtyis\u00ades\u00adti sel\u00adl\u00adaiselle kohderyh\u00adm\u00e4lle, jot\u00adka t\u00e4l\u00adl\u00e4 het\u00adkel\u00adl\u00e4 ovat aliedustet\u00adtuina lis\u00e4- ja t\u00e4y\u00adden\u00adnysk\u00adoulu\u00adtuk\u00adsis\u00adsa. Yri\u00adtys\u00adten esi\u00adhenkil\u00f6t saa\u00advat osaamista henkil\u00f6st\u00f6n ty\u00f6ura\u00adsu\u00adun\u00adnit\u00adtelu\u00adun.<br>Han\u00adkkeessa syn\u00adtyv\u00e4t mate\u00adri\u00adaalit j\u00e4\u00e4v\u00e4t hy\u00f6\u00addyn\u00adnet\u00adt\u00e4v\u00e4k\u00adsi my\u00f6s han\u00adkkeen j\u00e4l\u00adkeen. Han\u00adke luo eri\u00adlaisia jatku\u00advan oppimisen koke\u00admuk\u00adsia ja k\u00e4yt\u00e4n\u00adt\u00f6j\u00e4 yri\u00adtyk\u00adsi\u00adin ja kehit\u00adt\u00e4\u00e4 ohjauk\u00adsen uuden\u00adlaisia toim\u00adinta\u00admalle\u00adja, joil\u00adla madal\u00adletaan osal\u00adlis\u00adtu\u00admiskyn\u00adnys\u00adt\u00e4 koulu\u00adtuk\u00adsi\u00adin (ty\u00f6u\u00adrao\u00adh\u00adjaus). Han\u00adkkeen toimen\u00adpitei\u00adden seu\u00adrauk\u00adse\u00adna ty\u00f6voiman osaami\u00adnen yri\u00adtyk\u00adsis\u00ads\u00e4 lis\u00e4\u00e4n\u00adtyy. Han\u00adkkeessa kehitet\u00e4\u00e4n ja juur\u00adrute\u00adtaan uuden\u00adlaista koulu\u00adtuskump\u00adpanu\u00adut\u00adta yri\u00adtys\u00adten kanssa.<\/p>\n\n\n\n<p>Kare\u00adlia osal\u00adlis\u00adtuu han\u00adkkeen yhteiseen ty\u00f6\u00adpaket\u00adti\u00adin TP1: Koor\u00addi\u00adnaa\u00adtio ja yhteiske\u00adhit\u00adt\u00e4mi\u00adnen, jon\u00adka lis\u00e4k\u00adsi Kare\u00adlial\u00adla on oma ty\u00f6\u00adpaket\u00adti TP2 Ty\u00f6el\u00e4m\u00e4ss\u00e4 tapah\u00adtu\u00adva osaamisen kehit\u00adt\u00e4mi\u00adnen ja ty\u00f6u\u00adrao\u00adh\u00adjaus, joka jakau\u00adtuu kah\u00adteen osaan TP 2.1 Ty\u00f6el\u00e4m\u00e4n osaamis\u00advaa\u00adtimusten tun\u00adnist\u00ada\u00admi\u00adnen jalka\u00adu\u00adtu\u00advan ty\u00f6u\u00adrao\u00adh\u00adjauk\u00adsen avul\u00adla ja TP 2.2 Ty\u00f6ss\u00e4 ole\u00advien henkil\u00f6i\u00adden osaamisen kehit\u00adt\u00e4mi\u00adnen.<br><\/p>\n\n\n\n<ul class=\"wp-block-list\">\n<li>Han\u00adke j\u00e4r\u00adjest\u00e4\u00e4 yri\u00adtyk\u00adsis\u00ads\u00e4 info- ja aamukahvi\u00adti\u00adlaisuuk\u00adsia, joiden tavoit\u00adteena on madal\u00adtaa kyn\u00adnys\u00adt\u00e4 osaamisen kehit\u00adt\u00e4miseen, tukea oppimis\u00admy\u00f6n\u00adteisyyt\u00adt\u00e4 ja motivoi\u00adda ura\u00adsu\u00adun\u00adnit\u00adtelu\u00adun.<\/li>\n\n\n\n<li>Tun\u00adnis\u00adte\u00adtaan toimi\u00adalan koulu\u00adtus\u00adtarpei\u00adta, esimerkik\u00adsi p\u00e4tev\u00f6i\u00adtymis\u00adtarpeet, ja ohjataan ty\u00f6n\u00adtek\u00adi\u00adj\u00f6it\u00e4 oppilaitosten\/koulutustarjoajien koulu\u00adtusten pari\u00adin.<\/li>\n\n\n\n<li>Tue\u00adtaan yri\u00adtys\u00adten henkil\u00f6st\u00f6n osaamisen kehit\u00adtymist\u00e4 ohjauk\u00adsen ja val\u00admen\u00adnusten avul\u00adla.<\/li>\n\n\n\n<li>Han\u00adkkeessa j\u00e4r\u00adjestet\u00e4\u00e4n yri\u00adtys\u00adten henkil\u00f6st\u00f6lle urao\u00adh\u00adjaus\u00adta ja lyhy\u00adit\u00e4 val\u00admen\u00adnuk\u00adsia. Val\u00admen\u00adnuk\u00adsia toteutetaan alako\u00adhtais\u00ades\u00adti<\/li>\n\n\n\n<li>Han\u00adkkeessa kehitet\u00e4\u00e4n ja toteutetaan val\u00admen\u00adnuk\u00adsia, joiden kaut\u00adta vahvis\u00adte\u00adtaan yri\u00adtys\u00adten, eri\u00adtyis\u00ades\u00adti raken\u00adnemuu\u00adtos\u00ada\u00adlo\u00adjen, esi\u00adhenkil\u00f6i\u00adden tai HR- henkil\u00f6st\u00f6n osaamista henkil\u00f6st\u00f6n<\/li>\n\n\n\n<li>ty\u00f6ura\u00adsu\u00adun\u00adnit\u00adtelus\u00adsa. Kehitet\u00e4\u00e4n Kare\u00adlias\u00adta yri\u00adtyk\u00adsi\u00adin jalka\u00adu\u00adtu\u00advaa ty\u00f6u\u00adrao\u00adh\u00adjaa\u00adja-mallia.<\/li>\n<\/ul>\n\n\n\n<p>Han\u00adkkeen tulok\u00adse\u00adna:<\/p>\n\n\n\n<ul class=\"wp-block-list\">\n<li>Mallinnus ty\u00f6el\u00e4m\u00e4ss\u00e4 ole\u00advien henkil\u00f6i\u00adden ty\u00f6u\u00adrao\u00adh\u00adjauk\u00adseen on kehitet\u00adty edis\u00adt\u00e4m\u00e4\u00e4n ty\u00f6l\u00adlistymist\u00e4, ty\u00f6n muu\u00adtok\u00adsi\u00adin vas\u00adtaamista, ura\u00adsu\u00adun\u00adnit\u00adtelua ja ty\u00f6n ohes\u00adsa oppimista.<\/li>\n\n\n\n<li>Han\u00adkkeen tulok\u00adse\u00adna on kehitet\u00adty ja mallinnet\u00adtu esi\u00adhenkil\u00f6st\u00f6lle ja HR-henkil\u00f6ille val\u00admen\u00adnus henkil\u00f6st\u00f6n ty\u00f6ura\u00adsu\u00adun\u00adnit\u00adtelu\u00adun.<\/li>\n\n\n\n<li>Han\u00adkkeen toimen\u00adpitei\u00adden my\u00f6t\u00e4 esimi\u00adesten osaami\u00adnen ja ty\u00f6n\u00adtek\u00adi\u00adj\u00f6i\u00adden ura\u00adsu\u00adun\u00adnit\u00adte\u00adlu\u00adtaidot ovat vahvis\u00adtuneet.<\/li>\n\n\n\n<li>Kare\u00adlian ohjaus\u00adpalve\u00adlut ovat kehit\u00adtyneet vas\u00adtaa\u00admaan ty\u00f6el\u00e4m\u00e4n tarpeisi\u00adin. Yri\u00adtys\u00adten k\u00e4yt\u00adt\u00f6\u00f6n on tuotet\u00adtu koulu\u00adtus\u00adma\u00adte\u00adri\u00adaalia.<\/li>\n\n\n\n<li>Han\u00adkkeessa luo\u00addaan sys\u00adtemaat\u00adti\u00adnen palvelumalli, joka j\u00e4\u00e4 osak\u00adsi Kare\u00adlian toim\u00adintaa ja jota voidaan toteut\u00adtaa han\u00adkkeen j\u00e4l\u00adkeen. Mallinnus raken\u00adnemuu\u00adtos\u00ada\u00adlo\u00adjen ja Kare\u00adlian yhteisty\u00f6lle, jota voidaan levit\u00adt\u00e4\u00e4 eteen\u00adp\u00e4in. Asi\u00adakas l\u00f6yt\u00e4\u00e4 parem\u00admin Kare\u00adlian tar\u00adjoamia palvelu\u00adja.<\/li>\n\n\n\n<li>Kare\u00adlian jalka\u00adu\u00adtu\u00adva ty\u00f6u\u00adrao\u00adh\u00adjaa\u00adja-toim\u00adinta\u00admalli kehitet\u00adty ja pilo\u00adtoitu yhteisty\u00f6ss\u00e4 ty\u00f6el\u00e4m\u00e4n kanssa.<\/li>\n<\/ul>\n\n\n\n<h2 class=\"wp-block-heading\">Projektin kesto<\/h2>\n\n\n\n<p>1.3.2024 \u2014 31.12.2026<\/p>\n\n\n\n<h2 class=\"wp-block-heading\">Projektip\u00e4\u00e4llikk\u00f6<\/h2>\n\n\n\n<p><strong>Niina Pen\u00adna\u00adnen<\/strong><br>niina.pennanen(a)karelia.fi<\/p>\n\n\n\n<h2 class=\"wp-block-heading\">Rahoitus<\/h2>\n\n\n\n<p>ESR-ohjel\u00adma<\/p>\n\n\n\n<figure class=\"wp-block-image size-full\"><img decoding=\"async\" src=\"https:\/\/hankkeet.karelia.fi\/tno-pohjois-karjala-tietoa-neuvontaa-ja-ohjausta-pohjoiskarjalaisten-menestykseksi\/wp-content\/uploads\/sites\/52\/2026\/03\/kk_3ja4ja17.png\" alt class=\"wp-image-81542\"><\/figure>\n","protected":false},"excerpt":{"rendered":"<p>TNO Pohjois-Kar\u00ad\u00adjala \u2013 tietoa, neu\u00advon\u00adtaa ja ohjaus\u00adta pohjoiskar\u00adjalais\u00adten men\u00adestyk\u00adsek\u00adsi \u2011ryh\u00adm\u00e4hankkeen yhteisen\u00e4 tavoit\u00adteena on asukkaiden nopea ty\u00f6l\u00adlistymi\u00adnen ja koulut\u00adtau\u00adtu\u00admi\u00adnenmata\u00adlan kyn\u00adnyk\u00adsen tieto\u2011, neu\u00advon\u00ad\u00adta- ja ohjausty\u00f6n avul\u00adla. Han\u00adke toteutetaan Joen\u00adsu\u00adun kaupun\u00adgin, It\u00e4-Suomen yliopis\u00adton, Kare\u00adlia-ammat\u00adtiko\u00adrkeak\u00adoulun, River\u00adian ja Ras\u00ad\u00adtor-insti\u00ad\u00adtuutin yhteis\u00adhankkeena. Karelia-amk:n osa\u00adhanke tuo maakun\u00adtaan uusia ratkaisu\u00adja ty\u00f6ss\u00e4 ole\u00advien urao\u00adh\u00adjauk\u00adseen ja osaamisen kehit\u00adt\u00e4misen tukemiseen ty\u00f6u\u00adran eri vai\u00adheis\u00adsa. Kohderyh\u00adm\u00e4n\u00e4 ovat eri\u00adtyis\u00ades\u00adti raken\u00adnemuu\u00adtok\u00adses\u00adta [\u2026]<\/p>\n","protected":false},"author":0,"featured_media":17,"parent":0,"menu_order":0,"comment_status":"closed","ping_status":"closed","template":"","meta":{"inline_featured_image":false,"wp_typography_post_enhancements_disabled":false,"footnotes":""},"class_list":["post-20","page","type-page","status-publish","has-post-thumbnail","hentry"],"yoast_head":"<!-- This site is optimized with the Yoast SEO plugin v27.5 - https:\/\/yoast.com\/product\/yoast-seo-wordpress\/ -->\n<title>TNO Pohjois-Karjala &#8211; tietoa, neuvontaa ja ohjausta pohjoiskarjalaisten menestykseksi - TNO Pohjois-Karjala &#8211; tietoa, neuvontaa ja ohjausta pohjoiskarjalaisten menestykseksi<\/title>\n<meta name=\"robots\" content=\"index, follow, max-snippet:-1, max-image-preview:large, max-video-preview:-1\" \/>\n<link rel=\"canonical\" href=\"https:\/\/hankkeet.karelia.fi\/tno-pohjois-karjala\/\" \/>\n<meta property=\"og:locale\" content=\"fi_FI\" \/>\n<meta property=\"og:type\" content=\"article\" \/>\n<meta property=\"og:title\" content=\"TNO Pohjois-Karjala &#8211; tietoa, neuvontaa ja ohjausta pohjoiskarjalaisten menestykseksi - TNO Pohjois-Karjala &#8211; tietoa, neuvontaa ja ohjausta pohjoiskarjalaisten menestykseksi\" \/>\n<meta property=\"og:description\" content=\"TNO Pohjois-Kar\u00adjala \u2013 tietoa, neu\u00advon\u00adtaa ja ohjaus\u00adta pohjoiskar\u00adjalais\u00adten men\u00adestyk\u00adsek\u00adsi -ryh\u00adm\u00e4hankkeen yhteisen\u00e4 tavoit\u00adteena on asukkaiden nopea ty\u00f6l\u00adlistymi\u00adnen ja koulut\u00adtau\u00adtu\u00admi\u00adnenmata\u00adlan kyn\u00adnyk\u00adsen tieto\u2011, neu\u00advon\u00adta- ja ohjausty\u00f6n avul\u00adla. Han\u00adke toteutetaan Joen\u00adsu\u00adun kaupun\u00adgin, It\u00e4-Suomen yliopis\u00adton, Kare\u00adlia-ammat\u00adtiko\u00adrkeak\u00adoulun, River\u00adian ja Ras\u00adtor-insti\u00adtuutin yhteis\u00adhankkeena. Karelia-amk:n osa\u00adhanke tuo maakun\u00adtaan uusia ratkaisu\u00adja ty\u00f6ss\u00e4 ole\u00advien urao\u00adh\u00adjauk\u00adseen ja osaamisen kehit\u00adt\u00e4misen tukemiseen ty\u00f6u\u00adran eri vai\u00adheis\u00adsa. Kohderyh\u00adm\u00e4n\u00e4 ovat eri\u00adtyis\u00ades\u00adti raken\u00adnemuu\u00adtok\u00adses\u00adta [&hellip;]\" \/>\n<meta property=\"og:url\" content=\"https:\/\/hankkeet.karelia.fi\/tno-pohjois-karjala\/\" \/>\n<meta property=\"og:site_name\" content=\"TNO Pohjois-Karjala &#8211; tietoa, neuvontaa ja ohjausta pohjoiskarjalaisten menestykseksi\" \/>\n<meta property=\"og:image\" content=\"https:\/\/hankkeet.karelia.fi\/tno-pohjois-karjala\/wp-content\/uploads\/sites\/52\/2026\/03\/tno-kuva-scaled-1.jpeg\" \/>\n\t<meta property=\"og:image:width\" content=\"2560\" \/>\n\t<meta property=\"og:image:height\" content=\"1707\" \/>\n\t<meta property=\"og:image:type\" content=\"image\/jpeg\" \/>\n<meta name=\"twitter:card\" content=\"summary_large_image\" \/>\n<meta name=\"twitter:label1\" content=\"Arvioitu lukuaika\" \/>\n\t<meta name=\"twitter:data1\" content=\"3 minuuttia\" \/>\n<script type=\"application\/ld+json\" class=\"yoast-schema-graph\">{\"@context\":\"https:\\\/\\\/schema.org\",\"@graph\":[{\"@type\":\"WebPage\",\"@id\":\"https:\\\/\\\/hankkeet.karelia.fi\\\/tno-pohjois-karjala\\\/\",\"url\":\"https:\\\/\\\/hankkeet.karelia.fi\\\/tno-pohjois-karjala\\\/\",\"name\":\"TNO Pohjois-Karjala &#8211; tietoa, neuvontaa ja ohjausta pohjoiskarjalaisten menestykseksi - TNO Pohjois-Karjala &#8211; tietoa, neuvontaa ja ohjausta pohjoiskarjalaisten menestykseksi\",\"isPartOf\":{\"@id\":\"https:\\\/\\\/hankkeet.karelia.fi\\\/tno-pohjois-karjala\\\/#website\"},\"primaryImageOfPage\":{\"@id\":\"https:\\\/\\\/hankkeet.karelia.fi\\\/tno-pohjois-karjala\\\/#primaryimage\"},\"image\":{\"@id\":\"https:\\\/\\\/hankkeet.karelia.fi\\\/tno-pohjois-karjala\\\/#primaryimage\"},\"thumbnailUrl\":\"https:\\\/\\\/hankkeet.karelia.fi\\\/tno-pohjois-karjala\\\/wp-content\\\/uploads\\\/sites\\\/52\\\/2026\\\/03\\\/tno-kuva-scaled-1.jpeg\",\"datePublished\":\"2026-03-17T11:28:14+00:00\",\"breadcrumb\":{\"@id\":\"https:\\\/\\\/hankkeet.karelia.fi\\\/tno-pohjois-karjala\\\/#breadcrumb\"},\"inLanguage\":\"fi\",\"potentialAction\":[{\"@type\":\"ReadAction\",\"target\":[\"https:\\\/\\\/hankkeet.karelia.fi\\\/tno-pohjois-karjala\\\/\"]}]},{\"@type\":\"ImageObject\",\"inLanguage\":\"fi\",\"@id\":\"https:\\\/\\\/hankkeet.karelia.fi\\\/tno-pohjois-karjala\\\/#primaryimage\",\"url\":\"https:\\\/\\\/hankkeet.karelia.fi\\\/tno-pohjois-karjala\\\/wp-content\\\/uploads\\\/sites\\\/52\\\/2026\\\/03\\\/tno-kuva-scaled-1.jpeg\",\"contentUrl\":\"https:\\\/\\\/hankkeet.karelia.fi\\\/tno-pohjois-karjala\\\/wp-content\\\/uploads\\\/sites\\\/52\\\/2026\\\/03\\\/tno-kuva-scaled-1.jpeg\",\"width\":2560,\"height\":1707},{\"@type\":\"BreadcrumbList\",\"@id\":\"https:\\\/\\\/hankkeet.karelia.fi\\\/tno-pohjois-karjala\\\/#breadcrumb\",\"itemListElement\":[{\"@type\":\"ListItem\",\"position\":1,\"name\":\"Home\",\"item\":\"https:\\\/\\\/hankkeet.karelia.fi\\\/tno-pohjois-karjala\\\/\"},{\"@type\":\"ListItem\",\"position\":2,\"name\":\"TNO Pohjois-Karjala &#8211; tietoa, neuvontaa ja ohjausta pohjoiskarjalaisten menestykseksi\"}]},{\"@type\":\"WebSite\",\"@id\":\"https:\\\/\\\/hankkeet.karelia.fi\\\/tno-pohjois-karjala\\\/#website\",\"url\":\"https:\\\/\\\/hankkeet.karelia.fi\\\/tno-pohjois-karjala\\\/\",\"name\":\"TNO Pohjois-Karjala &#8211; tietoa, neuvontaa ja ohjausta pohjoiskarjalaisten menestykseksi\",\"description\":\"\",\"publisher\":{\"@id\":\"https:\\\/\\\/hankkeet.karelia.fi\\\/tno-pohjois-karjala\\\/#organization\"},\"potentialAction\":[{\"@type\":\"SearchAction\",\"target\":{\"@type\":\"EntryPoint\",\"urlTemplate\":\"https:\\\/\\\/hankkeet.karelia.fi\\\/tno-pohjois-karjala\\\/?s={search_term_string}\"},\"query-input\":{\"@type\":\"PropertyValueSpecification\",\"valueRequired\":true,\"valueName\":\"search_term_string\"}}],\"inLanguage\":\"fi\"},{\"@type\":\"Organization\",\"@id\":\"https:\\\/\\\/hankkeet.karelia.fi\\\/tno-pohjois-karjala\\\/#organization\",\"name\":\"TNO Pohjois-Karjala &#8211; tietoa, neuvontaa ja ohjausta pohjoiskarjalaisten menestykseksi\",\"url\":\"https:\\\/\\\/hankkeet.karelia.fi\\\/tno-pohjois-karjala\\\/\",\"logo\":{\"@type\":\"ImageObject\",\"inLanguage\":\"fi\",\"@id\":\"https:\\\/\\\/hankkeet.karelia.fi\\\/tno-pohjois-karjala\\\/#\\\/schema\\\/logo\\\/image\\\/\",\"url\":\"https:\\\/\\\/hankkeet.karelia.fi\\\/tno-pohjois-karjala\\\/wp-content\\\/uploads\\\/sites\\\/52\\\/2026\\\/03\\\/cropped-cropped-Karelia_AMK_logo_RGB-1.png\",\"contentUrl\":\"https:\\\/\\\/hankkeet.karelia.fi\\\/tno-pohjois-karjala\\\/wp-content\\\/uploads\\\/sites\\\/52\\\/2026\\\/03\\\/cropped-cropped-Karelia_AMK_logo_RGB-1.png\",\"width\":427,\"height\":116,\"caption\":\"TNO Pohjois-Karjala &#8211; tietoa, neuvontaa ja ohjausta pohjoiskarjalaisten menestykseksi\"},\"image\":{\"@id\":\"https:\\\/\\\/hankkeet.karelia.fi\\\/tno-pohjois-karjala\\\/#\\\/schema\\\/logo\\\/image\\\/\"}}]}<\/script>\n<!-- \/ Yoast SEO plugin. -->","yoast_head_json":{"title":"TNO Pohjois-Karjala &#8211; tietoa, neuvontaa ja ohjausta pohjoiskarjalaisten menestykseksi - TNO Pohjois-Karjala &#8211; tietoa, neuvontaa ja ohjausta pohjoiskarjalaisten menestykseksi","robots":{"index":"index","follow":"follow","max-snippet":"max-snippet:-1","max-image-preview":"max-image-preview:large","max-video-preview":"max-video-preview:-1"},"canonical":"https:\/\/hankkeet.karelia.fi\/tno-pohjois-karjala\/","og_locale":"fi_FI","og_type":"article","og_title":"TNO Pohjois-Karjala &#8211; tietoa, neuvontaa ja ohjausta pohjoiskarjalaisten menestykseksi - TNO Pohjois-Karjala &#8211; tietoa, neuvontaa ja ohjausta pohjoiskarjalaisten menestykseksi","og_description":"TNO Pohjois-Kar\u00adjala \u2013 tietoa, neu\u00advon\u00adtaa ja ohjaus\u00adta pohjoiskar\u00adjalais\u00adten men\u00adestyk\u00adsek\u00adsi -ryh\u00adm\u00e4hankkeen yhteisen\u00e4 tavoit\u00adteena on asukkaiden nopea ty\u00f6l\u00adlistymi\u00adnen ja koulut\u00adtau\u00adtu\u00admi\u00adnenmata\u00adlan kyn\u00adnyk\u00adsen tieto\u2011, neu\u00advon\u00adta- ja ohjausty\u00f6n avul\u00adla. Han\u00adke toteutetaan Joen\u00adsu\u00adun kaupun\u00adgin, It\u00e4-Suomen yliopis\u00adton, Kare\u00adlia-ammat\u00adtiko\u00adrkeak\u00adoulun, River\u00adian ja Ras\u00adtor-insti\u00adtuutin yhteis\u00adhankkeena. Karelia-amk:n osa\u00adhanke tuo maakun\u00adtaan uusia ratkaisu\u00adja ty\u00f6ss\u00e4 ole\u00advien urao\u00adh\u00adjauk\u00adseen ja osaamisen kehit\u00adt\u00e4misen tukemiseen ty\u00f6u\u00adran eri vai\u00adheis\u00adsa. Kohderyh\u00adm\u00e4n\u00e4 ovat eri\u00adtyis\u00ades\u00adti raken\u00adnemuu\u00adtok\u00adses\u00adta [&hellip;]","og_url":"https:\/\/hankkeet.karelia.fi\/tno-pohjois-karjala\/","og_site_name":"TNO Pohjois-Karjala &#8211; tietoa, neuvontaa ja ohjausta pohjoiskarjalaisten menestykseksi","og_image":[{"width":2560,"height":1707,"url":"https:\/\/hankkeet.karelia.fi\/tno-pohjois-karjala\/wp-content\/uploads\/sites\/52\/2026\/03\/tno-kuva-scaled-1.jpeg","type":"image\/jpeg"}],"twitter_card":"summary_large_image","twitter_misc":{"Arvioitu lukuaika":"3 minuuttia"},"schema":{"@context":"https:\/\/schema.org","@graph":[{"@type":"WebPage","@id":"https:\/\/hankkeet.karelia.fi\/tno-pohjois-karjala\/","url":"https:\/\/hankkeet.karelia.fi\/tno-pohjois-karjala\/","name":"TNO Pohjois-Karjala &#8211; tietoa, neuvontaa ja ohjausta pohjoiskarjalaisten menestykseksi - TNO Pohjois-Karjala &#8211; tietoa, neuvontaa ja ohjausta pohjoiskarjalaisten menestykseksi","isPartOf":{"@id":"https:\/\/hankkeet.karelia.fi\/tno-pohjois-karjala\/#website"},"primaryImageOfPage":{"@id":"https:\/\/hankkeet.karelia.fi\/tno-pohjois-karjala\/#primaryimage"},"image":{"@id":"https:\/\/hankkeet.karelia.fi\/tno-pohjois-karjala\/#primaryimage"},"thumbnailUrl":"https:\/\/hankkeet.karelia.fi\/tno-pohjois-karjala\/wp-content\/uploads\/sites\/52\/2026\/03\/tno-kuva-scaled-1.jpeg","datePublished":"2026-03-17T11:28:14+00:00","breadcrumb":{"@id":"https:\/\/hankkeet.karelia.fi\/tno-pohjois-karjala\/#breadcrumb"},"inLanguage":"fi","potentialAction":[{"@type":"ReadAction","target":["https:\/\/hankkeet.karelia.fi\/tno-pohjois-karjala\/"]}]},{"@type":"ImageObject","inLanguage":"fi","@id":"https:\/\/hankkeet.karelia.fi\/tno-pohjois-karjala\/#primaryimage","url":"https:\/\/hankkeet.karelia.fi\/tno-pohjois-karjala\/wp-content\/uploads\/sites\/52\/2026\/03\/tno-kuva-scaled-1.jpeg","contentUrl":"https:\/\/hankkeet.karelia.fi\/tno-pohjois-karjala\/wp-content\/uploads\/sites\/52\/2026\/03\/tno-kuva-scaled-1.jpeg","width":2560,"height":1707},{"@type":"BreadcrumbList","@id":"https:\/\/hankkeet.karelia.fi\/tno-pohjois-karjala\/#breadcrumb","itemListElement":[{"@type":"ListItem","position":1,"name":"Home","item":"https:\/\/hankkeet.karelia.fi\/tno-pohjois-karjala\/"},{"@type":"ListItem","position":2,"name":"TNO Pohjois-Karjala &#8211; tietoa, neuvontaa ja ohjausta pohjoiskarjalaisten menestykseksi"}]},{"@type":"WebSite","@id":"https:\/\/hankkeet.karelia.fi\/tno-pohjois-karjala\/#website","url":"https:\/\/hankkeet.karelia.fi\/tno-pohjois-karjala\/","name":"TNO Pohjois-Karjala &#8211; tietoa, neuvontaa ja ohjausta pohjoiskarjalaisten menestykseksi","description":"","publisher":{"@id":"https:\/\/hankkeet.karelia.fi\/tno-pohjois-karjala\/#organization"},"potentialAction":[{"@type":"SearchAction","target":{"@type":"EntryPoint","urlTemplate":"https:\/\/hankkeet.karelia.fi\/tno-pohjois-karjala\/?s={search_term_string}"},"query-input":{"@type":"PropertyValueSpecification","valueRequired":true,"valueName":"search_term_string"}}],"inLanguage":"fi"},{"@type":"Organization","@id":"https:\/\/hankkeet.karelia.fi\/tno-pohjois-karjala\/#organization","name":"TNO Pohjois-Karjala &#8211; tietoa, neuvontaa ja ohjausta pohjoiskarjalaisten menestykseksi","url":"https:\/\/hankkeet.karelia.fi\/tno-pohjois-karjala\/","logo":{"@type":"ImageObject","inLanguage":"fi","@id":"https:\/\/hankkeet.karelia.fi\/tno-pohjois-karjala\/#\/schema\/logo\/image\/","url":"https:\/\/hankkeet.karelia.fi\/tno-pohjois-karjala\/wp-content\/uploads\/sites\/52\/2026\/03\/cropped-cropped-Karelia_AMK_logo_RGB-1.png","contentUrl":"https:\/\/hankkeet.karelia.fi\/tno-pohjois-karjala\/wp-content\/uploads\/sites\/52\/2026\/03\/cropped-cropped-Karelia_AMK_logo_RGB-1.png","width":427,"height":116,"caption":"TNO Pohjois-Karjala &#8211; tietoa, neuvontaa ja ohjausta pohjoiskarjalaisten menestykseksi"},"image":{"@id":"https:\/\/hankkeet.karelia.fi\/tno-pohjois-karjala\/#\/schema\/logo\/image\/"}}]}},"_links":{"self":[{"href":"https:\/\/hankkeet.karelia.fi\/tno-pohjois-karjala\/wp-json\/wp\/v2\/pages\/20","targetHints":{"allow":["GET"]}}],"collection":[{"href":"https:\/\/hankkeet.karelia.fi\/tno-pohjois-karjala\/wp-json\/wp\/v2\/pages"}],"about":[{"href":"https:\/\/hankkeet.karelia.fi\/tno-pohjois-karjala\/wp-json\/wp\/v2\/types\/page"}],"replies":[{"embeddable":true,"href":"https:\/\/hankkeet.karelia.fi\/tno-pohjois-karjala\/wp-json\/wp\/v2\/comments?post=20"}],"version-history":[{"count":0,"href":"https:\/\/hankkeet.karelia.fi\/tno-pohjois-karjala\/wp-json\/wp\/v2\/pages\/20\/revisions"}],"wp:featuredmedia":[{"embeddable":true,"href":"https:\/\/hankkeet.karelia.fi\/tno-pohjois-karjala\/wp-json\/wp\/v2\/media\/17"}],"wp:attachment":[{"href":"https:\/\/hankkeet.karelia.fi\/tno-pohjois-karjala\/wp-json\/wp\/v2\/media?parent=20"}],"curies":[{"name":"wp","href":"https:\/\/api.w.org\/{rel}","templated":true}]}}