{"id":23,"date":"2026-04-07T13:02:36","date_gmt":"2026-04-07T10:02:36","guid":{"rendered":"https:\/\/hankkeet.karelia.fi\/tulevaisuudentyokyky\/?page_id=23"},"modified":"2026-04-07T13:02:36","modified_gmt":"2026-04-07T10:02:36","slug":"ajankohtaista","status":"publish","type":"page","link":"https:\/\/hankkeet.karelia.fi\/tulevaisuudentyokyky\/ajankohtaista\/","title":{"rendered":"Ajankohtaista"},"content":{"rendered":"","protected":false},"excerpt":{"rendered":"","protected":false},"author":10,"featured_media":17,"parent":0,"menu_order":0,"comment_status":"closed","ping_status":"closed","template":"","meta":{"inline_featured_image":false,"wp_typography_post_enhancements_disabled":false,"footnotes":""},"class_list":["post-23","page","type-page","status-publish","has-post-thumbnail","hentry"],"yoast_head":"<!-- This site is optimized with the Yoast SEO plugin v27.5 - https:\/\/yoast.com\/product\/yoast-seo-wordpress\/ -->\n<title>Ajankohtaista - Tulevaisuuden ty\u00f6kyky \u2013 Korkeakouluopiskelijoiden opiskelukyvyn ja opintojen edist\u00e4minen digitaalisuutta hy\u00f6dynt\u00e4en<\/title>\n<meta name=\"robots\" content=\"index, follow, max-snippet:-1, max-image-preview:large, max-video-preview:-1\" \/>\n<link rel=\"canonical\" href=\"https:\/\/hankkeet.karelia.fi\/tulevaisuudentyokyky\/ajankohtaista\/\" \/>\n<meta property=\"og:locale\" content=\"fi_FI\" \/>\n<meta property=\"og:type\" content=\"article\" \/>\n<meta property=\"og:title\" content=\"Ajankohtaista - Tulevaisuuden ty\u00f6kyky \u2013 Korkeakouluopiskelijoiden opiskelukyvyn ja opintojen edist\u00e4minen digitaalisuutta hy\u00f6dynt\u00e4en\" \/>\n<meta property=\"og:url\" content=\"https:\/\/hankkeet.karelia.fi\/tulevaisuudentyokyky\/ajankohtaista\/\" \/>\n<meta property=\"og:site_name\" content=\"Tulevaisuuden ty\u00f6kyky \u2013 Korkeakouluopiskelijoiden opiskelukyvyn ja opintojen edist\u00e4minen digitaalisuutta hy\u00f6dynt\u00e4en\" \/>\n<meta property=\"og:image\" content=\"https:\/\/hankkeet.karelia.fi\/tulevaisuudentyokyky\/wp-content\/uploads\/sites\/73\/2026\/03\/Karelia_AMK_kirjasto_Markkinointitoimisto_Tovari_Valokuva_2048px_1.jpg\" \/>\n\t<meta property=\"og:image:width\" content=\"2048\" \/>\n\t<meta property=\"og:image:height\" content=\"1365\" \/>\n\t<meta property=\"og:image:type\" content=\"image\/jpeg\" \/>\n<meta name=\"twitter:card\" content=\"summary_large_image\" \/>\n<meta name=\"twitter:label1\" content=\"Arvioitu lukuaika\" \/>\n\t<meta name=\"twitter:data1\" content=\"1 minuutti\" \/>\n<script type=\"application\/ld+json\" class=\"yoast-schema-graph\">{\"@context\":\"https:\\\/\\\/schema.org\",\"@graph\":[{\"@type\":\"WebPage\",\"@id\":\"https:\\\/\\\/hankkeet.karelia.fi\\\/tulevaisuudentyokyky\\\/ajankohtaista\\\/\",\"url\":\"https:\\\/\\\/hankkeet.karelia.fi\\\/tulevaisuudentyokyky\\\/ajankohtaista\\\/\",\"name\":\"Ajankohtaista - Tulevaisuuden ty\u00f6kyky \u2013 Korkeakouluopiskelijoiden opiskelukyvyn ja opintojen edist\u00e4minen digitaalisuutta hy\u00f6dynt\u00e4en\",\"isPartOf\":{\"@id\":\"https:\\\/\\\/hankkeet.karelia.fi\\\/tulevaisuudentyokyky\\\/#website\"},\"primaryImageOfPage\":{\"@id\":\"https:\\\/\\\/hankkeet.karelia.fi\\\/tulevaisuudentyokyky\\\/ajankohtaista\\\/#primaryimage\"},\"image\":{\"@id\":\"https:\\\/\\\/hankkeet.karelia.fi\\\/tulevaisuudentyokyky\\\/ajankohtaista\\\/#primaryimage\"},\"thumbnailUrl\":\"https:\\\/\\\/hankkeet.karelia.fi\\\/tulevaisuudentyokyky\\\/wp-content\\\/uploads\\\/sites\\\/73\\\/2026\\\/03\\\/Karelia_AMK_kirjasto_Markkinointitoimisto_Tovari_Valokuva_2048px_1.jpg\",\"datePublished\":\"2026-04-07T10:02:36+00:00\",\"breadcrumb\":{\"@id\":\"https:\\\/\\\/hankkeet.karelia.fi\\\/tulevaisuudentyokyky\\\/ajankohtaista\\\/#breadcrumb\"},\"inLanguage\":\"fi\",\"potentialAction\":[{\"@type\":\"ReadAction\",\"target\":[\"https:\\\/\\\/hankkeet.karelia.fi\\\/tulevaisuudentyokyky\\\/ajankohtaista\\\/\"]}]},{\"@type\":\"ImageObject\",\"inLanguage\":\"fi\",\"@id\":\"https:\\\/\\\/hankkeet.karelia.fi\\\/tulevaisuudentyokyky\\\/ajankohtaista\\\/#primaryimage\",\"url\":\"https:\\\/\\\/hankkeet.karelia.fi\\\/tulevaisuudentyokyky\\\/wp-content\\\/uploads\\\/sites\\\/73\\\/2026\\\/03\\\/Karelia_AMK_kirjasto_Markkinointitoimisto_Tovari_Valokuva_2048px_1.jpg\",\"contentUrl\":\"https:\\\/\\\/hankkeet.karelia.fi\\\/tulevaisuudentyokyky\\\/wp-content\\\/uploads\\\/sites\\\/73\\\/2026\\\/03\\\/Karelia_AMK_kirjasto_Markkinointitoimisto_Tovari_Valokuva_2048px_1.jpg\",\"width\":2048,\"height\":1365},{\"@type\":\"BreadcrumbList\",\"@id\":\"https:\\\/\\\/hankkeet.karelia.fi\\\/tulevaisuudentyokyky\\\/ajankohtaista\\\/#breadcrumb\",\"itemListElement\":[{\"@type\":\"ListItem\",\"position\":1,\"name\":\"Home\",\"item\":\"https:\\\/\\\/hankkeet.karelia.fi\\\/tulevaisuudentyokyky\\\/tulevaisuuden-tyokyky-korkeakouluopiskelijoiden-opiskelukyvyn-ja-opintojen-edistaminen-digitaalisuutta-hyodyntaen\\\/\"},{\"@type\":\"ListItem\",\"position\":2,\"name\":\"Ajankohtaista\"}]},{\"@type\":\"WebSite\",\"@id\":\"https:\\\/\\\/hankkeet.karelia.fi\\\/tulevaisuudentyokyky\\\/#website\",\"url\":\"https:\\\/\\\/hankkeet.karelia.fi\\\/tulevaisuudentyokyky\\\/\",\"name\":\"Tulevaisuuden ty\u00f6kyky \u2013 Korkeakouluopiskelijoiden opiskelukyvyn ja opintojen edist\u00e4minen digitaalisuutta hy\u00f6dynt\u00e4en\",\"description\":\"\",\"publisher\":{\"@id\":\"https:\\\/\\\/hankkeet.karelia.fi\\\/tulevaisuudentyokyky\\\/#organization\"},\"potentialAction\":[{\"@type\":\"SearchAction\",\"target\":{\"@type\":\"EntryPoint\",\"urlTemplate\":\"https:\\\/\\\/hankkeet.karelia.fi\\\/tulevaisuudentyokyky\\\/?s={search_term_string}\"},\"query-input\":{\"@type\":\"PropertyValueSpecification\",\"valueRequired\":true,\"valueName\":\"search_term_string\"}}],\"inLanguage\":\"fi\"},{\"@type\":\"Organization\",\"@id\":\"https:\\\/\\\/hankkeet.karelia.fi\\\/tulevaisuudentyokyky\\\/#organization\",\"name\":\"Tulevaisuuden ty\u00f6kyky \u2013 Korkeakouluopiskelijoiden opiskelukyvyn ja opintojen edist\u00e4minen digitaalisuutta hy\u00f6dynt\u00e4en\",\"url\":\"https:\\\/\\\/hankkeet.karelia.fi\\\/tulevaisuudentyokyky\\\/\",\"logo\":{\"@type\":\"ImageObject\",\"inLanguage\":\"fi\",\"@id\":\"https:\\\/\\\/hankkeet.karelia.fi\\\/tulevaisuudentyokyky\\\/#\\\/schema\\\/logo\\\/image\\\/\",\"url\":\"https:\\\/\\\/hankkeet.karelia.fi\\\/tulevaisuudentyokyky\\\/wp-content\\\/uploads\\\/sites\\\/73\\\/2026\\\/03\\\/cropped-cropped-Karelia_AMK_logo_RGB-1.png\",\"contentUrl\":\"https:\\\/\\\/hankkeet.karelia.fi\\\/tulevaisuudentyokyky\\\/wp-content\\\/uploads\\\/sites\\\/73\\\/2026\\\/03\\\/cropped-cropped-Karelia_AMK_logo_RGB-1.png\",\"width\":427,\"height\":116,\"caption\":\"Tulevaisuuden ty\u00f6kyky \u2013 Korkeakouluopiskelijoiden opiskelukyvyn ja opintojen edist\u00e4minen digitaalisuutta hy\u00f6dynt\u00e4en\"},\"image\":{\"@id\":\"https:\\\/\\\/hankkeet.karelia.fi\\\/tulevaisuudentyokyky\\\/#\\\/schema\\\/logo\\\/image\\\/\"}}]}<\/script>\n<!-- \/ Yoast SEO plugin. -->","yoast_head_json":{"title":"Ajankohtaista - Tulevaisuuden ty\u00f6kyky \u2013 Korkeakouluopiskelijoiden opiskelukyvyn ja opintojen edist\u00e4minen digitaalisuutta hy\u00f6dynt\u00e4en","robots":{"index":"index","follow":"follow","max-snippet":"max-snippet:-1","max-image-preview":"max-image-preview:large","max-video-preview":"max-video-preview:-1"},"canonical":"https:\/\/hankkeet.karelia.fi\/tulevaisuudentyokyky\/ajankohtaista\/","og_locale":"fi_FI","og_type":"article","og_title":"Ajankohtaista - Tulevaisuuden ty\u00f6kyky \u2013 Korkeakouluopiskelijoiden opiskelukyvyn ja opintojen edist\u00e4minen digitaalisuutta hy\u00f6dynt\u00e4en","og_url":"https:\/\/hankkeet.karelia.fi\/tulevaisuudentyokyky\/ajankohtaista\/","og_site_name":"Tulevaisuuden ty\u00f6kyky \u2013 Korkeakouluopiskelijoiden opiskelukyvyn ja opintojen edist\u00e4minen digitaalisuutta hy\u00f6dynt\u00e4en","og_image":[{"width":2048,"height":1365,"url":"https:\/\/hankkeet.karelia.fi\/tulevaisuudentyokyky\/wp-content\/uploads\/sites\/73\/2026\/03\/Karelia_AMK_kirjasto_Markkinointitoimisto_Tovari_Valokuva_2048px_1.jpg","type":"image\/jpeg"}],"twitter_card":"summary_large_image","twitter_misc":{"Arvioitu lukuaika":"1 minuutti"},"schema":{"@context":"https:\/\/schema.org","@graph":[{"@type":"WebPage","@id":"https:\/\/hankkeet.karelia.fi\/tulevaisuudentyokyky\/ajankohtaista\/","url":"https:\/\/hankkeet.karelia.fi\/tulevaisuudentyokyky\/ajankohtaista\/","name":"Ajankohtaista - Tulevaisuuden ty\u00f6kyky \u2013 Korkeakouluopiskelijoiden opiskelukyvyn ja opintojen edist\u00e4minen digitaalisuutta hy\u00f6dynt\u00e4en","isPartOf":{"@id":"https:\/\/hankkeet.karelia.fi\/tulevaisuudentyokyky\/#website"},"primaryImageOfPage":{"@id":"https:\/\/hankkeet.karelia.fi\/tulevaisuudentyokyky\/ajankohtaista\/#primaryimage"},"image":{"@id":"https:\/\/hankkeet.karelia.fi\/tulevaisuudentyokyky\/ajankohtaista\/#primaryimage"},"thumbnailUrl":"https:\/\/hankkeet.karelia.fi\/tulevaisuudentyokyky\/wp-content\/uploads\/sites\/73\/2026\/03\/Karelia_AMK_kirjasto_Markkinointitoimisto_Tovari_Valokuva_2048px_1.jpg","datePublished":"2026-04-07T10:02:36+00:00","breadcrumb":{"@id":"https:\/\/hankkeet.karelia.fi\/tulevaisuudentyokyky\/ajankohtaista\/#breadcrumb"},"inLanguage":"fi","potentialAction":[{"@type":"ReadAction","target":["https:\/\/hankkeet.karelia.fi\/tulevaisuudentyokyky\/ajankohtaista\/"]}]},{"@type":"ImageObject","inLanguage":"fi","@id":"https:\/\/hankkeet.karelia.fi\/tulevaisuudentyokyky\/ajankohtaista\/#primaryimage","url":"https:\/\/hankkeet.karelia.fi\/tulevaisuudentyokyky\/wp-content\/uploads\/sites\/73\/2026\/03\/Karelia_AMK_kirjasto_Markkinointitoimisto_Tovari_Valokuva_2048px_1.jpg","contentUrl":"https:\/\/hankkeet.karelia.fi\/tulevaisuudentyokyky\/wp-content\/uploads\/sites\/73\/2026\/03\/Karelia_AMK_kirjasto_Markkinointitoimisto_Tovari_Valokuva_2048px_1.jpg","width":2048,"height":1365},{"@type":"BreadcrumbList","@id":"https:\/\/hankkeet.karelia.fi\/tulevaisuudentyokyky\/ajankohtaista\/#breadcrumb","itemListElement":[{"@type":"ListItem","position":1,"name":"Home","item":"https:\/\/hankkeet.karelia.fi\/tulevaisuudentyokyky\/tulevaisuuden-tyokyky-korkeakouluopiskelijoiden-opiskelukyvyn-ja-opintojen-edistaminen-digitaalisuutta-hyodyntaen\/"},{"@type":"ListItem","position":2,"name":"Ajankohtaista"}]},{"@type":"WebSite","@id":"https:\/\/hankkeet.karelia.fi\/tulevaisuudentyokyky\/#website","url":"https:\/\/hankkeet.karelia.fi\/tulevaisuudentyokyky\/","name":"Tulevaisuuden ty\u00f6kyky \u2013 Korkeakouluopiskelijoiden opiskelukyvyn ja opintojen edist\u00e4minen digitaalisuutta hy\u00f6dynt\u00e4en","description":"","publisher":{"@id":"https:\/\/hankkeet.karelia.fi\/tulevaisuudentyokyky\/#organization"},"potentialAction":[{"@type":"SearchAction","target":{"@type":"EntryPoint","urlTemplate":"https:\/\/hankkeet.karelia.fi\/tulevaisuudentyokyky\/?s={search_term_string}"},"query-input":{"@type":"PropertyValueSpecification","valueRequired":true,"valueName":"search_term_string"}}],"inLanguage":"fi"},{"@type":"Organization","@id":"https:\/\/hankkeet.karelia.fi\/tulevaisuudentyokyky\/#organization","name":"Tulevaisuuden ty\u00f6kyky \u2013 Korkeakouluopiskelijoiden opiskelukyvyn ja opintojen edist\u00e4minen digitaalisuutta hy\u00f6dynt\u00e4en","url":"https:\/\/hankkeet.karelia.fi\/tulevaisuudentyokyky\/","logo":{"@type":"ImageObject","inLanguage":"fi","@id":"https:\/\/hankkeet.karelia.fi\/tulevaisuudentyokyky\/#\/schema\/logo\/image\/","url":"https:\/\/hankkeet.karelia.fi\/tulevaisuudentyokyky\/wp-content\/uploads\/sites\/73\/2026\/03\/cropped-cropped-Karelia_AMK_logo_RGB-1.png","contentUrl":"https:\/\/hankkeet.karelia.fi\/tulevaisuudentyokyky\/wp-content\/uploads\/sites\/73\/2026\/03\/cropped-cropped-Karelia_AMK_logo_RGB-1.png","width":427,"height":116,"caption":"Tulevaisuuden ty\u00f6kyky \u2013 Korkeakouluopiskelijoiden opiskelukyvyn ja opintojen edist\u00e4minen digitaalisuutta hy\u00f6dynt\u00e4en"},"image":{"@id":"https:\/\/hankkeet.karelia.fi\/tulevaisuudentyokyky\/#\/schema\/logo\/image\/"}}]}},"_links":{"self":[{"href":"https:\/\/hankkeet.karelia.fi\/tulevaisuudentyokyky\/wp-json\/wp\/v2\/pages\/23","targetHints":{"allow":["GET"]}}],"collection":[{"href":"https:\/\/hankkeet.karelia.fi\/tulevaisuudentyokyky\/wp-json\/wp\/v2\/pages"}],"about":[{"href":"https:\/\/hankkeet.karelia.fi\/tulevaisuudentyokyky\/wp-json\/wp\/v2\/types\/page"}],"author":[{"embeddable":true,"href":"https:\/\/hankkeet.karelia.fi\/tulevaisuudentyokyky\/wp-json\/wp\/v2\/users\/10"}],"replies":[{"embeddable":true,"href":"https:\/\/hankkeet.karelia.fi\/tulevaisuudentyokyky\/wp-json\/wp\/v2\/comments?post=23"}],"version-history":[{"count":1,"href":"https:\/\/hankkeet.karelia.fi\/tulevaisuudentyokyky\/wp-json\/wp\/v2\/pages\/23\/revisions"}],"predecessor-version":[{"id":24,"href":"https:\/\/hankkeet.karelia.fi\/tulevaisuudentyokyky\/wp-json\/wp\/v2\/pages\/23\/revisions\/24"}],"wp:featuredmedia":[{"embeddable":true,"href":"https:\/\/hankkeet.karelia.fi\/tulevaisuudentyokyky\/wp-json\/wp\/v2\/media\/17"}],"wp:attachment":[{"href":"https:\/\/hankkeet.karelia.fi\/tulevaisuudentyokyky\/wp-json\/wp\/v2\/media?parent=23"}],"curies":[{"name":"wp","href":"https:\/\/api.w.org\/{rel}","templated":true}]}}