{"id":20,"date":"2026-03-17T08:45:01","date_gmt":"2026-03-17T06:45:01","guid":{"rendered":"https:\/\/hankkeet.karelia.fi\/tyokiertomallien-kehittaminen-sairaanhoitajakoulutuksessa\/tyokiertomallien-kehittaminen-sairaanhoitajakoulutuksessa\/"},"modified":"2026-04-23T12:49:42","modified_gmt":"2026-04-23T09:49:42","slug":"tyokiertomallien-kehittaminen-sairaanhoitajakoulutuksessa","status":"publish","type":"page","link":"https:\/\/hankkeet.karelia.fi\/tyokiertomallien-kehittaminen-sairaanhoitajakoulutuksessa\/","title":{"rendered":"Ty\u00f6kiertomallien kehitt\u00e4minen sairaanhoitajakoulutuksessa"},"content":{"rendered":"\n<figure class=\"wp-block-image size-full\"><img decoding=\"async\" src=\"https:\/\/hankkeet.karelia.fi\/tyokiertomallien-kehittaminen-sairaanhoitajakoulutuksessa\/wp-content\/uploads\/sites\/15\/2026\/03\/jotpa3.png\" alt class=\"wp-image-84765\"><\/figure>\n\n\n\n<p>Han\u00adkkeessa suun\u00adnitel\u00adlaan ja pilo\u00adtoidaan toim\u00adinta\u00admalli, joka tukee sairaan\u00adhoita\u00adjan kli\u00adinisen har\u00adjoit\u00adtelun ja siihen kytkey\u00adtyvien teo\u00adriaopin\u00adto\u00adjen toteu\u00adtu\u00admista pal\u00adka\u00adllisen ty\u00f6n ohes\u00adsa.<\/p>\n\n\n\n<p>Ty\u00f6el\u00e4m\u00e4y\u00adhteisty\u00f6ss\u00e4 kehitet\u00adt\u00e4v\u00e4 malli mah\u00addol\u00adlis\u00adtaa ty\u00f6el\u00e4m\u00e4ss\u00e4 tapah\u00adtu\u00advan jatku\u00advan oppimisen ja osaamisen kehit\u00adt\u00e4misen ilman merkit\u00adt\u00e4vi\u00e4 taloudel\u00adlisia mene\u00adtyk\u00adsi\u00e4 organ\u00adisaa\u00adti\u00adolle tai opiske\u00adli\u00adjalle. Han\u00adkkeessa kehitet\u00e4\u00e4n yksikk\u00f6ra\u00adjat ylit\u00adt\u00e4v\u00e4 monipuo\u00adli\u00adnen oppimisym\u00adp\u00e4rist\u00f6verkos\u00adto hyv\u00adin\u00advoin\u00adtialueel\u00adla. Han\u00adkkeessa hy\u00f6\u00addyn\u00adnet\u00e4\u00e4n hyv\u00adin\u00advoin\u00adtialueen laa\u00adjaa oppimisym\u00adp\u00e4rist\u00f6verkos\u00adtoa kehit\u00adt\u00e4m\u00e4l\u00adl\u00e4 ty\u00f6\u00adnan\u00adta\u00adjan tavoit\u00adteel\u00adlisen ty\u00f6kier\u00adron mallia sovelta\u00admal\u00adla sit\u00e4 ty\u00f6no\u00adhes\u00adsa opiskelu\u00adun. Koulu\u00adtuk\u00adsen toteu\u00adtus\u00adta kehitet\u00e4\u00e4n jous\u00adtavam\u00admak\u00adsi muun muas\u00adsa tuo\u00adma\u00adl\u00adla ope\u00adtus\u00adta konkreet\u00adtis\u00ades\u00adti oppimisym\u00adp\u00e4rist\u00f6\u00f6n, mik\u00e4 mah\u00addol\u00adlis\u00adtaa opiske\u00adli\u00adjoiden ja ty\u00f6n\u00adtek\u00adi\u00adj\u00f6i\u00adden yhteisop\u00adpimisen har\u00adjoit\u00adtelu\u00adjak\u00adso\u00adjen aikana.<\/p>\n\n\n\n<p>Han\u00adke on suun\u00adnitel\u00adtu yhteisty\u00f6ss\u00e4 Pohjois-Kar\u00adjalan hyv\u00adin\u00advoin\u00adtialue, Siun soten kanssa ja kehitet\u00adt\u00e4v\u00e4 toim\u00adinta\u00admalli pilo\u00adtoidaan p\u00e4\u00e4osin hyv\u00adin\u00advoin\u00adtialueel\u00adla. Kehit\u00adt\u00e4misty\u00f6h\u00f6n pyrit\u00e4\u00e4n osal\u00adlis\u00adta\u00admaan my\u00f6s pilo\u00adtoin\u00adti\u00adin osal\u00adlis\u00adtu\u00advien opiske\u00adli\u00adjoiden mui\u00adta yksit\u00adt\u00e4isi\u00e4 ty\u00f6\u00adnan\u00adta\u00adjia.<\/p>\n\n\n\n<p>Uudel\u00adla toim\u00adinta\u00admallil\u00adla tavoitel\u00adlaan vaikut\u00adtavia ja taloudel\u00adlis\u00ades\u00adti tehokkai\u00adta ratkaisu\u00adja ty\u00f6\u00adnan\u00adta\u00adjan tukemisek\u00adsi opiskelus\u00adta johtu\u00advien pois\u00adsaolo\u00adjen ennakoin\u00adti\u00adin ja hallintaan. Tavoit\u00adteena on mah\u00addol\u00adlis\u00adtaa ja tur\u00adva\u00adta opiske\u00adli\u00adjoille tarkoituk\u00adsen\u00admukaiset ja kaikille riit\u00adt\u00e4v\u00e4t har\u00adjoit\u00adtelu\u00adpaikat alueen monipuoliset oppimisym\u00adp\u00e4rist\u00f6t tehokkaasti hy\u00f6\u00addyn\u00adt\u00e4en.<\/p>\n\n\n\n<p>Toteu\u00adtu\u00adsaikataulu: Suun\u00adnit\u00adtelu alkoi 1.3.2025, pilo\u00adtoin\u00adti alkaa 4.8.2025 ja jatkuu 31.12.2026 saak\u00adka. Kus\u00adtan\u00adnusarvio 213 200 \u20ac.<\/p>\n\n\n\n<h2 class=\"wp-block-heading\">Projektin kesto<\/h2>\n\n\n\n<p>1.3.2025 \u2014 31.12.2026<\/p>\n\n\n\n<h2 class=\"wp-block-heading\">Projektip\u00e4\u00e4llikk\u00f6<\/h2>\n\n\n\n<p><strong>Riit\u00adta Muho\u00adnen<\/strong><br>Riitta.Muhonen(a)karelia.fi<\/p>\n\n\n\n<h2 class=\"wp-block-heading\">Rahoitus<\/h2>\n\n\n\n<p>Ope\u00adtushal\u00adli\u00adtus, Jatku\u00advan oppimisen ja ty\u00f6l\u00adlisyy\u00adden palvelukeskus.<\/p>\n\n\n\n<figure class=\"wp-block-image size-full is-resized\"><img decoding=\"async\" src=\"https:\/\/hankkeet.karelia.fi\/tyokiertomallien-kehittaminen-sairaanhoitajakoulutuksessa\/wp-content\/uploads\/sites\/15\/2026\/03\/2024-1.png\" alt class=\"wp-image-83009\" style=\"width:793px;height:auto\"><\/figure>\n","protected":false},"excerpt":{"rendered":"<p>Han\u00adkkeessa suun\u00adnitel\u00adlaan ja pilo\u00adtoidaan toim\u00adinta\u00admalli, joka tukee sairaan\u00adhoita\u00adjan kli\u00adinisen har\u00adjoit\u00adtelun ja siihen kytkey\u00adtyvien teo\u00adriaopin\u00adto\u00adjen toteu\u00adtu\u00admista pal\u00adka\u00adllisen ty\u00f6n ohes\u00adsa. Ty\u00f6el\u00e4m\u00e4y\u00adhteisty\u00f6ss\u00e4 kehitet\u00adt\u00e4v\u00e4 malli mah\u00addol\u00adlis\u00adtaa ty\u00f6el\u00e4m\u00e4ss\u00e4 tapah\u00adtu\u00advan jatku\u00advan oppimisen ja osaamisen kehit\u00adt\u00e4misen ilman merkit\u00adt\u00e4vi\u00e4 taloudel\u00adlisia mene\u00adtyk\u00adsi\u00e4 organ\u00adisaa\u00adti\u00adolle tai opiske\u00adli\u00adjalle. Han\u00adkkeessa kehitet\u00e4\u00e4n yksikk\u00f6ra\u00adjat ylit\u00adt\u00e4v\u00e4 monipuo\u00adli\u00adnen oppimisym\u00adp\u00e4rist\u00f6verkos\u00adto hyv\u00adin\u00advoin\u00adtialueel\u00adla. Han\u00adkkeessa hy\u00f6\u00addyn\u00adnet\u00e4\u00e4n hyv\u00adin\u00advoin\u00adtialueen laa\u00adjaa oppimisym\u00adp\u00e4rist\u00f6verkos\u00adtoa kehit\u00adt\u00e4m\u00e4l\u00adl\u00e4 ty\u00f6\u00adnan\u00adta\u00adjan tavoit\u00adteel\u00adlisen ty\u00f6kier\u00adron mallia sovelta\u00admal\u00adla sit\u00e4 [\u2026]<\/p>\n","protected":false},"author":10,"featured_media":17,"parent":0,"menu_order":0,"comment_status":"closed","ping_status":"closed","template":"","meta":{"inline_featured_image":false,"wp_typography_post_enhancements_disabled":false,"footnotes":""},"class_list":["post-20","page","type-page","status-publish","has-post-thumbnail","hentry"],"yoast_head":"<!-- This site is optimized with the Yoast SEO plugin v27.5 - https:\/\/yoast.com\/product\/yoast-seo-wordpress\/ -->\n<title>Ty\u00f6kiertomallien kehitt\u00e4minen sairaanhoitajakoulutuksessa - Ty\u00f6kiertomallien kehitt\u00e4minen sairaanhoitajakoulutuksessa<\/title>\n<meta name=\"robots\" content=\"index, follow, max-snippet:-1, max-image-preview:large, max-video-preview:-1\" \/>\n<link rel=\"canonical\" href=\"https:\/\/hankkeet.karelia.fi\/tyokiertomallien-kehittaminen-sairaanhoitajakoulutuksessa\/\" \/>\n<meta property=\"og:locale\" content=\"fi_FI\" \/>\n<meta property=\"og:type\" content=\"article\" \/>\n<meta property=\"og:title\" content=\"Ty\u00f6kiertomallien kehitt\u00e4minen sairaanhoitajakoulutuksessa - Ty\u00f6kiertomallien kehitt\u00e4minen sairaanhoitajakoulutuksessa\" \/>\n<meta property=\"og:description\" content=\"Han\u00adkkeessa suun\u00adnitel\u00adlaan ja pilo\u00adtoidaan toim\u00adinta\u00admalli, joka tukee sairaan\u00adhoita\u00adjan kli\u00adinisen har\u00adjoit\u00adtelun ja siihen kytkey\u00adtyvien teo\u00adriaopin\u00adto\u00adjen toteu\u00adtu\u00admista pal\u00adka\u00adllisen ty\u00f6n ohes\u00adsa. Ty\u00f6el\u00e4m\u00e4y\u00adhteisty\u00f6ss\u00e4 kehitet\u00adt\u00e4v\u00e4 malli mah\u00addol\u00adlis\u00adtaa ty\u00f6el\u00e4m\u00e4ss\u00e4 tapah\u00adtu\u00advan jatku\u00advan oppimisen ja osaamisen kehit\u00adt\u00e4misen ilman merkit\u00adt\u00e4vi\u00e4 taloudel\u00adlisia mene\u00adtyk\u00adsi\u00e4 organ\u00adisaa\u00adti\u00adolle tai opiske\u00adli\u00adjalle. Han\u00adkkeessa kehitet\u00e4\u00e4n yksikk\u00f6ra\u00adjat ylit\u00adt\u00e4v\u00e4 monipuo\u00adli\u00adnen oppimisym\u00adp\u00e4rist\u00f6verkos\u00adto hyv\u00adin\u00advoin\u00adtialueel\u00adla. Han\u00adkkeessa hy\u00f6\u00addyn\u00adnet\u00e4\u00e4n hyv\u00adin\u00advoin\u00adtialueen laa\u00adjaa oppimisym\u00adp\u00e4rist\u00f6verkos\u00adtoa kehit\u00adt\u00e4m\u00e4l\u00adl\u00e4 ty\u00f6\u00adnan\u00adta\u00adjan tavoit\u00adteel\u00adlisen ty\u00f6kier\u00adron mallia sovelta\u00admal\u00adla sit\u00e4 [&hellip;]\" \/>\n<meta property=\"og:url\" content=\"https:\/\/hankkeet.karelia.fi\/tyokiertomallien-kehittaminen-sairaanhoitajakoulutuksessa\/\" \/>\n<meta property=\"og:site_name\" content=\"Ty\u00f6kiertomallien kehitt\u00e4minen sairaanhoitajakoulutuksessa\" \/>\n<meta property=\"article:modified_time\" content=\"2026-04-23T09:49:42+00:00\" \/>\n<meta property=\"og:image\" content=\"https:\/\/hankkeet.karelia.fi\/tyokiertomallien-kehittaminen-sairaanhoitajakoulutuksessa\/wp-content\/uploads\/sites\/15\/2026\/03\/TYKE.jpg\" \/>\n\t<meta property=\"og:image:width\" content=\"1500\" \/>\n\t<meta property=\"og:image:height\" content=\"1000\" \/>\n\t<meta property=\"og:image:type\" content=\"image\/jpeg\" \/>\n<meta name=\"twitter:card\" content=\"summary_large_image\" \/>\n<meta name=\"twitter:label1\" content=\"Arvioitu lukuaika\" \/>\n\t<meta name=\"twitter:data1\" content=\"2 minuuttia\" \/>\n<script type=\"application\/ld+json\" class=\"yoast-schema-graph\">{\"@context\":\"https:\\\/\\\/schema.org\",\"@graph\":[{\"@type\":\"WebPage\",\"@id\":\"https:\\\/\\\/hankkeet.karelia.fi\\\/tyokiertomallien-kehittaminen-sairaanhoitajakoulutuksessa\\\/\",\"url\":\"https:\\\/\\\/hankkeet.karelia.fi\\\/tyokiertomallien-kehittaminen-sairaanhoitajakoulutuksessa\\\/\",\"name\":\"Ty\u00f6kiertomallien kehitt\u00e4minen sairaanhoitajakoulutuksessa - Ty\u00f6kiertomallien kehitt\u00e4minen sairaanhoitajakoulutuksessa\",\"isPartOf\":{\"@id\":\"https:\\\/\\\/hankkeet.karelia.fi\\\/tyokiertomallien-kehittaminen-sairaanhoitajakoulutuksessa\\\/#website\"},\"primaryImageOfPage\":{\"@id\":\"https:\\\/\\\/hankkeet.karelia.fi\\\/tyokiertomallien-kehittaminen-sairaanhoitajakoulutuksessa\\\/#primaryimage\"},\"image\":{\"@id\":\"https:\\\/\\\/hankkeet.karelia.fi\\\/tyokiertomallien-kehittaminen-sairaanhoitajakoulutuksessa\\\/#primaryimage\"},\"thumbnailUrl\":\"https:\\\/\\\/hankkeet.karelia.fi\\\/tyokiertomallien-kehittaminen-sairaanhoitajakoulutuksessa\\\/wp-content\\\/uploads\\\/sites\\\/15\\\/2026\\\/03\\\/TYKE.jpg\",\"datePublished\":\"2026-03-17T06:45:01+00:00\",\"dateModified\":\"2026-04-23T09:49:42+00:00\",\"breadcrumb\":{\"@id\":\"https:\\\/\\\/hankkeet.karelia.fi\\\/tyokiertomallien-kehittaminen-sairaanhoitajakoulutuksessa\\\/#breadcrumb\"},\"inLanguage\":\"fi\",\"potentialAction\":[{\"@type\":\"ReadAction\",\"target\":[\"https:\\\/\\\/hankkeet.karelia.fi\\\/tyokiertomallien-kehittaminen-sairaanhoitajakoulutuksessa\\\/\"]}]},{\"@type\":\"ImageObject\",\"inLanguage\":\"fi\",\"@id\":\"https:\\\/\\\/hankkeet.karelia.fi\\\/tyokiertomallien-kehittaminen-sairaanhoitajakoulutuksessa\\\/#primaryimage\",\"url\":\"https:\\\/\\\/hankkeet.karelia.fi\\\/tyokiertomallien-kehittaminen-sairaanhoitajakoulutuksessa\\\/wp-content\\\/uploads\\\/sites\\\/15\\\/2026\\\/03\\\/TYKE.jpg\",\"contentUrl\":\"https:\\\/\\\/hankkeet.karelia.fi\\\/tyokiertomallien-kehittaminen-sairaanhoitajakoulutuksessa\\\/wp-content\\\/uploads\\\/sites\\\/15\\\/2026\\\/03\\\/TYKE.jpg\",\"width\":1500,\"height\":1000},{\"@type\":\"BreadcrumbList\",\"@id\":\"https:\\\/\\\/hankkeet.karelia.fi\\\/tyokiertomallien-kehittaminen-sairaanhoitajakoulutuksessa\\\/#breadcrumb\",\"itemListElement\":[{\"@type\":\"ListItem\",\"position\":1,\"name\":\"Home\",\"item\":\"https:\\\/\\\/hankkeet.karelia.fi\\\/tyokiertomallien-kehittaminen-sairaanhoitajakoulutuksessa\\\/\"},{\"@type\":\"ListItem\",\"position\":2,\"name\":\"Ty\u00f6kiertomallien kehitt\u00e4minen sairaanhoitajakoulutuksessa\"}]},{\"@type\":\"WebSite\",\"@id\":\"https:\\\/\\\/hankkeet.karelia.fi\\\/tyokiertomallien-kehittaminen-sairaanhoitajakoulutuksessa\\\/#website\",\"url\":\"https:\\\/\\\/hankkeet.karelia.fi\\\/tyokiertomallien-kehittaminen-sairaanhoitajakoulutuksessa\\\/\",\"name\":\"Ty\u00f6kiertomallien kehitt\u00e4minen sairaanhoitajakoulutuksessa\",\"description\":\"\",\"publisher\":{\"@id\":\"https:\\\/\\\/hankkeet.karelia.fi\\\/tyokiertomallien-kehittaminen-sairaanhoitajakoulutuksessa\\\/#organization\"},\"potentialAction\":[{\"@type\":\"SearchAction\",\"target\":{\"@type\":\"EntryPoint\",\"urlTemplate\":\"https:\\\/\\\/hankkeet.karelia.fi\\\/tyokiertomallien-kehittaminen-sairaanhoitajakoulutuksessa\\\/?s={search_term_string}\"},\"query-input\":{\"@type\":\"PropertyValueSpecification\",\"valueRequired\":true,\"valueName\":\"search_term_string\"}}],\"inLanguage\":\"fi\"},{\"@type\":\"Organization\",\"@id\":\"https:\\\/\\\/hankkeet.karelia.fi\\\/tyokiertomallien-kehittaminen-sairaanhoitajakoulutuksessa\\\/#organization\",\"name\":\"Ty\u00f6kiertomallien kehitt\u00e4minen sairaanhoitajakoulutuksessa\",\"url\":\"https:\\\/\\\/hankkeet.karelia.fi\\\/tyokiertomallien-kehittaminen-sairaanhoitajakoulutuksessa\\\/\",\"logo\":{\"@type\":\"ImageObject\",\"inLanguage\":\"fi\",\"@id\":\"https:\\\/\\\/hankkeet.karelia.fi\\\/tyokiertomallien-kehittaminen-sairaanhoitajakoulutuksessa\\\/#\\\/schema\\\/logo\\\/image\\\/\",\"url\":\"https:\\\/\\\/hankkeet.karelia.fi\\\/tyokiertomallien-kehittaminen-sairaanhoitajakoulutuksessa\\\/wp-content\\\/uploads\\\/sites\\\/15\\\/2026\\\/03\\\/cropped-cropped-Karelia_AMK_logo_RGB-1.png\",\"contentUrl\":\"https:\\\/\\\/hankkeet.karelia.fi\\\/tyokiertomallien-kehittaminen-sairaanhoitajakoulutuksessa\\\/wp-content\\\/uploads\\\/sites\\\/15\\\/2026\\\/03\\\/cropped-cropped-Karelia_AMK_logo_RGB-1.png\",\"width\":427,\"height\":116,\"caption\":\"Ty\u00f6kiertomallien kehitt\u00e4minen sairaanhoitajakoulutuksessa\"},\"image\":{\"@id\":\"https:\\\/\\\/hankkeet.karelia.fi\\\/tyokiertomallien-kehittaminen-sairaanhoitajakoulutuksessa\\\/#\\\/schema\\\/logo\\\/image\\\/\"}}]}<\/script>\n<!-- \/ Yoast SEO plugin. -->","yoast_head_json":{"title":"Ty\u00f6kiertomallien kehitt\u00e4minen sairaanhoitajakoulutuksessa - Ty\u00f6kiertomallien kehitt\u00e4minen sairaanhoitajakoulutuksessa","robots":{"index":"index","follow":"follow","max-snippet":"max-snippet:-1","max-image-preview":"max-image-preview:large","max-video-preview":"max-video-preview:-1"},"canonical":"https:\/\/hankkeet.karelia.fi\/tyokiertomallien-kehittaminen-sairaanhoitajakoulutuksessa\/","og_locale":"fi_FI","og_type":"article","og_title":"Ty\u00f6kiertomallien kehitt\u00e4minen sairaanhoitajakoulutuksessa - Ty\u00f6kiertomallien kehitt\u00e4minen sairaanhoitajakoulutuksessa","og_description":"Han\u00adkkeessa suun\u00adnitel\u00adlaan ja pilo\u00adtoidaan toim\u00adinta\u00admalli, joka tukee sairaan\u00adhoita\u00adjan kli\u00adinisen har\u00adjoit\u00adtelun ja siihen kytkey\u00adtyvien teo\u00adriaopin\u00adto\u00adjen toteu\u00adtu\u00admista pal\u00adka\u00adllisen ty\u00f6n ohes\u00adsa. Ty\u00f6el\u00e4m\u00e4y\u00adhteisty\u00f6ss\u00e4 kehitet\u00adt\u00e4v\u00e4 malli mah\u00addol\u00adlis\u00adtaa ty\u00f6el\u00e4m\u00e4ss\u00e4 tapah\u00adtu\u00advan jatku\u00advan oppimisen ja osaamisen kehit\u00adt\u00e4misen ilman merkit\u00adt\u00e4vi\u00e4 taloudel\u00adlisia mene\u00adtyk\u00adsi\u00e4 organ\u00adisaa\u00adti\u00adolle tai opiske\u00adli\u00adjalle. Han\u00adkkeessa kehitet\u00e4\u00e4n yksikk\u00f6ra\u00adjat ylit\u00adt\u00e4v\u00e4 monipuo\u00adli\u00adnen oppimisym\u00adp\u00e4rist\u00f6verkos\u00adto hyv\u00adin\u00advoin\u00adtialueel\u00adla. Han\u00adkkeessa hy\u00f6\u00addyn\u00adnet\u00e4\u00e4n hyv\u00adin\u00advoin\u00adtialueen laa\u00adjaa oppimisym\u00adp\u00e4rist\u00f6verkos\u00adtoa kehit\u00adt\u00e4m\u00e4l\u00adl\u00e4 ty\u00f6\u00adnan\u00adta\u00adjan tavoit\u00adteel\u00adlisen ty\u00f6kier\u00adron mallia sovelta\u00admal\u00adla sit\u00e4 [&hellip;]","og_url":"https:\/\/hankkeet.karelia.fi\/tyokiertomallien-kehittaminen-sairaanhoitajakoulutuksessa\/","og_site_name":"Ty\u00f6kiertomallien kehitt\u00e4minen sairaanhoitajakoulutuksessa","article_modified_time":"2026-04-23T09:49:42+00:00","og_image":[{"width":1500,"height":1000,"url":"https:\/\/hankkeet.karelia.fi\/tyokiertomallien-kehittaminen-sairaanhoitajakoulutuksessa\/wp-content\/uploads\/sites\/15\/2026\/03\/TYKE.jpg","type":"image\/jpeg"}],"twitter_card":"summary_large_image","twitter_misc":{"Arvioitu lukuaika":"2 minuuttia"},"schema":{"@context":"https:\/\/schema.org","@graph":[{"@type":"WebPage","@id":"https:\/\/hankkeet.karelia.fi\/tyokiertomallien-kehittaminen-sairaanhoitajakoulutuksessa\/","url":"https:\/\/hankkeet.karelia.fi\/tyokiertomallien-kehittaminen-sairaanhoitajakoulutuksessa\/","name":"Ty\u00f6kiertomallien kehitt\u00e4minen sairaanhoitajakoulutuksessa - Ty\u00f6kiertomallien kehitt\u00e4minen sairaanhoitajakoulutuksessa","isPartOf":{"@id":"https:\/\/hankkeet.karelia.fi\/tyokiertomallien-kehittaminen-sairaanhoitajakoulutuksessa\/#website"},"primaryImageOfPage":{"@id":"https:\/\/hankkeet.karelia.fi\/tyokiertomallien-kehittaminen-sairaanhoitajakoulutuksessa\/#primaryimage"},"image":{"@id":"https:\/\/hankkeet.karelia.fi\/tyokiertomallien-kehittaminen-sairaanhoitajakoulutuksessa\/#primaryimage"},"thumbnailUrl":"https:\/\/hankkeet.karelia.fi\/tyokiertomallien-kehittaminen-sairaanhoitajakoulutuksessa\/wp-content\/uploads\/sites\/15\/2026\/03\/TYKE.jpg","datePublished":"2026-03-17T06:45:01+00:00","dateModified":"2026-04-23T09:49:42+00:00","breadcrumb":{"@id":"https:\/\/hankkeet.karelia.fi\/tyokiertomallien-kehittaminen-sairaanhoitajakoulutuksessa\/#breadcrumb"},"inLanguage":"fi","potentialAction":[{"@type":"ReadAction","target":["https:\/\/hankkeet.karelia.fi\/tyokiertomallien-kehittaminen-sairaanhoitajakoulutuksessa\/"]}]},{"@type":"ImageObject","inLanguage":"fi","@id":"https:\/\/hankkeet.karelia.fi\/tyokiertomallien-kehittaminen-sairaanhoitajakoulutuksessa\/#primaryimage","url":"https:\/\/hankkeet.karelia.fi\/tyokiertomallien-kehittaminen-sairaanhoitajakoulutuksessa\/wp-content\/uploads\/sites\/15\/2026\/03\/TYKE.jpg","contentUrl":"https:\/\/hankkeet.karelia.fi\/tyokiertomallien-kehittaminen-sairaanhoitajakoulutuksessa\/wp-content\/uploads\/sites\/15\/2026\/03\/TYKE.jpg","width":1500,"height":1000},{"@type":"BreadcrumbList","@id":"https:\/\/hankkeet.karelia.fi\/tyokiertomallien-kehittaminen-sairaanhoitajakoulutuksessa\/#breadcrumb","itemListElement":[{"@type":"ListItem","position":1,"name":"Home","item":"https:\/\/hankkeet.karelia.fi\/tyokiertomallien-kehittaminen-sairaanhoitajakoulutuksessa\/"},{"@type":"ListItem","position":2,"name":"Ty\u00f6kiertomallien kehitt\u00e4minen sairaanhoitajakoulutuksessa"}]},{"@type":"WebSite","@id":"https:\/\/hankkeet.karelia.fi\/tyokiertomallien-kehittaminen-sairaanhoitajakoulutuksessa\/#website","url":"https:\/\/hankkeet.karelia.fi\/tyokiertomallien-kehittaminen-sairaanhoitajakoulutuksessa\/","name":"Ty\u00f6kiertomallien kehitt\u00e4minen sairaanhoitajakoulutuksessa","description":"","publisher":{"@id":"https:\/\/hankkeet.karelia.fi\/tyokiertomallien-kehittaminen-sairaanhoitajakoulutuksessa\/#organization"},"potentialAction":[{"@type":"SearchAction","target":{"@type":"EntryPoint","urlTemplate":"https:\/\/hankkeet.karelia.fi\/tyokiertomallien-kehittaminen-sairaanhoitajakoulutuksessa\/?s={search_term_string}"},"query-input":{"@type":"PropertyValueSpecification","valueRequired":true,"valueName":"search_term_string"}}],"inLanguage":"fi"},{"@type":"Organization","@id":"https:\/\/hankkeet.karelia.fi\/tyokiertomallien-kehittaminen-sairaanhoitajakoulutuksessa\/#organization","name":"Ty\u00f6kiertomallien kehitt\u00e4minen sairaanhoitajakoulutuksessa","url":"https:\/\/hankkeet.karelia.fi\/tyokiertomallien-kehittaminen-sairaanhoitajakoulutuksessa\/","logo":{"@type":"ImageObject","inLanguage":"fi","@id":"https:\/\/hankkeet.karelia.fi\/tyokiertomallien-kehittaminen-sairaanhoitajakoulutuksessa\/#\/schema\/logo\/image\/","url":"https:\/\/hankkeet.karelia.fi\/tyokiertomallien-kehittaminen-sairaanhoitajakoulutuksessa\/wp-content\/uploads\/sites\/15\/2026\/03\/cropped-cropped-Karelia_AMK_logo_RGB-1.png","contentUrl":"https:\/\/hankkeet.karelia.fi\/tyokiertomallien-kehittaminen-sairaanhoitajakoulutuksessa\/wp-content\/uploads\/sites\/15\/2026\/03\/cropped-cropped-Karelia_AMK_logo_RGB-1.png","width":427,"height":116,"caption":"Ty\u00f6kiertomallien kehitt\u00e4minen sairaanhoitajakoulutuksessa"},"image":{"@id":"https:\/\/hankkeet.karelia.fi\/tyokiertomallien-kehittaminen-sairaanhoitajakoulutuksessa\/#\/schema\/logo\/image\/"}}]}},"_links":{"self":[{"href":"https:\/\/hankkeet.karelia.fi\/tyokiertomallien-kehittaminen-sairaanhoitajakoulutuksessa\/wp-json\/wp\/v2\/pages\/20","targetHints":{"allow":["GET"]}}],"collection":[{"href":"https:\/\/hankkeet.karelia.fi\/tyokiertomallien-kehittaminen-sairaanhoitajakoulutuksessa\/wp-json\/wp\/v2\/pages"}],"about":[{"href":"https:\/\/hankkeet.karelia.fi\/tyokiertomallien-kehittaminen-sairaanhoitajakoulutuksessa\/wp-json\/wp\/v2\/types\/page"}],"author":[{"embeddable":true,"href":"https:\/\/hankkeet.karelia.fi\/tyokiertomallien-kehittaminen-sairaanhoitajakoulutuksessa\/wp-json\/wp\/v2\/users\/10"}],"replies":[{"embeddable":true,"href":"https:\/\/hankkeet.karelia.fi\/tyokiertomallien-kehittaminen-sairaanhoitajakoulutuksessa\/wp-json\/wp\/v2\/comments?post=20"}],"version-history":[{"count":1,"href":"https:\/\/hankkeet.karelia.fi\/tyokiertomallien-kehittaminen-sairaanhoitajakoulutuksessa\/wp-json\/wp\/v2\/pages\/20\/revisions"}],"predecessor-version":[{"id":28,"href":"https:\/\/hankkeet.karelia.fi\/tyokiertomallien-kehittaminen-sairaanhoitajakoulutuksessa\/wp-json\/wp\/v2\/pages\/20\/revisions\/28"}],"wp:featuredmedia":[{"embeddable":true,"href":"https:\/\/hankkeet.karelia.fi\/tyokiertomallien-kehittaminen-sairaanhoitajakoulutuksessa\/wp-json\/wp\/v2\/media\/17"}],"wp:attachment":[{"href":"https:\/\/hankkeet.karelia.fi\/tyokiertomallien-kehittaminen-sairaanhoitajakoulutuksessa\/wp-json\/wp\/v2\/media?parent=20"}],"curies":[{"name":"wp","href":"https:\/\/api.w.org\/{rel}","templated":true}]}}