{"id":23,"date":"2026-04-22T08:16:04","date_gmt":"2026-04-22T05:16:04","guid":{"rendered":"https:\/\/hankkeet.karelia.fi\/tyokiertomallien-kehittaminen-sairaanhoitajakoulutuksessa\/?page_id=23"},"modified":"2026-04-22T08:16:05","modified_gmt":"2026-04-22T05:16:05","slug":"saavutettavuusseloste","status":"publish","type":"page","link":"https:\/\/hankkeet.karelia.fi\/tyokiertomallien-kehittaminen-sairaanhoitajakoulutuksessa\/saavutettavuusseloste\/","title":{"rendered":"Saavutettavuusseloste"},"content":{"rendered":"\n<p><strong>Seloste julka\u00adistu 22.4.2026<\/strong><\/p>\n\n\n\n<p>Saavutet\u00adtavu\u00adudel\u00adla tarkoite\u00adtaan, ett\u00e4 verkko\u00adsivua, sovel\u00adluk\u00adsia ja sosi\u00adaalisen medi\u00adan kanavia voi k\u00e4yt\u00adt\u00e4\u00e4 ja ymm\u00e4rt\u00e4\u00e4 suju\u00advasti. Kare\u00adlia-ammat\u00adtiko\u00adrkeak\u00adoulus\u00adsa on nou\u00addatet\u00adta\u00adva julkise\u00adna toim\u00adi\u00adjana EU:n&nbsp;<a href=\"https:\/\/eur-lex.europa.eu\/legal-content\/FI\/TXT\/HTML\/?uri=CELEX:32016L2102&amp;from=FI\">saavutet\u00adtavu\u00adus\u00addi\u00adrek\u00adti\u00adivi\u00e4<\/a>\u202fsek\u00e4 Suomen\u202f<a href=\"https:\/\/www.finlex.fi\/fi\/laki\/alkup\/2019\/20190306\">digi\u00adpalvelu\u00adlakia<\/a>.<\/p>\n\n\n\n<p>T\u00e4m\u00e4 saavutet\u00adtavu\u00adus\u00adseloste kos\u00adkee sivus\u00adtoa, joka on julka\u00adistu huhtiku\u00adus\u00adsa 2026.<\/p>\n\n\n\n<p>Sivus\u00adto nou\u00addat\u00adtaa WCAG 2.1 \u2013kri\u00adteerist\u00f6n AA-tasoa. Olemme arvioi\u00adneet palvelun saavutet\u00adtavu\u00adu\u00adden itse.<\/p>\n\n\n\n<p>Pyrimme Kare\u00adlias\u00adsa varmis\u00adta\u00admaan, ett\u00e4 dig\u00adi\u00adtaaliset palvelumme (verkkopalve\u00adlut, alu\u00ads\u00adtat, dig\u00adi\u00adtaaliset mate\u00adri\u00adaalit ja ope\u00adtus) toimi\u00advat saavutet\u00adtavu\u00adus\u00addi\u00adrek\u00adti\u00adivin mukaises\u00adti ja teemme jatku\u00advasti ty\u00f6t\u00e4 saavutet\u00adtavu\u00adu\u00adden paran\u00adtamisek\u00adsi.<\/p>\n\n\n\n<p>Sivus\u00adto ei ole viel\u00e4 kaik\u00adil\u00adta osin saavutet\u00adtavu\u00adus\u00advaa\u00adtimusten mukainen. Suurim\u00admat puut\u00adteet ovat sivus\u00adtol\u00adla ole\u00advis\u00adsa<\/p>\n\n\n\n<ul class=\"wp-block-list\">\n<li>tiedos\u00adtois\u00adsa (esim. pdf), joista osa ei t\u00e4yt\u00e4 saavutet\u00adtavu\u00adu\u00adden vaa\u00adtimuk\u00adsia. Mik\u00e4li tiedos\u00adto ei t\u00e4yt\u00e4 saavutet\u00adtavu\u00adus\u00advaa\u00adtimuk\u00adsia, pyrit\u00e4\u00e4n se totea\u00admaan tiedos\u00adton yhtey\u00addess\u00e4.<\/li>\n\n\n\n<li>kuvis\u00adsa, joista saat\u00adtaa puut\u00adtua vai\u00adh\u00adtoe\u00adhtoinen tek\u00adsti.<\/li>\n<\/ul>\n\n\n\n<p>Lis\u00e4k\u00adsi sis\u00e4l\u00adl\u00f6n rak\u00aden\u00adteen selkey\u00addess\u00e4 ja tek\u00adstien ymm\u00e4r\u00adret\u00adt\u00e4vyy\u00addess\u00e4 voi my\u00f6s olla puut\u00adtei\u00adta.<\/p>\n\n\n\n<p>Saavutet\u00adtavu\u00adus\u00adpu\u00adut\u00adteet pyrit\u00e4\u00e4n kor\u00adjaa\u00admaan aina sit\u00e4 mukaa, kun puut\u00adtei\u00adta huo\u00admataan tai saamme palautet\u00adta saavutet\u00adtavu\u00adud\u00ades\u00adta.<\/p>\n\n\n\n<h2 class=\"wp-block-heading\">Ei \u2011saavutettava sis\u00e4lt\u00f6<\/h2>\n\n\n\n<p>Sivus\u00adto voi sis\u00e4lt\u00e4\u00e4 my\u00f6s kol\u00adman\u00adnen osa\u00adpuolen sovel\u00adluk\u00adsia ja sivus\u00adto\u00adja. N\u00e4ist\u00e4 saatu saavutet\u00adtavu\u00adus\u00adpalaute toimite\u00adtaan kyseis\u00adten kol\u00adman\u00adsien osa\u00adpuolten sivus\u00adto\u00adjen saavutet\u00adtavu\u00adud\u00ades\u00adta vas\u00adtaav\u00adille.<\/p>\n\n\n\n<h2 class=\"wp-block-heading\">Palautetta saavutettavuudesta<\/h2>\n\n\n\n<p>Jos sin\u00adul\u00adla on kysyt\u00adt\u00e4v\u00e4\u00e4 tai halu\u00adat antaa palautet\u00adta sivus\u00adton saavutet\u00adtavu\u00adud\u00ades\u00adta, l\u00e4het\u00e4 s\u00e4hk\u00f6\u00adpos\u00adtia osoit\u00adteel\u00adla tki-viestinta@karelia.fi. Lis\u00e4\u00e4th\u00e4n viesti\u00adisi linkin sivulle, jos\u00adta sin\u00adul\u00adla on kysyt\u00adt\u00e4v\u00e4\u00e4 tai palautet\u00adta.<\/p>\n\n\n\n<h2 class=\"wp-block-heading\">Valvontaviranomainen<\/h2>\n\n\n\n<p>Jos huo\u00admaat sivus\u00adtol\u00adla saavutet\u00adtavu\u00adu\u00adsongelmia, anna ensin palautet\u00adta meille eli sivus\u00adton yll\u00e4pit\u00e4j\u00e4lle. Vas\u00adtauk\u00adses\u00adsa voi men\u00adn\u00e4 14 p\u00e4iv\u00e4\u00e4. Jos et ole tyy\u00adtyv\u00e4i\u00adnen saa\u00admaasi vas\u00adtauk\u00adseen tai et saa vas\u00adtaus\u00adta lainkaan kah\u00adden viikon aikana, voit tehd\u00e4 ilmoituk\u00adsen liikenne ja viestin\u00adt\u00e4vi\u00adras\u00adto Trafi\u00adcomi\u00adin. Trafi\u00adcomin sivuil\u00adla ker\u00adro\u00adtaan, miten ilmoituk\u00adsen voi tehd\u00e4 ja miten asia k\u00e4sitel\u00adl\u00e4\u00e4n.<\/p>\n\n\n\n<p>Liikenne- ja viestin\u00adt\u00e4vi\u00adras\u00adto Trafi\u00adcom<br>Dig\u00adi\u00adtaalisen esteet\u00adt\u00f6myy\u00adden ja saavutet\u00adtavu\u00adu\u00adden valvon\u00adtayk\u00adsikk\u00f6<br>saavutettavuus@traficom.fi<br>puhe\u00adlin\u00adnu\u00admero vai\u00adhde 029 534 5000<\/p>\n\n\n\n<p><a href=\"http:\/\/www.saavutettavuusvaatimukset.fi\/\">Siir\u00adry Trafi\u00adcomin saavutet\u00adtavu\u00adus\u00adsivus\u00adtolle<\/a><\/p>\n","protected":false},"excerpt":{"rendered":"<p>Seloste julka\u00adistu 22.4.2026 Saavutet\u00adtavu\u00adudel\u00adla tarkoite\u00adtaan, ett\u00e4 verkko\u00adsivua, sovel\u00adluk\u00adsia ja sosi\u00adaalisen medi\u00adan kanavia voi k\u00e4yt\u00adt\u00e4\u00e4 ja ymm\u00e4rt\u00e4\u00e4 suju\u00advasti. Kare\u00adlia-ammat\u00adtiko\u00adrkeak\u00adoulus\u00adsa on nou\u00addatet\u00adta\u00adva julkise\u00adna toim\u00adi\u00adjana EU:n&nbsp;saavutet\u00adtavu\u00adus\u00addi\u00adrek\u00adti\u00adivi\u00e4\u202fsek\u00e4 Suomen\u202fdigi\u00adpalvelu\u00adlakia. T\u00e4m\u00e4 saavutet\u00adtavu\u00adus\u00adseloste kos\u00adkee sivus\u00adtoa, joka on julka\u00adistu huhtiku\u00adus\u00adsa 2026. Sivus\u00adto nou\u00addat\u00adtaa WCAG 2.1 \u2013kri\u00adteerist\u00f6n AA-tasoa. Olemme arvioi\u00adneet palvelun saavutet\u00adtavu\u00adu\u00adden itse. Pyrimme Kare\u00adlias\u00adsa varmis\u00adta\u00admaan, ett\u00e4 dig\u00adi\u00adtaaliset palvelumme (verkkopalve\u00adlut, alu\u00ads\u00adtat, dig\u00adi\u00adtaaliset mate\u00adri\u00adaalit ja [\u2026]<\/p>\n","protected":false},"author":8,"featured_media":17,"parent":0,"menu_order":0,"comment_status":"closed","ping_status":"closed","template":"","meta":{"inline_featured_image":false,"wp_typography_post_enhancements_disabled":false,"footnotes":""},"class_list":["post-23","page","type-page","status-publish","has-post-thumbnail","hentry"],"yoast_head":"<!-- This site is optimized with the Yoast SEO plugin v27.5 - https:\/\/yoast.com\/product\/yoast-seo-wordpress\/ -->\n<title>Saavutettavuusseloste - Ty\u00f6kiertomallien kehitt\u00e4minen sairaanhoitajakoulutuksessa<\/title>\n<meta name=\"robots\" content=\"index, follow, max-snippet:-1, max-image-preview:large, max-video-preview:-1\" \/>\n<link rel=\"canonical\" href=\"https:\/\/hankkeet.karelia.fi\/tyokiertomallien-kehittaminen-sairaanhoitajakoulutuksessa\/saavutettavuusseloste\/\" \/>\n<meta property=\"og:locale\" content=\"fi_FI\" \/>\n<meta property=\"og:type\" content=\"article\" \/>\n<meta property=\"og:title\" content=\"Saavutettavuusseloste - Ty\u00f6kiertomallien kehitt\u00e4minen sairaanhoitajakoulutuksessa\" \/>\n<meta property=\"og:description\" content=\"Seloste julka\u00adistu 22.4.2026 Saavutet\u00adtavu\u00adudel\u00adla tarkoite\u00adtaan, ett\u00e4 verkko\u00adsivua, sovel\u00adluk\u00adsia ja sosi\u00adaalisen medi\u00adan kanavia voi k\u00e4yt\u00adt\u00e4\u00e4 ja ymm\u00e4rt\u00e4\u00e4 suju\u00advasti. Kare\u00adlia-ammat\u00adtiko\u00adrkeak\u00adoulus\u00adsa on nou\u00addatet\u00adta\u00adva julkise\u00adna toim\u00adi\u00adjana EU:n&nbsp;saavutet\u00adtavu\u00adus\u00addi\u00adrek\u00adti\u00adivi\u00e4\u202fsek\u00e4 Suomen\u202fdigi\u00adpalvelu\u00adlakia. T\u00e4m\u00e4 saavutet\u00adtavu\u00adus\u00adseloste kos\u00adkee sivus\u00adtoa, joka on julka\u00adistu huhtiku\u00adus\u00adsa 2026. Sivus\u00adto nou\u00addat\u00adtaa WCAG 2.1 \u2013kri\u00adteerist\u00f6n AA-tasoa. Olemme arvioi\u00adneet palvelun saavutet\u00adtavu\u00adu\u00adden itse. Pyrimme Kare\u00adlias\u00adsa varmis\u00adta\u00admaan, ett\u00e4 dig\u00adi\u00adtaaliset palvelumme (verkkopalve\u00adlut, alu\u00ads\u00adtat, dig\u00adi\u00adtaaliset mate\u00adri\u00adaalit ja [&hellip;]\" \/>\n<meta property=\"og:url\" content=\"https:\/\/hankkeet.karelia.fi\/tyokiertomallien-kehittaminen-sairaanhoitajakoulutuksessa\/saavutettavuusseloste\/\" \/>\n<meta property=\"og:site_name\" content=\"Ty\u00f6kiertomallien kehitt\u00e4minen sairaanhoitajakoulutuksessa\" \/>\n<meta property=\"article:modified_time\" content=\"2026-04-22T05:16:05+00:00\" \/>\n<meta property=\"og:image\" content=\"https:\/\/hankkeet.karelia.fi\/tyokiertomallien-kehittaminen-sairaanhoitajakoulutuksessa\/wp-content\/uploads\/sites\/15\/2026\/03\/TYKE.jpg\" \/>\n\t<meta property=\"og:image:width\" content=\"1500\" \/>\n\t<meta property=\"og:image:height\" content=\"1000\" \/>\n\t<meta property=\"og:image:type\" content=\"image\/jpeg\" \/>\n<meta name=\"twitter:card\" content=\"summary_large_image\" \/>\n<meta name=\"twitter:label1\" content=\"Arvioitu lukuaika\" \/>\n\t<meta name=\"twitter:data1\" content=\"2 minuuttia\" \/>\n<script type=\"application\/ld+json\" class=\"yoast-schema-graph\">{\"@context\":\"https:\\\/\\\/schema.org\",\"@graph\":[{\"@type\":\"WebPage\",\"@id\":\"https:\\\/\\\/hankkeet.karelia.fi\\\/tyokiertomallien-kehittaminen-sairaanhoitajakoulutuksessa\\\/saavutettavuusseloste\\\/\",\"url\":\"https:\\\/\\\/hankkeet.karelia.fi\\\/tyokiertomallien-kehittaminen-sairaanhoitajakoulutuksessa\\\/saavutettavuusseloste\\\/\",\"name\":\"Saavutettavuusseloste - Ty\u00f6kiertomallien kehitt\u00e4minen sairaanhoitajakoulutuksessa\",\"isPartOf\":{\"@id\":\"https:\\\/\\\/hankkeet.karelia.fi\\\/tyokiertomallien-kehittaminen-sairaanhoitajakoulutuksessa\\\/#website\"},\"primaryImageOfPage\":{\"@id\":\"https:\\\/\\\/hankkeet.karelia.fi\\\/tyokiertomallien-kehittaminen-sairaanhoitajakoulutuksessa\\\/saavutettavuusseloste\\\/#primaryimage\"},\"image\":{\"@id\":\"https:\\\/\\\/hankkeet.karelia.fi\\\/tyokiertomallien-kehittaminen-sairaanhoitajakoulutuksessa\\\/saavutettavuusseloste\\\/#primaryimage\"},\"thumbnailUrl\":\"https:\\\/\\\/hankkeet.karelia.fi\\\/tyokiertomallien-kehittaminen-sairaanhoitajakoulutuksessa\\\/wp-content\\\/uploads\\\/sites\\\/15\\\/2026\\\/03\\\/TYKE.jpg\",\"datePublished\":\"2026-04-22T05:16:04+00:00\",\"dateModified\":\"2026-04-22T05:16:05+00:00\",\"breadcrumb\":{\"@id\":\"https:\\\/\\\/hankkeet.karelia.fi\\\/tyokiertomallien-kehittaminen-sairaanhoitajakoulutuksessa\\\/saavutettavuusseloste\\\/#breadcrumb\"},\"inLanguage\":\"fi\",\"potentialAction\":[{\"@type\":\"ReadAction\",\"target\":[\"https:\\\/\\\/hankkeet.karelia.fi\\\/tyokiertomallien-kehittaminen-sairaanhoitajakoulutuksessa\\\/saavutettavuusseloste\\\/\"]}]},{\"@type\":\"ImageObject\",\"inLanguage\":\"fi\",\"@id\":\"https:\\\/\\\/hankkeet.karelia.fi\\\/tyokiertomallien-kehittaminen-sairaanhoitajakoulutuksessa\\\/saavutettavuusseloste\\\/#primaryimage\",\"url\":\"https:\\\/\\\/hankkeet.karelia.fi\\\/tyokiertomallien-kehittaminen-sairaanhoitajakoulutuksessa\\\/wp-content\\\/uploads\\\/sites\\\/15\\\/2026\\\/03\\\/TYKE.jpg\",\"contentUrl\":\"https:\\\/\\\/hankkeet.karelia.fi\\\/tyokiertomallien-kehittaminen-sairaanhoitajakoulutuksessa\\\/wp-content\\\/uploads\\\/sites\\\/15\\\/2026\\\/03\\\/TYKE.jpg\",\"width\":1500,\"height\":1000},{\"@type\":\"BreadcrumbList\",\"@id\":\"https:\\\/\\\/hankkeet.karelia.fi\\\/tyokiertomallien-kehittaminen-sairaanhoitajakoulutuksessa\\\/saavutettavuusseloste\\\/#breadcrumb\",\"itemListElement\":[{\"@type\":\"ListItem\",\"position\":1,\"name\":\"Home\",\"item\":\"https:\\\/\\\/hankkeet.karelia.fi\\\/tyokiertomallien-kehittaminen-sairaanhoitajakoulutuksessa\\\/\"},{\"@type\":\"ListItem\",\"position\":2,\"name\":\"Saavutettavuusseloste\"}]},{\"@type\":\"WebSite\",\"@id\":\"https:\\\/\\\/hankkeet.karelia.fi\\\/tyokiertomallien-kehittaminen-sairaanhoitajakoulutuksessa\\\/#website\",\"url\":\"https:\\\/\\\/hankkeet.karelia.fi\\\/tyokiertomallien-kehittaminen-sairaanhoitajakoulutuksessa\\\/\",\"name\":\"Ty\u00f6kiertomallien kehitt\u00e4minen sairaanhoitajakoulutuksessa\",\"description\":\"\",\"publisher\":{\"@id\":\"https:\\\/\\\/hankkeet.karelia.fi\\\/tyokiertomallien-kehittaminen-sairaanhoitajakoulutuksessa\\\/#organization\"},\"potentialAction\":[{\"@type\":\"SearchAction\",\"target\":{\"@type\":\"EntryPoint\",\"urlTemplate\":\"https:\\\/\\\/hankkeet.karelia.fi\\\/tyokiertomallien-kehittaminen-sairaanhoitajakoulutuksessa\\\/?s={search_term_string}\"},\"query-input\":{\"@type\":\"PropertyValueSpecification\",\"valueRequired\":true,\"valueName\":\"search_term_string\"}}],\"inLanguage\":\"fi\"},{\"@type\":\"Organization\",\"@id\":\"https:\\\/\\\/hankkeet.karelia.fi\\\/tyokiertomallien-kehittaminen-sairaanhoitajakoulutuksessa\\\/#organization\",\"name\":\"Ty\u00f6kiertomallien kehitt\u00e4minen sairaanhoitajakoulutuksessa\",\"url\":\"https:\\\/\\\/hankkeet.karelia.fi\\\/tyokiertomallien-kehittaminen-sairaanhoitajakoulutuksessa\\\/\",\"logo\":{\"@type\":\"ImageObject\",\"inLanguage\":\"fi\",\"@id\":\"https:\\\/\\\/hankkeet.karelia.fi\\\/tyokiertomallien-kehittaminen-sairaanhoitajakoulutuksessa\\\/#\\\/schema\\\/logo\\\/image\\\/\",\"url\":\"https:\\\/\\\/hankkeet.karelia.fi\\\/tyokiertomallien-kehittaminen-sairaanhoitajakoulutuksessa\\\/wp-content\\\/uploads\\\/sites\\\/15\\\/2026\\\/03\\\/cropped-cropped-Karelia_AMK_logo_RGB-1.png\",\"contentUrl\":\"https:\\\/\\\/hankkeet.karelia.fi\\\/tyokiertomallien-kehittaminen-sairaanhoitajakoulutuksessa\\\/wp-content\\\/uploads\\\/sites\\\/15\\\/2026\\\/03\\\/cropped-cropped-Karelia_AMK_logo_RGB-1.png\",\"width\":427,\"height\":116,\"caption\":\"Ty\u00f6kiertomallien kehitt\u00e4minen sairaanhoitajakoulutuksessa\"},\"image\":{\"@id\":\"https:\\\/\\\/hankkeet.karelia.fi\\\/tyokiertomallien-kehittaminen-sairaanhoitajakoulutuksessa\\\/#\\\/schema\\\/logo\\\/image\\\/\"}}]}<\/script>\n<!-- \/ Yoast SEO plugin. -->","yoast_head_json":{"title":"Saavutettavuusseloste - Ty\u00f6kiertomallien kehitt\u00e4minen sairaanhoitajakoulutuksessa","robots":{"index":"index","follow":"follow","max-snippet":"max-snippet:-1","max-image-preview":"max-image-preview:large","max-video-preview":"max-video-preview:-1"},"canonical":"https:\/\/hankkeet.karelia.fi\/tyokiertomallien-kehittaminen-sairaanhoitajakoulutuksessa\/saavutettavuusseloste\/","og_locale":"fi_FI","og_type":"article","og_title":"Saavutettavuusseloste - Ty\u00f6kiertomallien kehitt\u00e4minen sairaanhoitajakoulutuksessa","og_description":"Seloste julka\u00adistu 22.4.2026 Saavutet\u00adtavu\u00adudel\u00adla tarkoite\u00adtaan, ett\u00e4 verkko\u00adsivua, sovel\u00adluk\u00adsia ja sosi\u00adaalisen medi\u00adan kanavia voi k\u00e4yt\u00adt\u00e4\u00e4 ja ymm\u00e4rt\u00e4\u00e4 suju\u00advasti. Kare\u00adlia-ammat\u00adtiko\u00adrkeak\u00adoulus\u00adsa on nou\u00addatet\u00adta\u00adva julkise\u00adna toim\u00adi\u00adjana EU:n&nbsp;saavutet\u00adtavu\u00adus\u00addi\u00adrek\u00adti\u00adivi\u00e4\u202fsek\u00e4 Suomen\u202fdigi\u00adpalvelu\u00adlakia. T\u00e4m\u00e4 saavutet\u00adtavu\u00adus\u00adseloste kos\u00adkee sivus\u00adtoa, joka on julka\u00adistu huhtiku\u00adus\u00adsa 2026. Sivus\u00adto nou\u00addat\u00adtaa WCAG 2.1 \u2013kri\u00adteerist\u00f6n AA-tasoa. Olemme arvioi\u00adneet palvelun saavutet\u00adtavu\u00adu\u00adden itse. Pyrimme Kare\u00adlias\u00adsa varmis\u00adta\u00admaan, ett\u00e4 dig\u00adi\u00adtaaliset palvelumme (verkkopalve\u00adlut, alu\u00ads\u00adtat, dig\u00adi\u00adtaaliset mate\u00adri\u00adaalit ja [&hellip;]","og_url":"https:\/\/hankkeet.karelia.fi\/tyokiertomallien-kehittaminen-sairaanhoitajakoulutuksessa\/saavutettavuusseloste\/","og_site_name":"Ty\u00f6kiertomallien kehitt\u00e4minen sairaanhoitajakoulutuksessa","article_modified_time":"2026-04-22T05:16:05+00:00","og_image":[{"width":1500,"height":1000,"url":"https:\/\/hankkeet.karelia.fi\/tyokiertomallien-kehittaminen-sairaanhoitajakoulutuksessa\/wp-content\/uploads\/sites\/15\/2026\/03\/TYKE.jpg","type":"image\/jpeg"}],"twitter_card":"summary_large_image","twitter_misc":{"Arvioitu lukuaika":"2 minuuttia"},"schema":{"@context":"https:\/\/schema.org","@graph":[{"@type":"WebPage","@id":"https:\/\/hankkeet.karelia.fi\/tyokiertomallien-kehittaminen-sairaanhoitajakoulutuksessa\/saavutettavuusseloste\/","url":"https:\/\/hankkeet.karelia.fi\/tyokiertomallien-kehittaminen-sairaanhoitajakoulutuksessa\/saavutettavuusseloste\/","name":"Saavutettavuusseloste - Ty\u00f6kiertomallien kehitt\u00e4minen sairaanhoitajakoulutuksessa","isPartOf":{"@id":"https:\/\/hankkeet.karelia.fi\/tyokiertomallien-kehittaminen-sairaanhoitajakoulutuksessa\/#website"},"primaryImageOfPage":{"@id":"https:\/\/hankkeet.karelia.fi\/tyokiertomallien-kehittaminen-sairaanhoitajakoulutuksessa\/saavutettavuusseloste\/#primaryimage"},"image":{"@id":"https:\/\/hankkeet.karelia.fi\/tyokiertomallien-kehittaminen-sairaanhoitajakoulutuksessa\/saavutettavuusseloste\/#primaryimage"},"thumbnailUrl":"https:\/\/hankkeet.karelia.fi\/tyokiertomallien-kehittaminen-sairaanhoitajakoulutuksessa\/wp-content\/uploads\/sites\/15\/2026\/03\/TYKE.jpg","datePublished":"2026-04-22T05:16:04+00:00","dateModified":"2026-04-22T05:16:05+00:00","breadcrumb":{"@id":"https:\/\/hankkeet.karelia.fi\/tyokiertomallien-kehittaminen-sairaanhoitajakoulutuksessa\/saavutettavuusseloste\/#breadcrumb"},"inLanguage":"fi","potentialAction":[{"@type":"ReadAction","target":["https:\/\/hankkeet.karelia.fi\/tyokiertomallien-kehittaminen-sairaanhoitajakoulutuksessa\/saavutettavuusseloste\/"]}]},{"@type":"ImageObject","inLanguage":"fi","@id":"https:\/\/hankkeet.karelia.fi\/tyokiertomallien-kehittaminen-sairaanhoitajakoulutuksessa\/saavutettavuusseloste\/#primaryimage","url":"https:\/\/hankkeet.karelia.fi\/tyokiertomallien-kehittaminen-sairaanhoitajakoulutuksessa\/wp-content\/uploads\/sites\/15\/2026\/03\/TYKE.jpg","contentUrl":"https:\/\/hankkeet.karelia.fi\/tyokiertomallien-kehittaminen-sairaanhoitajakoulutuksessa\/wp-content\/uploads\/sites\/15\/2026\/03\/TYKE.jpg","width":1500,"height":1000},{"@type":"BreadcrumbList","@id":"https:\/\/hankkeet.karelia.fi\/tyokiertomallien-kehittaminen-sairaanhoitajakoulutuksessa\/saavutettavuusseloste\/#breadcrumb","itemListElement":[{"@type":"ListItem","position":1,"name":"Home","item":"https:\/\/hankkeet.karelia.fi\/tyokiertomallien-kehittaminen-sairaanhoitajakoulutuksessa\/"},{"@type":"ListItem","position":2,"name":"Saavutettavuusseloste"}]},{"@type":"WebSite","@id":"https:\/\/hankkeet.karelia.fi\/tyokiertomallien-kehittaminen-sairaanhoitajakoulutuksessa\/#website","url":"https:\/\/hankkeet.karelia.fi\/tyokiertomallien-kehittaminen-sairaanhoitajakoulutuksessa\/","name":"Ty\u00f6kiertomallien kehitt\u00e4minen sairaanhoitajakoulutuksessa","description":"","publisher":{"@id":"https:\/\/hankkeet.karelia.fi\/tyokiertomallien-kehittaminen-sairaanhoitajakoulutuksessa\/#organization"},"potentialAction":[{"@type":"SearchAction","target":{"@type":"EntryPoint","urlTemplate":"https:\/\/hankkeet.karelia.fi\/tyokiertomallien-kehittaminen-sairaanhoitajakoulutuksessa\/?s={search_term_string}"},"query-input":{"@type":"PropertyValueSpecification","valueRequired":true,"valueName":"search_term_string"}}],"inLanguage":"fi"},{"@type":"Organization","@id":"https:\/\/hankkeet.karelia.fi\/tyokiertomallien-kehittaminen-sairaanhoitajakoulutuksessa\/#organization","name":"Ty\u00f6kiertomallien kehitt\u00e4minen sairaanhoitajakoulutuksessa","url":"https:\/\/hankkeet.karelia.fi\/tyokiertomallien-kehittaminen-sairaanhoitajakoulutuksessa\/","logo":{"@type":"ImageObject","inLanguage":"fi","@id":"https:\/\/hankkeet.karelia.fi\/tyokiertomallien-kehittaminen-sairaanhoitajakoulutuksessa\/#\/schema\/logo\/image\/","url":"https:\/\/hankkeet.karelia.fi\/tyokiertomallien-kehittaminen-sairaanhoitajakoulutuksessa\/wp-content\/uploads\/sites\/15\/2026\/03\/cropped-cropped-Karelia_AMK_logo_RGB-1.png","contentUrl":"https:\/\/hankkeet.karelia.fi\/tyokiertomallien-kehittaminen-sairaanhoitajakoulutuksessa\/wp-content\/uploads\/sites\/15\/2026\/03\/cropped-cropped-Karelia_AMK_logo_RGB-1.png","width":427,"height":116,"caption":"Ty\u00f6kiertomallien kehitt\u00e4minen sairaanhoitajakoulutuksessa"},"image":{"@id":"https:\/\/hankkeet.karelia.fi\/tyokiertomallien-kehittaminen-sairaanhoitajakoulutuksessa\/#\/schema\/logo\/image\/"}}]}},"_links":{"self":[{"href":"https:\/\/hankkeet.karelia.fi\/tyokiertomallien-kehittaminen-sairaanhoitajakoulutuksessa\/wp-json\/wp\/v2\/pages\/23","targetHints":{"allow":["GET"]}}],"collection":[{"href":"https:\/\/hankkeet.karelia.fi\/tyokiertomallien-kehittaminen-sairaanhoitajakoulutuksessa\/wp-json\/wp\/v2\/pages"}],"about":[{"href":"https:\/\/hankkeet.karelia.fi\/tyokiertomallien-kehittaminen-sairaanhoitajakoulutuksessa\/wp-json\/wp\/v2\/types\/page"}],"author":[{"embeddable":true,"href":"https:\/\/hankkeet.karelia.fi\/tyokiertomallien-kehittaminen-sairaanhoitajakoulutuksessa\/wp-json\/wp\/v2\/users\/8"}],"replies":[{"embeddable":true,"href":"https:\/\/hankkeet.karelia.fi\/tyokiertomallien-kehittaminen-sairaanhoitajakoulutuksessa\/wp-json\/wp\/v2\/comments?post=23"}],"version-history":[{"count":1,"href":"https:\/\/hankkeet.karelia.fi\/tyokiertomallien-kehittaminen-sairaanhoitajakoulutuksessa\/wp-json\/wp\/v2\/pages\/23\/revisions"}],"predecessor-version":[{"id":24,"href":"https:\/\/hankkeet.karelia.fi\/tyokiertomallien-kehittaminen-sairaanhoitajakoulutuksessa\/wp-json\/wp\/v2\/pages\/23\/revisions\/24"}],"wp:featuredmedia":[{"embeddable":true,"href":"https:\/\/hankkeet.karelia.fi\/tyokiertomallien-kehittaminen-sairaanhoitajakoulutuksessa\/wp-json\/wp\/v2\/media\/17"}],"wp:attachment":[{"href":"https:\/\/hankkeet.karelia.fi\/tyokiertomallien-kehittaminen-sairaanhoitajakoulutuksessa\/wp-json\/wp\/v2\/media?parent=23"}],"curies":[{"name":"wp","href":"https:\/\/api.w.org\/{rel}","templated":true}]}}