{"id":20,"date":"2026-03-17T08:52:32","date_gmt":"2026-03-17T06:52:32","guid":{"rendered":"https:\/\/hankkeet.karelia.fi\/tyon-ohessa-opiskelun-vahvistaminen-sosionomikoulutuksessa\/tyon-ohessa-opiskelun-vahvistaminen-sosionomikoulutuksessa\/"},"modified":"2026-04-23T12:54:21","modified_gmt":"2026-04-23T09:54:21","slug":"tyon-ohessa-opiskelun-vahvistaminen-sosionomikoulutuksessa","status":"publish","type":"page","link":"https:\/\/hankkeet.karelia.fi\/tyon-ohessa-opiskelun-vahvistaminen-sosionomikoulutuksessa\/","title":{"rendered":"Ty\u00f6n ohessa opiskelun vahvistaminen sosionomikoulutuksessa"},"content":{"rendered":"\n<figure class=\"wp-block-image size-full\"><img decoding=\"async\" src=\"https:\/\/hankkeet.karelia.fi\/tyon-ohessa-opiskelun-vahvistaminen-sosionomikoulutuksessa\/wp-content\/uploads\/sites\/16\/2026\/03\/jotpa.png\" alt class=\"wp-image-82941\"><\/figure>\n\n\n\n<p>Pro\u00adjek\u00adtin tavoit\u00adteena on ty\u00f6n ohes\u00adsa opiskelun vahvis\u00adt\u00ada\u00admi\u00adnen sosionomik\u00adoulu\u00adtuk\u00adses\u00adsa. Taustal\u00adla on tarve koulut\u00adtaa lis\u00e4\u00e4 varhaiskas\u00advatuk\u00adsen sosionome\u00adja vuo\u00adteen 2030 men\u00adness\u00e4 sek\u00e4 vas\u00adta\u00adta sosi\u00adaalialan ty\u00f6voimatarpeisi\u00adin. Han\u00adkkeessa vahvis\u00adte\u00adtaan mon\u00adimuo\u00adtok\u00adoulu\u00adtus\u00adta ja ty\u00f6n ohes\u00adsa tapah\u00adtu\u00advaa opiskelua. Koulu\u00adtuk\u00adseen luo\u00addaan fast track \u2011malli, joka mah\u00addol\u00adlis\u00adtaa opiskelun kahdessa ja puo\u00adlessa vuodessa. Malli on tarkoitet\u00adtu opiske\u00adli\u00adjoille, joil\u00adla on jo aikaisem\u00adpi alalle sovel\u00adtu\u00adva tutk\u00adin\u00adto ja jot\u00adka toimi\u00advat alan t\u00f6is\u00ads\u00e4.<\/p>\n\n\n\n<h2 class=\"wp-block-heading\">Projektin kesto<\/h2>\n\n\n\n<p>28.2.2025 \u2014 31.12.2026<\/p>\n\n\n\n<h2 class=\"wp-block-heading\">Projektip\u00e4\u00e4llikk\u00f6<\/h2>\n\n\n\n<p><strong>Heli Makko\u00adnen<\/strong><br>Heli.Makkonen(a)karelia.fi<\/p>\n\n\n\n<h2 class=\"wp-block-heading\">Rahoitus<\/h2>\n\n\n\n<p>Ope\u00adtus- ja kult\u00adtuuri\u00adm\u00adin\u00adis\u00adter\u00adi\u00f6n rahoi\u00adtus<\/p>\n\n\n\n<figure class=\"wp-block-image size-full is-resized\"><img decoding=\"async\" src=\"https:\/\/hankkeet.karelia.fi\/tyon-ohessa-opiskelun-vahvistaminen-sosionomikoulutuksessa\/wp-content\/uploads\/sites\/16\/2026\/03\/2024.png\" alt class=\"wp-image-82940\" style=\"width:759px;height:auto\"><\/figure>\n\n\n\n<p><\/p>\n","protected":false},"excerpt":{"rendered":"<p>Pro\u00adjek\u00adtin tavoit\u00adteena on ty\u00f6n ohes\u00adsa opiskelun vahvis\u00adt\u00ada\u00admi\u00adnen sosionomik\u00adoulu\u00adtuk\u00adses\u00adsa. Taustal\u00adla on tarve koulut\u00adtaa lis\u00e4\u00e4 varhaiskas\u00advatuk\u00adsen sosionome\u00adja vuo\u00adteen 2030 men\u00adness\u00e4 sek\u00e4 vas\u00adta\u00adta sosi\u00adaalialan ty\u00f6voimatarpeisi\u00adin. Han\u00adkkeessa vahvis\u00adte\u00adtaan mon\u00adimuo\u00adtok\u00adoulu\u00adtus\u00adta ja ty\u00f6n ohes\u00adsa tapah\u00adtu\u00advaa opiskelua. Koulu\u00adtuk\u00adseen luo\u00addaan fast track \u2011malli, joka mah\u00addol\u00adlis\u00adtaa opiskelun kahdessa ja puo\u00adlessa vuodessa. Malli on tarkoitet\u00adtu opiske\u00adli\u00adjoille, joil\u00adla on jo aikaisem\u00adpi alalle sovel\u00adtu\u00adva tutk\u00adin\u00adto ja jot\u00adka [\u2026]<\/p>\n","protected":false},"author":10,"featured_media":17,"parent":0,"menu_order":0,"comment_status":"closed","ping_status":"closed","template":"","meta":{"inline_featured_image":false,"wp_typography_post_enhancements_disabled":false,"footnotes":""},"class_list":["post-20","page","type-page","status-publish","has-post-thumbnail","hentry"],"yoast_head":"<!-- This site is optimized with the Yoast SEO plugin v27.5 - https:\/\/yoast.com\/product\/yoast-seo-wordpress\/ -->\n<title>Ty\u00f6n ohessa opiskelun vahvistaminen sosionomikoulutuksessa - Ty\u00f6n ohessa opiskelun vahvistaminen sosionomikoulutuksessa<\/title>\n<meta name=\"robots\" content=\"index, follow, max-snippet:-1, max-image-preview:large, max-video-preview:-1\" \/>\n<link rel=\"canonical\" href=\"https:\/\/hankkeet.karelia.fi\/tyon-ohessa-opiskelun-vahvistaminen-sosionomikoulutuksessa\/\" \/>\n<meta property=\"og:locale\" content=\"fi_FI\" \/>\n<meta property=\"og:type\" content=\"article\" \/>\n<meta property=\"og:title\" content=\"Ty\u00f6n ohessa opiskelun vahvistaminen sosionomikoulutuksessa - Ty\u00f6n ohessa opiskelun vahvistaminen sosionomikoulutuksessa\" \/>\n<meta property=\"og:description\" content=\"Pro\u00adjek\u00adtin tavoit\u00adteena on ty\u00f6n ohes\u00adsa opiskelun vahvis\u00adt\u00ada\u00admi\u00adnen sosionomik\u00adoulu\u00adtuk\u00adses\u00adsa. Taustal\u00adla on tarve koulut\u00adtaa lis\u00e4\u00e4 varhaiskas\u00advatuk\u00adsen sosionome\u00adja vuo\u00adteen 2030 men\u00adness\u00e4 sek\u00e4 vas\u00adta\u00adta sosi\u00adaalialan ty\u00f6voimatarpeisi\u00adin. Han\u00adkkeessa vahvis\u00adte\u00adtaan mon\u00adimuo\u00adtok\u00adoulu\u00adtus\u00adta ja ty\u00f6n ohes\u00adsa tapah\u00adtu\u00advaa opiskelua. Koulu\u00adtuk\u00adseen luo\u00addaan fast track \u2011malli, joka mah\u00addol\u00adlis\u00adtaa opiskelun kahdessa ja puo\u00adlessa vuodessa. Malli on tarkoitet\u00adtu opiske\u00adli\u00adjoille, joil\u00adla on jo aikaisem\u00adpi alalle sovel\u00adtu\u00adva tutk\u00adin\u00adto ja jot\u00adka [&hellip;]\" \/>\n<meta property=\"og:url\" content=\"https:\/\/hankkeet.karelia.fi\/tyon-ohessa-opiskelun-vahvistaminen-sosionomikoulutuksessa\/\" \/>\n<meta property=\"og:site_name\" content=\"Ty\u00f6n ohessa opiskelun vahvistaminen sosionomikoulutuksessa\" \/>\n<meta property=\"article:modified_time\" content=\"2026-04-23T09:54:21+00:00\" \/>\n<meta property=\"og:image\" content=\"https:\/\/hankkeet.karelia.fi\/tyon-ohessa-opiskelun-vahvistaminen-sosionomikoulutuksessa\/wp-content\/uploads\/sites\/16\/2026\/03\/pr3-scaled-1.jpeg\" \/>\n\t<meta property=\"og:image:width\" content=\"2560\" \/>\n\t<meta property=\"og:image:height\" content=\"779\" \/>\n\t<meta property=\"og:image:type\" content=\"image\/jpeg\" \/>\n<meta name=\"twitter:card\" content=\"summary_large_image\" \/>\n<meta name=\"twitter:label1\" content=\"Arvioitu lukuaika\" \/>\n\t<meta name=\"twitter:data1\" content=\"2 minuuttia\" \/>\n<script type=\"application\/ld+json\" class=\"yoast-schema-graph\">{\"@context\":\"https:\\\/\\\/schema.org\",\"@graph\":[{\"@type\":\"WebPage\",\"@id\":\"https:\\\/\\\/hankkeet.karelia.fi\\\/tyon-ohessa-opiskelun-vahvistaminen-sosionomikoulutuksessa\\\/\",\"url\":\"https:\\\/\\\/hankkeet.karelia.fi\\\/tyon-ohessa-opiskelun-vahvistaminen-sosionomikoulutuksessa\\\/\",\"name\":\"Ty\u00f6n ohessa opiskelun vahvistaminen sosionomikoulutuksessa - Ty\u00f6n ohessa opiskelun vahvistaminen sosionomikoulutuksessa\",\"isPartOf\":{\"@id\":\"https:\\\/\\\/hankkeet.karelia.fi\\\/tyon-ohessa-opiskelun-vahvistaminen-sosionomikoulutuksessa\\\/#website\"},\"primaryImageOfPage\":{\"@id\":\"https:\\\/\\\/hankkeet.karelia.fi\\\/tyon-ohessa-opiskelun-vahvistaminen-sosionomikoulutuksessa\\\/#primaryimage\"},\"image\":{\"@id\":\"https:\\\/\\\/hankkeet.karelia.fi\\\/tyon-ohessa-opiskelun-vahvistaminen-sosionomikoulutuksessa\\\/#primaryimage\"},\"thumbnailUrl\":\"https:\\\/\\\/hankkeet.karelia.fi\\\/tyon-ohessa-opiskelun-vahvistaminen-sosionomikoulutuksessa\\\/wp-content\\\/uploads\\\/sites\\\/16\\\/2026\\\/03\\\/pr3-scaled-1.jpeg\",\"datePublished\":\"2026-03-17T06:52:32+00:00\",\"dateModified\":\"2026-04-23T09:54:21+00:00\",\"breadcrumb\":{\"@id\":\"https:\\\/\\\/hankkeet.karelia.fi\\\/tyon-ohessa-opiskelun-vahvistaminen-sosionomikoulutuksessa\\\/#breadcrumb\"},\"inLanguage\":\"fi\",\"potentialAction\":[{\"@type\":\"ReadAction\",\"target\":[\"https:\\\/\\\/hankkeet.karelia.fi\\\/tyon-ohessa-opiskelun-vahvistaminen-sosionomikoulutuksessa\\\/\"]}]},{\"@type\":\"ImageObject\",\"inLanguage\":\"fi\",\"@id\":\"https:\\\/\\\/hankkeet.karelia.fi\\\/tyon-ohessa-opiskelun-vahvistaminen-sosionomikoulutuksessa\\\/#primaryimage\",\"url\":\"https:\\\/\\\/hankkeet.karelia.fi\\\/tyon-ohessa-opiskelun-vahvistaminen-sosionomikoulutuksessa\\\/wp-content\\\/uploads\\\/sites\\\/16\\\/2026\\\/03\\\/pr3-scaled-1.jpeg\",\"contentUrl\":\"https:\\\/\\\/hankkeet.karelia.fi\\\/tyon-ohessa-opiskelun-vahvistaminen-sosionomikoulutuksessa\\\/wp-content\\\/uploads\\\/sites\\\/16\\\/2026\\\/03\\\/pr3-scaled-1.jpeg\",\"width\":2560,\"height\":779},{\"@type\":\"BreadcrumbList\",\"@id\":\"https:\\\/\\\/hankkeet.karelia.fi\\\/tyon-ohessa-opiskelun-vahvistaminen-sosionomikoulutuksessa\\\/#breadcrumb\",\"itemListElement\":[{\"@type\":\"ListItem\",\"position\":1,\"name\":\"Home\",\"item\":\"https:\\\/\\\/hankkeet.karelia.fi\\\/tyon-ohessa-opiskelun-vahvistaminen-sosionomikoulutuksessa\\\/\"},{\"@type\":\"ListItem\",\"position\":2,\"name\":\"Ty\u00f6n ohessa opiskelun vahvistaminen sosionomikoulutuksessa\"}]},{\"@type\":\"WebSite\",\"@id\":\"https:\\\/\\\/hankkeet.karelia.fi\\\/tyon-ohessa-opiskelun-vahvistaminen-sosionomikoulutuksessa\\\/#website\",\"url\":\"https:\\\/\\\/hankkeet.karelia.fi\\\/tyon-ohessa-opiskelun-vahvistaminen-sosionomikoulutuksessa\\\/\",\"name\":\"Ty\u00f6n ohessa opiskelun vahvistaminen sosionomikoulutuksessa\",\"description\":\"\",\"publisher\":{\"@id\":\"https:\\\/\\\/hankkeet.karelia.fi\\\/tyon-ohessa-opiskelun-vahvistaminen-sosionomikoulutuksessa\\\/#organization\"},\"potentialAction\":[{\"@type\":\"SearchAction\",\"target\":{\"@type\":\"EntryPoint\",\"urlTemplate\":\"https:\\\/\\\/hankkeet.karelia.fi\\\/tyon-ohessa-opiskelun-vahvistaminen-sosionomikoulutuksessa\\\/?s={search_term_string}\"},\"query-input\":{\"@type\":\"PropertyValueSpecification\",\"valueRequired\":true,\"valueName\":\"search_term_string\"}}],\"inLanguage\":\"fi\"},{\"@type\":\"Organization\",\"@id\":\"https:\\\/\\\/hankkeet.karelia.fi\\\/tyon-ohessa-opiskelun-vahvistaminen-sosionomikoulutuksessa\\\/#organization\",\"name\":\"Ty\u00f6n ohessa opiskelun vahvistaminen sosionomikoulutuksessa\",\"url\":\"https:\\\/\\\/hankkeet.karelia.fi\\\/tyon-ohessa-opiskelun-vahvistaminen-sosionomikoulutuksessa\\\/\",\"logo\":{\"@type\":\"ImageObject\",\"inLanguage\":\"fi\",\"@id\":\"https:\\\/\\\/hankkeet.karelia.fi\\\/tyon-ohessa-opiskelun-vahvistaminen-sosionomikoulutuksessa\\\/#\\\/schema\\\/logo\\\/image\\\/\",\"url\":\"https:\\\/\\\/hankkeet.karelia.fi\\\/tyon-ohessa-opiskelun-vahvistaminen-sosionomikoulutuksessa\\\/wp-content\\\/uploads\\\/sites\\\/16\\\/2026\\\/03\\\/cropped-cropped-Karelia_AMK_logo_RGB-1.png\",\"contentUrl\":\"https:\\\/\\\/hankkeet.karelia.fi\\\/tyon-ohessa-opiskelun-vahvistaminen-sosionomikoulutuksessa\\\/wp-content\\\/uploads\\\/sites\\\/16\\\/2026\\\/03\\\/cropped-cropped-Karelia_AMK_logo_RGB-1.png\",\"width\":427,\"height\":116,\"caption\":\"Ty\u00f6n ohessa opiskelun vahvistaminen sosionomikoulutuksessa\"},\"image\":{\"@id\":\"https:\\\/\\\/hankkeet.karelia.fi\\\/tyon-ohessa-opiskelun-vahvistaminen-sosionomikoulutuksessa\\\/#\\\/schema\\\/logo\\\/image\\\/\"}}]}<\/script>\n<!-- \/ Yoast SEO plugin. -->","yoast_head_json":{"title":"Ty\u00f6n ohessa opiskelun vahvistaminen sosionomikoulutuksessa - Ty\u00f6n ohessa opiskelun vahvistaminen sosionomikoulutuksessa","robots":{"index":"index","follow":"follow","max-snippet":"max-snippet:-1","max-image-preview":"max-image-preview:large","max-video-preview":"max-video-preview:-1"},"canonical":"https:\/\/hankkeet.karelia.fi\/tyon-ohessa-opiskelun-vahvistaminen-sosionomikoulutuksessa\/","og_locale":"fi_FI","og_type":"article","og_title":"Ty\u00f6n ohessa opiskelun vahvistaminen sosionomikoulutuksessa - Ty\u00f6n ohessa opiskelun vahvistaminen sosionomikoulutuksessa","og_description":"Pro\u00adjek\u00adtin tavoit\u00adteena on ty\u00f6n ohes\u00adsa opiskelun vahvis\u00adt\u00ada\u00admi\u00adnen sosionomik\u00adoulu\u00adtuk\u00adses\u00adsa. Taustal\u00adla on tarve koulut\u00adtaa lis\u00e4\u00e4 varhaiskas\u00advatuk\u00adsen sosionome\u00adja vuo\u00adteen 2030 men\u00adness\u00e4 sek\u00e4 vas\u00adta\u00adta sosi\u00adaalialan ty\u00f6voimatarpeisi\u00adin. Han\u00adkkeessa vahvis\u00adte\u00adtaan mon\u00adimuo\u00adtok\u00adoulu\u00adtus\u00adta ja ty\u00f6n ohes\u00adsa tapah\u00adtu\u00advaa opiskelua. Koulu\u00adtuk\u00adseen luo\u00addaan fast track \u2011malli, joka mah\u00addol\u00adlis\u00adtaa opiskelun kahdessa ja puo\u00adlessa vuodessa. Malli on tarkoitet\u00adtu opiske\u00adli\u00adjoille, joil\u00adla on jo aikaisem\u00adpi alalle sovel\u00adtu\u00adva tutk\u00adin\u00adto ja jot\u00adka [&hellip;]","og_url":"https:\/\/hankkeet.karelia.fi\/tyon-ohessa-opiskelun-vahvistaminen-sosionomikoulutuksessa\/","og_site_name":"Ty\u00f6n ohessa opiskelun vahvistaminen sosionomikoulutuksessa","article_modified_time":"2026-04-23T09:54:21+00:00","og_image":[{"width":2560,"height":779,"url":"https:\/\/hankkeet.karelia.fi\/tyon-ohessa-opiskelun-vahvistaminen-sosionomikoulutuksessa\/wp-content\/uploads\/sites\/16\/2026\/03\/pr3-scaled-1.jpeg","type":"image\/jpeg"}],"twitter_card":"summary_large_image","twitter_misc":{"Arvioitu lukuaika":"2 minuuttia"},"schema":{"@context":"https:\/\/schema.org","@graph":[{"@type":"WebPage","@id":"https:\/\/hankkeet.karelia.fi\/tyon-ohessa-opiskelun-vahvistaminen-sosionomikoulutuksessa\/","url":"https:\/\/hankkeet.karelia.fi\/tyon-ohessa-opiskelun-vahvistaminen-sosionomikoulutuksessa\/","name":"Ty\u00f6n ohessa opiskelun vahvistaminen sosionomikoulutuksessa - Ty\u00f6n ohessa opiskelun vahvistaminen sosionomikoulutuksessa","isPartOf":{"@id":"https:\/\/hankkeet.karelia.fi\/tyon-ohessa-opiskelun-vahvistaminen-sosionomikoulutuksessa\/#website"},"primaryImageOfPage":{"@id":"https:\/\/hankkeet.karelia.fi\/tyon-ohessa-opiskelun-vahvistaminen-sosionomikoulutuksessa\/#primaryimage"},"image":{"@id":"https:\/\/hankkeet.karelia.fi\/tyon-ohessa-opiskelun-vahvistaminen-sosionomikoulutuksessa\/#primaryimage"},"thumbnailUrl":"https:\/\/hankkeet.karelia.fi\/tyon-ohessa-opiskelun-vahvistaminen-sosionomikoulutuksessa\/wp-content\/uploads\/sites\/16\/2026\/03\/pr3-scaled-1.jpeg","datePublished":"2026-03-17T06:52:32+00:00","dateModified":"2026-04-23T09:54:21+00:00","breadcrumb":{"@id":"https:\/\/hankkeet.karelia.fi\/tyon-ohessa-opiskelun-vahvistaminen-sosionomikoulutuksessa\/#breadcrumb"},"inLanguage":"fi","potentialAction":[{"@type":"ReadAction","target":["https:\/\/hankkeet.karelia.fi\/tyon-ohessa-opiskelun-vahvistaminen-sosionomikoulutuksessa\/"]}]},{"@type":"ImageObject","inLanguage":"fi","@id":"https:\/\/hankkeet.karelia.fi\/tyon-ohessa-opiskelun-vahvistaminen-sosionomikoulutuksessa\/#primaryimage","url":"https:\/\/hankkeet.karelia.fi\/tyon-ohessa-opiskelun-vahvistaminen-sosionomikoulutuksessa\/wp-content\/uploads\/sites\/16\/2026\/03\/pr3-scaled-1.jpeg","contentUrl":"https:\/\/hankkeet.karelia.fi\/tyon-ohessa-opiskelun-vahvistaminen-sosionomikoulutuksessa\/wp-content\/uploads\/sites\/16\/2026\/03\/pr3-scaled-1.jpeg","width":2560,"height":779},{"@type":"BreadcrumbList","@id":"https:\/\/hankkeet.karelia.fi\/tyon-ohessa-opiskelun-vahvistaminen-sosionomikoulutuksessa\/#breadcrumb","itemListElement":[{"@type":"ListItem","position":1,"name":"Home","item":"https:\/\/hankkeet.karelia.fi\/tyon-ohessa-opiskelun-vahvistaminen-sosionomikoulutuksessa\/"},{"@type":"ListItem","position":2,"name":"Ty\u00f6n ohessa opiskelun vahvistaminen sosionomikoulutuksessa"}]},{"@type":"WebSite","@id":"https:\/\/hankkeet.karelia.fi\/tyon-ohessa-opiskelun-vahvistaminen-sosionomikoulutuksessa\/#website","url":"https:\/\/hankkeet.karelia.fi\/tyon-ohessa-opiskelun-vahvistaminen-sosionomikoulutuksessa\/","name":"Ty\u00f6n ohessa opiskelun vahvistaminen sosionomikoulutuksessa","description":"","publisher":{"@id":"https:\/\/hankkeet.karelia.fi\/tyon-ohessa-opiskelun-vahvistaminen-sosionomikoulutuksessa\/#organization"},"potentialAction":[{"@type":"SearchAction","target":{"@type":"EntryPoint","urlTemplate":"https:\/\/hankkeet.karelia.fi\/tyon-ohessa-opiskelun-vahvistaminen-sosionomikoulutuksessa\/?s={search_term_string}"},"query-input":{"@type":"PropertyValueSpecification","valueRequired":true,"valueName":"search_term_string"}}],"inLanguage":"fi"},{"@type":"Organization","@id":"https:\/\/hankkeet.karelia.fi\/tyon-ohessa-opiskelun-vahvistaminen-sosionomikoulutuksessa\/#organization","name":"Ty\u00f6n ohessa opiskelun vahvistaminen sosionomikoulutuksessa","url":"https:\/\/hankkeet.karelia.fi\/tyon-ohessa-opiskelun-vahvistaminen-sosionomikoulutuksessa\/","logo":{"@type":"ImageObject","inLanguage":"fi","@id":"https:\/\/hankkeet.karelia.fi\/tyon-ohessa-opiskelun-vahvistaminen-sosionomikoulutuksessa\/#\/schema\/logo\/image\/","url":"https:\/\/hankkeet.karelia.fi\/tyon-ohessa-opiskelun-vahvistaminen-sosionomikoulutuksessa\/wp-content\/uploads\/sites\/16\/2026\/03\/cropped-cropped-Karelia_AMK_logo_RGB-1.png","contentUrl":"https:\/\/hankkeet.karelia.fi\/tyon-ohessa-opiskelun-vahvistaminen-sosionomikoulutuksessa\/wp-content\/uploads\/sites\/16\/2026\/03\/cropped-cropped-Karelia_AMK_logo_RGB-1.png","width":427,"height":116,"caption":"Ty\u00f6n ohessa opiskelun vahvistaminen sosionomikoulutuksessa"},"image":{"@id":"https:\/\/hankkeet.karelia.fi\/tyon-ohessa-opiskelun-vahvistaminen-sosionomikoulutuksessa\/#\/schema\/logo\/image\/"}}]}},"_links":{"self":[{"href":"https:\/\/hankkeet.karelia.fi\/tyon-ohessa-opiskelun-vahvistaminen-sosionomikoulutuksessa\/wp-json\/wp\/v2\/pages\/20","targetHints":{"allow":["GET"]}}],"collection":[{"href":"https:\/\/hankkeet.karelia.fi\/tyon-ohessa-opiskelun-vahvistaminen-sosionomikoulutuksessa\/wp-json\/wp\/v2\/pages"}],"about":[{"href":"https:\/\/hankkeet.karelia.fi\/tyon-ohessa-opiskelun-vahvistaminen-sosionomikoulutuksessa\/wp-json\/wp\/v2\/types\/page"}],"author":[{"embeddable":true,"href":"https:\/\/hankkeet.karelia.fi\/tyon-ohessa-opiskelun-vahvistaminen-sosionomikoulutuksessa\/wp-json\/wp\/v2\/users\/10"}],"replies":[{"embeddable":true,"href":"https:\/\/hankkeet.karelia.fi\/tyon-ohessa-opiskelun-vahvistaminen-sosionomikoulutuksessa\/wp-json\/wp\/v2\/comments?post=20"}],"version-history":[{"count":1,"href":"https:\/\/hankkeet.karelia.fi\/tyon-ohessa-opiskelun-vahvistaminen-sosionomikoulutuksessa\/wp-json\/wp\/v2\/pages\/20\/revisions"}],"predecessor-version":[{"id":40,"href":"https:\/\/hankkeet.karelia.fi\/tyon-ohessa-opiskelun-vahvistaminen-sosionomikoulutuksessa\/wp-json\/wp\/v2\/pages\/20\/revisions\/40"}],"wp:featuredmedia":[{"embeddable":true,"href":"https:\/\/hankkeet.karelia.fi\/tyon-ohessa-opiskelun-vahvistaminen-sosionomikoulutuksessa\/wp-json\/wp\/v2\/media\/17"}],"wp:attachment":[{"href":"https:\/\/hankkeet.karelia.fi\/tyon-ohessa-opiskelun-vahvistaminen-sosionomikoulutuksessa\/wp-json\/wp\/v2\/media?parent=20"}],"curies":[{"name":"wp","href":"https:\/\/api.w.org\/{rel}","templated":true}]}}