{"id":20,"date":"2026-03-17T10:32:42","date_gmt":"2026-03-17T08:32:42","guid":{"rendered":"https:\/\/hankkeet.karelia.fi\/uutta-osaamista-digitalisoituvaan-rakentamiseen\/uutta-osaamista-digitalisoituvaan-rakentamiseen-tietomallien-ja-simulaatioiden-tyoelamalahtoinen-kehittaminen\/"},"modified":"2026-04-07T15:42:28","modified_gmt":"2026-04-07T12:42:28","slug":"uutta-osaamista-digitalisoituvaan-rakentamiseen-tietomallien-ja-simulaatioiden-tyoelamalahtoinen-kehittaminen","status":"publish","type":"page","link":"https:\/\/hankkeet.karelia.fi\/uutta-osaamista-digitalisoituvaan-rakentamiseen\/","title":{"rendered":"Uutta osaamista digitalisoituvaan rakentamiseen \u2013 tietomallien ja simulaatioiden ty\u00f6el\u00e4m\u00e4l\u00e4ht\u00f6inen kehitt\u00e4minen"},"content":{"rendered":"\n<figure class=\"wp-block-image size-full is-resized\"><img decoding=\"async\" src=\"https:\/\/hankkeet.karelia.fi\/uutta-osaamista-digitalisoituvaan-rakentamiseen\/wp-content\/uploads\/sites\/29\/2026\/03\/ely_eu_palkki.jpg\" alt class=\"wp-image-75957\" style=\"width:623px;height:auto\"><\/figure>\n\n\n\n<p>Raken\u00adnusalal\u00adla on edess\u00e4\u00e4n paljon muu\u00adtok\u00adsia, joi\u00adhin sopeu\u00adtu\u00admi\u00adnen edel\u00adlyt\u00adt\u00e4\u00e4 alan toim\u00adi\u00adjoil\u00adta uut\u00adta osaamista. Uusi rak\u00aden\u00adtamis\u00adla\u00adki astuu voimaan 1.1.2025, joka aset\u00adtaa uusia osaamis\u00advaa\u00adtimuk\u00adsia raken\u00adnusalan ammat\u00adti\u00adlaisille. Laki tuo ilmas\u00adton\u00admuu\u00adtok\u00adsen tor\u00adjun\u00adnan kat\u00adtavasti osak\u00adsi rak\u00aden\u00adtamisen lain\u00ads\u00e4\u00e4d\u00e4n\u00adt\u00f6\u00e4, suju\u00advoit\u00adtaa rak\u00aden\u00adtamista, vauhdit\u00adtaa kier\u00adto\u00adtalout\u00adta, dig\u00adi\u00adtal\u00adisaa\u00adtio\u00adta sek\u00e4 paran\u00adtaa rak\u00aden\u00adtamisen laat\u00adua. Suh\u00addan\u00adtei\u00adden muuttues\u00adsa It\u00e4-Suomen raken\u00adnusalan toim\u00adi\u00adjoiden kil\u00adpailukyvyn kannal\u00adta on t\u00e4rke\u00e4\u00e4, ett\u00e4 lain edel\u00adlyt\u00adt\u00e4m\u00e4\u00e4 osaamista kehitet\u00e4\u00e4n ja yri\u00adtys\u00adten kil\u00adpailukyky esim. val\u00adtakun\u00adnal\u00adli\u00adsis\u00adsa kil\u00adpailu\u00adtuk\u00adsis\u00adsa kas\u00advaa. Raken\u00adnusalan tilanteel\u00adla ja kil\u00adpailukyvyl\u00adl\u00e4 on suuri vaiku\u00adtus my\u00f6s Suomen kykyyn luo\u00adda kasvua ja houkutel\u00adla investoin\u00adte\u00adja, sil\u00adl\u00e4 rak\u00aden\u00adtamisen osu\u00adus on 60 pros\u00adent\u00adtia maamme investoin\u00adneista ja 15 pros\u00adent\u00adtia brut\u00adtokansan\u00adtuot\u00adteesta.<\/p>\n\n\n\n<p>Raken\u00adnusalan dig\u00adi\u00adtal\u00adisoi\u00adtu\u00admi\u00adnen ja ener\u00adgiate\u00adhokku\u00adus\u00addi\u00adrek\u00adti\u00adivi tule\u00advat edel\u00adlyt\u00adt\u00e4m\u00e4\u00e4n yh\u00e4 tarkem\u00adpaa tieto\u00adjen rapor\u00adtoin\u00adtia. Uusi raken\u00adnus\u00adla\u00adki tulee edel\u00adlyt\u00adt\u00e4m\u00e4\u00e4n raken\u00adnusten suun\u00adnit\u00adtelu\u00adun ja toteut\u00adtamiseen lupaku\u00advat tietoma\u00adllimuo\u00addos\u00adsa. Raken\u00adnushankkei\u00adden tieto\u00adjen dig\u00adi\u00adtal\u00adisoi\u00adtu\u00admi\u00adnen mah\u00addol\u00adlis\u00adtaa jatkos\u00adsa yhteisty\u00f6n ja yhteenso\u00advi\u00adtuk\u00adsen rak\u00aden\u00adtamises\u00adsa eri osa\u00adpuolten kesken, helpot\u00adtaa ja tarken\u00adtaa m\u00e4\u00e4r\u00e4lasken\u00adtaa, helpot\u00adtaa mate\u00adri\u00adaalien uusiok\u00e4yt\u00adt\u00f6\u00e4, hiil\u00adi\u00adjalan\u00adj\u00e4lk\u00adi\u00adlasken\u00adtaa, logis\u00adti\u00adikkaa ja v\u00e4hen\u00adt\u00e4\u00e4 mate\u00adri\u00adaal\u00adi\u00adhukkaa. Dig\u00adi\u00adtaal\u00adisia tieto\u00adja voidaan hy\u00f6\u00addyn\u00adt\u00e4\u00e4 entist\u00e4 tehokkaam\u00admin rak\u00aden\u00adtei\u00adden ja teknis\u00adten ratkaisu\u00adjen sopeut\u00adtamises\u00adsa muut\u00adtuvaan ilmas\u00adtoon. Osaamisen kehit\u00adtymi\u00adnen tietoma\u00adllien tuot\u00adtamises\u00adsa mah\u00addol\u00adlis\u00adtaa edelleen tule\u00advaisu\u00adu\u00adden kehit\u00adtyv\u00e4t ratkaisut, kun halu\u00adtaan mm. simu\u00adloi\u00adda eri\u00adlais\u00adten rak\u00aden\u00adtei\u00adden sek\u00e4 teknis\u00adten ratkaisu\u00adjen sovel\u00adtuvu\u00adut\u00adta muut\u00adtuvis\u00adsa olo\u00adsuhteis\u00adsa.<\/p>\n\n\n\n<p>Han\u00adkkeen tavoit\u00adteena on kehit\u00adt\u00e4\u00e4 ty\u00f6el\u00e4m\u00e4l\u00e4ht\u00f6ist\u00e4 koulu\u00adtus\u00adta, tukea uusien toim\u00adintat\u00adapo\u00adjen hy\u00f6\u00addyn\u00adt\u00e4mist\u00e4 alueen yri\u00adtyk\u00adsis\u00ads\u00e4 ja kun\u00adnis\u00adsa, sek\u00e4 vas\u00adta\u00adta ty\u00f6el\u00e4m\u00e4n muu\u00adtok\u00adsista aiheutu\u00advi\u00adin osaamis\u00adtarpeisi\u00adin ja osaamis\u00adta\u00adson nos\u00adtoon. Han\u00adkkeessa kehitet\u00e4\u00e4n alan koulu\u00adtus\u00adsis\u00e4lt\u00f6j\u00e4, jot\u00adta tule\u00advaisu\u00adu\u00adden ty\u00f6voiman osaami\u00adnen kas\u00advaa muut\u00adtuvan ty\u00f6el\u00e4m\u00e4n ja lain\u00ads\u00e4\u00e4d\u00e4n\u00adn\u00f6n vaa\u00adtimuk\u00adsista. Osaamisen kaut\u00adta ty\u00f6voima ymm\u00e4rt\u00e4\u00e4 rak\u00aden\u00adtamisen dig\u00adi\u00adtal\u00adisaa\u00adtion mah\u00addol\u00adlisuuk\u00adsia ja osaa hy\u00f6\u00addyn\u00adt\u00e4\u00e4 suun\u00adnit\u00adtelus\u00adsa ja pro\u00adjek\u00adtien toteu\u00adtuk\u00adses\u00adsa mm. tietoma\u00adlle\u00adja, vir\u00adtu\u00adaal\u00adi\u00adtodel\u00adlisu\u00adut\u00adta sek\u00e4 teko\u00e4\u00adly\u00e4. Han\u00adkkeessa luo\u00addaan non-for\u00admaale\u00adja opin\u00adto\u00adsis\u00e4lt\u00f6j\u00e4 jatku\u00advan oppimisen mah\u00addol\u00adlis\u00adtamiseen alan toim\u00adi\u00adjoille.<\/p>\n\n\n\n<h2 class=\"wp-block-heading\">Hankkeen ty\u00f6paketit<\/h2>\n\n\n\n<p><strong>TP1. Rak\u00aden\u00adtamisen dig\u00adi\u00adtal\u00adisaa\u00adtio-osaamisen kehit\u00adt\u00e4mi\u00adnen<br><\/strong>1.1 Tietoma\u00adllintamisen ja dig\u00adi\u00adtal\u00adisaa\u00adtion koulu\u00adtus\u00adpol\u00adun kehit\u00adt\u00e4mi\u00adnen<br>1.2 Tietoma\u00adllintamisen ty\u00f6el\u00e4m\u00e4l\u00e4ht\u00f6i\u00adnen opin\u00adto\u00adpro\u00adjek\u00adti (pilot\u00adti)<br><strong>TP2. Vir\u00adtu\u00adaaliset oppimisym\u00adp\u00e4rist\u00f6t<br><\/strong>TP2.1 Sovel\u00adlus\u00adten yhteiske\u00adhit\u00adt\u00e4mi\u00adnen<br>TP2.2 Alako\u00adhtais\u00adten sis\u00e4lt\u00f6\u00adjen tuot\u00adta\u00admi\u00adnen ja pilo\u00adtoin\u00adti<br>TP2.3 Teko\u00e4\u00adlyp\u00adi\u00adlot\u00adti<br><strong>TP3. Jatku\u00adva oppimisen sis\u00e4lt\u00f6\u00adjen kehit\u00adt\u00e4mi\u00adnen<br><\/strong>3.1 Mikro-opin\u00adto\u00adjen luomi\u00adnen<br>3.2 Uuden tiedon jakami\u00adnen alan toim\u00adi\u00adjoille<\/p>\n\n\n\n<p>Han\u00adke vas\u00adtaa uuden raken\u00adnus\u00adlain osaamis\u00adtarpeisi\u00adin sek\u00e4 osaamis\u00adta\u00adson nos\u00adtoon. Han\u00adkkeessa edis\u00adtet\u00e4\u00e4n dig\u00adi\u00adtal\u00adisaa\u00adtion mah\u00addol\u00adlisuuk\u00adsia ja ratkaisu\u00adja ja kehitet\u00e4\u00e4n uusia koulu\u00adtus\u00adsis\u00e4lt\u00f6j\u00e4, jot\u00adka paran\u00adta\u00advat yri\u00adtys\u00adten tuot\u00adtavu\u00adut\u00adta ja tulok\u00adsel\u00adlista ty\u00f6n tekemist\u00e4. Tietoma\u00adllintamisen my\u00f6t\u00e4 vir\u00adtu\u00adaal\u00adi\u00adtodel\u00adlisu\u00adu\u00adden k\u00e4yt\u00adt\u00f6 rak\u00aden\u00adtamises\u00adsa lis\u00e4\u00e4n\u00adtyy merkit\u00adt\u00e4v\u00e4sti.<\/p>\n\n\n\n<p>Han\u00adkkeen toteut\u00adta\u00adjat: Kare\u00adlia-ammat\u00adtiko\u00adrkeak\u00adoulu. Yhteisty\u00f6kump\u00adpan\u00adi\u00adna alan toim\u00adi\u00adjoi\u00adta, kun\u00adtia ja j\u00e4r\u00adjest\u00f6j\u00e4.<br><br>Han\u00adket\u00adta osara\u00adhoit\u00adtaa Euroopan unioni (ESR+).<\/p>\n\n\n\n<h2 class=\"wp-block-heading\">Projektin kesto<\/h2>\n\n\n\n<p>1.9.2024 \u2014 31.8.2026<\/p>\n\n\n\n<h2 class=\"wp-block-heading\">Projektip\u00e4\u00e4llikk\u00f6<\/h2>\n\n\n\n<p><strong>Timo Rui<\/strong><br>Timo.Rui(a)karelia.fi<\/p>\n\n\n\n<figure class=\"wp-block-image size-full\"><img decoding=\"async\" src=\"https:\/\/hankkeet.karelia.fi\/uutta-osaamista-digitalisoituvaan-rakentamiseen\/wp-content\/uploads\/sites\/29\/2026\/03\/kk9_palkki.jpg\" alt class=\"wp-image-75960\"><\/figure>\n","protected":false},"excerpt":{"rendered":"<p>Raken\u00adnusalal\u00adla on edess\u00e4\u00e4n paljon muu\u00adtok\u00adsia, joi\u00adhin sopeu\u00adtu\u00admi\u00adnen edel\u00adlyt\u00adt\u00e4\u00e4 alan toim\u00adi\u00adjoil\u00adta uut\u00adta osaamista. Uusi rak\u00aden\u00adtamis\u00adla\u00adki astuu voimaan 1.1.2025, joka aset\u00adtaa uusia osaamis\u00advaa\u00adtimuk\u00adsia raken\u00adnusalan ammat\u00adti\u00adlaisille. Laki tuo ilmas\u00adton\u00admuu\u00adtok\u00adsen tor\u00adjun\u00adnan kat\u00adtavasti osak\u00adsi rak\u00aden\u00adtamisen lain\u00ads\u00e4\u00e4d\u00e4n\u00adt\u00f6\u00e4, suju\u00advoit\u00adtaa rak\u00aden\u00adtamista, vauhdit\u00adtaa kier\u00adto\u00adtalout\u00adta, dig\u00adi\u00adtal\u00adisaa\u00adtio\u00adta sek\u00e4 paran\u00adtaa rak\u00aden\u00adtamisen laat\u00adua. Suh\u00addan\u00adtei\u00adden muuttues\u00adsa It\u00e4-Suomen raken\u00adnusalan toim\u00adi\u00adjoiden kil\u00adpailukyvyn kannal\u00adta on t\u00e4rke\u00e4\u00e4, ett\u00e4 lain edel\u00adlyt\u00adt\u00e4m\u00e4\u00e4 osaamista kehitet\u00e4\u00e4n ja [\u2026]<\/p>\n","protected":false},"author":10,"featured_media":17,"parent":0,"menu_order":0,"comment_status":"closed","ping_status":"closed","template":"","meta":{"inline_featured_image":false,"wp_typography_post_enhancements_disabled":false,"footnotes":""},"class_list":["post-20","page","type-page","status-publish","has-post-thumbnail","hentry"],"yoast_head":"<!-- This site is optimized with the Yoast SEO plugin v27.5 - https:\/\/yoast.com\/product\/yoast-seo-wordpress\/ -->\n<title>Uutta osaamista digitalisoituvaan rakentamiseen &#8211; tietomallien ja simulaatioiden ty\u00f6el\u00e4m\u00e4l\u00e4ht\u00f6inen kehitt\u00e4minen - Uutta osaamista digitalisoituvaan rakentamiseen &#8211; tietomallien ja simulaatioiden ty\u00f6el\u00e4m\u00e4l\u00e4ht\u00f6inen kehitt\u00e4minen<\/title>\n<meta name=\"robots\" content=\"index, follow, max-snippet:-1, max-image-preview:large, max-video-preview:-1\" \/>\n<link rel=\"canonical\" href=\"https:\/\/hankkeet.karelia.fi\/uutta-osaamista-digitalisoituvaan-rakentamiseen\/\" \/>\n<meta property=\"og:locale\" content=\"fi_FI\" \/>\n<meta property=\"og:type\" content=\"article\" \/>\n<meta property=\"og:title\" content=\"Uutta osaamista digitalisoituvaan rakentamiseen &#8211; tietomallien ja simulaatioiden ty\u00f6el\u00e4m\u00e4l\u00e4ht\u00f6inen kehitt\u00e4minen - Uutta osaamista digitalisoituvaan rakentamiseen &#8211; tietomallien ja simulaatioiden ty\u00f6el\u00e4m\u00e4l\u00e4ht\u00f6inen kehitt\u00e4minen\" \/>\n<meta property=\"og:description\" content=\"Raken\u00adnusalal\u00adla on edess\u00e4\u00e4n paljon muu\u00adtok\u00adsia, joi\u00adhin sopeu\u00adtu\u00admi\u00adnen edel\u00adlyt\u00adt\u00e4\u00e4 alan toim\u00adi\u00adjoil\u00adta uut\u00adta osaamista. Uusi rak\u00aden\u00adtamis\u00adla\u00adki astuu voimaan 1.1.2025, joka aset\u00adtaa uusia osaamis\u00advaa\u00adtimuk\u00adsia raken\u00adnusalan ammat\u00adti\u00adlaisille. Laki tuo ilmas\u00adton\u00admuu\u00adtok\u00adsen tor\u00adjun\u00adnan kat\u00adtavasti osak\u00adsi rak\u00aden\u00adtamisen lain\u00ads\u00e4\u00e4d\u00e4n\u00adt\u00f6\u00e4, suju\u00advoit\u00adtaa rak\u00aden\u00adtamista, vauhdit\u00adtaa kier\u00adto\u00adtalout\u00adta, dig\u00adi\u00adtal\u00adisaa\u00adtio\u00adta sek\u00e4 paran\u00adtaa rak\u00aden\u00adtamisen laat\u00adua. Suh\u00addan\u00adtei\u00adden muuttues\u00adsa It\u00e4-Suomen raken\u00adnusalan toim\u00adi\u00adjoiden kil\u00adpailukyvyn kannal\u00adta on t\u00e4rke\u00e4\u00e4, ett\u00e4 lain edel\u00adlyt\u00adt\u00e4m\u00e4\u00e4 osaamista kehitet\u00e4\u00e4n ja [&hellip;]\" \/>\n<meta property=\"og:url\" content=\"https:\/\/hankkeet.karelia.fi\/uutta-osaamista-digitalisoituvaan-rakentamiseen\/\" \/>\n<meta property=\"og:site_name\" content=\"Uutta osaamista digitalisoituvaan rakentamiseen &#8211; tietomallien ja simulaatioiden ty\u00f6el\u00e4m\u00e4l\u00e4ht\u00f6inen kehitt\u00e4minen\" \/>\n<meta property=\"article:modified_time\" content=\"2026-04-07T12:42:28+00:00\" \/>\n<meta property=\"og:image\" content=\"https:\/\/hankkeet.karelia.fi\/uutta-osaamista-digitalisoituvaan-rakentamiseen\/wp-content\/uploads\/sites\/29\/2026\/03\/pr2-1-scaled-1.jpeg\" \/>\n\t<meta property=\"og:image:width\" content=\"2560\" \/>\n\t<meta property=\"og:image:height\" content=\"1230\" \/>\n\t<meta property=\"og:image:type\" content=\"image\/jpeg\" \/>\n<meta name=\"twitter:card\" content=\"summary_large_image\" \/>\n<meta name=\"twitter:label1\" content=\"Arvioitu lukuaika\" \/>\n\t<meta name=\"twitter:data1\" content=\"3 minuuttia\" \/>\n<script type=\"application\/ld+json\" class=\"yoast-schema-graph\">{\"@context\":\"https:\\\/\\\/schema.org\",\"@graph\":[{\"@type\":\"WebPage\",\"@id\":\"https:\\\/\\\/hankkeet.karelia.fi\\\/uutta-osaamista-digitalisoituvaan-rakentamiseen\\\/\",\"url\":\"https:\\\/\\\/hankkeet.karelia.fi\\\/uutta-osaamista-digitalisoituvaan-rakentamiseen\\\/\",\"name\":\"Uutta osaamista digitalisoituvaan rakentamiseen &#8211; tietomallien ja simulaatioiden ty\u00f6el\u00e4m\u00e4l\u00e4ht\u00f6inen kehitt\u00e4minen - Uutta osaamista digitalisoituvaan rakentamiseen &#8211; tietomallien ja simulaatioiden ty\u00f6el\u00e4m\u00e4l\u00e4ht\u00f6inen kehitt\u00e4minen\",\"isPartOf\":{\"@id\":\"https:\\\/\\\/hankkeet.karelia.fi\\\/uutta-osaamista-digitalisoituvaan-rakentamiseen\\\/#website\"},\"primaryImageOfPage\":{\"@id\":\"https:\\\/\\\/hankkeet.karelia.fi\\\/uutta-osaamista-digitalisoituvaan-rakentamiseen\\\/#primaryimage\"},\"image\":{\"@id\":\"https:\\\/\\\/hankkeet.karelia.fi\\\/uutta-osaamista-digitalisoituvaan-rakentamiseen\\\/#primaryimage\"},\"thumbnailUrl\":\"https:\\\/\\\/hankkeet.karelia.fi\\\/uutta-osaamista-digitalisoituvaan-rakentamiseen\\\/wp-content\\\/uploads\\\/sites\\\/29\\\/2026\\\/03\\\/pr2-1-scaled-1.jpeg\",\"datePublished\":\"2026-03-17T08:32:42+00:00\",\"dateModified\":\"2026-04-07T12:42:28+00:00\",\"breadcrumb\":{\"@id\":\"https:\\\/\\\/hankkeet.karelia.fi\\\/uutta-osaamista-digitalisoituvaan-rakentamiseen\\\/#breadcrumb\"},\"inLanguage\":\"fi\",\"potentialAction\":[{\"@type\":\"ReadAction\",\"target\":[\"https:\\\/\\\/hankkeet.karelia.fi\\\/uutta-osaamista-digitalisoituvaan-rakentamiseen\\\/\"]}]},{\"@type\":\"ImageObject\",\"inLanguage\":\"fi\",\"@id\":\"https:\\\/\\\/hankkeet.karelia.fi\\\/uutta-osaamista-digitalisoituvaan-rakentamiseen\\\/#primaryimage\",\"url\":\"https:\\\/\\\/hankkeet.karelia.fi\\\/uutta-osaamista-digitalisoituvaan-rakentamiseen\\\/wp-content\\\/uploads\\\/sites\\\/29\\\/2026\\\/03\\\/pr2-1-scaled-1.jpeg\",\"contentUrl\":\"https:\\\/\\\/hankkeet.karelia.fi\\\/uutta-osaamista-digitalisoituvaan-rakentamiseen\\\/wp-content\\\/uploads\\\/sites\\\/29\\\/2026\\\/03\\\/pr2-1-scaled-1.jpeg\",\"width\":2560,\"height\":1230},{\"@type\":\"BreadcrumbList\",\"@id\":\"https:\\\/\\\/hankkeet.karelia.fi\\\/uutta-osaamista-digitalisoituvaan-rakentamiseen\\\/#breadcrumb\",\"itemListElement\":[{\"@type\":\"ListItem\",\"position\":1,\"name\":\"Home\",\"item\":\"https:\\\/\\\/hankkeet.karelia.fi\\\/uutta-osaamista-digitalisoituvaan-rakentamiseen\\\/\"},{\"@type\":\"ListItem\",\"position\":2,\"name\":\"Uutta osaamista digitalisoituvaan rakentamiseen &#8211; tietomallien ja simulaatioiden ty\u00f6el\u00e4m\u00e4l\u00e4ht\u00f6inen kehitt\u00e4minen\"}]},{\"@type\":\"WebSite\",\"@id\":\"https:\\\/\\\/hankkeet.karelia.fi\\\/uutta-osaamista-digitalisoituvaan-rakentamiseen\\\/#website\",\"url\":\"https:\\\/\\\/hankkeet.karelia.fi\\\/uutta-osaamista-digitalisoituvaan-rakentamiseen\\\/\",\"name\":\"Uutta osaamista digitalisoituvaan rakentamiseen &#8211; tietomallien ja simulaatioiden ty\u00f6el\u00e4m\u00e4l\u00e4ht\u00f6inen kehitt\u00e4minen\",\"description\":\"\",\"publisher\":{\"@id\":\"https:\\\/\\\/hankkeet.karelia.fi\\\/uutta-osaamista-digitalisoituvaan-rakentamiseen\\\/#organization\"},\"potentialAction\":[{\"@type\":\"SearchAction\",\"target\":{\"@type\":\"EntryPoint\",\"urlTemplate\":\"https:\\\/\\\/hankkeet.karelia.fi\\\/uutta-osaamista-digitalisoituvaan-rakentamiseen\\\/?s={search_term_string}\"},\"query-input\":{\"@type\":\"PropertyValueSpecification\",\"valueRequired\":true,\"valueName\":\"search_term_string\"}}],\"inLanguage\":\"fi\"},{\"@type\":\"Organization\",\"@id\":\"https:\\\/\\\/hankkeet.karelia.fi\\\/uutta-osaamista-digitalisoituvaan-rakentamiseen\\\/#organization\",\"name\":\"Uutta osaamista digitalisoituvaan rakentamiseen &#8211; tietomallien ja simulaatioiden ty\u00f6el\u00e4m\u00e4l\u00e4ht\u00f6inen kehitt\u00e4minen\",\"url\":\"https:\\\/\\\/hankkeet.karelia.fi\\\/uutta-osaamista-digitalisoituvaan-rakentamiseen\\\/\",\"logo\":{\"@type\":\"ImageObject\",\"inLanguage\":\"fi\",\"@id\":\"https:\\\/\\\/hankkeet.karelia.fi\\\/uutta-osaamista-digitalisoituvaan-rakentamiseen\\\/#\\\/schema\\\/logo\\\/image\\\/\",\"url\":\"https:\\\/\\\/hankkeet.karelia.fi\\\/uutta-osaamista-digitalisoituvaan-rakentamiseen\\\/wp-content\\\/uploads\\\/sites\\\/29\\\/2026\\\/03\\\/cropped-cropped-Karelia_AMK_logo_RGB-1.png\",\"contentUrl\":\"https:\\\/\\\/hankkeet.karelia.fi\\\/uutta-osaamista-digitalisoituvaan-rakentamiseen\\\/wp-content\\\/uploads\\\/sites\\\/29\\\/2026\\\/03\\\/cropped-cropped-Karelia_AMK_logo_RGB-1.png\",\"width\":427,\"height\":116,\"caption\":\"Uutta osaamista digitalisoituvaan rakentamiseen &#8211; tietomallien ja simulaatioiden ty\u00f6el\u00e4m\u00e4l\u00e4ht\u00f6inen kehitt\u00e4minen\"},\"image\":{\"@id\":\"https:\\\/\\\/hankkeet.karelia.fi\\\/uutta-osaamista-digitalisoituvaan-rakentamiseen\\\/#\\\/schema\\\/logo\\\/image\\\/\"}}]}<\/script>\n<!-- \/ Yoast SEO plugin. -->","yoast_head_json":{"title":"Uutta osaamista digitalisoituvaan rakentamiseen &#8211; tietomallien ja simulaatioiden ty\u00f6el\u00e4m\u00e4l\u00e4ht\u00f6inen kehitt\u00e4minen - Uutta osaamista digitalisoituvaan rakentamiseen &#8211; tietomallien ja simulaatioiden ty\u00f6el\u00e4m\u00e4l\u00e4ht\u00f6inen kehitt\u00e4minen","robots":{"index":"index","follow":"follow","max-snippet":"max-snippet:-1","max-image-preview":"max-image-preview:large","max-video-preview":"max-video-preview:-1"},"canonical":"https:\/\/hankkeet.karelia.fi\/uutta-osaamista-digitalisoituvaan-rakentamiseen\/","og_locale":"fi_FI","og_type":"article","og_title":"Uutta osaamista digitalisoituvaan rakentamiseen &#8211; tietomallien ja simulaatioiden ty\u00f6el\u00e4m\u00e4l\u00e4ht\u00f6inen kehitt\u00e4minen - Uutta osaamista digitalisoituvaan rakentamiseen &#8211; tietomallien ja simulaatioiden ty\u00f6el\u00e4m\u00e4l\u00e4ht\u00f6inen kehitt\u00e4minen","og_description":"Raken\u00adnusalal\u00adla on edess\u00e4\u00e4n paljon muu\u00adtok\u00adsia, joi\u00adhin sopeu\u00adtu\u00admi\u00adnen edel\u00adlyt\u00adt\u00e4\u00e4 alan toim\u00adi\u00adjoil\u00adta uut\u00adta osaamista. Uusi rak\u00aden\u00adtamis\u00adla\u00adki astuu voimaan 1.1.2025, joka aset\u00adtaa uusia osaamis\u00advaa\u00adtimuk\u00adsia raken\u00adnusalan ammat\u00adti\u00adlaisille. Laki tuo ilmas\u00adton\u00admuu\u00adtok\u00adsen tor\u00adjun\u00adnan kat\u00adtavasti osak\u00adsi rak\u00aden\u00adtamisen lain\u00ads\u00e4\u00e4d\u00e4n\u00adt\u00f6\u00e4, suju\u00advoit\u00adtaa rak\u00aden\u00adtamista, vauhdit\u00adtaa kier\u00adto\u00adtalout\u00adta, dig\u00adi\u00adtal\u00adisaa\u00adtio\u00adta sek\u00e4 paran\u00adtaa rak\u00aden\u00adtamisen laat\u00adua. Suh\u00addan\u00adtei\u00adden muuttues\u00adsa It\u00e4-Suomen raken\u00adnusalan toim\u00adi\u00adjoiden kil\u00adpailukyvyn kannal\u00adta on t\u00e4rke\u00e4\u00e4, ett\u00e4 lain edel\u00adlyt\u00adt\u00e4m\u00e4\u00e4 osaamista kehitet\u00e4\u00e4n ja [&hellip;]","og_url":"https:\/\/hankkeet.karelia.fi\/uutta-osaamista-digitalisoituvaan-rakentamiseen\/","og_site_name":"Uutta osaamista digitalisoituvaan rakentamiseen &#8211; tietomallien ja simulaatioiden ty\u00f6el\u00e4m\u00e4l\u00e4ht\u00f6inen kehitt\u00e4minen","article_modified_time":"2026-04-07T12:42:28+00:00","og_image":[{"width":2560,"height":1230,"url":"https:\/\/hankkeet.karelia.fi\/uutta-osaamista-digitalisoituvaan-rakentamiseen\/wp-content\/uploads\/sites\/29\/2026\/03\/pr2-1-scaled-1.jpeg","type":"image\/jpeg"}],"twitter_card":"summary_large_image","twitter_misc":{"Arvioitu lukuaika":"3 minuuttia"},"schema":{"@context":"https:\/\/schema.org","@graph":[{"@type":"WebPage","@id":"https:\/\/hankkeet.karelia.fi\/uutta-osaamista-digitalisoituvaan-rakentamiseen\/","url":"https:\/\/hankkeet.karelia.fi\/uutta-osaamista-digitalisoituvaan-rakentamiseen\/","name":"Uutta osaamista digitalisoituvaan rakentamiseen &#8211; tietomallien ja simulaatioiden ty\u00f6el\u00e4m\u00e4l\u00e4ht\u00f6inen kehitt\u00e4minen - Uutta osaamista digitalisoituvaan rakentamiseen &#8211; tietomallien ja simulaatioiden ty\u00f6el\u00e4m\u00e4l\u00e4ht\u00f6inen kehitt\u00e4minen","isPartOf":{"@id":"https:\/\/hankkeet.karelia.fi\/uutta-osaamista-digitalisoituvaan-rakentamiseen\/#website"},"primaryImageOfPage":{"@id":"https:\/\/hankkeet.karelia.fi\/uutta-osaamista-digitalisoituvaan-rakentamiseen\/#primaryimage"},"image":{"@id":"https:\/\/hankkeet.karelia.fi\/uutta-osaamista-digitalisoituvaan-rakentamiseen\/#primaryimage"},"thumbnailUrl":"https:\/\/hankkeet.karelia.fi\/uutta-osaamista-digitalisoituvaan-rakentamiseen\/wp-content\/uploads\/sites\/29\/2026\/03\/pr2-1-scaled-1.jpeg","datePublished":"2026-03-17T08:32:42+00:00","dateModified":"2026-04-07T12:42:28+00:00","breadcrumb":{"@id":"https:\/\/hankkeet.karelia.fi\/uutta-osaamista-digitalisoituvaan-rakentamiseen\/#breadcrumb"},"inLanguage":"fi","potentialAction":[{"@type":"ReadAction","target":["https:\/\/hankkeet.karelia.fi\/uutta-osaamista-digitalisoituvaan-rakentamiseen\/"]}]},{"@type":"ImageObject","inLanguage":"fi","@id":"https:\/\/hankkeet.karelia.fi\/uutta-osaamista-digitalisoituvaan-rakentamiseen\/#primaryimage","url":"https:\/\/hankkeet.karelia.fi\/uutta-osaamista-digitalisoituvaan-rakentamiseen\/wp-content\/uploads\/sites\/29\/2026\/03\/pr2-1-scaled-1.jpeg","contentUrl":"https:\/\/hankkeet.karelia.fi\/uutta-osaamista-digitalisoituvaan-rakentamiseen\/wp-content\/uploads\/sites\/29\/2026\/03\/pr2-1-scaled-1.jpeg","width":2560,"height":1230},{"@type":"BreadcrumbList","@id":"https:\/\/hankkeet.karelia.fi\/uutta-osaamista-digitalisoituvaan-rakentamiseen\/#breadcrumb","itemListElement":[{"@type":"ListItem","position":1,"name":"Home","item":"https:\/\/hankkeet.karelia.fi\/uutta-osaamista-digitalisoituvaan-rakentamiseen\/"},{"@type":"ListItem","position":2,"name":"Uutta osaamista digitalisoituvaan rakentamiseen &#8211; tietomallien ja simulaatioiden ty\u00f6el\u00e4m\u00e4l\u00e4ht\u00f6inen kehitt\u00e4minen"}]},{"@type":"WebSite","@id":"https:\/\/hankkeet.karelia.fi\/uutta-osaamista-digitalisoituvaan-rakentamiseen\/#website","url":"https:\/\/hankkeet.karelia.fi\/uutta-osaamista-digitalisoituvaan-rakentamiseen\/","name":"Uutta osaamista digitalisoituvaan rakentamiseen &#8211; tietomallien ja simulaatioiden ty\u00f6el\u00e4m\u00e4l\u00e4ht\u00f6inen kehitt\u00e4minen","description":"","publisher":{"@id":"https:\/\/hankkeet.karelia.fi\/uutta-osaamista-digitalisoituvaan-rakentamiseen\/#organization"},"potentialAction":[{"@type":"SearchAction","target":{"@type":"EntryPoint","urlTemplate":"https:\/\/hankkeet.karelia.fi\/uutta-osaamista-digitalisoituvaan-rakentamiseen\/?s={search_term_string}"},"query-input":{"@type":"PropertyValueSpecification","valueRequired":true,"valueName":"search_term_string"}}],"inLanguage":"fi"},{"@type":"Organization","@id":"https:\/\/hankkeet.karelia.fi\/uutta-osaamista-digitalisoituvaan-rakentamiseen\/#organization","name":"Uutta osaamista digitalisoituvaan rakentamiseen &#8211; tietomallien ja simulaatioiden ty\u00f6el\u00e4m\u00e4l\u00e4ht\u00f6inen kehitt\u00e4minen","url":"https:\/\/hankkeet.karelia.fi\/uutta-osaamista-digitalisoituvaan-rakentamiseen\/","logo":{"@type":"ImageObject","inLanguage":"fi","@id":"https:\/\/hankkeet.karelia.fi\/uutta-osaamista-digitalisoituvaan-rakentamiseen\/#\/schema\/logo\/image\/","url":"https:\/\/hankkeet.karelia.fi\/uutta-osaamista-digitalisoituvaan-rakentamiseen\/wp-content\/uploads\/sites\/29\/2026\/03\/cropped-cropped-Karelia_AMK_logo_RGB-1.png","contentUrl":"https:\/\/hankkeet.karelia.fi\/uutta-osaamista-digitalisoituvaan-rakentamiseen\/wp-content\/uploads\/sites\/29\/2026\/03\/cropped-cropped-Karelia_AMK_logo_RGB-1.png","width":427,"height":116,"caption":"Uutta osaamista digitalisoituvaan rakentamiseen &#8211; tietomallien ja simulaatioiden ty\u00f6el\u00e4m\u00e4l\u00e4ht\u00f6inen kehitt\u00e4minen"},"image":{"@id":"https:\/\/hankkeet.karelia.fi\/uutta-osaamista-digitalisoituvaan-rakentamiseen\/#\/schema\/logo\/image\/"}}]}},"_links":{"self":[{"href":"https:\/\/hankkeet.karelia.fi\/uutta-osaamista-digitalisoituvaan-rakentamiseen\/wp-json\/wp\/v2\/pages\/20","targetHints":{"allow":["GET"]}}],"collection":[{"href":"https:\/\/hankkeet.karelia.fi\/uutta-osaamista-digitalisoituvaan-rakentamiseen\/wp-json\/wp\/v2\/pages"}],"about":[{"href":"https:\/\/hankkeet.karelia.fi\/uutta-osaamista-digitalisoituvaan-rakentamiseen\/wp-json\/wp\/v2\/types\/page"}],"author":[{"embeddable":true,"href":"https:\/\/hankkeet.karelia.fi\/uutta-osaamista-digitalisoituvaan-rakentamiseen\/wp-json\/wp\/v2\/users\/10"}],"replies":[{"embeddable":true,"href":"https:\/\/hankkeet.karelia.fi\/uutta-osaamista-digitalisoituvaan-rakentamiseen\/wp-json\/wp\/v2\/comments?post=20"}],"version-history":[{"count":1,"href":"https:\/\/hankkeet.karelia.fi\/uutta-osaamista-digitalisoituvaan-rakentamiseen\/wp-json\/wp\/v2\/pages\/20\/revisions"}],"predecessor-version":[{"id":22,"href":"https:\/\/hankkeet.karelia.fi\/uutta-osaamista-digitalisoituvaan-rakentamiseen\/wp-json\/wp\/v2\/pages\/20\/revisions\/22"}],"wp:featuredmedia":[{"embeddable":true,"href":"https:\/\/hankkeet.karelia.fi\/uutta-osaamista-digitalisoituvaan-rakentamiseen\/wp-json\/wp\/v2\/media\/17"}],"wp:attachment":[{"href":"https:\/\/hankkeet.karelia.fi\/uutta-osaamista-digitalisoituvaan-rakentamiseen\/wp-json\/wp\/v2\/media?parent=20"}],"curies":[{"name":"wp","href":"https:\/\/api.w.org\/{rel}","templated":true}]}}