{"id":19,"date":"2026-03-17T12:19:03","date_gmt":"2026-03-17T10:19:03","guid":{"rendered":"https:\/\/hankkeet.karelia.fi\/uutta-yrittajyytta-ja-yrittajyysosaamista-tekoalyn-avulla-draft-ohjelmassa-2024\/uutta-yrittajyytta-ja-yrittajyysosaamista-tekoalyn-avulla-draft-ohjelmassa-2024\/"},"modified":"2026-03-17T12:19:03","modified_gmt":"2026-03-17T10:19:03","slug":"uutta-yrittajyytta-ja-yrittajyysosaamista-tekoalyn-avulla-draft-ohjelmassa-2024","status":"publish","type":"page","link":"https:\/\/hankkeet.karelia.fi\/uutta-yrittajyytta-ja-yrittajyysosaamista-tekoalyn-avulla-draft-ohjelmassa-2024\/","title":{"rendered":"Uutta yritt\u00e4jyytt\u00e4 ja yritt\u00e4jyysosaamista teko\u00e4lyn avulla Draft-ohjelmassa 2024"},"content":{"rendered":"\n<figure class=\"wp-block-image size-full is-resized\"><img decoding=\"async\" src=\"https:\/\/hankkeet.karelia.fi\/uutta-yrittajyytta-ja-yrittajyysosaamista-tekoalyn-avulla-draft-ohjelmassa-2024\/wp-content\/uploads\/sites\/43\/2026\/03\/karelia-otsakorpi.jpg\" alt class=\"wp-image-69644\" style=\"width:341px;height:auto\"><\/figure>\n\n\n\n<p>Han\u00adkkeen toim\u00adinta sulau\u00adtuu osak\u00adsi Otsako\u00adr\u00adven s\u00e4\u00e4ti\u00f6n tuke\u00adma Draft-yrit\u00adt\u00e4jyyso\u00adhjel\u00admaa, jota Kare\u00adlia ja Rive\u00adria yhdess\u00e4 toteut\u00adta\u00advat. Ohjel\u00adma on aiem\u00admin johtanut esimerkik\u00adsi 12 uuden yri\u00adtyk\u00adsen perus\u00adtamiseen Joen\u00adsu\u00adus\u00adsa vuon\u00adna 2022. Teko\u00e4\u00adly\u00adty\u00f6kalu\u00adjen, kuten ChatGPT:n, nousun my\u00f6t\u00e4 on n\u00e4hty mah\u00addol\u00adlisu\u00adus kehit\u00adt\u00e4\u00e4 yri\u00adtys\u00adval\u00admen\u00adnus\u00adta ja alka\u00advien yrit\u00adt\u00e4jien tukemista. <\/p>\n\n\n\n<p>Han\u00adkkeessa (1.7.2023 \u2013 31.12.2024) pyrit\u00e4\u00e4n hy\u00f6\u00addyn\u00adt\u00e4m\u00e4\u00e4n teko\u00e4\u00adly\u00e4 yrit\u00adt\u00e4jyy\u00adden edis\u00adt\u00e4misess\u00e4, rahoit\u00adta\u00admaan ja val\u00admen\u00adta\u00admaan Kare\u00adlia- ja Rive\u00adri\u00adal\u00e4ht\u00f6isi\u00e4 tiime\u00adj\u00e4 sek\u00e4 j\u00e4r\u00adjest\u00e4m\u00e4\u00e4n face-to-face \u2011kohtaamisia yrit\u00adt\u00e4j\u00e4ti\u00adimien kesken.<\/p>\n\n\n\n<h2 class=\"wp-block-heading\">Projektin kesto<\/h2>\n\n\n\n<p>1.8.2023 \u2014 31.12.2024<\/p>\n\n\n\n<h2 class=\"wp-block-heading\">Projektip\u00e4\u00e4llikk\u00f6<\/h2>\n\n\n\n<p><strong>Heik\u00adki Immo\u00adnen<\/strong><br>Heikki.Immonen(a)karelia.fi<\/p>\n\n\n\n<h2 class=\"wp-block-heading\">Rahoitus<\/h2>\n\n\n\n<p>William ja Ester Otsako\u00adr\u00adven s\u00e4\u00e4ti\u00f6<\/p>\n","protected":false},"excerpt":{"rendered":"<p>Han\u00adkkeen toim\u00adinta sulau\u00adtuu osak\u00adsi Otsako\u00adr\u00adven s\u00e4\u00e4ti\u00f6n tuke\u00adma Draft-yrit\u00adt\u00e4jyyso\u00adh\u00adjel\u00ad\u00admaa, jota Kare\u00adlia ja Rive\u00adria yhdess\u00e4 toteut\u00adta\u00advat. Ohjel\u00adma on aiem\u00admin johtanut esimerkik\u00adsi 12 uuden yri\u00adtyk\u00adsen perus\u00adtamiseen Joen\u00adsu\u00adus\u00adsa vuon\u00adna 2022. Teko\u00e4\u00adly\u00adty\u00f6kalu\u00adjen, kuten ChatGPT:n, nousun my\u00f6t\u00e4 on n\u00e4hty mah\u00addol\u00adlisu\u00adus kehit\u00adt\u00e4\u00e4 yri\u00adtys\u00adval\u00admen\u00adnus\u00adta ja alka\u00advien yrit\u00adt\u00e4jien tukemista. Han\u00adkkeessa (1.7.2023 \u2013 31.12.2024) pyrit\u00e4\u00e4n hy\u00f6\u00addyn\u00adt\u00e4m\u00e4\u00e4n teko\u00e4\u00adly\u00e4 yrit\u00adt\u00e4jyy\u00adden edis\u00adt\u00e4misess\u00e4, rahoit\u00adta\u00admaan ja val\u00admen\u00adta\u00admaan Kare\u00adlia- ja Rive\u00adri\u00adal\u00e4ht\u00f6isi\u00e4 [\u2026]<\/p>\n","protected":false},"author":0,"featured_media":17,"parent":0,"menu_order":0,"comment_status":"closed","ping_status":"closed","template":"","meta":{"inline_featured_image":false,"wp_typography_post_enhancements_disabled":false,"footnotes":""},"class_list":["post-19","page","type-page","status-publish","has-post-thumbnail","hentry"],"yoast_head":"<!-- This site is optimized with the Yoast SEO plugin v27.5 - https:\/\/yoast.com\/product\/yoast-seo-wordpress\/ -->\n<title>Uutta yritt\u00e4jyytt\u00e4 ja yritt\u00e4jyysosaamista teko\u00e4lyn avulla Draft-ohjelmassa 2024 - Uutta yritt\u00e4jyytt\u00e4 ja yritt\u00e4jyysosaamista teko\u00e4lyn avulla Draft-ohjelmassa 2024<\/title>\n<meta name=\"robots\" content=\"index, follow, max-snippet:-1, max-image-preview:large, max-video-preview:-1\" \/>\n<link rel=\"canonical\" href=\"https:\/\/hankkeet.karelia.fi\/uutta-yrittajyytta-ja-yrittajyysosaamista-tekoalyn-avulla-draft-ohjelmassa-2024\/\" \/>\n<meta property=\"og:locale\" content=\"fi_FI\" \/>\n<meta property=\"og:type\" content=\"article\" \/>\n<meta property=\"og:title\" content=\"Uutta yritt\u00e4jyytt\u00e4 ja yritt\u00e4jyysosaamista teko\u00e4lyn avulla Draft-ohjelmassa 2024 - Uutta yritt\u00e4jyytt\u00e4 ja yritt\u00e4jyysosaamista teko\u00e4lyn avulla Draft-ohjelmassa 2024\" \/>\n<meta property=\"og:description\" content=\"Han\u00adkkeen toim\u00adinta sulau\u00adtuu osak\u00adsi Otsako\u00adr\u00adven s\u00e4\u00e4ti\u00f6n tuke\u00adma Draft-yrit\u00adt\u00e4jyyso\u00adhjel\u00admaa, jota Kare\u00adlia ja Rive\u00adria yhdess\u00e4 toteut\u00adta\u00advat. Ohjel\u00adma on aiem\u00admin johtanut esimerkik\u00adsi 12 uuden yri\u00adtyk\u00adsen perus\u00adtamiseen Joen\u00adsu\u00adus\u00adsa vuon\u00adna 2022. Teko\u00e4\u00adly\u00adty\u00f6kalu\u00adjen, kuten ChatGPT:n, nousun my\u00f6t\u00e4 on n\u00e4hty mah\u00addol\u00adlisu\u00adus kehit\u00adt\u00e4\u00e4 yri\u00adtys\u00adval\u00admen\u00adnus\u00adta ja alka\u00advien yrit\u00adt\u00e4jien tukemista. Han\u00adkkeessa (1.7.2023 \u2013 31.12.2024) pyrit\u00e4\u00e4n hy\u00f6\u00addyn\u00adt\u00e4m\u00e4\u00e4n teko\u00e4\u00adly\u00e4 yrit\u00adt\u00e4jyy\u00adden edis\u00adt\u00e4misess\u00e4, rahoit\u00adta\u00admaan ja val\u00admen\u00adta\u00admaan Kare\u00adlia- ja Rive\u00adri\u00adal\u00e4ht\u00f6isi\u00e4 [&hellip;]\" \/>\n<meta property=\"og:url\" content=\"https:\/\/hankkeet.karelia.fi\/uutta-yrittajyytta-ja-yrittajyysosaamista-tekoalyn-avulla-draft-ohjelmassa-2024\/\" \/>\n<meta property=\"og:site_name\" content=\"Uutta yritt\u00e4jyytt\u00e4 ja yritt\u00e4jyysosaamista teko\u00e4lyn avulla Draft-ohjelmassa 2024\" \/>\n<meta name=\"twitter:card\" content=\"summary_large_image\" \/>\n<script type=\"application\/ld+json\" class=\"yoast-schema-graph\">{\"@context\":\"https:\\\/\\\/schema.org\",\"@graph\":[{\"@type\":\"WebPage\",\"@id\":\"https:\\\/\\\/hankkeet.karelia.fi\\\/uutta-yrittajyytta-ja-yrittajyysosaamista-tekoalyn-avulla-draft-ohjelmassa-2024\\\/\",\"url\":\"https:\\\/\\\/hankkeet.karelia.fi\\\/uutta-yrittajyytta-ja-yrittajyysosaamista-tekoalyn-avulla-draft-ohjelmassa-2024\\\/\",\"name\":\"Uutta yritt\u00e4jyytt\u00e4 ja yritt\u00e4jyysosaamista teko\u00e4lyn avulla Draft-ohjelmassa 2024 - Uutta yritt\u00e4jyytt\u00e4 ja yritt\u00e4jyysosaamista teko\u00e4lyn avulla Draft-ohjelmassa 2024\",\"isPartOf\":{\"@id\":\"https:\\\/\\\/hankkeet.karelia.fi\\\/uutta-yrittajyytta-ja-yrittajyysosaamista-tekoalyn-avulla-draft-ohjelmassa-2024\\\/#website\"},\"primaryImageOfPage\":{\"@id\":\"https:\\\/\\\/hankkeet.karelia.fi\\\/uutta-yrittajyytta-ja-yrittajyysosaamista-tekoalyn-avulla-draft-ohjelmassa-2024\\\/#primaryimage\"},\"image\":{\"@id\":\"https:\\\/\\\/hankkeet.karelia.fi\\\/uutta-yrittajyytta-ja-yrittajyysosaamista-tekoalyn-avulla-draft-ohjelmassa-2024\\\/#primaryimage\"},\"thumbnailUrl\":\"https:\\\/\\\/hankkeet.karelia.fi\\\/uutta-yrittajyytta-ja-yrittajyysosaamista-tekoalyn-avulla-draft-ohjelmassa-2024\\\/wp-content\\\/uploads\\\/sites\\\/43\\\/2026\\\/03\\\/DSC07174-scaled-e1713851648518.jpg\",\"datePublished\":\"2026-03-17T10:19:03+00:00\",\"breadcrumb\":{\"@id\":\"https:\\\/\\\/hankkeet.karelia.fi\\\/uutta-yrittajyytta-ja-yrittajyysosaamista-tekoalyn-avulla-draft-ohjelmassa-2024\\\/#breadcrumb\"},\"inLanguage\":\"fi\",\"potentialAction\":[{\"@type\":\"ReadAction\",\"target\":[\"https:\\\/\\\/hankkeet.karelia.fi\\\/uutta-yrittajyytta-ja-yrittajyysosaamista-tekoalyn-avulla-draft-ohjelmassa-2024\\\/\"]}]},{\"@type\":\"ImageObject\",\"inLanguage\":\"fi\",\"@id\":\"https:\\\/\\\/hankkeet.karelia.fi\\\/uutta-yrittajyytta-ja-yrittajyysosaamista-tekoalyn-avulla-draft-ohjelmassa-2024\\\/#primaryimage\",\"url\":\"https:\\\/\\\/hankkeet.karelia.fi\\\/uutta-yrittajyytta-ja-yrittajyysosaamista-tekoalyn-avulla-draft-ohjelmassa-2024\\\/wp-content\\\/uploads\\\/sites\\\/43\\\/2026\\\/03\\\/DSC07174-scaled-e1713851648518.jpg\",\"contentUrl\":\"https:\\\/\\\/hankkeet.karelia.fi\\\/uutta-yrittajyytta-ja-yrittajyysosaamista-tekoalyn-avulla-draft-ohjelmassa-2024\\\/wp-content\\\/uploads\\\/sites\\\/43\\\/2026\\\/03\\\/DSC07174-scaled-e1713851648518.jpg\",\"width\":2560,\"height\":938},{\"@type\":\"BreadcrumbList\",\"@id\":\"https:\\\/\\\/hankkeet.karelia.fi\\\/uutta-yrittajyytta-ja-yrittajyysosaamista-tekoalyn-avulla-draft-ohjelmassa-2024\\\/#breadcrumb\",\"itemListElement\":[{\"@type\":\"ListItem\",\"position\":1,\"name\":\"Home\",\"item\":\"https:\\\/\\\/hankkeet.karelia.fi\\\/uutta-yrittajyytta-ja-yrittajyysosaamista-tekoalyn-avulla-draft-ohjelmassa-2024\\\/uutta-yrittajyytta-ja-yrittajyysosaamista-tekoalyn-avulla-draft-ohjelmassa-2024\\\/\"},{\"@type\":\"ListItem\",\"position\":2,\"name\":\"Uutta yritt\u00e4jyytt\u00e4 ja yritt\u00e4jyysosaamista teko\u00e4lyn avulla Draft-ohjelmassa 2024\"}]},{\"@type\":\"WebSite\",\"@id\":\"https:\\\/\\\/hankkeet.karelia.fi\\\/uutta-yrittajyytta-ja-yrittajyysosaamista-tekoalyn-avulla-draft-ohjelmassa-2024\\\/#website\",\"url\":\"https:\\\/\\\/hankkeet.karelia.fi\\\/uutta-yrittajyytta-ja-yrittajyysosaamista-tekoalyn-avulla-draft-ohjelmassa-2024\\\/\",\"name\":\"Uutta yritt\u00e4jyytt\u00e4 ja yritt\u00e4jyysosaamista teko\u00e4lyn avulla Draft-ohjelmassa 2024\",\"description\":\"\",\"publisher\":{\"@id\":\"https:\\\/\\\/hankkeet.karelia.fi\\\/uutta-yrittajyytta-ja-yrittajyysosaamista-tekoalyn-avulla-draft-ohjelmassa-2024\\\/#organization\"},\"potentialAction\":[{\"@type\":\"SearchAction\",\"target\":{\"@type\":\"EntryPoint\",\"urlTemplate\":\"https:\\\/\\\/hankkeet.karelia.fi\\\/uutta-yrittajyytta-ja-yrittajyysosaamista-tekoalyn-avulla-draft-ohjelmassa-2024\\\/?s={search_term_string}\"},\"query-input\":{\"@type\":\"PropertyValueSpecification\",\"valueRequired\":true,\"valueName\":\"search_term_string\"}}],\"inLanguage\":\"fi\"},{\"@type\":\"Organization\",\"@id\":\"https:\\\/\\\/hankkeet.karelia.fi\\\/uutta-yrittajyytta-ja-yrittajyysosaamista-tekoalyn-avulla-draft-ohjelmassa-2024\\\/#organization\",\"name\":\"Uutta yritt\u00e4jyytt\u00e4 ja yritt\u00e4jyysosaamista teko\u00e4lyn avulla Draft-ohjelmassa 2024\",\"url\":\"https:\\\/\\\/hankkeet.karelia.fi\\\/uutta-yrittajyytta-ja-yrittajyysosaamista-tekoalyn-avulla-draft-ohjelmassa-2024\\\/\",\"logo\":{\"@type\":\"ImageObject\",\"inLanguage\":\"fi\",\"@id\":\"https:\\\/\\\/hankkeet.karelia.fi\\\/uutta-yrittajyytta-ja-yrittajyysosaamista-tekoalyn-avulla-draft-ohjelmassa-2024\\\/#\\\/schema\\\/logo\\\/image\\\/\",\"url\":\"https:\\\/\\\/hankkeet.karelia.fi\\\/uutta-yrittajyytta-ja-yrittajyysosaamista-tekoalyn-avulla-draft-ohjelmassa-2024\\\/wp-content\\\/uploads\\\/sites\\\/43\\\/2026\\\/03\\\/cropped-cropped-Karelia_AMK_logo_RGB-1.png\",\"contentUrl\":\"https:\\\/\\\/hankkeet.karelia.fi\\\/uutta-yrittajyytta-ja-yrittajyysosaamista-tekoalyn-avulla-draft-ohjelmassa-2024\\\/wp-content\\\/uploads\\\/sites\\\/43\\\/2026\\\/03\\\/cropped-cropped-Karelia_AMK_logo_RGB-1.png\",\"width\":427,\"height\":116,\"caption\":\"Uutta yritt\u00e4jyytt\u00e4 ja yritt\u00e4jyysosaamista teko\u00e4lyn avulla Draft-ohjelmassa 2024\"},\"image\":{\"@id\":\"https:\\\/\\\/hankkeet.karelia.fi\\\/uutta-yrittajyytta-ja-yrittajyysosaamista-tekoalyn-avulla-draft-ohjelmassa-2024\\\/#\\\/schema\\\/logo\\\/image\\\/\"}}]}<\/script>\n<!-- \/ Yoast SEO plugin. -->","yoast_head_json":{"title":"Uutta yritt\u00e4jyytt\u00e4 ja yritt\u00e4jyysosaamista teko\u00e4lyn avulla Draft-ohjelmassa 2024 - Uutta yritt\u00e4jyytt\u00e4 ja yritt\u00e4jyysosaamista teko\u00e4lyn avulla Draft-ohjelmassa 2024","robots":{"index":"index","follow":"follow","max-snippet":"max-snippet:-1","max-image-preview":"max-image-preview:large","max-video-preview":"max-video-preview:-1"},"canonical":"https:\/\/hankkeet.karelia.fi\/uutta-yrittajyytta-ja-yrittajyysosaamista-tekoalyn-avulla-draft-ohjelmassa-2024\/","og_locale":"fi_FI","og_type":"article","og_title":"Uutta yritt\u00e4jyytt\u00e4 ja yritt\u00e4jyysosaamista teko\u00e4lyn avulla Draft-ohjelmassa 2024 - Uutta yritt\u00e4jyytt\u00e4 ja yritt\u00e4jyysosaamista teko\u00e4lyn avulla Draft-ohjelmassa 2024","og_description":"Han\u00adkkeen toim\u00adinta sulau\u00adtuu osak\u00adsi Otsako\u00adr\u00adven s\u00e4\u00e4ti\u00f6n tuke\u00adma Draft-yrit\u00adt\u00e4jyyso\u00adhjel\u00admaa, jota Kare\u00adlia ja Rive\u00adria yhdess\u00e4 toteut\u00adta\u00advat. Ohjel\u00adma on aiem\u00admin johtanut esimerkik\u00adsi 12 uuden yri\u00adtyk\u00adsen perus\u00adtamiseen Joen\u00adsu\u00adus\u00adsa vuon\u00adna 2022. Teko\u00e4\u00adly\u00adty\u00f6kalu\u00adjen, kuten ChatGPT:n, nousun my\u00f6t\u00e4 on n\u00e4hty mah\u00addol\u00adlisu\u00adus kehit\u00adt\u00e4\u00e4 yri\u00adtys\u00adval\u00admen\u00adnus\u00adta ja alka\u00advien yrit\u00adt\u00e4jien tukemista. Han\u00adkkeessa (1.7.2023 \u2013 31.12.2024) pyrit\u00e4\u00e4n hy\u00f6\u00addyn\u00adt\u00e4m\u00e4\u00e4n teko\u00e4\u00adly\u00e4 yrit\u00adt\u00e4jyy\u00adden edis\u00adt\u00e4misess\u00e4, rahoit\u00adta\u00admaan ja val\u00admen\u00adta\u00admaan Kare\u00adlia- ja Rive\u00adri\u00adal\u00e4ht\u00f6isi\u00e4 [&hellip;]","og_url":"https:\/\/hankkeet.karelia.fi\/uutta-yrittajyytta-ja-yrittajyysosaamista-tekoalyn-avulla-draft-ohjelmassa-2024\/","og_site_name":"Uutta yritt\u00e4jyytt\u00e4 ja yritt\u00e4jyysosaamista teko\u00e4lyn avulla Draft-ohjelmassa 2024","twitter_card":"summary_large_image","schema":{"@context":"https:\/\/schema.org","@graph":[{"@type":"WebPage","@id":"https:\/\/hankkeet.karelia.fi\/uutta-yrittajyytta-ja-yrittajyysosaamista-tekoalyn-avulla-draft-ohjelmassa-2024\/","url":"https:\/\/hankkeet.karelia.fi\/uutta-yrittajyytta-ja-yrittajyysosaamista-tekoalyn-avulla-draft-ohjelmassa-2024\/","name":"Uutta yritt\u00e4jyytt\u00e4 ja yritt\u00e4jyysosaamista teko\u00e4lyn avulla Draft-ohjelmassa 2024 - Uutta yritt\u00e4jyytt\u00e4 ja yritt\u00e4jyysosaamista teko\u00e4lyn avulla Draft-ohjelmassa 2024","isPartOf":{"@id":"https:\/\/hankkeet.karelia.fi\/uutta-yrittajyytta-ja-yrittajyysosaamista-tekoalyn-avulla-draft-ohjelmassa-2024\/#website"},"primaryImageOfPage":{"@id":"https:\/\/hankkeet.karelia.fi\/uutta-yrittajyytta-ja-yrittajyysosaamista-tekoalyn-avulla-draft-ohjelmassa-2024\/#primaryimage"},"image":{"@id":"https:\/\/hankkeet.karelia.fi\/uutta-yrittajyytta-ja-yrittajyysosaamista-tekoalyn-avulla-draft-ohjelmassa-2024\/#primaryimage"},"thumbnailUrl":"https:\/\/hankkeet.karelia.fi\/uutta-yrittajyytta-ja-yrittajyysosaamista-tekoalyn-avulla-draft-ohjelmassa-2024\/wp-content\/uploads\/sites\/43\/2026\/03\/DSC07174-scaled-e1713851648518.jpg","datePublished":"2026-03-17T10:19:03+00:00","breadcrumb":{"@id":"https:\/\/hankkeet.karelia.fi\/uutta-yrittajyytta-ja-yrittajyysosaamista-tekoalyn-avulla-draft-ohjelmassa-2024\/#breadcrumb"},"inLanguage":"fi","potentialAction":[{"@type":"ReadAction","target":["https:\/\/hankkeet.karelia.fi\/uutta-yrittajyytta-ja-yrittajyysosaamista-tekoalyn-avulla-draft-ohjelmassa-2024\/"]}]},{"@type":"ImageObject","inLanguage":"fi","@id":"https:\/\/hankkeet.karelia.fi\/uutta-yrittajyytta-ja-yrittajyysosaamista-tekoalyn-avulla-draft-ohjelmassa-2024\/#primaryimage","url":"https:\/\/hankkeet.karelia.fi\/uutta-yrittajyytta-ja-yrittajyysosaamista-tekoalyn-avulla-draft-ohjelmassa-2024\/wp-content\/uploads\/sites\/43\/2026\/03\/DSC07174-scaled-e1713851648518.jpg","contentUrl":"https:\/\/hankkeet.karelia.fi\/uutta-yrittajyytta-ja-yrittajyysosaamista-tekoalyn-avulla-draft-ohjelmassa-2024\/wp-content\/uploads\/sites\/43\/2026\/03\/DSC07174-scaled-e1713851648518.jpg","width":2560,"height":938},{"@type":"BreadcrumbList","@id":"https:\/\/hankkeet.karelia.fi\/uutta-yrittajyytta-ja-yrittajyysosaamista-tekoalyn-avulla-draft-ohjelmassa-2024\/#breadcrumb","itemListElement":[{"@type":"ListItem","position":1,"name":"Home","item":"https:\/\/hankkeet.karelia.fi\/uutta-yrittajyytta-ja-yrittajyysosaamista-tekoalyn-avulla-draft-ohjelmassa-2024\/uutta-yrittajyytta-ja-yrittajyysosaamista-tekoalyn-avulla-draft-ohjelmassa-2024\/"},{"@type":"ListItem","position":2,"name":"Uutta yritt\u00e4jyytt\u00e4 ja yritt\u00e4jyysosaamista teko\u00e4lyn avulla Draft-ohjelmassa 2024"}]},{"@type":"WebSite","@id":"https:\/\/hankkeet.karelia.fi\/uutta-yrittajyytta-ja-yrittajyysosaamista-tekoalyn-avulla-draft-ohjelmassa-2024\/#website","url":"https:\/\/hankkeet.karelia.fi\/uutta-yrittajyytta-ja-yrittajyysosaamista-tekoalyn-avulla-draft-ohjelmassa-2024\/","name":"Uutta yritt\u00e4jyytt\u00e4 ja yritt\u00e4jyysosaamista teko\u00e4lyn avulla Draft-ohjelmassa 2024","description":"","publisher":{"@id":"https:\/\/hankkeet.karelia.fi\/uutta-yrittajyytta-ja-yrittajyysosaamista-tekoalyn-avulla-draft-ohjelmassa-2024\/#organization"},"potentialAction":[{"@type":"SearchAction","target":{"@type":"EntryPoint","urlTemplate":"https:\/\/hankkeet.karelia.fi\/uutta-yrittajyytta-ja-yrittajyysosaamista-tekoalyn-avulla-draft-ohjelmassa-2024\/?s={search_term_string}"},"query-input":{"@type":"PropertyValueSpecification","valueRequired":true,"valueName":"search_term_string"}}],"inLanguage":"fi"},{"@type":"Organization","@id":"https:\/\/hankkeet.karelia.fi\/uutta-yrittajyytta-ja-yrittajyysosaamista-tekoalyn-avulla-draft-ohjelmassa-2024\/#organization","name":"Uutta yritt\u00e4jyytt\u00e4 ja yritt\u00e4jyysosaamista teko\u00e4lyn avulla Draft-ohjelmassa 2024","url":"https:\/\/hankkeet.karelia.fi\/uutta-yrittajyytta-ja-yrittajyysosaamista-tekoalyn-avulla-draft-ohjelmassa-2024\/","logo":{"@type":"ImageObject","inLanguage":"fi","@id":"https:\/\/hankkeet.karelia.fi\/uutta-yrittajyytta-ja-yrittajyysosaamista-tekoalyn-avulla-draft-ohjelmassa-2024\/#\/schema\/logo\/image\/","url":"https:\/\/hankkeet.karelia.fi\/uutta-yrittajyytta-ja-yrittajyysosaamista-tekoalyn-avulla-draft-ohjelmassa-2024\/wp-content\/uploads\/sites\/43\/2026\/03\/cropped-cropped-Karelia_AMK_logo_RGB-1.png","contentUrl":"https:\/\/hankkeet.karelia.fi\/uutta-yrittajyytta-ja-yrittajyysosaamista-tekoalyn-avulla-draft-ohjelmassa-2024\/wp-content\/uploads\/sites\/43\/2026\/03\/cropped-cropped-Karelia_AMK_logo_RGB-1.png","width":427,"height":116,"caption":"Uutta yritt\u00e4jyytt\u00e4 ja yritt\u00e4jyysosaamista teko\u00e4lyn avulla Draft-ohjelmassa 2024"},"image":{"@id":"https:\/\/hankkeet.karelia.fi\/uutta-yrittajyytta-ja-yrittajyysosaamista-tekoalyn-avulla-draft-ohjelmassa-2024\/#\/schema\/logo\/image\/"}}]}},"_links":{"self":[{"href":"https:\/\/hankkeet.karelia.fi\/uutta-yrittajyytta-ja-yrittajyysosaamista-tekoalyn-avulla-draft-ohjelmassa-2024\/wp-json\/wp\/v2\/pages\/19","targetHints":{"allow":["GET"]}}],"collection":[{"href":"https:\/\/hankkeet.karelia.fi\/uutta-yrittajyytta-ja-yrittajyysosaamista-tekoalyn-avulla-draft-ohjelmassa-2024\/wp-json\/wp\/v2\/pages"}],"about":[{"href":"https:\/\/hankkeet.karelia.fi\/uutta-yrittajyytta-ja-yrittajyysosaamista-tekoalyn-avulla-draft-ohjelmassa-2024\/wp-json\/wp\/v2\/types\/page"}],"replies":[{"embeddable":true,"href":"https:\/\/hankkeet.karelia.fi\/uutta-yrittajyytta-ja-yrittajyysosaamista-tekoalyn-avulla-draft-ohjelmassa-2024\/wp-json\/wp\/v2\/comments?post=19"}],"version-history":[{"count":0,"href":"https:\/\/hankkeet.karelia.fi\/uutta-yrittajyytta-ja-yrittajyysosaamista-tekoalyn-avulla-draft-ohjelmassa-2024\/wp-json\/wp\/v2\/pages\/19\/revisions"}],"wp:featuredmedia":[{"embeddable":true,"href":"https:\/\/hankkeet.karelia.fi\/uutta-yrittajyytta-ja-yrittajyysosaamista-tekoalyn-avulla-draft-ohjelmassa-2024\/wp-json\/wp\/v2\/media\/17"}],"wp:attachment":[{"href":"https:\/\/hankkeet.karelia.fi\/uutta-yrittajyytta-ja-yrittajyysosaamista-tekoalyn-avulla-draft-ohjelmassa-2024\/wp-json\/wp\/v2\/media?parent=19"}],"curies":[{"name":"wp","href":"https:\/\/api.w.org\/{rel}","templated":true}]}}