{"id":19,"date":"2026-03-17T11:25:48","date_gmt":"2026-03-17T09:25:48","guid":{"rendered":"https:\/\/hankkeet.karelia.fi\/varhaiskasvatuksen-sosionomin-osaamiseen-valmentavat-opinnot\/varhaiskasvatuksen-sosionomin-osaamiseen-valmentavat-opinnot\/"},"modified":"2026-03-17T11:25:48","modified_gmt":"2026-03-17T09:25:48","slug":"varhaiskasvatuksen-sosionomin-osaamiseen-valmentavat-opinnot","status":"publish","type":"page","link":"https:\/\/hankkeet.karelia.fi\/varhaiskasvatuksen-sosionomin-osaamiseen-valmentavat-opinnot\/","title":{"rendered":"Varhaiskasvatuksen sosionomin osaamiseen valmentavat opinnot"},"content":{"rendered":"\n<figure class=\"wp-block-image size-large is-resized\"><img decoding=\"async\" src=\"https:\/\/hankkeet.karelia.fi\/varhaiskasvatuksen-sosionomin-osaamiseen-valmentavat-opinnot\/wp-content\/uploads\/sites\/36\/2026\/03\/karelia-jotpa-1024x252-1.jpg\" alt=\"Karelian ja Jotpan logot\" class=\"wp-image-71115\" style=\"width:399px;height:auto\"><\/figure>\n\n\n\n<p>Han\u00adke on saanut rahoituk\u00adsen koulu\u00adtuk\u00adsen toteut\u00adtamisek\u00adsi syksys\u00adt\u00e4 2023 vuo\u00adden 2024 lop\u00adpu\u00adun asti Jatku\u00advan oppimisen ja ty\u00f6l\u00adlisyy\u00adden palvelukeskuk\u00adselta, Jot\u00adpal\u00adta. Lau\u00adrea-ammat\u00adtiko\u00adrkeak\u00adoulu, Kare\u00adlia-ammat\u00adtiko\u00adrkeak\u00adoulu ja Metropo\u00adlia-ammat\u00adtiko\u00adrkeak\u00adoulu suun\u00adnit\u00adtel\u00ade\u00advat ja toteut\u00adta\u00advat yhteisty\u00f6n\u00e4 koulu\u00adtushankkeen ja opin\u00adtokokon\u00adaisu\u00adudet. Varhaiskas\u00adva\u00adtus\u00adpalvelu\u00adjen ajanko\u00adhtaisen osaamisen uud\u00adis\u00adtamisen tarpeisi\u00adin vas\u00adtataan varhaiskas\u00advatuk\u00adsen sosionomin opin\u00adnoil\u00adla. Koulu\u00adtuk\u00adseen osal\u00adlis\u00adtu\u00adjien osaami\u00adnen kehit\u00adtyy ty\u00f6el\u00e4m\u00e4l\u00e4ht\u00f6is\u00ades\u00adti ja ty\u00f6u\u00adra varhaiskas\u00advatuk\u00adsen teht\u00e4vis\u00ads\u00e4 mah\u00addol\u00adlis\u00adtuu. Koulu\u00adtuk\u00adses\u00adsa pilo\u00adtoidaan ty\u00f6el\u00e4m\u00e4l\u00e4ht\u00f6isen ja uud\u00adis\u00adtu\u00advan ped\u00ada\u00adgogi\u00adikan menetelmi\u00e4 ja kehitet\u00e4\u00e4n opin\u00adto\u00adjen ohjaus\u00adta ja koulu\u00adtus\u00adpros\u00adesse\u00adja opiske\u00adli\u00adjal\u00e4ht\u00f6is\u00ades\u00adti. Kehit\u00adt\u00e4v\u00e4l\u00adl\u00e4 arvioin\u00adnil\u00adla saadaan opiske\u00adli\u00adjoil\u00adta ja ty\u00f6\u00adnan\u00adta\u00adjil\u00adta palautet\u00adta koulu\u00adtuk\u00adsen jatku\u00advak\u00adsi kehit\u00adt\u00e4misek\u00adsi.<\/p>\n\n\n\n<p>Koulu\u00adtushankkeen aikana tehd\u00e4\u00e4n yhteisty\u00f6t\u00e4 ty\u00f6\u00adnan\u00adta\u00adjien kanssa tavoit\u00adteena mah\u00addol\u00adlis\u00adtaa opiske\u00adli\u00adjoille opin\u00adto\u00adjen suorit\u00adta\u00admi\u00adnen ty\u00f6n ohes\u00adsa ja ty\u00f6n opin\u00adnol\u00adlis\u00adtamisen opiske\u00adli\u00adjan varhaiskas\u00advatuk\u00adsen osaamisen vahvis\u00adtamisek\u00adsi.<\/p>\n\n\n\n<h2 class=\"wp-block-heading\">Kohderyhm\u00e4t<\/h2>\n\n\n\n<ul class=\"wp-block-list\">\n<li>Var\u00adhais\u00adkas\u00adva\u00adtuk\u00adsen sosionomin kel\u00adpoi\u00adsuu\u00adden tuot\u00adta\u00adva kou\u00adlu\u00adtuk\u00adses\u00adsa (60 op) on sosionomi\u00adtutkin\u00adnon suorit\u00adtaneille henkil\u00f6ille, joil\u00adta puut\u00adtuu varhaiskas\u00advatuk\u00adsen kelpoisu\u00adus sosionomi\u00adtutkin\u00adnos\u00adta.<\/li>\n\n\n\n<li>Sosionomin osaamiseen val\u00admen\u00adta\u00advas\u00adsa kou\u00adlu\u00adtuk\u00adses\u00adsa (60 op \u2013 70 op) 2023\u20132024 on avoimen ammat\u00adtiko\u00adrkeak\u00adoulun opiske\u00adli\u00adjoina Suomes\u00adsa tai ulko\u00admail\u00adla toisen asteen ammatil\u00adlisen tutkin\u00adnon tai korkeak\u00adoulu\u00adtutkin\u00adnon omaa\u00advat henkil\u00f6t.<\/li>\n<\/ul>\n\n\n\n<h2 class=\"wp-block-heading\">Tavoitteet<\/h2>\n\n\n\n<ul class=\"wp-block-list\">\n<li>Ty\u00f6el\u00e4m\u00e4 hy\u00f6\u00adtyy henkil\u00f6st\u00f6n veto- ja pitovoiman vahvis\u00adtu\u00admis\u00ades\u00adta, kun tuote\u00adtaan koulut\u00adtau\u00adtu\u00admisv\u00e4yl\u00e4\u00e4 alalle.<br>Opiske\u00adli\u00adjoiden osaami\u00adnen kehit\u00adtyy ty\u00f6el\u00e4m\u00e4l\u00e4ht\u00f6is\u00ades\u00adti ja uramah\u00addol\u00adlisu\u00adus varmis\u00adtuu.<\/li>\n\n\n\n<li>Oppi\u00adlaitok\u00adset saa\u00advat toim\u00adinta\u00admalle\u00adja ja k\u00e4yt\u00e4n\u00adteit\u00e4 opetuk\u00adseen, ohjauk\u00adseen ja tukeen sek\u00e4 osaamis\u00adsis\u00e4l\u00adl\u00f6t yht\u00aden\u00e4istyv\u00e4t.<\/li>\n\n\n\n<li>Tuote\u00adtaan ty\u00f6el\u00e4m\u00e4- ja opiske\u00adli\u00adjal\u00e4ht\u00f6ist\u00e4, ajanko\u00adhtaista varhaiskas\u00advatuk\u00adsen osaamista palvel\u00ade\u00adva koulu\u00adtus jatku\u00advan oppimisen mallik\u00adsi.<\/li>\n\n\n\n<li>Varhaiskas\u00advatuk\u00adsen sosionomin osaami\u00adnen tulee n\u00e4kyv\u00e4k\u00adsi, osaami\u00adnen tun\u00adnuste\u00adtaan ja tun\u00adnis\u00adte\u00adtaan.<br>Varhaiskas\u00advatuk\u00adsen koulu\u00adtuk\u00adsen ja ty\u00f6n arvos\u00adtus kohe\u00adnee ja saadaan kelpoisu\u00adu\u00adden omaavaa ja sitoutunut\u00adta ty\u00f6voimaa varhaiskas\u00adva\u00adtus\u00adpalvelui\u00adhin.<\/li>\n\n\n\n<li>Varhaiskas\u00advatuk\u00adsen asi\u00adakasper\u00adheet hy\u00f6\u00adtyv\u00e4t koulut\u00adtau\u00adtu\u00admis\u00ades\u00adta ja koulu\u00adtuk\u00adsen tuot\u00adta\u00adman osaamisen juur\u00adrut\u00adtamis\u00ades\u00adta k\u00e4yt\u00e4n\u00adt\u00f6\u00f6n.<\/li>\n<\/ul>\n\n\n\n<p>Sosionomi\u00adtutkin\u00adnon omaa\u00advat saa\u00advat koulu\u00adtuk\u00adsen (60 op) suoritet\u00adtuaan varhaiskas\u00advatuk\u00adsen sosionomin kelpoisu\u00adu\u00adden todis\u00adtuk\u00adsen, jatku\u00adva valmis\u00adtu\u00admi\u00adnen 2024, viimeist\u00e4\u00e4n 12\/2024 men\u00adness\u00e4.<\/p>\n\n\n\n<p>Suomessa\/ulkomailla 2. asteen ammatil\u00adlisen tai korkeak\u00adoulu\u00adas\u00adteen tutkin\u00adnon omaa\u00advat opiske\u00adli\u00adjat suorit\u00adta\u00advat koulu\u00adtuk\u00adsen (60 op \u2013 70 op) ja siten erill\u00adishaus\u00adsa voi hakea sosionomi\u00adtutk\u00adin\u00adto-opiske\u00adli\u00adjak\u00adsi ja tul\u00adtuaan val\u00adi\u00adtuk\u00adsi tutk\u00adin\u00adto-opiske\u00adli\u00adjak\u00adsi voi hakea opin\u00adnot hyv\u00e4k\u00adsi luet\u00adtaviksi sosionomi\u00adtutk\u00adin\u00adtoon. Tavoit\u00adteena on, ett\u00e4 opiske\u00adli\u00adjat saa\u00advat koulu\u00adtuk\u00adsen suorite\u00adtuk\u00adsi viimeist\u00e4\u00e4n 12\/2024 men\u00adness\u00e4.<\/p>\n\n\n\n<h2 class=\"wp-block-heading\">Projektin kesto<\/h2>\n\n\n\n<p>28.6.2023 \u2014 31.12.2024<\/p>\n\n\n\n<h2 class=\"wp-block-heading\">Projektip\u00e4\u00e4llikk\u00f6<\/h2>\n\n\n\n<p><strong>Tiina Maara\u00adnen<\/strong><br>tiina.maaranen(a)karelia.fi<\/p>\n\n\n\n<h2 class=\"wp-block-heading\">Rahoitus<\/h2>\n\n\n\n<p>Ope\u00adtushal\u00adli\u00adtus, kehit\u00adt\u00e4mis\u00adra\u00adhoi\u00adtus<\/p>\n","protected":false},"excerpt":{"rendered":"<p>Han\u00adke on saanut rahoituk\u00adsen koulu\u00adtuk\u00adsen toteut\u00adtamisek\u00adsi syksys\u00adt\u00e4 2023 vuo\u00adden 2024 lop\u00adpu\u00adun asti Jatku\u00advan oppimisen ja ty\u00f6l\u00adlisyy\u00adden palvelukeskuk\u00adselta, Jot\u00adpal\u00adta. Lau\u00adrea-ammat\u00adtiko\u00adrkeak\u00adoulu, Kare\u00adlia-ammat\u00adtiko\u00adrkeak\u00adoulu ja Metropo\u00adlia-ammat\u00adtiko\u00adrkeak\u00adoulu suun\u00adnit\u00adtel\u00ade\u00advat ja toteut\u00adta\u00advat yhteisty\u00f6n\u00e4 koulu\u00adtushankkeen ja opin\u00adtokokon\u00adaisu\u00adudet. Varhaiskas\u00adva\u00adtus\u00adpalvelu\u00adjen ajanko\u00adhtaisen osaamisen uud\u00adis\u00adtamisen tarpeisi\u00adin vas\u00adtataan varhaiskas\u00advatuk\u00adsen sosionomin opin\u00adnoil\u00adla. Koulu\u00adtuk\u00adseen osal\u00adlis\u00adtu\u00adjien osaami\u00adnen kehit\u00adtyy ty\u00f6el\u00e4m\u00e4l\u00e4ht\u00f6is\u00ades\u00adti ja ty\u00f6u\u00adra varhaiskas\u00advatuk\u00adsen teht\u00e4vis\u00ads\u00e4 mah\u00addol\u00adlis\u00adtuu. Koulu\u00adtuk\u00adses\u00adsa pilo\u00adtoidaan ty\u00f6el\u00e4m\u00e4l\u00e4ht\u00f6isen ja uud\u00adis\u00adtu\u00advan ped\u00ada\u00adgogi\u00adikan menetelmi\u00e4 [\u2026]<\/p>\n","protected":false},"author":0,"featured_media":17,"parent":0,"menu_order":0,"comment_status":"closed","ping_status":"closed","template":"","meta":{"inline_featured_image":false,"wp_typography_post_enhancements_disabled":false,"footnotes":""},"class_list":["post-19","page","type-page","status-publish","has-post-thumbnail","hentry"],"yoast_head":"<!-- This site is optimized with the Yoast SEO plugin v27.5 - https:\/\/yoast.com\/product\/yoast-seo-wordpress\/ -->\n<title>Varhaiskasvatuksen sosionomin osaamiseen valmentavat opinnot - Varhaiskasvatuksen sosionomin osaamiseen valmentavat opinnot<\/title>\n<meta name=\"robots\" content=\"index, follow, max-snippet:-1, max-image-preview:large, max-video-preview:-1\" \/>\n<link rel=\"canonical\" href=\"https:\/\/hankkeet.karelia.fi\/varhaiskasvatuksen-sosionomin-osaamiseen-valmentavat-opinnot\/\" \/>\n<meta property=\"og:locale\" content=\"fi_FI\" \/>\n<meta property=\"og:type\" content=\"article\" \/>\n<meta property=\"og:title\" content=\"Varhaiskasvatuksen sosionomin osaamiseen valmentavat opinnot - Varhaiskasvatuksen sosionomin osaamiseen valmentavat opinnot\" \/>\n<meta property=\"og:description\" content=\"Han\u00adke on saanut rahoituk\u00adsen koulu\u00adtuk\u00adsen toteut\u00adtamisek\u00adsi syksys\u00adt\u00e4 2023 vuo\u00adden 2024 lop\u00adpu\u00adun asti Jatku\u00advan oppimisen ja ty\u00f6l\u00adlisyy\u00adden palvelukeskuk\u00adselta, Jot\u00adpal\u00adta. Lau\u00adrea-ammat\u00adtiko\u00adrkeak\u00adoulu, Kare\u00adlia-ammat\u00adtiko\u00adrkeak\u00adoulu ja Metropo\u00adlia-ammat\u00adtiko\u00adrkeak\u00adoulu suun\u00adnit\u00adtel\u00ade\u00advat ja toteut\u00adta\u00advat yhteisty\u00f6n\u00e4 koulu\u00adtushankkeen ja opin\u00adtokokon\u00adaisu\u00adudet. Varhaiskas\u00adva\u00adtus\u00adpalvelu\u00adjen ajanko\u00adhtaisen osaamisen uud\u00adis\u00adtamisen tarpeisi\u00adin vas\u00adtataan varhaiskas\u00advatuk\u00adsen sosionomin opin\u00adnoil\u00adla. Koulu\u00adtuk\u00adseen osal\u00adlis\u00adtu\u00adjien osaami\u00adnen kehit\u00adtyy ty\u00f6el\u00e4m\u00e4l\u00e4ht\u00f6is\u00ades\u00adti ja ty\u00f6u\u00adra varhaiskas\u00advatuk\u00adsen teht\u00e4vis\u00ads\u00e4 mah\u00addol\u00adlis\u00adtuu. Koulu\u00adtuk\u00adses\u00adsa pilo\u00adtoidaan ty\u00f6el\u00e4m\u00e4l\u00e4ht\u00f6isen ja uud\u00adis\u00adtu\u00advan ped\u00ada\u00adgogi\u00adikan menetelmi\u00e4 [&hellip;]\" \/>\n<meta property=\"og:url\" content=\"https:\/\/hankkeet.karelia.fi\/varhaiskasvatuksen-sosionomin-osaamiseen-valmentavat-opinnot\/\" \/>\n<meta property=\"og:site_name\" content=\"Varhaiskasvatuksen sosionomin osaamiseen valmentavat opinnot\" \/>\n<meta name=\"twitter:card\" content=\"summary_large_image\" \/>\n<meta name=\"twitter:label1\" content=\"Arvioitu lukuaika\" \/>\n\t<meta name=\"twitter:data1\" content=\"2 minuuttia\" \/>\n<script type=\"application\/ld+json\" class=\"yoast-schema-graph\">{\"@context\":\"https:\\\/\\\/schema.org\",\"@graph\":[{\"@type\":\"WebPage\",\"@id\":\"https:\\\/\\\/hankkeet.karelia.fi\\\/varhaiskasvatuksen-sosionomin-osaamiseen-valmentavat-opinnot\\\/\",\"url\":\"https:\\\/\\\/hankkeet.karelia.fi\\\/varhaiskasvatuksen-sosionomin-osaamiseen-valmentavat-opinnot\\\/\",\"name\":\"Varhaiskasvatuksen sosionomin osaamiseen valmentavat opinnot - Varhaiskasvatuksen sosionomin osaamiseen valmentavat opinnot\",\"isPartOf\":{\"@id\":\"https:\\\/\\\/hankkeet.karelia.fi\\\/varhaiskasvatuksen-sosionomin-osaamiseen-valmentavat-opinnot\\\/#website\"},\"primaryImageOfPage\":{\"@id\":\"https:\\\/\\\/hankkeet.karelia.fi\\\/varhaiskasvatuksen-sosionomin-osaamiseen-valmentavat-opinnot\\\/#primaryimage\"},\"image\":{\"@id\":\"https:\\\/\\\/hankkeet.karelia.fi\\\/varhaiskasvatuksen-sosionomin-osaamiseen-valmentavat-opinnot\\\/#primaryimage\"},\"thumbnailUrl\":\"https:\\\/\\\/hankkeet.karelia.fi\\\/varhaiskasvatuksen-sosionomin-osaamiseen-valmentavat-opinnot\\\/wp-content\\\/uploads\\\/sites\\\/36\\\/2026\\\/03\\\/sosionomi2-kuva2.jpg\",\"datePublished\":\"2026-03-17T09:25:48+00:00\",\"breadcrumb\":{\"@id\":\"https:\\\/\\\/hankkeet.karelia.fi\\\/varhaiskasvatuksen-sosionomin-osaamiseen-valmentavat-opinnot\\\/#breadcrumb\"},\"inLanguage\":\"fi\",\"potentialAction\":[{\"@type\":\"ReadAction\",\"target\":[\"https:\\\/\\\/hankkeet.karelia.fi\\\/varhaiskasvatuksen-sosionomin-osaamiseen-valmentavat-opinnot\\\/\"]}]},{\"@type\":\"ImageObject\",\"inLanguage\":\"fi\",\"@id\":\"https:\\\/\\\/hankkeet.karelia.fi\\\/varhaiskasvatuksen-sosionomin-osaamiseen-valmentavat-opinnot\\\/#primaryimage\",\"url\":\"https:\\\/\\\/hankkeet.karelia.fi\\\/varhaiskasvatuksen-sosionomin-osaamiseen-valmentavat-opinnot\\\/wp-content\\\/uploads\\\/sites\\\/36\\\/2026\\\/03\\\/sosionomi2-kuva2.jpg\",\"contentUrl\":\"https:\\\/\\\/hankkeet.karelia.fi\\\/varhaiskasvatuksen-sosionomin-osaamiseen-valmentavat-opinnot\\\/wp-content\\\/uploads\\\/sites\\\/36\\\/2026\\\/03\\\/sosionomi2-kuva2.jpg\",\"width\":850,\"height\":350},{\"@type\":\"BreadcrumbList\",\"@id\":\"https:\\\/\\\/hankkeet.karelia.fi\\\/varhaiskasvatuksen-sosionomin-osaamiseen-valmentavat-opinnot\\\/#breadcrumb\",\"itemListElement\":[{\"@type\":\"ListItem\",\"position\":1,\"name\":\"Home\",\"item\":\"https:\\\/\\\/hankkeet.karelia.fi\\\/varhaiskasvatuksen-sosionomin-osaamiseen-valmentavat-opinnot\\\/varhaiskasvatuksen-sosionomin-osaamiseen-valmentavat-opinnot\\\/\"},{\"@type\":\"ListItem\",\"position\":2,\"name\":\"Varhaiskasvatuksen sosionomin osaamiseen valmentavat opinnot\"}]},{\"@type\":\"WebSite\",\"@id\":\"https:\\\/\\\/hankkeet.karelia.fi\\\/varhaiskasvatuksen-sosionomin-osaamiseen-valmentavat-opinnot\\\/#website\",\"url\":\"https:\\\/\\\/hankkeet.karelia.fi\\\/varhaiskasvatuksen-sosionomin-osaamiseen-valmentavat-opinnot\\\/\",\"name\":\"Varhaiskasvatuksen sosionomin osaamiseen valmentavat opinnot\",\"description\":\"\",\"publisher\":{\"@id\":\"https:\\\/\\\/hankkeet.karelia.fi\\\/varhaiskasvatuksen-sosionomin-osaamiseen-valmentavat-opinnot\\\/#organization\"},\"potentialAction\":[{\"@type\":\"SearchAction\",\"target\":{\"@type\":\"EntryPoint\",\"urlTemplate\":\"https:\\\/\\\/hankkeet.karelia.fi\\\/varhaiskasvatuksen-sosionomin-osaamiseen-valmentavat-opinnot\\\/?s={search_term_string}\"},\"query-input\":{\"@type\":\"PropertyValueSpecification\",\"valueRequired\":true,\"valueName\":\"search_term_string\"}}],\"inLanguage\":\"fi\"},{\"@type\":\"Organization\",\"@id\":\"https:\\\/\\\/hankkeet.karelia.fi\\\/varhaiskasvatuksen-sosionomin-osaamiseen-valmentavat-opinnot\\\/#organization\",\"name\":\"Varhaiskasvatuksen sosionomin osaamiseen valmentavat opinnot\",\"url\":\"https:\\\/\\\/hankkeet.karelia.fi\\\/varhaiskasvatuksen-sosionomin-osaamiseen-valmentavat-opinnot\\\/\",\"logo\":{\"@type\":\"ImageObject\",\"inLanguage\":\"fi\",\"@id\":\"https:\\\/\\\/hankkeet.karelia.fi\\\/varhaiskasvatuksen-sosionomin-osaamiseen-valmentavat-opinnot\\\/#\\\/schema\\\/logo\\\/image\\\/\",\"url\":\"https:\\\/\\\/hankkeet.karelia.fi\\\/varhaiskasvatuksen-sosionomin-osaamiseen-valmentavat-opinnot\\\/wp-content\\\/uploads\\\/sites\\\/36\\\/2026\\\/03\\\/cropped-cropped-Karelia_AMK_logo_RGB-1.png\",\"contentUrl\":\"https:\\\/\\\/hankkeet.karelia.fi\\\/varhaiskasvatuksen-sosionomin-osaamiseen-valmentavat-opinnot\\\/wp-content\\\/uploads\\\/sites\\\/36\\\/2026\\\/03\\\/cropped-cropped-Karelia_AMK_logo_RGB-1.png\",\"width\":427,\"height\":116,\"caption\":\"Varhaiskasvatuksen sosionomin osaamiseen valmentavat opinnot\"},\"image\":{\"@id\":\"https:\\\/\\\/hankkeet.karelia.fi\\\/varhaiskasvatuksen-sosionomin-osaamiseen-valmentavat-opinnot\\\/#\\\/schema\\\/logo\\\/image\\\/\"}}]}<\/script>\n<!-- \/ Yoast SEO plugin. -->","yoast_head_json":{"title":"Varhaiskasvatuksen sosionomin osaamiseen valmentavat opinnot - Varhaiskasvatuksen sosionomin osaamiseen valmentavat opinnot","robots":{"index":"index","follow":"follow","max-snippet":"max-snippet:-1","max-image-preview":"max-image-preview:large","max-video-preview":"max-video-preview:-1"},"canonical":"https:\/\/hankkeet.karelia.fi\/varhaiskasvatuksen-sosionomin-osaamiseen-valmentavat-opinnot\/","og_locale":"fi_FI","og_type":"article","og_title":"Varhaiskasvatuksen sosionomin osaamiseen valmentavat opinnot - Varhaiskasvatuksen sosionomin osaamiseen valmentavat opinnot","og_description":"Han\u00adke on saanut rahoituk\u00adsen koulu\u00adtuk\u00adsen toteut\u00adtamisek\u00adsi syksys\u00adt\u00e4 2023 vuo\u00adden 2024 lop\u00adpu\u00adun asti Jatku\u00advan oppimisen ja ty\u00f6l\u00adlisyy\u00adden palvelukeskuk\u00adselta, Jot\u00adpal\u00adta. Lau\u00adrea-ammat\u00adtiko\u00adrkeak\u00adoulu, Kare\u00adlia-ammat\u00adtiko\u00adrkeak\u00adoulu ja Metropo\u00adlia-ammat\u00adtiko\u00adrkeak\u00adoulu suun\u00adnit\u00adtel\u00ade\u00advat ja toteut\u00adta\u00advat yhteisty\u00f6n\u00e4 koulu\u00adtushankkeen ja opin\u00adtokokon\u00adaisu\u00adudet. Varhaiskas\u00adva\u00adtus\u00adpalvelu\u00adjen ajanko\u00adhtaisen osaamisen uud\u00adis\u00adtamisen tarpeisi\u00adin vas\u00adtataan varhaiskas\u00advatuk\u00adsen sosionomin opin\u00adnoil\u00adla. Koulu\u00adtuk\u00adseen osal\u00adlis\u00adtu\u00adjien osaami\u00adnen kehit\u00adtyy ty\u00f6el\u00e4m\u00e4l\u00e4ht\u00f6is\u00ades\u00adti ja ty\u00f6u\u00adra varhaiskas\u00advatuk\u00adsen teht\u00e4vis\u00ads\u00e4 mah\u00addol\u00adlis\u00adtuu. Koulu\u00adtuk\u00adses\u00adsa pilo\u00adtoidaan ty\u00f6el\u00e4m\u00e4l\u00e4ht\u00f6isen ja uud\u00adis\u00adtu\u00advan ped\u00ada\u00adgogi\u00adikan menetelmi\u00e4 [&hellip;]","og_url":"https:\/\/hankkeet.karelia.fi\/varhaiskasvatuksen-sosionomin-osaamiseen-valmentavat-opinnot\/","og_site_name":"Varhaiskasvatuksen sosionomin osaamiseen valmentavat opinnot","twitter_card":"summary_large_image","twitter_misc":{"Arvioitu lukuaika":"2 minuuttia"},"schema":{"@context":"https:\/\/schema.org","@graph":[{"@type":"WebPage","@id":"https:\/\/hankkeet.karelia.fi\/varhaiskasvatuksen-sosionomin-osaamiseen-valmentavat-opinnot\/","url":"https:\/\/hankkeet.karelia.fi\/varhaiskasvatuksen-sosionomin-osaamiseen-valmentavat-opinnot\/","name":"Varhaiskasvatuksen sosionomin osaamiseen valmentavat opinnot - Varhaiskasvatuksen sosionomin osaamiseen valmentavat opinnot","isPartOf":{"@id":"https:\/\/hankkeet.karelia.fi\/varhaiskasvatuksen-sosionomin-osaamiseen-valmentavat-opinnot\/#website"},"primaryImageOfPage":{"@id":"https:\/\/hankkeet.karelia.fi\/varhaiskasvatuksen-sosionomin-osaamiseen-valmentavat-opinnot\/#primaryimage"},"image":{"@id":"https:\/\/hankkeet.karelia.fi\/varhaiskasvatuksen-sosionomin-osaamiseen-valmentavat-opinnot\/#primaryimage"},"thumbnailUrl":"https:\/\/hankkeet.karelia.fi\/varhaiskasvatuksen-sosionomin-osaamiseen-valmentavat-opinnot\/wp-content\/uploads\/sites\/36\/2026\/03\/sosionomi2-kuva2.jpg","datePublished":"2026-03-17T09:25:48+00:00","breadcrumb":{"@id":"https:\/\/hankkeet.karelia.fi\/varhaiskasvatuksen-sosionomin-osaamiseen-valmentavat-opinnot\/#breadcrumb"},"inLanguage":"fi","potentialAction":[{"@type":"ReadAction","target":["https:\/\/hankkeet.karelia.fi\/varhaiskasvatuksen-sosionomin-osaamiseen-valmentavat-opinnot\/"]}]},{"@type":"ImageObject","inLanguage":"fi","@id":"https:\/\/hankkeet.karelia.fi\/varhaiskasvatuksen-sosionomin-osaamiseen-valmentavat-opinnot\/#primaryimage","url":"https:\/\/hankkeet.karelia.fi\/varhaiskasvatuksen-sosionomin-osaamiseen-valmentavat-opinnot\/wp-content\/uploads\/sites\/36\/2026\/03\/sosionomi2-kuva2.jpg","contentUrl":"https:\/\/hankkeet.karelia.fi\/varhaiskasvatuksen-sosionomin-osaamiseen-valmentavat-opinnot\/wp-content\/uploads\/sites\/36\/2026\/03\/sosionomi2-kuva2.jpg","width":850,"height":350},{"@type":"BreadcrumbList","@id":"https:\/\/hankkeet.karelia.fi\/varhaiskasvatuksen-sosionomin-osaamiseen-valmentavat-opinnot\/#breadcrumb","itemListElement":[{"@type":"ListItem","position":1,"name":"Home","item":"https:\/\/hankkeet.karelia.fi\/varhaiskasvatuksen-sosionomin-osaamiseen-valmentavat-opinnot\/varhaiskasvatuksen-sosionomin-osaamiseen-valmentavat-opinnot\/"},{"@type":"ListItem","position":2,"name":"Varhaiskasvatuksen sosionomin osaamiseen valmentavat opinnot"}]},{"@type":"WebSite","@id":"https:\/\/hankkeet.karelia.fi\/varhaiskasvatuksen-sosionomin-osaamiseen-valmentavat-opinnot\/#website","url":"https:\/\/hankkeet.karelia.fi\/varhaiskasvatuksen-sosionomin-osaamiseen-valmentavat-opinnot\/","name":"Varhaiskasvatuksen sosionomin osaamiseen valmentavat opinnot","description":"","publisher":{"@id":"https:\/\/hankkeet.karelia.fi\/varhaiskasvatuksen-sosionomin-osaamiseen-valmentavat-opinnot\/#organization"},"potentialAction":[{"@type":"SearchAction","target":{"@type":"EntryPoint","urlTemplate":"https:\/\/hankkeet.karelia.fi\/varhaiskasvatuksen-sosionomin-osaamiseen-valmentavat-opinnot\/?s={search_term_string}"},"query-input":{"@type":"PropertyValueSpecification","valueRequired":true,"valueName":"search_term_string"}}],"inLanguage":"fi"},{"@type":"Organization","@id":"https:\/\/hankkeet.karelia.fi\/varhaiskasvatuksen-sosionomin-osaamiseen-valmentavat-opinnot\/#organization","name":"Varhaiskasvatuksen sosionomin osaamiseen valmentavat opinnot","url":"https:\/\/hankkeet.karelia.fi\/varhaiskasvatuksen-sosionomin-osaamiseen-valmentavat-opinnot\/","logo":{"@type":"ImageObject","inLanguage":"fi","@id":"https:\/\/hankkeet.karelia.fi\/varhaiskasvatuksen-sosionomin-osaamiseen-valmentavat-opinnot\/#\/schema\/logo\/image\/","url":"https:\/\/hankkeet.karelia.fi\/varhaiskasvatuksen-sosionomin-osaamiseen-valmentavat-opinnot\/wp-content\/uploads\/sites\/36\/2026\/03\/cropped-cropped-Karelia_AMK_logo_RGB-1.png","contentUrl":"https:\/\/hankkeet.karelia.fi\/varhaiskasvatuksen-sosionomin-osaamiseen-valmentavat-opinnot\/wp-content\/uploads\/sites\/36\/2026\/03\/cropped-cropped-Karelia_AMK_logo_RGB-1.png","width":427,"height":116,"caption":"Varhaiskasvatuksen sosionomin osaamiseen valmentavat opinnot"},"image":{"@id":"https:\/\/hankkeet.karelia.fi\/varhaiskasvatuksen-sosionomin-osaamiseen-valmentavat-opinnot\/#\/schema\/logo\/image\/"}}]}},"_links":{"self":[{"href":"https:\/\/hankkeet.karelia.fi\/varhaiskasvatuksen-sosionomin-osaamiseen-valmentavat-opinnot\/wp-json\/wp\/v2\/pages\/19","targetHints":{"allow":["GET"]}}],"collection":[{"href":"https:\/\/hankkeet.karelia.fi\/varhaiskasvatuksen-sosionomin-osaamiseen-valmentavat-opinnot\/wp-json\/wp\/v2\/pages"}],"about":[{"href":"https:\/\/hankkeet.karelia.fi\/varhaiskasvatuksen-sosionomin-osaamiseen-valmentavat-opinnot\/wp-json\/wp\/v2\/types\/page"}],"replies":[{"embeddable":true,"href":"https:\/\/hankkeet.karelia.fi\/varhaiskasvatuksen-sosionomin-osaamiseen-valmentavat-opinnot\/wp-json\/wp\/v2\/comments?post=19"}],"version-history":[{"count":0,"href":"https:\/\/hankkeet.karelia.fi\/varhaiskasvatuksen-sosionomin-osaamiseen-valmentavat-opinnot\/wp-json\/wp\/v2\/pages\/19\/revisions"}],"wp:featuredmedia":[{"embeddable":true,"href":"https:\/\/hankkeet.karelia.fi\/varhaiskasvatuksen-sosionomin-osaamiseen-valmentavat-opinnot\/wp-json\/wp\/v2\/media\/17"}],"wp:attachment":[{"href":"https:\/\/hankkeet.karelia.fi\/varhaiskasvatuksen-sosionomin-osaamiseen-valmentavat-opinnot\/wp-json\/wp\/v2\/media?parent=19"}],"curies":[{"name":"wp","href":"https:\/\/api.w.org\/{rel}","templated":true}]}}